{"id":9962,"date":"2021-06-29T12:18:52","date_gmt":"2021-06-29T10:18:52","guid":{"rendered":"https:\/\/www.tourisme-valdemarne.com\/espace-pro\/?page_id=9962"},"modified":"2021-06-29T16:24:14","modified_gmt":"2021-06-29T14:24:14","slug":"seminaire-star-cities-rome","status":"publish","type":"page","link":"https:\/\/www.tourisme-valdemarne.com\/espace-pro\/expertises-et-projets\/riverside-cities\/star-cities\/seminaire-star-cities-rome\/","title":{"rendered":"S\u00e9minaire STAR Cities \u00e0 Rome"},"content":{"rendered":"\n<p class=\"is-style-excerpt\">Le premier s\u00e9minaire europ\u00e9en STAR Cities s&rsquo;est d\u00e9roul\u00e9 en juillet 2019 \u00e0 Rome et r\u00e9unissait l&rsquo;ensemble des partenaires du projet.<\/p>\n\n\n\n<h2 class=\"wp-block-heading\">S\u00c9MINAIRE EUROP\u00c9EN STAR CITIES<\/h2>\n\n\n\n<p>Pour la seconde fois, apr\u00e8s l\u2019\u00e9v\u00e9nement de lancement du projet en Val-de-Marne, tous les partenaires europ\u00e9ens \u00e9taient de nouveau r\u00e9unis, cette fois \u00e0 Rome, \u00e0 l\u2019invitation de la r\u00e9gion Lazio.<\/p>\n\n\n\n<p>Ce rendez-vous d\u2019une dur\u00e9e de trois jours a permis aux partenaires d\u2019\u00e9changer longuement sur l\u2019avenir du projet Interreg. Au terme de ces journ\u00e9es de travail, ils ont vot\u00e9 et d\u00e9fini un calendrier de s\u00e9minaire th\u00e9matiques qui s\u2019inscrit dans la premi\u00e8re phase du projet. Il d\u00e9terminera les prochains \u00e9v\u00e9nements europ\u00e9ens&nbsp;pr\u00e9vus.<\/p>\n\n\n\n<h3 class=\"wp-block-heading\">Programme des s\u00e9minaires th\u00e9matiques STAR Cities<\/h3>\n\n\n\n<ul class=\"wp-block-list\"><li>Septembre 2019 \u2013 s\u00e9minaire \u00e0 Kaunas (Lituanie) \u2013 \u00ab&nbsp;Engagement et participation des habitants&nbsp;\u00bb<\/li><li>Octobre 2020 \u2013 s\u00e9minaire virtuel organis\u00e9 par Hambourg (Allemagne) \u2013 \u00ab&nbsp;Les produits touristiques et le marketing&nbsp;\u00bb<\/li><li>Octobre 2020 \u2013 s\u00e9minaire virtuel organis\u00e9 par Ljubljana (Slov\u00e9nie) &#8211; \u00ab&nbsp;L\u2019environnement et le d\u00e9veloppement durable&nbsp;\u00bb<\/li><li>F\u00e9vrier 2021 \u2013 s\u00e9minaire virtuel organis\u00e9 par Val-de-Marne Tourisme &amp; Loisirs &#8211; \u00ab&nbsp;La gouvernance et la coop\u00e9ration&nbsp;entre acteurs \u00bb<\/li><\/ul>\n\n\n\n<figure class=\"wp-block-image size-large\"><a href=\"https:\/\/www.tourisme-valdemarne.com\/espace-pro\/wp-content\/uploads\/sites\/3\/2021\/06\/star-cities-seminaire-rome-2.jpg\"><img width=\"1200\" height=\"900\" data-src=\"https:\/\/www.tourisme-valdemarne.com\/espace-pro\/wp-content\/uploads\/sites\/3\/2021\/06\/star-cities-seminaire-rome-2-1200x900.jpg\" alt=\"STAR Cities s\u00e9minaire rome\" class=\"wp-image-9965\" srcset=\"https:\/\/www.tourisme-valdemarne.com\/espace-pro\/wp-content\/uploads\/sites\/3\/2021\/06\/star-cities-seminaire-rome-2-1200x900.jpg 1200w, https:\/\/www.tourisme-valdemarne.com\/espace-pro\/wp-content\/uploads\/sites\/3\/2021\/06\/star-cities-seminaire-rome-2-600x450.jpg 600w, https:\/\/www.tourisme-valdemarne.com\/espace-pro\/wp-content\/uploads\/sites\/3\/2021\/06\/star-cities-seminaire-rome-2-900x675.jpg 900w, https:\/\/www.tourisme-valdemarne.com\/espace-pro\/wp-content\/uploads\/sites\/3\/2021\/06\/star-cities-seminaire-rome-2-1536x1152.jpg 1536w, https:\/\/www.tourisme-valdemarne.com\/espace-pro\/wp-content\/uploads\/sites\/3\/2021\/06\/star-cities-seminaire-rome-2-380x285.jpg 380w, https:\/\/www.tourisme-valdemarne.com\/espace-pro\/wp-content\/uploads\/sites\/3\/2021\/06\/star-cities-seminaire-rome-2-200x150.jpg 200w, https:\/\/www.tourisme-valdemarne.com\/espace-pro\/wp-content\/uploads\/sites\/3\/2021\/06\/star-cities-seminaire-rome-2.jpg 2048w\" sizes=\"(max-width: 1200px) 100vw, 1200px\" \/><\/a><figcaption>Les partenaires STAR Cities r\u00e9unis \u00e0 Rome<\/figcaption><\/figure>\n\n\n\n<p>Les partenaires italiens avaient \u00e9galement pr\u00e9vu plusieurs visites de terrain durant ce s\u00e9minaire pour faire d\u00e9couvrir des bonnes pratiques locales, \u00e0 Rome et en p\u00e9riph\u00e9rie de la capitale italienne.<\/p>\n\n\n\n<div class=\"wp-block-buttons aligncenter is-layout-flex wp-block-buttons-is-layout-flex\">\n<div class=\"wp-block-button\"><a class=\"wp-block-button__link\" href=\"https:\/\/www.interregeurope.eu\/starcities\/news\/news-article\/6199\/first-interregional-learning-session-in-rome\/\" target=\"_blank\" rel=\"noreferrer noopener\">R\u00e9sum\u00e9 complet du s\u00e9minaire (en anglais)<\/a><\/div>\n<\/div>\n\n\n\n<figure class=\"wp-block-embed-youtube wp-block-embed is-type-rich is-provider-prise-en-charge-des-contenus-embarques wp-embed-aspect-16-9 wp-has-aspect-ratio\"><div class=\"wp-block-embed__wrapper\">\n<iframe loading=\"lazy\" title=\"STAR Cities study visits in Rome\" width=\"500\" height=\"281\" src=\"https:\/\/www.youtube.com\/embed\/vuR6xafbbNs?feature=oembed\" frameborder=\"0\" allow=\"accelerometer; autoplay; clipboard-write; encrypted-media; gyroscope; picture-in-picture; web-share\" referrerpolicy=\"strict-origin-when-cross-origin\" allowfullscreen><\/iframe>\n<\/div><\/figure>\n\n\n\n<figure class=\"wp-block-image size-large\"><a href=\"https:\/\/www.tourisme-valdemarne.com\/espace-pro\/wp-content\/uploads\/sites\/3\/2021\/06\/star-cities-seminaire-rome.jpg\"><img width=\"1200\" height=\"900\" data-src=\"https:\/\/www.tourisme-valdemarne.com\/espace-pro\/wp-content\/uploads\/sites\/3\/2021\/06\/star-cities-seminaire-rome-1200x900.jpg\" alt=\"STAR Cities s\u00e9minaire rome\" class=\"wp-image-9966\" srcset=\"https:\/\/www.tourisme-valdemarne.com\/espace-pro\/wp-content\/uploads\/sites\/3\/2021\/06\/star-cities-seminaire-rome-1200x900.jpg 1200w, https:\/\/www.tourisme-valdemarne.com\/espace-pro\/wp-content\/uploads\/sites\/3\/2021\/06\/star-cities-seminaire-rome-600x450.jpg 600w, https:\/\/www.tourisme-valdemarne.com\/espace-pro\/wp-content\/uploads\/sites\/3\/2021\/06\/star-cities-seminaire-rome-900x675.jpg 900w, https:\/\/www.tourisme-valdemarne.com\/espace-pro\/wp-content\/uploads\/sites\/3\/2021\/06\/star-cities-seminaire-rome-1536x1152.jpg 1536w, https:\/\/www.tourisme-valdemarne.com\/espace-pro\/wp-content\/uploads\/sites\/3\/2021\/06\/star-cities-seminaire-rome-380x285.jpg 380w, https:\/\/www.tourisme-valdemarne.com\/espace-pro\/wp-content\/uploads\/sites\/3\/2021\/06\/star-cities-seminaire-rome-200x150.jpg 200w, https:\/\/www.tourisme-valdemarne.com\/espace-pro\/wp-content\/uploads\/sites\/3\/2021\/06\/star-cities-seminaire-rome.jpg 2048w\" sizes=\"(max-width: 1200px) 100vw, 1200px\" \/><\/a><figcaption>S\u00e9minaire STAR Cities \u00e0 Rome<\/figcaption><\/figure>\n","protected":false},"excerpt":{"rendered":"<p>Le premier s\u00e9minaire europ\u00e9en STAR Cities s&rsquo;est d\u00e9roul\u00e9 en juillet 2019 \u00e0 Rome et r\u00e9unissait l&rsquo;ensemble des partenaires du projet. S\u00c9MINAIRE EUROP\u00c9EN STAR CITIES Pour la seconde fois, apr\u00e8s l\u2019\u00e9v\u00e9nement de lancement du projet en Val-de-Marne, tous les partenaires europ\u00e9ens \u00e9taient de nouveau r\u00e9unis, cette fois \u00e0 Rome, \u00e0 l\u2019invitation de la r\u00e9gion Lazio. Ce [&hellip;]<\/p>\n","protected":false},"author":10,"featured_media":0,"parent":920,"menu_order":0,"comment_status":"closed","ping_status":"closed","template":"","meta":{"_relevanssi_hide_post":"","_relevanssi_hide_content":"","_relevanssi_pin_for_all":"","_relevanssi_pin_keywords":"","_relevanssi_unpin_keywords":"","_relevanssi_related_keywords":"","_relevanssi_related_include_ids":"","_relevanssi_related_exclude_ids":"","_relevanssi_related_no_append":"","_relevanssi_related_not_related":"","_relevanssi_related_posts":"8101,8104,8074,2749,8077,8095","_relevanssi_noindex_reason":"","footnotes":""},"vdmTagMarketing":[],"class_list":["post-9962","page","type-page","status-publish","hentry"],"acf":[],"yoast_head":"<!-- This site is optimized with the Yoast SEO plugin v23.9 - https:\/\/yoast.com\/wordpress\/plugins\/seo\/ -->\n<title>S\u00e9minaire STAR Cities \u00e0 Rome - Espace Pro<\/title>\n<meta name=\"description\" content=\"Retour sur le premier s\u00e9minaire STAR Cities \u00e0 Rome en compagnie de tous les partenaires europ\u00e9ens du projet Interreg Europe.\" \/>\n<meta name=\"robots\" content=\"index, follow, max-snippet:-1, max-image-preview:large, max-video-preview:-1\" \/>\n<link rel=\"canonical\" href=\"https:\/\/www.tourisme-valdemarne.com\/espace-pro\/expertises-et-projets\/riverside-cities\/star-cities\/seminaire-star-cities-rome\/\" \/>\n<meta property=\"og:locale\" content=\"fr_FR\" \/>\n<meta property=\"og:type\" content=\"article\" \/>\n<meta property=\"og:title\" content=\"S\u00e9minaire STAR Cities \u00e0 Rome - Espace Pro\" \/>\n<meta property=\"og:description\" content=\"Retour sur le premier s\u00e9minaire STAR Cities \u00e0 Rome en compagnie de tous les partenaires europ\u00e9ens du projet Interreg Europe.\" \/>\n<meta property=\"og:url\" content=\"https:\/\/www.tourisme-valdemarne.com\/espace-pro\/expertises-et-projets\/riverside-cities\/star-cities\/seminaire-star-cities-rome\/\" \/>\n<meta property=\"og:site_name\" content=\"Espace Pro\" \/>\n<meta property=\"article:modified_time\" content=\"2021-06-29T14:24:14+00:00\" \/>\n<meta property=\"og:image\" content=\"https:\/\/www.tourisme-valdemarne.com\/espace-pro\/wp-content\/uploads\/sites\/3\/2021\/06\/star-cities-seminaire-rome-2-1200x900.jpg\" \/>\n<meta name=\"twitter:card\" content=\"summary_large_image\" \/>\n<meta name=\"twitter:label1\" content=\"Dur\u00e9e de lecture estim\u00e9e\" \/>\n\t<meta name=\"twitter:data1\" content=\"1 minute\" \/>\n<script type=\"application\/ld+json\" class=\"yoast-schema-graph\">{\"@context\":\"https:\/\/schema.org\",\"@graph\":[{\"@type\":\"WebPage\",\"@id\":\"https:\/\/www.tourisme-valdemarne.com\/espace-pro\/expertises-et-projets\/riverside-cities\/star-cities\/seminaire-star-cities-rome\/\",\"url\":\"https:\/\/www.tourisme-valdemarne.com\/espace-pro\/expertises-et-projets\/riverside-cities\/star-cities\/seminaire-star-cities-rome\/\",\"name\":\"S\u00e9minaire STAR Cities \u00e0 Rome - Espace Pro\",\"isPartOf\":{\"@id\":\"https:\/\/www.tourisme-valdemarne.com\/espace-pro\/#website\"},\"primaryImageOfPage\":{\"@id\":\"https:\/\/www.tourisme-valdemarne.com\/espace-pro\/expertises-et-projets\/riverside-cities\/star-cities\/seminaire-star-cities-rome\/#primaryimage\"},\"image\":{\"@id\":\"https:\/\/www.tourisme-valdemarne.com\/espace-pro\/expertises-et-projets\/riverside-cities\/star-cities\/seminaire-star-cities-rome\/#primaryimage\"},\"thumbnailUrl\":\"https:\/\/www.tourisme-valdemarne.com\/espace-pro\/wp-content\/uploads\/sites\/3\/2021\/06\/star-cities-seminaire-rome-2-1200x900.jpg\",\"datePublished\":\"2021-06-29T10:18:52+00:00\",\"dateModified\":\"2021-06-29T14:24:14+00:00\",\"description\":\"Retour sur le premier s\u00e9minaire STAR Cities \u00e0 Rome en compagnie de tous les partenaires europ\u00e9ens du projet Interreg Europe.\",\"breadcrumb\":{\"@id\":\"https:\/\/www.tourisme-valdemarne.com\/espace-pro\/expertises-et-projets\/riverside-cities\/star-cities\/seminaire-star-cities-rome\/#breadcrumb\"},\"inLanguage\":\"fr-FR\",\"potentialAction\":[{\"@type\":\"ReadAction\",\"target\":[\"https:\/\/www.tourisme-valdemarne.com\/espace-pro\/expertises-et-projets\/riverside-cities\/star-cities\/seminaire-star-cities-rome\/\"]}]},{\"@type\":\"ImageObject\",\"inLanguage\":\"fr-FR\",\"@id\":\"https:\/\/www.tourisme-valdemarne.com\/espace-pro\/expertises-et-projets\/riverside-cities\/star-cities\/seminaire-star-cities-rome\/#primaryimage\",\"url\":\"https:\/\/www.tourisme-valdemarne.com\/espace-pro\/wp-content\/uploads\/sites\/3\/2021\/06\/star-cities-seminaire-rome-2.jpg\",\"contentUrl\":\"https:\/\/www.tourisme-valdemarne.com\/espace-pro\/wp-content\/uploads\/sites\/3\/2021\/06\/star-cities-seminaire-rome-2.jpg\",\"width\":2048,\"height\":1536,\"caption\":\"Les partenaires STAR Cities r\u00e9unis \u00e0 Rome\"},{\"@type\":\"BreadcrumbList\",\"@id\":\"https:\/\/www.tourisme-valdemarne.com\/espace-pro\/expertises-et-projets\/riverside-cities\/star-cities\/seminaire-star-cities-rome\/#breadcrumb\",\"itemListElement\":[{\"@type\":\"ListItem\",\"position\":1,\"name\":\"Accueil\",\"item\":\"https:\/\/www.tourisme-valdemarne.com\/espace-pro\/\"},{\"@type\":\"ListItem\",\"position\":2,\"name\":\"Expertises et projets\",\"item\":\"https:\/\/www.tourisme-valdemarne.com\/espace-pro\/expertises-et-projets\/\"},{\"@type\":\"ListItem\",\"position\":3,\"name\":\"Riverside Cities\",\"item\":\"https:\/\/www.tourisme-valdemarne.com\/espace-pro\/expertises-et-projets\/riverside-cities\/\"},{\"@type\":\"ListItem\",\"position\":4,\"name\":\"Projet europ\u00e9en Star Cities\",\"item\":\"https:\/\/www.tourisme-valdemarne.com\/espace-pro\/expertises-et-projets\/riverside-cities\/star-cities\/\"},{\"@type\":\"ListItem\",\"position\":5,\"name\":\"S\u00e9minaire STAR Cities \u00e0 Rome\"}]},{\"@type\":\"WebSite\",\"@id\":\"https:\/\/www.tourisme-valdemarne.com\/espace-pro\/#website\",\"url\":\"https:\/\/www.tourisme-valdemarne.com\/espace-pro\/\",\"name\":\"Espace Pro\",\"description\":\"Informations et outils pour les professionnels et la Presse\",\"potentialAction\":[{\"@type\":\"SearchAction\",\"target\":{\"@type\":\"EntryPoint\",\"urlTemplate\":\"https:\/\/www.tourisme-valdemarne.com\/espace-pro\/?s={search_term_string}\"},\"query-input\":{\"@type\":\"PropertyValueSpecification\",\"valueRequired\":true,\"valueName\":\"search_term_string\"}}],\"inLanguage\":\"fr-FR\"}]}<\/script>\n<!-- \/ Yoast SEO plugin. -->","yoast_head_json":{"title":"S\u00e9minaire STAR Cities \u00e0 Rome - Espace Pro","description":"Retour sur le premier s\u00e9minaire STAR Cities \u00e0 Rome en compagnie de tous les partenaires europ\u00e9ens du projet Interreg Europe.","robots":{"index":"index","follow":"follow","max-snippet":"max-snippet:-1","max-image-preview":"max-image-preview:large","max-video-preview":"max-video-preview:-1"},"canonical":"https:\/\/www.tourisme-valdemarne.com\/espace-pro\/expertises-et-projets\/riverside-cities\/star-cities\/seminaire-star-cities-rome\/","og_locale":"fr_FR","og_type":"article","og_title":"S\u00e9minaire STAR Cities \u00e0 Rome - Espace Pro","og_description":"Retour sur le premier s\u00e9minaire STAR Cities \u00e0 Rome en compagnie de tous les partenaires europ\u00e9ens du projet Interreg Europe.","og_url":"https:\/\/www.tourisme-valdemarne.com\/espace-pro\/expertises-et-projets\/riverside-cities\/star-cities\/seminaire-star-cities-rome\/","og_site_name":"Espace Pro","article_modified_time":"2021-06-29T14:24:14+00:00","og_image":[{"url":"https:\/\/www.tourisme-valdemarne.com\/espace-pro\/wp-content\/uploads\/sites\/3\/2021\/06\/star-cities-seminaire-rome-2-1200x900.jpg"}],"twitter_card":"summary_large_image","twitter_misc":{"Dur\u00e9e de lecture estim\u00e9e":"1 minute"},"schema":{"@context":"https:\/\/schema.org","@graph":[{"@type":"WebPage","@id":"https:\/\/www.tourisme-valdemarne.com\/espace-pro\/expertises-et-projets\/riverside-cities\/star-cities\/seminaire-star-cities-rome\/","url":"https:\/\/www.tourisme-valdemarne.com\/espace-pro\/expertises-et-projets\/riverside-cities\/star-cities\/seminaire-star-cities-rome\/","name":"S\u00e9minaire STAR Cities \u00e0 Rome - Espace Pro","isPartOf":{"@id":"https:\/\/www.tourisme-valdemarne.com\/espace-pro\/#website"},"primaryImageOfPage":{"@id":"https:\/\/www.tourisme-valdemarne.com\/espace-pro\/expertises-et-projets\/riverside-cities\/star-cities\/seminaire-star-cities-rome\/#primaryimage"},"image":{"@id":"https:\/\/www.tourisme-valdemarne.com\/espace-pro\/expertises-et-projets\/riverside-cities\/star-cities\/seminaire-star-cities-rome\/#primaryimage"},"thumbnailUrl":"https:\/\/www.tourisme-valdemarne.com\/espace-pro\/wp-content\/uploads\/sites\/3\/2021\/06\/star-cities-seminaire-rome-2-1200x900.jpg","datePublished":"2021-06-29T10:18:52+00:00","dateModified":"2021-06-29T14:24:14+00:00","description":"Retour sur le premier s\u00e9minaire STAR Cities \u00e0 Rome en compagnie de tous les partenaires europ\u00e9ens du projet Interreg Europe.","breadcrumb":{"@id":"https:\/\/www.tourisme-valdemarne.com\/espace-pro\/expertises-et-projets\/riverside-cities\/star-cities\/seminaire-star-cities-rome\/#breadcrumb"},"inLanguage":"fr-FR","potentialAction":[{"@type":"ReadAction","target":["https:\/\/www.tourisme-valdemarne.com\/espace-pro\/expertises-et-projets\/riverside-cities\/star-cities\/seminaire-star-cities-rome\/"]}]},{"@type":"ImageObject","inLanguage":"fr-FR","@id":"https:\/\/www.tourisme-valdemarne.com\/espace-pro\/expertises-et-projets\/riverside-cities\/star-cities\/seminaire-star-cities-rome\/#primaryimage","url":"https:\/\/www.tourisme-valdemarne.com\/espace-pro\/wp-content\/uploads\/sites\/3\/2021\/06\/star-cities-seminaire-rome-2.jpg","contentUrl":"https:\/\/www.tourisme-valdemarne.com\/espace-pro\/wp-content\/uploads\/sites\/3\/2021\/06\/star-cities-seminaire-rome-2.jpg","width":2048,"height":1536,"caption":"Les partenaires STAR Cities r\u00e9unis \u00e0 Rome"},{"@type":"BreadcrumbList","@id":"https:\/\/www.tourisme-valdemarne.com\/espace-pro\/expertises-et-projets\/riverside-cities\/star-cities\/seminaire-star-cities-rome\/#breadcrumb","itemListElement":[{"@type":"ListItem","position":1,"name":"Accueil","item":"https:\/\/www.tourisme-valdemarne.com\/espace-pro\/"},{"@type":"ListItem","position":2,"name":"Expertises et projets","item":"https:\/\/www.tourisme-valdemarne.com\/espace-pro\/expertises-et-projets\/"},{"@type":"ListItem","position":3,"name":"Riverside Cities","item":"https:\/\/www.tourisme-valdemarne.com\/espace-pro\/expertises-et-projets\/riverside-cities\/"},{"@type":"ListItem","position":4,"name":"Projet europ\u00e9en Star Cities","item":"https:\/\/www.tourisme-valdemarne.com\/espace-pro\/expertises-et-projets\/riverside-cities\/star-cities\/"},{"@type":"ListItem","position":5,"name":"S\u00e9minaire STAR Cities \u00e0 Rome"}]},{"@type":"WebSite","@id":"https:\/\/www.tourisme-valdemarne.com\/espace-pro\/#website","url":"https:\/\/www.tourisme-valdemarne.com\/espace-pro\/","name":"Espace Pro","description":"Informations et outils pour les professionnels et la Presse","potentialAction":[{"@type":"SearchAction","target":{"@type":"EntryPoint","urlTemplate":"https:\/\/www.tourisme-valdemarne.com\/espace-pro\/?s={search_term_string}"},"query-input":{"@type":"PropertyValueSpecification","valueRequired":true,"valueName":"search_term_string"}}],"inLanguage":"fr-FR"}]}},"_links":{"self":[{"href":"https:\/\/www.tourisme-valdemarne.com\/espace-pro\/wp-json\/wp\/v2\/pages\/9962","targetHints":{"allow":["GET"]}}],"collection":[{"href":"https:\/\/www.tourisme-valdemarne.com\/espace-pro\/wp-json\/wp\/v2\/pages"}],"about":[{"href":"https:\/\/www.tourisme-valdemarne.com\/espace-pro\/wp-json\/wp\/v2\/types\/page"}],"author":[{"embeddable":true,"href":"https:\/\/www.tourisme-valdemarne.com\/espace-pro\/wp-json\/wp\/v2\/users\/10"}],"replies":[{"embeddable":true,"href":"https:\/\/www.tourisme-valdemarne.com\/espace-pro\/wp-json\/wp\/v2\/comments?post=9962"}],"version-history":[{"count":9,"href":"https:\/\/www.tourisme-valdemarne.com\/espace-pro\/wp-json\/wp\/v2\/pages\/9962\/revisions"}],"predecessor-version":[{"id":9979,"href":"https:\/\/www.tourisme-valdemarne.com\/espace-pro\/wp-json\/wp\/v2\/pages\/9962\/revisions\/9979"}],"up":[{"embeddable":true,"href":"https:\/\/www.tourisme-valdemarne.com\/espace-pro\/wp-json\/wp\/v2\/pages\/920"}],"wp:attachment":[{"href":"https:\/\/www.tourisme-valdemarne.com\/espace-pro\/wp-json\/wp\/v2\/media?parent=9962"}],"wp:term":[{"taxonomy":"vdmTagMarketing","embeddable":true,"href":"https:\/\/www.tourisme-valdemarne.com\/espace-pro\/wp-json\/wp\/v2\/vdmTagMarketing?post=9962"}],"curies":[{"name":"wp","href":"https:\/\/api.w.org\/{rel}","templated":true}]}}