{"id":992,"date":"2019-05-14T11:54:28","date_gmt":"2019-05-14T09:54:28","guid":{"rendered":"https:\/\/www.tourisme-valdemarne.com\/espace-pro\/lieux-de-tournages"},"modified":"2019-06-17T12:09:53","modified_gmt":"2019-06-17T10:09:53","slug":"lieux-de-tournages","status":"publish","type":"page","link":"https:\/\/www.tourisme-valdemarne.com\/espace-pro\/outils-a-votre-service\/tournage-de-films\/lieux-de-tournages\/","title":{"rendered":"Lieux de tournages"},"content":{"rendered":"\n<p class=\"is-style-excerpt\">Le territoire val-de-marnais a accueilli de nombreux tournages de films gr\u00e2ce au rayonnement international de ses studios de cin\u00e9ma.<\/p>\n\n\n\n<p>D\u00e9couvrez les films tourn\u00e9s en Val-de-Marne, class\u00e9 par date :<\/p>\n\n\n\n<div class=\"wp-block-button aligncenter is-style-download\"><a class=\"wp-block-button__link\" href=\"https:\/\/www.tourisme-valdemarne.com\/wp-content\/uploads\/2019\/05\/films-tournes-94-date.pdf\">Films tourn\u00e9s par date<\/a><\/div>\n\n\n\n<p>Vous \u00eates curieux de savoir si votre ville a \u00e9t\u00e9 le lieu d&rsquo;incroyables sc\u00e8nes de cin\u00e9ma ? Consultez notre document recensant les films tourn\u00e9s dans le Val-de-Marne, class\u00e9 selon les villes :<\/p>\n\n\n\n<div class=\"wp-block-button aligncenter is-style-download\"><a class=\"wp-block-button__link\" href=\"https:\/\/www.tourisme-valdemarne.com\/espace-pro\/wp-content\/uploads\/sites\/3\/2019\/06\/films-tournes-94-ville.pdf\">films tourn\u00e9s par ville<\/a><\/div>\n\n\n\n<p class=\"is-style-highlight\">Le cin\u00e9ma et le Val-de-Marne sont in\u00e9vitablement li\u00e9s depuis de nombreuses ann\u00e9es, plongez-vous dans l&rsquo;histoire des <a href=\"https:\/\/www.tourisme-valdemarne.com\/espace-pro\/outils-a-votre-service\/tournage-de-films\/\">tournages de films en Val-de-Marne<\/a>.<\/p>\n","protected":false},"excerpt":{"rendered":"<p>Le territoire val-de-marnais a accueilli de nombreux tournages de films gr\u00e2ce au rayonnement international de ses studios de cin\u00e9ma. D\u00e9couvrez les films tourn\u00e9s en Val-de-Marne, class\u00e9 par date : Vous \u00eates curieux de savoir si votre ville a \u00e9t\u00e9 le lieu d&rsquo;incroyables sc\u00e8nes de cin\u00e9ma ? Consultez notre document recensant les films tourn\u00e9s dans le [&hellip;]<\/p>\n","protected":false},"author":1,"featured_media":6196,"parent":165,"menu_order":30,"comment_status":"closed","ping_status":"closed","template":"","meta":{"_relevanssi_hide_post":"","_relevanssi_hide_content":"","_relevanssi_pin_for_all":"","_relevanssi_pin_keywords":"","_relevanssi_unpin_keywords":"","_relevanssi_related_keywords":"","_relevanssi_related_include_ids":"","_relevanssi_related_exclude_ids":"","_relevanssi_related_no_append":"","_relevanssi_related_not_related":"","_relevanssi_related_posts":"","_relevanssi_noindex_reason":"","footnotes":""},"vdmTagMarketing":[],"class_list":["post-992","page","type-page","status-publish","has-post-thumbnail","hentry"],"acf":[],"yoast_head":"<!-- This site is optimized with the Yoast SEO plugin v23.9 - https:\/\/yoast.com\/wordpress\/plugins\/seo\/ -->\n<title>Lieux de tournages - Espace Pro<\/title>\n<meta name=\"robots\" content=\"index, follow, max-snippet:-1, max-image-preview:large, max-video-preview:-1\" \/>\n<link rel=\"canonical\" href=\"https:\/\/www.tourisme-valdemarne.com\/espace-pro\/outils-a-votre-service\/tournage-de-films\/lieux-de-tournages\/\" \/>\n<meta property=\"og:locale\" content=\"fr_FR\" \/>\n<meta property=\"og:type\" content=\"article\" \/>\n<meta property=\"og:title\" content=\"Lieux de tournages - Espace Pro\" \/>\n<meta property=\"og:description\" content=\"Le territoire val-de-marnais a accueilli de nombreux tournages de films gr\u00e2ce au rayonnement international de ses studios de cin\u00e9ma. D\u00e9couvrez les films tourn\u00e9s en Val-de-Marne, class\u00e9 par date : Vous \u00eates curieux de savoir si votre ville a \u00e9t\u00e9 le lieu d&rsquo;incroyables sc\u00e8nes de cin\u00e9ma ? Consultez notre document recensant les films tourn\u00e9s dans le [&hellip;]\" \/>\n<meta property=\"og:url\" content=\"https:\/\/www.tourisme-valdemarne.com\/espace-pro\/outils-a-votre-service\/tournage-de-films\/lieux-de-tournages\/\" \/>\n<meta property=\"og:site_name\" content=\"Espace Pro\" \/>\n<meta property=\"article:modified_time\" content=\"2019-06-17T10:09:53+00:00\" \/>\n<meta property=\"og:image\" content=\"https:\/\/www.tourisme-valdemarne.com\/espace-pro\/wp-content\/uploads\/sites\/3\/2019\/06\/cinema-joinville-le-pont.jpg\" \/>\n\t<meta property=\"og:image:width\" content=\"1600\" \/>\n\t<meta property=\"og:image:height\" content=\"1200\" \/>\n\t<meta property=\"og:image:type\" content=\"image\/jpeg\" \/>\n<meta name=\"twitter:card\" content=\"summary_large_image\" \/>\n<meta name=\"twitter:label1\" content=\"Dur\u00e9e de lecture estim\u00e9e\" \/>\n\t<meta name=\"twitter:data1\" content=\"1 minute\" \/>\n<script type=\"application\/ld+json\" class=\"yoast-schema-graph\">{\"@context\":\"https:\/\/schema.org\",\"@graph\":[{\"@type\":\"WebPage\",\"@id\":\"https:\/\/www.tourisme-valdemarne.com\/espace-pro\/outils-a-votre-service\/tournage-de-films\/lieux-de-tournages\/\",\"url\":\"https:\/\/www.tourisme-valdemarne.com\/espace-pro\/outils-a-votre-service\/tournage-de-films\/lieux-de-tournages\/\",\"name\":\"Lieux de tournages - Espace Pro\",\"isPartOf\":{\"@id\":\"https:\/\/www.tourisme-valdemarne.com\/espace-pro\/#website\"},\"primaryImageOfPage\":{\"@id\":\"https:\/\/www.tourisme-valdemarne.com\/espace-pro\/outils-a-votre-service\/tournage-de-films\/lieux-de-tournages\/#primaryimage\"},\"image\":{\"@id\":\"https:\/\/www.tourisme-valdemarne.com\/espace-pro\/outils-a-votre-service\/tournage-de-films\/lieux-de-tournages\/#primaryimage\"},\"thumbnailUrl\":\"https:\/\/www.tourisme-valdemarne.com\/espace-pro\/wp-content\/uploads\/sites\/3\/2019\/06\/cinema-joinville-le-pont.jpg\",\"datePublished\":\"2019-05-14T09:54:28+00:00\",\"dateModified\":\"2019-06-17T10:09:53+00:00\",\"breadcrumb\":{\"@id\":\"https:\/\/www.tourisme-valdemarne.com\/espace-pro\/outils-a-votre-service\/tournage-de-films\/lieux-de-tournages\/#breadcrumb\"},\"inLanguage\":\"fr-FR\",\"potentialAction\":[{\"@type\":\"ReadAction\",\"target\":[\"https:\/\/www.tourisme-valdemarne.com\/espace-pro\/outils-a-votre-service\/tournage-de-films\/lieux-de-tournages\/\"]}]},{\"@type\":\"ImageObject\",\"inLanguage\":\"fr-FR\",\"@id\":\"https:\/\/www.tourisme-valdemarne.com\/espace-pro\/outils-a-votre-service\/tournage-de-films\/lieux-de-tournages\/#primaryimage\",\"url\":\"https:\/\/www.tourisme-valdemarne.com\/espace-pro\/wp-content\/uploads\/sites\/3\/2019\/06\/cinema-joinville-le-pont.jpg\",\"contentUrl\":\"https:\/\/www.tourisme-valdemarne.com\/espace-pro\/wp-content\/uploads\/sites\/3\/2019\/06\/cinema-joinville-le-pont.jpg\",\"width\":1600,\"height\":1200,\"caption\":\"Studios de Joinville-le-Pont \u00a9 CDT94\"},{\"@type\":\"BreadcrumbList\",\"@id\":\"https:\/\/www.tourisme-valdemarne.com\/espace-pro\/outils-a-votre-service\/tournage-de-films\/lieux-de-tournages\/#breadcrumb\",\"itemListElement\":[{\"@type\":\"ListItem\",\"position\":1,\"name\":\"Accueil\",\"item\":\"https:\/\/www.tourisme-valdemarne.com\/espace-pro\/\"},{\"@type\":\"ListItem\",\"position\":2,\"name\":\"Outils \u00e0 votre service\",\"item\":\"https:\/\/www.tourisme-valdemarne.com\/espace-pro\/outils-a-votre-service\/\"},{\"@type\":\"ListItem\",\"position\":3,\"name\":\"Tournage de films en Val-de-Marne\",\"item\":\"https:\/\/www.tourisme-valdemarne.com\/espace-pro\/outils-a-votre-service\/tournage-de-films\/\"},{\"@type\":\"ListItem\",\"position\":4,\"name\":\"Lieux de tournages\"}]},{\"@type\":\"WebSite\",\"@id\":\"https:\/\/www.tourisme-valdemarne.com\/espace-pro\/#website\",\"url\":\"https:\/\/www.tourisme-valdemarne.com\/espace-pro\/\",\"name\":\"Espace Pro\",\"description\":\"Informations et outils pour les professionnels et la Presse\",\"potentialAction\":[{\"@type\":\"SearchAction\",\"target\":{\"@type\":\"EntryPoint\",\"urlTemplate\":\"https:\/\/www.tourisme-valdemarne.com\/espace-pro\/?s={search_term_string}\"},\"query-input\":{\"@type\":\"PropertyValueSpecification\",\"valueRequired\":true,\"valueName\":\"search_term_string\"}}],\"inLanguage\":\"fr-FR\"}]}<\/script>\n<!-- \/ Yoast SEO plugin. -->","yoast_head_json":{"title":"Lieux de tournages - Espace Pro","robots":{"index":"index","follow":"follow","max-snippet":"max-snippet:-1","max-image-preview":"max-image-preview:large","max-video-preview":"max-video-preview:-1"},"canonical":"https:\/\/www.tourisme-valdemarne.com\/espace-pro\/outils-a-votre-service\/tournage-de-films\/lieux-de-tournages\/","og_locale":"fr_FR","og_type":"article","og_title":"Lieux de tournages - Espace Pro","og_description":"Le territoire val-de-marnais a accueilli de nombreux tournages de films gr\u00e2ce au rayonnement international de ses studios de cin\u00e9ma. D\u00e9couvrez les films tourn\u00e9s en Val-de-Marne, class\u00e9 par date : Vous \u00eates curieux de savoir si votre ville a \u00e9t\u00e9 le lieu d&rsquo;incroyables sc\u00e8nes de cin\u00e9ma ? Consultez notre document recensant les films tourn\u00e9s dans le [&hellip;]","og_url":"https:\/\/www.tourisme-valdemarne.com\/espace-pro\/outils-a-votre-service\/tournage-de-films\/lieux-de-tournages\/","og_site_name":"Espace Pro","article_modified_time":"2019-06-17T10:09:53+00:00","og_image":[{"width":1600,"height":1200,"url":"https:\/\/www.tourisme-valdemarne.com\/espace-pro\/wp-content\/uploads\/sites\/3\/2019\/06\/cinema-joinville-le-pont.jpg","type":"image\/jpeg"}],"twitter_card":"summary_large_image","twitter_misc":{"Dur\u00e9e de lecture estim\u00e9e":"1 minute"},"schema":{"@context":"https:\/\/schema.org","@graph":[{"@type":"WebPage","@id":"https:\/\/www.tourisme-valdemarne.com\/espace-pro\/outils-a-votre-service\/tournage-de-films\/lieux-de-tournages\/","url":"https:\/\/www.tourisme-valdemarne.com\/espace-pro\/outils-a-votre-service\/tournage-de-films\/lieux-de-tournages\/","name":"Lieux de tournages - Espace Pro","isPartOf":{"@id":"https:\/\/www.tourisme-valdemarne.com\/espace-pro\/#website"},"primaryImageOfPage":{"@id":"https:\/\/www.tourisme-valdemarne.com\/espace-pro\/outils-a-votre-service\/tournage-de-films\/lieux-de-tournages\/#primaryimage"},"image":{"@id":"https:\/\/www.tourisme-valdemarne.com\/espace-pro\/outils-a-votre-service\/tournage-de-films\/lieux-de-tournages\/#primaryimage"},"thumbnailUrl":"https:\/\/www.tourisme-valdemarne.com\/espace-pro\/wp-content\/uploads\/sites\/3\/2019\/06\/cinema-joinville-le-pont.jpg","datePublished":"2019-05-14T09:54:28+00:00","dateModified":"2019-06-17T10:09:53+00:00","breadcrumb":{"@id":"https:\/\/www.tourisme-valdemarne.com\/espace-pro\/outils-a-votre-service\/tournage-de-films\/lieux-de-tournages\/#breadcrumb"},"inLanguage":"fr-FR","potentialAction":[{"@type":"ReadAction","target":["https:\/\/www.tourisme-valdemarne.com\/espace-pro\/outils-a-votre-service\/tournage-de-films\/lieux-de-tournages\/"]}]},{"@type":"ImageObject","inLanguage":"fr-FR","@id":"https:\/\/www.tourisme-valdemarne.com\/espace-pro\/outils-a-votre-service\/tournage-de-films\/lieux-de-tournages\/#primaryimage","url":"https:\/\/www.tourisme-valdemarne.com\/espace-pro\/wp-content\/uploads\/sites\/3\/2019\/06\/cinema-joinville-le-pont.jpg","contentUrl":"https:\/\/www.tourisme-valdemarne.com\/espace-pro\/wp-content\/uploads\/sites\/3\/2019\/06\/cinema-joinville-le-pont.jpg","width":1600,"height":1200,"caption":"Studios de Joinville-le-Pont \u00a9 CDT94"},{"@type":"BreadcrumbList","@id":"https:\/\/www.tourisme-valdemarne.com\/espace-pro\/outils-a-votre-service\/tournage-de-films\/lieux-de-tournages\/#breadcrumb","itemListElement":[{"@type":"ListItem","position":1,"name":"Accueil","item":"https:\/\/www.tourisme-valdemarne.com\/espace-pro\/"},{"@type":"ListItem","position":2,"name":"Outils \u00e0 votre service","item":"https:\/\/www.tourisme-valdemarne.com\/espace-pro\/outils-a-votre-service\/"},{"@type":"ListItem","position":3,"name":"Tournage de films en Val-de-Marne","item":"https:\/\/www.tourisme-valdemarne.com\/espace-pro\/outils-a-votre-service\/tournage-de-films\/"},{"@type":"ListItem","position":4,"name":"Lieux de tournages"}]},{"@type":"WebSite","@id":"https:\/\/www.tourisme-valdemarne.com\/espace-pro\/#website","url":"https:\/\/www.tourisme-valdemarne.com\/espace-pro\/","name":"Espace Pro","description":"Informations et outils pour les professionnels et la Presse","potentialAction":[{"@type":"SearchAction","target":{"@type":"EntryPoint","urlTemplate":"https:\/\/www.tourisme-valdemarne.com\/espace-pro\/?s={search_term_string}"},"query-input":{"@type":"PropertyValueSpecification","valueRequired":true,"valueName":"search_term_string"}}],"inLanguage":"fr-FR"}]}},"_links":{"self":[{"href":"https:\/\/www.tourisme-valdemarne.com\/espace-pro\/wp-json\/wp\/v2\/pages\/992","targetHints":{"allow":["GET"]}}],"collection":[{"href":"https:\/\/www.tourisme-valdemarne.com\/espace-pro\/wp-json\/wp\/v2\/pages"}],"about":[{"href":"https:\/\/www.tourisme-valdemarne.com\/espace-pro\/wp-json\/wp\/v2\/types\/page"}],"author":[{"embeddable":true,"href":"https:\/\/www.tourisme-valdemarne.com\/espace-pro\/wp-json\/wp\/v2\/users\/1"}],"replies":[{"embeddable":true,"href":"https:\/\/www.tourisme-valdemarne.com\/espace-pro\/wp-json\/wp\/v2\/comments?post=992"}],"version-history":[{"count":2,"href":"https:\/\/www.tourisme-valdemarne.com\/espace-pro\/wp-json\/wp\/v2\/pages\/992\/revisions"}],"predecessor-version":[{"id":6195,"href":"https:\/\/www.tourisme-valdemarne.com\/espace-pro\/wp-json\/wp\/v2\/pages\/992\/revisions\/6195"}],"up":[{"embeddable":true,"href":"https:\/\/www.tourisme-valdemarne.com\/espace-pro\/wp-json\/wp\/v2\/pages\/165"}],"wp:featuredmedia":[{"embeddable":true,"href":"https:\/\/www.tourisme-valdemarne.com\/espace-pro\/wp-json\/wp\/v2\/media\/6196"}],"wp:attachment":[{"href":"https:\/\/www.tourisme-valdemarne.com\/espace-pro\/wp-json\/wp\/v2\/media?parent=992"}],"wp:term":[{"taxonomy":"vdmTagMarketing","embeddable":true,"href":"https:\/\/www.tourisme-valdemarne.com\/espace-pro\/wp-json\/wp\/v2\/vdmTagMarketing?post=992"}],"curies":[{"name":"wp","href":"https:\/\/api.w.org\/{rel}","templated":true}]}}