{"id":97,"date":"2019-04-16T16:02:50","date_gmt":"2019-04-16T14:02:50","guid":{"rendered":"https:\/\/www.tourisme-valdemarne.com\/espace-pro\/rencontres-du-tourisme-2014"},"modified":"2024-02-12T14:09:25","modified_gmt":"2024-02-12T13:09:25","slug":"rencontres-du-tourisme-2014","status":"publish","type":"page","link":"https:\/\/www.tourisme-valdemarne.com\/espace-pro\/qui-sommes-nous\/rencontres-du-tourisme\/rencontres-du-tourisme-2014\/","title":{"rendered":"Rencontres du tourisme 2014"},"content":{"rendered":"\n<p class=\"is-style-excerpt\">Au programme de ces Rencontres du tourisme 2014 en Val-de-Marne : l&rsquo;innovation dans le tourisme !<\/p>\n\n\n\n<p>Le 23 septembre, pr\u00e8s d&rsquo;une centaine de participants ont assist\u00e9 aux  Rencontres du tourisme qui se sont d\u00e9roul\u00e9es au centre de conf\u00e9rences de  l&rsquo;a\u00e9roport de Paris-Orly. <\/p>\n\n\n\n<h2 class=\"wp-block-heading\">Retour sur le programme 2014<\/h2>\n\n\n\n<ul class=\"wp-block-list\"><li>mots d\u2019accueil de <strong>Franck Mereyde<\/strong>, directeur de l\u2019a\u00e9roport d\u2019Orly et de <strong>Gilles Saint-Gal<\/strong>, pr\u00e9sident de Val-de-Marne Tourisme &amp; Loisirs. Retrouvez ici le <a rel=\"noreferrer noopener\" aria-label=\"discours de G. Saint-Gal (s\u2019ouvre dans un nouvel onglet)\" href=\"https:\/\/www.tourisme-valdemarne.com\/espace-pro\/wp-content\/uploads\/sites\/3\/2019\/04\/discours-des-rencontres-du-tourisme.pdf\" target=\"_blank\">discours de G. Saint-Gal<\/a>. <\/li><li>une table-ronde sur \u00ab\u00a0<strong>l&rsquo;innovation dans le tourisme<\/strong>\u00a0\u00bb avec <strong>Laurent Queige<\/strong>, d\u00e9l\u00e9gu\u00e9 g\u00e9n\u00e9ral du Welcome City Lab, <strong>Yann Gozlan<\/strong>, pr\u00e9sident de Cr\u00e9ative Valley, <strong>Marc Spielrein<\/strong>, pr\u00e9sident du directoire de l\u2019Agence de d\u00e9veloppement Paris Val-de-Marne  et <strong>Romain Gaultier<\/strong>, charg\u00e9 de projets Innovation et Industries  Culturelles et Cr\u00e9atives \u00e0 la Direction du D\u00e9veloppement \u00e9conomique et  de l\u2019Emploi au Conseil g\u00e9n\u00e9ral du Val-de-Marne. <\/li><li>le projet d&rsquo;<strong>Itin\u00e9raire culturel europ\u00e9en sur les boucles de la Marne<\/strong>. Retrouvez ici la <a rel=\"noreferrer noopener\" aria-label=\"pr\u00e9sentation de l'ICE (s\u2019ouvre dans un nouvel onglet)\" href=\"https:\/\/www.tourisme-valdemarne.com\/espace-pro\/wp-content\/uploads\/sites\/3\/2019\/04\/mcc-heritage_presentation-23-sept-acteurs-touristiques.pdf\" target=\"_blank\">pr\u00e9sentation de l&rsquo;ICE<\/a> par <strong>Sylvie Guerra<\/strong> du cabinet MCC H\u00e9ritage. <\/li><li>les <strong>nouvelles actions de Val-de-Marne Tourisme &amp; Loisirs<\/strong>. Retrouvez ici la <a href=\"https:\/\/www.tourisme-valdemarne.com\/espace-pro\/wp-content\/uploads\/sites\/3\/2019\/05\/rencontres-tourisme-23_09_2014.pdf\" target=\"_blank\" rel=\"noreferrer noopener\" aria-label=\"pr\u00e9sentation du plan d'actions 2014 (s\u2019ouvre dans un nouvel onglet)\">pr\u00e9sentation du plan d&rsquo;actions 2014<\/a> par <strong>H\u00e9l\u00e8ne Sallet-Lavorel<\/strong>, directrice de Val-de-Marne Tourisme &amp; Loisirs, ainsi que le<a rel=\"noreferrer noopener\" aria-label=\"pdf du Rapport d'activit\u00e9s 2013 \/ plan d'actions 2014 (s\u2019ouvre dans un nouvel onglet)\" href=\"https:\/\/www.tourisme-valdemarne.com\/espace-pro\/qui-sommes-nous\/rapports-dactivite-plan-dactions\/\" target=\"_blank\"> Rapport d&rsquo;activit\u00e9s 2013 \/ plan d&rsquo;actions 2014<\/a>. <\/li><li>le <strong>club h\u00f4telier Rungis-Orly Val-de-Marne<\/strong>, pr\u00e9sent\u00e9 par <strong>Christophe Arietano<\/strong>, CHRO et directeur du Kyriad Orly-Rungis. <\/li><\/ul>\n\n\n\n<figure class=\"wp-block-image\"><a href=\"https:\/\/www.tourisme-valdemarne.com\/espace-pro\/wp-content\/uploads\/sites\/3\/2019\/04\/rencontres-tourisme-2014-3-cp-agence-de-developpement-val-de-marne.jpg\"><img width=\"1200\" height=\"900\" data-src=\"https:\/\/www.tourisme-valdemarne.com\/espace-pro\/wp-content\/uploads\/sites\/3\/2019\/04\/rencontres-tourisme-2014-3-cp-agence-de-developpement-val-de-marne-1200x900.jpg\" alt=\"Rencontres du tourisme 2014\" class=\"wp-image-559\" srcset=\"https:\/\/www.tourisme-valdemarne.com\/espace-pro\/wp-content\/uploads\/sites\/3\/2019\/04\/rencontres-tourisme-2014-3-cp-agence-de-developpement-val-de-marne-1200x900.jpg 1200w, https:\/\/www.tourisme-valdemarne.com\/espace-pro\/wp-content\/uploads\/sites\/3\/2019\/04\/rencontres-tourisme-2014-3-cp-agence-de-developpement-val-de-marne-600x450.jpg 600w, https:\/\/www.tourisme-valdemarne.com\/espace-pro\/wp-content\/uploads\/sites\/3\/2019\/04\/rencontres-tourisme-2014-3-cp-agence-de-developpement-val-de-marne-900x675.jpg 900w, https:\/\/www.tourisme-valdemarne.com\/espace-pro\/wp-content\/uploads\/sites\/3\/2019\/04\/rencontres-tourisme-2014-3-cp-agence-de-developpement-val-de-marne-200x150.jpg 200w, https:\/\/www.tourisme-valdemarne.com\/espace-pro\/wp-content\/uploads\/sites\/3\/2019\/04\/rencontres-tourisme-2014-3-cp-agence-de-developpement-val-de-marne.jpg 1500w\" sizes=\"(max-width: 1200px) 100vw, 1200px\" \/><\/a><figcaption>Rencontres du tourisme 2014<\/figcaption><\/figure>\n\n\n\n<h3 class=\"wp-block-heading\">Le lancement du 1er guide des tables d&rsquo;affaires en Val-de-Marne<\/h3>\n\n\n\n<p>Ces Rencontres ont \u00e9t\u00e9 suivies par le lancement du <strong>1er guide des tables d&rsquo;affaires du Val-de-Marne<\/strong> en partenariat avec l&rsquo;Agence de d\u00e9veloppement du Val-de-Marne. Retrouvez ici le <a href=\"https:\/\/www.tourisme-valdemarne.com\/espace-pro\/wp-content\/uploads\/sites\/3\/2019\/04\/discours-de-lancement-du-guide-des-tables-daffaires.pdf\" target=\"_blank\" rel=\"noreferrer noopener\" aria-label=\"discours de Gilles Saint-Gal (s\u2019ouvre dans un nouvel onglet)\">discours de Gilles Saint-Gal<\/a>.<\/p>\n\n\n\n<p>Ce guide regroupe <strong>94 bonnes tables d&rsquo;affaires<\/strong> \ns\u00e9lectionn\u00e9es afin de faciliter les n\u00e9gociations, adoucir les \ndiscussions commerciales ardues et permettre de mettre tout le monde \nd\u2019accord dans une atmosph\u00e8re conviviale autour d&rsquo;un bon repas.<\/p>\n\n\n\n<p class=\"is-style-highlight\">D\u00e9couvrez <a href=\"https:\/\/www.tourisme-valdemarne.com\/espace-pro\/seminaires-et-receptions-pro\/trouver-le-lieu-ideal\/restaurants\/\"><strong>tous les restaurants<\/strong><\/a> de ce guide et bien d&rsquo;autres encore<strong>.<\/strong><\/p>\n\n\n\n<figure class=\"wp-block-image\"><a href=\"https:\/\/www.tourisme-valdemarne.com\/espace-pro\/wp-content\/uploads\/sites\/3\/2019\/04\/rencontres-tourisme-2014-2-cp-agence-de-developpement-val-de-marne.jpg\"><img width=\"1200\" height=\"900\" data-src=\"https:\/\/www.tourisme-valdemarne.com\/espace-pro\/wp-content\/uploads\/sites\/3\/2019\/04\/rencontres-tourisme-2014-2-cp-agence-de-developpement-val-de-marne-1200x900.jpg\" alt=\"Guide des tables d'affaires\" class=\"wp-image-558\" srcset=\"https:\/\/www.tourisme-valdemarne.com\/espace-pro\/wp-content\/uploads\/sites\/3\/2019\/04\/rencontres-tourisme-2014-2-cp-agence-de-developpement-val-de-marne-1200x900.jpg 1200w, https:\/\/www.tourisme-valdemarne.com\/espace-pro\/wp-content\/uploads\/sites\/3\/2019\/04\/rencontres-tourisme-2014-2-cp-agence-de-developpement-val-de-marne-600x450.jpg 600w, https:\/\/www.tourisme-valdemarne.com\/espace-pro\/wp-content\/uploads\/sites\/3\/2019\/04\/rencontres-tourisme-2014-2-cp-agence-de-developpement-val-de-marne-900x675.jpg 900w, https:\/\/www.tourisme-valdemarne.com\/espace-pro\/wp-content\/uploads\/sites\/3\/2019\/04\/rencontres-tourisme-2014-2-cp-agence-de-developpement-val-de-marne-200x150.jpg 200w, https:\/\/www.tourisme-valdemarne.com\/espace-pro\/wp-content\/uploads\/sites\/3\/2019\/04\/rencontres-tourisme-2014-2-cp-agence-de-developpement-val-de-marne.jpg 1500w\" sizes=\"(max-width: 1200px) 100vw, 1200px\" \/><\/a><figcaption>Guide des tables d&rsquo;affaires<\/figcaption><\/figure>\n\n\n\n<h4 class=\"wp-block-heading\">\u00c9ditions pr\u00e9c\u00e9dentes :<\/h4>\n\n\n\n<p>Retrouvez \u00e9galement les diff\u00e9rentes pr\u00e9sentations diffus\u00e9es lors des Assises d\u00e9partementales du Tourisme et des Loisirs du Val-de-Marne du 18 avril 2013.<\/p>\n\n\n\n<ul class=\"wp-block-list\"><li><a href=\"https:\/\/www.tourisme-valdemarne.com\/espace-pro\/wp-content\/uploads\/sites\/3\/2019\/05\/prsentation_assises.pdf\" target=\"_blank\" rel=\"noreferrer noopener\" aria-label=\"Pr\u00e9sentation du 2e sch\u00e9ma d\u00e9partemental (s\u2019ouvre dans un nouvel onglet)\">Pr\u00e9sentation du 2e sch\u00e9ma d\u00e9partemental<\/a><\/li><li><a rel=\"noreferrer noopener\" aria-label=\"Synth\u00e8se \u00e9tude sur le poids \u00e9conomique du tourisme en Val-de-Marne (s\u2019ouvre dans un nouvel onglet)\" href=\"https:\/\/www.tourisme-valdemarne.com\/espace-pro\/wp-content\/uploads\/sites\/3\/2019\/04\/prsentation-etude_poids_eco.pdf\" target=\"_blank\">Synth\u00e8se \u00e9tude sur le poids \u00e9conomique du tourisme en Val-de-Marne<\/a><\/li><\/ul>\n","protected":false},"excerpt":{"rendered":"<p>Au programme de ces Rencontres du tourisme 2014 en Val-de-Marne : l&rsquo;innovation dans le tourisme ! Le 23 septembre, pr\u00e8s d&rsquo;une centaine de participants ont assist\u00e9 aux Rencontres du tourisme qui se sont d\u00e9roul\u00e9es au centre de conf\u00e9rences de l&rsquo;a\u00e9roport de Paris-Orly. Retour sur le programme 2014 mots d\u2019accueil de Franck Mereyde, directeur de l\u2019a\u00e9roport [&hellip;]<\/p>\n","protected":false},"author":1,"featured_media":544,"parent":89,"menu_order":30,"comment_status":"closed","ping_status":"closed","template":"","meta":{"_relevanssi_hide_post":"","_relevanssi_hide_content":"","_relevanssi_pin_for_all":"","_relevanssi_pin_keywords":"","_relevanssi_unpin_keywords":"","_relevanssi_related_keywords":"","_relevanssi_related_include_ids":"","_relevanssi_related_exclude_ids":"","_relevanssi_related_no_append":"","_relevanssi_related_not_related":"","_relevanssi_related_posts":"2741,2749,8090,2745,8095,8108","_relevanssi_noindex_reason":"","footnotes":""},"vdmTagMarketing":[],"class_list":["post-97","page","type-page","status-publish","has-post-thumbnail","hentry"],"acf":[],"yoast_head":"<!-- This site is optimized with the Yoast SEO plugin v23.9 - https:\/\/yoast.com\/wordpress\/plugins\/seo\/ -->\n<title>Rencontres du tourisme 2014 | Val-de-Marne Tourisme &amp; Loisirs<\/title>\n<meta name=\"description\" content=\"Le 23 septembre 2014, pr\u00e8s d\u2019une centaine de participants ont assist\u00e9 aux Rencontres du tourisme ayant pour mot d&#039;ordre l&#039;innovation.\" \/>\n<meta name=\"robots\" content=\"index, follow, max-snippet:-1, max-image-preview:large, max-video-preview:-1\" \/>\n<link rel=\"canonical\" href=\"https:\/\/www.tourisme-valdemarne.com\/espace-pro\/qui-sommes-nous\/rencontres-du-tourisme\/rencontres-du-tourisme-2014\/\" \/>\n<meta property=\"og:locale\" content=\"fr_FR\" \/>\n<meta property=\"og:type\" content=\"article\" \/>\n<meta property=\"og:title\" content=\"Rencontres du tourisme 2014 | Val-de-Marne Tourisme &amp; Loisirs\" \/>\n<meta property=\"og:description\" content=\"Le 23 septembre 2014, pr\u00e8s d\u2019une centaine de participants ont assist\u00e9 aux Rencontres du tourisme ayant pour mot d&#039;ordre l&#039;innovation.\" \/>\n<meta property=\"og:url\" content=\"https:\/\/www.tourisme-valdemarne.com\/espace-pro\/qui-sommes-nous\/rencontres-du-tourisme\/rencontres-du-tourisme-2014\/\" \/>\n<meta property=\"og:site_name\" content=\"Espace Pro\" \/>\n<meta property=\"article:modified_time\" content=\"2024-02-12T13:09:25+00:00\" \/>\n<meta property=\"og:image\" content=\"https:\/\/www.tourisme-valdemarne.com\/espace-pro\/wp-content\/uploads\/sites\/3\/2019\/04\/rencontres-tourisme-2014-cp-agence-de-developpement-val-de-marne.jpg\" \/>\n\t<meta property=\"og:image:width\" content=\"1600\" \/>\n\t<meta property=\"og:image:height\" content=\"900\" \/>\n\t<meta property=\"og:image:type\" content=\"image\/jpeg\" \/>\n<meta name=\"twitter:card\" content=\"summary_large_image\" \/>\n<meta name=\"twitter:label1\" content=\"Dur\u00e9e de lecture estim\u00e9e\" \/>\n\t<meta name=\"twitter:data1\" content=\"3 minutes\" \/>\n<script type=\"application\/ld+json\" class=\"yoast-schema-graph\">{\"@context\":\"https:\/\/schema.org\",\"@graph\":[{\"@type\":\"WebPage\",\"@id\":\"https:\/\/www.tourisme-valdemarne.com\/espace-pro\/qui-sommes-nous\/rencontres-du-tourisme\/rencontres-du-tourisme-2014\/\",\"url\":\"https:\/\/www.tourisme-valdemarne.com\/espace-pro\/qui-sommes-nous\/rencontres-du-tourisme\/rencontres-du-tourisme-2014\/\",\"name\":\"Rencontres du tourisme 2014 | Val-de-Marne Tourisme & Loisirs\",\"isPartOf\":{\"@id\":\"https:\/\/www.tourisme-valdemarne.com\/espace-pro\/#website\"},\"primaryImageOfPage\":{\"@id\":\"https:\/\/www.tourisme-valdemarne.com\/espace-pro\/qui-sommes-nous\/rencontres-du-tourisme\/rencontres-du-tourisme-2014\/#primaryimage\"},\"image\":{\"@id\":\"https:\/\/www.tourisme-valdemarne.com\/espace-pro\/qui-sommes-nous\/rencontres-du-tourisme\/rencontres-du-tourisme-2014\/#primaryimage\"},\"thumbnailUrl\":\"https:\/\/www.tourisme-valdemarne.com\/espace-pro\/wp-content\/uploads\/sites\/3\/2019\/04\/rencontres-tourisme-2014-cp-agence-de-developpement-val-de-marne.jpg\",\"datePublished\":\"2019-04-16T14:02:50+00:00\",\"dateModified\":\"2024-02-12T13:09:25+00:00\",\"description\":\"Le 23 septembre 2014, pr\u00e8s d\u2019une centaine de participants ont assist\u00e9 aux Rencontres du tourisme ayant pour mot d'ordre l'innovation.\",\"breadcrumb\":{\"@id\":\"https:\/\/www.tourisme-valdemarne.com\/espace-pro\/qui-sommes-nous\/rencontres-du-tourisme\/rencontres-du-tourisme-2014\/#breadcrumb\"},\"inLanguage\":\"fr-FR\",\"potentialAction\":[{\"@type\":\"ReadAction\",\"target\":[\"https:\/\/www.tourisme-valdemarne.com\/espace-pro\/qui-sommes-nous\/rencontres-du-tourisme\/rencontres-du-tourisme-2014\/\"]}]},{\"@type\":\"ImageObject\",\"inLanguage\":\"fr-FR\",\"@id\":\"https:\/\/www.tourisme-valdemarne.com\/espace-pro\/qui-sommes-nous\/rencontres-du-tourisme\/rencontres-du-tourisme-2014\/#primaryimage\",\"url\":\"https:\/\/www.tourisme-valdemarne.com\/espace-pro\/wp-content\/uploads\/sites\/3\/2019\/04\/rencontres-tourisme-2014-cp-agence-de-developpement-val-de-marne.jpg\",\"contentUrl\":\"https:\/\/www.tourisme-valdemarne.com\/espace-pro\/wp-content\/uploads\/sites\/3\/2019\/04\/rencontres-tourisme-2014-cp-agence-de-developpement-val-de-marne.jpg\",\"width\":1600,\"height\":900,\"caption\":\"Rencontres du tourisme 2014\"},{\"@type\":\"BreadcrumbList\",\"@id\":\"https:\/\/www.tourisme-valdemarne.com\/espace-pro\/qui-sommes-nous\/rencontres-du-tourisme\/rencontres-du-tourisme-2014\/#breadcrumb\",\"itemListElement\":[{\"@type\":\"ListItem\",\"position\":1,\"name\":\"Accueil\",\"item\":\"https:\/\/www.tourisme-valdemarne.com\/espace-pro\/\"},{\"@type\":\"ListItem\",\"position\":2,\"name\":\"Qui sommes-nous ?\",\"item\":\"https:\/\/www.tourisme-valdemarne.com\/espace-pro\/qui-sommes-nous\/\"},{\"@type\":\"ListItem\",\"position\":3,\"name\":\"Rencontres du tourisme\",\"item\":\"https:\/\/www.tourisme-valdemarne.com\/espace-pro\/qui-sommes-nous\/rencontres-du-tourisme\/\"},{\"@type\":\"ListItem\",\"position\":4,\"name\":\"Rencontres du tourisme 2014\"}]},{\"@type\":\"WebSite\",\"@id\":\"https:\/\/www.tourisme-valdemarne.com\/espace-pro\/#website\",\"url\":\"https:\/\/www.tourisme-valdemarne.com\/espace-pro\/\",\"name\":\"Espace Pro\",\"description\":\"Informations et outils pour les professionnels et la Presse\",\"potentialAction\":[{\"@type\":\"SearchAction\",\"target\":{\"@type\":\"EntryPoint\",\"urlTemplate\":\"https:\/\/www.tourisme-valdemarne.com\/espace-pro\/?s={search_term_string}\"},\"query-input\":{\"@type\":\"PropertyValueSpecification\",\"valueRequired\":true,\"valueName\":\"search_term_string\"}}],\"inLanguage\":\"fr-FR\"}]}<\/script>\n<!-- \/ Yoast SEO plugin. -->","yoast_head_json":{"title":"Rencontres du tourisme 2014 | Val-de-Marne Tourisme & Loisirs","description":"Le 23 septembre 2014, pr\u00e8s d\u2019une centaine de participants ont assist\u00e9 aux Rencontres du tourisme ayant pour mot d'ordre l'innovation.","robots":{"index":"index","follow":"follow","max-snippet":"max-snippet:-1","max-image-preview":"max-image-preview:large","max-video-preview":"max-video-preview:-1"},"canonical":"https:\/\/www.tourisme-valdemarne.com\/espace-pro\/qui-sommes-nous\/rencontres-du-tourisme\/rencontres-du-tourisme-2014\/","og_locale":"fr_FR","og_type":"article","og_title":"Rencontres du tourisme 2014 | Val-de-Marne Tourisme & Loisirs","og_description":"Le 23 septembre 2014, pr\u00e8s d\u2019une centaine de participants ont assist\u00e9 aux Rencontres du tourisme ayant pour mot d'ordre l'innovation.","og_url":"https:\/\/www.tourisme-valdemarne.com\/espace-pro\/qui-sommes-nous\/rencontres-du-tourisme\/rencontres-du-tourisme-2014\/","og_site_name":"Espace Pro","article_modified_time":"2024-02-12T13:09:25+00:00","og_image":[{"width":1600,"height":900,"url":"https:\/\/www.tourisme-valdemarne.com\/espace-pro\/wp-content\/uploads\/sites\/3\/2019\/04\/rencontres-tourisme-2014-cp-agence-de-developpement-val-de-marne.jpg","type":"image\/jpeg"}],"twitter_card":"summary_large_image","twitter_misc":{"Dur\u00e9e de lecture estim\u00e9e":"3 minutes"},"schema":{"@context":"https:\/\/schema.org","@graph":[{"@type":"WebPage","@id":"https:\/\/www.tourisme-valdemarne.com\/espace-pro\/qui-sommes-nous\/rencontres-du-tourisme\/rencontres-du-tourisme-2014\/","url":"https:\/\/www.tourisme-valdemarne.com\/espace-pro\/qui-sommes-nous\/rencontres-du-tourisme\/rencontres-du-tourisme-2014\/","name":"Rencontres du tourisme 2014 | Val-de-Marne Tourisme & Loisirs","isPartOf":{"@id":"https:\/\/www.tourisme-valdemarne.com\/espace-pro\/#website"},"primaryImageOfPage":{"@id":"https:\/\/www.tourisme-valdemarne.com\/espace-pro\/qui-sommes-nous\/rencontres-du-tourisme\/rencontres-du-tourisme-2014\/#primaryimage"},"image":{"@id":"https:\/\/www.tourisme-valdemarne.com\/espace-pro\/qui-sommes-nous\/rencontres-du-tourisme\/rencontres-du-tourisme-2014\/#primaryimage"},"thumbnailUrl":"https:\/\/www.tourisme-valdemarne.com\/espace-pro\/wp-content\/uploads\/sites\/3\/2019\/04\/rencontres-tourisme-2014-cp-agence-de-developpement-val-de-marne.jpg","datePublished":"2019-04-16T14:02:50+00:00","dateModified":"2024-02-12T13:09:25+00:00","description":"Le 23 septembre 2014, pr\u00e8s d\u2019une centaine de participants ont assist\u00e9 aux Rencontres du tourisme ayant pour mot d'ordre l'innovation.","breadcrumb":{"@id":"https:\/\/www.tourisme-valdemarne.com\/espace-pro\/qui-sommes-nous\/rencontres-du-tourisme\/rencontres-du-tourisme-2014\/#breadcrumb"},"inLanguage":"fr-FR","potentialAction":[{"@type":"ReadAction","target":["https:\/\/www.tourisme-valdemarne.com\/espace-pro\/qui-sommes-nous\/rencontres-du-tourisme\/rencontres-du-tourisme-2014\/"]}]},{"@type":"ImageObject","inLanguage":"fr-FR","@id":"https:\/\/www.tourisme-valdemarne.com\/espace-pro\/qui-sommes-nous\/rencontres-du-tourisme\/rencontres-du-tourisme-2014\/#primaryimage","url":"https:\/\/www.tourisme-valdemarne.com\/espace-pro\/wp-content\/uploads\/sites\/3\/2019\/04\/rencontres-tourisme-2014-cp-agence-de-developpement-val-de-marne.jpg","contentUrl":"https:\/\/www.tourisme-valdemarne.com\/espace-pro\/wp-content\/uploads\/sites\/3\/2019\/04\/rencontres-tourisme-2014-cp-agence-de-developpement-val-de-marne.jpg","width":1600,"height":900,"caption":"Rencontres du tourisme 2014"},{"@type":"BreadcrumbList","@id":"https:\/\/www.tourisme-valdemarne.com\/espace-pro\/qui-sommes-nous\/rencontres-du-tourisme\/rencontres-du-tourisme-2014\/#breadcrumb","itemListElement":[{"@type":"ListItem","position":1,"name":"Accueil","item":"https:\/\/www.tourisme-valdemarne.com\/espace-pro\/"},{"@type":"ListItem","position":2,"name":"Qui sommes-nous ?","item":"https:\/\/www.tourisme-valdemarne.com\/espace-pro\/qui-sommes-nous\/"},{"@type":"ListItem","position":3,"name":"Rencontres du tourisme","item":"https:\/\/www.tourisme-valdemarne.com\/espace-pro\/qui-sommes-nous\/rencontres-du-tourisme\/"},{"@type":"ListItem","position":4,"name":"Rencontres du tourisme 2014"}]},{"@type":"WebSite","@id":"https:\/\/www.tourisme-valdemarne.com\/espace-pro\/#website","url":"https:\/\/www.tourisme-valdemarne.com\/espace-pro\/","name":"Espace Pro","description":"Informations et outils pour les professionnels et la Presse","potentialAction":[{"@type":"SearchAction","target":{"@type":"EntryPoint","urlTemplate":"https:\/\/www.tourisme-valdemarne.com\/espace-pro\/?s={search_term_string}"},"query-input":{"@type":"PropertyValueSpecification","valueRequired":true,"valueName":"search_term_string"}}],"inLanguage":"fr-FR"}]}},"_links":{"self":[{"href":"https:\/\/www.tourisme-valdemarne.com\/espace-pro\/wp-json\/wp\/v2\/pages\/97","targetHints":{"allow":["GET"]}}],"collection":[{"href":"https:\/\/www.tourisme-valdemarne.com\/espace-pro\/wp-json\/wp\/v2\/pages"}],"about":[{"href":"https:\/\/www.tourisme-valdemarne.com\/espace-pro\/wp-json\/wp\/v2\/types\/page"}],"author":[{"embeddable":true,"href":"https:\/\/www.tourisme-valdemarne.com\/espace-pro\/wp-json\/wp\/v2\/users\/1"}],"replies":[{"embeddable":true,"href":"https:\/\/www.tourisme-valdemarne.com\/espace-pro\/wp-json\/wp\/v2\/comments?post=97"}],"version-history":[{"count":25,"href":"https:\/\/www.tourisme-valdemarne.com\/espace-pro\/wp-json\/wp\/v2\/pages\/97\/revisions"}],"predecessor-version":[{"id":26312,"href":"https:\/\/www.tourisme-valdemarne.com\/espace-pro\/wp-json\/wp\/v2\/pages\/97\/revisions\/26312"}],"up":[{"embeddable":true,"href":"https:\/\/www.tourisme-valdemarne.com\/espace-pro\/wp-json\/wp\/v2\/pages\/89"}],"wp:featuredmedia":[{"embeddable":true,"href":"https:\/\/www.tourisme-valdemarne.com\/espace-pro\/wp-json\/wp\/v2\/media\/544"}],"wp:attachment":[{"href":"https:\/\/www.tourisme-valdemarne.com\/espace-pro\/wp-json\/wp\/v2\/media?parent=97"}],"wp:term":[{"taxonomy":"vdmTagMarketing","embeddable":true,"href":"https:\/\/www.tourisme-valdemarne.com\/espace-pro\/wp-json\/wp\/v2\/vdmTagMarketing?post=97"}],"curies":[{"name":"wp","href":"https:\/\/api.w.org\/{rel}","templated":true}]}}