{"id":959,"date":"2019-05-14T11:45:50","date_gmt":"2019-05-14T09:45:50","guid":{"rendered":"https:\/\/www.tourisme-valdemarne.com\/espace-pro\/eductour-2019-tendance-mice"},"modified":"2023-02-20T16:09:55","modified_gmt":"2023-02-20T15:09:55","slug":"eductour-2019-tendance-mice","status":"publish","type":"page","link":"https:\/\/www.tourisme-valdemarne.com\/espace-pro\/seminaires-et-receptions-pro\/eductours-salons\/eductours\/eductour-2019-tendance-mice\/","title":{"rendered":"Eductour 2019 : Tendance Mice"},"content":{"rendered":"\n<p class=\"is-style-excerpt\">Cinqui\u00e8me \u00e9ductour d&rsquo;une s\u00e9rie de six parcours propos\u00e9s dans le Grand Paris, assistez \u00e0 un \u00e9ductour qui c\u00e9l\u00e8bre l&rsquo;\u00e9nergie de la jeunesse autour d&rsquo;un parcours sportif, ludique et parfois studieux.<\/p>\n\n\n\n<p>On s&rsquo;approche de la fin de saison pour Tendances MICE puisque c&rsquo;est l&rsquo;avant-dernier \u00e9ductour. La saison sera cl\u00f4tur\u00e9e par un \u00e9v\u00e9nement final le 2 juillet 2019 au Dock B \u00e0 Pantin qui s\u2019articulera autour d\u2019un workshop, d\u2019un programme de conf\u00e9rences, d&rsquo;animations et d\u2019un cocktail de networking.<\/p>\n\n\n\n<h2 class=\"wp-block-heading\">La Maison du Handball<\/h2>\n\n\n\n<p>Inaugur\u00e9e l&rsquo;ann\u00e9e derni\u00e8re, la <a href=\"https:\/\/www.tourisme-valdemarne.com\/espace-pro\/seminaire\/maison-du-handball\/\" target=\"_blank\" rel=\"noreferrer noopener\" aria-label=\"Maison du Handball (s\u2019ouvre dans un nouvel onglet)\">Maison du Handball<\/a> est le tout nouvel \u00e9quipement de la F\u00e9d\u00e9ration Fran\u00e7aise de Handall. Le lieu est voulu comme une r\u00e9ponse \u00e0 Clairefontaine implant\u00e9e \u00e0 Cr\u00e9teil. Un complexe moderne \u00e0 destination des joueurs et des \u00e9quipes, et bien s\u00fbr des entreprises qui veulent venir y organiser leur seminaire dans une ambiance sportive et studieuse. De nombreux \u00e9quipements sont regroup\u00e9s dans le nouveau si\u00e8ge du handball fran\u00e7ais : auditorium, restauration, h\u00e9bergement, terrains de sport\u2026<\/p>\n\n\n\n<h2 class=\"wp-block-heading\">Jo&amp;Joe Paris Gentilly<\/h2>\n\n\n\n<figure class=\"wp-block-image\"><a href=\"https:\/\/www.tourisme-valdemarne.com\/espace-pro\/wp-content\/uploads\/sites\/3\/2019\/05\/jo-joe-gentilly.jpg\"><img width=\"1200\" height=\"676\" data-src=\"https:\/\/www.tourisme-valdemarne.com\/espace-pro\/wp-content\/uploads\/sites\/3\/2019\/05\/jo-joe-gentilly-1200x676.jpg\" alt=\"Jo&amp;Joe \u00e0 Paris\" class=\"wp-image-3013\" srcset=\"https:\/\/www.tourisme-valdemarne.com\/espace-pro\/wp-content\/uploads\/sites\/3\/2019\/05\/jo-joe-gentilly-1200x676.jpg 1200w, https:\/\/www.tourisme-valdemarne.com\/espace-pro\/wp-content\/uploads\/sites\/3\/2019\/05\/jo-joe-gentilly-600x338.jpg 600w, https:\/\/www.tourisme-valdemarne.com\/espace-pro\/wp-content\/uploads\/sites\/3\/2019\/05\/jo-joe-gentilly-900x507.jpg 900w, https:\/\/www.tourisme-valdemarne.com\/espace-pro\/wp-content\/uploads\/sites\/3\/2019\/05\/jo-joe-gentilly-380x214.jpg 380w, https:\/\/www.tourisme-valdemarne.com\/espace-pro\/wp-content\/uploads\/sites\/3\/2019\/05\/jo-joe-gentilly-200x113.jpg 200w, https:\/\/www.tourisme-valdemarne.com\/espace-pro\/wp-content\/uploads\/sites\/3\/2019\/05\/jo-joe-gentilly.jpg 1600w\" sizes=\"(max-width: 1200px) 100vw, 1200px\" \/><\/a><figcaption>Jo&amp;Joe \u00e0 Paris \u00a9 Penson<\/figcaption><\/figure>\n\n\n\n<p>Apr\u00e8s avoir test\u00e9 son nouveau concept d&rsquo;auberge de jeunesse \u00e0 Hossegor, le goupe Accor ouvre un deuxi\u00e8me <a href=\"https:\/\/www.tourisme-valdemarne.com\/espace-pro\/seminaire\/jojoe-paris-gentilly\/\" target=\"_blank\" rel=\"noreferrer noopener\" aria-label=\"Jo&amp;Joe (s\u2019ouvre dans un nouvel onglet)\">Jo&amp;Joe<\/a> \u00e0 Paris. A Gentilly plus exactement, \u00e0 deux pas de la Cit\u00e9 Internationale. Plus qu&rsquo;un simple h\u00e9bergement, c&rsquo;est un concept de lieu de vie \u00e0 destination des jeunes voyageurs qui dispose \u00e9galement d&rsquo;un espace \u00e9v\u00e8nementiel branch\u00e9 pour tous vos \u00e9v\u00e8nements qui sortent des sentiers battus. L&rsquo;auberge ouvre en avril, visitez-l\u00e0 en avant-premi\u00e8re avec Tendances MICE.<\/p>\n\n\n\n<h2 class=\"wp-block-heading\">La Cit\u00e9 Internationale Universitaire de Paris<\/h2>\n\n\n\n<p>L&rsquo;ambiance y est studieuse, le parc propice \u00e0 la promenade, les maisons invitent aux \u00e9changes et les salons sont grandioses. La <a href=\"https:\/\/www.tourisme-valdemarne.com\/espace-pro\/seminaire\/cite-internationale-universitaire-de-paris\/\" target=\"_blank\" rel=\"noreferrer noopener\" aria-label=\"Cit\u00e9 Internationale Universitaire de Paris (s\u2019ouvre dans un nouvel onglet)\">Cit\u00e9 Internationale Universitaire de Paris<\/a> a des airs de Poudlard fran\u00e7ais. Venez rencontrer l&rsquo;\u00e9quipe du service \u00e9v\u00e8nementiel qui s&rsquo;adapte \u00e0 tous vos besoins.<\/p>\n\n\n\n<h2 class=\"wp-block-heading\">Time Tripper<\/h2>\n\n\n\n<figure class=\"wp-block-image\"><a href=\"https:\/\/www.tourisme-valdemarne.com\/espace-pro\/wp-content\/uploads\/sites\/3\/2019\/05\/time-tripper.jpg\"><img width=\"1200\" height=\"800\" data-src=\"https:\/\/www.tourisme-valdemarne.com\/espace-pro\/wp-content\/uploads\/sites\/3\/2019\/05\/time-tripper-1200x800.jpg\" alt=\"Escape Game Time Tripper\" class=\"wp-image-3012\" srcset=\"https:\/\/www.tourisme-valdemarne.com\/espace-pro\/wp-content\/uploads\/sites\/3\/2019\/05\/time-tripper-1200x800.jpg 1200w, https:\/\/www.tourisme-valdemarne.com\/espace-pro\/wp-content\/uploads\/sites\/3\/2019\/05\/time-tripper-600x400.jpg 600w, https:\/\/www.tourisme-valdemarne.com\/espace-pro\/wp-content\/uploads\/sites\/3\/2019\/05\/time-tripper-900x600.jpg 900w, https:\/\/www.tourisme-valdemarne.com\/espace-pro\/wp-content\/uploads\/sites\/3\/2019\/05\/time-tripper-380x253.jpg 380w, https:\/\/www.tourisme-valdemarne.com\/espace-pro\/wp-content\/uploads\/sites\/3\/2019\/05\/time-tripper-200x133.jpg 200w, https:\/\/www.tourisme-valdemarne.com\/espace-pro\/wp-content\/uploads\/sites\/3\/2019\/05\/time-tripper.jpg 1600w\" sizes=\"(max-width: 1200px) 100vw, 1200px\" \/><\/a><figcaption>Escape Game Time Tripper \u00a9 Jean Pierre Llopis \/ Eyesevent<\/figcaption><\/figure>\n\n\n\n<p>Plus qu&rsquo;un complexe d&rsquo;escape game, c&rsquo;est un jeu d&rsquo;aventure indoor g\u00e9ant qui peut accueillir jusqu&rsquo;\u00e0 300 personnes en rotation permanente parmi les 7 aventures disponibles \u00e0 ce jour. En constante expansion depuis son ouverture en d\u00e9cembre dernier, <a href=\"https:\/\/www.tourisme-valdemarne.com\/espace-pro\/seminaire\/time-tripper\/\" target=\"_blank\" rel=\"noreferrer noopener\" aria-label=\"Time Tripper (s\u2019ouvre dans un nouvel onglet)\">Time Tripper<\/a> peut recevoir votre entreprise pour une journ\u00e9e de s\u00e9minaire ludique o\u00f9 tout est pris en charge. Ici, vous ne verrez pas le temps passer.<\/p>\n\n\n\n<p class=\"has-text-align-left\">Apprenez-en plus sur <a href=\"https:\/\/www.tourisme93.com\/tendancesmice\/\" target=\"_blank\" rel=\"noreferrer noopener\" aria-label=\"Tendances MICE (s\u2019ouvre dans un nouvel onglet)\">Tendances MICE<\/a>.<\/p>\n\n\n\n<div class=\"wp-block-image\"><figure class=\"aligncenter\"><img width=\"1200\" height=\"83\" data-src=\"https:\/\/www.tourisme-valdemarne.com\/espace-pro\/wp-content\/uploads\/sites\/3\/2019\/05\/grands-partenaires-tendances-mice-1200x83.jpg\" alt=\"Banni\u00e8re partenaires Tendance MICE\" class=\"wp-image-3020\" srcset=\"https:\/\/www.tourisme-valdemarne.com\/espace-pro\/wp-content\/uploads\/sites\/3\/2019\/05\/grands-partenaires-tendances-mice-1200x83.jpg 1200w, https:\/\/www.tourisme-valdemarne.com\/espace-pro\/wp-content\/uploads\/sites\/3\/2019\/05\/grands-partenaires-tendances-mice-600x41.jpg 600w, https:\/\/www.tourisme-valdemarne.com\/espace-pro\/wp-content\/uploads\/sites\/3\/2019\/05\/grands-partenaires-tendances-mice-900x62.jpg 900w, https:\/\/www.tourisme-valdemarne.com\/espace-pro\/wp-content\/uploads\/sites\/3\/2019\/05\/grands-partenaires-tendances-mice-380x26.jpg 380w, https:\/\/www.tourisme-valdemarne.com\/espace-pro\/wp-content\/uploads\/sites\/3\/2019\/05\/grands-partenaires-tendances-mice-200x14.jpg 200w, https:\/\/www.tourisme-valdemarne.com\/espace-pro\/wp-content\/uploads\/sites\/3\/2019\/05\/grands-partenaires-tendances-mice.jpg 1452w\" sizes=\"(max-width: 1200px) 100vw, 1200px\" \/><\/figure><\/div>\n","protected":false},"excerpt":{"rendered":"<p>Cinqui\u00e8me \u00e9ductour d&rsquo;une s\u00e9rie de six parcours propos\u00e9s dans le Grand Paris, assistez \u00e0 un \u00e9ductour qui c\u00e9l\u00e8bre l&rsquo;\u00e9nergie de la jeunesse autour d&rsquo;un parcours sportif, ludique et parfois studieux. On s&rsquo;approche de la fin de saison pour Tendances MICE puisque c&rsquo;est l&rsquo;avant-dernier \u00e9ductour. La saison sera cl\u00f4tur\u00e9e par un \u00e9v\u00e9nement final le 2 juillet [&hellip;]<\/p>\n","protected":false},"author":1,"featured_media":3011,"parent":195,"menu_order":0,"comment_status":"closed","ping_status":"closed","template":"","meta":{"_relevanssi_hide_post":"","_relevanssi_hide_content":"","_relevanssi_pin_for_all":"","_relevanssi_pin_keywords":"","_relevanssi_unpin_keywords":"","_relevanssi_related_keywords":"","_relevanssi_related_include_ids":"","_relevanssi_related_exclude_ids":"","_relevanssi_related_no_append":"","_relevanssi_related_not_related":"","_relevanssi_related_posts":"442,2749,8084,444,8108,2751","_relevanssi_noindex_reason":"","footnotes":""},"vdmTagMarketing":[],"class_list":["post-959","page","type-page","status-publish","has-post-thumbnail","hentry"],"acf":[],"yoast_head":"<!-- This site is optimized with the Yoast SEO plugin v23.9 - https:\/\/yoast.com\/wordpress\/plugins\/seo\/ -->\n<title>Eductour 2019 - Espace Pro | Val-de-Marne Tourisme<\/title>\n<meta name=\"description\" content=\"Assistez \u00e0 un \u00e9ductour qui c\u00e9l\u00e8bre l&#039;\u00e9nergie de la jeunesse autour d&#039;un parcours sportif, ludique et parfois studieux.\" \/>\n<meta name=\"robots\" content=\"index, follow, max-snippet:-1, max-image-preview:large, max-video-preview:-1\" \/>\n<link rel=\"canonical\" href=\"https:\/\/www.tourisme-valdemarne.com\/espace-pro\/seminaires-et-receptions-pro\/eductours-salons\/eductours\/eductour-2019-tendance-mice\/\" \/>\n<meta property=\"og:locale\" content=\"fr_FR\" \/>\n<meta property=\"og:type\" content=\"article\" \/>\n<meta property=\"og:title\" content=\"Eductour 2019 - Espace Pro | Val-de-Marne Tourisme\" \/>\n<meta property=\"og:description\" content=\"Assistez \u00e0 un \u00e9ductour qui c\u00e9l\u00e8bre l&#039;\u00e9nergie de la jeunesse autour d&#039;un parcours sportif, ludique et parfois studieux.\" \/>\n<meta property=\"og:url\" content=\"https:\/\/www.tourisme-valdemarne.com\/espace-pro\/seminaires-et-receptions-pro\/eductours-salons\/eductours\/eductour-2019-tendance-mice\/\" \/>\n<meta property=\"og:site_name\" content=\"Espace Pro\" \/>\n<meta property=\"article:modified_time\" content=\"2023-02-20T15:09:55+00:00\" \/>\n<meta property=\"og:image\" content=\"https:\/\/www.tourisme-valdemarne.com\/espace-pro\/wp-content\/uploads\/sites\/3\/2019\/05\/maison-handball-creteil.jpg\" \/>\n\t<meta property=\"og:image:width\" content=\"1600\" \/>\n\t<meta property=\"og:image:height\" content=\"1064\" \/>\n\t<meta property=\"og:image:type\" content=\"image\/jpeg\" \/>\n<meta name=\"twitter:card\" content=\"summary_large_image\" \/>\n<meta name=\"twitter:label1\" content=\"Dur\u00e9e de lecture estim\u00e9e\" \/>\n\t<meta name=\"twitter:data1\" content=\"3 minutes\" \/>\n<script type=\"application\/ld+json\" class=\"yoast-schema-graph\">{\"@context\":\"https:\/\/schema.org\",\"@graph\":[{\"@type\":\"WebPage\",\"@id\":\"https:\/\/www.tourisme-valdemarne.com\/espace-pro\/seminaires-et-receptions-pro\/eductours-salons\/eductours\/eductour-2019-tendance-mice\/\",\"url\":\"https:\/\/www.tourisme-valdemarne.com\/espace-pro\/seminaires-et-receptions-pro\/eductours-salons\/eductours\/eductour-2019-tendance-mice\/\",\"name\":\"Eductour 2019 - Espace Pro | Val-de-Marne Tourisme\",\"isPartOf\":{\"@id\":\"https:\/\/www.tourisme-valdemarne.com\/espace-pro\/#website\"},\"primaryImageOfPage\":{\"@id\":\"https:\/\/www.tourisme-valdemarne.com\/espace-pro\/seminaires-et-receptions-pro\/eductours-salons\/eductours\/eductour-2019-tendance-mice\/#primaryimage\"},\"image\":{\"@id\":\"https:\/\/www.tourisme-valdemarne.com\/espace-pro\/seminaires-et-receptions-pro\/eductours-salons\/eductours\/eductour-2019-tendance-mice\/#primaryimage\"},\"thumbnailUrl\":\"https:\/\/www.tourisme-valdemarne.com\/espace-pro\/wp-content\/uploads\/sites\/3\/2019\/05\/maison-handball-creteil.jpg\",\"datePublished\":\"2019-05-14T09:45:50+00:00\",\"dateModified\":\"2023-02-20T15:09:55+00:00\",\"description\":\"Assistez \u00e0 un \u00e9ductour qui c\u00e9l\u00e8bre l'\u00e9nergie de la jeunesse autour d'un parcours sportif, ludique et parfois studieux.\",\"breadcrumb\":{\"@id\":\"https:\/\/www.tourisme-valdemarne.com\/espace-pro\/seminaires-et-receptions-pro\/eductours-salons\/eductours\/eductour-2019-tendance-mice\/#breadcrumb\"},\"inLanguage\":\"fr-FR\",\"potentialAction\":[{\"@type\":\"ReadAction\",\"target\":[\"https:\/\/www.tourisme-valdemarne.com\/espace-pro\/seminaires-et-receptions-pro\/eductours-salons\/eductours\/eductour-2019-tendance-mice\/\"]}]},{\"@type\":\"ImageObject\",\"inLanguage\":\"fr-FR\",\"@id\":\"https:\/\/www.tourisme-valdemarne.com\/espace-pro\/seminaires-et-receptions-pro\/eductours-salons\/eductours\/eductour-2019-tendance-mice\/#primaryimage\",\"url\":\"https:\/\/www.tourisme-valdemarne.com\/espace-pro\/wp-content\/uploads\/sites\/3\/2019\/05\/maison-handball-creteil.jpg\",\"contentUrl\":\"https:\/\/www.tourisme-valdemarne.com\/espace-pro\/wp-content\/uploads\/sites\/3\/2019\/05\/maison-handball-creteil.jpg\",\"width\":1600,\"height\":1064,\"caption\":\"Maison du handball de Cr\u00e9teil \u00a9 M. Lumbroso\"},{\"@type\":\"BreadcrumbList\",\"@id\":\"https:\/\/www.tourisme-valdemarne.com\/espace-pro\/seminaires-et-receptions-pro\/eductours-salons\/eductours\/eductour-2019-tendance-mice\/#breadcrumb\",\"itemListElement\":[{\"@type\":\"ListItem\",\"position\":1,\"name\":\"Accueil\",\"item\":\"https:\/\/www.tourisme-valdemarne.com\/espace-pro\/\"},{\"@type\":\"ListItem\",\"position\":2,\"name\":\"S\u00e9minaires et r\u00e9ceptions Pro\",\"item\":\"https:\/\/www.tourisme-valdemarne.com\/espace-pro\/seminaires-et-receptions-pro\/\"},{\"@type\":\"ListItem\",\"position\":3,\"name\":\"Eductours &#038; Salons\",\"item\":\"https:\/\/www.tourisme-valdemarne.com\/espace-pro\/seminaires-et-receptions-pro\/eductours-salons\/\"},{\"@type\":\"ListItem\",\"position\":4,\"name\":\"Eductours\",\"item\":\"https:\/\/www.tourisme-valdemarne.com\/espace-pro\/seminaires-et-receptions-pro\/eductours-salons\/eductours\/\"},{\"@type\":\"ListItem\",\"position\":5,\"name\":\"Eductour 2019 : Tendance Mice\"}]},{\"@type\":\"WebSite\",\"@id\":\"https:\/\/www.tourisme-valdemarne.com\/espace-pro\/#website\",\"url\":\"https:\/\/www.tourisme-valdemarne.com\/espace-pro\/\",\"name\":\"Espace Pro\",\"description\":\"Informations et outils pour les professionnels et la Presse\",\"potentialAction\":[{\"@type\":\"SearchAction\",\"target\":{\"@type\":\"EntryPoint\",\"urlTemplate\":\"https:\/\/www.tourisme-valdemarne.com\/espace-pro\/?s={search_term_string}\"},\"query-input\":{\"@type\":\"PropertyValueSpecification\",\"valueRequired\":true,\"valueName\":\"search_term_string\"}}],\"inLanguage\":\"fr-FR\"}]}<\/script>\n<!-- \/ Yoast SEO plugin. -->","yoast_head_json":{"title":"Eductour 2019 - Espace Pro | Val-de-Marne Tourisme","description":"Assistez \u00e0 un \u00e9ductour qui c\u00e9l\u00e8bre l'\u00e9nergie de la jeunesse autour d'un parcours sportif, ludique et parfois studieux.","robots":{"index":"index","follow":"follow","max-snippet":"max-snippet:-1","max-image-preview":"max-image-preview:large","max-video-preview":"max-video-preview:-1"},"canonical":"https:\/\/www.tourisme-valdemarne.com\/espace-pro\/seminaires-et-receptions-pro\/eductours-salons\/eductours\/eductour-2019-tendance-mice\/","og_locale":"fr_FR","og_type":"article","og_title":"Eductour 2019 - Espace Pro | Val-de-Marne Tourisme","og_description":"Assistez \u00e0 un \u00e9ductour qui c\u00e9l\u00e8bre l'\u00e9nergie de la jeunesse autour d'un parcours sportif, ludique et parfois studieux.","og_url":"https:\/\/www.tourisme-valdemarne.com\/espace-pro\/seminaires-et-receptions-pro\/eductours-salons\/eductours\/eductour-2019-tendance-mice\/","og_site_name":"Espace Pro","article_modified_time":"2023-02-20T15:09:55+00:00","og_image":[{"width":1600,"height":1064,"url":"https:\/\/www.tourisme-valdemarne.com\/espace-pro\/wp-content\/uploads\/sites\/3\/2019\/05\/maison-handball-creteil.jpg","type":"image\/jpeg"}],"twitter_card":"summary_large_image","twitter_misc":{"Dur\u00e9e de lecture estim\u00e9e":"3 minutes"},"schema":{"@context":"https:\/\/schema.org","@graph":[{"@type":"WebPage","@id":"https:\/\/www.tourisme-valdemarne.com\/espace-pro\/seminaires-et-receptions-pro\/eductours-salons\/eductours\/eductour-2019-tendance-mice\/","url":"https:\/\/www.tourisme-valdemarne.com\/espace-pro\/seminaires-et-receptions-pro\/eductours-salons\/eductours\/eductour-2019-tendance-mice\/","name":"Eductour 2019 - Espace Pro | Val-de-Marne Tourisme","isPartOf":{"@id":"https:\/\/www.tourisme-valdemarne.com\/espace-pro\/#website"},"primaryImageOfPage":{"@id":"https:\/\/www.tourisme-valdemarne.com\/espace-pro\/seminaires-et-receptions-pro\/eductours-salons\/eductours\/eductour-2019-tendance-mice\/#primaryimage"},"image":{"@id":"https:\/\/www.tourisme-valdemarne.com\/espace-pro\/seminaires-et-receptions-pro\/eductours-salons\/eductours\/eductour-2019-tendance-mice\/#primaryimage"},"thumbnailUrl":"https:\/\/www.tourisme-valdemarne.com\/espace-pro\/wp-content\/uploads\/sites\/3\/2019\/05\/maison-handball-creteil.jpg","datePublished":"2019-05-14T09:45:50+00:00","dateModified":"2023-02-20T15:09:55+00:00","description":"Assistez \u00e0 un \u00e9ductour qui c\u00e9l\u00e8bre l'\u00e9nergie de la jeunesse autour d'un parcours sportif, ludique et parfois studieux.","breadcrumb":{"@id":"https:\/\/www.tourisme-valdemarne.com\/espace-pro\/seminaires-et-receptions-pro\/eductours-salons\/eductours\/eductour-2019-tendance-mice\/#breadcrumb"},"inLanguage":"fr-FR","potentialAction":[{"@type":"ReadAction","target":["https:\/\/www.tourisme-valdemarne.com\/espace-pro\/seminaires-et-receptions-pro\/eductours-salons\/eductours\/eductour-2019-tendance-mice\/"]}]},{"@type":"ImageObject","inLanguage":"fr-FR","@id":"https:\/\/www.tourisme-valdemarne.com\/espace-pro\/seminaires-et-receptions-pro\/eductours-salons\/eductours\/eductour-2019-tendance-mice\/#primaryimage","url":"https:\/\/www.tourisme-valdemarne.com\/espace-pro\/wp-content\/uploads\/sites\/3\/2019\/05\/maison-handball-creteil.jpg","contentUrl":"https:\/\/www.tourisme-valdemarne.com\/espace-pro\/wp-content\/uploads\/sites\/3\/2019\/05\/maison-handball-creteil.jpg","width":1600,"height":1064,"caption":"Maison du handball de Cr\u00e9teil \u00a9 M. Lumbroso"},{"@type":"BreadcrumbList","@id":"https:\/\/www.tourisme-valdemarne.com\/espace-pro\/seminaires-et-receptions-pro\/eductours-salons\/eductours\/eductour-2019-tendance-mice\/#breadcrumb","itemListElement":[{"@type":"ListItem","position":1,"name":"Accueil","item":"https:\/\/www.tourisme-valdemarne.com\/espace-pro\/"},{"@type":"ListItem","position":2,"name":"S\u00e9minaires et r\u00e9ceptions Pro","item":"https:\/\/www.tourisme-valdemarne.com\/espace-pro\/seminaires-et-receptions-pro\/"},{"@type":"ListItem","position":3,"name":"Eductours &#038; Salons","item":"https:\/\/www.tourisme-valdemarne.com\/espace-pro\/seminaires-et-receptions-pro\/eductours-salons\/"},{"@type":"ListItem","position":4,"name":"Eductours","item":"https:\/\/www.tourisme-valdemarne.com\/espace-pro\/seminaires-et-receptions-pro\/eductours-salons\/eductours\/"},{"@type":"ListItem","position":5,"name":"Eductour 2019 : Tendance Mice"}]},{"@type":"WebSite","@id":"https:\/\/www.tourisme-valdemarne.com\/espace-pro\/#website","url":"https:\/\/www.tourisme-valdemarne.com\/espace-pro\/","name":"Espace Pro","description":"Informations et outils pour les professionnels et la Presse","potentialAction":[{"@type":"SearchAction","target":{"@type":"EntryPoint","urlTemplate":"https:\/\/www.tourisme-valdemarne.com\/espace-pro\/?s={search_term_string}"},"query-input":{"@type":"PropertyValueSpecification","valueRequired":true,"valueName":"search_term_string"}}],"inLanguage":"fr-FR"}]}},"_links":{"self":[{"href":"https:\/\/www.tourisme-valdemarne.com\/espace-pro\/wp-json\/wp\/v2\/pages\/959","targetHints":{"allow":["GET"]}}],"collection":[{"href":"https:\/\/www.tourisme-valdemarne.com\/espace-pro\/wp-json\/wp\/v2\/pages"}],"about":[{"href":"https:\/\/www.tourisme-valdemarne.com\/espace-pro\/wp-json\/wp\/v2\/types\/page"}],"author":[{"embeddable":true,"href":"https:\/\/www.tourisme-valdemarne.com\/espace-pro\/wp-json\/wp\/v2\/users\/1"}],"replies":[{"embeddable":true,"href":"https:\/\/www.tourisme-valdemarne.com\/espace-pro\/wp-json\/wp\/v2\/comments?post=959"}],"version-history":[{"count":10,"href":"https:\/\/www.tourisme-valdemarne.com\/espace-pro\/wp-json\/wp\/v2\/pages\/959\/revisions"}],"predecessor-version":[{"id":14350,"href":"https:\/\/www.tourisme-valdemarne.com\/espace-pro\/wp-json\/wp\/v2\/pages\/959\/revisions\/14350"}],"up":[{"embeddable":true,"href":"https:\/\/www.tourisme-valdemarne.com\/espace-pro\/wp-json\/wp\/v2\/pages\/195"}],"wp:featuredmedia":[{"embeddable":true,"href":"https:\/\/www.tourisme-valdemarne.com\/espace-pro\/wp-json\/wp\/v2\/media\/3011"}],"wp:attachment":[{"href":"https:\/\/www.tourisme-valdemarne.com\/espace-pro\/wp-json\/wp\/v2\/media?parent=959"}],"wp:term":[{"taxonomy":"vdmTagMarketing","embeddable":true,"href":"https:\/\/www.tourisme-valdemarne.com\/espace-pro\/wp-json\/wp\/v2\/vdmTagMarketing?post=959"}],"curies":[{"name":"wp","href":"https:\/\/api.w.org\/{rel}","templated":true}]}}