{"id":957,"date":"2019-05-14T11:44:22","date_gmt":"2019-05-14T09:44:22","guid":{"rendered":"https:\/\/www.tourisme-valdemarne.com\/espace-pro\/eductour-2015-lieux-culturels-et-artistiques"},"modified":"2023-01-23T10:20:40","modified_gmt":"2023-01-23T09:20:40","slug":"eductour-2015-lieux-culturels-et-artistiques","status":"publish","type":"page","link":"https:\/\/www.tourisme-valdemarne.com\/espace-pro\/seminaires-et-receptions-pro\/eductours-salons\/eductours\/eductour-2015-lieux-culturels-et-artistiques\/","title":{"rendered":"Eductour 2015 : Lieux culturels et artistiques"},"content":{"rendered":"\n<p class=\"is-style-excerpt\">Pour la 8e  ann\u00e9e cons\u00e9cutive, Val-de-Marne Tourisme &amp; Loisirs a propos\u00e9 un \u00e9ductour tourisme d\u2019affaires, afin de mettre en avant les \u00e9tablissements val-de-marnais en mesure d\u2019accueillir des \u00e9v\u00e8nements professionnels tels que des s\u00e9minaires, des congr\u00e8s des lancements de produits ou encore des \u00e9v\u00e8nements festifs. Chaque ann\u00e9e, une nouvelle th\u00e9matique est choisie et un nouveau parcours est \u00e9tabli.<\/p>\n\n\n\n<h2 class=\"wp-block-heading\">Les lieux culturels et artistiques : une th\u00e9matique innovante<\/h2>\n\n\n\n<p>Lors de cette \u00e9dition 2015, le service affaires de Val-de-Marne Tourisme &amp; Loisirs a ainsi souhait\u00e9 mettre en place un \u00e9ductour original, en pr\u00e9sentant des lieux culturels et artistiques du d\u00e9partement. Sept \u00e9tablissements ont donc \u00e9t\u00e9s s\u00e9lectionn\u00e9s afin de correspondre \u00e0 cette th\u00e9matique. La journ\u00e9e a d\u00e9but\u00e9 par un accueil-caf\u00e9 au sein du loft am\u00e9nag\u00e9 COOK\u2019IS situ\u00e9 \u00e0 Charenton-le-Pont, et s\u2019est achev\u00e9e \u00e0 Gare au Th\u00e9\u00e2tre de Vitry-sur-Seine. Retrouvez ci-dessous, la liste des \u00e9tablissements visit\u00e9s :<\/p>\n\n\n\n<p><strong>COOK\u2019IS<\/strong> (Charenton-le-Pont) : Au sein d\u2019un d\u2019ancien entrep\u00f4t industriel devenu aujourd\u2019hui un loft tr\u00e8s accueillant, Cook\u2019is propose des ateliers gourmands et se d\u00e9finit comme \u00ab cr\u00e9ateur de bons moments \u00bb.<\/p>\n\n\n\n<p><strong>MAC-VAL<\/strong> (Vitry-sur-Seine) : Ouvert en 2005, le Mus\u00e9e d\u2019Art Contemporain du Val-de-Marne est le premier mus\u00e9e exclusivement d\u00e9di\u00e9 \u00e0 la sc\u00e8ne artistique en France depuis les ann\u00e9es 1950.<\/p>\n\n\n\n<figure class=\"wp-block-image size-full\"><a href=\"https:\/\/www.tourisme-valdemarne.com\/espace-pro\/wp-content\/uploads\/sites\/3\/2023\/01\/enseigne-mac-val-vitry-sur-seine.jpg\"><img width=\"1100\" height=\"515\" data-src=\"https:\/\/www.tourisme-valdemarne.com\/espace-pro\/wp-content\/uploads\/sites\/3\/2023\/01\/enseigne-mac-val-vitry-sur-seine.jpg\" alt=\"Enseigne du MAC VAL \u00e0 Vitry-sur-Seine\" class=\"wp-image-14091\" srcset=\"https:\/\/www.tourisme-valdemarne.com\/espace-pro\/wp-content\/uploads\/sites\/3\/2023\/01\/enseigne-mac-val-vitry-sur-seine.jpg 1100w, https:\/\/www.tourisme-valdemarne.com\/espace-pro\/wp-content\/uploads\/sites\/3\/2023\/01\/enseigne-mac-val-vitry-sur-seine-600x281.jpg 600w, https:\/\/www.tourisme-valdemarne.com\/espace-pro\/wp-content\/uploads\/sites\/3\/2023\/01\/enseigne-mac-val-vitry-sur-seine-900x421.jpg 900w, https:\/\/www.tourisme-valdemarne.com\/espace-pro\/wp-content\/uploads\/sites\/3\/2023\/01\/enseigne-mac-val-vitry-sur-seine-380x178.jpg 380w, https:\/\/www.tourisme-valdemarne.com\/espace-pro\/wp-content\/uploads\/sites\/3\/2023\/01\/enseigne-mac-val-vitry-sur-seine-200x94.jpg 200w\" sizes=\"(max-width: 1100px) 100vw, 1100px\" \/><\/a><figcaption>Parvis du MAC VAL \u00a9 CDT94\/D.Thierry<\/figcaption><\/figure>\n\n\n\n<p><strong>Janvicland<\/strong> (Fontenay-sous-Bois) : Un lieu original dans lequel vous pourrez organiser diff\u00e9rents \u00e9v\u00e9nements dans l&rsquo;univers qui vous convient.<\/p>\n\n\n\n<p><strong>La p\u00e9niche du Lapin Vert<\/strong> (Joinville-le-Pont) : Une jolie p\u00e9niche color\u00e9e, amarr\u00e9e sur les quais de la Marne vous propose une programmation de spectacles et d\u2019animations diverses. Un lieu pour passer un agr\u00e9able moment sur l\u2019eau\u2026<\/p>\n\n\n\n<p><strong>Le Th\u00e9\u00e2tre ALEPH<\/strong> (Ivry-sur-Seine) : Fond\u00e9 en 1967 au Chili par Oscar Castro, le Th\u00e9\u00e2tre Aleph est un lieu de cr\u00e9ation artistique par excellence, mettant principalement en sc\u00e8ne des spectacles m\u00ealant la danse et la musique. Lieu tr\u00e8s chaleureux id\u00e9al pour des \u00e9v\u00e8nements priv\u00e9s.<\/p>\n\n\n\n<p><strong>Hocco Studio<\/strong> (Vitry-sur-Seine) : Ancien cin\u00e9ma des ann\u00e9es 30, Hocco est devenu un studio d\u2019enregistrement reconnu et appr\u00e9ci\u00e9 de nombreux artistes.<\/p>\n\n\n\n<p><strong>Gare au th\u00e9\u00e2tre<\/strong> (Vitry-sur-Seine) : Gare au Th\u00e9\u00e2tre est une \u00a0\u00bb fabrique d&rsquo;objets artistiques en tous genres \u00ab\u00a0. Une d\u00e9coration et un univers in\u00e9dit en font un lieu unique qui accueille tous les ans le festival \u00ab\u00a0Nous n&rsquo;irons pas \u00e0 Avignon\u00a0\u00bb.<\/p>\n\n\n\n<div class=\"wp-block-image\"><figure class=\"aligncenter size-full is-resized\"><a href=\"https:\/\/www.tourisme-valdemarne.com\/espace-pro\/wp-content\/uploads\/sites\/3\/2023\/01\/groupe-gare-au-theatre-vitry-sur-seine.jpg\"><img data-src=\"https:\/\/www.tourisme-valdemarne.com\/espace-pro\/wp-content\/uploads\/sites\/3\/2023\/01\/groupe-gare-au-theatre-vitry-sur-seine.jpg\" alt=\"Groupe devant la Gare au Th\u00e9\u00e2tre \u00e0 Vitry-sur-Seine\" class=\"wp-image-14092\" width=\"345\" height=\"515\" srcset=\"https:\/\/www.tourisme-valdemarne.com\/espace-pro\/wp-content\/uploads\/sites\/3\/2023\/01\/groupe-gare-au-theatre-vitry-sur-seine.jpg 700w, https:\/\/www.tourisme-valdemarne.com\/espace-pro\/wp-content\/uploads\/sites\/3\/2023\/01\/groupe-gare-au-theatre-vitry-sur-seine-402x600.jpg 402w, https:\/\/www.tourisme-valdemarne.com\/espace-pro\/wp-content\/uploads\/sites\/3\/2023\/01\/groupe-gare-au-theatre-vitry-sur-seine-602x900.jpg 602w, https:\/\/www.tourisme-valdemarne.com\/espace-pro\/wp-content\/uploads\/sites\/3\/2023\/01\/groupe-gare-au-theatre-vitry-sur-seine-380x568.jpg 380w, https:\/\/www.tourisme-valdemarne.com\/espace-pro\/wp-content\/uploads\/sites\/3\/2023\/01\/groupe-gare-au-theatre-vitry-sur-seine-200x299.jpg 200w\" sizes=\"(max-width: 345px) 100vw, 345px\" \/><\/a><figcaption>Gare au Theatre \u00e0 Vitry-sur-Seine \u00a9 CDT94\/D.Thierry<\/figcaption><\/figure><\/div>\n\n\n\n<h2 class=\"wp-block-heading\">Des visiteurs satisfaits<\/h2>\n\n\n\n<p>Les participants \u00e9taient en grande majorit\u00e9 des femmes. Les secteurs d\u2019activit\u00e9s repr\u00e9sent\u00e9s \u00e9taient vari\u00e9s ; agences \u00e9v\u00e8nementielles, mutuelle, minist\u00e8re de l\u2019\u00e9ducation nationale, entreprises priv\u00e9es, etc.<br> Les visiteurs provenaient en totalit\u00e9 d\u2019Ile-de-France avec 6 repr\u00e9sentants de Paris, 6 repr\u00e9sentants du Val-de-Marne, 2 repr\u00e9sentants des Hauts-de-Seine, une personne de Seine-Saint-Denis et une personne des Yvelines. La totalit\u00e9 des participants ayant r\u00e9pondu \u00e0 notre questionnaire de satisfaction sur cet \u00e9ductour souhaite participer aux prochains \u00e9v\u00e8nements Tourisme d&rsquo;Affaires organis\u00e9s par Val-de-Marne Tourisme &amp; Loisirs.<\/p>\n\n\n\n<p>58 % des personnes ayant compl\u00e9t\u00e9 le questionnaire de satisfaction ont indiqu\u00e9 \u00eatre \u00ab tr\u00e8s satisfaits \u00bb de l\u2019organisation g\u00e9n\u00e9rale, les 42% restants pr\u00e9cisant \u00eatre \u00ab satisfaits \u00bb.L\u2019organisation, la restauration et la diversit\u00e9 des lieux pr\u00e9sent\u00e9s sont les \u00e9l\u00e9ments qui semblent avoir le plus s\u00e9duit les participants. Au-del\u00e0 des lieux visit\u00e9s, les participants ont \u00e9galement beaucoup appr\u00e9ci\u00e9 les rencontres humaines faites lors de cet eductour, ainsi que les \u00e9changes avec les intervenants.<\/p>\n\n\n\n<p>Nous sommes ravis de pouvoir dire que cette journ\u00e9e a \u00e9t\u00e9 extr\u00eamement positive et appr\u00e9ci\u00e9e de la totalit\u00e9 de participants. Les lieux ont pour la plupart produit l\u2019effet de surprise souhait\u00e9.<\/p>\n\n\n\n<h2 class=\"wp-block-heading\">Quelques retours<\/h2>\n\n\n\n<ul class=\"wp-block-list\"><li>\u00ab Diversit\u00e9 des lieux et communes d&rsquo;implantation \u00bb (ADVDM)<\/li><li>\u00ab La rencontre de lieux atypiques et de personnalit\u00e9s humaines fortes \u00bb (Cinq Saisons)<\/li><li>\u00ab Lieux atypiques avec des intervenants passionn\u00e9s \u00bb (Degr\u00e9mont)<\/li><\/ul>\n\n\n\n<p>Nous tenons \u00e0 remercier tous les prestataires pour leur pr\u00e9cieuse collaboration dans l\u2019organisation et le tr\u00e8s bon d\u00e9roulement de cette journ\u00e9e. Nous sommes ravis d\u2019avoir fait d\u00e9couvrir ces hauts lieux du tourisme d\u2019Affaires val-de-marnais \u00e0 nos invit\u00e9s du jour.<\/p>\n\n\n\n<p class=\"is-style-highlight\">Si vous souhaitez \u00eatre inform\u00e9s des actions du service Affaires du CDT et \u00eatre avertis des prochains \u00e9ductours, contactez-nous par <a href=\"mailto:&#97;&#102;&#102;&#97;&#105;&#114;es&#64;touri&#115;&#109;e&#45;&#118;a&#108;&#100;&#101;&#109;&#97;rne&#46;c&#111;m\" target=\"_blank\" rel=\"noreferrer noopener\" aria-label=\"mail (s\u2019ouvre dans un nouvel onglet)\">mail<\/a>.<\/p>\n","protected":false},"excerpt":{"rendered":"<p>Pour la 8e ann\u00e9e cons\u00e9cutive, Val-de-Marne Tourisme &amp; Loisirs a propos\u00e9 un \u00e9ductour tourisme d\u2019affaires, afin de mettre en avant les \u00e9tablissements val-de-marnais en mesure d\u2019accueillir des \u00e9v\u00e8nements professionnels tels que des s\u00e9minaires, des congr\u00e8s des lancements de produits ou encore des \u00e9v\u00e8nements festifs. Chaque ann\u00e9e, une nouvelle th\u00e9matique est choisie et un nouveau parcours [&hellip;]<\/p>\n","protected":false},"author":1,"featured_media":3028,"parent":195,"menu_order":50,"comment_status":"closed","ping_status":"closed","template":"","meta":{"_relevanssi_hide_post":"","_relevanssi_hide_content":"","_relevanssi_pin_for_all":"","_relevanssi_pin_keywords":"","_relevanssi_unpin_keywords":"","_relevanssi_related_keywords":"","_relevanssi_related_include_ids":"","_relevanssi_related_exclude_ids":"","_relevanssi_related_no_append":"","_relevanssi_related_not_related":"","_relevanssi_related_posts":"2749,2745,2751,444,2741,8104","_relevanssi_noindex_reason":"","footnotes":""},"vdmTagMarketing":[],"class_list":["post-957","page","type-page","status-publish","has-post-thumbnail","hentry"],"acf":[],"yoast_head":"<!-- This site is optimized with the Yoast SEO plugin v23.9 - https:\/\/yoast.com\/wordpress\/plugins\/seo\/ -->\n<title>Eductour 2015 : lieux culturels et artistiques | Val-de-Marne<\/title>\n<meta name=\"description\" content=\"Val-de-Marne Tourisme &amp; Loisirs a organis\u00e9 un eductour mettant en avant les lieux culturels et artistiques du d\u00e9partement.\" \/>\n<meta name=\"robots\" content=\"index, follow, max-snippet:-1, max-image-preview:large, max-video-preview:-1\" \/>\n<link rel=\"canonical\" href=\"https:\/\/www.tourisme-valdemarne.com\/espace-pro\/seminaires-et-receptions-pro\/eductours-salons\/eductours\/eductour-2015-lieux-culturels-et-artistiques\/\" \/>\n<meta property=\"og:locale\" content=\"fr_FR\" \/>\n<meta property=\"og:type\" content=\"article\" \/>\n<meta property=\"og:title\" content=\"Eductour 2015 : lieux culturels et artistiques | Val-de-Marne\" \/>\n<meta property=\"og:description\" content=\"Val-de-Marne Tourisme &amp; Loisirs a organis\u00e9 un eductour mettant en avant les lieux culturels et artistiques du d\u00e9partement.\" \/>\n<meta property=\"og:url\" content=\"https:\/\/www.tourisme-valdemarne.com\/espace-pro\/seminaires-et-receptions-pro\/eductours-salons\/eductours\/eductour-2015-lieux-culturels-et-artistiques\/\" \/>\n<meta property=\"og:site_name\" content=\"Espace Pro\" \/>\n<meta property=\"article:modified_time\" content=\"2023-01-23T09:20:40+00:00\" \/>\n<meta property=\"og:image\" content=\"https:\/\/www.tourisme-valdemarne.com\/espace-pro\/wp-content\/uploads\/sites\/3\/2019\/05\/facade-mac-val-vitry-sur-seine-cp-cdt94-d-thierry.jpg\" \/>\n\t<meta property=\"og:image:width\" content=\"1600\" \/>\n\t<meta property=\"og:image:height\" content=\"1071\" \/>\n\t<meta property=\"og:image:type\" content=\"image\/jpeg\" \/>\n<meta name=\"twitter:card\" content=\"summary_large_image\" \/>\n<meta name=\"twitter:label1\" content=\"Dur\u00e9e de lecture estim\u00e9e\" \/>\n\t<meta name=\"twitter:data1\" content=\"4 minutes\" \/>\n<script type=\"application\/ld+json\" class=\"yoast-schema-graph\">{\"@context\":\"https:\/\/schema.org\",\"@graph\":[{\"@type\":\"WebPage\",\"@id\":\"https:\/\/www.tourisme-valdemarne.com\/espace-pro\/seminaires-et-receptions-pro\/eductours-salons\/eductours\/eductour-2015-lieux-culturels-et-artistiques\/\",\"url\":\"https:\/\/www.tourisme-valdemarne.com\/espace-pro\/seminaires-et-receptions-pro\/eductours-salons\/eductours\/eductour-2015-lieux-culturels-et-artistiques\/\",\"name\":\"Eductour 2015 : lieux culturels et artistiques | Val-de-Marne\",\"isPartOf\":{\"@id\":\"https:\/\/www.tourisme-valdemarne.com\/espace-pro\/#website\"},\"primaryImageOfPage\":{\"@id\":\"https:\/\/www.tourisme-valdemarne.com\/espace-pro\/seminaires-et-receptions-pro\/eductours-salons\/eductours\/eductour-2015-lieux-culturels-et-artistiques\/#primaryimage\"},\"image\":{\"@id\":\"https:\/\/www.tourisme-valdemarne.com\/espace-pro\/seminaires-et-receptions-pro\/eductours-salons\/eductours\/eductour-2015-lieux-culturels-et-artistiques\/#primaryimage\"},\"thumbnailUrl\":\"https:\/\/www.tourisme-valdemarne.com\/espace-pro\/wp-content\/uploads\/sites\/3\/2019\/05\/facade-mac-val-vitry-sur-seine-cp-cdt94-d-thierry.jpg\",\"datePublished\":\"2019-05-14T09:44:22+00:00\",\"dateModified\":\"2023-01-23T09:20:40+00:00\",\"description\":\"Val-de-Marne Tourisme & Loisirs a organis\u00e9 un eductour mettant en avant les lieux culturels et artistiques du d\u00e9partement.\",\"breadcrumb\":{\"@id\":\"https:\/\/www.tourisme-valdemarne.com\/espace-pro\/seminaires-et-receptions-pro\/eductours-salons\/eductours\/eductour-2015-lieux-culturels-et-artistiques\/#breadcrumb\"},\"inLanguage\":\"fr-FR\",\"potentialAction\":[{\"@type\":\"ReadAction\",\"target\":[\"https:\/\/www.tourisme-valdemarne.com\/espace-pro\/seminaires-et-receptions-pro\/eductours-salons\/eductours\/eductour-2015-lieux-culturels-et-artistiques\/\"]}]},{\"@type\":\"ImageObject\",\"inLanguage\":\"fr-FR\",\"@id\":\"https:\/\/www.tourisme-valdemarne.com\/espace-pro\/seminaires-et-receptions-pro\/eductours-salons\/eductours\/eductour-2015-lieux-culturels-et-artistiques\/#primaryimage\",\"url\":\"https:\/\/www.tourisme-valdemarne.com\/espace-pro\/wp-content\/uploads\/sites\/3\/2019\/05\/facade-mac-val-vitry-sur-seine-cp-cdt94-d-thierry.jpg\",\"contentUrl\":\"https:\/\/www.tourisme-valdemarne.com\/espace-pro\/wp-content\/uploads\/sites\/3\/2019\/05\/facade-mac-val-vitry-sur-seine-cp-cdt94-d-thierry.jpg\",\"width\":1600,\"height\":1071,\"caption\":\"Fa\u00e7ade du MAC VAL \u00a9 CDT94\/D.Thierry\"},{\"@type\":\"BreadcrumbList\",\"@id\":\"https:\/\/www.tourisme-valdemarne.com\/espace-pro\/seminaires-et-receptions-pro\/eductours-salons\/eductours\/eductour-2015-lieux-culturels-et-artistiques\/#breadcrumb\",\"itemListElement\":[{\"@type\":\"ListItem\",\"position\":1,\"name\":\"Accueil\",\"item\":\"https:\/\/www.tourisme-valdemarne.com\/espace-pro\/\"},{\"@type\":\"ListItem\",\"position\":2,\"name\":\"S\u00e9minaires et r\u00e9ceptions Pro\",\"item\":\"https:\/\/www.tourisme-valdemarne.com\/espace-pro\/seminaires-et-receptions-pro\/\"},{\"@type\":\"ListItem\",\"position\":3,\"name\":\"Eductours &#038; Salons\",\"item\":\"https:\/\/www.tourisme-valdemarne.com\/espace-pro\/seminaires-et-receptions-pro\/eductours-salons\/\"},{\"@type\":\"ListItem\",\"position\":4,\"name\":\"Eductours\",\"item\":\"https:\/\/www.tourisme-valdemarne.com\/espace-pro\/seminaires-et-receptions-pro\/eductours-salons\/eductours\/\"},{\"@type\":\"ListItem\",\"position\":5,\"name\":\"Eductour 2015 : Lieux culturels et artistiques\"}]},{\"@type\":\"WebSite\",\"@id\":\"https:\/\/www.tourisme-valdemarne.com\/espace-pro\/#website\",\"url\":\"https:\/\/www.tourisme-valdemarne.com\/espace-pro\/\",\"name\":\"Espace Pro\",\"description\":\"Informations et outils pour les professionnels et la Presse\",\"potentialAction\":[{\"@type\":\"SearchAction\",\"target\":{\"@type\":\"EntryPoint\",\"urlTemplate\":\"https:\/\/www.tourisme-valdemarne.com\/espace-pro\/?s={search_term_string}\"},\"query-input\":{\"@type\":\"PropertyValueSpecification\",\"valueRequired\":true,\"valueName\":\"search_term_string\"}}],\"inLanguage\":\"fr-FR\"}]}<\/script>\n<!-- \/ Yoast SEO plugin. -->","yoast_head_json":{"title":"Eductour 2015 : lieux culturels et artistiques | Val-de-Marne","description":"Val-de-Marne Tourisme & Loisirs a organis\u00e9 un eductour mettant en avant les lieux culturels et artistiques du d\u00e9partement.","robots":{"index":"index","follow":"follow","max-snippet":"max-snippet:-1","max-image-preview":"max-image-preview:large","max-video-preview":"max-video-preview:-1"},"canonical":"https:\/\/www.tourisme-valdemarne.com\/espace-pro\/seminaires-et-receptions-pro\/eductours-salons\/eductours\/eductour-2015-lieux-culturels-et-artistiques\/","og_locale":"fr_FR","og_type":"article","og_title":"Eductour 2015 : lieux culturels et artistiques | Val-de-Marne","og_description":"Val-de-Marne Tourisme & Loisirs a organis\u00e9 un eductour mettant en avant les lieux culturels et artistiques du d\u00e9partement.","og_url":"https:\/\/www.tourisme-valdemarne.com\/espace-pro\/seminaires-et-receptions-pro\/eductours-salons\/eductours\/eductour-2015-lieux-culturels-et-artistiques\/","og_site_name":"Espace Pro","article_modified_time":"2023-01-23T09:20:40+00:00","og_image":[{"width":1600,"height":1071,"url":"https:\/\/www.tourisme-valdemarne.com\/espace-pro\/wp-content\/uploads\/sites\/3\/2019\/05\/facade-mac-val-vitry-sur-seine-cp-cdt94-d-thierry.jpg","type":"image\/jpeg"}],"twitter_card":"summary_large_image","twitter_misc":{"Dur\u00e9e de lecture estim\u00e9e":"4 minutes"},"schema":{"@context":"https:\/\/schema.org","@graph":[{"@type":"WebPage","@id":"https:\/\/www.tourisme-valdemarne.com\/espace-pro\/seminaires-et-receptions-pro\/eductours-salons\/eductours\/eductour-2015-lieux-culturels-et-artistiques\/","url":"https:\/\/www.tourisme-valdemarne.com\/espace-pro\/seminaires-et-receptions-pro\/eductours-salons\/eductours\/eductour-2015-lieux-culturels-et-artistiques\/","name":"Eductour 2015 : lieux culturels et artistiques | Val-de-Marne","isPartOf":{"@id":"https:\/\/www.tourisme-valdemarne.com\/espace-pro\/#website"},"primaryImageOfPage":{"@id":"https:\/\/www.tourisme-valdemarne.com\/espace-pro\/seminaires-et-receptions-pro\/eductours-salons\/eductours\/eductour-2015-lieux-culturels-et-artistiques\/#primaryimage"},"image":{"@id":"https:\/\/www.tourisme-valdemarne.com\/espace-pro\/seminaires-et-receptions-pro\/eductours-salons\/eductours\/eductour-2015-lieux-culturels-et-artistiques\/#primaryimage"},"thumbnailUrl":"https:\/\/www.tourisme-valdemarne.com\/espace-pro\/wp-content\/uploads\/sites\/3\/2019\/05\/facade-mac-val-vitry-sur-seine-cp-cdt94-d-thierry.jpg","datePublished":"2019-05-14T09:44:22+00:00","dateModified":"2023-01-23T09:20:40+00:00","description":"Val-de-Marne Tourisme & Loisirs a organis\u00e9 un eductour mettant en avant les lieux culturels et artistiques du d\u00e9partement.","breadcrumb":{"@id":"https:\/\/www.tourisme-valdemarne.com\/espace-pro\/seminaires-et-receptions-pro\/eductours-salons\/eductours\/eductour-2015-lieux-culturels-et-artistiques\/#breadcrumb"},"inLanguage":"fr-FR","potentialAction":[{"@type":"ReadAction","target":["https:\/\/www.tourisme-valdemarne.com\/espace-pro\/seminaires-et-receptions-pro\/eductours-salons\/eductours\/eductour-2015-lieux-culturels-et-artistiques\/"]}]},{"@type":"ImageObject","inLanguage":"fr-FR","@id":"https:\/\/www.tourisme-valdemarne.com\/espace-pro\/seminaires-et-receptions-pro\/eductours-salons\/eductours\/eductour-2015-lieux-culturels-et-artistiques\/#primaryimage","url":"https:\/\/www.tourisme-valdemarne.com\/espace-pro\/wp-content\/uploads\/sites\/3\/2019\/05\/facade-mac-val-vitry-sur-seine-cp-cdt94-d-thierry.jpg","contentUrl":"https:\/\/www.tourisme-valdemarne.com\/espace-pro\/wp-content\/uploads\/sites\/3\/2019\/05\/facade-mac-val-vitry-sur-seine-cp-cdt94-d-thierry.jpg","width":1600,"height":1071,"caption":"Fa\u00e7ade du MAC VAL \u00a9 CDT94\/D.Thierry"},{"@type":"BreadcrumbList","@id":"https:\/\/www.tourisme-valdemarne.com\/espace-pro\/seminaires-et-receptions-pro\/eductours-salons\/eductours\/eductour-2015-lieux-culturels-et-artistiques\/#breadcrumb","itemListElement":[{"@type":"ListItem","position":1,"name":"Accueil","item":"https:\/\/www.tourisme-valdemarne.com\/espace-pro\/"},{"@type":"ListItem","position":2,"name":"S\u00e9minaires et r\u00e9ceptions Pro","item":"https:\/\/www.tourisme-valdemarne.com\/espace-pro\/seminaires-et-receptions-pro\/"},{"@type":"ListItem","position":3,"name":"Eductours &#038; Salons","item":"https:\/\/www.tourisme-valdemarne.com\/espace-pro\/seminaires-et-receptions-pro\/eductours-salons\/"},{"@type":"ListItem","position":4,"name":"Eductours","item":"https:\/\/www.tourisme-valdemarne.com\/espace-pro\/seminaires-et-receptions-pro\/eductours-salons\/eductours\/"},{"@type":"ListItem","position":5,"name":"Eductour 2015 : Lieux culturels et artistiques"}]},{"@type":"WebSite","@id":"https:\/\/www.tourisme-valdemarne.com\/espace-pro\/#website","url":"https:\/\/www.tourisme-valdemarne.com\/espace-pro\/","name":"Espace Pro","description":"Informations et outils pour les professionnels et la Presse","potentialAction":[{"@type":"SearchAction","target":{"@type":"EntryPoint","urlTemplate":"https:\/\/www.tourisme-valdemarne.com\/espace-pro\/?s={search_term_string}"},"query-input":{"@type":"PropertyValueSpecification","valueRequired":true,"valueName":"search_term_string"}}],"inLanguage":"fr-FR"}]}},"_links":{"self":[{"href":"https:\/\/www.tourisme-valdemarne.com\/espace-pro\/wp-json\/wp\/v2\/pages\/957","targetHints":{"allow":["GET"]}}],"collection":[{"href":"https:\/\/www.tourisme-valdemarne.com\/espace-pro\/wp-json\/wp\/v2\/pages"}],"about":[{"href":"https:\/\/www.tourisme-valdemarne.com\/espace-pro\/wp-json\/wp\/v2\/types\/page"}],"author":[{"embeddable":true,"href":"https:\/\/www.tourisme-valdemarne.com\/espace-pro\/wp-json\/wp\/v2\/users\/1"}],"replies":[{"embeddable":true,"href":"https:\/\/www.tourisme-valdemarne.com\/espace-pro\/wp-json\/wp\/v2\/comments?post=957"}],"version-history":[{"count":5,"href":"https:\/\/www.tourisme-valdemarne.com\/espace-pro\/wp-json\/wp\/v2\/pages\/957\/revisions"}],"predecessor-version":[{"id":14094,"href":"https:\/\/www.tourisme-valdemarne.com\/espace-pro\/wp-json\/wp\/v2\/pages\/957\/revisions\/14094"}],"up":[{"embeddable":true,"href":"https:\/\/www.tourisme-valdemarne.com\/espace-pro\/wp-json\/wp\/v2\/pages\/195"}],"wp:featuredmedia":[{"embeddable":true,"href":"https:\/\/www.tourisme-valdemarne.com\/espace-pro\/wp-json\/wp\/v2\/media\/3028"}],"wp:attachment":[{"href":"https:\/\/www.tourisme-valdemarne.com\/espace-pro\/wp-json\/wp\/v2\/media?parent=957"}],"wp:term":[{"taxonomy":"vdmTagMarketing","embeddable":true,"href":"https:\/\/www.tourisme-valdemarne.com\/espace-pro\/wp-json\/wp\/v2\/vdmTagMarketing?post=957"}],"curies":[{"name":"wp","href":"https:\/\/api.w.org\/{rel}","templated":true}]}}