{"id":955,"date":"2019-05-14T11:43:58","date_gmt":"2019-05-14T09:43:58","guid":{"rendered":"https:\/\/www.tourisme-valdemarne.com\/espace-pro\/eductour-2014-lieux-insolites-et-decales"},"modified":"2019-06-07T11:00:23","modified_gmt":"2019-06-07T09:00:23","slug":"eductour-2014-lieux-insolites-et-decales","status":"publish","type":"page","link":"https:\/\/www.tourisme-valdemarne.com\/espace-pro\/seminaires-et-receptions-pro\/eductours-salons\/eductours\/eductour-2014-lieux-insolites-et-decales\/","title":{"rendered":"Eductour 2014 : Lieux insolites et d\u00e9cal\u00e9s"},"content":{"rendered":"\n<p class=\"is-style-excerpt\">Comme chaque ann\u00e9e, Val de Marne Tourisme &amp; Loisirs a propos\u00e9 en juin dernier un \u00e9ductour tourisme d\u2019affaires, afin de mettre en valeur les \u00e9tablissements val-de-marnais pouvant accueillir \u00e9v\u00e8nements professionnels, du s\u00e9minaire au congr\u00e8s, en passant par les lancements de produits, les \u00e9v\u00e8nements  festifs etc.<\/p>\n\n\n\n<p>Tous les ans, une nouvelle th\u00e9matique est choisie et un nouveau parcours est propos\u00e9. Pour cette \u00e9dition 2014, le service affaires de Val-de-Marne Tourisme &amp; Loisirs a ainsi tenu \u00e0 proposer un \u00e9ductour original, mettant en avant les lieux insolites et d\u00e9cal\u00e9s. 7 \u00e9tablissements ont \u00e9t\u00e9 s\u00e9lectionn\u00e9s. La journ\u00e9e a d\u00e9but\u00e9 par un accueil-caf\u00e9 sur la terrasse du Palais de la Porte Dor\u00e9e et s\u2019est termin\u00e9e sur la terrasse de la partie haute du donjon du Ch\u00e2teau de Vincennes. Retrouvez ci-dessous, la liste des \u00e9tablissements pr\u00e9sent\u00e9s :<\/p>\n\n\n\n<p><strong>Le Palais de la Porte Dor\u00e9e \u00e0 Paris<\/strong><\/p>\n\n\n\n<p>Insolite par son histoire, son architecture, ses volumes, la pr\u00e9sence de l\u2019aquarium (privatisable). <\/p>\n\n\n\n<p><strong><a href=\"https:\/\/www.tourisme-valdemarne.com\/espace-pro\/seminaire\/le-generateur\/\" target=\"_blank\" rel=\"noreferrer noopener\" aria-label=\"Le G\u00e9n\u00e9rateur \u00e0 Gentilly (s\u2019ouvre dans un nouvel onglet)\">Le G\u00e9n\u00e9rateur \u00e0 Gentilly<\/a><\/strong><\/p>\n\n\n\n<p>Lieu surprenant car marqu\u00e9 par une identit\u00e9 industrielle, puisqu\u2019il s\u2019agit d\u2019un ancien cin\u00e9ma et que l\u2019\u00e2me du lieu a \u00e9t\u00e9 conserv\u00e9e.<\/p>\n\n\n\n<p><strong>Le <a href=\"https:\/\/www.tourisme-valdemarne.com\/espace-pro\/seminaire\/sapristi-factory\/\" target=\"_blank\" rel=\"noreferrer noopener\" aria-label=\"Sapristi Factory (s\u2019ouvre dans un nouvel onglet)\">Sapristi Factory<\/a> \u00e0 Cachan<\/strong><\/p>\n\n\n\n<p>Le lieu insolite par d\u00e9finition. Loft industriel, con\u00e7u pour que l\u2019on se sente comme chez soi. Effet de surprise garanti !<\/p>\n\n\n\n<p><strong>Le Daniel&rsquo;s \u00e0 Ivry-sur-Seine<\/strong><\/p>\n\n\n\n<p>Bateau de la soci\u00e9t\u00e9 SNC Quai-Es il permet d&rsquo;organiser des \u00e9v\u00e8nements professionnels en format croisi\u00e8re ou sur des bateaux \u00e0 quai.<\/p>\n\n\n\n<p><strong>L&rsquo;institut du Val Mand\u00e9 \u00e0 Saint-Mand\u00e9<\/strong><\/p>\n\n\n\n<p>Lieu atypique dans un premier temps par son usage, car c\u2019est un ESAT, qui fait travailler des personnes atteintes de handicap. Atypique \u00e9galement par son architecture, car c\u2019est aussi un ancien monast\u00e8re.<\/p>\n\n\n\n<p><strong>Le <a href=\"https:\/\/www.tourisme-valdemarne.com\/espace-pro\/restaurant\/quai-est\/\" target=\"_blank\" rel=\"noreferrer noopener\" aria-label=\"restaurant Le Quai-Est (s\u2019ouvre dans un nouvel onglet)\">restaurant Le Quai-Est<\/a> au Perreux-sur-Marne<\/strong><\/p>\n\n\n\n<p>Id\u00e9alement situ\u00e9 sur les bords de Marne, ce restaurant dispose de 3 niveaux et de 3 ambiances diff\u00e9rentes. Id\u00e9al pour \u00e9v\u00e8nements professionnels ou priv\u00e9s.<\/p>\n\n\n\n<p><strong>Le Ch\u00e2teau de Vincennes<\/strong><\/p>\n\n\n\n<p>Le Ch\u00e2teau dispose de plusieurs espaces privatisables, dont la partie haute du donjon, que vous pouvez r\u00e9server  depuis peu, pour vos \u00e9v\u00e8nements professionnels et pour profiter d\u2019une vue \u00e9poustouflante sur tout Paris.<\/p>\n\n\n\n<h2 class=\"wp-block-heading\">Des visiteurs agr\u00e9ablement surpris : <\/h2>\n\n\n\n<p>Sur 30 visiteurs inscrits, 27 \u00e9taient pr\u00e9sents, auxquels s\u2019ajoutent 2 repr\u00e9sentants du CRT. Les visiteurs \u00e9taient majoritairement issus d\u2019agences \u00e9v\u00e8nementielles (2\/3 environ) et venaient \u00e9galement pour la plupart de Paris. 5 repr\u00e9sentants du 94, 3 repr\u00e9sentants du 92, 3 repr\u00e9sentants du 91, une personne du 78, une personne du 93 et une personne du 77.<\/p>\n\n\n\n<p>Nous sommes ravis de pouvoir dire que cette journ\u00e9e a \u00e9t\u00e9 extr\u00eamement positive et tr\u00e8s appr\u00e9ci\u00e9e de la trentaine de participants. Les lieux ont pour la plupart produit l\u2019effet de surprise souhait\u00e9.<\/p>\n\n\n\n<h3 class=\"wp-block-heading\">Quelques retours :<\/h3>\n\n\n\n<p><em>\u00ab Une belle \u00e9nergie entre les prestataires et les acheteurs potentiels \u00bb<\/em> (MT Conseil Image)<\/p>\n\n\n\n<p><em>\u00ab Tr\u00e8s bonne journ\u00e9e et tr\u00e8s bon choix des lieux \u00bb<\/em> (La Poste)<\/p>\n\n\n\n<p><em>\u00ab Bonne ambiance de groupe et j&rsquo;ai d\u00e9couvert des lieux que le n&rsquo;aurais pas connu seul. \u00bb<\/em> (La Poste)<\/p>\n\n\n\n<p><em>\u00ab Tr\u00e8s positif \u00bb<\/em> (D\u00e9fi International)<\/p>\n\n\n\n<p><em>\u00ab Des lieux totalement in\u00e9dits comme le sapristi factory ou le donjon du ch\u00e2teau de Vincennes. Des lieux inattendus comme l&rsquo;institut du Val Mand\u00e9 \u00bb<\/em> (Vatea)<\/p>\n\n\n\n<p>Nous tenons \u00e0 remercier tous les prestataires pour leur pr\u00e9cieuse collaboration dans l\u2019organisation et le tr\u00e8s bon d\u00e9roulement de cette journ\u00e9e. Nous sommes ravis d\u2019avoir fait d\u00e9couvrir ces hauts lieux du tourisme d\u2019Affaires val-de-marnais \u00e0 nos invit\u00e9s du jour.<\/p>\n","protected":false},"excerpt":{"rendered":"<p>Comme chaque ann\u00e9e, Val de Marne Tourisme &amp; Loisirs a propos\u00e9 en juin dernier un \u00e9ductour tourisme d\u2019affaires, afin de mettre en valeur les \u00e9tablissements val-de-marnais pouvant accueillir \u00e9v\u00e8nements professionnels, du s\u00e9minaire au congr\u00e8s, en passant par les lancements de produits, les \u00e9v\u00e8nements festifs etc. Tous les ans, une nouvelle th\u00e9matique est choisie et un [&hellip;]<\/p>\n","protected":false},"author":1,"featured_media":3035,"parent":195,"menu_order":60,"comment_status":"closed","ping_status":"closed","template":"","meta":{"_relevanssi_hide_post":"","_relevanssi_hide_content":"","_relevanssi_pin_for_all":"","_relevanssi_pin_keywords":"","_relevanssi_unpin_keywords":"","_relevanssi_related_keywords":"","_relevanssi_related_include_ids":"","_relevanssi_related_exclude_ids":"","_relevanssi_related_no_append":"","_relevanssi_related_not_related":"","_relevanssi_related_posts":"","_relevanssi_noindex_reason":"","footnotes":""},"vdmTagMarketing":[],"class_list":["post-955","page","type-page","status-publish","has-post-thumbnail","hentry"],"acf":[],"yoast_head":"<!-- This site is optimized with the Yoast SEO plugin v23.9 - https:\/\/yoast.com\/wordpress\/plugins\/seo\/ -->\n<title>Eductour 2014 : Lieux insolites et d\u00e9cal\u00e9s - Espace Pro<\/title>\n<meta name=\"robots\" content=\"index, follow, max-snippet:-1, max-image-preview:large, max-video-preview:-1\" \/>\n<link rel=\"canonical\" href=\"https:\/\/www.tourisme-valdemarne.com\/espace-pro\/seminaires-et-receptions-pro\/eductours-salons\/eductours\/eductour-2014-lieux-insolites-et-decales\/\" \/>\n<meta property=\"og:locale\" content=\"fr_FR\" \/>\n<meta property=\"og:type\" content=\"article\" \/>\n<meta property=\"og:title\" content=\"Eductour 2014 : Lieux insolites et d\u00e9cal\u00e9s - Espace Pro\" \/>\n<meta property=\"og:description\" content=\"Comme chaque ann\u00e9e, Val de Marne Tourisme &amp; Loisirs a propos\u00e9 en juin dernier un \u00e9ductour tourisme d\u2019affaires, afin de mettre en valeur les \u00e9tablissements val-de-marnais pouvant accueillir \u00e9v\u00e8nements professionnels, du s\u00e9minaire au congr\u00e8s, en passant par les lancements de produits, les \u00e9v\u00e8nements festifs etc. Tous les ans, une nouvelle th\u00e9matique est choisie et un [&hellip;]\" \/>\n<meta property=\"og:url\" content=\"https:\/\/www.tourisme-valdemarne.com\/espace-pro\/seminaires-et-receptions-pro\/eductours-salons\/eductours\/eductour-2014-lieux-insolites-et-decales\/\" \/>\n<meta property=\"og:site_name\" content=\"Espace Pro\" \/>\n<meta property=\"article:modified_time\" content=\"2019-06-07T09:00:23+00:00\" \/>\n<meta property=\"og:image\" content=\"https:\/\/www.tourisme-valdemarne.com\/espace-pro\/wp-content\/uploads\/sites\/3\/2019\/05\/le-generateur-gentilly.jpg\" \/>\n\t<meta property=\"og:image:width\" content=\"2048\" \/>\n\t<meta property=\"og:image:height\" content=\"1155\" \/>\n\t<meta property=\"og:image:type\" content=\"image\/jpeg\" \/>\n<meta name=\"twitter:card\" content=\"summary_large_image\" \/>\n<meta name=\"twitter:label1\" content=\"Dur\u00e9e de lecture estim\u00e9e\" \/>\n\t<meta name=\"twitter:data1\" content=\"3 minutes\" \/>\n<script type=\"application\/ld+json\" class=\"yoast-schema-graph\">{\"@context\":\"https:\/\/schema.org\",\"@graph\":[{\"@type\":\"WebPage\",\"@id\":\"https:\/\/www.tourisme-valdemarne.com\/espace-pro\/seminaires-et-receptions-pro\/eductours-salons\/eductours\/eductour-2014-lieux-insolites-et-decales\/\",\"url\":\"https:\/\/www.tourisme-valdemarne.com\/espace-pro\/seminaires-et-receptions-pro\/eductours-salons\/eductours\/eductour-2014-lieux-insolites-et-decales\/\",\"name\":\"Eductour 2014 : Lieux insolites et d\u00e9cal\u00e9s - Espace Pro\",\"isPartOf\":{\"@id\":\"https:\/\/www.tourisme-valdemarne.com\/espace-pro\/#website\"},\"primaryImageOfPage\":{\"@id\":\"https:\/\/www.tourisme-valdemarne.com\/espace-pro\/seminaires-et-receptions-pro\/eductours-salons\/eductours\/eductour-2014-lieux-insolites-et-decales\/#primaryimage\"},\"image\":{\"@id\":\"https:\/\/www.tourisme-valdemarne.com\/espace-pro\/seminaires-et-receptions-pro\/eductours-salons\/eductours\/eductour-2014-lieux-insolites-et-decales\/#primaryimage\"},\"thumbnailUrl\":\"https:\/\/www.tourisme-valdemarne.com\/espace-pro\/wp-content\/uploads\/sites\/3\/2019\/05\/le-generateur-gentilly.jpg\",\"datePublished\":\"2019-05-14T09:43:58+00:00\",\"dateModified\":\"2019-06-07T09:00:23+00:00\",\"breadcrumb\":{\"@id\":\"https:\/\/www.tourisme-valdemarne.com\/espace-pro\/seminaires-et-receptions-pro\/eductours-salons\/eductours\/eductour-2014-lieux-insolites-et-decales\/#breadcrumb\"},\"inLanguage\":\"fr-FR\",\"potentialAction\":[{\"@type\":\"ReadAction\",\"target\":[\"https:\/\/www.tourisme-valdemarne.com\/espace-pro\/seminaires-et-receptions-pro\/eductours-salons\/eductours\/eductour-2014-lieux-insolites-et-decales\/\"]}]},{\"@type\":\"ImageObject\",\"inLanguage\":\"fr-FR\",\"@id\":\"https:\/\/www.tourisme-valdemarne.com\/espace-pro\/seminaires-et-receptions-pro\/eductours-salons\/eductours\/eductour-2014-lieux-insolites-et-decales\/#primaryimage\",\"url\":\"https:\/\/www.tourisme-valdemarne.com\/espace-pro\/wp-content\/uploads\/sites\/3\/2019\/05\/le-generateur-gentilly.jpg\",\"contentUrl\":\"https:\/\/www.tourisme-valdemarne.com\/espace-pro\/wp-content\/uploads\/sites\/3\/2019\/05\/le-generateur-gentilly.jpg\",\"width\":2048,\"height\":1155,\"caption\":\"Le Generateur \u00e0 Gentilly \u00a9 CDT94\"},{\"@type\":\"BreadcrumbList\",\"@id\":\"https:\/\/www.tourisme-valdemarne.com\/espace-pro\/seminaires-et-receptions-pro\/eductours-salons\/eductours\/eductour-2014-lieux-insolites-et-decales\/#breadcrumb\",\"itemListElement\":[{\"@type\":\"ListItem\",\"position\":1,\"name\":\"Accueil\",\"item\":\"https:\/\/www.tourisme-valdemarne.com\/espace-pro\/\"},{\"@type\":\"ListItem\",\"position\":2,\"name\":\"S\u00e9minaires et r\u00e9ceptions Pro\",\"item\":\"https:\/\/www.tourisme-valdemarne.com\/espace-pro\/seminaires-et-receptions-pro\/\"},{\"@type\":\"ListItem\",\"position\":3,\"name\":\"Eductours &#038; Salons\",\"item\":\"https:\/\/www.tourisme-valdemarne.com\/espace-pro\/seminaires-et-receptions-pro\/eductours-salons\/\"},{\"@type\":\"ListItem\",\"position\":4,\"name\":\"Eductours\",\"item\":\"https:\/\/www.tourisme-valdemarne.com\/espace-pro\/seminaires-et-receptions-pro\/eductours-salons\/eductours\/\"},{\"@type\":\"ListItem\",\"position\":5,\"name\":\"Eductour 2014 : Lieux insolites et d\u00e9cal\u00e9s\"}]},{\"@type\":\"WebSite\",\"@id\":\"https:\/\/www.tourisme-valdemarne.com\/espace-pro\/#website\",\"url\":\"https:\/\/www.tourisme-valdemarne.com\/espace-pro\/\",\"name\":\"Espace Pro\",\"description\":\"Informations et outils pour les professionnels et la Presse\",\"potentialAction\":[{\"@type\":\"SearchAction\",\"target\":{\"@type\":\"EntryPoint\",\"urlTemplate\":\"https:\/\/www.tourisme-valdemarne.com\/espace-pro\/?s={search_term_string}\"},\"query-input\":{\"@type\":\"PropertyValueSpecification\",\"valueRequired\":true,\"valueName\":\"search_term_string\"}}],\"inLanguage\":\"fr-FR\"}]}<\/script>\n<!-- \/ Yoast SEO plugin. -->","yoast_head_json":{"title":"Eductour 2014 : Lieux insolites et d\u00e9cal\u00e9s - Espace Pro","robots":{"index":"index","follow":"follow","max-snippet":"max-snippet:-1","max-image-preview":"max-image-preview:large","max-video-preview":"max-video-preview:-1"},"canonical":"https:\/\/www.tourisme-valdemarne.com\/espace-pro\/seminaires-et-receptions-pro\/eductours-salons\/eductours\/eductour-2014-lieux-insolites-et-decales\/","og_locale":"fr_FR","og_type":"article","og_title":"Eductour 2014 : Lieux insolites et d\u00e9cal\u00e9s - Espace Pro","og_description":"Comme chaque ann\u00e9e, Val de Marne Tourisme &amp; Loisirs a propos\u00e9 en juin dernier un \u00e9ductour tourisme d\u2019affaires, afin de mettre en valeur les \u00e9tablissements val-de-marnais pouvant accueillir \u00e9v\u00e8nements professionnels, du s\u00e9minaire au congr\u00e8s, en passant par les lancements de produits, les \u00e9v\u00e8nements festifs etc. Tous les ans, une nouvelle th\u00e9matique est choisie et un [&hellip;]","og_url":"https:\/\/www.tourisme-valdemarne.com\/espace-pro\/seminaires-et-receptions-pro\/eductours-salons\/eductours\/eductour-2014-lieux-insolites-et-decales\/","og_site_name":"Espace Pro","article_modified_time":"2019-06-07T09:00:23+00:00","og_image":[{"width":2048,"height":1155,"url":"https:\/\/www.tourisme-valdemarne.com\/espace-pro\/wp-content\/uploads\/sites\/3\/2019\/05\/le-generateur-gentilly.jpg","type":"image\/jpeg"}],"twitter_card":"summary_large_image","twitter_misc":{"Dur\u00e9e de lecture estim\u00e9e":"3 minutes"},"schema":{"@context":"https:\/\/schema.org","@graph":[{"@type":"WebPage","@id":"https:\/\/www.tourisme-valdemarne.com\/espace-pro\/seminaires-et-receptions-pro\/eductours-salons\/eductours\/eductour-2014-lieux-insolites-et-decales\/","url":"https:\/\/www.tourisme-valdemarne.com\/espace-pro\/seminaires-et-receptions-pro\/eductours-salons\/eductours\/eductour-2014-lieux-insolites-et-decales\/","name":"Eductour 2014 : Lieux insolites et d\u00e9cal\u00e9s - Espace Pro","isPartOf":{"@id":"https:\/\/www.tourisme-valdemarne.com\/espace-pro\/#website"},"primaryImageOfPage":{"@id":"https:\/\/www.tourisme-valdemarne.com\/espace-pro\/seminaires-et-receptions-pro\/eductours-salons\/eductours\/eductour-2014-lieux-insolites-et-decales\/#primaryimage"},"image":{"@id":"https:\/\/www.tourisme-valdemarne.com\/espace-pro\/seminaires-et-receptions-pro\/eductours-salons\/eductours\/eductour-2014-lieux-insolites-et-decales\/#primaryimage"},"thumbnailUrl":"https:\/\/www.tourisme-valdemarne.com\/espace-pro\/wp-content\/uploads\/sites\/3\/2019\/05\/le-generateur-gentilly.jpg","datePublished":"2019-05-14T09:43:58+00:00","dateModified":"2019-06-07T09:00:23+00:00","breadcrumb":{"@id":"https:\/\/www.tourisme-valdemarne.com\/espace-pro\/seminaires-et-receptions-pro\/eductours-salons\/eductours\/eductour-2014-lieux-insolites-et-decales\/#breadcrumb"},"inLanguage":"fr-FR","potentialAction":[{"@type":"ReadAction","target":["https:\/\/www.tourisme-valdemarne.com\/espace-pro\/seminaires-et-receptions-pro\/eductours-salons\/eductours\/eductour-2014-lieux-insolites-et-decales\/"]}]},{"@type":"ImageObject","inLanguage":"fr-FR","@id":"https:\/\/www.tourisme-valdemarne.com\/espace-pro\/seminaires-et-receptions-pro\/eductours-salons\/eductours\/eductour-2014-lieux-insolites-et-decales\/#primaryimage","url":"https:\/\/www.tourisme-valdemarne.com\/espace-pro\/wp-content\/uploads\/sites\/3\/2019\/05\/le-generateur-gentilly.jpg","contentUrl":"https:\/\/www.tourisme-valdemarne.com\/espace-pro\/wp-content\/uploads\/sites\/3\/2019\/05\/le-generateur-gentilly.jpg","width":2048,"height":1155,"caption":"Le Generateur \u00e0 Gentilly \u00a9 CDT94"},{"@type":"BreadcrumbList","@id":"https:\/\/www.tourisme-valdemarne.com\/espace-pro\/seminaires-et-receptions-pro\/eductours-salons\/eductours\/eductour-2014-lieux-insolites-et-decales\/#breadcrumb","itemListElement":[{"@type":"ListItem","position":1,"name":"Accueil","item":"https:\/\/www.tourisme-valdemarne.com\/espace-pro\/"},{"@type":"ListItem","position":2,"name":"S\u00e9minaires et r\u00e9ceptions Pro","item":"https:\/\/www.tourisme-valdemarne.com\/espace-pro\/seminaires-et-receptions-pro\/"},{"@type":"ListItem","position":3,"name":"Eductours &#038; Salons","item":"https:\/\/www.tourisme-valdemarne.com\/espace-pro\/seminaires-et-receptions-pro\/eductours-salons\/"},{"@type":"ListItem","position":4,"name":"Eductours","item":"https:\/\/www.tourisme-valdemarne.com\/espace-pro\/seminaires-et-receptions-pro\/eductours-salons\/eductours\/"},{"@type":"ListItem","position":5,"name":"Eductour 2014 : Lieux insolites et d\u00e9cal\u00e9s"}]},{"@type":"WebSite","@id":"https:\/\/www.tourisme-valdemarne.com\/espace-pro\/#website","url":"https:\/\/www.tourisme-valdemarne.com\/espace-pro\/","name":"Espace Pro","description":"Informations et outils pour les professionnels et la Presse","potentialAction":[{"@type":"SearchAction","target":{"@type":"EntryPoint","urlTemplate":"https:\/\/www.tourisme-valdemarne.com\/espace-pro\/?s={search_term_string}"},"query-input":{"@type":"PropertyValueSpecification","valueRequired":true,"valueName":"search_term_string"}}],"inLanguage":"fr-FR"}]}},"_links":{"self":[{"href":"https:\/\/www.tourisme-valdemarne.com\/espace-pro\/wp-json\/wp\/v2\/pages\/955","targetHints":{"allow":["GET"]}}],"collection":[{"href":"https:\/\/www.tourisme-valdemarne.com\/espace-pro\/wp-json\/wp\/v2\/pages"}],"about":[{"href":"https:\/\/www.tourisme-valdemarne.com\/espace-pro\/wp-json\/wp\/v2\/types\/page"}],"author":[{"embeddable":true,"href":"https:\/\/www.tourisme-valdemarne.com\/espace-pro\/wp-json\/wp\/v2\/users\/1"}],"replies":[{"embeddable":true,"href":"https:\/\/www.tourisme-valdemarne.com\/espace-pro\/wp-json\/wp\/v2\/comments?post=955"}],"version-history":[{"count":5,"href":"https:\/\/www.tourisme-valdemarne.com\/espace-pro\/wp-json\/wp\/v2\/pages\/955\/revisions"}],"predecessor-version":[{"id":3336,"href":"https:\/\/www.tourisme-valdemarne.com\/espace-pro\/wp-json\/wp\/v2\/pages\/955\/revisions\/3336"}],"up":[{"embeddable":true,"href":"https:\/\/www.tourisme-valdemarne.com\/espace-pro\/wp-json\/wp\/v2\/pages\/195"}],"wp:featuredmedia":[{"embeddable":true,"href":"https:\/\/www.tourisme-valdemarne.com\/espace-pro\/wp-json\/wp\/v2\/media\/3035"}],"wp:attachment":[{"href":"https:\/\/www.tourisme-valdemarne.com\/espace-pro\/wp-json\/wp\/v2\/media?parent=955"}],"wp:term":[{"taxonomy":"vdmTagMarketing","embeddable":true,"href":"https:\/\/www.tourisme-valdemarne.com\/espace-pro\/wp-json\/wp\/v2\/vdmTagMarketing?post=955"}],"curies":[{"name":"wp","href":"https:\/\/api.w.org\/{rel}","templated":true}]}}