{"id":951,"date":"2019-05-14T11:42:19","date_gmt":"2019-05-14T09:42:19","guid":{"rendered":"https:\/\/www.tourisme-valdemarne.com\/espace-pro\/restaurants"},"modified":"2023-01-19T16:16:19","modified_gmt":"2023-01-19T15:16:19","slug":"restaurants","status":"publish","type":"page","link":"https:\/\/www.tourisme-valdemarne.com\/espace-pro\/seminaires-et-receptions-pro\/trouver-le-lieu-ideal-seminaire\/restaurants\/","title":{"rendered":"Restaurants pour rendez-vous d&rsquo;affaires"},"content":{"rendered":"\n<p class=\"is-style-excerpt\">Se retrouver autour d\u2019une bonne table facilite les n\u00e9gociations, adoucit les discussions commerciales ardues et permet de mettre tout le monde d\u2019accord dans une atmosph\u00e8re conviviale.<\/p>\n\n\n\n<p>C\u2019est \u00e0 partir de ce constat que Val-de-Marne Tourisme &amp; Loisirs vous propose depuis plusieurs ann\u00e9es aux dirigeants d\u2019entreprises, \u00e0 leurs salari\u00e9s et aux hommes d\u2019affaires implant\u00e9s ou de passage sur le Val-de-Marne, une <strong>s\u00e9lection de restaurants<\/strong>. Des tables d\u2019affaires de qualit\u00e9 susceptibles d\u2019accueillir un d\u00e9jeuner ou un d\u00eener d\u2019affaires dans les meilleures conditions.<\/p>\n\n\n\n<p>Notre s\u00e9lection a \u00e9t\u00e9 r\u00e9alis\u00e9e en <strong>concertation avec les maires et responsables d\u2019entreprises<\/strong>, qui ont bien voulu nous confier leurs bonnes adresses.<\/p>\n\n\n\n<p class=\"is-style-highlight\">L\u2019objectif est de mettre \u00e0 l\u2019honneur une offre de restauration de qualit\u00e9, pas exclusivement fran\u00e7aise. Vous pouvez retrouver \u00e9galement sur nos blogs tous les <a href=\"https:\/\/www.tourisme-valdemarne.com\/les-restaurants-du-guide-michelin-a-tester-en-val-de-marne\/\" target=\"_blank\" rel=\"noreferrer noopener\" aria-label=\"restaurants val-de-marnais cit\u00e9s dans le Guide Michelin (s\u2019ouvre dans un nouvel onglet)\">restaurants val-de-marnais cit\u00e9s dans le Guide Michelin<\/a>.<\/p>\n\n\n\n<p>Notre moteur de recherche permet d\u2019identifier facilement un restaurant de qualit\u00e9 selon divers crit\u00e8res : la localisation par territoire ou par ville, le prix, le nom ou encore la pr\u00e9sence d\u2019une terrasse ou d\u2019un jardin. Une carte de g\u00e9olocalisation est \u00e9galement propos\u00e9e.<\/p>\n","protected":false},"excerpt":{"rendered":"<p>Se retrouver autour d\u2019une bonne table facilite les n\u00e9gociations, adoucit les discussions commerciales ardues et permet de mettre tout le monde d\u2019accord dans une atmosph\u00e8re conviviale. C\u2019est \u00e0 partir de ce constat que Val-de-Marne Tourisme &amp; Loisirs vous propose depuis plusieurs ann\u00e9es aux dirigeants d\u2019entreprises, \u00e0 leurs salari\u00e9s et aux hommes d\u2019affaires implant\u00e9s ou de [&hellip;]<\/p>\n","protected":false},"author":1,"featured_media":2941,"parent":191,"menu_order":20,"comment_status":"closed","ping_status":"closed","template":"partials\/template-sit.php","meta":{"_relevanssi_hide_post":"","_relevanssi_hide_content":"","_relevanssi_pin_for_all":"","_relevanssi_pin_keywords":"","_relevanssi_unpin_keywords":"","_relevanssi_related_keywords":"","_relevanssi_related_include_ids":"","_relevanssi_related_exclude_ids":"","_relevanssi_related_no_append":"","_relevanssi_related_not_related":"","_relevanssi_related_posts":"2751,444,446,446,8090,8074","_relevanssi_noindex_reason":"","footnotes":""},"vdmTagMarketing":[],"class_list":["post-951","page","type-page","status-publish","has-post-thumbnail","hentry"],"acf":[],"yoast_head":"<!-- This site is optimized with the Yoast SEO plugin v23.9 - https:\/\/yoast.com\/wordpress\/plugins\/seo\/ -->\n<title>Restaurants pour rendez-vous d&#039;affaires | Val-de-Marne Tourisme<\/title>\n<meta name=\"description\" content=\"Vous recherchez un restaurant pour un repas d&#039;affaires ? D\u00e9couvrez les restaurants adapt\u00e9s en Val-de-Marne.\" \/>\n<meta name=\"robots\" content=\"index, follow, max-snippet:-1, max-image-preview:large, max-video-preview:-1\" \/>\n<link rel=\"canonical\" href=\"https:\/\/www.tourisme-valdemarne.com\/espace-pro\/seminaires-et-receptions-pro\/trouver-le-lieu-ideal-seminaire\/restaurants\/\" \/>\n<meta property=\"og:locale\" content=\"fr_FR\" \/>\n<meta property=\"og:type\" content=\"article\" \/>\n<meta property=\"og:title\" content=\"Restaurants pour rendez-vous d&#039;affaires | Val-de-Marne Tourisme\" \/>\n<meta property=\"og:description\" content=\"Vous recherchez un restaurant pour un repas d&#039;affaires ? D\u00e9couvrez les restaurants adapt\u00e9s en Val-de-Marne.\" \/>\n<meta property=\"og:url\" content=\"https:\/\/www.tourisme-valdemarne.com\/espace-pro\/seminaires-et-receptions-pro\/trouver-le-lieu-ideal-seminaire\/restaurants\/\" \/>\n<meta property=\"og:site_name\" content=\"Espace Pro\" \/>\n<meta property=\"article:modified_time\" content=\"2023-01-19T15:16:19+00:00\" \/>\n<meta property=\"og:image\" content=\"https:\/\/www.tourisme-valdemarne.com\/espace-pro\/wp-content\/uploads\/sites\/3\/2019\/05\/verre-table-kyriad-prestige-joinville.jpg\" \/>\n\t<meta property=\"og:image:width\" content=\"900\" \/>\n\t<meta property=\"og:image:height\" content=\"1351\" \/>\n\t<meta property=\"og:image:type\" content=\"image\/jpeg\" \/>\n<meta name=\"twitter:card\" content=\"summary_large_image\" \/>\n<meta name=\"twitter:label1\" content=\"Dur\u00e9e de lecture estim\u00e9e\" \/>\n\t<meta name=\"twitter:data1\" content=\"1 minute\" \/>\n<script type=\"application\/ld+json\" class=\"yoast-schema-graph\">{\"@context\":\"https:\/\/schema.org\",\"@graph\":[{\"@type\":\"WebPage\",\"@id\":\"https:\/\/www.tourisme-valdemarne.com\/espace-pro\/seminaires-et-receptions-pro\/trouver-le-lieu-ideal-seminaire\/restaurants\/\",\"url\":\"https:\/\/www.tourisme-valdemarne.com\/espace-pro\/seminaires-et-receptions-pro\/trouver-le-lieu-ideal-seminaire\/restaurants\/\",\"name\":\"Restaurants pour rendez-vous d'affaires | Val-de-Marne Tourisme\",\"isPartOf\":{\"@id\":\"https:\/\/www.tourisme-valdemarne.com\/espace-pro\/#website\"},\"primaryImageOfPage\":{\"@id\":\"https:\/\/www.tourisme-valdemarne.com\/espace-pro\/seminaires-et-receptions-pro\/trouver-le-lieu-ideal-seminaire\/restaurants\/#primaryimage\"},\"image\":{\"@id\":\"https:\/\/www.tourisme-valdemarne.com\/espace-pro\/seminaires-et-receptions-pro\/trouver-le-lieu-ideal-seminaire\/restaurants\/#primaryimage\"},\"thumbnailUrl\":\"https:\/\/www.tourisme-valdemarne.com\/espace-pro\/wp-content\/uploads\/sites\/3\/2019\/05\/verre-table-kyriad-prestige-joinville.jpg\",\"datePublished\":\"2019-05-14T09:42:19+00:00\",\"dateModified\":\"2023-01-19T15:16:19+00:00\",\"description\":\"Vous recherchez un restaurant pour un repas d'affaires ? D\u00e9couvrez les restaurants adapt\u00e9s en Val-de-Marne.\",\"breadcrumb\":{\"@id\":\"https:\/\/www.tourisme-valdemarne.com\/espace-pro\/seminaires-et-receptions-pro\/trouver-le-lieu-ideal-seminaire\/restaurants\/#breadcrumb\"},\"inLanguage\":\"fr-FR\",\"potentialAction\":[{\"@type\":\"ReadAction\",\"target\":[\"https:\/\/www.tourisme-valdemarne.com\/espace-pro\/seminaires-et-receptions-pro\/trouver-le-lieu-ideal-seminaire\/restaurants\/\"]}]},{\"@type\":\"ImageObject\",\"inLanguage\":\"fr-FR\",\"@id\":\"https:\/\/www.tourisme-valdemarne.com\/espace-pro\/seminaires-et-receptions-pro\/trouver-le-lieu-ideal-seminaire\/restaurants\/#primaryimage\",\"url\":\"https:\/\/www.tourisme-valdemarne.com\/espace-pro\/wp-content\/uploads\/sites\/3\/2019\/05\/verre-table-kyriad-prestige-joinville.jpg\",\"contentUrl\":\"https:\/\/www.tourisme-valdemarne.com\/espace-pro\/wp-content\/uploads\/sites\/3\/2019\/05\/verre-table-kyriad-prestige-joinville.jpg\",\"width\":900,\"height\":1351,\"caption\":\"Table restaurant kyriad prestige\"},{\"@type\":\"BreadcrumbList\",\"@id\":\"https:\/\/www.tourisme-valdemarne.com\/espace-pro\/seminaires-et-receptions-pro\/trouver-le-lieu-ideal-seminaire\/restaurants\/#breadcrumb\",\"itemListElement\":[{\"@type\":\"ListItem\",\"position\":1,\"name\":\"Accueil\",\"item\":\"https:\/\/www.tourisme-valdemarne.com\/espace-pro\/\"},{\"@type\":\"ListItem\",\"position\":2,\"name\":\"S\u00e9minaires et r\u00e9ceptions Pro\",\"item\":\"https:\/\/www.tourisme-valdemarne.com\/espace-pro\/seminaires-et-receptions-pro\/\"},{\"@type\":\"ListItem\",\"position\":3,\"name\":\"Trouver le lieu id\u00e9al : 150 lieux de s\u00e9minaires dans le Val-de-Marne\",\"item\":\"https:\/\/www.tourisme-valdemarne.com\/espace-pro\/seminaires-et-receptions-pro\/trouver-le-lieu-ideal-seminaire\/\"},{\"@type\":\"ListItem\",\"position\":4,\"name\":\"Restaurants pour rendez-vous d&rsquo;affaires\"}]},{\"@type\":\"WebSite\",\"@id\":\"https:\/\/www.tourisme-valdemarne.com\/espace-pro\/#website\",\"url\":\"https:\/\/www.tourisme-valdemarne.com\/espace-pro\/\",\"name\":\"Espace Pro\",\"description\":\"Informations et outils pour les professionnels et la Presse\",\"potentialAction\":[{\"@type\":\"SearchAction\",\"target\":{\"@type\":\"EntryPoint\",\"urlTemplate\":\"https:\/\/www.tourisme-valdemarne.com\/espace-pro\/?s={search_term_string}\"},\"query-input\":{\"@type\":\"PropertyValueSpecification\",\"valueRequired\":true,\"valueName\":\"search_term_string\"}}],\"inLanguage\":\"fr-FR\"}]}<\/script>\n<!-- \/ Yoast SEO plugin. -->","yoast_head_json":{"title":"Restaurants pour rendez-vous d'affaires | Val-de-Marne Tourisme","description":"Vous recherchez un restaurant pour un repas d'affaires ? D\u00e9couvrez les restaurants adapt\u00e9s en Val-de-Marne.","robots":{"index":"index","follow":"follow","max-snippet":"max-snippet:-1","max-image-preview":"max-image-preview:large","max-video-preview":"max-video-preview:-1"},"canonical":"https:\/\/www.tourisme-valdemarne.com\/espace-pro\/seminaires-et-receptions-pro\/trouver-le-lieu-ideal-seminaire\/restaurants\/","og_locale":"fr_FR","og_type":"article","og_title":"Restaurants pour rendez-vous d'affaires | Val-de-Marne Tourisme","og_description":"Vous recherchez un restaurant pour un repas d'affaires ? D\u00e9couvrez les restaurants adapt\u00e9s en Val-de-Marne.","og_url":"https:\/\/www.tourisme-valdemarne.com\/espace-pro\/seminaires-et-receptions-pro\/trouver-le-lieu-ideal-seminaire\/restaurants\/","og_site_name":"Espace Pro","article_modified_time":"2023-01-19T15:16:19+00:00","og_image":[{"width":900,"height":1351,"url":"https:\/\/www.tourisme-valdemarne.com\/espace-pro\/wp-content\/uploads\/sites\/3\/2019\/05\/verre-table-kyriad-prestige-joinville.jpg","type":"image\/jpeg"}],"twitter_card":"summary_large_image","twitter_misc":{"Dur\u00e9e de lecture estim\u00e9e":"1 minute"},"schema":{"@context":"https:\/\/schema.org","@graph":[{"@type":"WebPage","@id":"https:\/\/www.tourisme-valdemarne.com\/espace-pro\/seminaires-et-receptions-pro\/trouver-le-lieu-ideal-seminaire\/restaurants\/","url":"https:\/\/www.tourisme-valdemarne.com\/espace-pro\/seminaires-et-receptions-pro\/trouver-le-lieu-ideal-seminaire\/restaurants\/","name":"Restaurants pour rendez-vous d'affaires | Val-de-Marne Tourisme","isPartOf":{"@id":"https:\/\/www.tourisme-valdemarne.com\/espace-pro\/#website"},"primaryImageOfPage":{"@id":"https:\/\/www.tourisme-valdemarne.com\/espace-pro\/seminaires-et-receptions-pro\/trouver-le-lieu-ideal-seminaire\/restaurants\/#primaryimage"},"image":{"@id":"https:\/\/www.tourisme-valdemarne.com\/espace-pro\/seminaires-et-receptions-pro\/trouver-le-lieu-ideal-seminaire\/restaurants\/#primaryimage"},"thumbnailUrl":"https:\/\/www.tourisme-valdemarne.com\/espace-pro\/wp-content\/uploads\/sites\/3\/2019\/05\/verre-table-kyriad-prestige-joinville.jpg","datePublished":"2019-05-14T09:42:19+00:00","dateModified":"2023-01-19T15:16:19+00:00","description":"Vous recherchez un restaurant pour un repas d'affaires ? D\u00e9couvrez les restaurants adapt\u00e9s en Val-de-Marne.","breadcrumb":{"@id":"https:\/\/www.tourisme-valdemarne.com\/espace-pro\/seminaires-et-receptions-pro\/trouver-le-lieu-ideal-seminaire\/restaurants\/#breadcrumb"},"inLanguage":"fr-FR","potentialAction":[{"@type":"ReadAction","target":["https:\/\/www.tourisme-valdemarne.com\/espace-pro\/seminaires-et-receptions-pro\/trouver-le-lieu-ideal-seminaire\/restaurants\/"]}]},{"@type":"ImageObject","inLanguage":"fr-FR","@id":"https:\/\/www.tourisme-valdemarne.com\/espace-pro\/seminaires-et-receptions-pro\/trouver-le-lieu-ideal-seminaire\/restaurants\/#primaryimage","url":"https:\/\/www.tourisme-valdemarne.com\/espace-pro\/wp-content\/uploads\/sites\/3\/2019\/05\/verre-table-kyriad-prestige-joinville.jpg","contentUrl":"https:\/\/www.tourisme-valdemarne.com\/espace-pro\/wp-content\/uploads\/sites\/3\/2019\/05\/verre-table-kyriad-prestige-joinville.jpg","width":900,"height":1351,"caption":"Table restaurant kyriad prestige"},{"@type":"BreadcrumbList","@id":"https:\/\/www.tourisme-valdemarne.com\/espace-pro\/seminaires-et-receptions-pro\/trouver-le-lieu-ideal-seminaire\/restaurants\/#breadcrumb","itemListElement":[{"@type":"ListItem","position":1,"name":"Accueil","item":"https:\/\/www.tourisme-valdemarne.com\/espace-pro\/"},{"@type":"ListItem","position":2,"name":"S\u00e9minaires et r\u00e9ceptions Pro","item":"https:\/\/www.tourisme-valdemarne.com\/espace-pro\/seminaires-et-receptions-pro\/"},{"@type":"ListItem","position":3,"name":"Trouver le lieu id\u00e9al : 150 lieux de s\u00e9minaires dans le Val-de-Marne","item":"https:\/\/www.tourisme-valdemarne.com\/espace-pro\/seminaires-et-receptions-pro\/trouver-le-lieu-ideal-seminaire\/"},{"@type":"ListItem","position":4,"name":"Restaurants pour rendez-vous d&rsquo;affaires"}]},{"@type":"WebSite","@id":"https:\/\/www.tourisme-valdemarne.com\/espace-pro\/#website","url":"https:\/\/www.tourisme-valdemarne.com\/espace-pro\/","name":"Espace Pro","description":"Informations et outils pour les professionnels et la Presse","potentialAction":[{"@type":"SearchAction","target":{"@type":"EntryPoint","urlTemplate":"https:\/\/www.tourisme-valdemarne.com\/espace-pro\/?s={search_term_string}"},"query-input":{"@type":"PropertyValueSpecification","valueRequired":true,"valueName":"search_term_string"}}],"inLanguage":"fr-FR"}]}},"_links":{"self":[{"href":"https:\/\/www.tourisme-valdemarne.com\/espace-pro\/wp-json\/wp\/v2\/pages\/951","targetHints":{"allow":["GET"]}}],"collection":[{"href":"https:\/\/www.tourisme-valdemarne.com\/espace-pro\/wp-json\/wp\/v2\/pages"}],"about":[{"href":"https:\/\/www.tourisme-valdemarne.com\/espace-pro\/wp-json\/wp\/v2\/types\/page"}],"author":[{"embeddable":true,"href":"https:\/\/www.tourisme-valdemarne.com\/espace-pro\/wp-json\/wp\/v2\/users\/1"}],"replies":[{"embeddable":true,"href":"https:\/\/www.tourisme-valdemarne.com\/espace-pro\/wp-json\/wp\/v2\/comments?post=951"}],"version-history":[{"count":7,"href":"https:\/\/www.tourisme-valdemarne.com\/espace-pro\/wp-json\/wp\/v2\/pages\/951\/revisions"}],"predecessor-version":[{"id":14060,"href":"https:\/\/www.tourisme-valdemarne.com\/espace-pro\/wp-json\/wp\/v2\/pages\/951\/revisions\/14060"}],"up":[{"embeddable":true,"href":"https:\/\/www.tourisme-valdemarne.com\/espace-pro\/wp-json\/wp\/v2\/pages\/191"}],"wp:featuredmedia":[{"embeddable":true,"href":"https:\/\/www.tourisme-valdemarne.com\/espace-pro\/wp-json\/wp\/v2\/media\/2941"}],"wp:attachment":[{"href":"https:\/\/www.tourisme-valdemarne.com\/espace-pro\/wp-json\/wp\/v2\/media?parent=951"}],"wp:term":[{"taxonomy":"vdmTagMarketing","embeddable":true,"href":"https:\/\/www.tourisme-valdemarne.com\/espace-pro\/wp-json\/wp\/v2\/vdmTagMarketing?post=951"}],"curies":[{"name":"wp","href":"https:\/\/api.w.org\/{rel}","templated":true}]}}