{"id":949,"date":"2019-05-14T11:42:00","date_gmt":"2019-05-14T09:42:00","guid":{"rendered":"https:\/\/www.tourisme-valdemarne.com\/espace-pro\/hebergements"},"modified":"2024-02-08T14:13:24","modified_gmt":"2024-02-08T13:13:24","slug":"hebergements","status":"publish","type":"page","link":"https:\/\/www.tourisme-valdemarne.com\/espace-pro\/seminaires-et-receptions-pro\/trouver-le-lieu-ideal-seminaire\/hebergements\/","title":{"rendered":"H\u00e9bergements"},"content":{"rendered":"\n<p class=\"is-style-excerpt\">Trouvez l&rsquo;h\u00e9bergement qui conviendra \u00e0 vos partenaires \u00e0 l&rsquo;occasion d&rsquo;un salon, une conf\u00e9rence ou un s\u00e9minaire; De l&rsquo;atypique Chinagora \u00e0 Alfortville \u00e0 l&rsquo;institution du Nogentel, on vous propose un large choix d&rsquo;h\u00f4tels allant jusqu&rsquo;au 4 \u00e9toiles\u2026<\/p>\n\n\n\n<p>Egalement appel\u00e9 CHRO (pour Club Hotelier Rungis Orly), le <a href=\"https:\/\/club-hotelier-val-de-marne.com\/\" target=\"_blank\" rel=\"noreferrer noopener\" aria-label=\"Club Hotelier du Val-de-Marne (s\u2019ouvre dans un nouvel onglet)\">Club Hotelier du Val-de-Marne<\/a> regroupe plus d&rsquo;une vingtaine d&rsquo;h\u00f4tels du territoire.<\/p>\n\n\n\n<p>Une demande unique au CHRO vous permettra de<strong> trouver exactement l&rsquo;h\u00f4tel qui correspond \u00e0 vos besoins<\/strong>, pour l&rsquo;h\u00e9bergement de vos \u00e9quipes mais \u00e9galement pour l&rsquo;organisation de s\u00e9minaires et conf\u00e9rences. R\u00e9partis sur plusieurs zones strat\u00e9giques du d\u00e9partement (March\u00e9 de Rungis, A\u00e9roport d&rsquo;Orly, Portes de Paris, Bois de Vincennes, Bords de Marne\u2026), la grande majorit\u00e9 des \u00e9tablissement r\u00e9f\u00e9renc\u00e9s dispose d&rsquo;espaces de r\u00e9unions et de services adapt\u00e9s au public MICE (traiteur, navette, mat\u00e9riel\u2026).<\/p>\n\n\n\n<p>Pour retrouver tous les lieux qui peuvent accueillir votre \u00e9v\u00e9nement d\u2019affaires en Val-de-Marne,\u00a0<strong>consultez notre\u00a0<\/strong><a href=\"https:\/\/www.tourisme-valdemarne.com\/espace-pro\/seminaires-et-receptions-pro\/trouver-le-lieu-ideal\/\" target=\"_blank\" rel=\"noreferrer noopener\"><strong>moteur de recherche<\/strong><\/a><strong>.<\/strong><\/p>\n","protected":false},"excerpt":{"rendered":"<p>Trouvez l&rsquo;h\u00e9bergement qui conviendra \u00e0 vos partenaires \u00e0 l&rsquo;occasion d&rsquo;un salon, une conf\u00e9rence ou un s\u00e9minaire; De l&rsquo;atypique Chinagora \u00e0 Alfortville \u00e0 l&rsquo;institution du Nogentel, on vous propose un large choix d&rsquo;h\u00f4tels allant jusqu&rsquo;au 4 \u00e9toiles\u2026 Egalement appel\u00e9 CHRO (pour Club Hotelier Rungis Orly), le Club Hotelier du Val-de-Marne regroupe plus d&rsquo;une vingtaine d&rsquo;h\u00f4tels du [&hellip;]<\/p>\n","protected":false},"author":1,"featured_media":2853,"parent":191,"menu_order":10,"comment_status":"closed","ping_status":"closed","template":"partials\/template-sit.php","meta":{"_relevanssi_hide_post":"","_relevanssi_hide_content":"","_relevanssi_pin_for_all":"","_relevanssi_pin_keywords":"","_relevanssi_unpin_keywords":"","_relevanssi_related_keywords":"","_relevanssi_related_include_ids":"","_relevanssi_related_exclude_ids":"","_relevanssi_related_no_append":"","_relevanssi_related_not_related":"","_relevanssi_related_posts":"2749,2751,8074,8095,8105,8101","_relevanssi_noindex_reason":"","footnotes":""},"vdmTagMarketing":[],"class_list":["post-949","page","type-page","status-publish","has-post-thumbnail","hentry"],"acf":[],"yoast_head":"<!-- This site is optimized with the Yoast SEO plugin v23.9 - https:\/\/yoast.com\/wordpress\/plugins\/seo\/ -->\n<title>H\u00e9bergements - Espace Pro<\/title>\n<meta name=\"description\" content=\"Trouvez l\u2019h\u00e9bergement qui conviendra \u00e0 vos partenaires \u00e0 l\u2019occasion d\u2019un salon, d&#039;une conf\u00e9rence ou d&#039;un s\u00e9minaire.\" \/>\n<meta name=\"robots\" content=\"index, follow, max-snippet:-1, max-image-preview:large, max-video-preview:-1\" \/>\n<link rel=\"canonical\" href=\"https:\/\/www.tourisme-valdemarne.com\/espace-pro\/seminaires-et-receptions-pro\/trouver-le-lieu-ideal-seminaire\/hebergements\/\" \/>\n<meta property=\"og:locale\" content=\"fr_FR\" \/>\n<meta property=\"og:type\" content=\"article\" \/>\n<meta property=\"og:title\" content=\"H\u00e9bergements - Espace Pro\" \/>\n<meta property=\"og:description\" content=\"Trouvez l\u2019h\u00e9bergement qui conviendra \u00e0 vos partenaires \u00e0 l\u2019occasion d\u2019un salon, d&#039;une conf\u00e9rence ou d&#039;un s\u00e9minaire.\" \/>\n<meta property=\"og:url\" content=\"https:\/\/www.tourisme-valdemarne.com\/espace-pro\/seminaires-et-receptions-pro\/trouver-le-lieu-ideal-seminaire\/hebergements\/\" \/>\n<meta property=\"og:site_name\" content=\"Espace Pro\" \/>\n<meta property=\"article:modified_time\" content=\"2024-02-08T13:13:24+00:00\" \/>\n<meta property=\"og:image\" content=\"https:\/\/www.tourisme-valdemarne.com\/espace-pro\/wp-content\/uploads\/sites\/3\/2019\/05\/novotel_creteil_le_lac_cp_m.bertrand.jpg\" \/>\n\t<meta property=\"og:image:width\" content=\"1600\" \/>\n\t<meta property=\"og:image:height\" content=\"900\" \/>\n\t<meta property=\"og:image:type\" content=\"image\/jpeg\" \/>\n<meta name=\"twitter:card\" content=\"summary_large_image\" \/>\n<meta name=\"twitter:label1\" content=\"Dur\u00e9e de lecture estim\u00e9e\" \/>\n\t<meta name=\"twitter:data1\" content=\"1 minute\" \/>\n<script type=\"application\/ld+json\" class=\"yoast-schema-graph\">{\"@context\":\"https:\/\/schema.org\",\"@graph\":[{\"@type\":\"WebPage\",\"@id\":\"https:\/\/www.tourisme-valdemarne.com\/espace-pro\/seminaires-et-receptions-pro\/trouver-le-lieu-ideal-seminaire\/hebergements\/\",\"url\":\"https:\/\/www.tourisme-valdemarne.com\/espace-pro\/seminaires-et-receptions-pro\/trouver-le-lieu-ideal-seminaire\/hebergements\/\",\"name\":\"H\u00e9bergements - Espace Pro\",\"isPartOf\":{\"@id\":\"https:\/\/www.tourisme-valdemarne.com\/espace-pro\/#website\"},\"primaryImageOfPage\":{\"@id\":\"https:\/\/www.tourisme-valdemarne.com\/espace-pro\/seminaires-et-receptions-pro\/trouver-le-lieu-ideal-seminaire\/hebergements\/#primaryimage\"},\"image\":{\"@id\":\"https:\/\/www.tourisme-valdemarne.com\/espace-pro\/seminaires-et-receptions-pro\/trouver-le-lieu-ideal-seminaire\/hebergements\/#primaryimage\"},\"thumbnailUrl\":\"https:\/\/www.tourisme-valdemarne.com\/espace-pro\/wp-content\/uploads\/sites\/3\/2019\/05\/novotel_creteil_le_lac_cp_m.bertrand.jpg\",\"datePublished\":\"2019-05-14T09:42:00+00:00\",\"dateModified\":\"2024-02-08T13:13:24+00:00\",\"description\":\"Trouvez l\u2019h\u00e9bergement qui conviendra \u00e0 vos partenaires \u00e0 l\u2019occasion d\u2019un salon, d'une conf\u00e9rence ou d'un s\u00e9minaire.\",\"breadcrumb\":{\"@id\":\"https:\/\/www.tourisme-valdemarne.com\/espace-pro\/seminaires-et-receptions-pro\/trouver-le-lieu-ideal-seminaire\/hebergements\/#breadcrumb\"},\"inLanguage\":\"fr-FR\",\"potentialAction\":[{\"@type\":\"ReadAction\",\"target\":[\"https:\/\/www.tourisme-valdemarne.com\/espace-pro\/seminaires-et-receptions-pro\/trouver-le-lieu-ideal-seminaire\/hebergements\/\"]}]},{\"@type\":\"ImageObject\",\"inLanguage\":\"fr-FR\",\"@id\":\"https:\/\/www.tourisme-valdemarne.com\/espace-pro\/seminaires-et-receptions-pro\/trouver-le-lieu-ideal-seminaire\/hebergements\/#primaryimage\",\"url\":\"https:\/\/www.tourisme-valdemarne.com\/espace-pro\/wp-content\/uploads\/sites\/3\/2019\/05\/novotel_creteil_le_lac_cp_m.bertrand.jpg\",\"contentUrl\":\"https:\/\/www.tourisme-valdemarne.com\/espace-pro\/wp-content\/uploads\/sites\/3\/2019\/05\/novotel_creteil_le_lac_cp_m.bertrand.jpg\",\"width\":1600,\"height\":900,\"caption\":\"Chambre du Novotel Cr\u00e9teil Le Lac \u00a9 M. Bertrand\"},{\"@type\":\"BreadcrumbList\",\"@id\":\"https:\/\/www.tourisme-valdemarne.com\/espace-pro\/seminaires-et-receptions-pro\/trouver-le-lieu-ideal-seminaire\/hebergements\/#breadcrumb\",\"itemListElement\":[{\"@type\":\"ListItem\",\"position\":1,\"name\":\"Accueil\",\"item\":\"https:\/\/www.tourisme-valdemarne.com\/espace-pro\/\"},{\"@type\":\"ListItem\",\"position\":2,\"name\":\"S\u00e9minaires et r\u00e9ceptions Pro\",\"item\":\"https:\/\/www.tourisme-valdemarne.com\/espace-pro\/seminaires-et-receptions-pro\/\"},{\"@type\":\"ListItem\",\"position\":3,\"name\":\"Trouver le lieu id\u00e9al : 150 lieux de s\u00e9minaires dans le Val-de-Marne\",\"item\":\"https:\/\/www.tourisme-valdemarne.com\/espace-pro\/seminaires-et-receptions-pro\/trouver-le-lieu-ideal-seminaire\/\"},{\"@type\":\"ListItem\",\"position\":4,\"name\":\"H\u00e9bergements\"}]},{\"@type\":\"WebSite\",\"@id\":\"https:\/\/www.tourisme-valdemarne.com\/espace-pro\/#website\",\"url\":\"https:\/\/www.tourisme-valdemarne.com\/espace-pro\/\",\"name\":\"Espace Pro\",\"description\":\"Informations et outils pour les professionnels et la Presse\",\"potentialAction\":[{\"@type\":\"SearchAction\",\"target\":{\"@type\":\"EntryPoint\",\"urlTemplate\":\"https:\/\/www.tourisme-valdemarne.com\/espace-pro\/?s={search_term_string}\"},\"query-input\":{\"@type\":\"PropertyValueSpecification\",\"valueRequired\":true,\"valueName\":\"search_term_string\"}}],\"inLanguage\":\"fr-FR\"}]}<\/script>\n<!-- \/ Yoast SEO plugin. -->","yoast_head_json":{"title":"H\u00e9bergements - Espace Pro","description":"Trouvez l\u2019h\u00e9bergement qui conviendra \u00e0 vos partenaires \u00e0 l\u2019occasion d\u2019un salon, d'une conf\u00e9rence ou d'un s\u00e9minaire.","robots":{"index":"index","follow":"follow","max-snippet":"max-snippet:-1","max-image-preview":"max-image-preview:large","max-video-preview":"max-video-preview:-1"},"canonical":"https:\/\/www.tourisme-valdemarne.com\/espace-pro\/seminaires-et-receptions-pro\/trouver-le-lieu-ideal-seminaire\/hebergements\/","og_locale":"fr_FR","og_type":"article","og_title":"H\u00e9bergements - Espace Pro","og_description":"Trouvez l\u2019h\u00e9bergement qui conviendra \u00e0 vos partenaires \u00e0 l\u2019occasion d\u2019un salon, d'une conf\u00e9rence ou d'un s\u00e9minaire.","og_url":"https:\/\/www.tourisme-valdemarne.com\/espace-pro\/seminaires-et-receptions-pro\/trouver-le-lieu-ideal-seminaire\/hebergements\/","og_site_name":"Espace Pro","article_modified_time":"2024-02-08T13:13:24+00:00","og_image":[{"width":1600,"height":900,"url":"https:\/\/www.tourisme-valdemarne.com\/espace-pro\/wp-content\/uploads\/sites\/3\/2019\/05\/novotel_creteil_le_lac_cp_m.bertrand.jpg","type":"image\/jpeg"}],"twitter_card":"summary_large_image","twitter_misc":{"Dur\u00e9e de lecture estim\u00e9e":"1 minute"},"schema":{"@context":"https:\/\/schema.org","@graph":[{"@type":"WebPage","@id":"https:\/\/www.tourisme-valdemarne.com\/espace-pro\/seminaires-et-receptions-pro\/trouver-le-lieu-ideal-seminaire\/hebergements\/","url":"https:\/\/www.tourisme-valdemarne.com\/espace-pro\/seminaires-et-receptions-pro\/trouver-le-lieu-ideal-seminaire\/hebergements\/","name":"H\u00e9bergements - Espace Pro","isPartOf":{"@id":"https:\/\/www.tourisme-valdemarne.com\/espace-pro\/#website"},"primaryImageOfPage":{"@id":"https:\/\/www.tourisme-valdemarne.com\/espace-pro\/seminaires-et-receptions-pro\/trouver-le-lieu-ideal-seminaire\/hebergements\/#primaryimage"},"image":{"@id":"https:\/\/www.tourisme-valdemarne.com\/espace-pro\/seminaires-et-receptions-pro\/trouver-le-lieu-ideal-seminaire\/hebergements\/#primaryimage"},"thumbnailUrl":"https:\/\/www.tourisme-valdemarne.com\/espace-pro\/wp-content\/uploads\/sites\/3\/2019\/05\/novotel_creteil_le_lac_cp_m.bertrand.jpg","datePublished":"2019-05-14T09:42:00+00:00","dateModified":"2024-02-08T13:13:24+00:00","description":"Trouvez l\u2019h\u00e9bergement qui conviendra \u00e0 vos partenaires \u00e0 l\u2019occasion d\u2019un salon, d'une conf\u00e9rence ou d'un s\u00e9minaire.","breadcrumb":{"@id":"https:\/\/www.tourisme-valdemarne.com\/espace-pro\/seminaires-et-receptions-pro\/trouver-le-lieu-ideal-seminaire\/hebergements\/#breadcrumb"},"inLanguage":"fr-FR","potentialAction":[{"@type":"ReadAction","target":["https:\/\/www.tourisme-valdemarne.com\/espace-pro\/seminaires-et-receptions-pro\/trouver-le-lieu-ideal-seminaire\/hebergements\/"]}]},{"@type":"ImageObject","inLanguage":"fr-FR","@id":"https:\/\/www.tourisme-valdemarne.com\/espace-pro\/seminaires-et-receptions-pro\/trouver-le-lieu-ideal-seminaire\/hebergements\/#primaryimage","url":"https:\/\/www.tourisme-valdemarne.com\/espace-pro\/wp-content\/uploads\/sites\/3\/2019\/05\/novotel_creteil_le_lac_cp_m.bertrand.jpg","contentUrl":"https:\/\/www.tourisme-valdemarne.com\/espace-pro\/wp-content\/uploads\/sites\/3\/2019\/05\/novotel_creteil_le_lac_cp_m.bertrand.jpg","width":1600,"height":900,"caption":"Chambre du Novotel Cr\u00e9teil Le Lac \u00a9 M. Bertrand"},{"@type":"BreadcrumbList","@id":"https:\/\/www.tourisme-valdemarne.com\/espace-pro\/seminaires-et-receptions-pro\/trouver-le-lieu-ideal-seminaire\/hebergements\/#breadcrumb","itemListElement":[{"@type":"ListItem","position":1,"name":"Accueil","item":"https:\/\/www.tourisme-valdemarne.com\/espace-pro\/"},{"@type":"ListItem","position":2,"name":"S\u00e9minaires et r\u00e9ceptions Pro","item":"https:\/\/www.tourisme-valdemarne.com\/espace-pro\/seminaires-et-receptions-pro\/"},{"@type":"ListItem","position":3,"name":"Trouver le lieu id\u00e9al : 150 lieux de s\u00e9minaires dans le Val-de-Marne","item":"https:\/\/www.tourisme-valdemarne.com\/espace-pro\/seminaires-et-receptions-pro\/trouver-le-lieu-ideal-seminaire\/"},{"@type":"ListItem","position":4,"name":"H\u00e9bergements"}]},{"@type":"WebSite","@id":"https:\/\/www.tourisme-valdemarne.com\/espace-pro\/#website","url":"https:\/\/www.tourisme-valdemarne.com\/espace-pro\/","name":"Espace Pro","description":"Informations et outils pour les professionnels et la Presse","potentialAction":[{"@type":"SearchAction","target":{"@type":"EntryPoint","urlTemplate":"https:\/\/www.tourisme-valdemarne.com\/espace-pro\/?s={search_term_string}"},"query-input":{"@type":"PropertyValueSpecification","valueRequired":true,"valueName":"search_term_string"}}],"inLanguage":"fr-FR"}]}},"_links":{"self":[{"href":"https:\/\/www.tourisme-valdemarne.com\/espace-pro\/wp-json\/wp\/v2\/pages\/949","targetHints":{"allow":["GET"]}}],"collection":[{"href":"https:\/\/www.tourisme-valdemarne.com\/espace-pro\/wp-json\/wp\/v2\/pages"}],"about":[{"href":"https:\/\/www.tourisme-valdemarne.com\/espace-pro\/wp-json\/wp\/v2\/types\/page"}],"author":[{"embeddable":true,"href":"https:\/\/www.tourisme-valdemarne.com\/espace-pro\/wp-json\/wp\/v2\/users\/1"}],"replies":[{"embeddable":true,"href":"https:\/\/www.tourisme-valdemarne.com\/espace-pro\/wp-json\/wp\/v2\/comments?post=949"}],"version-history":[{"count":9,"href":"https:\/\/www.tourisme-valdemarne.com\/espace-pro\/wp-json\/wp\/v2\/pages\/949\/revisions"}],"predecessor-version":[{"id":26254,"href":"https:\/\/www.tourisme-valdemarne.com\/espace-pro\/wp-json\/wp\/v2\/pages\/949\/revisions\/26254"}],"up":[{"embeddable":true,"href":"https:\/\/www.tourisme-valdemarne.com\/espace-pro\/wp-json\/wp\/v2\/pages\/191"}],"wp:featuredmedia":[{"embeddable":true,"href":"https:\/\/www.tourisme-valdemarne.com\/espace-pro\/wp-json\/wp\/v2\/media\/2853"}],"wp:attachment":[{"href":"https:\/\/www.tourisme-valdemarne.com\/espace-pro\/wp-json\/wp\/v2\/media?parent=949"}],"wp:term":[{"taxonomy":"vdmTagMarketing","embeddable":true,"href":"https:\/\/www.tourisme-valdemarne.com\/espace-pro\/wp-json\/wp\/v2\/vdmTagMarketing?post=949"}],"curies":[{"name":"wp","href":"https:\/\/api.w.org\/{rel}","templated":true}]}}