{"id":947,"date":"2019-05-14T11:39:55","date_gmt":"2019-05-14T09:39:55","guid":{"rendered":"https:\/\/www.tourisme-valdemarne.com\/espace-pro\/frequentation-des-sites-et-evenements"},"modified":"2023-02-20T13:38:03","modified_gmt":"2023-02-20T12:38:03","slug":"frequentation-des-sites-et-evenements","status":"publish","type":"page","link":"https:\/\/www.tourisme-valdemarne.com\/espace-pro\/observatoire-du-tourisme\/frequentation-des-sites-et-evenements\/","title":{"rendered":"Fr\u00e9quentation des sites et \u00e9v\u00e8nements"},"content":{"rendered":"\n<p class=\"is-style-excerpt\">Chaque ann\u00e9e nous collectons les donn\u00e9es de fr\u00e9quentation des principaux sites de visite et \u00e9v\u00e9nements du Val-de-Marne, ainsi que des offices de tourisme.<\/p>\n\n\n\n<p>Ch\u00e2teau de Vincennes, MAC\/VAL, Playmobil Fun Park, golf du parc du Tremblay, etc. retrouvez leurs chiffres de fr\u00e9quentation sur les pages d\u00e9di\u00e9es, ainsi que le profil des visiteurs accueillis.<\/p>\n\n\n\n<p>Les Journ\u00e9es europ\u00e9ennes du patrimoine, qui ont lieu chaque ann\u00e9e au mois de septembre, sont \u00e9galement une bonne occasion de mesurer la fr\u00e9quentation des sites patrimoniaux du d\u00e9partement. Une enqu\u00eate est men\u00e9e apr\u00e8s chaque \u00e9dition afin d\u2019analyser la fr\u00e9quentation par lieux ouverts au public et par commune.<\/p>\n\n\n\n<p class=\"is-style-highlight\"><strong>Accompagnement<\/strong><br>Collectivit\u00e9s, sites de visite, etc. l&rsquo;Observatoire du tourisme peut vous accompagner pour la mise en place d&rsquo;enqu\u00eates aupr\u00e8s de votre client\u00e8le ou public. N&rsquo;h\u00e9sitez pas \u00e0 <a href=\"mailto:cc&#104;owa&#104;&#64;&#116;o&#117;ri&#115;me&#45;&#118;&#97;l&#100;e&#109;&#97;rne.&#99;om\" target=\"_blank\" rel=\"noreferrer noopener\">nous contacter par mail<\/a>. <\/p>\n","protected":false},"excerpt":{"rendered":"<p>Chaque ann\u00e9e nous collectons les donn\u00e9es de fr\u00e9quentation des principaux sites de visite et \u00e9v\u00e9nements du Val-de-Marne, ainsi que des offices de tourisme. Ch\u00e2teau de Vincennes, MAC\/VAL, Playmobil Fun Park, golf du parc du Tremblay, etc. retrouvez leurs chiffres de fr\u00e9quentation sur les pages d\u00e9di\u00e9es, ainsi que le profil des visiteurs accueillis. Les Journ\u00e9es europ\u00e9ennes [&hellip;]<\/p>\n","protected":false},"author":1,"featured_media":814,"parent":13,"menu_order":98,"comment_status":"closed","ping_status":"closed","template":"partials\/template-intermediaire.php","meta":{"_relevanssi_hide_post":"","_relevanssi_hide_content":"","_relevanssi_pin_for_all":"","_relevanssi_pin_keywords":"","_relevanssi_unpin_keywords":"","_relevanssi_related_keywords":"","_relevanssi_related_include_ids":"","_relevanssi_related_exclude_ids":"","_relevanssi_related_no_append":"","_relevanssi_related_not_related":"","_relevanssi_related_posts":"2741,2749,442,444,2751,8108","_relevanssi_noindex_reason":"","footnotes":""},"vdmTagMarketing":[],"class_list":["post-947","page","type-page","status-publish","has-post-thumbnail","hentry"],"acf":[],"yoast_head":"<!-- This site is optimized with the Yoast SEO plugin v23.9 - https:\/\/yoast.com\/wordpress\/plugins\/seo\/ -->\n<title>Fr\u00e9quentation des sites et \u00e9v\u00e8nements | Val-de-Marne Tourisme<\/title>\n<meta name=\"description\" content=\"Tous les ans, Val-de-Marne Tourisme collecte les donn\u00e9es de fr\u00e9quentation des diff\u00e9rents sites et \u00e9v\u00e8nements du d\u00e9partement.\" \/>\n<meta name=\"robots\" content=\"index, follow, max-snippet:-1, max-image-preview:large, max-video-preview:-1\" \/>\n<link rel=\"canonical\" href=\"https:\/\/www.tourisme-valdemarne.com\/espace-pro\/observatoire-du-tourisme\/frequentation-des-sites-et-evenements\/\" \/>\n<meta property=\"og:locale\" content=\"fr_FR\" \/>\n<meta property=\"og:type\" content=\"article\" \/>\n<meta property=\"og:title\" content=\"Fr\u00e9quentation des sites et \u00e9v\u00e8nements | Val-de-Marne Tourisme\" \/>\n<meta property=\"og:description\" content=\"Tous les ans, Val-de-Marne Tourisme collecte les donn\u00e9es de fr\u00e9quentation des diff\u00e9rents sites et \u00e9v\u00e8nements du d\u00e9partement.\" \/>\n<meta property=\"og:url\" content=\"https:\/\/www.tourisme-valdemarne.com\/espace-pro\/observatoire-du-tourisme\/frequentation-des-sites-et-evenements\/\" \/>\n<meta property=\"og:site_name\" content=\"Espace Pro\" \/>\n<meta property=\"article:modified_time\" content=\"2023-02-20T12:38:03+00:00\" \/>\n<meta property=\"og:image\" content=\"https:\/\/www.tourisme-valdemarne.com\/espace-pro\/wp-content\/uploads\/sites\/3\/2019\/05\/chateaux-vincennes-cp-cdt94-t.guillot.jpg\" \/>\n\t<meta property=\"og:image:width\" content=\"1600\" \/>\n\t<meta property=\"og:image:height\" content=\"900\" \/>\n\t<meta property=\"og:image:type\" content=\"image\/jpeg\" \/>\n<meta name=\"twitter:card\" content=\"summary_large_image\" \/>\n<meta name=\"twitter:label1\" content=\"Dur\u00e9e de lecture estim\u00e9e\" \/>\n\t<meta name=\"twitter:data1\" content=\"1 minute\" \/>\n<script type=\"application\/ld+json\" class=\"yoast-schema-graph\">{\"@context\":\"https:\/\/schema.org\",\"@graph\":[{\"@type\":\"WebPage\",\"@id\":\"https:\/\/www.tourisme-valdemarne.com\/espace-pro\/observatoire-du-tourisme\/frequentation-des-sites-et-evenements\/\",\"url\":\"https:\/\/www.tourisme-valdemarne.com\/espace-pro\/observatoire-du-tourisme\/frequentation-des-sites-et-evenements\/\",\"name\":\"Fr\u00e9quentation des sites et \u00e9v\u00e8nements | Val-de-Marne Tourisme\",\"isPartOf\":{\"@id\":\"https:\/\/www.tourisme-valdemarne.com\/espace-pro\/#website\"},\"primaryImageOfPage\":{\"@id\":\"https:\/\/www.tourisme-valdemarne.com\/espace-pro\/observatoire-du-tourisme\/frequentation-des-sites-et-evenements\/#primaryimage\"},\"image\":{\"@id\":\"https:\/\/www.tourisme-valdemarne.com\/espace-pro\/observatoire-du-tourisme\/frequentation-des-sites-et-evenements\/#primaryimage\"},\"thumbnailUrl\":\"https:\/\/www.tourisme-valdemarne.com\/espace-pro\/wp-content\/uploads\/sites\/3\/2019\/05\/chateaux-vincennes-cp-cdt94-t.guillot.jpg\",\"datePublished\":\"2019-05-14T09:39:55+00:00\",\"dateModified\":\"2023-02-20T12:38:03+00:00\",\"description\":\"Tous les ans, Val-de-Marne Tourisme collecte les donn\u00e9es de fr\u00e9quentation des diff\u00e9rents sites et \u00e9v\u00e8nements du d\u00e9partement.\",\"breadcrumb\":{\"@id\":\"https:\/\/www.tourisme-valdemarne.com\/espace-pro\/observatoire-du-tourisme\/frequentation-des-sites-et-evenements\/#breadcrumb\"},\"inLanguage\":\"fr-FR\",\"potentialAction\":[{\"@type\":\"ReadAction\",\"target\":[\"https:\/\/www.tourisme-valdemarne.com\/espace-pro\/observatoire-du-tourisme\/frequentation-des-sites-et-evenements\/\"]}]},{\"@type\":\"ImageObject\",\"inLanguage\":\"fr-FR\",\"@id\":\"https:\/\/www.tourisme-valdemarne.com\/espace-pro\/observatoire-du-tourisme\/frequentation-des-sites-et-evenements\/#primaryimage\",\"url\":\"https:\/\/www.tourisme-valdemarne.com\/espace-pro\/wp-content\/uploads\/sites\/3\/2019\/05\/chateaux-vincennes-cp-cdt94-t.guillot.jpg\",\"contentUrl\":\"https:\/\/www.tourisme-valdemarne.com\/espace-pro\/wp-content\/uploads\/sites\/3\/2019\/05\/chateaux-vincennes-cp-cdt94-t.guillot.jpg\",\"width\":1600,\"height\":900,\"caption\":\"Ch\u00e2teau de Vincennes\"},{\"@type\":\"BreadcrumbList\",\"@id\":\"https:\/\/www.tourisme-valdemarne.com\/espace-pro\/observatoire-du-tourisme\/frequentation-des-sites-et-evenements\/#breadcrumb\",\"itemListElement\":[{\"@type\":\"ListItem\",\"position\":1,\"name\":\"Accueil\",\"item\":\"https:\/\/www.tourisme-valdemarne.com\/espace-pro\/\"},{\"@type\":\"ListItem\",\"position\":2,\"name\":\"Observatoire du tourisme\",\"item\":\"https:\/\/www.tourisme-valdemarne.com\/espace-pro\/observatoire-du-tourisme\/\"},{\"@type\":\"ListItem\",\"position\":3,\"name\":\"Fr\u00e9quentation des sites et \u00e9v\u00e8nements\"}]},{\"@type\":\"WebSite\",\"@id\":\"https:\/\/www.tourisme-valdemarne.com\/espace-pro\/#website\",\"url\":\"https:\/\/www.tourisme-valdemarne.com\/espace-pro\/\",\"name\":\"Espace Pro\",\"description\":\"Informations et outils pour les professionnels et la Presse\",\"potentialAction\":[{\"@type\":\"SearchAction\",\"target\":{\"@type\":\"EntryPoint\",\"urlTemplate\":\"https:\/\/www.tourisme-valdemarne.com\/espace-pro\/?s={search_term_string}\"},\"query-input\":{\"@type\":\"PropertyValueSpecification\",\"valueRequired\":true,\"valueName\":\"search_term_string\"}}],\"inLanguage\":\"fr-FR\"}]}<\/script>\n<!-- \/ Yoast SEO plugin. -->","yoast_head_json":{"title":"Fr\u00e9quentation des sites et \u00e9v\u00e8nements | Val-de-Marne Tourisme","description":"Tous les ans, Val-de-Marne Tourisme collecte les donn\u00e9es de fr\u00e9quentation des diff\u00e9rents sites et \u00e9v\u00e8nements du d\u00e9partement.","robots":{"index":"index","follow":"follow","max-snippet":"max-snippet:-1","max-image-preview":"max-image-preview:large","max-video-preview":"max-video-preview:-1"},"canonical":"https:\/\/www.tourisme-valdemarne.com\/espace-pro\/observatoire-du-tourisme\/frequentation-des-sites-et-evenements\/","og_locale":"fr_FR","og_type":"article","og_title":"Fr\u00e9quentation des sites et \u00e9v\u00e8nements | Val-de-Marne Tourisme","og_description":"Tous les ans, Val-de-Marne Tourisme collecte les donn\u00e9es de fr\u00e9quentation des diff\u00e9rents sites et \u00e9v\u00e8nements du d\u00e9partement.","og_url":"https:\/\/www.tourisme-valdemarne.com\/espace-pro\/observatoire-du-tourisme\/frequentation-des-sites-et-evenements\/","og_site_name":"Espace Pro","article_modified_time":"2023-02-20T12:38:03+00:00","og_image":[{"width":1600,"height":900,"url":"https:\/\/www.tourisme-valdemarne.com\/espace-pro\/wp-content\/uploads\/sites\/3\/2019\/05\/chateaux-vincennes-cp-cdt94-t.guillot.jpg","type":"image\/jpeg"}],"twitter_card":"summary_large_image","twitter_misc":{"Dur\u00e9e de lecture estim\u00e9e":"1 minute"},"schema":{"@context":"https:\/\/schema.org","@graph":[{"@type":"WebPage","@id":"https:\/\/www.tourisme-valdemarne.com\/espace-pro\/observatoire-du-tourisme\/frequentation-des-sites-et-evenements\/","url":"https:\/\/www.tourisme-valdemarne.com\/espace-pro\/observatoire-du-tourisme\/frequentation-des-sites-et-evenements\/","name":"Fr\u00e9quentation des sites et \u00e9v\u00e8nements | Val-de-Marne Tourisme","isPartOf":{"@id":"https:\/\/www.tourisme-valdemarne.com\/espace-pro\/#website"},"primaryImageOfPage":{"@id":"https:\/\/www.tourisme-valdemarne.com\/espace-pro\/observatoire-du-tourisme\/frequentation-des-sites-et-evenements\/#primaryimage"},"image":{"@id":"https:\/\/www.tourisme-valdemarne.com\/espace-pro\/observatoire-du-tourisme\/frequentation-des-sites-et-evenements\/#primaryimage"},"thumbnailUrl":"https:\/\/www.tourisme-valdemarne.com\/espace-pro\/wp-content\/uploads\/sites\/3\/2019\/05\/chateaux-vincennes-cp-cdt94-t.guillot.jpg","datePublished":"2019-05-14T09:39:55+00:00","dateModified":"2023-02-20T12:38:03+00:00","description":"Tous les ans, Val-de-Marne Tourisme collecte les donn\u00e9es de fr\u00e9quentation des diff\u00e9rents sites et \u00e9v\u00e8nements du d\u00e9partement.","breadcrumb":{"@id":"https:\/\/www.tourisme-valdemarne.com\/espace-pro\/observatoire-du-tourisme\/frequentation-des-sites-et-evenements\/#breadcrumb"},"inLanguage":"fr-FR","potentialAction":[{"@type":"ReadAction","target":["https:\/\/www.tourisme-valdemarne.com\/espace-pro\/observatoire-du-tourisme\/frequentation-des-sites-et-evenements\/"]}]},{"@type":"ImageObject","inLanguage":"fr-FR","@id":"https:\/\/www.tourisme-valdemarne.com\/espace-pro\/observatoire-du-tourisme\/frequentation-des-sites-et-evenements\/#primaryimage","url":"https:\/\/www.tourisme-valdemarne.com\/espace-pro\/wp-content\/uploads\/sites\/3\/2019\/05\/chateaux-vincennes-cp-cdt94-t.guillot.jpg","contentUrl":"https:\/\/www.tourisme-valdemarne.com\/espace-pro\/wp-content\/uploads\/sites\/3\/2019\/05\/chateaux-vincennes-cp-cdt94-t.guillot.jpg","width":1600,"height":900,"caption":"Ch\u00e2teau de Vincennes"},{"@type":"BreadcrumbList","@id":"https:\/\/www.tourisme-valdemarne.com\/espace-pro\/observatoire-du-tourisme\/frequentation-des-sites-et-evenements\/#breadcrumb","itemListElement":[{"@type":"ListItem","position":1,"name":"Accueil","item":"https:\/\/www.tourisme-valdemarne.com\/espace-pro\/"},{"@type":"ListItem","position":2,"name":"Observatoire du tourisme","item":"https:\/\/www.tourisme-valdemarne.com\/espace-pro\/observatoire-du-tourisme\/"},{"@type":"ListItem","position":3,"name":"Fr\u00e9quentation des sites et \u00e9v\u00e8nements"}]},{"@type":"WebSite","@id":"https:\/\/www.tourisme-valdemarne.com\/espace-pro\/#website","url":"https:\/\/www.tourisme-valdemarne.com\/espace-pro\/","name":"Espace Pro","description":"Informations et outils pour les professionnels et la Presse","potentialAction":[{"@type":"SearchAction","target":{"@type":"EntryPoint","urlTemplate":"https:\/\/www.tourisme-valdemarne.com\/espace-pro\/?s={search_term_string}"},"query-input":{"@type":"PropertyValueSpecification","valueRequired":true,"valueName":"search_term_string"}}],"inLanguage":"fr-FR"}]}},"_links":{"self":[{"href":"https:\/\/www.tourisme-valdemarne.com\/espace-pro\/wp-json\/wp\/v2\/pages\/947","targetHints":{"allow":["GET"]}}],"collection":[{"href":"https:\/\/www.tourisme-valdemarne.com\/espace-pro\/wp-json\/wp\/v2\/pages"}],"about":[{"href":"https:\/\/www.tourisme-valdemarne.com\/espace-pro\/wp-json\/wp\/v2\/types\/page"}],"author":[{"embeddable":true,"href":"https:\/\/www.tourisme-valdemarne.com\/espace-pro\/wp-json\/wp\/v2\/users\/1"}],"replies":[{"embeddable":true,"href":"https:\/\/www.tourisme-valdemarne.com\/espace-pro\/wp-json\/wp\/v2\/comments?post=947"}],"version-history":[{"count":4,"href":"https:\/\/www.tourisme-valdemarne.com\/espace-pro\/wp-json\/wp\/v2\/pages\/947\/revisions"}],"predecessor-version":[{"id":8377,"href":"https:\/\/www.tourisme-valdemarne.com\/espace-pro\/wp-json\/wp\/v2\/pages\/947\/revisions\/8377"}],"up":[{"embeddable":true,"href":"https:\/\/www.tourisme-valdemarne.com\/espace-pro\/wp-json\/wp\/v2\/pages\/13"}],"wp:featuredmedia":[{"embeddable":true,"href":"https:\/\/www.tourisme-valdemarne.com\/espace-pro\/wp-json\/wp\/v2\/media\/814"}],"wp:attachment":[{"href":"https:\/\/www.tourisme-valdemarne.com\/espace-pro\/wp-json\/wp\/v2\/media?parent=947"}],"wp:term":[{"taxonomy":"vdmTagMarketing","embeddable":true,"href":"https:\/\/www.tourisme-valdemarne.com\/espace-pro\/wp-json\/wp\/v2\/vdmTagMarketing?post=947"}],"curies":[{"name":"wp","href":"https:\/\/api.w.org\/{rel}","templated":true}]}}