{"id":945,"date":"2019-05-14T11:39:32","date_gmt":"2019-05-14T09:39:32","guid":{"rendered":"https:\/\/www.tourisme-valdemarne.com\/espace-pro\/frequentation-hoteliere"},"modified":"2022-03-23T15:38:24","modified_gmt":"2022-03-23T14:38:24","slug":"frequentation-hoteliere","status":"publish","type":"page","link":"https:\/\/www.tourisme-valdemarne.com\/espace-pro\/observatoire-du-tourisme\/frequentation-hoteliere\/","title":{"rendered":"Fr\u00e9quentation h\u00f4teli\u00e8re"},"content":{"rendered":"\n<p class=\"is-style-excerpt\">L\u2019Observatoire du tourisme collecte chaque mois des donn\u00e9es de fr\u00e9quentation des \u00e9tablissements h\u00f4teliers du Val-de-Marne.<\/p>\n\n\n\n<p>La fr\u00e9quentation des h\u00f4tels val-de-marnais est-elle au beau fixe cette ann\u00e9e ? Quel est le bilan de la saison estivale ? L\u2019ann\u00e9e \u00e9coul\u00e9e a-t-elle enregistr\u00e9 de meilleures performances h\u00f4teli\u00e8res que la pr\u00e9c\u00e9dente ? Qui sont les principales client\u00e8les des \u00e9tablissements val-de-marnais ? Consultez nos articles pour conna\u00eetre les tendances, analyses et chiffres cl\u00e9s.<\/p>\n\n\n\n<h2 class=\"wp-block-heading\">Sources de donn\u00e9es<\/h2>\n\n\n\n<p>Les chiffres de fr\u00e9quentation des h\u00f4tels val-de-marnais nous sont fournis sur une base mensuelle :<\/p>\n\n\n\n<ul class=\"wp-block-list\"><li>Enqu\u00eate h\u00f4teli\u00e8re de l\u2019Insee en partenariat avec la DGE et les comit\u00e9s r\u00e9gionaux du tourisme (CRT).<\/li><li>Observatoire d\u00e9partemental mis en \u0153uvre par la soci\u00e9t\u00e9 Deloitte \u2013 In Extenso pour le compte de Val-de-Marne Tourisme &amp; Loisirs<\/li><\/ul>\n\n\n\n<p class=\"is-style-highlight\"><strong>Contactez l\u2019Observatoire !<\/strong><br>Vous avez besoin de donn\u00e9es suppl\u00e9mentaires pour une \u00e9tude de march\u00e9 ou une analyse territoriale ? <a href=\"mailto:m&#109;&#97;r&#99;hand&#64;&#116;&#111;&#117;r&#105;s&#109;&#101;&#45;&#118;al&#100;&#101;ma&#114;&#110;&#101;&#46;&#99;&#111;&#109;\" target=\"_blank\" rel=\"noreferrer noopener\">Contactez le responsable de l&rsquo;Observatoire par mail<\/a>.<\/p>\n","protected":false},"excerpt":{"rendered":"<p>L\u2019Observatoire du tourisme collecte chaque mois des donn\u00e9es de fr\u00e9quentation des \u00e9tablissements h\u00f4teliers du Val-de-Marne. La fr\u00e9quentation des h\u00f4tels val-de-marnais est-elle au beau fixe cette ann\u00e9e ? Quel est le bilan de la saison estivale ? L\u2019ann\u00e9e \u00e9coul\u00e9e a-t-elle enregistr\u00e9 de meilleures performances h\u00f4teli\u00e8res que la pr\u00e9c\u00e9dente ? Qui sont les principales client\u00e8les des \u00e9tablissements [&hellip;]<\/p>\n","protected":false},"author":1,"featured_media":3310,"parent":13,"menu_order":96,"comment_status":"closed","ping_status":"closed","template":"partials\/template-intermediaire.php","meta":{"_relevanssi_hide_post":"","_relevanssi_hide_content":"","_relevanssi_pin_for_all":"","_relevanssi_pin_keywords":"","_relevanssi_unpin_keywords":"","_relevanssi_related_keywords":"","_relevanssi_related_include_ids":"","_relevanssi_related_exclude_ids":"","_relevanssi_related_no_append":"","_relevanssi_related_not_related":"","_relevanssi_related_posts":"2749,444,2747,8077,2745,8104","_relevanssi_noindex_reason":"","footnotes":""},"vdmTagMarketing":[],"class_list":["post-945","page","type-page","status-publish","has-post-thumbnail","hentry"],"acf":[],"yoast_head":"<!-- This site is optimized with the Yoast SEO plugin v23.9 - https:\/\/yoast.com\/wordpress\/plugins\/seo\/ -->\n<title>Fr\u00e9quentation h\u00f4teli\u00e8re - Espace Pro<\/title>\n<meta name=\"robots\" content=\"index, follow, max-snippet:-1, max-image-preview:large, max-video-preview:-1\" \/>\n<link rel=\"canonical\" href=\"https:\/\/www.tourisme-valdemarne.com\/espace-pro\/observatoire-du-tourisme\/frequentation-hoteliere\/\" \/>\n<meta property=\"og:locale\" content=\"fr_FR\" \/>\n<meta property=\"og:type\" content=\"article\" \/>\n<meta property=\"og:title\" content=\"Fr\u00e9quentation h\u00f4teli\u00e8re - Espace Pro\" \/>\n<meta property=\"og:description\" content=\"L\u2019Observatoire du tourisme collecte chaque mois des donn\u00e9es de fr\u00e9quentation des \u00e9tablissements h\u00f4teliers du Val-de-Marne. La fr\u00e9quentation des h\u00f4tels val-de-marnais est-elle au beau fixe cette ann\u00e9e ? Quel est le bilan de la saison estivale ? L\u2019ann\u00e9e \u00e9coul\u00e9e a-t-elle enregistr\u00e9 de meilleures performances h\u00f4teli\u00e8res que la pr\u00e9c\u00e9dente ? Qui sont les principales client\u00e8les des \u00e9tablissements [&hellip;]\" \/>\n<meta property=\"og:url\" content=\"https:\/\/www.tourisme-valdemarne.com\/espace-pro\/observatoire-du-tourisme\/frequentation-hoteliere\/\" \/>\n<meta property=\"og:site_name\" content=\"Espace Pro\" \/>\n<meta property=\"article:modified_time\" content=\"2022-03-23T14:38:24+00:00\" \/>\n<meta property=\"og:image\" content=\"https:\/\/www.tourisme-valdemarne.com\/espace-pro\/wp-content\/uploads\/sites\/3\/2019\/06\/hotel-novotel-orly-rungis-facade.jpg\" \/>\n\t<meta property=\"og:image:width\" content=\"1600\" \/>\n\t<meta property=\"og:image:height\" content=\"1067\" \/>\n\t<meta property=\"og:image:type\" content=\"image\/jpeg\" \/>\n<meta name=\"twitter:card\" content=\"summary_large_image\" \/>\n<meta name=\"twitter:label1\" content=\"Dur\u00e9e de lecture estim\u00e9e\" \/>\n\t<meta name=\"twitter:data1\" content=\"1 minute\" \/>\n<script type=\"application\/ld+json\" class=\"yoast-schema-graph\">{\"@context\":\"https:\/\/schema.org\",\"@graph\":[{\"@type\":\"WebPage\",\"@id\":\"https:\/\/www.tourisme-valdemarne.com\/espace-pro\/observatoire-du-tourisme\/frequentation-hoteliere\/\",\"url\":\"https:\/\/www.tourisme-valdemarne.com\/espace-pro\/observatoire-du-tourisme\/frequentation-hoteliere\/\",\"name\":\"Fr\u00e9quentation h\u00f4teli\u00e8re - Espace Pro\",\"isPartOf\":{\"@id\":\"https:\/\/www.tourisme-valdemarne.com\/espace-pro\/#website\"},\"primaryImageOfPage\":{\"@id\":\"https:\/\/www.tourisme-valdemarne.com\/espace-pro\/observatoire-du-tourisme\/frequentation-hoteliere\/#primaryimage\"},\"image\":{\"@id\":\"https:\/\/www.tourisme-valdemarne.com\/espace-pro\/observatoire-du-tourisme\/frequentation-hoteliere\/#primaryimage\"},\"thumbnailUrl\":\"https:\/\/www.tourisme-valdemarne.com\/espace-pro\/wp-content\/uploads\/sites\/3\/2019\/06\/hotel-novotel-orly-rungis-facade.jpg\",\"datePublished\":\"2019-05-14T09:39:32+00:00\",\"dateModified\":\"2022-03-23T14:38:24+00:00\",\"breadcrumb\":{\"@id\":\"https:\/\/www.tourisme-valdemarne.com\/espace-pro\/observatoire-du-tourisme\/frequentation-hoteliere\/#breadcrumb\"},\"inLanguage\":\"fr-FR\",\"potentialAction\":[{\"@type\":\"ReadAction\",\"target\":[\"https:\/\/www.tourisme-valdemarne.com\/espace-pro\/observatoire-du-tourisme\/frequentation-hoteliere\/\"]}]},{\"@type\":\"ImageObject\",\"inLanguage\":\"fr-FR\",\"@id\":\"https:\/\/www.tourisme-valdemarne.com\/espace-pro\/observatoire-du-tourisme\/frequentation-hoteliere\/#primaryimage\",\"url\":\"https:\/\/www.tourisme-valdemarne.com\/espace-pro\/wp-content\/uploads\/sites\/3\/2019\/06\/hotel-novotel-orly-rungis-facade.jpg\",\"contentUrl\":\"https:\/\/www.tourisme-valdemarne.com\/espace-pro\/wp-content\/uploads\/sites\/3\/2019\/06\/hotel-novotel-orly-rungis-facade.jpg\",\"width\":1600,\"height\":1067,\"caption\":\"Fa\u00e7ade du Novotel Orly Rungis \u00a9 CDT94\"},{\"@type\":\"BreadcrumbList\",\"@id\":\"https:\/\/www.tourisme-valdemarne.com\/espace-pro\/observatoire-du-tourisme\/frequentation-hoteliere\/#breadcrumb\",\"itemListElement\":[{\"@type\":\"ListItem\",\"position\":1,\"name\":\"Accueil\",\"item\":\"https:\/\/www.tourisme-valdemarne.com\/espace-pro\/\"},{\"@type\":\"ListItem\",\"position\":2,\"name\":\"Observatoire du tourisme\",\"item\":\"https:\/\/www.tourisme-valdemarne.com\/espace-pro\/observatoire-du-tourisme\/\"},{\"@type\":\"ListItem\",\"position\":3,\"name\":\"Fr\u00e9quentation h\u00f4teli\u00e8re\"}]},{\"@type\":\"WebSite\",\"@id\":\"https:\/\/www.tourisme-valdemarne.com\/espace-pro\/#website\",\"url\":\"https:\/\/www.tourisme-valdemarne.com\/espace-pro\/\",\"name\":\"Espace Pro\",\"description\":\"Informations et outils pour les professionnels et la Presse\",\"potentialAction\":[{\"@type\":\"SearchAction\",\"target\":{\"@type\":\"EntryPoint\",\"urlTemplate\":\"https:\/\/www.tourisme-valdemarne.com\/espace-pro\/?s={search_term_string}\"},\"query-input\":{\"@type\":\"PropertyValueSpecification\",\"valueRequired\":true,\"valueName\":\"search_term_string\"}}],\"inLanguage\":\"fr-FR\"}]}<\/script>\n<!-- \/ Yoast SEO plugin. -->","yoast_head_json":{"title":"Fr\u00e9quentation h\u00f4teli\u00e8re - Espace Pro","robots":{"index":"index","follow":"follow","max-snippet":"max-snippet:-1","max-image-preview":"max-image-preview:large","max-video-preview":"max-video-preview:-1"},"canonical":"https:\/\/www.tourisme-valdemarne.com\/espace-pro\/observatoire-du-tourisme\/frequentation-hoteliere\/","og_locale":"fr_FR","og_type":"article","og_title":"Fr\u00e9quentation h\u00f4teli\u00e8re - Espace Pro","og_description":"L\u2019Observatoire du tourisme collecte chaque mois des donn\u00e9es de fr\u00e9quentation des \u00e9tablissements h\u00f4teliers du Val-de-Marne. La fr\u00e9quentation des h\u00f4tels val-de-marnais est-elle au beau fixe cette ann\u00e9e ? Quel est le bilan de la saison estivale ? L\u2019ann\u00e9e \u00e9coul\u00e9e a-t-elle enregistr\u00e9 de meilleures performances h\u00f4teli\u00e8res que la pr\u00e9c\u00e9dente ? Qui sont les principales client\u00e8les des \u00e9tablissements [&hellip;]","og_url":"https:\/\/www.tourisme-valdemarne.com\/espace-pro\/observatoire-du-tourisme\/frequentation-hoteliere\/","og_site_name":"Espace Pro","article_modified_time":"2022-03-23T14:38:24+00:00","og_image":[{"width":1600,"height":1067,"url":"https:\/\/www.tourisme-valdemarne.com\/espace-pro\/wp-content\/uploads\/sites\/3\/2019\/06\/hotel-novotel-orly-rungis-facade.jpg","type":"image\/jpeg"}],"twitter_card":"summary_large_image","twitter_misc":{"Dur\u00e9e de lecture estim\u00e9e":"1 minute"},"schema":{"@context":"https:\/\/schema.org","@graph":[{"@type":"WebPage","@id":"https:\/\/www.tourisme-valdemarne.com\/espace-pro\/observatoire-du-tourisme\/frequentation-hoteliere\/","url":"https:\/\/www.tourisme-valdemarne.com\/espace-pro\/observatoire-du-tourisme\/frequentation-hoteliere\/","name":"Fr\u00e9quentation h\u00f4teli\u00e8re - Espace Pro","isPartOf":{"@id":"https:\/\/www.tourisme-valdemarne.com\/espace-pro\/#website"},"primaryImageOfPage":{"@id":"https:\/\/www.tourisme-valdemarne.com\/espace-pro\/observatoire-du-tourisme\/frequentation-hoteliere\/#primaryimage"},"image":{"@id":"https:\/\/www.tourisme-valdemarne.com\/espace-pro\/observatoire-du-tourisme\/frequentation-hoteliere\/#primaryimage"},"thumbnailUrl":"https:\/\/www.tourisme-valdemarne.com\/espace-pro\/wp-content\/uploads\/sites\/3\/2019\/06\/hotel-novotel-orly-rungis-facade.jpg","datePublished":"2019-05-14T09:39:32+00:00","dateModified":"2022-03-23T14:38:24+00:00","breadcrumb":{"@id":"https:\/\/www.tourisme-valdemarne.com\/espace-pro\/observatoire-du-tourisme\/frequentation-hoteliere\/#breadcrumb"},"inLanguage":"fr-FR","potentialAction":[{"@type":"ReadAction","target":["https:\/\/www.tourisme-valdemarne.com\/espace-pro\/observatoire-du-tourisme\/frequentation-hoteliere\/"]}]},{"@type":"ImageObject","inLanguage":"fr-FR","@id":"https:\/\/www.tourisme-valdemarne.com\/espace-pro\/observatoire-du-tourisme\/frequentation-hoteliere\/#primaryimage","url":"https:\/\/www.tourisme-valdemarne.com\/espace-pro\/wp-content\/uploads\/sites\/3\/2019\/06\/hotel-novotel-orly-rungis-facade.jpg","contentUrl":"https:\/\/www.tourisme-valdemarne.com\/espace-pro\/wp-content\/uploads\/sites\/3\/2019\/06\/hotel-novotel-orly-rungis-facade.jpg","width":1600,"height":1067,"caption":"Fa\u00e7ade du Novotel Orly Rungis \u00a9 CDT94"},{"@type":"BreadcrumbList","@id":"https:\/\/www.tourisme-valdemarne.com\/espace-pro\/observatoire-du-tourisme\/frequentation-hoteliere\/#breadcrumb","itemListElement":[{"@type":"ListItem","position":1,"name":"Accueil","item":"https:\/\/www.tourisme-valdemarne.com\/espace-pro\/"},{"@type":"ListItem","position":2,"name":"Observatoire du tourisme","item":"https:\/\/www.tourisme-valdemarne.com\/espace-pro\/observatoire-du-tourisme\/"},{"@type":"ListItem","position":3,"name":"Fr\u00e9quentation h\u00f4teli\u00e8re"}]},{"@type":"WebSite","@id":"https:\/\/www.tourisme-valdemarne.com\/espace-pro\/#website","url":"https:\/\/www.tourisme-valdemarne.com\/espace-pro\/","name":"Espace Pro","description":"Informations et outils pour les professionnels et la Presse","potentialAction":[{"@type":"SearchAction","target":{"@type":"EntryPoint","urlTemplate":"https:\/\/www.tourisme-valdemarne.com\/espace-pro\/?s={search_term_string}"},"query-input":{"@type":"PropertyValueSpecification","valueRequired":true,"valueName":"search_term_string"}}],"inLanguage":"fr-FR"}]}},"_links":{"self":[{"href":"https:\/\/www.tourisme-valdemarne.com\/espace-pro\/wp-json\/wp\/v2\/pages\/945","targetHints":{"allow":["GET"]}}],"collection":[{"href":"https:\/\/www.tourisme-valdemarne.com\/espace-pro\/wp-json\/wp\/v2\/pages"}],"about":[{"href":"https:\/\/www.tourisme-valdemarne.com\/espace-pro\/wp-json\/wp\/v2\/types\/page"}],"author":[{"embeddable":true,"href":"https:\/\/www.tourisme-valdemarne.com\/espace-pro\/wp-json\/wp\/v2\/users\/1"}],"replies":[{"embeddable":true,"href":"https:\/\/www.tourisme-valdemarne.com\/espace-pro\/wp-json\/wp\/v2\/comments?post=945"}],"version-history":[{"count":3,"href":"https:\/\/www.tourisme-valdemarne.com\/espace-pro\/wp-json\/wp\/v2\/pages\/945\/revisions"}],"predecessor-version":[{"id":12203,"href":"https:\/\/www.tourisme-valdemarne.com\/espace-pro\/wp-json\/wp\/v2\/pages\/945\/revisions\/12203"}],"up":[{"embeddable":true,"href":"https:\/\/www.tourisme-valdemarne.com\/espace-pro\/wp-json\/wp\/v2\/pages\/13"}],"wp:featuredmedia":[{"embeddable":true,"href":"https:\/\/www.tourisme-valdemarne.com\/espace-pro\/wp-json\/wp\/v2\/media\/3310"}],"wp:attachment":[{"href":"https:\/\/www.tourisme-valdemarne.com\/espace-pro\/wp-json\/wp\/v2\/media?parent=945"}],"wp:term":[{"taxonomy":"vdmTagMarketing","embeddable":true,"href":"https:\/\/www.tourisme-valdemarne.com\/espace-pro\/wp-json\/wp\/v2\/vdmTagMarketing?post=945"}],"curies":[{"name":"wp","href":"https:\/\/api.w.org\/{rel}","templated":true}]}}