{"id":943,"date":"2019-05-14T11:37:43","date_gmt":"2019-05-14T09:37:43","guid":{"rendered":"https:\/\/www.tourisme-valdemarne.com\/espace-pro\/1er-article-du-projet"},"modified":"2023-02-22T16:36:52","modified_gmt":"2023-02-22T15:36:52","slug":"1er-article-du-projet","status":"publish","type":"page","link":"https:\/\/www.tourisme-valdemarne.com\/espace-pro\/expertises-et-projets\/cite-de-la-gastronomie-paris-rungis\/1er-article-du-projet\/","title":{"rendered":"Le projet de la Cit\u00e9 de la gastronomie Paris-Rungis"},"content":{"rendered":"\n<p class=\"is-style-excerpt\">Le projet de Cit\u00e9 de la Gastronomie Paris-Rungis a \u00e9t\u00e9 retenu dans le cadre du r\u00e9seau de \u00ab Cit\u00e9s de la gastronomie \u00bb valorisant l&rsquo;inscription du \u00ab repas gastronomique des fran\u00e7ais \u00bb au patrimoine immat\u00e9riel de l&rsquo;humanit\u00e9 par l&rsquo;UNESCO.<\/p>\n\n\n\n<h2 class=\"wp-block-heading\">Le projet<\/h2>\n\n\n\n<p>Quatre villes, <a rel=\"noreferrer noopener\" href=\"http:\/\/www.citedelagastronomie-dijon.fr\/\" target=\"_blank\">Dijon<\/a>, Lyon, Paris-Rungis et <a rel=\"noreferrer noopener\" href=\"http:\/\/www.tourscitedelagastronomie.fr\/\" target=\"_blank\">Tours<\/a>, vont unir leurs comp\u00e9tences et mettre en commun leurs \u00e9nergies pour assurer une mise en valeur du patrimoine gastronomique et favoriser sa transmission.<\/p>\n\n\n\n<h2 class=\"wp-block-heading\">Un nouvel \u00e9quipement m\u00e9tropolitain<\/h2>\n\n\n\n<p>M\u00ealant culture, formation, tourisme, affaires et vie quotidienne, la future Cit\u00e9 de la gastronomie offrira \u00e0 la r\u00e9gion un lieu nouveau \u00e0 la fois <strong>traditionnel et innovant<\/strong> pour les habitants, les visiteurs et les touristes. Chacun pourra y venir et revenir pour go\u00fbter, tester, apprendre ou tout simplement partager les produits, les saveurs, les savoirs.<\/p>\n\n\n\n<p>C\u2019est un <strong>v\u00e9ritable quartier de la gastronomie<\/strong> qui sera cr\u00e9\u00e9 comprenant <strong>trois grands p\u00f4les<\/strong> :<\/p>\n\n\n\n<ul class=\"wp-block-list\"><li>Cultures et d\u00e9couvertes : pens\u00e9 autour d\u2019un centre d\u2019interpr\u00e9tation et d\u2019exp\u00e9rimentations avec m\u00e9diath\u00e8que et espaces d\u2019exposition (cuisines, ateliers, laboratoires)<\/li><li>Ressources et formation : autour des th\u00e9matiques de la gastronomie et de la restauration ;<\/li><li>Restauration\/commerces\/activit\u00e9s : avec un projet de halle de produits frais mettant \u00e0 disposition du grand public les produits du MIN, des restaurants (brasseries, bars du march\u00e9 et restaurants gastronomiques), des h\u00f4tels, le tout reli\u00e9 par des jardins gastronomiques.<\/li><\/ul>\n\n\n\n<div class=\"wp-block-image\"><figure class=\"aligncenter is-resized\"><img data-src=\"https:\/\/www.tourisme-valdemarne.com\/espace-pro\/wp-content\/uploads\/sites\/3\/2019\/05\/schema-poles-future-cite-gastronomie-600x529.jpg\" alt=\"poles cit\u00e9 gastronomie\" class=\"wp-image-2786\" width=\"600\" height=\"529\" srcset=\"https:\/\/www.tourisme-valdemarne.com\/espace-pro\/wp-content\/uploads\/sites\/3\/2019\/05\/schema-poles-future-cite-gastronomie-600x529.jpg 600w, https:\/\/www.tourisme-valdemarne.com\/espace-pro\/wp-content\/uploads\/sites\/3\/2019\/05\/schema-poles-future-cite-gastronomie-900x794.jpg 900w, https:\/\/www.tourisme-valdemarne.com\/espace-pro\/wp-content\/uploads\/sites\/3\/2019\/05\/schema-poles-future-cite-gastronomie-380x335.jpg 380w, https:\/\/www.tourisme-valdemarne.com\/espace-pro\/wp-content\/uploads\/sites\/3\/2019\/05\/schema-poles-future-cite-gastronomie-200x176.jpg 200w, https:\/\/www.tourisme-valdemarne.com\/espace-pro\/wp-content\/uploads\/sites\/3\/2019\/05\/schema-poles-future-cite-gastronomie.jpg 1100w\" sizes=\"(max-width: 600px) 100vw, 600px\" \/><figcaption>Sch\u00e9ma des diff\u00e9rents p\u00f4les de la future cit\u00e9 de la gastrononomie<\/figcaption><\/figure><\/div>\n\n\n\n<p>Nouveau lieu touristique, dans un d\u00e9partement fortement investi dans la culture \u00ab du faire ensemble \u00bb et qui d\u00e9veloppe aussi bien la <strong>mise en valeur du patrimoine historique<\/strong> que la d\u00e9couverte de l\u2019art contemporain, la Cit\u00e9 sera \u00e9galement le support d\u2019une <strong>production artistique<\/strong> et documentaire vari\u00e9e, qui pourrait \u00eatre mise en r\u00e9seau notamment avec le MAC\/VAL, premier mus\u00e9e d\u2019art contemporain en banlieue.<\/p>\n\n\n\n<p>Ce projet contribuera \u00e0 renforcer l\u2019<strong>attractivit\u00e9 touristique et \u00e9conomique du Val-de-Marne<\/strong> et du p\u00f4le d\u2019Orly-Rungis, qui occupe une position strat\u00e9gique au sein du Grand Paris.<\/p>\n\n\n\n<h2 class=\"wp-block-heading\">Aux portes du March\u00e9 de Rungis<\/h2>\n\n\n\n<p>Situ\u00e9e en lisi\u00e8re du <strong>March\u00e9 d\u2019int\u00e9r\u00eat national (MIN) de Rungis<\/strong>, dont elle constituera la vitrine, la Cit\u00e9 de la Gastronomie de Paris-Rungis s\u2019inscrit dans la m\u00e9tamorphose urbaine du p\u00f4le d\u2019Orly-Rungis, premier p\u00f4le \u00e9conomique du sud francilien.<\/p>\n\n\n\n<p>Implant\u00e9e sur un espace de <strong>7,5 hectares<\/strong>, elle b\u00e9n\u00e9ficiera des flux de fr\u00e9quentation du MIN (6,5 millions de visiteurs par an) et du centre commercial de Belle-\u00e9pine (22 millions de visiteurs).<\/p>\n\n\n\n<p><strong>Reli\u00e9e \u00e0 l\u2019a\u00e9roport d\u2019Orly<\/strong> et ses 27 millions de passagers par le tramway T7, elle disposera \u00e0 l\u2019avenir d\u2019une desserte rapide depuis Paris et l\u2019ensemble de la m\u00e9tropole par la ligne 14 du m\u00e9tro du Grand Paris. Elle jouit d\u00e8s \u00e0 pr\u00e9sent d\u2019une tr\u00e8s bonne accessibilit\u00e9 routi\u00e8re et autorouti\u00e8re par la A86.<\/p>\n\n\n\n<h2 class=\"wp-block-heading\">Un projet partag\u00e9<\/h2>\n\n\n\n<div class=\"wp-block-image\"><figure class=\"aligncenter is-resized\"><img data-src=\"https:\/\/www.tourisme-valdemarne.com\/espace-pro\/wp-content\/uploads\/sites\/3\/2019\/05\/logo-cite-de-la-gastronomie-600x436.png\" alt=\"logo Cit\u00e9 de la gastronomie Paris-Rungis\" class=\"wp-image-715\" width=\"600\" height=\"436\" srcset=\"https:\/\/www.tourisme-valdemarne.com\/espace-pro\/wp-content\/uploads\/sites\/3\/2019\/05\/logo-cite-de-la-gastronomie-600x436.png 600w, https:\/\/www.tourisme-valdemarne.com\/espace-pro\/wp-content\/uploads\/sites\/3\/2019\/05\/logo-cite-de-la-gastronomie-900x655.png 900w, https:\/\/www.tourisme-valdemarne.com\/espace-pro\/wp-content\/uploads\/sites\/3\/2019\/05\/logo-cite-de-la-gastronomie-200x145.png 200w, https:\/\/www.tourisme-valdemarne.com\/espace-pro\/wp-content\/uploads\/sites\/3\/2019\/05\/logo-cite-de-la-gastronomie.png 1075w\" sizes=\"(max-width: 600px) 100vw, 600px\" \/><\/figure><\/div>\n\n\n\n<p>Le projet de la <strong>Cit\u00e9 de la Gastronomie Paris-Rungis<\/strong> est port\u00e9 par les villes de <strong>Chevilly-Larue<\/strong>, de <strong>Rungis<\/strong>, le <strong>Conseil g\u00e9n\u00e9ral du Val-de-Marne<\/strong> et l\u2019\u00e9tablissement public d\u2019am\u00e9nagement Orly Rungis &#8211; Seine Amont (<strong>Epa Orsa<\/strong>). Il est activement soutenu par la R\u00e9gion \u00cele-de-France, la ville de <strong>Paris et Paris M\u00e9tropole<\/strong>.<\/p>\n\n\n\n<p>Le projet manifeste une ambition nationale et internationale ; il s\u2019appuie sur une forte mobilisation des acteurs locaux tels que Val-de-Marne Tourisme &amp; Loisirs, sur un \u00e9troit maillage territorial \u00e0 l\u2019\u00e9chelle du d\u00e9partement et s\u2019inscrit dans le cadre des programmes de <strong>d\u00e9veloppement du Grand Paris<\/strong>.<\/p>\n\n\n\n<p>La Cit\u00e9 de la Gastronomie dont le co\u00fbt est estim\u00e9 \u00e0 plus de <strong>65 M\u20ac<\/strong> et dont le financement sera assur\u00e9 par les collectivit\u00e9s partenaires et les revenus des activit\u00e9s \u00e9conomiques du quartier, permettra la mise en valeur de la production de plus de 600 produits agricoles et artisanaux d\u2019Ile-de-France dans le domaine alimentaire.<\/p>\n\n\n\n<p>Plus de <strong>600 000 visiteurs sont attendus<\/strong> sur le site chaque ann\u00e9e. Son <strong>ouverture est pr\u00e9vue d\u00e8s 2024<\/strong>.<\/p>\n\n\n\n<p>Pour en savoir plus, consultez l&rsquo;<a href=\"https:\/\/www.tourisme-valdemarne.com\/espace-pro\/2019\/01\/27\/la-cite-de-la-gastronomie-paris-rungis-vue-par-christian-hervy\/\">interview de Christian Hervy sur la Cit\u00e9 de la Gastronomie<\/a>.<\/p>\n","protected":false},"excerpt":{"rendered":"<p>Le projet de Cit\u00e9 de la Gastronomie Paris-Rungis a \u00e9t\u00e9 retenu dans le cadre du r\u00e9seau de \u00ab Cit\u00e9s de la gastronomie \u00bb valorisant l&rsquo;inscription du \u00ab repas gastronomique des fran\u00e7ais \u00bb au patrimoine immat\u00e9riel de l&rsquo;humanit\u00e9 par l&rsquo;UNESCO. Le projet Quatre villes, Dijon, Lyon, Paris-Rungis et Tours, vont unir leurs comp\u00e9tences et mettre en [&hellip;]<\/p>\n","protected":false},"author":1,"featured_media":0,"parent":66,"menu_order":10,"comment_status":"closed","ping_status":"closed","template":"","meta":{"_relevanssi_hide_post":"","_relevanssi_hide_content":"","_relevanssi_pin_for_all":"","_relevanssi_pin_keywords":"","_relevanssi_unpin_keywords":"","_relevanssi_related_keywords":"","_relevanssi_related_include_ids":"","_relevanssi_related_exclude_ids":"","_relevanssi_related_no_append":"","_relevanssi_related_not_related":"","_relevanssi_related_posts":"442,2751,2745,446,8104,444","_relevanssi_noindex_reason":"","footnotes":""},"vdmTagMarketing":[],"class_list":["post-943","page","type-page","status-publish","hentry"],"acf":[],"yoast_head":"<!-- This site is optimized with the Yoast SEO plugin v23.9 - https:\/\/yoast.com\/wordpress\/plugins\/seo\/ -->\n<title>Le projet de la Cit\u00e9 de la gastronomie Paris-Rungis | Espace pro<\/title>\n<meta name=\"description\" content=\"D\u00e9couvrez en quoi consiste le projet de la Cit\u00e9 de la gastronomie Paris-Rungis et ce qu&#039;on peut en attendre.\" \/>\n<meta name=\"robots\" content=\"index, follow, max-snippet:-1, max-image-preview:large, max-video-preview:-1\" \/>\n<link rel=\"canonical\" href=\"https:\/\/www.tourisme-valdemarne.com\/espace-pro\/expertises-et-projets\/cite-de-la-gastronomie-paris-rungis\/1er-article-du-projet\/\" \/>\n<meta property=\"og:locale\" content=\"fr_FR\" \/>\n<meta property=\"og:type\" content=\"article\" \/>\n<meta property=\"og:title\" content=\"Le projet de la Cit\u00e9 de la gastronomie Paris-Rungis | Espace pro\" \/>\n<meta property=\"og:description\" content=\"D\u00e9couvrez en quoi consiste le projet de la Cit\u00e9 de la gastronomie Paris-Rungis et ce qu&#039;on peut en attendre.\" \/>\n<meta property=\"og:url\" content=\"https:\/\/www.tourisme-valdemarne.com\/espace-pro\/expertises-et-projets\/cite-de-la-gastronomie-paris-rungis\/1er-article-du-projet\/\" \/>\n<meta property=\"og:site_name\" content=\"Espace Pro\" \/>\n<meta property=\"article:modified_time\" content=\"2023-02-22T15:36:52+00:00\" \/>\n<meta property=\"og:image\" content=\"https:\/\/www.tourisme-valdemarne.com\/espace-pro\/wp-content\/uploads\/sites\/3\/2019\/05\/schema-poles-future-cite-gastronomie-600x529.jpg\" \/>\n<meta name=\"twitter:card\" content=\"summary_large_image\" \/>\n<meta name=\"twitter:label1\" content=\"Dur\u00e9e de lecture estim\u00e9e\" \/>\n\t<meta name=\"twitter:data1\" content=\"4 minutes\" \/>\n<script type=\"application\/ld+json\" class=\"yoast-schema-graph\">{\"@context\":\"https:\/\/schema.org\",\"@graph\":[{\"@type\":\"WebPage\",\"@id\":\"https:\/\/www.tourisme-valdemarne.com\/espace-pro\/expertises-et-projets\/cite-de-la-gastronomie-paris-rungis\/1er-article-du-projet\/\",\"url\":\"https:\/\/www.tourisme-valdemarne.com\/espace-pro\/expertises-et-projets\/cite-de-la-gastronomie-paris-rungis\/1er-article-du-projet\/\",\"name\":\"Le projet de la Cit\u00e9 de la gastronomie Paris-Rungis | Espace pro\",\"isPartOf\":{\"@id\":\"https:\/\/www.tourisme-valdemarne.com\/espace-pro\/#website\"},\"primaryImageOfPage\":{\"@id\":\"https:\/\/www.tourisme-valdemarne.com\/espace-pro\/expertises-et-projets\/cite-de-la-gastronomie-paris-rungis\/1er-article-du-projet\/#primaryimage\"},\"image\":{\"@id\":\"https:\/\/www.tourisme-valdemarne.com\/espace-pro\/expertises-et-projets\/cite-de-la-gastronomie-paris-rungis\/1er-article-du-projet\/#primaryimage\"},\"thumbnailUrl\":\"https:\/\/www.tourisme-valdemarne.com\/espace-pro\/wp-content\/uploads\/sites\/3\/2019\/05\/schema-poles-future-cite-gastronomie-600x529.jpg\",\"datePublished\":\"2019-05-14T09:37:43+00:00\",\"dateModified\":\"2023-02-22T15:36:52+00:00\",\"description\":\"D\u00e9couvrez en quoi consiste le projet de la Cit\u00e9 de la gastronomie Paris-Rungis et ce qu'on peut en attendre.\",\"breadcrumb\":{\"@id\":\"https:\/\/www.tourisme-valdemarne.com\/espace-pro\/expertises-et-projets\/cite-de-la-gastronomie-paris-rungis\/1er-article-du-projet\/#breadcrumb\"},\"inLanguage\":\"fr-FR\",\"potentialAction\":[{\"@type\":\"ReadAction\",\"target\":[\"https:\/\/www.tourisme-valdemarne.com\/espace-pro\/expertises-et-projets\/cite-de-la-gastronomie-paris-rungis\/1er-article-du-projet\/\"]}]},{\"@type\":\"ImageObject\",\"inLanguage\":\"fr-FR\",\"@id\":\"https:\/\/www.tourisme-valdemarne.com\/espace-pro\/expertises-et-projets\/cite-de-la-gastronomie-paris-rungis\/1er-article-du-projet\/#primaryimage\",\"url\":\"https:\/\/www.tourisme-valdemarne.com\/espace-pro\/wp-content\/uploads\/sites\/3\/2019\/05\/schema-poles-future-cite-gastronomie.jpg\",\"contentUrl\":\"https:\/\/www.tourisme-valdemarne.com\/espace-pro\/wp-content\/uploads\/sites\/3\/2019\/05\/schema-poles-future-cite-gastronomie.jpg\",\"width\":1100,\"height\":970,\"caption\":\"Sch\u00e9ma des diff\u00e9rents p\u00f4les de la future cit\u00e9 de la gastrononomie\"},{\"@type\":\"BreadcrumbList\",\"@id\":\"https:\/\/www.tourisme-valdemarne.com\/espace-pro\/expertises-et-projets\/cite-de-la-gastronomie-paris-rungis\/1er-article-du-projet\/#breadcrumb\",\"itemListElement\":[{\"@type\":\"ListItem\",\"position\":1,\"name\":\"Accueil\",\"item\":\"https:\/\/www.tourisme-valdemarne.com\/espace-pro\/\"},{\"@type\":\"ListItem\",\"position\":2,\"name\":\"Expertises et projets\",\"item\":\"https:\/\/www.tourisme-valdemarne.com\/espace-pro\/expertises-et-projets\/\"},{\"@type\":\"ListItem\",\"position\":3,\"name\":\"Cit\u00e9 de la Gastronomie Paris-Rungis\",\"item\":\"https:\/\/www.tourisme-valdemarne.com\/espace-pro\/expertises-et-projets\/cite-de-la-gastronomie-paris-rungis\/\"},{\"@type\":\"ListItem\",\"position\":4,\"name\":\"Le projet de la Cit\u00e9 de la gastronomie Paris-Rungis\"}]},{\"@type\":\"WebSite\",\"@id\":\"https:\/\/www.tourisme-valdemarne.com\/espace-pro\/#website\",\"url\":\"https:\/\/www.tourisme-valdemarne.com\/espace-pro\/\",\"name\":\"Espace Pro\",\"description\":\"Informations et outils pour les professionnels et la Presse\",\"potentialAction\":[{\"@type\":\"SearchAction\",\"target\":{\"@type\":\"EntryPoint\",\"urlTemplate\":\"https:\/\/www.tourisme-valdemarne.com\/espace-pro\/?s={search_term_string}\"},\"query-input\":{\"@type\":\"PropertyValueSpecification\",\"valueRequired\":true,\"valueName\":\"search_term_string\"}}],\"inLanguage\":\"fr-FR\"}]}<\/script>\n<!-- \/ Yoast SEO plugin. -->","yoast_head_json":{"title":"Le projet de la Cit\u00e9 de la gastronomie Paris-Rungis | Espace pro","description":"D\u00e9couvrez en quoi consiste le projet de la Cit\u00e9 de la gastronomie Paris-Rungis et ce qu'on peut en attendre.","robots":{"index":"index","follow":"follow","max-snippet":"max-snippet:-1","max-image-preview":"max-image-preview:large","max-video-preview":"max-video-preview:-1"},"canonical":"https:\/\/www.tourisme-valdemarne.com\/espace-pro\/expertises-et-projets\/cite-de-la-gastronomie-paris-rungis\/1er-article-du-projet\/","og_locale":"fr_FR","og_type":"article","og_title":"Le projet de la Cit\u00e9 de la gastronomie Paris-Rungis | Espace pro","og_description":"D\u00e9couvrez en quoi consiste le projet de la Cit\u00e9 de la gastronomie Paris-Rungis et ce qu'on peut en attendre.","og_url":"https:\/\/www.tourisme-valdemarne.com\/espace-pro\/expertises-et-projets\/cite-de-la-gastronomie-paris-rungis\/1er-article-du-projet\/","og_site_name":"Espace Pro","article_modified_time":"2023-02-22T15:36:52+00:00","og_image":[{"url":"https:\/\/www.tourisme-valdemarne.com\/espace-pro\/wp-content\/uploads\/sites\/3\/2019\/05\/schema-poles-future-cite-gastronomie-600x529.jpg"}],"twitter_card":"summary_large_image","twitter_misc":{"Dur\u00e9e de lecture estim\u00e9e":"4 minutes"},"schema":{"@context":"https:\/\/schema.org","@graph":[{"@type":"WebPage","@id":"https:\/\/www.tourisme-valdemarne.com\/espace-pro\/expertises-et-projets\/cite-de-la-gastronomie-paris-rungis\/1er-article-du-projet\/","url":"https:\/\/www.tourisme-valdemarne.com\/espace-pro\/expertises-et-projets\/cite-de-la-gastronomie-paris-rungis\/1er-article-du-projet\/","name":"Le projet de la Cit\u00e9 de la gastronomie Paris-Rungis | Espace pro","isPartOf":{"@id":"https:\/\/www.tourisme-valdemarne.com\/espace-pro\/#website"},"primaryImageOfPage":{"@id":"https:\/\/www.tourisme-valdemarne.com\/espace-pro\/expertises-et-projets\/cite-de-la-gastronomie-paris-rungis\/1er-article-du-projet\/#primaryimage"},"image":{"@id":"https:\/\/www.tourisme-valdemarne.com\/espace-pro\/expertises-et-projets\/cite-de-la-gastronomie-paris-rungis\/1er-article-du-projet\/#primaryimage"},"thumbnailUrl":"https:\/\/www.tourisme-valdemarne.com\/espace-pro\/wp-content\/uploads\/sites\/3\/2019\/05\/schema-poles-future-cite-gastronomie-600x529.jpg","datePublished":"2019-05-14T09:37:43+00:00","dateModified":"2023-02-22T15:36:52+00:00","description":"D\u00e9couvrez en quoi consiste le projet de la Cit\u00e9 de la gastronomie Paris-Rungis et ce qu'on peut en attendre.","breadcrumb":{"@id":"https:\/\/www.tourisme-valdemarne.com\/espace-pro\/expertises-et-projets\/cite-de-la-gastronomie-paris-rungis\/1er-article-du-projet\/#breadcrumb"},"inLanguage":"fr-FR","potentialAction":[{"@type":"ReadAction","target":["https:\/\/www.tourisme-valdemarne.com\/espace-pro\/expertises-et-projets\/cite-de-la-gastronomie-paris-rungis\/1er-article-du-projet\/"]}]},{"@type":"ImageObject","inLanguage":"fr-FR","@id":"https:\/\/www.tourisme-valdemarne.com\/espace-pro\/expertises-et-projets\/cite-de-la-gastronomie-paris-rungis\/1er-article-du-projet\/#primaryimage","url":"https:\/\/www.tourisme-valdemarne.com\/espace-pro\/wp-content\/uploads\/sites\/3\/2019\/05\/schema-poles-future-cite-gastronomie.jpg","contentUrl":"https:\/\/www.tourisme-valdemarne.com\/espace-pro\/wp-content\/uploads\/sites\/3\/2019\/05\/schema-poles-future-cite-gastronomie.jpg","width":1100,"height":970,"caption":"Sch\u00e9ma des diff\u00e9rents p\u00f4les de la future cit\u00e9 de la gastrononomie"},{"@type":"BreadcrumbList","@id":"https:\/\/www.tourisme-valdemarne.com\/espace-pro\/expertises-et-projets\/cite-de-la-gastronomie-paris-rungis\/1er-article-du-projet\/#breadcrumb","itemListElement":[{"@type":"ListItem","position":1,"name":"Accueil","item":"https:\/\/www.tourisme-valdemarne.com\/espace-pro\/"},{"@type":"ListItem","position":2,"name":"Expertises et projets","item":"https:\/\/www.tourisme-valdemarne.com\/espace-pro\/expertises-et-projets\/"},{"@type":"ListItem","position":3,"name":"Cit\u00e9 de la Gastronomie Paris-Rungis","item":"https:\/\/www.tourisme-valdemarne.com\/espace-pro\/expertises-et-projets\/cite-de-la-gastronomie-paris-rungis\/"},{"@type":"ListItem","position":4,"name":"Le projet de la Cit\u00e9 de la gastronomie Paris-Rungis"}]},{"@type":"WebSite","@id":"https:\/\/www.tourisme-valdemarne.com\/espace-pro\/#website","url":"https:\/\/www.tourisme-valdemarne.com\/espace-pro\/","name":"Espace Pro","description":"Informations et outils pour les professionnels et la Presse","potentialAction":[{"@type":"SearchAction","target":{"@type":"EntryPoint","urlTemplate":"https:\/\/www.tourisme-valdemarne.com\/espace-pro\/?s={search_term_string}"},"query-input":{"@type":"PropertyValueSpecification","valueRequired":true,"valueName":"search_term_string"}}],"inLanguage":"fr-FR"}]}},"_links":{"self":[{"href":"https:\/\/www.tourisme-valdemarne.com\/espace-pro\/wp-json\/wp\/v2\/pages\/943","targetHints":{"allow":["GET"]}}],"collection":[{"href":"https:\/\/www.tourisme-valdemarne.com\/espace-pro\/wp-json\/wp\/v2\/pages"}],"about":[{"href":"https:\/\/www.tourisme-valdemarne.com\/espace-pro\/wp-json\/wp\/v2\/types\/page"}],"author":[{"embeddable":true,"href":"https:\/\/www.tourisme-valdemarne.com\/espace-pro\/wp-json\/wp\/v2\/users\/1"}],"replies":[{"embeddable":true,"href":"https:\/\/www.tourisme-valdemarne.com\/espace-pro\/wp-json\/wp\/v2\/comments?post=943"}],"version-history":[{"count":4,"href":"https:\/\/www.tourisme-valdemarne.com\/espace-pro\/wp-json\/wp\/v2\/pages\/943\/revisions"}],"predecessor-version":[{"id":13915,"href":"https:\/\/www.tourisme-valdemarne.com\/espace-pro\/wp-json\/wp\/v2\/pages\/943\/revisions\/13915"}],"up":[{"embeddable":true,"href":"https:\/\/www.tourisme-valdemarne.com\/espace-pro\/wp-json\/wp\/v2\/pages\/66"}],"wp:attachment":[{"href":"https:\/\/www.tourisme-valdemarne.com\/espace-pro\/wp-json\/wp\/v2\/media?parent=943"}],"wp:term":[{"taxonomy":"vdmTagMarketing","embeddable":true,"href":"https:\/\/www.tourisme-valdemarne.com\/espace-pro\/wp-json\/wp\/v2\/vdmTagMarketing?post=943"}],"curies":[{"name":"wp","href":"https:\/\/api.w.org\/{rel}","templated":true}]}}