{"id":9391,"date":"2021-05-31T10:50:51","date_gmt":"2021-05-31T08:50:51","guid":{"rendered":"https:\/\/www.tourisme-valdemarne.com\/espace-pro\/?page_id=9391"},"modified":"2022-03-24T10:10:24","modified_gmt":"2022-03-24T09:10:24","slug":"participez-a-la-consultation-citoyenne-sur-le-tourisme-a-paris","status":"publish","type":"page","link":"https:\/\/www.tourisme-valdemarne.com\/espace-pro\/actualites\/archives-des-actualites\/participez-a-la-consultation-citoyenne-sur-le-tourisme-a-paris\/","title":{"rendered":"Participez \u00e0 la consultation citoyenne sur le tourisme \u00e0 Paris"},"content":{"rendered":"\n<p class=\"is-style-excerpt\">Dans le cadre des Assises du tourisme durable de la Ville de Paris, partagez-nous vos id\u00e9es, vos conseils et vos envies sur le tourisme, et confiez-nous votre regard et vos pratiques touristiques d\u2019habitant !<br><strong>Parisiens : Quels touristes \u00eates-vous ? Quel tourisme voulez-vous ?<\/strong><\/p>\n\n\n\n<p>Avec pr\u00e8s de 30 millions de visiteurs chaque ann\u00e9e, Paris est l\u2019une des villes les plus visit\u00e9es au monde. Destination fortement impact\u00e9e par la crise sanitaire, Paris soutient depuis 2020 les acteurs du secteur et entend prendre toute sa part dans la mise en place d\u2019un tourisme plus durable, plus r\u00e9silient, plus int\u00e9gr\u00e9 \u00e0 son territoire et \u00e0 ses habitants.<\/p>\n\n\n\n<p>Afin de poser les bases de ce tourisme \u00e0 impact positif, Paris organise \u00e0 l\u2019\u00e9t\u00e9 2021 les Assises du Tourisme Durable avec pour objectif de convenir ensemble de l\u2019avenir de la destination et de faire \u00e9merger des id\u00e9es et des propositions qui nourriront la strat\u00e9gie touristique de la Ville pour les ann\u00e9es \u00e0 venir.<\/p>\n\n\n\n<p class=\"has-text-align-center\"><strong>Prenez part au d\u00e9bat et partagez votre vision de l&rsquo;avenir du tourisme \u00e0 Paris :<\/strong><\/p>\n\n\n\n<div class=\"wp-block-buttons aligncenter is-layout-flex wp-block-buttons-is-layout-flex\">\n<div class=\"wp-block-button\"><a class=\"wp-block-button__link\" href=\"https:\/\/idee.paris.fr\/consultation\/consultation-sur-le-tourisme-durable\/presentation\/paris-organise-les-assises-du-tourisme-durable\" target=\"_blank\" rel=\"noreferrer noopener\">Acc\u00e9der \u00e0 la consultation citoyenne<\/a><\/div>\n<\/div>\n\n\n\n<p class=\"is-style-highlight\">D\u00e9couvrez le reste de l&rsquo;<a href=\"https:\/\/www.tourisme-valdemarne.com\/espace-pro\/actualites\/\" target=\"_blank\" rel=\"noreferrer noopener\">actualit\u00e9 des professionnels du tourisme en Val-de-Marne<\/a>.<\/p>\n","protected":false},"excerpt":{"rendered":"<p>Dans le cadre des Assises du tourisme durable de la Ville de Paris, partagez-nous vos id\u00e9es, vos conseils et vos envies sur le tourisme, et confiez-nous votre regard et vos pratiques touristiques d\u2019habitant !Parisiens : Quels touristes \u00eates-vous ? Quel tourisme voulez-vous ? Avec pr\u00e8s de 30 millions de visiteurs chaque ann\u00e9e, Paris est l\u2019une [&hellip;]<\/p>\n","protected":false},"author":8,"featured_media":2697,"parent":9250,"menu_order":178,"comment_status":"closed","ping_status":"closed","template":"","meta":{"_relevanssi_hide_post":"","_relevanssi_hide_content":"","_relevanssi_pin_for_all":"","_relevanssi_pin_keywords":"","_relevanssi_unpin_keywords":"","_relevanssi_related_keywords":"","_relevanssi_related_include_ids":"","_relevanssi_related_exclude_ids":"","_relevanssi_related_no_append":"","_relevanssi_related_not_related":"","_relevanssi_related_posts":"2749,8105,8090,8077,2741,442","_relevanssi_noindex_reason":"","footnotes":""},"vdmTagMarketing":[],"class_list":["post-9391","page","type-page","status-publish","has-post-thumbnail","hentry"],"acf":[],"yoast_head":"<!-- This site is optimized with the Yoast SEO plugin v23.9 - https:\/\/yoast.com\/wordpress\/plugins\/seo\/ -->\n<title>Participez \u00e0 la consultation citoyenne sur le tourisme \u00e0 Paris - Espace Pro<\/title>\n<meta name=\"description\" content=\"Participez \u00e0 la nouvelle consultation citoyenne concernant l&#039;avenir du tourisme dans la ville de Paris. Vos id\u00e9es sont les bienvenues !\" \/>\n<meta name=\"robots\" content=\"index, follow, max-snippet:-1, max-image-preview:large, max-video-preview:-1\" \/>\n<link rel=\"canonical\" href=\"https:\/\/www.tourisme-valdemarne.com\/espace-pro\/actualites\/archives-des-actualites\/participez-a-la-consultation-citoyenne-sur-le-tourisme-a-paris\/\" \/>\n<meta property=\"og:locale\" content=\"fr_FR\" \/>\n<meta property=\"og:type\" content=\"article\" \/>\n<meta property=\"og:title\" content=\"Participez \u00e0 la consultation citoyenne sur le tourisme \u00e0 Paris - Espace Pro\" \/>\n<meta property=\"og:description\" content=\"Participez \u00e0 la nouvelle consultation citoyenne concernant l&#039;avenir du tourisme dans la ville de Paris. Vos id\u00e9es sont les bienvenues !\" \/>\n<meta property=\"og:url\" content=\"https:\/\/www.tourisme-valdemarne.com\/espace-pro\/actualites\/archives-des-actualites\/participez-a-la-consultation-citoyenne-sur-le-tourisme-a-paris\/\" \/>\n<meta property=\"og:site_name\" content=\"Espace Pro\" \/>\n<meta property=\"article:modified_time\" content=\"2022-03-24T09:10:24+00:00\" \/>\n<meta property=\"og:image\" content=\"https:\/\/www.tourisme-valdemarne.com\/espace-pro\/wp-content\/uploads\/sites\/3\/2019\/05\/tour-eiffel-paris-cc0.jpg\" \/>\n\t<meta property=\"og:image:width\" content=\"1600\" \/>\n\t<meta property=\"og:image:height\" content=\"1066\" \/>\n\t<meta property=\"og:image:type\" content=\"image\/jpeg\" \/>\n<meta name=\"twitter:card\" content=\"summary_large_image\" \/>\n<meta name=\"twitter:label1\" content=\"Dur\u00e9e de lecture estim\u00e9e\" \/>\n\t<meta name=\"twitter:data1\" content=\"1 minute\" \/>\n<script type=\"application\/ld+json\" class=\"yoast-schema-graph\">{\"@context\":\"https:\/\/schema.org\",\"@graph\":[{\"@type\":\"WebPage\",\"@id\":\"https:\/\/www.tourisme-valdemarne.com\/espace-pro\/actualites\/archives-des-actualites\/participez-a-la-consultation-citoyenne-sur-le-tourisme-a-paris\/\",\"url\":\"https:\/\/www.tourisme-valdemarne.com\/espace-pro\/actualites\/archives-des-actualites\/participez-a-la-consultation-citoyenne-sur-le-tourisme-a-paris\/\",\"name\":\"Participez \u00e0 la consultation citoyenne sur le tourisme \u00e0 Paris - Espace Pro\",\"isPartOf\":{\"@id\":\"https:\/\/www.tourisme-valdemarne.com\/espace-pro\/#website\"},\"primaryImageOfPage\":{\"@id\":\"https:\/\/www.tourisme-valdemarne.com\/espace-pro\/actualites\/archives-des-actualites\/participez-a-la-consultation-citoyenne-sur-le-tourisme-a-paris\/#primaryimage\"},\"image\":{\"@id\":\"https:\/\/www.tourisme-valdemarne.com\/espace-pro\/actualites\/archives-des-actualites\/participez-a-la-consultation-citoyenne-sur-le-tourisme-a-paris\/#primaryimage\"},\"thumbnailUrl\":\"https:\/\/www.tourisme-valdemarne.com\/espace-pro\/wp-content\/uploads\/sites\/3\/2019\/05\/tour-eiffel-paris-cc0.jpg\",\"datePublished\":\"2021-05-31T08:50:51+00:00\",\"dateModified\":\"2022-03-24T09:10:24+00:00\",\"description\":\"Participez \u00e0 la nouvelle consultation citoyenne concernant l'avenir du tourisme dans la ville de Paris. Vos id\u00e9es sont les bienvenues !\",\"breadcrumb\":{\"@id\":\"https:\/\/www.tourisme-valdemarne.com\/espace-pro\/actualites\/archives-des-actualites\/participez-a-la-consultation-citoyenne-sur-le-tourisme-a-paris\/#breadcrumb\"},\"inLanguage\":\"fr-FR\",\"potentialAction\":[{\"@type\":\"ReadAction\",\"target\":[\"https:\/\/www.tourisme-valdemarne.com\/espace-pro\/actualites\/archives-des-actualites\/participez-a-la-consultation-citoyenne-sur-le-tourisme-a-paris\/\"]}]},{\"@type\":\"ImageObject\",\"inLanguage\":\"fr-FR\",\"@id\":\"https:\/\/www.tourisme-valdemarne.com\/espace-pro\/actualites\/archives-des-actualites\/participez-a-la-consultation-citoyenne-sur-le-tourisme-a-paris\/#primaryimage\",\"url\":\"https:\/\/www.tourisme-valdemarne.com\/espace-pro\/wp-content\/uploads\/sites\/3\/2019\/05\/tour-eiffel-paris-cc0.jpg\",\"contentUrl\":\"https:\/\/www.tourisme-valdemarne.com\/espace-pro\/wp-content\/uploads\/sites\/3\/2019\/05\/tour-eiffel-paris-cc0.jpg\",\"width\":1600,\"height\":1066,\"caption\":\"La Tour Eiffel \u00e0 Paris\"},{\"@type\":\"BreadcrumbList\",\"@id\":\"https:\/\/www.tourisme-valdemarne.com\/espace-pro\/actualites\/archives-des-actualites\/participez-a-la-consultation-citoyenne-sur-le-tourisme-a-paris\/#breadcrumb\",\"itemListElement\":[{\"@type\":\"ListItem\",\"position\":1,\"name\":\"Accueil\",\"item\":\"https:\/\/www.tourisme-valdemarne.com\/espace-pro\/\"},{\"@type\":\"ListItem\",\"position\":2,\"name\":\"Actualit\u00e9s de l&rsquo;espace pro\",\"item\":\"https:\/\/www.tourisme-valdemarne.com\/espace-pro\/actualites\/\"},{\"@type\":\"ListItem\",\"position\":3,\"name\":\"Archives des actualit\u00e9s\",\"item\":\"https:\/\/www.tourisme-valdemarne.com\/espace-pro\/actualites\/archives-des-actualites\/\"},{\"@type\":\"ListItem\",\"position\":4,\"name\":\"Participez \u00e0 la consultation citoyenne sur le tourisme \u00e0 Paris\"}]},{\"@type\":\"WebSite\",\"@id\":\"https:\/\/www.tourisme-valdemarne.com\/espace-pro\/#website\",\"url\":\"https:\/\/www.tourisme-valdemarne.com\/espace-pro\/\",\"name\":\"Espace Pro\",\"description\":\"Informations et outils pour les professionnels et la Presse\",\"potentialAction\":[{\"@type\":\"SearchAction\",\"target\":{\"@type\":\"EntryPoint\",\"urlTemplate\":\"https:\/\/www.tourisme-valdemarne.com\/espace-pro\/?s={search_term_string}\"},\"query-input\":{\"@type\":\"PropertyValueSpecification\",\"valueRequired\":true,\"valueName\":\"search_term_string\"}}],\"inLanguage\":\"fr-FR\"}]}<\/script>\n<!-- \/ Yoast SEO plugin. -->","yoast_head_json":{"title":"Participez \u00e0 la consultation citoyenne sur le tourisme \u00e0 Paris - Espace Pro","description":"Participez \u00e0 la nouvelle consultation citoyenne concernant l'avenir du tourisme dans la ville de Paris. Vos id\u00e9es sont les bienvenues !","robots":{"index":"index","follow":"follow","max-snippet":"max-snippet:-1","max-image-preview":"max-image-preview:large","max-video-preview":"max-video-preview:-1"},"canonical":"https:\/\/www.tourisme-valdemarne.com\/espace-pro\/actualites\/archives-des-actualites\/participez-a-la-consultation-citoyenne-sur-le-tourisme-a-paris\/","og_locale":"fr_FR","og_type":"article","og_title":"Participez \u00e0 la consultation citoyenne sur le tourisme \u00e0 Paris - Espace Pro","og_description":"Participez \u00e0 la nouvelle consultation citoyenne concernant l'avenir du tourisme dans la ville de Paris. Vos id\u00e9es sont les bienvenues !","og_url":"https:\/\/www.tourisme-valdemarne.com\/espace-pro\/actualites\/archives-des-actualites\/participez-a-la-consultation-citoyenne-sur-le-tourisme-a-paris\/","og_site_name":"Espace Pro","article_modified_time":"2022-03-24T09:10:24+00:00","og_image":[{"width":1600,"height":1066,"url":"https:\/\/www.tourisme-valdemarne.com\/espace-pro\/wp-content\/uploads\/sites\/3\/2019\/05\/tour-eiffel-paris-cc0.jpg","type":"image\/jpeg"}],"twitter_card":"summary_large_image","twitter_misc":{"Dur\u00e9e de lecture estim\u00e9e":"1 minute"},"schema":{"@context":"https:\/\/schema.org","@graph":[{"@type":"WebPage","@id":"https:\/\/www.tourisme-valdemarne.com\/espace-pro\/actualites\/archives-des-actualites\/participez-a-la-consultation-citoyenne-sur-le-tourisme-a-paris\/","url":"https:\/\/www.tourisme-valdemarne.com\/espace-pro\/actualites\/archives-des-actualites\/participez-a-la-consultation-citoyenne-sur-le-tourisme-a-paris\/","name":"Participez \u00e0 la consultation citoyenne sur le tourisme \u00e0 Paris - Espace Pro","isPartOf":{"@id":"https:\/\/www.tourisme-valdemarne.com\/espace-pro\/#website"},"primaryImageOfPage":{"@id":"https:\/\/www.tourisme-valdemarne.com\/espace-pro\/actualites\/archives-des-actualites\/participez-a-la-consultation-citoyenne-sur-le-tourisme-a-paris\/#primaryimage"},"image":{"@id":"https:\/\/www.tourisme-valdemarne.com\/espace-pro\/actualites\/archives-des-actualites\/participez-a-la-consultation-citoyenne-sur-le-tourisme-a-paris\/#primaryimage"},"thumbnailUrl":"https:\/\/www.tourisme-valdemarne.com\/espace-pro\/wp-content\/uploads\/sites\/3\/2019\/05\/tour-eiffel-paris-cc0.jpg","datePublished":"2021-05-31T08:50:51+00:00","dateModified":"2022-03-24T09:10:24+00:00","description":"Participez \u00e0 la nouvelle consultation citoyenne concernant l'avenir du tourisme dans la ville de Paris. Vos id\u00e9es sont les bienvenues !","breadcrumb":{"@id":"https:\/\/www.tourisme-valdemarne.com\/espace-pro\/actualites\/archives-des-actualites\/participez-a-la-consultation-citoyenne-sur-le-tourisme-a-paris\/#breadcrumb"},"inLanguage":"fr-FR","potentialAction":[{"@type":"ReadAction","target":["https:\/\/www.tourisme-valdemarne.com\/espace-pro\/actualites\/archives-des-actualites\/participez-a-la-consultation-citoyenne-sur-le-tourisme-a-paris\/"]}]},{"@type":"ImageObject","inLanguage":"fr-FR","@id":"https:\/\/www.tourisme-valdemarne.com\/espace-pro\/actualites\/archives-des-actualites\/participez-a-la-consultation-citoyenne-sur-le-tourisme-a-paris\/#primaryimage","url":"https:\/\/www.tourisme-valdemarne.com\/espace-pro\/wp-content\/uploads\/sites\/3\/2019\/05\/tour-eiffel-paris-cc0.jpg","contentUrl":"https:\/\/www.tourisme-valdemarne.com\/espace-pro\/wp-content\/uploads\/sites\/3\/2019\/05\/tour-eiffel-paris-cc0.jpg","width":1600,"height":1066,"caption":"La Tour Eiffel \u00e0 Paris"},{"@type":"BreadcrumbList","@id":"https:\/\/www.tourisme-valdemarne.com\/espace-pro\/actualites\/archives-des-actualites\/participez-a-la-consultation-citoyenne-sur-le-tourisme-a-paris\/#breadcrumb","itemListElement":[{"@type":"ListItem","position":1,"name":"Accueil","item":"https:\/\/www.tourisme-valdemarne.com\/espace-pro\/"},{"@type":"ListItem","position":2,"name":"Actualit\u00e9s de l&rsquo;espace pro","item":"https:\/\/www.tourisme-valdemarne.com\/espace-pro\/actualites\/"},{"@type":"ListItem","position":3,"name":"Archives des actualit\u00e9s","item":"https:\/\/www.tourisme-valdemarne.com\/espace-pro\/actualites\/archives-des-actualites\/"},{"@type":"ListItem","position":4,"name":"Participez \u00e0 la consultation citoyenne sur le tourisme \u00e0 Paris"}]},{"@type":"WebSite","@id":"https:\/\/www.tourisme-valdemarne.com\/espace-pro\/#website","url":"https:\/\/www.tourisme-valdemarne.com\/espace-pro\/","name":"Espace Pro","description":"Informations et outils pour les professionnels et la Presse","potentialAction":[{"@type":"SearchAction","target":{"@type":"EntryPoint","urlTemplate":"https:\/\/www.tourisme-valdemarne.com\/espace-pro\/?s={search_term_string}"},"query-input":{"@type":"PropertyValueSpecification","valueRequired":true,"valueName":"search_term_string"}}],"inLanguage":"fr-FR"}]}},"_links":{"self":[{"href":"https:\/\/www.tourisme-valdemarne.com\/espace-pro\/wp-json\/wp\/v2\/pages\/9391","targetHints":{"allow":["GET"]}}],"collection":[{"href":"https:\/\/www.tourisme-valdemarne.com\/espace-pro\/wp-json\/wp\/v2\/pages"}],"about":[{"href":"https:\/\/www.tourisme-valdemarne.com\/espace-pro\/wp-json\/wp\/v2\/types\/page"}],"author":[{"embeddable":true,"href":"https:\/\/www.tourisme-valdemarne.com\/espace-pro\/wp-json\/wp\/v2\/users\/8"}],"replies":[{"embeddable":true,"href":"https:\/\/www.tourisme-valdemarne.com\/espace-pro\/wp-json\/wp\/v2\/comments?post=9391"}],"version-history":[{"count":2,"href":"https:\/\/www.tourisme-valdemarne.com\/espace-pro\/wp-json\/wp\/v2\/pages\/9391\/revisions"}],"predecessor-version":[{"id":9393,"href":"https:\/\/www.tourisme-valdemarne.com\/espace-pro\/wp-json\/wp\/v2\/pages\/9391\/revisions\/9393"}],"up":[{"embeddable":true,"href":"https:\/\/www.tourisme-valdemarne.com\/espace-pro\/wp-json\/wp\/v2\/pages\/9250"}],"wp:featuredmedia":[{"embeddable":true,"href":"https:\/\/www.tourisme-valdemarne.com\/espace-pro\/wp-json\/wp\/v2\/media\/2697"}],"wp:attachment":[{"href":"https:\/\/www.tourisme-valdemarne.com\/espace-pro\/wp-json\/wp\/v2\/media?parent=9391"}],"wp:term":[{"taxonomy":"vdmTagMarketing","embeddable":true,"href":"https:\/\/www.tourisme-valdemarne.com\/espace-pro\/wp-json\/wp\/v2\/vdmTagMarketing?post=9391"}],"curies":[{"name":"wp","href":"https:\/\/api.w.org\/{rel}","templated":true}]}}