{"id":9314,"date":"2021-05-21T10:47:01","date_gmt":"2021-05-21T08:47:01","guid":{"rendered":"https:\/\/www.tourisme-valdemarne.com\/espace-pro\/?page_id=9314"},"modified":"2022-03-24T10:10:05","modified_gmt":"2022-03-24T09:10:05","slug":"webinaire-les-cles-du-tourisme-durable-pour-reussir-lapres-covid","status":"publish","type":"page","link":"https:\/\/www.tourisme-valdemarne.com\/espace-pro\/actualites\/archives-des-actualites\/webinaire-les-cles-du-tourisme-durable-pour-reussir-lapres-covid\/","title":{"rendered":"Webinaire Les cl\u00e9s du tourisme durable pour r\u00e9ussir l&rsquo;apr\u00e8s-Covid"},"content":{"rendered":"\n<p class=\"is-style-excerpt\">L\u2019Institut Paris Region, association sans but lucratif, financ\u00e9e par la R\u00e9gion \u00cele-de-France et les acteurs publics, vous propose une matin\u00e9e d\u2019information et d\u2019\u00e9changes lors de son webinaire gratuit : les cl\u00e9s du tourisme durable pour r\u00e9ussir l&rsquo;apr\u00e8s-Covid.<\/p>\n\n\n\n<p>Lors de ce webinaire, enti\u00e8rement gratuit, vous aurez l&rsquo;occasion d&rsquo;aborder les sujets suivants :<\/p>\n\n\n\n<ul class=\"wp-block-list\"><li>Rappel des diff\u00e9rents enjeux du tourisme durable et leur prise en compte par la R\u00e9gion \u00cele-de-France dans ses strat\u00e9gies en faveur de l\u2019\u00e9conomie circulaire et du tourisme.<\/li><li>Pr\u00e9sentation des r\u00e9sultats de notre enqu\u00eate exclusive de f\u00e9vrier 2021 sur l\u2019implication des entreprises de l\u2019h\u00e9bergement et du voyage en mati\u00e8re de tourisme durable.<\/li><li>Pr\u00e9sentation de deux dispositifs de soutien public s\u2019adressant aux professionnels du tourisme :<br>&#8211; le programme europ\u00e9en TOURISME visant \u00e0 accompagner les acteurs pour faire \u00e9voluer leurs pratiques,<br>&#8211; le panorama des aides du plan de relance national en faveur du tourisme durable.<\/li><li>Ateliers th\u00e9matiques o\u00f9 vous pourrez \u00e9changer avec des professionnels (h\u00f4teliers, agences de voyage, acteurs de l\u2019\u00e9conomie sociale et solidaire) d\u00e9j\u00e0 engag\u00e9s dans le tourisme durable et qui partageront avec vous leurs objectifs, leurs nouvelles pratiques et leurs retours d\u2019exp\u00e9riences.<\/li><\/ul>\n\n\n\n<p class=\"has-text-align-center\"><strong>Le webinaire aura lieu le vendredi 18 juin 2021, de 9 h \u00e0 14 h 30.<\/strong><\/p>\n\n\n\n<div class=\"wp-block-buttons aligncenter is-layout-flex wp-block-buttons-is-layout-flex\">\n<div class=\"wp-block-button\"><a class=\"wp-block-button__link\" href=\"https:\/\/primetime.bluejeans.com\/a2m\/register\/ceqjzpwh\" target=\"_blank\" rel=\"noreferrer noopener\">S&rsquo;inscrire<\/a><\/div>\n<\/div>\n\n\n\n<div class=\"wp-block-image\"><figure class=\"aligncenter size-large is-resized\"><a href=\"https:\/\/www.tourisme-valdemarne.com\/espace-pro\/wp-content\/uploads\/sites\/3\/2021\/05\/logo-institut-paris-region.png\"><img data-src=\"https:\/\/www.tourisme-valdemarne.com\/espace-pro\/wp-content\/uploads\/sites\/3\/2021\/05\/logo-institut-paris-region.png\" alt=\"logo institut paris region\" class=\"wp-image-9315\" width=\"343\" height=\"326\" srcset=\"https:\/\/www.tourisme-valdemarne.com\/espace-pro\/wp-content\/uploads\/sites\/3\/2021\/05\/logo-institut-paris-region.png 838w, https:\/\/www.tourisme-valdemarne.com\/espace-pro\/wp-content\/uploads\/sites\/3\/2021\/05\/logo-institut-paris-region-600x572.png 600w, https:\/\/www.tourisme-valdemarne.com\/espace-pro\/wp-content\/uploads\/sites\/3\/2021\/05\/logo-institut-paris-region-380x362.png 380w, https:\/\/www.tourisme-valdemarne.com\/espace-pro\/wp-content\/uploads\/sites\/3\/2021\/05\/logo-institut-paris-region-200x191.png 200w, https:\/\/www.tourisme-valdemarne.com\/espace-pro\/wp-content\/uploads\/sites\/3\/2021\/05\/logo-institut-paris-region-24x24.png 24w\" sizes=\"(max-width: 343px) 100vw, 343px\" \/><\/a><\/figure><\/div>\n\n\n\n<p><\/p>\n","protected":false},"excerpt":{"rendered":"<p>L\u2019Institut Paris Region, association sans but lucratif, financ\u00e9e par la R\u00e9gion \u00cele-de-France et les acteurs publics, vous propose une matin\u00e9e d\u2019information et d\u2019\u00e9changes lors de son webinaire gratuit : les cl\u00e9s du tourisme durable pour r\u00e9ussir l&rsquo;apr\u00e8s-Covid. Lors de ce webinaire, enti\u00e8rement gratuit, vous aurez l&rsquo;occasion d&rsquo;aborder les sujets suivants : Rappel des diff\u00e9rents enjeux [&hellip;]<\/p>\n","protected":false},"author":8,"featured_media":3310,"parent":9250,"menu_order":180,"comment_status":"closed","ping_status":"closed","template":"","meta":{"_relevanssi_hide_post":"","_relevanssi_hide_content":"","_relevanssi_pin_for_all":"","_relevanssi_pin_keywords":"","_relevanssi_unpin_keywords":"","_relevanssi_related_keywords":"","_relevanssi_related_include_ids":"","_relevanssi_related_exclude_ids":"","_relevanssi_related_no_append":"","_relevanssi_related_not_related":"","_relevanssi_related_posts":"442,8095,8104,8083,8090,8105","_relevanssi_noindex_reason":"","footnotes":""},"vdmTagMarketing":[],"class_list":["post-9314","page","type-page","status-publish","has-post-thumbnail","hentry"],"acf":[],"yoast_head":"<!-- This site is optimized with the Yoast SEO plugin v23.9 - https:\/\/yoast.com\/wordpress\/plugins\/seo\/ -->\n<title>Webinaire Les cl\u00e9s du tourisme durable pour r\u00e9ussir l&#039;apr\u00e8s-Covid - Espace Pro<\/title>\n<meta name=\"description\" content=\"L\u2019Institut Paris Region vous propose de participer \u00e0 son webinaire gratuit : les cl\u00e9s du tourisme durable pour r\u00e9ussir l&#039;apr\u00e8s-Covid.\" \/>\n<meta name=\"robots\" content=\"index, follow, max-snippet:-1, max-image-preview:large, max-video-preview:-1\" \/>\n<link rel=\"canonical\" href=\"https:\/\/www.tourisme-valdemarne.com\/espace-pro\/actualites\/archives-des-actualites\/webinaire-les-cles-du-tourisme-durable-pour-reussir-lapres-covid\/\" \/>\n<meta property=\"og:locale\" content=\"fr_FR\" \/>\n<meta property=\"og:type\" content=\"article\" \/>\n<meta property=\"og:title\" content=\"Webinaire Les cl\u00e9s du tourisme durable pour r\u00e9ussir l&#039;apr\u00e8s-Covid - Espace Pro\" \/>\n<meta property=\"og:description\" content=\"L\u2019Institut Paris Region vous propose de participer \u00e0 son webinaire gratuit : les cl\u00e9s du tourisme durable pour r\u00e9ussir l&#039;apr\u00e8s-Covid.\" \/>\n<meta property=\"og:url\" content=\"https:\/\/www.tourisme-valdemarne.com\/espace-pro\/actualites\/archives-des-actualites\/webinaire-les-cles-du-tourisme-durable-pour-reussir-lapres-covid\/\" \/>\n<meta property=\"og:site_name\" content=\"Espace Pro\" \/>\n<meta property=\"article:modified_time\" content=\"2022-03-24T09:10:05+00:00\" \/>\n<meta property=\"og:image\" content=\"https:\/\/www.tourisme-valdemarne.com\/espace-pro\/wp-content\/uploads\/sites\/3\/2019\/06\/hotel-novotel-orly-rungis-facade.jpg\" \/>\n\t<meta property=\"og:image:width\" content=\"1600\" \/>\n\t<meta property=\"og:image:height\" content=\"1067\" \/>\n\t<meta property=\"og:image:type\" content=\"image\/jpeg\" \/>\n<meta name=\"twitter:card\" content=\"summary_large_image\" \/>\n<meta name=\"twitter:label1\" content=\"Dur\u00e9e de lecture estim\u00e9e\" \/>\n\t<meta name=\"twitter:data1\" content=\"1 minute\" \/>\n<script type=\"application\/ld+json\" class=\"yoast-schema-graph\">{\"@context\":\"https:\/\/schema.org\",\"@graph\":[{\"@type\":\"WebPage\",\"@id\":\"https:\/\/www.tourisme-valdemarne.com\/espace-pro\/actualites\/archives-des-actualites\/webinaire-les-cles-du-tourisme-durable-pour-reussir-lapres-covid\/\",\"url\":\"https:\/\/www.tourisme-valdemarne.com\/espace-pro\/actualites\/archives-des-actualites\/webinaire-les-cles-du-tourisme-durable-pour-reussir-lapres-covid\/\",\"name\":\"Webinaire Les cl\u00e9s du tourisme durable pour r\u00e9ussir l'apr\u00e8s-Covid - Espace Pro\",\"isPartOf\":{\"@id\":\"https:\/\/www.tourisme-valdemarne.com\/espace-pro\/#website\"},\"primaryImageOfPage\":{\"@id\":\"https:\/\/www.tourisme-valdemarne.com\/espace-pro\/actualites\/archives-des-actualites\/webinaire-les-cles-du-tourisme-durable-pour-reussir-lapres-covid\/#primaryimage\"},\"image\":{\"@id\":\"https:\/\/www.tourisme-valdemarne.com\/espace-pro\/actualites\/archives-des-actualites\/webinaire-les-cles-du-tourisme-durable-pour-reussir-lapres-covid\/#primaryimage\"},\"thumbnailUrl\":\"https:\/\/www.tourisme-valdemarne.com\/espace-pro\/wp-content\/uploads\/sites\/3\/2019\/06\/hotel-novotel-orly-rungis-facade.jpg\",\"datePublished\":\"2021-05-21T08:47:01+00:00\",\"dateModified\":\"2022-03-24T09:10:05+00:00\",\"description\":\"L\u2019Institut Paris Region vous propose de participer \u00e0 son webinaire gratuit : les cl\u00e9s du tourisme durable pour r\u00e9ussir l'apr\u00e8s-Covid.\",\"breadcrumb\":{\"@id\":\"https:\/\/www.tourisme-valdemarne.com\/espace-pro\/actualites\/archives-des-actualites\/webinaire-les-cles-du-tourisme-durable-pour-reussir-lapres-covid\/#breadcrumb\"},\"inLanguage\":\"fr-FR\",\"potentialAction\":[{\"@type\":\"ReadAction\",\"target\":[\"https:\/\/www.tourisme-valdemarne.com\/espace-pro\/actualites\/archives-des-actualites\/webinaire-les-cles-du-tourisme-durable-pour-reussir-lapres-covid\/\"]}]},{\"@type\":\"ImageObject\",\"inLanguage\":\"fr-FR\",\"@id\":\"https:\/\/www.tourisme-valdemarne.com\/espace-pro\/actualites\/archives-des-actualites\/webinaire-les-cles-du-tourisme-durable-pour-reussir-lapres-covid\/#primaryimage\",\"url\":\"https:\/\/www.tourisme-valdemarne.com\/espace-pro\/wp-content\/uploads\/sites\/3\/2019\/06\/hotel-novotel-orly-rungis-facade.jpg\",\"contentUrl\":\"https:\/\/www.tourisme-valdemarne.com\/espace-pro\/wp-content\/uploads\/sites\/3\/2019\/06\/hotel-novotel-orly-rungis-facade.jpg\",\"width\":1600,\"height\":1067,\"caption\":\"Fa\u00e7ade du Novotel Orly Rungis \u00a9 CDT94\"},{\"@type\":\"BreadcrumbList\",\"@id\":\"https:\/\/www.tourisme-valdemarne.com\/espace-pro\/actualites\/archives-des-actualites\/webinaire-les-cles-du-tourisme-durable-pour-reussir-lapres-covid\/#breadcrumb\",\"itemListElement\":[{\"@type\":\"ListItem\",\"position\":1,\"name\":\"Accueil\",\"item\":\"https:\/\/www.tourisme-valdemarne.com\/espace-pro\/\"},{\"@type\":\"ListItem\",\"position\":2,\"name\":\"Actualit\u00e9s de l&rsquo;espace pro\",\"item\":\"https:\/\/www.tourisme-valdemarne.com\/espace-pro\/actualites\/\"},{\"@type\":\"ListItem\",\"position\":3,\"name\":\"Archives des actualit\u00e9s\",\"item\":\"https:\/\/www.tourisme-valdemarne.com\/espace-pro\/actualites\/archives-des-actualites\/\"},{\"@type\":\"ListItem\",\"position\":4,\"name\":\"Webinaire Les cl\u00e9s du tourisme durable pour r\u00e9ussir l&rsquo;apr\u00e8s-Covid\"}]},{\"@type\":\"WebSite\",\"@id\":\"https:\/\/www.tourisme-valdemarne.com\/espace-pro\/#website\",\"url\":\"https:\/\/www.tourisme-valdemarne.com\/espace-pro\/\",\"name\":\"Espace Pro\",\"description\":\"Informations et outils pour les professionnels et la Presse\",\"potentialAction\":[{\"@type\":\"SearchAction\",\"target\":{\"@type\":\"EntryPoint\",\"urlTemplate\":\"https:\/\/www.tourisme-valdemarne.com\/espace-pro\/?s={search_term_string}\"},\"query-input\":{\"@type\":\"PropertyValueSpecification\",\"valueRequired\":true,\"valueName\":\"search_term_string\"}}],\"inLanguage\":\"fr-FR\"}]}<\/script>\n<!-- \/ Yoast SEO plugin. -->","yoast_head_json":{"title":"Webinaire Les cl\u00e9s du tourisme durable pour r\u00e9ussir l'apr\u00e8s-Covid - Espace Pro","description":"L\u2019Institut Paris Region vous propose de participer \u00e0 son webinaire gratuit : les cl\u00e9s du tourisme durable pour r\u00e9ussir l'apr\u00e8s-Covid.","robots":{"index":"index","follow":"follow","max-snippet":"max-snippet:-1","max-image-preview":"max-image-preview:large","max-video-preview":"max-video-preview:-1"},"canonical":"https:\/\/www.tourisme-valdemarne.com\/espace-pro\/actualites\/archives-des-actualites\/webinaire-les-cles-du-tourisme-durable-pour-reussir-lapres-covid\/","og_locale":"fr_FR","og_type":"article","og_title":"Webinaire Les cl\u00e9s du tourisme durable pour r\u00e9ussir l'apr\u00e8s-Covid - Espace Pro","og_description":"L\u2019Institut Paris Region vous propose de participer \u00e0 son webinaire gratuit : les cl\u00e9s du tourisme durable pour r\u00e9ussir l'apr\u00e8s-Covid.","og_url":"https:\/\/www.tourisme-valdemarne.com\/espace-pro\/actualites\/archives-des-actualites\/webinaire-les-cles-du-tourisme-durable-pour-reussir-lapres-covid\/","og_site_name":"Espace Pro","article_modified_time":"2022-03-24T09:10:05+00:00","og_image":[{"width":1600,"height":1067,"url":"https:\/\/www.tourisme-valdemarne.com\/espace-pro\/wp-content\/uploads\/sites\/3\/2019\/06\/hotel-novotel-orly-rungis-facade.jpg","type":"image\/jpeg"}],"twitter_card":"summary_large_image","twitter_misc":{"Dur\u00e9e de lecture estim\u00e9e":"1 minute"},"schema":{"@context":"https:\/\/schema.org","@graph":[{"@type":"WebPage","@id":"https:\/\/www.tourisme-valdemarne.com\/espace-pro\/actualites\/archives-des-actualites\/webinaire-les-cles-du-tourisme-durable-pour-reussir-lapres-covid\/","url":"https:\/\/www.tourisme-valdemarne.com\/espace-pro\/actualites\/archives-des-actualites\/webinaire-les-cles-du-tourisme-durable-pour-reussir-lapres-covid\/","name":"Webinaire Les cl\u00e9s du tourisme durable pour r\u00e9ussir l'apr\u00e8s-Covid - Espace Pro","isPartOf":{"@id":"https:\/\/www.tourisme-valdemarne.com\/espace-pro\/#website"},"primaryImageOfPage":{"@id":"https:\/\/www.tourisme-valdemarne.com\/espace-pro\/actualites\/archives-des-actualites\/webinaire-les-cles-du-tourisme-durable-pour-reussir-lapres-covid\/#primaryimage"},"image":{"@id":"https:\/\/www.tourisme-valdemarne.com\/espace-pro\/actualites\/archives-des-actualites\/webinaire-les-cles-du-tourisme-durable-pour-reussir-lapres-covid\/#primaryimage"},"thumbnailUrl":"https:\/\/www.tourisme-valdemarne.com\/espace-pro\/wp-content\/uploads\/sites\/3\/2019\/06\/hotel-novotel-orly-rungis-facade.jpg","datePublished":"2021-05-21T08:47:01+00:00","dateModified":"2022-03-24T09:10:05+00:00","description":"L\u2019Institut Paris Region vous propose de participer \u00e0 son webinaire gratuit : les cl\u00e9s du tourisme durable pour r\u00e9ussir l'apr\u00e8s-Covid.","breadcrumb":{"@id":"https:\/\/www.tourisme-valdemarne.com\/espace-pro\/actualites\/archives-des-actualites\/webinaire-les-cles-du-tourisme-durable-pour-reussir-lapres-covid\/#breadcrumb"},"inLanguage":"fr-FR","potentialAction":[{"@type":"ReadAction","target":["https:\/\/www.tourisme-valdemarne.com\/espace-pro\/actualites\/archives-des-actualites\/webinaire-les-cles-du-tourisme-durable-pour-reussir-lapres-covid\/"]}]},{"@type":"ImageObject","inLanguage":"fr-FR","@id":"https:\/\/www.tourisme-valdemarne.com\/espace-pro\/actualites\/archives-des-actualites\/webinaire-les-cles-du-tourisme-durable-pour-reussir-lapres-covid\/#primaryimage","url":"https:\/\/www.tourisme-valdemarne.com\/espace-pro\/wp-content\/uploads\/sites\/3\/2019\/06\/hotel-novotel-orly-rungis-facade.jpg","contentUrl":"https:\/\/www.tourisme-valdemarne.com\/espace-pro\/wp-content\/uploads\/sites\/3\/2019\/06\/hotel-novotel-orly-rungis-facade.jpg","width":1600,"height":1067,"caption":"Fa\u00e7ade du Novotel Orly Rungis \u00a9 CDT94"},{"@type":"BreadcrumbList","@id":"https:\/\/www.tourisme-valdemarne.com\/espace-pro\/actualites\/archives-des-actualites\/webinaire-les-cles-du-tourisme-durable-pour-reussir-lapres-covid\/#breadcrumb","itemListElement":[{"@type":"ListItem","position":1,"name":"Accueil","item":"https:\/\/www.tourisme-valdemarne.com\/espace-pro\/"},{"@type":"ListItem","position":2,"name":"Actualit\u00e9s de l&rsquo;espace pro","item":"https:\/\/www.tourisme-valdemarne.com\/espace-pro\/actualites\/"},{"@type":"ListItem","position":3,"name":"Archives des actualit\u00e9s","item":"https:\/\/www.tourisme-valdemarne.com\/espace-pro\/actualites\/archives-des-actualites\/"},{"@type":"ListItem","position":4,"name":"Webinaire Les cl\u00e9s du tourisme durable pour r\u00e9ussir l&rsquo;apr\u00e8s-Covid"}]},{"@type":"WebSite","@id":"https:\/\/www.tourisme-valdemarne.com\/espace-pro\/#website","url":"https:\/\/www.tourisme-valdemarne.com\/espace-pro\/","name":"Espace Pro","description":"Informations et outils pour les professionnels et la Presse","potentialAction":[{"@type":"SearchAction","target":{"@type":"EntryPoint","urlTemplate":"https:\/\/www.tourisme-valdemarne.com\/espace-pro\/?s={search_term_string}"},"query-input":{"@type":"PropertyValueSpecification","valueRequired":true,"valueName":"search_term_string"}}],"inLanguage":"fr-FR"}]}},"_links":{"self":[{"href":"https:\/\/www.tourisme-valdemarne.com\/espace-pro\/wp-json\/wp\/v2\/pages\/9314","targetHints":{"allow":["GET"]}}],"collection":[{"href":"https:\/\/www.tourisme-valdemarne.com\/espace-pro\/wp-json\/wp\/v2\/pages"}],"about":[{"href":"https:\/\/www.tourisme-valdemarne.com\/espace-pro\/wp-json\/wp\/v2\/types\/page"}],"author":[{"embeddable":true,"href":"https:\/\/www.tourisme-valdemarne.com\/espace-pro\/wp-json\/wp\/v2\/users\/8"}],"replies":[{"embeddable":true,"href":"https:\/\/www.tourisme-valdemarne.com\/espace-pro\/wp-json\/wp\/v2\/comments?post=9314"}],"version-history":[{"count":2,"href":"https:\/\/www.tourisme-valdemarne.com\/espace-pro\/wp-json\/wp\/v2\/pages\/9314\/revisions"}],"predecessor-version":[{"id":9317,"href":"https:\/\/www.tourisme-valdemarne.com\/espace-pro\/wp-json\/wp\/v2\/pages\/9314\/revisions\/9317"}],"up":[{"embeddable":true,"href":"https:\/\/www.tourisme-valdemarne.com\/espace-pro\/wp-json\/wp\/v2\/pages\/9250"}],"wp:featuredmedia":[{"embeddable":true,"href":"https:\/\/www.tourisme-valdemarne.com\/espace-pro\/wp-json\/wp\/v2\/media\/3310"}],"wp:attachment":[{"href":"https:\/\/www.tourisme-valdemarne.com\/espace-pro\/wp-json\/wp\/v2\/media?parent=9314"}],"wp:term":[{"taxonomy":"vdmTagMarketing","embeddable":true,"href":"https:\/\/www.tourisme-valdemarne.com\/espace-pro\/wp-json\/wp\/v2\/vdmTagMarketing?post=9314"}],"curies":[{"name":"wp","href":"https:\/\/api.w.org\/{rel}","templated":true}]}}