{"id":9308,"date":"2021-05-20T11:48:16","date_gmt":"2021-05-20T09:48:16","guid":{"rendered":"https:\/\/www.tourisme-valdemarne.com\/espace-pro\/?page_id=9308"},"modified":"2024-02-13T10:21:37","modified_gmt":"2024-02-13T09:21:37","slug":"travaux-avec-les-hebergeurs","status":"publish","type":"page","link":"https:\/\/www.tourisme-valdemarne.com\/espace-pro\/expertises-et-projets\/jeux-olympiques-et-paralympiques-paris-2024\/groupe-de-travail-tourisme-et-jeux-olympiques\/travaux-avec-les-hebergeurs\/","title":{"rendered":"Travaux avec les h\u00e9bergeurs"},"content":{"rendered":"\n<p class=\"is-style-excerpt\">Collaborer avec les h\u00e9bergeurs du Val-de-Marne pour pr\u00e9parer les Jeux de Paris 2024.<\/p>\n\n\n\n<p>Depuis 2020, <strong>Val-de-Marne Tourisme &amp; Loisirs a souhait\u00e9 engager un travail sp\u00e9cifique avec les h\u00e9bergeurs du Val-de-Marne <\/strong>en vue des Jeux Olympiques et Paralympiques Paris 2024.<\/p>\n\n\n\n<p>Ces travaux ont plusieurs grands objectifs&nbsp;:<\/p>\n\n\n\n<ul class=\"wp-block-list\"><li><strong>Sensibiliser \u00e0 l&rsquo;accueil des touristes, des sportifs ou encore des supporters<\/strong> ;<\/li><li><strong>Eviter la flamb\u00e9e des prix<\/strong> li\u00e9e aux grands \u00e9v\u00e8nements&nbsp;;<\/li><li><strong>S\u2019appuyer sur les h\u00e9bergements <\/strong>pour qu\u2019ils promeuvent, aupr\u00e8s de leurs clients, les richesses du territoire val-de-marnais ;<\/li><li><strong>Faire des personnels<\/strong> qui travaillent dans les h\u00e9bergements, <strong>des ambassadeurs<\/strong> <strong>du tourisme en Val-de-Marne<\/strong> ;<\/li><li><strong>D\u00e9velopper une offre sp\u00e9cifique pour les groupes<\/strong> ;<\/li><li><strong>Promouvoir le territoire et son offre touristique.<\/strong><\/li><\/ul>\n\n\n\n<p>Afin de r\u00e9pondre \u00e0 ces objectifs, un groupe de travail avec les h\u00e9bergeurs a vu le jour pour <strong>\u00e9changer autour des projets \u00e0 d\u00e9velopper<\/strong> et <strong>imaginer une v\u00e9ritable strat\u00e9gie globale en vue des Jeux.<\/strong><\/p>\n\n\n\n<div class=\"wp-block-media-text is-stacked-on-mobile\" style=\"grid-template-columns:27% auto\"><figure class=\"wp-block-media-text__media\"><img width=\"468\" height=\"468\" data-src=\"https:\/\/www.tourisme-valdemarne.com\/espace-pro\/wp-content\/uploads\/sites\/3\/wpetourisme\/initiation-aviron-schelcher.jpg\" alt=\"\" class=\"wp-image-9499 size-full\" srcset=\"https:\/\/www.tourisme-valdemarne.com\/espace-pro\/wp-content\/uploads\/sites\/3\/wpetourisme\/initiation-aviron-schelcher.jpg 468w, https:\/\/www.tourisme-valdemarne.com\/espace-pro\/wp-content\/uploads\/sites\/3\/wpetourisme\/initiation-aviron-schelcher-380x380.jpg 380w, https:\/\/www.tourisme-valdemarne.com\/espace-pro\/wp-content\/uploads\/sites\/3\/wpetourisme\/initiation-aviron-schelcher-150x150.jpg 150w, https:\/\/www.tourisme-valdemarne.com\/espace-pro\/wp-content\/uploads\/sites\/3\/wpetourisme\/initiation-aviron-schelcher-200x200.jpg 200w, https:\/\/www.tourisme-valdemarne.com\/espace-pro\/wp-content\/uploads\/sites\/3\/wpetourisme\/initiation-aviron-schelcher-24x24.jpg 24w, https:\/\/www.tourisme-valdemarne.com\/espace-pro\/wp-content\/uploads\/sites\/3\/wpetourisme\/initiation-aviron-schelcher-48x48.jpg 48w, https:\/\/www.tourisme-valdemarne.com\/espace-pro\/wp-content\/uploads\/sites\/3\/wpetourisme\/initiation-aviron-schelcher-96x96.jpg 96w, https:\/\/www.tourisme-valdemarne.com\/espace-pro\/wp-content\/uploads\/sites\/3\/wpetourisme\/initiation-aviron-schelcher-300x300.jpg 300w\" sizes=\"(max-width: 468px) 100vw, 468px\" \/><\/figure><div class=\"wp-block-media-text__content\">\n<p>Dans un premier temps, les r\u00e9flexions portent sur<strong> l\u2019accueil de d\u00e9l\u00e9gations sportives qui viennent s\u2019entra\u00eener en Val-de-Marne<\/strong> avant les Jeux Olympiques et Paralympiques, d\u00e8s 2022.<\/p>\n\n\n\n<p>Ces d\u00e9l\u00e9gations \u00e9trang\u00e8res auront la possibilit\u00e9 de venir s\u2019entrainer dans <a href=\"https:\/\/www.tourisme-valdemarne.com\/espace-pro\/expertises-et-projets\/jeux-olympiques-et-paralympiques-paris-2024\/accueil-des-delegations-etrangeres-dans-les-centres-de-preparation-aux-jeux\/\" target=\"_blank\" rel=\"noreferrer noopener\">les Centres de Pr\u00e9paration aux Jeux en Val-de-Marne <\/a>(une trentaine de sites r\u00e9pertori\u00e9s) et d&rsquo;\u00eatre h\u00e9berg\u00e9es dans les h\u00f4tels du Val-de-Marne.<\/p>\n<\/div><\/div>\n\n\n\n<p>Les h\u00f4teliers, sous l\u2019impulsion de Val-de-Marne Tourisme &amp; Loisirs et du club h\u00f4telier, ont choisi de <strong>mettre en \u0153uvre une d\u00e9marche collective afin d\u2019accueillir dans les meilleures conditions, que cela soit en termes de qualit\u00e9 de services mais aussi de prix, les diff\u00e9rentes d\u00e9l\u00e9gations.<\/strong><\/p>\n\n\n\n<div class=\"wp-block-buttons is-content-justification-center is-layout-flex wp-container-core-buttons-is-layout-1 wp-block-buttons-is-layout-flex\">\n<div class=\"wp-block-button\"><a class=\"wp-block-button__link\" href=\"https:\/\/www.tourisme-valdemarne.com\/espace-pro\/expertises-et-projets\/jeux-olympiques-et-paralympiques-paris-2024\/groupe-de-travail-tourisme-et-jeux-olympiques\/travaux-avec-les-hebergeurs\/premiers-echanges-hebergeurs-val-de-marne-jeux-olympiques-et-paralympiques-paris-2024\/\" target=\"_blank\" rel=\"noreferrer noopener\">Visionner la 1\u00e8re r\u00e9union du groupe de travail avec les h\u00e9bergeurs (22\/04\/21)<\/a><\/div>\n<\/div>\n\n\n\n<p>De futures r\u00e9unions du groupe de travail traiteront des autres sujets et th\u00e8mes en lien direct avec l\u2019\u00e9v\u00e8nement de 2024 comme l\u2019accueil du public sp\u00e9cifique que sont les supporters, l\u2019information du public, la formation des personnels d\u2019accueil, la commercialisation, \u2026<\/p>\n","protected":false},"excerpt":{"rendered":"<p>Collaborer avec les h\u00e9bergeurs du Val-de-Marne pour pr\u00e9parer les Jeux de Paris 2024. Depuis 2020, Val-de-Marne Tourisme &amp; Loisirs a souhait\u00e9 engager un travail sp\u00e9cifique avec les h\u00e9bergeurs du Val-de-Marne en vue des Jeux Olympiques et Paralympiques Paris 2024. Ces travaux ont plusieurs grands objectifs&nbsp;: Sensibiliser \u00e0 l&rsquo;accueil des touristes, des sportifs ou encore des [&hellip;]<\/p>\n","protected":false},"author":8,"featured_media":0,"parent":9306,"menu_order":0,"comment_status":"closed","ping_status":"closed","template":"partials\/template-intermediaire.php","meta":{"_relevanssi_hide_post":"","_relevanssi_hide_content":"","_relevanssi_pin_for_all":"","_relevanssi_pin_keywords":"","_relevanssi_unpin_keywords":"","_relevanssi_related_keywords":"","_relevanssi_related_include_ids":"","_relevanssi_related_exclude_ids":"","_relevanssi_related_no_append":"","_relevanssi_related_not_related":"","_relevanssi_related_posts":"2741,8090,8108,2747,8084,8077","_relevanssi_noindex_reason":"","footnotes":""},"vdmTagMarketing":[],"class_list":["post-9308","page","type-page","status-publish","hentry"],"acf":[],"yoast_head":"<!-- This site is optimized with the Yoast SEO plugin v23.9 - https:\/\/yoast.com\/wordpress\/plugins\/seo\/ -->\n<title>Travaux avec les h\u00e9bergeurs - Espace Pro<\/title>\n<meta name=\"description\" content=\"Val-de-Marne Tourisme travaille en collaboration avec le Club H\u00f4telier Rungis-Orly afin d&#039;accueillir au mieux les touristes pendant les Jeux.\" \/>\n<meta name=\"robots\" content=\"noindex, follow\" \/>\n<meta property=\"og:locale\" content=\"fr_FR\" \/>\n<meta property=\"og:type\" content=\"article\" \/>\n<meta property=\"og:title\" content=\"Travaux avec les h\u00e9bergeurs - Espace Pro\" \/>\n<meta property=\"og:description\" content=\"Val-de-Marne Tourisme travaille en collaboration avec le Club H\u00f4telier Rungis-Orly afin d&#039;accueillir au mieux les touristes pendant les Jeux.\" \/>\n<meta property=\"og:url\" content=\"https:\/\/www.tourisme-valdemarne.com\/espace-pro\/expertises-et-projets\/jeux-olympiques-et-paralympiques-paris-2024\/groupe-de-travail-tourisme-et-jeux-olympiques\/travaux-avec-les-hebergeurs\/\" \/>\n<meta property=\"og:site_name\" content=\"Espace Pro\" \/>\n<meta property=\"article:modified_time\" content=\"2024-02-13T09:21:37+00:00\" \/>\n<meta property=\"og:image\" content=\"https:\/\/www.tourisme-valdemarne.com\/espace-pro\/wp-content\/uploads\/sites\/3\/wpetourisme\/initiation-aviron-schelcher.jpg\" \/>\n<meta name=\"twitter:card\" content=\"summary_large_image\" \/>\n<meta name=\"twitter:label1\" content=\"Dur\u00e9e de lecture estim\u00e9e\" \/>\n\t<meta name=\"twitter:data1\" content=\"2 minutes\" \/>\n<script type=\"application\/ld+json\" class=\"yoast-schema-graph\">{\"@context\":\"https:\/\/schema.org\",\"@graph\":[{\"@type\":\"WebPage\",\"@id\":\"https:\/\/www.tourisme-valdemarne.com\/espace-pro\/expertises-et-projets\/jeux-olympiques-et-paralympiques-paris-2024\/groupe-de-travail-tourisme-et-jeux-olympiques\/travaux-avec-les-hebergeurs\/\",\"url\":\"https:\/\/www.tourisme-valdemarne.com\/espace-pro\/expertises-et-projets\/jeux-olympiques-et-paralympiques-paris-2024\/groupe-de-travail-tourisme-et-jeux-olympiques\/travaux-avec-les-hebergeurs\/\",\"name\":\"Travaux avec les h\u00e9bergeurs - Espace Pro\",\"isPartOf\":{\"@id\":\"https:\/\/www.tourisme-valdemarne.com\/espace-pro\/#website\"},\"primaryImageOfPage\":{\"@id\":\"https:\/\/www.tourisme-valdemarne.com\/espace-pro\/expertises-et-projets\/jeux-olympiques-et-paralympiques-paris-2024\/groupe-de-travail-tourisme-et-jeux-olympiques\/travaux-avec-les-hebergeurs\/#primaryimage\"},\"image\":{\"@id\":\"https:\/\/www.tourisme-valdemarne.com\/espace-pro\/expertises-et-projets\/jeux-olympiques-et-paralympiques-paris-2024\/groupe-de-travail-tourisme-et-jeux-olympiques\/travaux-avec-les-hebergeurs\/#primaryimage\"},\"thumbnailUrl\":\"https:\/\/www.tourisme-valdemarne.com\/espace-pro\/wp-content\/uploads\/sites\/3\/wpetourisme\/initiation-aviron-schelcher.jpg\",\"datePublished\":\"2021-05-20T09:48:16+00:00\",\"dateModified\":\"2024-02-13T09:21:37+00:00\",\"description\":\"Val-de-Marne Tourisme travaille en collaboration avec le Club H\u00f4telier Rungis-Orly afin d'accueillir au mieux les touristes pendant les Jeux.\",\"breadcrumb\":{\"@id\":\"https:\/\/www.tourisme-valdemarne.com\/espace-pro\/expertises-et-projets\/jeux-olympiques-et-paralympiques-paris-2024\/groupe-de-travail-tourisme-et-jeux-olympiques\/travaux-avec-les-hebergeurs\/#breadcrumb\"},\"inLanguage\":\"fr-FR\",\"potentialAction\":[{\"@type\":\"ReadAction\",\"target\":[\"https:\/\/www.tourisme-valdemarne.com\/espace-pro\/expertises-et-projets\/jeux-olympiques-et-paralympiques-paris-2024\/groupe-de-travail-tourisme-et-jeux-olympiques\/travaux-avec-les-hebergeurs\/\"]}]},{\"@type\":\"ImageObject\",\"inLanguage\":\"fr-FR\",\"@id\":\"https:\/\/www.tourisme-valdemarne.com\/espace-pro\/expertises-et-projets\/jeux-olympiques-et-paralympiques-paris-2024\/groupe-de-travail-tourisme-et-jeux-olympiques\/travaux-avec-les-hebergeurs\/#primaryimage\",\"url\":\"https:\/\/www.tourisme-valdemarne.com\/espace-pro\/wp-content\/uploads\/sites\/3\/wpetourisme\/initiation-aviron-schelcher.jpg\",\"contentUrl\":\"https:\/\/www.tourisme-valdemarne.com\/espace-pro\/wp-content\/uploads\/sites\/3\/wpetourisme\/initiation-aviron-schelcher.jpg\",\"width\":468,\"height\":468},{\"@type\":\"BreadcrumbList\",\"@id\":\"https:\/\/www.tourisme-valdemarne.com\/espace-pro\/expertises-et-projets\/jeux-olympiques-et-paralympiques-paris-2024\/groupe-de-travail-tourisme-et-jeux-olympiques\/travaux-avec-les-hebergeurs\/#breadcrumb\",\"itemListElement\":[{\"@type\":\"ListItem\",\"position\":1,\"name\":\"Accueil\",\"item\":\"https:\/\/www.tourisme-valdemarne.com\/espace-pro\/\"},{\"@type\":\"ListItem\",\"position\":2,\"name\":\"Expertises et projets\",\"item\":\"https:\/\/www.tourisme-valdemarne.com\/espace-pro\/expertises-et-projets\/\"},{\"@type\":\"ListItem\",\"position\":3,\"name\":\"Jeux Olympiques et Paralympiques de Paris 2024\",\"item\":\"https:\/\/www.tourisme-valdemarne.com\/espace-pro\/expertises-et-projets\/jeux-olympiques-et-paralympiques-paris-2024\/\"},{\"@type\":\"ListItem\",\"position\":4,\"name\":\"Groupe de travail \u00ab\u00a0Tourisme et JOP\u00a0\u00bb avec les h\u00e9bergeurs\",\"item\":\"https:\/\/www.tourisme-valdemarne.com\/espace-pro\/expertises-et-projets\/jeux-olympiques-et-paralympiques-paris-2024\/groupe-de-travail-tourisme-et-jeux-olympiques\/\"},{\"@type\":\"ListItem\",\"position\":5,\"name\":\"Travaux avec les h\u00e9bergeurs\"}]},{\"@type\":\"WebSite\",\"@id\":\"https:\/\/www.tourisme-valdemarne.com\/espace-pro\/#website\",\"url\":\"https:\/\/www.tourisme-valdemarne.com\/espace-pro\/\",\"name\":\"Espace Pro\",\"description\":\"Informations et outils pour les professionnels et la Presse\",\"potentialAction\":[{\"@type\":\"SearchAction\",\"target\":{\"@type\":\"EntryPoint\",\"urlTemplate\":\"https:\/\/www.tourisme-valdemarne.com\/espace-pro\/?s={search_term_string}\"},\"query-input\":{\"@type\":\"PropertyValueSpecification\",\"valueRequired\":true,\"valueName\":\"search_term_string\"}}],\"inLanguage\":\"fr-FR\"}]}<\/script>\n<!-- \/ Yoast SEO plugin. -->","yoast_head_json":{"title":"Travaux avec les h\u00e9bergeurs - Espace Pro","description":"Val-de-Marne Tourisme travaille en collaboration avec le Club H\u00f4telier Rungis-Orly afin d'accueillir au mieux les touristes pendant les Jeux.","robots":{"index":"noindex","follow":"follow"},"og_locale":"fr_FR","og_type":"article","og_title":"Travaux avec les h\u00e9bergeurs - Espace Pro","og_description":"Val-de-Marne Tourisme travaille en collaboration avec le Club H\u00f4telier Rungis-Orly afin d'accueillir au mieux les touristes pendant les Jeux.","og_url":"https:\/\/www.tourisme-valdemarne.com\/espace-pro\/expertises-et-projets\/jeux-olympiques-et-paralympiques-paris-2024\/groupe-de-travail-tourisme-et-jeux-olympiques\/travaux-avec-les-hebergeurs\/","og_site_name":"Espace Pro","article_modified_time":"2024-02-13T09:21:37+00:00","og_image":[{"url":"https:\/\/www.tourisme-valdemarne.com\/espace-pro\/wp-content\/uploads\/sites\/3\/wpetourisme\/initiation-aviron-schelcher.jpg"}],"twitter_card":"summary_large_image","twitter_misc":{"Dur\u00e9e de lecture estim\u00e9e":"2 minutes"},"schema":{"@context":"https:\/\/schema.org","@graph":[{"@type":"WebPage","@id":"https:\/\/www.tourisme-valdemarne.com\/espace-pro\/expertises-et-projets\/jeux-olympiques-et-paralympiques-paris-2024\/groupe-de-travail-tourisme-et-jeux-olympiques\/travaux-avec-les-hebergeurs\/","url":"https:\/\/www.tourisme-valdemarne.com\/espace-pro\/expertises-et-projets\/jeux-olympiques-et-paralympiques-paris-2024\/groupe-de-travail-tourisme-et-jeux-olympiques\/travaux-avec-les-hebergeurs\/","name":"Travaux avec les h\u00e9bergeurs - Espace Pro","isPartOf":{"@id":"https:\/\/www.tourisme-valdemarne.com\/espace-pro\/#website"},"primaryImageOfPage":{"@id":"https:\/\/www.tourisme-valdemarne.com\/espace-pro\/expertises-et-projets\/jeux-olympiques-et-paralympiques-paris-2024\/groupe-de-travail-tourisme-et-jeux-olympiques\/travaux-avec-les-hebergeurs\/#primaryimage"},"image":{"@id":"https:\/\/www.tourisme-valdemarne.com\/espace-pro\/expertises-et-projets\/jeux-olympiques-et-paralympiques-paris-2024\/groupe-de-travail-tourisme-et-jeux-olympiques\/travaux-avec-les-hebergeurs\/#primaryimage"},"thumbnailUrl":"https:\/\/www.tourisme-valdemarne.com\/espace-pro\/wp-content\/uploads\/sites\/3\/wpetourisme\/initiation-aviron-schelcher.jpg","datePublished":"2021-05-20T09:48:16+00:00","dateModified":"2024-02-13T09:21:37+00:00","description":"Val-de-Marne Tourisme travaille en collaboration avec le Club H\u00f4telier Rungis-Orly afin d'accueillir au mieux les touristes pendant les Jeux.","breadcrumb":{"@id":"https:\/\/www.tourisme-valdemarne.com\/espace-pro\/expertises-et-projets\/jeux-olympiques-et-paralympiques-paris-2024\/groupe-de-travail-tourisme-et-jeux-olympiques\/travaux-avec-les-hebergeurs\/#breadcrumb"},"inLanguage":"fr-FR","potentialAction":[{"@type":"ReadAction","target":["https:\/\/www.tourisme-valdemarne.com\/espace-pro\/expertises-et-projets\/jeux-olympiques-et-paralympiques-paris-2024\/groupe-de-travail-tourisme-et-jeux-olympiques\/travaux-avec-les-hebergeurs\/"]}]},{"@type":"ImageObject","inLanguage":"fr-FR","@id":"https:\/\/www.tourisme-valdemarne.com\/espace-pro\/expertises-et-projets\/jeux-olympiques-et-paralympiques-paris-2024\/groupe-de-travail-tourisme-et-jeux-olympiques\/travaux-avec-les-hebergeurs\/#primaryimage","url":"https:\/\/www.tourisme-valdemarne.com\/espace-pro\/wp-content\/uploads\/sites\/3\/wpetourisme\/initiation-aviron-schelcher.jpg","contentUrl":"https:\/\/www.tourisme-valdemarne.com\/espace-pro\/wp-content\/uploads\/sites\/3\/wpetourisme\/initiation-aviron-schelcher.jpg","width":468,"height":468},{"@type":"BreadcrumbList","@id":"https:\/\/www.tourisme-valdemarne.com\/espace-pro\/expertises-et-projets\/jeux-olympiques-et-paralympiques-paris-2024\/groupe-de-travail-tourisme-et-jeux-olympiques\/travaux-avec-les-hebergeurs\/#breadcrumb","itemListElement":[{"@type":"ListItem","position":1,"name":"Accueil","item":"https:\/\/www.tourisme-valdemarne.com\/espace-pro\/"},{"@type":"ListItem","position":2,"name":"Expertises et projets","item":"https:\/\/www.tourisme-valdemarne.com\/espace-pro\/expertises-et-projets\/"},{"@type":"ListItem","position":3,"name":"Jeux Olympiques et Paralympiques de Paris 2024","item":"https:\/\/www.tourisme-valdemarne.com\/espace-pro\/expertises-et-projets\/jeux-olympiques-et-paralympiques-paris-2024\/"},{"@type":"ListItem","position":4,"name":"Groupe de travail \u00ab\u00a0Tourisme et JOP\u00a0\u00bb avec les h\u00e9bergeurs","item":"https:\/\/www.tourisme-valdemarne.com\/espace-pro\/expertises-et-projets\/jeux-olympiques-et-paralympiques-paris-2024\/groupe-de-travail-tourisme-et-jeux-olympiques\/"},{"@type":"ListItem","position":5,"name":"Travaux avec les h\u00e9bergeurs"}]},{"@type":"WebSite","@id":"https:\/\/www.tourisme-valdemarne.com\/espace-pro\/#website","url":"https:\/\/www.tourisme-valdemarne.com\/espace-pro\/","name":"Espace Pro","description":"Informations et outils pour les professionnels et la Presse","potentialAction":[{"@type":"SearchAction","target":{"@type":"EntryPoint","urlTemplate":"https:\/\/www.tourisme-valdemarne.com\/espace-pro\/?s={search_term_string}"},"query-input":{"@type":"PropertyValueSpecification","valueRequired":true,"valueName":"search_term_string"}}],"inLanguage":"fr-FR"}]}},"_links":{"self":[{"href":"https:\/\/www.tourisme-valdemarne.com\/espace-pro\/wp-json\/wp\/v2\/pages\/9308","targetHints":{"allow":["GET"]}}],"collection":[{"href":"https:\/\/www.tourisme-valdemarne.com\/espace-pro\/wp-json\/wp\/v2\/pages"}],"about":[{"href":"https:\/\/www.tourisme-valdemarne.com\/espace-pro\/wp-json\/wp\/v2\/types\/page"}],"author":[{"embeddable":true,"href":"https:\/\/www.tourisme-valdemarne.com\/espace-pro\/wp-json\/wp\/v2\/users\/8"}],"replies":[{"embeddable":true,"href":"https:\/\/www.tourisme-valdemarne.com\/espace-pro\/wp-json\/wp\/v2\/comments?post=9308"}],"version-history":[{"count":11,"href":"https:\/\/www.tourisme-valdemarne.com\/espace-pro\/wp-json\/wp\/v2\/pages\/9308\/revisions"}],"predecessor-version":[{"id":26297,"href":"https:\/\/www.tourisme-valdemarne.com\/espace-pro\/wp-json\/wp\/v2\/pages\/9308\/revisions\/26297"}],"up":[{"embeddable":true,"href":"https:\/\/www.tourisme-valdemarne.com\/espace-pro\/wp-json\/wp\/v2\/pages\/9306"}],"wp:attachment":[{"href":"https:\/\/www.tourisme-valdemarne.com\/espace-pro\/wp-json\/wp\/v2\/media?parent=9308"}],"wp:term":[{"taxonomy":"vdmTagMarketing","embeddable":true,"href":"https:\/\/www.tourisme-valdemarne.com\/espace-pro\/wp-json\/wp\/v2\/vdmTagMarketing?post=9308"}],"curies":[{"name":"wp","href":"https:\/\/api.w.org\/{rel}","templated":true}]}}