{"id":9306,"date":"2021-05-20T10:50:57","date_gmt":"2021-05-20T08:50:57","guid":{"rendered":"https:\/\/www.tourisme-valdemarne.com\/espace-pro\/?page_id=9306"},"modified":"2024-02-13T10:21:17","modified_gmt":"2024-02-13T09:21:17","slug":"groupe-de-travail-tourisme-et-jeux-olympiques","status":"publish","type":"page","link":"https:\/\/www.tourisme-valdemarne.com\/espace-pro\/expertises-et-projets\/jeux-olympiques-et-paralympiques-paris-2024\/groupe-de-travail-tourisme-et-jeux-olympiques\/","title":{"rendered":"Groupe de travail \u00ab\u00a0Tourisme et JOP\u00a0\u00bb avec les h\u00e9bergeurs"},"content":{"rendered":"\n<p class=\"is-style-excerpt\">Val-de-Marne Tourisme &amp; Loisirs contribue \u00e0 la pr\u00e9paration des d\u00e9l\u00e9gations aux Jeux Olympiques et Paralympiques (JOP) de Paris 2024 en cr\u00e9ant le groupe de travail \u00ab&nbsp;Tourisme &amp; JOP&nbsp;\u00bb.<\/p>\n\n\n\n<p>Depuis 2020, Val-de-Marne Tourisme &amp; Loisirs a souhait\u00e9 engager un travail sp\u00e9cifique avec les h\u00e9bergeurs du Val-de-Marne en vue des Jeux Olympiques et Paralympiques Paris 2024.<\/p>\n\n\n\n<p>Ces travaux ont <strong>plusieurs grands objectifs&nbsp;:<\/strong><\/p>\n\n\n\n<ul class=\"wp-block-list\"><li>Sensibiliser \u00e0 l&rsquo;accueil des touristes, des sportifs et des supporters ;<\/li><li>Eviter la flamb\u00e9e des prix li\u00e9e aux grands \u00e9v\u00e8nements ;<\/li><li>S\u2019appuyer sur les h\u00e9bergements pour qu\u2019ils promeuvent, aupr\u00e8s de leurs clients, les richesses du territoire val-de-marnais ;<\/li><li>Faire des personnels qui travaillent dans les h\u00e9bergements, des ambassadeurs du tourisme en Val-de-Marne ;<\/li><li>D\u00e9velopper une offre sp\u00e9cifique pour les groupes ;<\/li><li>Faire la promotion du territoire et de son offre touristique.<\/li><\/ul>\n\n\n\n<p>Pour r\u00e9pondre \u00e0 ces objectifs, un <strong>groupe de travail avec les h\u00e9bergeurs <\/strong>a vu le jour pour <strong>\u00e9changer autour des projets \u00e0 d\u00e9velopper<\/strong> et <strong>imaginer une v\u00e9ritable strat\u00e9gie globale<\/strong> en vue des Jeux.<\/p>\n\n\n\n<h2 class=\"wp-block-heading\">D\u00e9veloppement du groupe de travail<\/h2>\n\n\n\n<p>Dans un premier temps, les r\u00e9flexions portent sur <strong>l\u2019accueil de d\u00e9l\u00e9gations sportives qui viennent s\u2019entra\u00eener en Val-de-Marne<\/strong> avant les Jeux Olympiques et Paralympiques, d\u00e8s 2022.<\/p>\n\n\n\n<p>Ces d\u00e9l\u00e9gations fran\u00e7aises et \u00e9trang\u00e8res auront la possibilit\u00e9 de <a href=\"https:\/\/www.tourisme-valdemarne.com\/espace-pro\/expertises-et-projets\/jeux-olympiques-et-paralympiques-paris-2024\/accueil-des-delegations-etrangeres-dans-les-centres-de-preparation-aux-jeux\/\" target=\"_blank\" rel=\"noreferrer noopener\">venir s\u2019entrainer dans les Centres de Pr\u00e9paration aux Jeux en Val-de-Marne<\/a> (une trentaine de sites r\u00e9pertori\u00e9s) et s\u2019h\u00e9berger dans les h\u00f4tels du Val-de-Marne.<\/p>\n\n\n\n<p>Les <strong>h\u00f4teliers<\/strong>, sous l\u2019impulsion de Val-de-Marne Tourisme &amp; Loisirs et du club h\u00f4telier, ont choisi de <strong>mettre en \u0153uvre une d\u00e9marche collective<\/strong> afin d\u2019accueillir dans les meilleures conditions, que cela soit en termes de qualit\u00e9 de services mais aussi de prix, les diff\u00e9rentes d\u00e9l\u00e9gations.<\/p>\n\n\n\n<div class=\"wp-block-buttons is-content-justification-center is-layout-flex wp-container-core-buttons-is-layout-1 wp-block-buttons-is-layout-flex\">\n<div class=\"wp-block-button\"><a class=\"wp-block-button__link\" href=\"https:\/\/www.tourisme-valdemarne.com\/espace-pro\/expertises-et-projets\/jeux-olympiques-et-paralympiques-paris-2024\/groupe-de-travail-tourisme-et-jeux-olympiques\/travaux-avec-les-hebergeurs\/premiers-echanges-hebergeurs-val-de-marne-jeux-olympiques-et-paralympiques-paris-2024\/\" target=\"_blank\" rel=\"noreferrer noopener\">En savoir plus sur les \u00e9changes de la 1\u00e8re r\u00e9union du groupe de travail (22\/04\/21).<\/a><\/div>\n<\/div>\n\n\n\n<p class=\"is-style-highlight\">De futures r\u00e9unions du <a href=\"https:\/\/www.tourisme-valdemarne.com\/espace-pro\/expertises-et-projets\/jeux-olympiques-et-paralympiques-paris-2024-2\/groupe-de-travail-tourisme-et-jeux-olympiques\/travaux-avec-les-hebergeurs\/\">groupe de travail<\/a> traiteront des autres sujets et th\u00e8mes en lien direct avec l\u2019\u00e9v\u00e8nement de 2024 comme l\u2019accueil du public sp\u00e9cifique que sont les supporters, l\u2019information du public, la formation des personnels d\u2019accueil, la commercialisation,\u2026<\/p>\n\n\n\n<h3 class=\"wp-block-heading\">Un groupe de travail \u00ab&nbsp;Tourisme &amp; JOP&nbsp;\u00bb<\/h3>\n\n\n\n<p>En collaboration avec le Club H\u00f4telier du Val-de-Marne et le Conseil D\u00e9partemental,&nbsp;<strong>Val-de-Marne Tourisme &amp; Loisirs a lanc\u00e9 un groupe de travail Tourisme d\u00e9di\u00e9 \u00e0 l\u2019organisation des Jeux<\/strong>. Ensemble, nous allons d\u00e9velopper une offre touristique adapt\u00e9e par le biais d\u2019actions vari\u00e9es comme la ma\u00eetrise des prix, la cr\u00e9ation de packs d\u2019accueil pour les supporters ou encore la garantie de l\u2019accueil qualitatif des touristes et supporters durant l\u2019\u00e9v\u00e9nement. <a href=\"https:\/\/www.tourisme-valdemarne.com\/espace-pro\/expertises-et-projets\/jeux-olympiques-et-paralympiques-paris-2024\/groupe-de-travail-tourisme-et-jeux-olympiques\/\" target=\"_blank\" rel=\"noreferrer noopener\">EN SAVOIR PLUS SUR LES R\u00c9ALISATIONS DU GROUPE DE TRAVAIL TOURISME<\/a><\/p>\n","protected":false},"excerpt":{"rendered":"<p>Val-de-Marne Tourisme &amp; Loisirs contribue \u00e0 la pr\u00e9paration des d\u00e9l\u00e9gations aux Jeux Olympiques et Paralympiques (JOP) de Paris 2024 en cr\u00e9ant le groupe de travail \u00ab&nbsp;Tourisme &amp; JOP&nbsp;\u00bb. Depuis 2020, Val-de-Marne Tourisme &amp; Loisirs a souhait\u00e9 engager un travail sp\u00e9cifique avec les h\u00e9bergeurs du Val-de-Marne en vue des Jeux Olympiques et Paralympiques Paris 2024. Ces [&hellip;]<\/p>\n","protected":false},"author":8,"featured_media":6255,"parent":15443,"menu_order":10,"comment_status":"closed","ping_status":"closed","template":"","meta":{"_relevanssi_hide_post":"","_relevanssi_hide_content":"","_relevanssi_pin_for_all":"","_relevanssi_pin_keywords":"","_relevanssi_unpin_keywords":"","_relevanssi_related_keywords":"","_relevanssi_related_include_ids":"","_relevanssi_related_exclude_ids":"","_relevanssi_related_no_append":"","_relevanssi_related_not_related":"","_relevanssi_related_posts":"8084,446,8077,8105,8101,2741","_relevanssi_noindex_reason":"","footnotes":""},"vdmTagMarketing":[],"class_list":["post-9306","page","type-page","status-publish","has-post-thumbnail","hentry"],"acf":[],"yoast_head":"<!-- This site is optimized with the Yoast SEO plugin v23.9 - https:\/\/yoast.com\/wordpress\/plugins\/seo\/ -->\n<title>Groupe de travail &quot;Tourisme et JOP&quot; avec les h\u00e9bergeurs - Espace Pro<\/title>\n<meta name=\"description\" content=\"Val-de-Marne Tourisme &amp; Loisirs a lanc\u00e9 un groupe de travail &quot;Tourisme &amp; JOP&quot; afin de d\u00e9velopper un offre touristique adapt\u00e9e en vue des Jeux de Paris 2024.\" \/>\n<meta name=\"robots\" content=\"index, follow, max-snippet:-1, max-image-preview:large, max-video-preview:-1\" \/>\n<link rel=\"canonical\" href=\"https:\/\/www.tourisme-valdemarne.com\/espace-pro\/expertises-et-projets\/jeux-olympiques-et-paralympiques-paris-2024\/groupe-de-travail-tourisme-et-jeux-olympiques\/\" \/>\n<meta property=\"og:locale\" content=\"fr_FR\" \/>\n<meta property=\"og:type\" content=\"article\" \/>\n<meta property=\"og:title\" content=\"Groupe de travail &quot;Tourisme et JOP&quot; avec les h\u00e9bergeurs - Espace Pro\" \/>\n<meta property=\"og:description\" content=\"Val-de-Marne Tourisme &amp; Loisirs a lanc\u00e9 un groupe de travail &quot;Tourisme &amp; JOP&quot; afin de d\u00e9velopper un offre touristique adapt\u00e9e en vue des Jeux de Paris 2024.\" \/>\n<meta property=\"og:url\" content=\"https:\/\/www.tourisme-valdemarne.com\/espace-pro\/expertises-et-projets\/jeux-olympiques-et-paralympiques-paris-2024\/groupe-de-travail-tourisme-et-jeux-olympiques\/\" \/>\n<meta property=\"og:site_name\" content=\"Espace Pro\" \/>\n<meta property=\"article:modified_time\" content=\"2024-02-13T09:21:17+00:00\" \/>\n<meta property=\"og:image\" content=\"https:\/\/www.tourisme-valdemarne.com\/espace-pro\/wp-content\/uploads\/sites\/3\/2019\/06\/aviron-ile-fanac-marne.jpg\" \/>\n\t<meta property=\"og:image:width\" content=\"1600\" \/>\n\t<meta property=\"og:image:height\" content=\"1071\" \/>\n\t<meta property=\"og:image:type\" content=\"image\/jpeg\" \/>\n<meta name=\"twitter:card\" content=\"summary_large_image\" \/>\n<meta name=\"twitter:label1\" content=\"Dur\u00e9e de lecture estim\u00e9e\" \/>\n\t<meta name=\"twitter:data1\" content=\"3 minutes\" \/>\n<script type=\"application\/ld+json\" class=\"yoast-schema-graph\">{\"@context\":\"https:\/\/schema.org\",\"@graph\":[{\"@type\":\"WebPage\",\"@id\":\"https:\/\/www.tourisme-valdemarne.com\/espace-pro\/expertises-et-projets\/jeux-olympiques-et-paralympiques-paris-2024\/groupe-de-travail-tourisme-et-jeux-olympiques\/\",\"url\":\"https:\/\/www.tourisme-valdemarne.com\/espace-pro\/expertises-et-projets\/jeux-olympiques-et-paralympiques-paris-2024\/groupe-de-travail-tourisme-et-jeux-olympiques\/\",\"name\":\"Groupe de travail \\\"Tourisme et JOP\\\" avec les h\u00e9bergeurs - Espace Pro\",\"isPartOf\":{\"@id\":\"https:\/\/www.tourisme-valdemarne.com\/espace-pro\/#website\"},\"primaryImageOfPage\":{\"@id\":\"https:\/\/www.tourisme-valdemarne.com\/espace-pro\/expertises-et-projets\/jeux-olympiques-et-paralympiques-paris-2024\/groupe-de-travail-tourisme-et-jeux-olympiques\/#primaryimage\"},\"image\":{\"@id\":\"https:\/\/www.tourisme-valdemarne.com\/espace-pro\/expertises-et-projets\/jeux-olympiques-et-paralympiques-paris-2024\/groupe-de-travail-tourisme-et-jeux-olympiques\/#primaryimage\"},\"thumbnailUrl\":\"https:\/\/www.tourisme-valdemarne.com\/espace-pro\/wp-content\/uploads\/sites\/3\/2019\/06\/aviron-ile-fanac-marne.jpg\",\"datePublished\":\"2021-05-20T08:50:57+00:00\",\"dateModified\":\"2024-02-13T09:21:17+00:00\",\"description\":\"Val-de-Marne Tourisme & Loisirs a lanc\u00e9 un groupe de travail \\\"Tourisme & JOP\\\" afin de d\u00e9velopper un offre touristique adapt\u00e9e en vue des Jeux de Paris 2024.\",\"breadcrumb\":{\"@id\":\"https:\/\/www.tourisme-valdemarne.com\/espace-pro\/expertises-et-projets\/jeux-olympiques-et-paralympiques-paris-2024\/groupe-de-travail-tourisme-et-jeux-olympiques\/#breadcrumb\"},\"inLanguage\":\"fr-FR\",\"potentialAction\":[{\"@type\":\"ReadAction\",\"target\":[\"https:\/\/www.tourisme-valdemarne.com\/espace-pro\/expertises-et-projets\/jeux-olympiques-et-paralympiques-paris-2024\/groupe-de-travail-tourisme-et-jeux-olympiques\/\"]}]},{\"@type\":\"ImageObject\",\"inLanguage\":\"fr-FR\",\"@id\":\"https:\/\/www.tourisme-valdemarne.com\/espace-pro\/expertises-et-projets\/jeux-olympiques-et-paralympiques-paris-2024\/groupe-de-travail-tourisme-et-jeux-olympiques\/#primaryimage\",\"url\":\"https:\/\/www.tourisme-valdemarne.com\/espace-pro\/wp-content\/uploads\/sites\/3\/2019\/06\/aviron-ile-fanac-marne.jpg\",\"contentUrl\":\"https:\/\/www.tourisme-valdemarne.com\/espace-pro\/wp-content\/uploads\/sites\/3\/2019\/06\/aviron-ile-fanac-marne.jpg\",\"width\":1600,\"height\":1071,\"caption\":\"Aviron sur la Marne \u00a9 CDT94\/www.photoinfographe.com\"},{\"@type\":\"BreadcrumbList\",\"@id\":\"https:\/\/www.tourisme-valdemarne.com\/espace-pro\/expertises-et-projets\/jeux-olympiques-et-paralympiques-paris-2024\/groupe-de-travail-tourisme-et-jeux-olympiques\/#breadcrumb\",\"itemListElement\":[{\"@type\":\"ListItem\",\"position\":1,\"name\":\"Accueil\",\"item\":\"https:\/\/www.tourisme-valdemarne.com\/espace-pro\/\"},{\"@type\":\"ListItem\",\"position\":2,\"name\":\"Expertises et projets\",\"item\":\"https:\/\/www.tourisme-valdemarne.com\/espace-pro\/expertises-et-projets\/\"},{\"@type\":\"ListItem\",\"position\":3,\"name\":\"Jeux Olympiques et Paralympiques de Paris 2024\",\"item\":\"https:\/\/www.tourisme-valdemarne.com\/espace-pro\/expertises-et-projets\/jeux-olympiques-et-paralympiques-paris-2024\/\"},{\"@type\":\"ListItem\",\"position\":4,\"name\":\"Groupe de travail \u00ab\u00a0Tourisme et JOP\u00a0\u00bb avec les h\u00e9bergeurs\"}]},{\"@type\":\"WebSite\",\"@id\":\"https:\/\/www.tourisme-valdemarne.com\/espace-pro\/#website\",\"url\":\"https:\/\/www.tourisme-valdemarne.com\/espace-pro\/\",\"name\":\"Espace Pro\",\"description\":\"Informations et outils pour les professionnels et la Presse\",\"potentialAction\":[{\"@type\":\"SearchAction\",\"target\":{\"@type\":\"EntryPoint\",\"urlTemplate\":\"https:\/\/www.tourisme-valdemarne.com\/espace-pro\/?s={search_term_string}\"},\"query-input\":{\"@type\":\"PropertyValueSpecification\",\"valueRequired\":true,\"valueName\":\"search_term_string\"}}],\"inLanguage\":\"fr-FR\"}]}<\/script>\n<!-- \/ Yoast SEO plugin. -->","yoast_head_json":{"title":"Groupe de travail \"Tourisme et JOP\" avec les h\u00e9bergeurs - Espace Pro","description":"Val-de-Marne Tourisme & Loisirs a lanc\u00e9 un groupe de travail \"Tourisme & JOP\" afin de d\u00e9velopper un offre touristique adapt\u00e9e en vue des Jeux de Paris 2024.","robots":{"index":"index","follow":"follow","max-snippet":"max-snippet:-1","max-image-preview":"max-image-preview:large","max-video-preview":"max-video-preview:-1"},"canonical":"https:\/\/www.tourisme-valdemarne.com\/espace-pro\/expertises-et-projets\/jeux-olympiques-et-paralympiques-paris-2024\/groupe-de-travail-tourisme-et-jeux-olympiques\/","og_locale":"fr_FR","og_type":"article","og_title":"Groupe de travail \"Tourisme et JOP\" avec les h\u00e9bergeurs - Espace Pro","og_description":"Val-de-Marne Tourisme & Loisirs a lanc\u00e9 un groupe de travail \"Tourisme & JOP\" afin de d\u00e9velopper un offre touristique adapt\u00e9e en vue des Jeux de Paris 2024.","og_url":"https:\/\/www.tourisme-valdemarne.com\/espace-pro\/expertises-et-projets\/jeux-olympiques-et-paralympiques-paris-2024\/groupe-de-travail-tourisme-et-jeux-olympiques\/","og_site_name":"Espace Pro","article_modified_time":"2024-02-13T09:21:17+00:00","og_image":[{"width":1600,"height":1071,"url":"https:\/\/www.tourisme-valdemarne.com\/espace-pro\/wp-content\/uploads\/sites\/3\/2019\/06\/aviron-ile-fanac-marne.jpg","type":"image\/jpeg"}],"twitter_card":"summary_large_image","twitter_misc":{"Dur\u00e9e de lecture estim\u00e9e":"3 minutes"},"schema":{"@context":"https:\/\/schema.org","@graph":[{"@type":"WebPage","@id":"https:\/\/www.tourisme-valdemarne.com\/espace-pro\/expertises-et-projets\/jeux-olympiques-et-paralympiques-paris-2024\/groupe-de-travail-tourisme-et-jeux-olympiques\/","url":"https:\/\/www.tourisme-valdemarne.com\/espace-pro\/expertises-et-projets\/jeux-olympiques-et-paralympiques-paris-2024\/groupe-de-travail-tourisme-et-jeux-olympiques\/","name":"Groupe de travail \"Tourisme et JOP\" avec les h\u00e9bergeurs - Espace Pro","isPartOf":{"@id":"https:\/\/www.tourisme-valdemarne.com\/espace-pro\/#website"},"primaryImageOfPage":{"@id":"https:\/\/www.tourisme-valdemarne.com\/espace-pro\/expertises-et-projets\/jeux-olympiques-et-paralympiques-paris-2024\/groupe-de-travail-tourisme-et-jeux-olympiques\/#primaryimage"},"image":{"@id":"https:\/\/www.tourisme-valdemarne.com\/espace-pro\/expertises-et-projets\/jeux-olympiques-et-paralympiques-paris-2024\/groupe-de-travail-tourisme-et-jeux-olympiques\/#primaryimage"},"thumbnailUrl":"https:\/\/www.tourisme-valdemarne.com\/espace-pro\/wp-content\/uploads\/sites\/3\/2019\/06\/aviron-ile-fanac-marne.jpg","datePublished":"2021-05-20T08:50:57+00:00","dateModified":"2024-02-13T09:21:17+00:00","description":"Val-de-Marne Tourisme & Loisirs a lanc\u00e9 un groupe de travail \"Tourisme & JOP\" afin de d\u00e9velopper un offre touristique adapt\u00e9e en vue des Jeux de Paris 2024.","breadcrumb":{"@id":"https:\/\/www.tourisme-valdemarne.com\/espace-pro\/expertises-et-projets\/jeux-olympiques-et-paralympiques-paris-2024\/groupe-de-travail-tourisme-et-jeux-olympiques\/#breadcrumb"},"inLanguage":"fr-FR","potentialAction":[{"@type":"ReadAction","target":["https:\/\/www.tourisme-valdemarne.com\/espace-pro\/expertises-et-projets\/jeux-olympiques-et-paralympiques-paris-2024\/groupe-de-travail-tourisme-et-jeux-olympiques\/"]}]},{"@type":"ImageObject","inLanguage":"fr-FR","@id":"https:\/\/www.tourisme-valdemarne.com\/espace-pro\/expertises-et-projets\/jeux-olympiques-et-paralympiques-paris-2024\/groupe-de-travail-tourisme-et-jeux-olympiques\/#primaryimage","url":"https:\/\/www.tourisme-valdemarne.com\/espace-pro\/wp-content\/uploads\/sites\/3\/2019\/06\/aviron-ile-fanac-marne.jpg","contentUrl":"https:\/\/www.tourisme-valdemarne.com\/espace-pro\/wp-content\/uploads\/sites\/3\/2019\/06\/aviron-ile-fanac-marne.jpg","width":1600,"height":1071,"caption":"Aviron sur la Marne \u00a9 CDT94\/www.photoinfographe.com"},{"@type":"BreadcrumbList","@id":"https:\/\/www.tourisme-valdemarne.com\/espace-pro\/expertises-et-projets\/jeux-olympiques-et-paralympiques-paris-2024\/groupe-de-travail-tourisme-et-jeux-olympiques\/#breadcrumb","itemListElement":[{"@type":"ListItem","position":1,"name":"Accueil","item":"https:\/\/www.tourisme-valdemarne.com\/espace-pro\/"},{"@type":"ListItem","position":2,"name":"Expertises et projets","item":"https:\/\/www.tourisme-valdemarne.com\/espace-pro\/expertises-et-projets\/"},{"@type":"ListItem","position":3,"name":"Jeux Olympiques et Paralympiques de Paris 2024","item":"https:\/\/www.tourisme-valdemarne.com\/espace-pro\/expertises-et-projets\/jeux-olympiques-et-paralympiques-paris-2024\/"},{"@type":"ListItem","position":4,"name":"Groupe de travail \u00ab\u00a0Tourisme et JOP\u00a0\u00bb avec les h\u00e9bergeurs"}]},{"@type":"WebSite","@id":"https:\/\/www.tourisme-valdemarne.com\/espace-pro\/#website","url":"https:\/\/www.tourisme-valdemarne.com\/espace-pro\/","name":"Espace Pro","description":"Informations et outils pour les professionnels et la Presse","potentialAction":[{"@type":"SearchAction","target":{"@type":"EntryPoint","urlTemplate":"https:\/\/www.tourisme-valdemarne.com\/espace-pro\/?s={search_term_string}"},"query-input":{"@type":"PropertyValueSpecification","valueRequired":true,"valueName":"search_term_string"}}],"inLanguage":"fr-FR"}]}},"_links":{"self":[{"href":"https:\/\/www.tourisme-valdemarne.com\/espace-pro\/wp-json\/wp\/v2\/pages\/9306","targetHints":{"allow":["GET"]}}],"collection":[{"href":"https:\/\/www.tourisme-valdemarne.com\/espace-pro\/wp-json\/wp\/v2\/pages"}],"about":[{"href":"https:\/\/www.tourisme-valdemarne.com\/espace-pro\/wp-json\/wp\/v2\/types\/page"}],"author":[{"embeddable":true,"href":"https:\/\/www.tourisme-valdemarne.com\/espace-pro\/wp-json\/wp\/v2\/users\/8"}],"replies":[{"embeddable":true,"href":"https:\/\/www.tourisme-valdemarne.com\/espace-pro\/wp-json\/wp\/v2\/comments?post=9306"}],"version-history":[{"count":16,"href":"https:\/\/www.tourisme-valdemarne.com\/espace-pro\/wp-json\/wp\/v2\/pages\/9306\/revisions"}],"predecessor-version":[{"id":26325,"href":"https:\/\/www.tourisme-valdemarne.com\/espace-pro\/wp-json\/wp\/v2\/pages\/9306\/revisions\/26325"}],"up":[{"embeddable":true,"href":"https:\/\/www.tourisme-valdemarne.com\/espace-pro\/wp-json\/wp\/v2\/pages\/15443"}],"wp:featuredmedia":[{"embeddable":true,"href":"https:\/\/www.tourisme-valdemarne.com\/espace-pro\/wp-json\/wp\/v2\/media\/6255"}],"wp:attachment":[{"href":"https:\/\/www.tourisme-valdemarne.com\/espace-pro\/wp-json\/wp\/v2\/media?parent=9306"}],"wp:term":[{"taxonomy":"vdmTagMarketing","embeddable":true,"href":"https:\/\/www.tourisme-valdemarne.com\/espace-pro\/wp-json\/wp\/v2\/vdmTagMarketing?post=9306"}],"curies":[{"name":"wp","href":"https:\/\/api.w.org\/{rel}","templated":true}]}}