{"id":93,"date":"2019-04-16T16:02:26","date_gmt":"2019-04-16T14:02:26","guid":{"rendered":"https:\/\/www.tourisme-valdemarne.com\/espace-pro\/rencontres-du-tourisme-2016"},"modified":"2021-06-24T11:40:34","modified_gmt":"2021-06-24T09:40:34","slug":"rencontres-du-tourisme-2016","status":"publish","type":"page","link":"https:\/\/www.tourisme-valdemarne.com\/espace-pro\/qui-sommes-nous\/rencontres-du-tourisme\/rencontres-du-tourisme-2016\/","title":{"rendered":"Rencontres du tourisme 2016"},"content":{"rendered":"\n<p class=\"is-style-excerpt\">Les Rencontres du tourisme 2016 en Val-de-Marne avaient pour sujet : \u00ab\u00a0Accueillir le monde, une ambition du Val-de-Marne\u00a0\u00bb<br><\/p>\n\n\n\n<p>Le 15 d\u00e9cembre, plus de 130 participants ont assist\u00e9 aux Rencontres du tourisme qui se sont d\u00e9roul\u00e9es \u00e0 la manufacture des \u0152illets, \u00e0 Ivry-sur-Seine, autour de la th\u00e9matique \u00ab Accueillir le monde, une ambition du Val-de-Marne \u00bb.<\/p>\n\n\n\n<p>Le lieu choisi pour ces rencontres a permis aux invit\u00e9s de d\u00e9couvrir le tout nouveau Th\u00e9\u00e2tre des Quartiers d&rsquo;Ivry &#8211; Centre Dramatique National du Val-de-Marne ainsi que l&rsquo;exposition \u00ab\u00a0The Blue One Comes in Black\u00a0\u00bb de l&rsquo;artiste Liz Magor au Centre d&rsquo;art contemporain d&rsquo;Ivry &#8211; le Cr\u00e9dac.<\/p>\n\n\n\n<h2 class=\"wp-block-heading\">Retour sur le programme 2018<\/h2>\n\n\n\n<p>Mots d\u2019accueil de Philippe Bouyssou, maire d\u2019Ivry-sur-Seine, de G\u00e9raldine Morier-Genoud, secr\u00e9taire g\u00e9n\u00e9rale du Th\u00e9\u00e2tre des Quartiers d&rsquo;Ivry &#8211; CDN du Val-de-Marne et de <a href=\"https:\/\/www.tourisme-valdemarne.com\/espace-pro\/wp-content\/uploads\/sites\/3\/2019\/04\/discours-accueil-gsg-rencontre-du-tourisme-2016.pdf\" target=\"_blank\" rel=\"noreferrer noopener\" aria-label=\"Gilles Saint-Gal (s\u2019ouvre dans un nouvel onglet)\">Gilles Saint-Gal<\/a>, pr\u00e9sident de Val-de-Marne Tourisme &amp; Loisirs.<\/p>\n\n\n\n<h3 class=\"wp-block-heading\">La candidature val-de-marnaise \u00e0 l&rsquo;Exposition Universelle 2025<\/h3>\n\n\n\n<ul class=\"wp-block-list\"><li> Pr\u00e9sentation des expositions universelles et de la candidature  fran\u00e7aise : Alain Berger, chef de la d\u00e9l\u00e9gation de la France au Bureau  International des Expositions (BIE)<\/li><li>Le sens de la candidature val-de-marnaise avec Christian Favier, pr\u00e9sident du conseil d\u00e9partemental du Val-de-Marne<\/li><li>Pr\u00e9sentation de la candidature du Val-de-Marne : Jean-Michel Daquin, architecte DPLG <\/li><\/ul>\n\n\n\n<p>Retrouvez les pr\u00e9sentations d\u2019<a href=\"https:\/\/www.tourisme-valdemarne.com\/espace-pro\/wp-content\/uploads\/sites\/3\/2019\/04\/pressentation-a-berger.pdf\" target=\"_blank\" rel=\"noreferrer noopener\" aria-label=\"A. Berger (s\u2019ouvre dans un nouvel onglet)\">A. Berger<\/a> et de <a rel=\"noreferrer noopener\" aria-label=\"JM Daquin (s\u2019ouvre dans un nouvel onglet)\" href=\"https:\/\/www.tourisme-valdemarne.com\/espace-pro\/wp-content\/uploads\/sites\/3\/2019\/04\/presentation-jm-daquin.pdf\" target=\"_blank\">JM Daquin<\/a>.<\/p>\n\n\n\n<figure class=\"wp-block-image\"><a href=\"https:\/\/www.tourisme-valdemarne.com\/espace-pro\/wp-content\/uploads\/sites\/3\/2019\/04\/rencontres-tourisme-2016-2-cp-cdt94-h.sallet-lavorel.jpg\"><img width=\"1200\" height=\"797\" data-src=\"https:\/\/www.tourisme-valdemarne.com\/espace-pro\/wp-content\/uploads\/sites\/3\/2019\/04\/rencontres-tourisme-2016-2-cp-cdt94-h.sallet-lavorel-1200x797.jpg\" alt=\"Rencontres du tourisme 2016\" class=\"wp-image-526\" srcset=\"https:\/\/www.tourisme-valdemarne.com\/espace-pro\/wp-content\/uploads\/sites\/3\/2019\/04\/rencontres-tourisme-2016-2-cp-cdt94-h.sallet-lavorel-1200x797.jpg 1200w, https:\/\/www.tourisme-valdemarne.com\/espace-pro\/wp-content\/uploads\/sites\/3\/2019\/04\/rencontres-tourisme-2016-2-cp-cdt94-h.sallet-lavorel-600x398.jpg 600w, https:\/\/www.tourisme-valdemarne.com\/espace-pro\/wp-content\/uploads\/sites\/3\/2019\/04\/rencontres-tourisme-2016-2-cp-cdt94-h.sallet-lavorel-900x598.jpg 900w, https:\/\/www.tourisme-valdemarne.com\/espace-pro\/wp-content\/uploads\/sites\/3\/2019\/04\/rencontres-tourisme-2016-2-cp-cdt94-h.sallet-lavorel-200x133.jpg 200w, https:\/\/www.tourisme-valdemarne.com\/espace-pro\/wp-content\/uploads\/sites\/3\/2019\/04\/rencontres-tourisme-2016-2-cp-cdt94-h.sallet-lavorel.jpg 1500w\" sizes=\"(max-width: 1200px) 100vw, 1200px\" \/><\/a><figcaption>Rencontres du tourisme 2016<\/figcaption><\/figure>\n\n\n\n<h3 class=\"wp-block-heading\">Le Val-de-Marne, champion de l&rsquo;accueil touristique <\/h3>\n\n\n\n<ul class=\"wp-block-list\"><li>Le visage du Val-de-Marne en 2025 et les dynamiques \u00e0 l&rsquo;\u0153uvre :  Fran\u00e7ois Favard, directeur de l&rsquo;am\u00e9nagement et du d\u00e9veloppement  territorial au conseil d\u00e9partemental<\/li><li>L&rsquo;\u00e9volution des attentes et pratiques des client\u00e8les touristiques  (notamment \u00e9volution du parc d\u2019h\u00e9bergements collaboratifs en  Val-de-Marne) : Saskia Cousin, ma\u00eetresse de conf\u00e9rences Paris-Descartes<\/li><li>Des acteurs de l&rsquo;accueil touristique : Nicolas Lefebvre, directeur  g\u00e9n\u00e9ral de l\u2019OTCP, Christophe Arietano, pr\u00e9sident du Club h\u00f4telier du  Orly-Rungis Val-de-Marne, G\u00e9rard Delmas, pr\u00e9sident de la CCI94, Franck  Mereyde, directeur de l&rsquo;a\u00e9roport de Paris-Orly <\/li><\/ul>\n\n\n\n<p>Retrouver les pr\u00e9sentations de <a rel=\"noreferrer noopener\" aria-label=\"F. Favard (s\u2019ouvre dans un nouvel onglet)\" href=\"https:\/\/www.tourisme-valdemarne.com\/espace-pro\/wp-content\/uploads\/sites\/3\/2019\/04\/presentation-f-favard.compressed.pdf\" target=\"_blank\">F. Favard<\/a> et <a href=\"https:\/\/www.tourisme-valdemarne.com\/espace-pro\/wp-content\/uploads\/sites\/3\/2019\/04\/presentation-s-cousin.compressed-1.pdf\" target=\"_blank\" rel=\"noreferrer noopener\" aria-label=\"S. Cousin (s\u2019ouvre dans un nouvel onglet)\">S. Cousin<\/a>.<\/p>\n\n\n\n<figure class=\"wp-block-image\"><a href=\"https:\/\/www.tourisme-valdemarne.com\/espace-pro\/wp-content\/uploads\/sites\/3\/2019\/04\/rencontres-tourisme-2016-3-cp-cdt94-h.sallet-lavorel.jpg\"><img width=\"1200\" height=\"797\" data-src=\"https:\/\/www.tourisme-valdemarne.com\/espace-pro\/wp-content\/uploads\/sites\/3\/2019\/04\/rencontres-tourisme-2016-3-cp-cdt94-h.sallet-lavorel-1200x797.jpg\" alt=\"Rencontres du tourisme 2016\" class=\"wp-image-528\" srcset=\"https:\/\/www.tourisme-valdemarne.com\/espace-pro\/wp-content\/uploads\/sites\/3\/2019\/04\/rencontres-tourisme-2016-3-cp-cdt94-h.sallet-lavorel-1200x797.jpg 1200w, https:\/\/www.tourisme-valdemarne.com\/espace-pro\/wp-content\/uploads\/sites\/3\/2019\/04\/rencontres-tourisme-2016-3-cp-cdt94-h.sallet-lavorel-600x398.jpg 600w, https:\/\/www.tourisme-valdemarne.com\/espace-pro\/wp-content\/uploads\/sites\/3\/2019\/04\/rencontres-tourisme-2016-3-cp-cdt94-h.sallet-lavorel-900x598.jpg 900w, https:\/\/www.tourisme-valdemarne.com\/espace-pro\/wp-content\/uploads\/sites\/3\/2019\/04\/rencontres-tourisme-2016-3-cp-cdt94-h.sallet-lavorel-200x133.jpg 200w, https:\/\/www.tourisme-valdemarne.com\/espace-pro\/wp-content\/uploads\/sites\/3\/2019\/04\/rencontres-tourisme-2016-3-cp-cdt94-h.sallet-lavorel.jpg 1500w\" sizes=\"(max-width: 1200px) 100vw, 1200px\" \/><\/a><figcaption>Rencontres du tourisme 2016<\/figcaption><\/figure>\n\n\n\n<p><a rel=\"noreferrer noopener\" aria-label=\"Conclusion de Gilles Saint-Gall (s\u2019ouvre dans un nouvel onglet)\" href=\"https:\/\/www.tourisme-valdemarne.com\/espace-pro\/wp-content\/uploads\/sites\/3\/2019\/04\/discours_ccl_gsg_rencontre_du_tourisme_2016-1.pdf\" target=\"_blank\">Conclusion de Gilles Saint-Gal<\/a><\/p>\n\n\n\n<figure class=\"wp-block-embed-youtube wp-block-embed is-type-video is-provider-youtube wp-embed-aspect-16-9 wp-has-aspect-ratio\"><div class=\"wp-block-embed__wrapper\">\n<iframe loading=\"lazy\" title=\"Rencontres du tourisme en Val-de-Marne - D\u00e9cembre 2016\" width=\"500\" height=\"281\" src=\"https:\/\/www.youtube.com\/embed\/x9hQBw4h3NE?feature=oembed\" frameborder=\"0\" allow=\"accelerometer; autoplay; clipboard-write; encrypted-media; gyroscope; picture-in-picture; web-share\" referrerpolicy=\"strict-origin-when-cross-origin\" allowfullscreen><\/iframe>\n<\/div><figcaption>Retour en vid\u00e9o sur les Rencontres du tourisme 2016 en Val-de-Marne<\/figcaption><\/figure>\n","protected":false},"excerpt":{"rendered":"<p>Les Rencontres du tourisme 2016 en Val-de-Marne avaient pour sujet : \u00ab\u00a0Accueillir le monde, une ambition du Val-de-Marne\u00a0\u00bb Le 15 d\u00e9cembre, plus de 130 participants ont assist\u00e9 aux Rencontres du tourisme qui se sont d\u00e9roul\u00e9es \u00e0 la manufacture des \u0152illets, \u00e0 Ivry-sur-Seine, autour de la th\u00e9matique \u00ab Accueillir le monde, une ambition du Val-de-Marne \u00bb. [&hellip;]<\/p>\n","protected":false},"author":1,"featured_media":518,"parent":89,"menu_order":10,"comment_status":"closed","ping_status":"closed","template":"","meta":{"_relevanssi_hide_post":"","_relevanssi_hide_content":"","_relevanssi_pin_for_all":"","_relevanssi_pin_keywords":"","_relevanssi_unpin_keywords":"","_relevanssi_related_keywords":"","_relevanssi_related_include_ids":"","_relevanssi_related_exclude_ids":"","_relevanssi_related_no_append":"","_relevanssi_related_not_related":"","_relevanssi_related_posts":"2741,2749,8090,2745,8108,8105","_relevanssi_noindex_reason":"","footnotes":""},"vdmTagMarketing":[],"class_list":["post-93","page","type-page","status-publish","has-post-thumbnail","hentry"],"acf":[],"yoast_head":"<!-- This site is optimized with the Yoast SEO plugin v23.9 - https:\/\/yoast.com\/wordpress\/plugins\/seo\/ -->\n<title>Rencontres du tourisme 2016 - Espace Pro<\/title>\n<meta name=\"robots\" content=\"index, follow, max-snippet:-1, max-image-preview:large, max-video-preview:-1\" \/>\n<link rel=\"canonical\" href=\"https:\/\/www.tourisme-valdemarne.com\/espace-pro\/qui-sommes-nous\/rencontres-du-tourisme\/rencontres-du-tourisme-2016\/\" \/>\n<meta property=\"og:locale\" content=\"fr_FR\" \/>\n<meta property=\"og:type\" content=\"article\" \/>\n<meta property=\"og:title\" content=\"Rencontres du tourisme 2016 - Espace Pro\" \/>\n<meta property=\"og:description\" content=\"Les Rencontres du tourisme 2016 en Val-de-Marne avaient pour sujet : \u00ab\u00a0Accueillir le monde, une ambition du Val-de-Marne\u00a0\u00bb Le 15 d\u00e9cembre, plus de 130 participants ont assist\u00e9 aux Rencontres du tourisme qui se sont d\u00e9roul\u00e9es \u00e0 la manufacture des \u0152illets, \u00e0 Ivry-sur-Seine, autour de la th\u00e9matique \u00ab Accueillir le monde, une ambition du Val-de-Marne \u00bb. [&hellip;]\" \/>\n<meta property=\"og:url\" content=\"https:\/\/www.tourisme-valdemarne.com\/espace-pro\/qui-sommes-nous\/rencontres-du-tourisme\/rencontres-du-tourisme-2016\/\" \/>\n<meta property=\"og:site_name\" content=\"Espace Pro\" \/>\n<meta property=\"article:modified_time\" content=\"2021-06-24T09:40:34+00:00\" \/>\n<meta property=\"og:image\" content=\"https:\/\/www.tourisme-valdemarne.com\/espace-pro\/wp-content\/uploads\/sites\/3\/2019\/04\/rencontres-tourisme-2016-cp-cdt94-h.sallet-lavorel.jpg\" \/>\n\t<meta property=\"og:image:width\" content=\"1600\" \/>\n\t<meta property=\"og:image:height\" content=\"900\" \/>\n\t<meta property=\"og:image:type\" content=\"image\/jpeg\" \/>\n<meta name=\"twitter:card\" content=\"summary_large_image\" \/>\n<meta name=\"twitter:label1\" content=\"Dur\u00e9e de lecture estim\u00e9e\" \/>\n\t<meta name=\"twitter:data1\" content=\"2 minutes\" \/>\n<script type=\"application\/ld+json\" class=\"yoast-schema-graph\">{\"@context\":\"https:\/\/schema.org\",\"@graph\":[{\"@type\":\"WebPage\",\"@id\":\"https:\/\/www.tourisme-valdemarne.com\/espace-pro\/qui-sommes-nous\/rencontres-du-tourisme\/rencontres-du-tourisme-2016\/\",\"url\":\"https:\/\/www.tourisme-valdemarne.com\/espace-pro\/qui-sommes-nous\/rencontres-du-tourisme\/rencontres-du-tourisme-2016\/\",\"name\":\"Rencontres du tourisme 2016 - Espace Pro\",\"isPartOf\":{\"@id\":\"https:\/\/www.tourisme-valdemarne.com\/espace-pro\/#website\"},\"primaryImageOfPage\":{\"@id\":\"https:\/\/www.tourisme-valdemarne.com\/espace-pro\/qui-sommes-nous\/rencontres-du-tourisme\/rencontres-du-tourisme-2016\/#primaryimage\"},\"image\":{\"@id\":\"https:\/\/www.tourisme-valdemarne.com\/espace-pro\/qui-sommes-nous\/rencontres-du-tourisme\/rencontres-du-tourisme-2016\/#primaryimage\"},\"thumbnailUrl\":\"https:\/\/www.tourisme-valdemarne.com\/espace-pro\/wp-content\/uploads\/sites\/3\/2019\/04\/rencontres-tourisme-2016-cp-cdt94-h.sallet-lavorel.jpg\",\"datePublished\":\"2019-04-16T14:02:26+00:00\",\"dateModified\":\"2021-06-24T09:40:34+00:00\",\"breadcrumb\":{\"@id\":\"https:\/\/www.tourisme-valdemarne.com\/espace-pro\/qui-sommes-nous\/rencontres-du-tourisme\/rencontres-du-tourisme-2016\/#breadcrumb\"},\"inLanguage\":\"fr-FR\",\"potentialAction\":[{\"@type\":\"ReadAction\",\"target\":[\"https:\/\/www.tourisme-valdemarne.com\/espace-pro\/qui-sommes-nous\/rencontres-du-tourisme\/rencontres-du-tourisme-2016\/\"]}]},{\"@type\":\"ImageObject\",\"inLanguage\":\"fr-FR\",\"@id\":\"https:\/\/www.tourisme-valdemarne.com\/espace-pro\/qui-sommes-nous\/rencontres-du-tourisme\/rencontres-du-tourisme-2016\/#primaryimage\",\"url\":\"https:\/\/www.tourisme-valdemarne.com\/espace-pro\/wp-content\/uploads\/sites\/3\/2019\/04\/rencontres-tourisme-2016-cp-cdt94-h.sallet-lavorel.jpg\",\"contentUrl\":\"https:\/\/www.tourisme-valdemarne.com\/espace-pro\/wp-content\/uploads\/sites\/3\/2019\/04\/rencontres-tourisme-2016-cp-cdt94-h.sallet-lavorel.jpg\",\"width\":1600,\"height\":900,\"caption\":\"Rencontres du tourisme 2016\"},{\"@type\":\"BreadcrumbList\",\"@id\":\"https:\/\/www.tourisme-valdemarne.com\/espace-pro\/qui-sommes-nous\/rencontres-du-tourisme\/rencontres-du-tourisme-2016\/#breadcrumb\",\"itemListElement\":[{\"@type\":\"ListItem\",\"position\":1,\"name\":\"Accueil\",\"item\":\"https:\/\/www.tourisme-valdemarne.com\/espace-pro\/\"},{\"@type\":\"ListItem\",\"position\":2,\"name\":\"Qui sommes-nous ?\",\"item\":\"https:\/\/www.tourisme-valdemarne.com\/espace-pro\/qui-sommes-nous\/\"},{\"@type\":\"ListItem\",\"position\":3,\"name\":\"Rencontres du tourisme\",\"item\":\"https:\/\/www.tourisme-valdemarne.com\/espace-pro\/qui-sommes-nous\/rencontres-du-tourisme\/\"},{\"@type\":\"ListItem\",\"position\":4,\"name\":\"Rencontres du tourisme 2016\"}]},{\"@type\":\"WebSite\",\"@id\":\"https:\/\/www.tourisme-valdemarne.com\/espace-pro\/#website\",\"url\":\"https:\/\/www.tourisme-valdemarne.com\/espace-pro\/\",\"name\":\"Espace Pro\",\"description\":\"Informations et outils pour les professionnels et la Presse\",\"potentialAction\":[{\"@type\":\"SearchAction\",\"target\":{\"@type\":\"EntryPoint\",\"urlTemplate\":\"https:\/\/www.tourisme-valdemarne.com\/espace-pro\/?s={search_term_string}\"},\"query-input\":{\"@type\":\"PropertyValueSpecification\",\"valueRequired\":true,\"valueName\":\"search_term_string\"}}],\"inLanguage\":\"fr-FR\"}]}<\/script>\n<!-- \/ Yoast SEO plugin. -->","yoast_head_json":{"title":"Rencontres du tourisme 2016 - Espace Pro","robots":{"index":"index","follow":"follow","max-snippet":"max-snippet:-1","max-image-preview":"max-image-preview:large","max-video-preview":"max-video-preview:-1"},"canonical":"https:\/\/www.tourisme-valdemarne.com\/espace-pro\/qui-sommes-nous\/rencontres-du-tourisme\/rencontres-du-tourisme-2016\/","og_locale":"fr_FR","og_type":"article","og_title":"Rencontres du tourisme 2016 - Espace Pro","og_description":"Les Rencontres du tourisme 2016 en Val-de-Marne avaient pour sujet : \u00ab\u00a0Accueillir le monde, une ambition du Val-de-Marne\u00a0\u00bb Le 15 d\u00e9cembre, plus de 130 participants ont assist\u00e9 aux Rencontres du tourisme qui se sont d\u00e9roul\u00e9es \u00e0 la manufacture des \u0152illets, \u00e0 Ivry-sur-Seine, autour de la th\u00e9matique \u00ab Accueillir le monde, une ambition du Val-de-Marne \u00bb. [&hellip;]","og_url":"https:\/\/www.tourisme-valdemarne.com\/espace-pro\/qui-sommes-nous\/rencontres-du-tourisme\/rencontres-du-tourisme-2016\/","og_site_name":"Espace Pro","article_modified_time":"2021-06-24T09:40:34+00:00","og_image":[{"width":1600,"height":900,"url":"https:\/\/www.tourisme-valdemarne.com\/espace-pro\/wp-content\/uploads\/sites\/3\/2019\/04\/rencontres-tourisme-2016-cp-cdt94-h.sallet-lavorel.jpg","type":"image\/jpeg"}],"twitter_card":"summary_large_image","twitter_misc":{"Dur\u00e9e de lecture estim\u00e9e":"2 minutes"},"schema":{"@context":"https:\/\/schema.org","@graph":[{"@type":"WebPage","@id":"https:\/\/www.tourisme-valdemarne.com\/espace-pro\/qui-sommes-nous\/rencontres-du-tourisme\/rencontres-du-tourisme-2016\/","url":"https:\/\/www.tourisme-valdemarne.com\/espace-pro\/qui-sommes-nous\/rencontres-du-tourisme\/rencontres-du-tourisme-2016\/","name":"Rencontres du tourisme 2016 - Espace Pro","isPartOf":{"@id":"https:\/\/www.tourisme-valdemarne.com\/espace-pro\/#website"},"primaryImageOfPage":{"@id":"https:\/\/www.tourisme-valdemarne.com\/espace-pro\/qui-sommes-nous\/rencontres-du-tourisme\/rencontres-du-tourisme-2016\/#primaryimage"},"image":{"@id":"https:\/\/www.tourisme-valdemarne.com\/espace-pro\/qui-sommes-nous\/rencontres-du-tourisme\/rencontres-du-tourisme-2016\/#primaryimage"},"thumbnailUrl":"https:\/\/www.tourisme-valdemarne.com\/espace-pro\/wp-content\/uploads\/sites\/3\/2019\/04\/rencontres-tourisme-2016-cp-cdt94-h.sallet-lavorel.jpg","datePublished":"2019-04-16T14:02:26+00:00","dateModified":"2021-06-24T09:40:34+00:00","breadcrumb":{"@id":"https:\/\/www.tourisme-valdemarne.com\/espace-pro\/qui-sommes-nous\/rencontres-du-tourisme\/rencontres-du-tourisme-2016\/#breadcrumb"},"inLanguage":"fr-FR","potentialAction":[{"@type":"ReadAction","target":["https:\/\/www.tourisme-valdemarne.com\/espace-pro\/qui-sommes-nous\/rencontres-du-tourisme\/rencontres-du-tourisme-2016\/"]}]},{"@type":"ImageObject","inLanguage":"fr-FR","@id":"https:\/\/www.tourisme-valdemarne.com\/espace-pro\/qui-sommes-nous\/rencontres-du-tourisme\/rencontres-du-tourisme-2016\/#primaryimage","url":"https:\/\/www.tourisme-valdemarne.com\/espace-pro\/wp-content\/uploads\/sites\/3\/2019\/04\/rencontres-tourisme-2016-cp-cdt94-h.sallet-lavorel.jpg","contentUrl":"https:\/\/www.tourisme-valdemarne.com\/espace-pro\/wp-content\/uploads\/sites\/3\/2019\/04\/rencontres-tourisme-2016-cp-cdt94-h.sallet-lavorel.jpg","width":1600,"height":900,"caption":"Rencontres du tourisme 2016"},{"@type":"BreadcrumbList","@id":"https:\/\/www.tourisme-valdemarne.com\/espace-pro\/qui-sommes-nous\/rencontres-du-tourisme\/rencontres-du-tourisme-2016\/#breadcrumb","itemListElement":[{"@type":"ListItem","position":1,"name":"Accueil","item":"https:\/\/www.tourisme-valdemarne.com\/espace-pro\/"},{"@type":"ListItem","position":2,"name":"Qui sommes-nous ?","item":"https:\/\/www.tourisme-valdemarne.com\/espace-pro\/qui-sommes-nous\/"},{"@type":"ListItem","position":3,"name":"Rencontres du tourisme","item":"https:\/\/www.tourisme-valdemarne.com\/espace-pro\/qui-sommes-nous\/rencontres-du-tourisme\/"},{"@type":"ListItem","position":4,"name":"Rencontres du tourisme 2016"}]},{"@type":"WebSite","@id":"https:\/\/www.tourisme-valdemarne.com\/espace-pro\/#website","url":"https:\/\/www.tourisme-valdemarne.com\/espace-pro\/","name":"Espace Pro","description":"Informations et outils pour les professionnels et la Presse","potentialAction":[{"@type":"SearchAction","target":{"@type":"EntryPoint","urlTemplate":"https:\/\/www.tourisme-valdemarne.com\/espace-pro\/?s={search_term_string}"},"query-input":{"@type":"PropertyValueSpecification","valueRequired":true,"valueName":"search_term_string"}}],"inLanguage":"fr-FR"}]}},"_links":{"self":[{"href":"https:\/\/www.tourisme-valdemarne.com\/espace-pro\/wp-json\/wp\/v2\/pages\/93","targetHints":{"allow":["GET"]}}],"collection":[{"href":"https:\/\/www.tourisme-valdemarne.com\/espace-pro\/wp-json\/wp\/v2\/pages"}],"about":[{"href":"https:\/\/www.tourisme-valdemarne.com\/espace-pro\/wp-json\/wp\/v2\/types\/page"}],"author":[{"embeddable":true,"href":"https:\/\/www.tourisme-valdemarne.com\/espace-pro\/wp-json\/wp\/v2\/users\/1"}],"replies":[{"embeddable":true,"href":"https:\/\/www.tourisme-valdemarne.com\/espace-pro\/wp-json\/wp\/v2\/comments?post=93"}],"version-history":[{"count":26,"href":"https:\/\/www.tourisme-valdemarne.com\/espace-pro\/wp-json\/wp\/v2\/pages\/93\/revisions"}],"predecessor-version":[{"id":9928,"href":"https:\/\/www.tourisme-valdemarne.com\/espace-pro\/wp-json\/wp\/v2\/pages\/93\/revisions\/9928"}],"up":[{"embeddable":true,"href":"https:\/\/www.tourisme-valdemarne.com\/espace-pro\/wp-json\/wp\/v2\/pages\/89"}],"wp:featuredmedia":[{"embeddable":true,"href":"https:\/\/www.tourisme-valdemarne.com\/espace-pro\/wp-json\/wp\/v2\/media\/518"}],"wp:attachment":[{"href":"https:\/\/www.tourisme-valdemarne.com\/espace-pro\/wp-json\/wp\/v2\/media?parent=93"}],"wp:term":[{"taxonomy":"vdmTagMarketing","embeddable":true,"href":"https:\/\/www.tourisme-valdemarne.com\/espace-pro\/wp-json\/wp\/v2\/vdmTagMarketing?post=93"}],"curies":[{"name":"wp","href":"https:\/\/api.w.org\/{rel}","templated":true}]}}