{"id":9240,"date":"2021-05-07T15:55:26","date_gmt":"2021-05-07T13:55:26","guid":{"rendered":"https:\/\/www.tourisme-valdemarne.com\/espace-pro\/?page_id=9240"},"modified":"2022-03-24T09:58:16","modified_gmt":"2022-03-24T08:58:16","slug":"rencontre-avec-les-nouveaux-guides-conferenciers-et-partenaires-de-visites-visites-virtuelles","status":"publish","type":"page","link":"https:\/\/www.tourisme-valdemarne.com\/espace-pro\/actualites\/archives-des-actualites\/rencontre-avec-les-nouveaux-guides-conferenciers-et-partenaires-de-visites-visites-virtuelles\/","title":{"rendered":"Rencontre avec les nouveaux guides-conf\u00e9renciers et partenaires de visites &#8211; Visites virtuelles"},"content":{"rendered":"\n<p class=\"is-style-excerpt\">Explore Paris, plateforme de r\u00e9servation d\u2019activit\u00e9s de tourisme et loisirs du Grand Paris cr\u00e9\u00e9e par les agences d\u00e9partementales de d\u00e9veloppement touristique du Grand Paris, a souhait\u00e9 \u00e9changer avec les guides-conf\u00e9renciers et partenaires de visites qui l\u2019ont r\u00e9cemment rejoint, autour du d\u00e9veloppement des visites virtuelles et de leur p\u00e9rennit\u00e9.<\/p>\n\n\n\n<p>Organis\u00e9e le 27 avril dernier avec une vingtaine de participants, cette rencontre a \u00e9t\u00e9 l\u2019occasion d\u2019avoir un <strong>retour sur les premi\u00e8res exp\u00e9riences de ces partenaires et d&rsquo;entamer une r\u00e9flexion autour de l&rsquo;\u00e9volution de ce format<\/strong> mis en place l\u2019an dernier lors du premier confinement.<\/p>\n\n\n\n<h2 class=\"wp-block-heading\">Au programme <\/h2>\n\n\n\n<p>La rencontre s&rsquo;est d\u00e9roul\u00e9e selon le <strong>programme suivant<\/strong> :<\/p>\n\n\n\n<ul class=\"wp-block-list\"><li>Pr\u00e9sentation de l\u2019offre en virtuel sur Explore Paris et de son fonctionnement<\/li><li>T\u00e9moignage de Guillaume Le Roux &#8211; Le Vrai Paris<\/li><li>\u00c9changes avec les participants sur le d\u00e9veloppement de cette offre et de nouveaux formats<\/li><\/ul>\n\n\n\n<p class=\"is-style-highlight\">D\u00e9couvrez le reste de l&rsquo;<a href=\"https:\/\/www.tourisme-valdemarne.com\/espace-pro\/actualites\/\">actualit\u00e9 destin\u00e9e aux professionnels du tourisme et de la culture en Val-de-Marne<\/a>.<\/p>\n","protected":false},"excerpt":{"rendered":"<p>Explore Paris, plateforme de r\u00e9servation d\u2019activit\u00e9s de tourisme et loisirs du Grand Paris cr\u00e9\u00e9e par les agences d\u00e9partementales de d\u00e9veloppement touristique du Grand Paris, a souhait\u00e9 \u00e9changer avec les guides-conf\u00e9renciers et partenaires de visites qui l\u2019ont r\u00e9cemment rejoint, autour du d\u00e9veloppement des visites virtuelles et de leur p\u00e9rennit\u00e9. Organis\u00e9e le 27 avril dernier avec une [&hellip;]<\/p>\n","protected":false},"author":8,"featured_media":2850,"parent":9250,"menu_order":184,"comment_status":"closed","ping_status":"closed","template":"","meta":{"_relevanssi_hide_post":"","_relevanssi_hide_content":"","_relevanssi_pin_for_all":"","_relevanssi_pin_keywords":"","_relevanssi_unpin_keywords":"","_relevanssi_related_keywords":"","_relevanssi_related_include_ids":"","_relevanssi_related_exclude_ids":"","_relevanssi_related_no_append":"","_relevanssi_related_not_related":"","_relevanssi_related_posts":"442,2745,8104,8105,2751,8077","_relevanssi_noindex_reason":"","footnotes":""},"vdmTagMarketing":[],"class_list":["post-9240","page","type-page","status-publish","has-post-thumbnail","hentry"],"acf":[],"yoast_head":"<!-- This site is optimized with the Yoast SEO plugin v23.9 - https:\/\/yoast.com\/wordpress\/plugins\/seo\/ -->\n<title>Rencontre avec les nouveaux guides-conf\u00e9renciers et partenaires de visites - Visites virtuelles - Espace Pro<\/title>\n<meta name=\"description\" content=\"Explore Paris a souhait\u00e9 \u00e9changer avec les nouveaux guides-conf\u00e9renciers et partenaires de visites autour du d\u00e9veloppement des visites virtuelles.\" \/>\n<meta name=\"robots\" content=\"index, follow, max-snippet:-1, max-image-preview:large, max-video-preview:-1\" \/>\n<link rel=\"canonical\" href=\"https:\/\/www.tourisme-valdemarne.com\/espace-pro\/actualites\/archives-des-actualites\/rencontre-avec-les-nouveaux-guides-conferenciers-et-partenaires-de-visites-visites-virtuelles\/\" \/>\n<meta property=\"og:locale\" content=\"fr_FR\" \/>\n<meta property=\"og:type\" content=\"article\" \/>\n<meta property=\"og:title\" content=\"Rencontre avec les nouveaux guides-conf\u00e9renciers et partenaires de visites - Visites virtuelles - Espace Pro\" \/>\n<meta property=\"og:description\" content=\"Explore Paris a souhait\u00e9 \u00e9changer avec les nouveaux guides-conf\u00e9renciers et partenaires de visites autour du d\u00e9veloppement des visites virtuelles.\" \/>\n<meta property=\"og:url\" content=\"https:\/\/www.tourisme-valdemarne.com\/espace-pro\/actualites\/archives-des-actualites\/rencontre-avec-les-nouveaux-guides-conferenciers-et-partenaires-de-visites-visites-virtuelles\/\" \/>\n<meta property=\"og:site_name\" content=\"Espace Pro\" \/>\n<meta property=\"article:modified_time\" content=\"2022-03-24T08:58:16+00:00\" \/>\n<meta property=\"og:image\" content=\"https:\/\/www.tourisme-valdemarne.com\/espace-pro\/wp-content\/uploads\/sites\/3\/2019\/05\/randonnee-pied-foret-notre-dame-cp-crt.jpg\" \/>\n\t<meta property=\"og:image:width\" content=\"1600\" \/>\n\t<meta property=\"og:image:height\" content=\"1068\" \/>\n\t<meta property=\"og:image:type\" content=\"image\/jpeg\" \/>\n<meta name=\"twitter:card\" content=\"summary_large_image\" \/>\n<meta name=\"twitter:label1\" content=\"Dur\u00e9e de lecture estim\u00e9e\" \/>\n\t<meta name=\"twitter:data1\" content=\"1 minute\" \/>\n<script type=\"application\/ld+json\" class=\"yoast-schema-graph\">{\"@context\":\"https:\/\/schema.org\",\"@graph\":[{\"@type\":\"WebPage\",\"@id\":\"https:\/\/www.tourisme-valdemarne.com\/espace-pro\/actualites\/archives-des-actualites\/rencontre-avec-les-nouveaux-guides-conferenciers-et-partenaires-de-visites-visites-virtuelles\/\",\"url\":\"https:\/\/www.tourisme-valdemarne.com\/espace-pro\/actualites\/archives-des-actualites\/rencontre-avec-les-nouveaux-guides-conferenciers-et-partenaires-de-visites-visites-virtuelles\/\",\"name\":\"Rencontre avec les nouveaux guides-conf\u00e9renciers et partenaires de visites - Visites virtuelles - Espace Pro\",\"isPartOf\":{\"@id\":\"https:\/\/www.tourisme-valdemarne.com\/espace-pro\/#website\"},\"primaryImageOfPage\":{\"@id\":\"https:\/\/www.tourisme-valdemarne.com\/espace-pro\/actualites\/archives-des-actualites\/rencontre-avec-les-nouveaux-guides-conferenciers-et-partenaires-de-visites-visites-virtuelles\/#primaryimage\"},\"image\":{\"@id\":\"https:\/\/www.tourisme-valdemarne.com\/espace-pro\/actualites\/archives-des-actualites\/rencontre-avec-les-nouveaux-guides-conferenciers-et-partenaires-de-visites-visites-virtuelles\/#primaryimage\"},\"thumbnailUrl\":\"https:\/\/www.tourisme-valdemarne.com\/espace-pro\/wp-content\/uploads\/sites\/3\/2019\/05\/randonnee-pied-foret-notre-dame-cp-crt.jpg\",\"datePublished\":\"2021-05-07T13:55:26+00:00\",\"dateModified\":\"2022-03-24T08:58:16+00:00\",\"description\":\"Explore Paris a souhait\u00e9 \u00e9changer avec les nouveaux guides-conf\u00e9renciers et partenaires de visites autour du d\u00e9veloppement des visites virtuelles.\",\"breadcrumb\":{\"@id\":\"https:\/\/www.tourisme-valdemarne.com\/espace-pro\/actualites\/archives-des-actualites\/rencontre-avec-les-nouveaux-guides-conferenciers-et-partenaires-de-visites-visites-virtuelles\/#breadcrumb\"},\"inLanguage\":\"fr-FR\",\"potentialAction\":[{\"@type\":\"ReadAction\",\"target\":[\"https:\/\/www.tourisme-valdemarne.com\/espace-pro\/actualites\/archives-des-actualites\/rencontre-avec-les-nouveaux-guides-conferenciers-et-partenaires-de-visites-visites-virtuelles\/\"]}]},{\"@type\":\"ImageObject\",\"inLanguage\":\"fr-FR\",\"@id\":\"https:\/\/www.tourisme-valdemarne.com\/espace-pro\/actualites\/archives-des-actualites\/rencontre-avec-les-nouveaux-guides-conferenciers-et-partenaires-de-visites-visites-virtuelles\/#primaryimage\",\"url\":\"https:\/\/www.tourisme-valdemarne.com\/espace-pro\/wp-content\/uploads\/sites\/3\/2019\/05\/randonnee-pied-foret-notre-dame-cp-crt.jpg\",\"contentUrl\":\"https:\/\/www.tourisme-valdemarne.com\/espace-pro\/wp-content\/uploads\/sites\/3\/2019\/05\/randonnee-pied-foret-notre-dame-cp-crt.jpg\",\"width\":1600,\"height\":1068,\"caption\":\"Randonn\u00e9e en for\u00eat de notre dame \u00a9 CRT Paris Ile-de-France\/Amelie Laurin\"},{\"@type\":\"BreadcrumbList\",\"@id\":\"https:\/\/www.tourisme-valdemarne.com\/espace-pro\/actualites\/archives-des-actualites\/rencontre-avec-les-nouveaux-guides-conferenciers-et-partenaires-de-visites-visites-virtuelles\/#breadcrumb\",\"itemListElement\":[{\"@type\":\"ListItem\",\"position\":1,\"name\":\"Accueil\",\"item\":\"https:\/\/www.tourisme-valdemarne.com\/espace-pro\/\"},{\"@type\":\"ListItem\",\"position\":2,\"name\":\"Actualit\u00e9s de l&rsquo;espace pro\",\"item\":\"https:\/\/www.tourisme-valdemarne.com\/espace-pro\/actualites\/\"},{\"@type\":\"ListItem\",\"position\":3,\"name\":\"Archives des actualit\u00e9s\",\"item\":\"https:\/\/www.tourisme-valdemarne.com\/espace-pro\/actualites\/archives-des-actualites\/\"},{\"@type\":\"ListItem\",\"position\":4,\"name\":\"Rencontre avec les nouveaux guides-conf\u00e9renciers et partenaires de visites &#8211; Visites virtuelles\"}]},{\"@type\":\"WebSite\",\"@id\":\"https:\/\/www.tourisme-valdemarne.com\/espace-pro\/#website\",\"url\":\"https:\/\/www.tourisme-valdemarne.com\/espace-pro\/\",\"name\":\"Espace Pro\",\"description\":\"Informations et outils pour les professionnels et la Presse\",\"potentialAction\":[{\"@type\":\"SearchAction\",\"target\":{\"@type\":\"EntryPoint\",\"urlTemplate\":\"https:\/\/www.tourisme-valdemarne.com\/espace-pro\/?s={search_term_string}\"},\"query-input\":{\"@type\":\"PropertyValueSpecification\",\"valueRequired\":true,\"valueName\":\"search_term_string\"}}],\"inLanguage\":\"fr-FR\"}]}<\/script>\n<!-- \/ Yoast SEO plugin. -->","yoast_head_json":{"title":"Rencontre avec les nouveaux guides-conf\u00e9renciers et partenaires de visites - Visites virtuelles - Espace Pro","description":"Explore Paris a souhait\u00e9 \u00e9changer avec les nouveaux guides-conf\u00e9renciers et partenaires de visites autour du d\u00e9veloppement des visites virtuelles.","robots":{"index":"index","follow":"follow","max-snippet":"max-snippet:-1","max-image-preview":"max-image-preview:large","max-video-preview":"max-video-preview:-1"},"canonical":"https:\/\/www.tourisme-valdemarne.com\/espace-pro\/actualites\/archives-des-actualites\/rencontre-avec-les-nouveaux-guides-conferenciers-et-partenaires-de-visites-visites-virtuelles\/","og_locale":"fr_FR","og_type":"article","og_title":"Rencontre avec les nouveaux guides-conf\u00e9renciers et partenaires de visites - Visites virtuelles - Espace Pro","og_description":"Explore Paris a souhait\u00e9 \u00e9changer avec les nouveaux guides-conf\u00e9renciers et partenaires de visites autour du d\u00e9veloppement des visites virtuelles.","og_url":"https:\/\/www.tourisme-valdemarne.com\/espace-pro\/actualites\/archives-des-actualites\/rencontre-avec-les-nouveaux-guides-conferenciers-et-partenaires-de-visites-visites-virtuelles\/","og_site_name":"Espace Pro","article_modified_time":"2022-03-24T08:58:16+00:00","og_image":[{"width":1600,"height":1068,"url":"https:\/\/www.tourisme-valdemarne.com\/espace-pro\/wp-content\/uploads\/sites\/3\/2019\/05\/randonnee-pied-foret-notre-dame-cp-crt.jpg","type":"image\/jpeg"}],"twitter_card":"summary_large_image","twitter_misc":{"Dur\u00e9e de lecture estim\u00e9e":"1 minute"},"schema":{"@context":"https:\/\/schema.org","@graph":[{"@type":"WebPage","@id":"https:\/\/www.tourisme-valdemarne.com\/espace-pro\/actualites\/archives-des-actualites\/rencontre-avec-les-nouveaux-guides-conferenciers-et-partenaires-de-visites-visites-virtuelles\/","url":"https:\/\/www.tourisme-valdemarne.com\/espace-pro\/actualites\/archives-des-actualites\/rencontre-avec-les-nouveaux-guides-conferenciers-et-partenaires-de-visites-visites-virtuelles\/","name":"Rencontre avec les nouveaux guides-conf\u00e9renciers et partenaires de visites - Visites virtuelles - Espace Pro","isPartOf":{"@id":"https:\/\/www.tourisme-valdemarne.com\/espace-pro\/#website"},"primaryImageOfPage":{"@id":"https:\/\/www.tourisme-valdemarne.com\/espace-pro\/actualites\/archives-des-actualites\/rencontre-avec-les-nouveaux-guides-conferenciers-et-partenaires-de-visites-visites-virtuelles\/#primaryimage"},"image":{"@id":"https:\/\/www.tourisme-valdemarne.com\/espace-pro\/actualites\/archives-des-actualites\/rencontre-avec-les-nouveaux-guides-conferenciers-et-partenaires-de-visites-visites-virtuelles\/#primaryimage"},"thumbnailUrl":"https:\/\/www.tourisme-valdemarne.com\/espace-pro\/wp-content\/uploads\/sites\/3\/2019\/05\/randonnee-pied-foret-notre-dame-cp-crt.jpg","datePublished":"2021-05-07T13:55:26+00:00","dateModified":"2022-03-24T08:58:16+00:00","description":"Explore Paris a souhait\u00e9 \u00e9changer avec les nouveaux guides-conf\u00e9renciers et partenaires de visites autour du d\u00e9veloppement des visites virtuelles.","breadcrumb":{"@id":"https:\/\/www.tourisme-valdemarne.com\/espace-pro\/actualites\/archives-des-actualites\/rencontre-avec-les-nouveaux-guides-conferenciers-et-partenaires-de-visites-visites-virtuelles\/#breadcrumb"},"inLanguage":"fr-FR","potentialAction":[{"@type":"ReadAction","target":["https:\/\/www.tourisme-valdemarne.com\/espace-pro\/actualites\/archives-des-actualites\/rencontre-avec-les-nouveaux-guides-conferenciers-et-partenaires-de-visites-visites-virtuelles\/"]}]},{"@type":"ImageObject","inLanguage":"fr-FR","@id":"https:\/\/www.tourisme-valdemarne.com\/espace-pro\/actualites\/archives-des-actualites\/rencontre-avec-les-nouveaux-guides-conferenciers-et-partenaires-de-visites-visites-virtuelles\/#primaryimage","url":"https:\/\/www.tourisme-valdemarne.com\/espace-pro\/wp-content\/uploads\/sites\/3\/2019\/05\/randonnee-pied-foret-notre-dame-cp-crt.jpg","contentUrl":"https:\/\/www.tourisme-valdemarne.com\/espace-pro\/wp-content\/uploads\/sites\/3\/2019\/05\/randonnee-pied-foret-notre-dame-cp-crt.jpg","width":1600,"height":1068,"caption":"Randonn\u00e9e en for\u00eat de notre dame \u00a9 CRT Paris Ile-de-France\/Amelie Laurin"},{"@type":"BreadcrumbList","@id":"https:\/\/www.tourisme-valdemarne.com\/espace-pro\/actualites\/archives-des-actualites\/rencontre-avec-les-nouveaux-guides-conferenciers-et-partenaires-de-visites-visites-virtuelles\/#breadcrumb","itemListElement":[{"@type":"ListItem","position":1,"name":"Accueil","item":"https:\/\/www.tourisme-valdemarne.com\/espace-pro\/"},{"@type":"ListItem","position":2,"name":"Actualit\u00e9s de l&rsquo;espace pro","item":"https:\/\/www.tourisme-valdemarne.com\/espace-pro\/actualites\/"},{"@type":"ListItem","position":3,"name":"Archives des actualit\u00e9s","item":"https:\/\/www.tourisme-valdemarne.com\/espace-pro\/actualites\/archives-des-actualites\/"},{"@type":"ListItem","position":4,"name":"Rencontre avec les nouveaux guides-conf\u00e9renciers et partenaires de visites &#8211; Visites virtuelles"}]},{"@type":"WebSite","@id":"https:\/\/www.tourisme-valdemarne.com\/espace-pro\/#website","url":"https:\/\/www.tourisme-valdemarne.com\/espace-pro\/","name":"Espace Pro","description":"Informations et outils pour les professionnels et la Presse","potentialAction":[{"@type":"SearchAction","target":{"@type":"EntryPoint","urlTemplate":"https:\/\/www.tourisme-valdemarne.com\/espace-pro\/?s={search_term_string}"},"query-input":{"@type":"PropertyValueSpecification","valueRequired":true,"valueName":"search_term_string"}}],"inLanguage":"fr-FR"}]}},"_links":{"self":[{"href":"https:\/\/www.tourisme-valdemarne.com\/espace-pro\/wp-json\/wp\/v2\/pages\/9240","targetHints":{"allow":["GET"]}}],"collection":[{"href":"https:\/\/www.tourisme-valdemarne.com\/espace-pro\/wp-json\/wp\/v2\/pages"}],"about":[{"href":"https:\/\/www.tourisme-valdemarne.com\/espace-pro\/wp-json\/wp\/v2\/types\/page"}],"author":[{"embeddable":true,"href":"https:\/\/www.tourisme-valdemarne.com\/espace-pro\/wp-json\/wp\/v2\/users\/8"}],"replies":[{"embeddable":true,"href":"https:\/\/www.tourisme-valdemarne.com\/espace-pro\/wp-json\/wp\/v2\/comments?post=9240"}],"version-history":[{"count":3,"href":"https:\/\/www.tourisme-valdemarne.com\/espace-pro\/wp-json\/wp\/v2\/pages\/9240\/revisions"}],"predecessor-version":[{"id":9318,"href":"https:\/\/www.tourisme-valdemarne.com\/espace-pro\/wp-json\/wp\/v2\/pages\/9240\/revisions\/9318"}],"up":[{"embeddable":true,"href":"https:\/\/www.tourisme-valdemarne.com\/espace-pro\/wp-json\/wp\/v2\/pages\/9250"}],"wp:featuredmedia":[{"embeddable":true,"href":"https:\/\/www.tourisme-valdemarne.com\/espace-pro\/wp-json\/wp\/v2\/media\/2850"}],"wp:attachment":[{"href":"https:\/\/www.tourisme-valdemarne.com\/espace-pro\/wp-json\/wp\/v2\/media?parent=9240"}],"wp:term":[{"taxonomy":"vdmTagMarketing","embeddable":true,"href":"https:\/\/www.tourisme-valdemarne.com\/espace-pro\/wp-json\/wp\/v2\/vdmTagMarketing?post=9240"}],"curies":[{"name":"wp","href":"https:\/\/api.w.org\/{rel}","templated":true}]}}