{"id":924,"date":"2019-05-14T11:30:23","date_gmt":"2019-05-14T09:30:23","guid":{"rendered":"https:\/\/www.tourisme-valdemarne.com\/espace-pro\/travaux-etudiants"},"modified":"2021-04-26T12:21:52","modified_gmt":"2021-04-26T10:21:52","slug":"travaux-etudiants","status":"publish","type":"page","link":"https:\/\/www.tourisme-valdemarne.com\/espace-pro\/expertises-et-projets\/riverside-cities\/ressources\/travaux-etudiants\/","title":{"rendered":"Travaux \u00e9tudiants"},"content":{"rendered":"\n<p class=\"is-style-excerpt\">Afin de mieux conna\u00eetre son territoire, Val-de-Marne Tourisme &amp; Loisirs a missionn\u00e9 en 2014-2015 une promotion d&rsquo;\u00e9tudiants en master D\u00e9veloppement et am\u00e9nagement touristique des territoires \u00e0 l&rsquo;Institut de recherche et d&rsquo;\u00e9tudes sup\u00e9rieures du tourisme (IREST) &#8211; Universit\u00e9 Paris 1 Panth\u00e9on-Sorbonne.<\/p>\n\n\n\n<h2 class=\"wp-block-heading\">Travaux de l&rsquo;atelier de terrain de l&rsquo;IREST &#8211; Universit\u00e9 Paris 1 Panth\u00e9on-Sorbonne<\/h2>\n\n\n\n<div class=\"wp-block-image\"><figure class=\"aligncenter is-resized\"><img data-src=\"https:\/\/www.tourisme-valdemarne.com\/espace-pro\/wp-content\/uploads\/sites\/3\/2019\/06\/logo_irest.jpg\" alt=\"\" class=\"wp-image-6316\" width=\"300\" height=\"128\" srcset=\"https:\/\/www.tourisme-valdemarne.com\/espace-pro\/wp-content\/uploads\/sites\/3\/2019\/06\/logo_irest.jpg 400w, https:\/\/www.tourisme-valdemarne.com\/espace-pro\/wp-content\/uploads\/sites\/3\/2019\/06\/logo_irest-380x162.jpg 380w, https:\/\/www.tourisme-valdemarne.com\/espace-pro\/wp-content\/uploads\/sites\/3\/2019\/06\/logo_irest-200x85.jpg 200w\" sizes=\"(max-width: 300px) 100vw, 300px\" \/><\/figure><\/div>\n\n\n\n<p>Synth\u00e8se de l&rsquo;\u00e9tat des lieux pour chaque th\u00e9matique :<\/p>\n\n\n\n<ul class=\"wp-block-list\"><li><a rel=\"noreferrer noopener\" aria-label=\"M\u00e9moires et r\u00e9cits\u2028 (s\u2019ouvre dans un nouvel onglet)\" href=\"https:\/\/www.tourisme-valdemarne.com\/espace-pro\/wp-content\/uploads\/sites\/3\/2019\/06\/synthese_groupe_1_-_memoires.pdf\" target=\"_blank\">M\u00e9moires et r\u00e9cits<\/a><\/li><li><a rel=\"noreferrer noopener\" aria-label=\"Imaginaires pass\u00e9s et pr\u00e9sents\u2028 (s\u2019ouvre dans un nouvel onglet)\" href=\"https:\/\/www.tourisme-valdemarne.com\/espace-pro\/wp-content\/uploads\/sites\/3\/2019\/06\/synthese_groupe_1_-_memoires.pdf\" target=\"_blank\">Imaginaires pass\u00e9s et pr\u00e9sents<\/a><\/li><li><a rel=\"noreferrer noopener\" aria-label=\"Am\u00e9nagement des berges\u2028 (s\u2019ouvre dans un nouvel onglet)\" href=\"https:\/\/www.tourisme-valdemarne.com\/espace-pro\/wp-content\/uploads\/sites\/3\/2019\/06\/synthese_groupe_3_-amenagements.pdf\" target=\"_blank\">Am\u00e9nagement des berges<\/a><\/li><li><a rel=\"noreferrer noopener\" aria-label=\"Usages et conflits\u2028 (s\u2019ouvre dans un nouvel onglet)\" href=\"https:\/\/www.tourisme-valdemarne.com\/espace-pro\/wp-content\/uploads\/sites\/3\/2019\/06\/synthese_groupe_4_-_conflits_et_usages.pdf\" target=\"_blank\">Usages et conflits<\/a><\/li><li><a href=\"https:\/\/www.tourisme-valdemarne.com\/espace-pro\/wp-content\/uploads\/sites\/3\/2019\/06\/synthese_groupe_5_-_metropole.pdf\" target=\"_blank\" rel=\"noreferrer noopener\" aria-label=\"Dynamiques m\u00e9tropolitaines (s\u2019ouvre dans un nouvel onglet)\">Dynamiques m\u00e9tropolitaines<\/a><\/li><\/ul>\n\n\n\n<p>Propositions d&rsquo;actions :<\/p>\n\n\n\n<ul class=\"wp-block-list\"><li><a href=\"https:\/\/www.tourisme-valdemarne.com\/espace-pro\/wp-content\/uploads\/sites\/3\/2019\/06\/synthese_g1.pdf\" target=\"_blank\" rel=\"noreferrer noopener\" aria-label=\"Mise en place du &quot;Caf\u00e9 du Partage&quot;\u2028 (s\u2019ouvre dans un nouvel onglet)\">Mise en place du \u00ab\u00a0Caf\u00e9 du Partage\u00a0\u00bb<\/a><\/li><li><a rel=\"noreferrer noopener\" aria-label=\"Publication d'un guide touristique, promenade \u00e0 travers les arts et la nature\u2028 (s\u2019ouvre dans un nouvel onglet)\" href=\"https:\/\/www.tourisme-valdemarne.com\/espace-pro\/wp-content\/uploads\/sites\/3\/2019\/06\/synthese_g2.pdf\" target=\"_blank\">Publication d&rsquo;un guide touristique, promenade \u00e0 travers les arts et la nature<\/a><\/li><li><a rel=\"noreferrer noopener\" aria-label=\"Cr\u00e9ation de parcours de balades patrimoniales\u2028 (s\u2019ouvre dans un nouvel onglet)\" href=\"https:\/\/www.tourisme-valdemarne.com\/espace-pro\/wp-content\/uploads\/sites\/3\/2019\/06\/synthese_g3.pdf\" target=\"_blank\">Cr\u00e9ation de parcours de balades patrimoniales<\/a><\/li><li><a rel=\"noreferrer noopener\" aria-label=\"Elaboration de packages de prestations touristiques \u00ab Tous \u00e0 l\u2019eau \u00bb,\u2028 (s\u2019ouvre dans un nouvel onglet)\" href=\"https:\/\/www.tourisme-valdemarne.com\/espace-pro\/wp-content\/uploads\/sites\/3\/2019\/06\/synthese_g4.pdf\" target=\"_blank\">Elaboration de packages de prestations touristiques \u00ab Tous \u00e0 l\u2019eau \u00bb,<\/a><\/li><li><a rel=\"noreferrer noopener\" aria-label=\"Cr\u00e9ation d'un \u00e9v\u00e9nement f\u00e9d\u00e9rateur, les &quot;Journ\u00e9es des Rivi\u00e8res Anim\u00e9es&quot; (s\u2019ouvre dans un nouvel onglet)\" href=\"https:\/\/www.tourisme-valdemarne.com\/espace-pro\/wp-content\/uploads\/sites\/3\/2019\/06\/synthese_g5.pdf\" target=\"_blank\">Cr\u00e9ation d&rsquo;un \u00e9v\u00e9nement f\u00e9d\u00e9rateur, les \u00ab\u00a0Journ\u00e9es des Rivi\u00e8res Anim\u00e9es\u00a0\u00bb<\/a><\/li><\/ul>\n\n\n\n<p><strong>En mars 2015, les \u00e9tudiants ont remis les r\u00e9sultats de leurs premiers travaux, ainsi qu&rsquo;un petit film sur la m\u00e9moire des bords de Marne :<\/strong><\/p>\n\n\n<p><iframe loading=\"lazy\" width=\"100%\" height=\"450\" src=\"https:\/\/www.youtube.com\/embed\/AsIKuBvRIA0\" frameborder=\"0\" allow=\"accelerometer; autoplay; encrypted-media; gyroscope; picture-in-picture\" allowfullscreen=\"\"><\/iframe><\/p>\n\n\n\n<p>\u00a9 IREST &#8211; Universit\u00e9 Paris 1 Panth\u00e9on-Sorbonne<\/p>\n\n\n\n<div class=\"wp-block-media-text is-stacked-on-mobile\" style=\"grid-template-columns:22% auto\"><figure class=\"wp-block-media-text__media\"><a href=\"https:\/\/www.tourisme-valdemarne.com\/espace-pro\/expertises-et-projets\/riverside-cities\/inscription-a-la-newsletter-riverside\/\" target=\"_blank\" rel=\"noopener noreferrer\"><img width=\"512\" height=\"512\" data-src=\"https:\/\/www.tourisme-valdemarne.com\/espace-pro\/wp-content\/uploads\/sites\/3\/2021\/04\/mail.png\" alt=\"icon newsletter\" class=\"wp-image-9138\" srcset=\"https:\/\/www.tourisme-valdemarne.com\/espace-pro\/wp-content\/uploads\/sites\/3\/2021\/04\/mail.png 512w, https:\/\/www.tourisme-valdemarne.com\/espace-pro\/wp-content\/uploads\/sites\/3\/2021\/04\/mail-380x380.png 380w, https:\/\/www.tourisme-valdemarne.com\/espace-pro\/wp-content\/uploads\/sites\/3\/2021\/04\/mail-150x150.png 150w, https:\/\/www.tourisme-valdemarne.com\/espace-pro\/wp-content\/uploads\/sites\/3\/2021\/04\/mail-200x200.png 200w, https:\/\/www.tourisme-valdemarne.com\/espace-pro\/wp-content\/uploads\/sites\/3\/2021\/04\/mail-24x24.png 24w, https:\/\/www.tourisme-valdemarne.com\/espace-pro\/wp-content\/uploads\/sites\/3\/2021\/04\/mail-48x48.png 48w, https:\/\/www.tourisme-valdemarne.com\/espace-pro\/wp-content\/uploads\/sites\/3\/2021\/04\/mail-96x96.png 96w, https:\/\/www.tourisme-valdemarne.com\/espace-pro\/wp-content\/uploads\/sites\/3\/2021\/04\/mail-300x300.png 300w\" sizes=\"(max-width: 512px) 100vw, 512px\" \/><\/a><\/figure><div class=\"wp-block-media-text__content\">\n<p class=\"has-text-align-center is-style-default has-large-font-size\"><strong>Abonnez-vous \u00e0 la newsletter pour recevoir les actualit\u00e9s du projet Riverside Cities sur le territoire des bords de Marne comme au niveau europ\u00e9en<\/strong><\/p>\n\n\n\n<div class=\"wp-block-buttons aligncenter is-layout-flex wp-block-buttons-is-layout-flex\">\n<div class=\"wp-block-button\"><a class=\"wp-block-button__link\" href=\"https:\/\/www.tourisme-valdemarne.com\/espace-pro\/expertises-et-projets\/riverside-cities\/inscription-a-la-newsletter-riverside\/\" target=\"_blank\" rel=\"noreferrer noopener\">M&rsquo;inscrire \u00e0 la newsletter du projet<\/a><\/div>\n<\/div>\n<\/div><\/div>\n\n\n\n<div class=\"wp-block-image\"><figure class=\"aligncenter size-large\"><a href=\"https:\/\/www.siaap.fr\/\" target=\"_blank\" rel=\"noopener noreferrer\"><img width=\"1000\" height=\"250\" data-src=\"https:\/\/www.tourisme-valdemarne.com\/espace-pro\/wp-content\/uploads\/sites\/3\/2021\/04\/le-projet-riverside-cities-est-soutenu-par-le-siaap.png\" alt=\"logo soutien siaap\" class=\"wp-image-9144\" srcset=\"https:\/\/www.tourisme-valdemarne.com\/espace-pro\/wp-content\/uploads\/sites\/3\/2021\/04\/le-projet-riverside-cities-est-soutenu-par-le-siaap.png 1000w, https:\/\/www.tourisme-valdemarne.com\/espace-pro\/wp-content\/uploads\/sites\/3\/2021\/04\/le-projet-riverside-cities-est-soutenu-par-le-siaap-600x150.png 600w, https:\/\/www.tourisme-valdemarne.com\/espace-pro\/wp-content\/uploads\/sites\/3\/2021\/04\/le-projet-riverside-cities-est-soutenu-par-le-siaap-900x225.png 900w, https:\/\/www.tourisme-valdemarne.com\/espace-pro\/wp-content\/uploads\/sites\/3\/2021\/04\/le-projet-riverside-cities-est-soutenu-par-le-siaap-380x95.png 380w, https:\/\/www.tourisme-valdemarne.com\/espace-pro\/wp-content\/uploads\/sites\/3\/2021\/04\/le-projet-riverside-cities-est-soutenu-par-le-siaap-200x50.png 200w\" sizes=\"(max-width: 1000px) 100vw, 1000px\" \/><\/a><\/figure><\/div>\n","protected":false},"excerpt":{"rendered":"<p>Afin de mieux conna\u00eetre son territoire, Val-de-Marne Tourisme &amp; Loisirs a missionn\u00e9 en 2014-2015 une promotion d&rsquo;\u00e9tudiants en master D\u00e9veloppement et am\u00e9nagement touristique des territoires \u00e0 l&rsquo;Institut de recherche et d&rsquo;\u00e9tudes sup\u00e9rieures du tourisme (IREST) &#8211; Universit\u00e9 Paris 1 Panth\u00e9on-Sorbonne. Travaux de l&rsquo;atelier de terrain de l&rsquo;IREST &#8211; Universit\u00e9 Paris 1 Panth\u00e9on-Sorbonne Synth\u00e8se de l&rsquo;\u00e9tat [&hellip;]<\/p>\n","protected":false},"author":1,"featured_media":6255,"parent":6214,"menu_order":10,"comment_status":"closed","ping_status":"closed","template":"","meta":{"_relevanssi_hide_post":"","_relevanssi_hide_content":"","_relevanssi_pin_for_all":"","_relevanssi_pin_keywords":"","_relevanssi_unpin_keywords":"","_relevanssi_related_keywords":"","_relevanssi_related_include_ids":"","_relevanssi_related_exclude_ids":"","_relevanssi_related_no_append":"","_relevanssi_related_not_related":"","_relevanssi_related_posts":"8104,8104,8108,8105,2747,8084","_relevanssi_noindex_reason":"","footnotes":""},"vdmTagMarketing":[],"class_list":["post-924","page","type-page","status-publish","has-post-thumbnail","hentry"],"acf":[],"yoast_head":"<!-- This site is optimized with the Yoast SEO plugin v23.9 - https:\/\/yoast.com\/wordpress\/plugins\/seo\/ -->\n<title>Travaux \u00e9tudiants - Espace Pro<\/title>\n<meta name=\"robots\" content=\"index, follow, max-snippet:-1, max-image-preview:large, max-video-preview:-1\" \/>\n<link rel=\"canonical\" href=\"https:\/\/www.tourisme-valdemarne.com\/espace-pro\/expertises-et-projets\/riverside-cities\/ressources\/travaux-etudiants\/\" \/>\n<meta property=\"og:locale\" content=\"fr_FR\" \/>\n<meta property=\"og:type\" content=\"article\" \/>\n<meta property=\"og:title\" content=\"Travaux \u00e9tudiants - Espace Pro\" \/>\n<meta property=\"og:description\" content=\"Afin de mieux conna\u00eetre son territoire, Val-de-Marne Tourisme &amp; Loisirs a missionn\u00e9 en 2014-2015 une promotion d&rsquo;\u00e9tudiants en master D\u00e9veloppement et am\u00e9nagement touristique des territoires \u00e0 l&rsquo;Institut de recherche et d&rsquo;\u00e9tudes sup\u00e9rieures du tourisme (IREST) &#8211; Universit\u00e9 Paris 1 Panth\u00e9on-Sorbonne. Travaux de l&rsquo;atelier de terrain de l&rsquo;IREST &#8211; Universit\u00e9 Paris 1 Panth\u00e9on-Sorbonne Synth\u00e8se de l&rsquo;\u00e9tat [&hellip;]\" \/>\n<meta property=\"og:url\" content=\"https:\/\/www.tourisme-valdemarne.com\/espace-pro\/expertises-et-projets\/riverside-cities\/ressources\/travaux-etudiants\/\" \/>\n<meta property=\"og:site_name\" content=\"Espace Pro\" \/>\n<meta property=\"article:modified_time\" content=\"2021-04-26T10:21:52+00:00\" \/>\n<meta property=\"og:image\" content=\"https:\/\/www.tourisme-valdemarne.com\/espace-pro\/wp-content\/uploads\/sites\/3\/2019\/06\/aviron-ile-fanac-marne.jpg\" \/>\n\t<meta property=\"og:image:width\" content=\"1600\" \/>\n\t<meta property=\"og:image:height\" content=\"1071\" \/>\n\t<meta property=\"og:image:type\" content=\"image\/jpeg\" \/>\n<meta name=\"twitter:card\" content=\"summary_large_image\" \/>\n<meta name=\"twitter:label1\" content=\"Dur\u00e9e de lecture estim\u00e9e\" \/>\n\t<meta name=\"twitter:data1\" content=\"1 minute\" \/>\n<script type=\"application\/ld+json\" class=\"yoast-schema-graph\">{\"@context\":\"https:\/\/schema.org\",\"@graph\":[{\"@type\":\"WebPage\",\"@id\":\"https:\/\/www.tourisme-valdemarne.com\/espace-pro\/expertises-et-projets\/riverside-cities\/ressources\/travaux-etudiants\/\",\"url\":\"https:\/\/www.tourisme-valdemarne.com\/espace-pro\/expertises-et-projets\/riverside-cities\/ressources\/travaux-etudiants\/\",\"name\":\"Travaux \u00e9tudiants - Espace Pro\",\"isPartOf\":{\"@id\":\"https:\/\/www.tourisme-valdemarne.com\/espace-pro\/#website\"},\"primaryImageOfPage\":{\"@id\":\"https:\/\/www.tourisme-valdemarne.com\/espace-pro\/expertises-et-projets\/riverside-cities\/ressources\/travaux-etudiants\/#primaryimage\"},\"image\":{\"@id\":\"https:\/\/www.tourisme-valdemarne.com\/espace-pro\/expertises-et-projets\/riverside-cities\/ressources\/travaux-etudiants\/#primaryimage\"},\"thumbnailUrl\":\"https:\/\/www.tourisme-valdemarne.com\/espace-pro\/wp-content\/uploads\/sites\/3\/2019\/06\/aviron-ile-fanac-marne.jpg\",\"datePublished\":\"2019-05-14T09:30:23+00:00\",\"dateModified\":\"2021-04-26T10:21:52+00:00\",\"breadcrumb\":{\"@id\":\"https:\/\/www.tourisme-valdemarne.com\/espace-pro\/expertises-et-projets\/riverside-cities\/ressources\/travaux-etudiants\/#breadcrumb\"},\"inLanguage\":\"fr-FR\",\"potentialAction\":[{\"@type\":\"ReadAction\",\"target\":[\"https:\/\/www.tourisme-valdemarne.com\/espace-pro\/expertises-et-projets\/riverside-cities\/ressources\/travaux-etudiants\/\"]}]},{\"@type\":\"ImageObject\",\"inLanguage\":\"fr-FR\",\"@id\":\"https:\/\/www.tourisme-valdemarne.com\/espace-pro\/expertises-et-projets\/riverside-cities\/ressources\/travaux-etudiants\/#primaryimage\",\"url\":\"https:\/\/www.tourisme-valdemarne.com\/espace-pro\/wp-content\/uploads\/sites\/3\/2019\/06\/aviron-ile-fanac-marne.jpg\",\"contentUrl\":\"https:\/\/www.tourisme-valdemarne.com\/espace-pro\/wp-content\/uploads\/sites\/3\/2019\/06\/aviron-ile-fanac-marne.jpg\",\"width\":1600,\"height\":1071,\"caption\":\"Aviron sur la Marne \u00a9 CDT94\/www.photoinfographe.com\"},{\"@type\":\"BreadcrumbList\",\"@id\":\"https:\/\/www.tourisme-valdemarne.com\/espace-pro\/expertises-et-projets\/riverside-cities\/ressources\/travaux-etudiants\/#breadcrumb\",\"itemListElement\":[{\"@type\":\"ListItem\",\"position\":1,\"name\":\"Accueil\",\"item\":\"https:\/\/www.tourisme-valdemarne.com\/espace-pro\/\"},{\"@type\":\"ListItem\",\"position\":2,\"name\":\"Expertises et projets\",\"item\":\"https:\/\/www.tourisme-valdemarne.com\/espace-pro\/expertises-et-projets\/\"},{\"@type\":\"ListItem\",\"position\":3,\"name\":\"Riverside Cities\",\"item\":\"https:\/\/www.tourisme-valdemarne.com\/espace-pro\/expertises-et-projets\/riverside-cities\/\"},{\"@type\":\"ListItem\",\"position\":4,\"name\":\"Ressources\",\"item\":\"https:\/\/www.tourisme-valdemarne.com\/espace-pro\/expertises-et-projets\/riverside-cities\/ressources\/\"},{\"@type\":\"ListItem\",\"position\":5,\"name\":\"Travaux \u00e9tudiants\"}]},{\"@type\":\"WebSite\",\"@id\":\"https:\/\/www.tourisme-valdemarne.com\/espace-pro\/#website\",\"url\":\"https:\/\/www.tourisme-valdemarne.com\/espace-pro\/\",\"name\":\"Espace Pro\",\"description\":\"Informations et outils pour les professionnels et la Presse\",\"potentialAction\":[{\"@type\":\"SearchAction\",\"target\":{\"@type\":\"EntryPoint\",\"urlTemplate\":\"https:\/\/www.tourisme-valdemarne.com\/espace-pro\/?s={search_term_string}\"},\"query-input\":{\"@type\":\"PropertyValueSpecification\",\"valueRequired\":true,\"valueName\":\"search_term_string\"}}],\"inLanguage\":\"fr-FR\"}]}<\/script>\n<!-- \/ Yoast SEO plugin. -->","yoast_head_json":{"title":"Travaux \u00e9tudiants - Espace Pro","robots":{"index":"index","follow":"follow","max-snippet":"max-snippet:-1","max-image-preview":"max-image-preview:large","max-video-preview":"max-video-preview:-1"},"canonical":"https:\/\/www.tourisme-valdemarne.com\/espace-pro\/expertises-et-projets\/riverside-cities\/ressources\/travaux-etudiants\/","og_locale":"fr_FR","og_type":"article","og_title":"Travaux \u00e9tudiants - Espace Pro","og_description":"Afin de mieux conna\u00eetre son territoire, Val-de-Marne Tourisme &amp; Loisirs a missionn\u00e9 en 2014-2015 une promotion d&rsquo;\u00e9tudiants en master D\u00e9veloppement et am\u00e9nagement touristique des territoires \u00e0 l&rsquo;Institut de recherche et d&rsquo;\u00e9tudes sup\u00e9rieures du tourisme (IREST) &#8211; Universit\u00e9 Paris 1 Panth\u00e9on-Sorbonne. Travaux de l&rsquo;atelier de terrain de l&rsquo;IREST &#8211; Universit\u00e9 Paris 1 Panth\u00e9on-Sorbonne Synth\u00e8se de l&rsquo;\u00e9tat [&hellip;]","og_url":"https:\/\/www.tourisme-valdemarne.com\/espace-pro\/expertises-et-projets\/riverside-cities\/ressources\/travaux-etudiants\/","og_site_name":"Espace Pro","article_modified_time":"2021-04-26T10:21:52+00:00","og_image":[{"width":1600,"height":1071,"url":"https:\/\/www.tourisme-valdemarne.com\/espace-pro\/wp-content\/uploads\/sites\/3\/2019\/06\/aviron-ile-fanac-marne.jpg","type":"image\/jpeg"}],"twitter_card":"summary_large_image","twitter_misc":{"Dur\u00e9e de lecture estim\u00e9e":"1 minute"},"schema":{"@context":"https:\/\/schema.org","@graph":[{"@type":"WebPage","@id":"https:\/\/www.tourisme-valdemarne.com\/espace-pro\/expertises-et-projets\/riverside-cities\/ressources\/travaux-etudiants\/","url":"https:\/\/www.tourisme-valdemarne.com\/espace-pro\/expertises-et-projets\/riverside-cities\/ressources\/travaux-etudiants\/","name":"Travaux \u00e9tudiants - Espace Pro","isPartOf":{"@id":"https:\/\/www.tourisme-valdemarne.com\/espace-pro\/#website"},"primaryImageOfPage":{"@id":"https:\/\/www.tourisme-valdemarne.com\/espace-pro\/expertises-et-projets\/riverside-cities\/ressources\/travaux-etudiants\/#primaryimage"},"image":{"@id":"https:\/\/www.tourisme-valdemarne.com\/espace-pro\/expertises-et-projets\/riverside-cities\/ressources\/travaux-etudiants\/#primaryimage"},"thumbnailUrl":"https:\/\/www.tourisme-valdemarne.com\/espace-pro\/wp-content\/uploads\/sites\/3\/2019\/06\/aviron-ile-fanac-marne.jpg","datePublished":"2019-05-14T09:30:23+00:00","dateModified":"2021-04-26T10:21:52+00:00","breadcrumb":{"@id":"https:\/\/www.tourisme-valdemarne.com\/espace-pro\/expertises-et-projets\/riverside-cities\/ressources\/travaux-etudiants\/#breadcrumb"},"inLanguage":"fr-FR","potentialAction":[{"@type":"ReadAction","target":["https:\/\/www.tourisme-valdemarne.com\/espace-pro\/expertises-et-projets\/riverside-cities\/ressources\/travaux-etudiants\/"]}]},{"@type":"ImageObject","inLanguage":"fr-FR","@id":"https:\/\/www.tourisme-valdemarne.com\/espace-pro\/expertises-et-projets\/riverside-cities\/ressources\/travaux-etudiants\/#primaryimage","url":"https:\/\/www.tourisme-valdemarne.com\/espace-pro\/wp-content\/uploads\/sites\/3\/2019\/06\/aviron-ile-fanac-marne.jpg","contentUrl":"https:\/\/www.tourisme-valdemarne.com\/espace-pro\/wp-content\/uploads\/sites\/3\/2019\/06\/aviron-ile-fanac-marne.jpg","width":1600,"height":1071,"caption":"Aviron sur la Marne \u00a9 CDT94\/www.photoinfographe.com"},{"@type":"BreadcrumbList","@id":"https:\/\/www.tourisme-valdemarne.com\/espace-pro\/expertises-et-projets\/riverside-cities\/ressources\/travaux-etudiants\/#breadcrumb","itemListElement":[{"@type":"ListItem","position":1,"name":"Accueil","item":"https:\/\/www.tourisme-valdemarne.com\/espace-pro\/"},{"@type":"ListItem","position":2,"name":"Expertises et projets","item":"https:\/\/www.tourisme-valdemarne.com\/espace-pro\/expertises-et-projets\/"},{"@type":"ListItem","position":3,"name":"Riverside Cities","item":"https:\/\/www.tourisme-valdemarne.com\/espace-pro\/expertises-et-projets\/riverside-cities\/"},{"@type":"ListItem","position":4,"name":"Ressources","item":"https:\/\/www.tourisme-valdemarne.com\/espace-pro\/expertises-et-projets\/riverside-cities\/ressources\/"},{"@type":"ListItem","position":5,"name":"Travaux \u00e9tudiants"}]},{"@type":"WebSite","@id":"https:\/\/www.tourisme-valdemarne.com\/espace-pro\/#website","url":"https:\/\/www.tourisme-valdemarne.com\/espace-pro\/","name":"Espace Pro","description":"Informations et outils pour les professionnels et la Presse","potentialAction":[{"@type":"SearchAction","target":{"@type":"EntryPoint","urlTemplate":"https:\/\/www.tourisme-valdemarne.com\/espace-pro\/?s={search_term_string}"},"query-input":{"@type":"PropertyValueSpecification","valueRequired":true,"valueName":"search_term_string"}}],"inLanguage":"fr-FR"}]}},"_links":{"self":[{"href":"https:\/\/www.tourisme-valdemarne.com\/espace-pro\/wp-json\/wp\/v2\/pages\/924","targetHints":{"allow":["GET"]}}],"collection":[{"href":"https:\/\/www.tourisme-valdemarne.com\/espace-pro\/wp-json\/wp\/v2\/pages"}],"about":[{"href":"https:\/\/www.tourisme-valdemarne.com\/espace-pro\/wp-json\/wp\/v2\/types\/page"}],"author":[{"embeddable":true,"href":"https:\/\/www.tourisme-valdemarne.com\/espace-pro\/wp-json\/wp\/v2\/users\/1"}],"replies":[{"embeddable":true,"href":"https:\/\/www.tourisme-valdemarne.com\/espace-pro\/wp-json\/wp\/v2\/comments?post=924"}],"version-history":[{"count":8,"href":"https:\/\/www.tourisme-valdemarne.com\/espace-pro\/wp-json\/wp\/v2\/pages\/924\/revisions"}],"predecessor-version":[{"id":9158,"href":"https:\/\/www.tourisme-valdemarne.com\/espace-pro\/wp-json\/wp\/v2\/pages\/924\/revisions\/9158"}],"up":[{"embeddable":true,"href":"https:\/\/www.tourisme-valdemarne.com\/espace-pro\/wp-json\/wp\/v2\/pages\/6214"}],"wp:featuredmedia":[{"embeddable":true,"href":"https:\/\/www.tourisme-valdemarne.com\/espace-pro\/wp-json\/wp\/v2\/media\/6255"}],"wp:attachment":[{"href":"https:\/\/www.tourisme-valdemarne.com\/espace-pro\/wp-json\/wp\/v2\/media?parent=924"}],"wp:term":[{"taxonomy":"vdmTagMarketing","embeddable":true,"href":"https:\/\/www.tourisme-valdemarne.com\/espace-pro\/wp-json\/wp\/v2\/vdmTagMarketing?post=924"}],"curies":[{"name":"wp","href":"https:\/\/api.w.org\/{rel}","templated":true}]}}