{"id":9220,"date":"2021-05-03T15:26:49","date_gmt":"2021-05-03T13:26:49","guid":{"rendered":"https:\/\/www.tourisme-valdemarne.com\/espace-pro\/?page_id=9220"},"modified":"2021-06-02T10:10:25","modified_gmt":"2021-06-02T08:10:25","slug":"premiers-echanges-hebergeurs-val-de-marne-jeux-olympiques-et-paralympiques-paris-2024","status":"publish","type":"page","link":"https:\/\/www.tourisme-valdemarne.com\/espace-pro\/expertises-et-projets\/jeux-olympiques-et-paralympiques-paris-2024\/groupe-de-travail-tourisme-et-jeux-olympiques\/travaux-avec-les-hebergeurs\/premiers-echanges-hebergeurs-val-de-marne-jeux-olympiques-et-paralympiques-paris-2024\/","title":{"rendered":"1ers \u00e9changes avec les h\u00e9bergeurs du Val-de-Marne sur les Jeux Olympiques et Paralympiques Paris 2024"},"content":{"rendered":"\n<p class=\"is-style-excerpt\">Val-de-Marne Tourisme &amp; Loisirs et le Club h\u00f4telier du Val-de-Marne, en collaboration avec le Conseil d\u00e9partemental du Val-de-Marne, ont organis\u00e9 le 22 avril 2021 une r\u00e9union sur les Jeux Olympiques et Paralympiques 2024.<\/p>\n\n\n\n<p>L\u2019objectif de cette r\u00e9union \u00e9tait de pr\u00e9senter le projet <em>\u00ab Accueillir les Jeux olympiques et paralympiques en Val de Marne \u00bb<\/em> et d\u2019\u00e9changer avec les h\u00f4tels et r\u00e9sidences de tourisme du D\u00e9partement.<\/p>\n\n\n\n<h2 class=\"wp-block-heading\">Au programme de la r\u00e9union<\/h2>\n\n\n\n<p>L\u2019ordre du jour \u00e9tait le suivant :<\/p>\n\n\n\n<ul class=\"wp-block-list\"><li>Pr\u00e9sentation rapide du club h\u00f4telier du Val-de-Marne et de Val-de-Marne Tourisme &amp; Loisirs<\/li><li>Pr\u00e9sentation de la d\u00e9marche d\u00e9partementale \u00ab Accueillir les Jeux olympiques et paralympiques en Val de Marne \u00bb et notamment des Centres de Pr\u00e9paration aux Jeux (CPJ) en Val-de-Marne, par le D\u00e9partement du Val-de-Marne<\/li><li>Pistes d\u2019actions \u00e0 d\u00e9velopper ensemble, notamment sur l\u2019h\u00e9bergement des d\u00e9l\u00e9gations \u00e9trang\u00e8res d\u00e8s 2022 en Val-de-Marne<\/li><\/ul>\n\n\n\n<p><strong>Retrouvez la pr\u00e9sentation<\/strong> faite lors de cette r\u00e9union :<\/p>\n\n\n\n<div class=\"wp-block-buttons aligncenter is-layout-flex wp-block-buttons-is-layout-flex\">\n<div class=\"wp-block-button\"><a class=\"wp-block-button__link\" href=\"https:\/\/www.tourisme-valdemarne.com\/espace-pro\/wp-content\/uploads\/sites\/3\/2021\/05\/presentation-reunion-22-avril2021-jop.pdf\" target=\"_blank\" rel=\"noreferrer noopener\">D\u00e9couvrir la pr\u00e9sentation<\/a><\/div>\n<\/div>\n\n\n\n<p><strong>Visionnez le replay<\/strong> (seulement la 2\u00e8me et 3\u00e8me partie ont pu \u00eatre enregistr\u00e9es) :<\/p>\n\n\n<p><iframe loading=\"lazy\" width=\"100%\" height=\"450\" src=\"https:\/\/www.youtube.com\/embed\/9udC8QHsM_s\" title=\"YouTube video player\" frameborder=\"0\" allow=\"accelerometer; autoplay; clipboard-write; encrypted-media; gyroscope; picture-in-picture\" allowfullscreen=\"\"><\/iframe><\/p>\n\n\n\n<h2 class=\"wp-block-heading\">Prochaines \u00e9tapes<\/h2>\n\n\n\n<p>Ci-dessous, retrouvez les prochaines \u00e9tapes du projet \u00ab Accueillir les Jeux olympiques et paralympiques en Val de Marne \u00bb :<\/p>\n\n\n\n<ul class=\"wp-block-list\"><li>D\u00e9finition d\u2019un questionnaire par le club h\u00f4telier du Val-de-Marne (CHRO) pour la mise en place d\u2019une charte d\u2019engagement dans le but d\u2019attirer des d\u00e9l\u00e9gations \u00e9trang\u00e8res dans les Centres de Pr\u00e9paration aux Jeux en Val-de-Marne (d\u00e9but mai 2021)<\/li><li>Sollicitation et engagement des h\u00e9bergeurs dans une charte d\u2019engagement (juin 2021)<\/li><\/ul>\n","protected":false},"excerpt":{"rendered":"<p>Val-de-Marne Tourisme &amp; Loisirs et le Club h\u00f4telier du Val-de-Marne, en collaboration avec le Conseil d\u00e9partemental du Val-de-Marne, ont organis\u00e9 le 22 avril 2021 une r\u00e9union sur les Jeux Olympiques et Paralympiques 2024. L\u2019objectif de cette r\u00e9union \u00e9tait de pr\u00e9senter le projet \u00ab Accueillir les Jeux olympiques et paralympiques en Val de Marne \u00bb et [&hellip;]<\/p>\n","protected":false},"author":8,"featured_media":6456,"parent":9308,"menu_order":100,"comment_status":"closed","ping_status":"closed","template":"","meta":{"_relevanssi_hide_post":"","_relevanssi_hide_content":"","_relevanssi_pin_for_all":"","_relevanssi_pin_keywords":"","_relevanssi_unpin_keywords":"","_relevanssi_related_keywords":"","_relevanssi_related_include_ids":"","_relevanssi_related_exclude_ids":"","_relevanssi_related_no_append":"","_relevanssi_related_not_related":"","_relevanssi_related_posts":"2749,8108,8090,2747,8105,8083","_relevanssi_noindex_reason":"","footnotes":""},"vdmTagMarketing":[],"class_list":["post-9220","page","type-page","status-publish","has-post-thumbnail","hentry"],"acf":[],"yoast_head":"<!-- This site is optimized with the Yoast SEO plugin v23.9 - https:\/\/yoast.com\/wordpress\/plugins\/seo\/ -->\n<title>1ers \u00e9changes avec les h\u00e9bergeurs du Val-de-Marne sur les Jeux Olympiques et Paralympiques Paris 2024 - Espace Pro<\/title>\n<meta name=\"robots\" content=\"index, follow, max-snippet:-1, max-image-preview:large, max-video-preview:-1\" \/>\n<link rel=\"canonical\" href=\"https:\/\/www.tourisme-valdemarne.com\/espace-pro\/expertises-et-projets\/jeux-olympiques-et-paralympiques-paris-2024\/groupe-de-travail-tourisme-et-jeux-olympiques\/travaux-avec-les-hebergeurs\/premiers-echanges-hebergeurs-val-de-marne-jeux-olympiques-et-paralympiques-paris-2024\/\" \/>\n<meta property=\"og:locale\" content=\"fr_FR\" \/>\n<meta property=\"og:type\" content=\"article\" \/>\n<meta property=\"og:title\" content=\"1ers \u00e9changes avec les h\u00e9bergeurs du Val-de-Marne sur les Jeux Olympiques et Paralympiques Paris 2024 - Espace Pro\" \/>\n<meta property=\"og:description\" content=\"Val-de-Marne Tourisme &amp; Loisirs et le Club h\u00f4telier du Val-de-Marne, en collaboration avec le Conseil d\u00e9partemental du Val-de-Marne, ont organis\u00e9 le 22 avril 2021 une r\u00e9union sur les Jeux Olympiques et Paralympiques 2024. L\u2019objectif de cette r\u00e9union \u00e9tait de pr\u00e9senter le projet \u00ab Accueillir les Jeux olympiques et paralympiques en Val de Marne \u00bb et [&hellip;]\" \/>\n<meta property=\"og:url\" content=\"https:\/\/www.tourisme-valdemarne.com\/espace-pro\/expertises-et-projets\/jeux-olympiques-et-paralympiques-paris-2024\/groupe-de-travail-tourisme-et-jeux-olympiques\/travaux-avec-les-hebergeurs\/premiers-echanges-hebergeurs-val-de-marne-jeux-olympiques-et-paralympiques-paris-2024\/\" \/>\n<meta property=\"og:site_name\" content=\"Espace Pro\" \/>\n<meta property=\"article:modified_time\" content=\"2021-06-02T08:10:25+00:00\" \/>\n<meta property=\"og:image\" content=\"https:\/\/www.tourisme-valdemarne.com\/espace-pro\/wp-content\/uploads\/sites\/3\/wpetourisme\/parc-sport-grand-godet.jpg\" \/>\n\t<meta property=\"og:image:width\" content=\"1600\" \/>\n\t<meta property=\"og:image:height\" content=\"1067\" \/>\n\t<meta property=\"og:image:type\" content=\"image\/jpeg\" \/>\n<meta name=\"twitter:card\" content=\"summary_large_image\" \/>\n<meta name=\"twitter:label1\" content=\"Dur\u00e9e de lecture estim\u00e9e\" \/>\n\t<meta name=\"twitter:data1\" content=\"1 minute\" \/>\n<script type=\"application\/ld+json\" class=\"yoast-schema-graph\">{\"@context\":\"https:\/\/schema.org\",\"@graph\":[{\"@type\":\"WebPage\",\"@id\":\"https:\/\/www.tourisme-valdemarne.com\/espace-pro\/expertises-et-projets\/jeux-olympiques-et-paralympiques-paris-2024\/groupe-de-travail-tourisme-et-jeux-olympiques\/travaux-avec-les-hebergeurs\/premiers-echanges-hebergeurs-val-de-marne-jeux-olympiques-et-paralympiques-paris-2024\/\",\"url\":\"https:\/\/www.tourisme-valdemarne.com\/espace-pro\/expertises-et-projets\/jeux-olympiques-et-paralympiques-paris-2024\/groupe-de-travail-tourisme-et-jeux-olympiques\/travaux-avec-les-hebergeurs\/premiers-echanges-hebergeurs-val-de-marne-jeux-olympiques-et-paralympiques-paris-2024\/\",\"name\":\"1ers \u00e9changes avec les h\u00e9bergeurs du Val-de-Marne sur les Jeux Olympiques et Paralympiques Paris 2024 - Espace Pro\",\"isPartOf\":{\"@id\":\"https:\/\/www.tourisme-valdemarne.com\/espace-pro\/#website\"},\"primaryImageOfPage\":{\"@id\":\"https:\/\/www.tourisme-valdemarne.com\/espace-pro\/expertises-et-projets\/jeux-olympiques-et-paralympiques-paris-2024\/groupe-de-travail-tourisme-et-jeux-olympiques\/travaux-avec-les-hebergeurs\/premiers-echanges-hebergeurs-val-de-marne-jeux-olympiques-et-paralympiques-paris-2024\/#primaryimage\"},\"image\":{\"@id\":\"https:\/\/www.tourisme-valdemarne.com\/espace-pro\/expertises-et-projets\/jeux-olympiques-et-paralympiques-paris-2024\/groupe-de-travail-tourisme-et-jeux-olympiques\/travaux-avec-les-hebergeurs\/premiers-echanges-hebergeurs-val-de-marne-jeux-olympiques-et-paralympiques-paris-2024\/#primaryimage\"},\"thumbnailUrl\":\"https:\/\/www.tourisme-valdemarne.com\/espace-pro\/wp-content\/uploads\/sites\/3\/wpetourisme\/parc-sport-grand-godet.jpg\",\"datePublished\":\"2021-05-03T13:26:49+00:00\",\"dateModified\":\"2021-06-02T08:10:25+00:00\",\"breadcrumb\":{\"@id\":\"https:\/\/www.tourisme-valdemarne.com\/espace-pro\/expertises-et-projets\/jeux-olympiques-et-paralympiques-paris-2024\/groupe-de-travail-tourisme-et-jeux-olympiques\/travaux-avec-les-hebergeurs\/premiers-echanges-hebergeurs-val-de-marne-jeux-olympiques-et-paralympiques-paris-2024\/#breadcrumb\"},\"inLanguage\":\"fr-FR\",\"potentialAction\":[{\"@type\":\"ReadAction\",\"target\":[\"https:\/\/www.tourisme-valdemarne.com\/espace-pro\/expertises-et-projets\/jeux-olympiques-et-paralympiques-paris-2024\/groupe-de-travail-tourisme-et-jeux-olympiques\/travaux-avec-les-hebergeurs\/premiers-echanges-hebergeurs-val-de-marne-jeux-olympiques-et-paralympiques-paris-2024\/\"]}]},{\"@type\":\"ImageObject\",\"inLanguage\":\"fr-FR\",\"@id\":\"https:\/\/www.tourisme-valdemarne.com\/espace-pro\/expertises-et-projets\/jeux-olympiques-et-paralympiques-paris-2024\/groupe-de-travail-tourisme-et-jeux-olympiques\/travaux-avec-les-hebergeurs\/premiers-echanges-hebergeurs-val-de-marne-jeux-olympiques-et-paralympiques-paris-2024\/#primaryimage\",\"url\":\"https:\/\/www.tourisme-valdemarne.com\/espace-pro\/wp-content\/uploads\/sites\/3\/wpetourisme\/parc-sport-grand-godet.jpg\",\"contentUrl\":\"https:\/\/www.tourisme-valdemarne.com\/espace-pro\/wp-content\/uploads\/sites\/3\/wpetourisme\/parc-sport-grand-godet.jpg\",\"width\":1600,\"height\":1067,\"caption\":\"tennis parc sport grand godet\"},{\"@type\":\"BreadcrumbList\",\"@id\":\"https:\/\/www.tourisme-valdemarne.com\/espace-pro\/expertises-et-projets\/jeux-olympiques-et-paralympiques-paris-2024\/groupe-de-travail-tourisme-et-jeux-olympiques\/travaux-avec-les-hebergeurs\/premiers-echanges-hebergeurs-val-de-marne-jeux-olympiques-et-paralympiques-paris-2024\/#breadcrumb\",\"itemListElement\":[{\"@type\":\"ListItem\",\"position\":1,\"name\":\"Accueil\",\"item\":\"https:\/\/www.tourisme-valdemarne.com\/espace-pro\/\"},{\"@type\":\"ListItem\",\"position\":2,\"name\":\"Expertises et projets\",\"item\":\"https:\/\/www.tourisme-valdemarne.com\/espace-pro\/expertises-et-projets\/\"},{\"@type\":\"ListItem\",\"position\":3,\"name\":\"Jeux Olympiques et Paralympiques de Paris 2024\",\"item\":\"https:\/\/www.tourisme-valdemarne.com\/espace-pro\/expertises-et-projets\/jeux-olympiques-et-paralympiques-paris-2024\/\"},{\"@type\":\"ListItem\",\"position\":4,\"name\":\"Groupe de travail \u00ab\u00a0Tourisme et JOP\u00a0\u00bb avec les h\u00e9bergeurs\",\"item\":\"https:\/\/www.tourisme-valdemarne.com\/espace-pro\/expertises-et-projets\/jeux-olympiques-et-paralympiques-paris-2024\/groupe-de-travail-tourisme-et-jeux-olympiques\/\"},{\"@type\":\"ListItem\",\"position\":5,\"name\":\"Travaux avec les h\u00e9bergeurs\",\"item\":\"https:\/\/www.tourisme-valdemarne.com\/espace-pro\/expertises-et-projets\/jeux-olympiques-et-paralympiques-paris-2024\/groupe-de-travail-tourisme-et-jeux-olympiques\/travaux-avec-les-hebergeurs\/\"},{\"@type\":\"ListItem\",\"position\":6,\"name\":\"1ers \u00e9changes avec les h\u00e9bergeurs du Val-de-Marne sur les Jeux Olympiques et Paralympiques Paris 2024\"}]},{\"@type\":\"WebSite\",\"@id\":\"https:\/\/www.tourisme-valdemarne.com\/espace-pro\/#website\",\"url\":\"https:\/\/www.tourisme-valdemarne.com\/espace-pro\/\",\"name\":\"Espace Pro\",\"description\":\"Informations et outils pour les professionnels et la Presse\",\"potentialAction\":[{\"@type\":\"SearchAction\",\"target\":{\"@type\":\"EntryPoint\",\"urlTemplate\":\"https:\/\/www.tourisme-valdemarne.com\/espace-pro\/?s={search_term_string}\"},\"query-input\":{\"@type\":\"PropertyValueSpecification\",\"valueRequired\":true,\"valueName\":\"search_term_string\"}}],\"inLanguage\":\"fr-FR\"}]}<\/script>\n<!-- \/ Yoast SEO plugin. -->","yoast_head_json":{"title":"1ers \u00e9changes avec les h\u00e9bergeurs du Val-de-Marne sur les Jeux Olympiques et Paralympiques Paris 2024 - Espace Pro","robots":{"index":"index","follow":"follow","max-snippet":"max-snippet:-1","max-image-preview":"max-image-preview:large","max-video-preview":"max-video-preview:-1"},"canonical":"https:\/\/www.tourisme-valdemarne.com\/espace-pro\/expertises-et-projets\/jeux-olympiques-et-paralympiques-paris-2024\/groupe-de-travail-tourisme-et-jeux-olympiques\/travaux-avec-les-hebergeurs\/premiers-echanges-hebergeurs-val-de-marne-jeux-olympiques-et-paralympiques-paris-2024\/","og_locale":"fr_FR","og_type":"article","og_title":"1ers \u00e9changes avec les h\u00e9bergeurs du Val-de-Marne sur les Jeux Olympiques et Paralympiques Paris 2024 - Espace Pro","og_description":"Val-de-Marne Tourisme &amp; Loisirs et le Club h\u00f4telier du Val-de-Marne, en collaboration avec le Conseil d\u00e9partemental du Val-de-Marne, ont organis\u00e9 le 22 avril 2021 une r\u00e9union sur les Jeux Olympiques et Paralympiques 2024. L\u2019objectif de cette r\u00e9union \u00e9tait de pr\u00e9senter le projet \u00ab Accueillir les Jeux olympiques et paralympiques en Val de Marne \u00bb et [&hellip;]","og_url":"https:\/\/www.tourisme-valdemarne.com\/espace-pro\/expertises-et-projets\/jeux-olympiques-et-paralympiques-paris-2024\/groupe-de-travail-tourisme-et-jeux-olympiques\/travaux-avec-les-hebergeurs\/premiers-echanges-hebergeurs-val-de-marne-jeux-olympiques-et-paralympiques-paris-2024\/","og_site_name":"Espace Pro","article_modified_time":"2021-06-02T08:10:25+00:00","og_image":[{"width":1600,"height":1067,"url":"https:\/\/www.tourisme-valdemarne.com\/espace-pro\/wp-content\/uploads\/sites\/3\/wpetourisme\/parc-sport-grand-godet.jpg","type":"image\/jpeg"}],"twitter_card":"summary_large_image","twitter_misc":{"Dur\u00e9e de lecture estim\u00e9e":"1 minute"},"schema":{"@context":"https:\/\/schema.org","@graph":[{"@type":"WebPage","@id":"https:\/\/www.tourisme-valdemarne.com\/espace-pro\/expertises-et-projets\/jeux-olympiques-et-paralympiques-paris-2024\/groupe-de-travail-tourisme-et-jeux-olympiques\/travaux-avec-les-hebergeurs\/premiers-echanges-hebergeurs-val-de-marne-jeux-olympiques-et-paralympiques-paris-2024\/","url":"https:\/\/www.tourisme-valdemarne.com\/espace-pro\/expertises-et-projets\/jeux-olympiques-et-paralympiques-paris-2024\/groupe-de-travail-tourisme-et-jeux-olympiques\/travaux-avec-les-hebergeurs\/premiers-echanges-hebergeurs-val-de-marne-jeux-olympiques-et-paralympiques-paris-2024\/","name":"1ers \u00e9changes avec les h\u00e9bergeurs du Val-de-Marne sur les Jeux Olympiques et Paralympiques Paris 2024 - Espace Pro","isPartOf":{"@id":"https:\/\/www.tourisme-valdemarne.com\/espace-pro\/#website"},"primaryImageOfPage":{"@id":"https:\/\/www.tourisme-valdemarne.com\/espace-pro\/expertises-et-projets\/jeux-olympiques-et-paralympiques-paris-2024\/groupe-de-travail-tourisme-et-jeux-olympiques\/travaux-avec-les-hebergeurs\/premiers-echanges-hebergeurs-val-de-marne-jeux-olympiques-et-paralympiques-paris-2024\/#primaryimage"},"image":{"@id":"https:\/\/www.tourisme-valdemarne.com\/espace-pro\/expertises-et-projets\/jeux-olympiques-et-paralympiques-paris-2024\/groupe-de-travail-tourisme-et-jeux-olympiques\/travaux-avec-les-hebergeurs\/premiers-echanges-hebergeurs-val-de-marne-jeux-olympiques-et-paralympiques-paris-2024\/#primaryimage"},"thumbnailUrl":"https:\/\/www.tourisme-valdemarne.com\/espace-pro\/wp-content\/uploads\/sites\/3\/wpetourisme\/parc-sport-grand-godet.jpg","datePublished":"2021-05-03T13:26:49+00:00","dateModified":"2021-06-02T08:10:25+00:00","breadcrumb":{"@id":"https:\/\/www.tourisme-valdemarne.com\/espace-pro\/expertises-et-projets\/jeux-olympiques-et-paralympiques-paris-2024\/groupe-de-travail-tourisme-et-jeux-olympiques\/travaux-avec-les-hebergeurs\/premiers-echanges-hebergeurs-val-de-marne-jeux-olympiques-et-paralympiques-paris-2024\/#breadcrumb"},"inLanguage":"fr-FR","potentialAction":[{"@type":"ReadAction","target":["https:\/\/www.tourisme-valdemarne.com\/espace-pro\/expertises-et-projets\/jeux-olympiques-et-paralympiques-paris-2024\/groupe-de-travail-tourisme-et-jeux-olympiques\/travaux-avec-les-hebergeurs\/premiers-echanges-hebergeurs-val-de-marne-jeux-olympiques-et-paralympiques-paris-2024\/"]}]},{"@type":"ImageObject","inLanguage":"fr-FR","@id":"https:\/\/www.tourisme-valdemarne.com\/espace-pro\/expertises-et-projets\/jeux-olympiques-et-paralympiques-paris-2024\/groupe-de-travail-tourisme-et-jeux-olympiques\/travaux-avec-les-hebergeurs\/premiers-echanges-hebergeurs-val-de-marne-jeux-olympiques-et-paralympiques-paris-2024\/#primaryimage","url":"https:\/\/www.tourisme-valdemarne.com\/espace-pro\/wp-content\/uploads\/sites\/3\/wpetourisme\/parc-sport-grand-godet.jpg","contentUrl":"https:\/\/www.tourisme-valdemarne.com\/espace-pro\/wp-content\/uploads\/sites\/3\/wpetourisme\/parc-sport-grand-godet.jpg","width":1600,"height":1067,"caption":"tennis parc sport grand godet"},{"@type":"BreadcrumbList","@id":"https:\/\/www.tourisme-valdemarne.com\/espace-pro\/expertises-et-projets\/jeux-olympiques-et-paralympiques-paris-2024\/groupe-de-travail-tourisme-et-jeux-olympiques\/travaux-avec-les-hebergeurs\/premiers-echanges-hebergeurs-val-de-marne-jeux-olympiques-et-paralympiques-paris-2024\/#breadcrumb","itemListElement":[{"@type":"ListItem","position":1,"name":"Accueil","item":"https:\/\/www.tourisme-valdemarne.com\/espace-pro\/"},{"@type":"ListItem","position":2,"name":"Expertises et projets","item":"https:\/\/www.tourisme-valdemarne.com\/espace-pro\/expertises-et-projets\/"},{"@type":"ListItem","position":3,"name":"Jeux Olympiques et Paralympiques de Paris 2024","item":"https:\/\/www.tourisme-valdemarne.com\/espace-pro\/expertises-et-projets\/jeux-olympiques-et-paralympiques-paris-2024\/"},{"@type":"ListItem","position":4,"name":"Groupe de travail \u00ab\u00a0Tourisme et JOP\u00a0\u00bb avec les h\u00e9bergeurs","item":"https:\/\/www.tourisme-valdemarne.com\/espace-pro\/expertises-et-projets\/jeux-olympiques-et-paralympiques-paris-2024\/groupe-de-travail-tourisme-et-jeux-olympiques\/"},{"@type":"ListItem","position":5,"name":"Travaux avec les h\u00e9bergeurs","item":"https:\/\/www.tourisme-valdemarne.com\/espace-pro\/expertises-et-projets\/jeux-olympiques-et-paralympiques-paris-2024\/groupe-de-travail-tourisme-et-jeux-olympiques\/travaux-avec-les-hebergeurs\/"},{"@type":"ListItem","position":6,"name":"1ers \u00e9changes avec les h\u00e9bergeurs du Val-de-Marne sur les Jeux Olympiques et Paralympiques Paris 2024"}]},{"@type":"WebSite","@id":"https:\/\/www.tourisme-valdemarne.com\/espace-pro\/#website","url":"https:\/\/www.tourisme-valdemarne.com\/espace-pro\/","name":"Espace Pro","description":"Informations et outils pour les professionnels et la Presse","potentialAction":[{"@type":"SearchAction","target":{"@type":"EntryPoint","urlTemplate":"https:\/\/www.tourisme-valdemarne.com\/espace-pro\/?s={search_term_string}"},"query-input":{"@type":"PropertyValueSpecification","valueRequired":true,"valueName":"search_term_string"}}],"inLanguage":"fr-FR"}]}},"_links":{"self":[{"href":"https:\/\/www.tourisme-valdemarne.com\/espace-pro\/wp-json\/wp\/v2\/pages\/9220","targetHints":{"allow":["GET"]}}],"collection":[{"href":"https:\/\/www.tourisme-valdemarne.com\/espace-pro\/wp-json\/wp\/v2\/pages"}],"about":[{"href":"https:\/\/www.tourisme-valdemarne.com\/espace-pro\/wp-json\/wp\/v2\/types\/page"}],"author":[{"embeddable":true,"href":"https:\/\/www.tourisme-valdemarne.com\/espace-pro\/wp-json\/wp\/v2\/users\/8"}],"replies":[{"embeddable":true,"href":"https:\/\/www.tourisme-valdemarne.com\/espace-pro\/wp-json\/wp\/v2\/comments?post=9220"}],"version-history":[{"count":3,"href":"https:\/\/www.tourisme-valdemarne.com\/espace-pro\/wp-json\/wp\/v2\/pages\/9220\/revisions"}],"predecessor-version":[{"id":9692,"href":"https:\/\/www.tourisme-valdemarne.com\/espace-pro\/wp-json\/wp\/v2\/pages\/9220\/revisions\/9692"}],"up":[{"embeddable":true,"href":"https:\/\/www.tourisme-valdemarne.com\/espace-pro\/wp-json\/wp\/v2\/pages\/9308"}],"wp:featuredmedia":[{"embeddable":true,"href":"https:\/\/www.tourisme-valdemarne.com\/espace-pro\/wp-json\/wp\/v2\/media\/6456"}],"wp:attachment":[{"href":"https:\/\/www.tourisme-valdemarne.com\/espace-pro\/wp-json\/wp\/v2\/media?parent=9220"}],"wp:term":[{"taxonomy":"vdmTagMarketing","embeddable":true,"href":"https:\/\/www.tourisme-valdemarne.com\/espace-pro\/wp-json\/wp\/v2\/vdmTagMarketing?post=9220"}],"curies":[{"name":"wp","href":"https:\/\/api.w.org\/{rel}","templated":true}]}}