{"id":922,"date":"2019-05-14T11:30:06","date_gmt":"2019-05-14T09:30:06","guid":{"rendered":"https:\/\/www.tourisme-valdemarne.com\/espace-pro\/colloques-rivieres-et-metropoles-europeennes"},"modified":"2021-04-27T14:46:42","modified_gmt":"2021-04-27T12:46:42","slug":"colloques-rivieres-et-metropoles-europeennes","status":"publish","type":"page","link":"https:\/\/www.tourisme-valdemarne.com\/espace-pro\/expertises-et-projets\/riverside-cities\/ressources\/colloques-rivieres-et-metropoles-europeennes\/","title":{"rendered":"Colloque \u00ab Rivi\u00e8res et m\u00e9tropoles europ\u00e9ennes \u00bb"},"content":{"rendered":"\n<p class=\"is-style-excerpt\">Le vendredi et samedi 1 et 2 juillet 2016, l&rsquo;Institut de recherche et d&rsquo;\u00e9tudes sup\u00e9rieures du tourisme (IREST) a organis\u00e9 conjointement avec Val-de-Marne Tourisme et Loisirs un colloque ayant pour th\u00e8me Rivi\u00e8res et m\u00e9tropoles europ\u00e9ennes. Invention, d\u00e9veloppement et perspectives d&rsquo;un espace de (re)conqu\u00eate : Tourisme, Loisirs, Patrimoine(s).<\/p>\n\n\n\n<h2 class=\"wp-block-heading\">Colloque international organis\u00e9 les 1er et 2 juillet 2016<\/h2>\n\n\n\n<h3 class=\"wp-block-heading\">Rivi\u00e8res et m\u00e9tropoles europ\u00e9ennes. Invention, d\u00e9veloppement et perspectives d&rsquo;un espace de (re)conqu\u00eate : Tourisme, Loisirs, Patrimoine(s)<\/h3>\n\n\n\n<div class=\"wp-block-columns has-2-columns is-layout-flex wp-container-core-columns-is-layout-1 wp-block-columns-is-layout-flex\">\n<div class=\"wp-block-column is-layout-flow wp-block-column-is-layout-flow\">\n<figure class=\"wp-block-image\"><img width=\"400\" height=\"170\" data-src=\"https:\/\/www.tourisme-valdemarne.com\/espace-pro\/wp-content\/uploads\/sites\/3\/2019\/06\/logo_irest.jpg\" alt=\"\" class=\"wp-image-6316\" srcset=\"https:\/\/www.tourisme-valdemarne.com\/espace-pro\/wp-content\/uploads\/sites\/3\/2019\/06\/logo_irest.jpg 400w, https:\/\/www.tourisme-valdemarne.com\/espace-pro\/wp-content\/uploads\/sites\/3\/2019\/06\/logo_irest-380x162.jpg 380w, https:\/\/www.tourisme-valdemarne.com\/espace-pro\/wp-content\/uploads\/sites\/3\/2019\/06\/logo_irest-200x85.jpg 200w\" sizes=\"(max-width: 400px) 100vw, 400px\" \/><\/figure>\n<\/div>\n\n\n\n<div class=\"wp-block-column is-layout-flow wp-block-column-is-layout-flow\">\n<figure class=\"wp-block-image is-resized\"><img data-src=\"https:\/\/www.tourisme-valdemarne.com\/espace-pro\/wp-content\/uploads\/sites\/3\/2019\/05\/vdm_court_logo_quadri_rvb-grand-600x338.jpg\" alt=\"Logo du CDT 94\" class=\"wp-image-645\" width=\"300\" height=\"169\" srcset=\"https:\/\/www.tourisme-valdemarne.com\/espace-pro\/wp-content\/uploads\/sites\/3\/2019\/05\/vdm_court_logo_quadri_rvb-grand-600x338.jpg 600w, https:\/\/www.tourisme-valdemarne.com\/espace-pro\/wp-content\/uploads\/sites\/3\/2019\/05\/vdm_court_logo_quadri_rvb-grand-900x506.jpg 900w, https:\/\/www.tourisme-valdemarne.com\/espace-pro\/wp-content\/uploads\/sites\/3\/2019\/05\/vdm_court_logo_quadri_rvb-grand-1200x675.jpg 1200w, https:\/\/www.tourisme-valdemarne.com\/espace-pro\/wp-content\/uploads\/sites\/3\/2019\/05\/vdm_court_logo_quadri_rvb-grand-200x113.jpg 200w, https:\/\/www.tourisme-valdemarne.com\/espace-pro\/wp-content\/uploads\/sites\/3\/2019\/05\/vdm_court_logo_quadri_rvb-grand.jpg 1600w\" sizes=\"(max-width: 300px) 100vw, 300px\" \/><\/figure>\n<\/div>\n<\/div>\n\n\n\n<p>La fr\u00e9quentation ludique des rivi\u00e8res urbaines et p\u00e9riurbaines (bords de Marne et de Seine \u00e0 Paris et dans la r\u00e9gion parisienne, bords de Tamise, d\u2019Amstel, de Loire, de Danube, etc.) g\u00e9n\u00e8re, d\u00e8s le XIXe si\u00e8cle, des dynamiques sociales et culturelles nouvelles. Un art de vivre et de se d\u00e9tendre appara\u00eet au sein de la bourgeoisie citadine notamment  avec le chemin de fer qui facilite les transports puis se diffuse vers les classes populaires urbaines. Ce ph\u00e9nom\u00e8ne d\u2019appropriation des bords de l\u2019eau et de \u00ab conqu\u00eate de loisirs \u00bb concerne de nombreuses grandes villes europ\u00e9ennes, avec des styles propres et des <a href=\"https:\/\/www.tourisme-valdemarne.com\/espace-pro\/expertises-et-projets\/riverside-cities\/reseau-europeen\/histoire\/\">traits communs<\/a>.<\/p>\n\n\n\n<p>Les perspectives d&rsquo;approche du colloque sont pluridisciplinaires, cherchant \u00e0 comprendre des ph\u00e9nom\u00e8nes complexes qui recoupent de nombreux domaines et disciplines : droit des loisirs, histoire et sociologie des loisirs, tourisme, marketing touristique, dynamiques sociales, urbanisme et am\u00e9nagement du territoire, paysage et environnement, sports nautiques et pratiques ludiques de la rivi\u00e8re, psychologie environnementale.<\/p>\n\n\n\n<p>Le colloque participe \u00e0 une <a href=\"https:\/\/www.tourisme-valdemarne.com\/espace-pro\/expertises-et-projets\/riverside-cities\/valorisation-des-bords-de-marne\/un-projet-de-territoire\/\">r\u00e9flexion collective<\/a>, men\u00e9e par le Comit\u00e9 d\u00e9partemental du tourisme du Val-de-Marne, pour la <a href=\"https:\/\/www.tourisme-valdemarne.com\/espace-pro\/expertises-et-projets\/riverside-cities\/reseau-europeen\/histoire\/\">cr\u00e9ation d\u2019un r\u00e9seau<\/a> candidat \u00e0 la mention Itin\u00e9raire Culturel Europ\u00e9en du Conseil de l\u2019Europe, sur le th\u00e8me du d\u00e9veloppement des loisirs dans le cadre des rivi\u00e8res m\u00e9tropolitaines.<\/p>\n\n\n\n<div class=\"wp-block-button aligncenter\"><a class=\"wp-block-button__link\" href=\"https:\/\/www.tourisme-valdemarne.com\/espace-pro\/wp-content\/uploads\/sites\/3\/2019\/06\/programme_colloque_rivieres_et_metropoles_europeennes.pdf\">T\u00e9l\u00e9charger le programme complet<\/a><\/div>\n\n\n\n<h2 class=\"wp-block-heading\">Publication dans la revue Espaces tourisme et loisirs<\/h2>\n\n\n\n<p>Suite au colloque, une s\u00e9lection d&rsquo;articles traitant des \u00ab\u00a0Usages r\u00e9cr\u00e9atifs des espaces fluviaux\u00a0\u00bb a \u00e9t\u00e9 publi\u00e9e par la revue Espaces tourisme et loisirs, en partenariat avec Val-de-Marne Tourisme &amp; Loisirs, l&rsquo;IREST et avec le soutien du CRT Paris &#8211; Ile-de-France.<\/p>\n\n\n\n<div class=\"wp-block-button aligncenter\"><a class=\"wp-block-button__link\" href=\"https:\/\/www.tourisme-valdemarne.com\/espace-pro\/wp-content\/uploads\/sites\/3\/2019\/06\/sommaire_revue_espaces.pdf\">Consulter le sommaire du cahier<\/a><\/div>\n\n\n\n<p class=\"is-style-highlight\">Si vous le souhaitez, vous pouvez <strong>recevoir gratuitement la publication<\/strong> en <a href=\"mailto:&#99;c&#104;o&#119;&#97;h&#64;t&#111;uris&#109;&#101;-v&#97;&#108;&#100;e&#109;ar&#110;&#101;.c&#111;m\" target=\"_blank\" rel=\"noreferrer noopener\" aria-label=\" (s\u2019ouvre dans un nouvel onglet)\">contactant la responsable du projet par mail<\/a>.<\/p>\n\n\n\n<div class=\"wp-block-media-text is-stacked-on-mobile\" style=\"grid-template-columns:22% auto\"><figure class=\"wp-block-media-text__media\"><a href=\"https:\/\/www.tourisme-valdemarne.com\/espace-pro\/expertises-et-projets\/riverside-cities\/inscription-a-la-newsletter-riverside\/\" target=\"_blank\" rel=\"noopener noreferrer\"><img width=\"512\" height=\"512\" data-src=\"https:\/\/www.tourisme-valdemarne.com\/espace-pro\/wp-content\/uploads\/sites\/3\/2021\/04\/mail.png\" alt=\"icon newsletter\" class=\"wp-image-9138\" srcset=\"https:\/\/www.tourisme-valdemarne.com\/espace-pro\/wp-content\/uploads\/sites\/3\/2021\/04\/mail.png 512w, https:\/\/www.tourisme-valdemarne.com\/espace-pro\/wp-content\/uploads\/sites\/3\/2021\/04\/mail-380x380.png 380w, https:\/\/www.tourisme-valdemarne.com\/espace-pro\/wp-content\/uploads\/sites\/3\/2021\/04\/mail-150x150.png 150w, https:\/\/www.tourisme-valdemarne.com\/espace-pro\/wp-content\/uploads\/sites\/3\/2021\/04\/mail-200x200.png 200w, https:\/\/www.tourisme-valdemarne.com\/espace-pro\/wp-content\/uploads\/sites\/3\/2021\/04\/mail-24x24.png 24w, https:\/\/www.tourisme-valdemarne.com\/espace-pro\/wp-content\/uploads\/sites\/3\/2021\/04\/mail-48x48.png 48w, https:\/\/www.tourisme-valdemarne.com\/espace-pro\/wp-content\/uploads\/sites\/3\/2021\/04\/mail-96x96.png 96w, https:\/\/www.tourisme-valdemarne.com\/espace-pro\/wp-content\/uploads\/sites\/3\/2021\/04\/mail-300x300.png 300w\" sizes=\"(max-width: 512px) 100vw, 512px\" \/><\/a><\/figure><div class=\"wp-block-media-text__content\">\n<p class=\"has-text-align-center is-style-default has-large-font-size\"><strong>Abonnez-vous \u00e0 la newsletter pour recevoir les actualit\u00e9s du projet Riverside Cities sur le territoire des bords de Marne comme au niveau europ\u00e9en<\/strong><\/p>\n\n\n\n<div class=\"wp-block-buttons aligncenter is-layout-flex wp-block-buttons-is-layout-flex\">\n<div class=\"wp-block-button\"><a class=\"wp-block-button__link\" href=\"https:\/\/www.tourisme-valdemarne.com\/espace-pro\/expertises-et-projets\/riverside-cities\/inscription-a-la-newsletter-riverside\/\" target=\"_blank\" rel=\"noreferrer noopener\">M&rsquo;inscrire \u00e0 la newsletter du projet<\/a><\/div>\n<\/div>\n<\/div><\/div>\n\n\n\n<div class=\"wp-block-image\"><figure class=\"aligncenter size-large\"><a href=\"https:\/\/www.siaap.fr\/\" target=\"_blank\" rel=\"noopener noreferrer\"><img width=\"1000\" height=\"250\" data-src=\"https:\/\/www.tourisme-valdemarne.com\/espace-pro\/wp-content\/uploads\/sites\/3\/2021\/04\/le-projet-riverside-cities-est-soutenu-par-le-siaap.png\" alt=\"logo soutien siaap\" class=\"wp-image-9144\" srcset=\"https:\/\/www.tourisme-valdemarne.com\/espace-pro\/wp-content\/uploads\/sites\/3\/2021\/04\/le-projet-riverside-cities-est-soutenu-par-le-siaap.png 1000w, https:\/\/www.tourisme-valdemarne.com\/espace-pro\/wp-content\/uploads\/sites\/3\/2021\/04\/le-projet-riverside-cities-est-soutenu-par-le-siaap-600x150.png 600w, https:\/\/www.tourisme-valdemarne.com\/espace-pro\/wp-content\/uploads\/sites\/3\/2021\/04\/le-projet-riverside-cities-est-soutenu-par-le-siaap-900x225.png 900w, https:\/\/www.tourisme-valdemarne.com\/espace-pro\/wp-content\/uploads\/sites\/3\/2021\/04\/le-projet-riverside-cities-est-soutenu-par-le-siaap-380x95.png 380w, https:\/\/www.tourisme-valdemarne.com\/espace-pro\/wp-content\/uploads\/sites\/3\/2021\/04\/le-projet-riverside-cities-est-soutenu-par-le-siaap-200x50.png 200w\" sizes=\"(max-width: 1000px) 100vw, 1000px\" \/><\/a><\/figure><\/div>\n","protected":false},"excerpt":{"rendered":"<p>Le vendredi et samedi 1 et 2 juillet 2016, l&rsquo;Institut de recherche et d&rsquo;\u00e9tudes sup\u00e9rieures du tourisme (IREST) a organis\u00e9 conjointement avec Val-de-Marne Tourisme et Loisirs un colloque ayant pour th\u00e8me Rivi\u00e8res et m\u00e9tropoles europ\u00e9ennes. Invention, d\u00e9veloppement et perspectives d&rsquo;un espace de (re)conqu\u00eate : Tourisme, Loisirs, Patrimoine(s). Colloque international organis\u00e9 les 1er et 2 juillet [&hellip;]<\/p>\n","protected":false},"author":1,"featured_media":2929,"parent":6214,"menu_order":30,"comment_status":"closed","ping_status":"closed","template":"","meta":{"_relevanssi_hide_post":"","_relevanssi_hide_content":"","_relevanssi_pin_for_all":"","_relevanssi_pin_keywords":"","_relevanssi_unpin_keywords":"","_relevanssi_related_keywords":"","_relevanssi_related_include_ids":"","_relevanssi_related_exclude_ids":"","_relevanssi_related_no_append":"","_relevanssi_related_not_related":"","_relevanssi_related_posts":"2741,8084,8108,446,444,2751","_relevanssi_noindex_reason":"","footnotes":""},"vdmTagMarketing":[],"class_list":["post-922","page","type-page","status-publish","has-post-thumbnail","hentry"],"acf":[],"yoast_head":"<!-- This site is optimized with the Yoast SEO plugin v23.9 - https:\/\/yoast.com\/wordpress\/plugins\/seo\/ -->\n<title>Colloque \u00ab Rivi\u00e8res et m\u00e9tropoles europ\u00e9ennes \u00bb - Espace Pro<\/title>\n<meta name=\"robots\" content=\"index, follow, max-snippet:-1, max-image-preview:large, max-video-preview:-1\" \/>\n<link rel=\"canonical\" href=\"https:\/\/www.tourisme-valdemarne.com\/espace-pro\/expertises-et-projets\/riverside-cities\/ressources\/colloques-rivieres-et-metropoles-europeennes\/\" \/>\n<meta property=\"og:locale\" content=\"fr_FR\" \/>\n<meta property=\"og:type\" content=\"article\" \/>\n<meta property=\"og:title\" content=\"Colloque \u00ab Rivi\u00e8res et m\u00e9tropoles europ\u00e9ennes \u00bb - Espace Pro\" \/>\n<meta property=\"og:description\" content=\"Le vendredi et samedi 1 et 2 juillet 2016, l&rsquo;Institut de recherche et d&rsquo;\u00e9tudes sup\u00e9rieures du tourisme (IREST) a organis\u00e9 conjointement avec Val-de-Marne Tourisme et Loisirs un colloque ayant pour th\u00e8me Rivi\u00e8res et m\u00e9tropoles europ\u00e9ennes. Invention, d\u00e9veloppement et perspectives d&rsquo;un espace de (re)conqu\u00eate : Tourisme, Loisirs, Patrimoine(s). Colloque international organis\u00e9 les 1er et 2 juillet [&hellip;]\" \/>\n<meta property=\"og:url\" content=\"https:\/\/www.tourisme-valdemarne.com\/espace-pro\/expertises-et-projets\/riverside-cities\/ressources\/colloques-rivieres-et-metropoles-europeennes\/\" \/>\n<meta property=\"og:site_name\" content=\"Espace Pro\" \/>\n<meta property=\"article:modified_time\" content=\"2021-04-27T12:46:42+00:00\" \/>\n<meta property=\"og:image\" content=\"https:\/\/www.tourisme-valdemarne.com\/espace-pro\/wp-content\/uploads\/sites\/3\/2019\/05\/bords-de-marne-champigny.jpg\" \/>\n\t<meta property=\"og:image:width\" content=\"1600\" \/>\n\t<meta property=\"og:image:height\" content=\"1200\" \/>\n\t<meta property=\"og:image:type\" content=\"image\/jpeg\" \/>\n<meta name=\"twitter:card\" content=\"summary_large_image\" \/>\n<meta name=\"twitter:label1\" content=\"Dur\u00e9e de lecture estim\u00e9e\" \/>\n\t<meta name=\"twitter:data1\" content=\"2 minutes\" \/>\n<script type=\"application\/ld+json\" class=\"yoast-schema-graph\">{\"@context\":\"https:\/\/schema.org\",\"@graph\":[{\"@type\":\"WebPage\",\"@id\":\"https:\/\/www.tourisme-valdemarne.com\/espace-pro\/expertises-et-projets\/riverside-cities\/ressources\/colloques-rivieres-et-metropoles-europeennes\/\",\"url\":\"https:\/\/www.tourisme-valdemarne.com\/espace-pro\/expertises-et-projets\/riverside-cities\/ressources\/colloques-rivieres-et-metropoles-europeennes\/\",\"name\":\"Colloque \u00ab Rivi\u00e8res et m\u00e9tropoles europ\u00e9ennes \u00bb - Espace Pro\",\"isPartOf\":{\"@id\":\"https:\/\/www.tourisme-valdemarne.com\/espace-pro\/#website\"},\"primaryImageOfPage\":{\"@id\":\"https:\/\/www.tourisme-valdemarne.com\/espace-pro\/expertises-et-projets\/riverside-cities\/ressources\/colloques-rivieres-et-metropoles-europeennes\/#primaryimage\"},\"image\":{\"@id\":\"https:\/\/www.tourisme-valdemarne.com\/espace-pro\/expertises-et-projets\/riverside-cities\/ressources\/colloques-rivieres-et-metropoles-europeennes\/#primaryimage\"},\"thumbnailUrl\":\"https:\/\/www.tourisme-valdemarne.com\/espace-pro\/wp-content\/uploads\/sites\/3\/2019\/05\/bords-de-marne-champigny.jpg\",\"datePublished\":\"2019-05-14T09:30:06+00:00\",\"dateModified\":\"2021-04-27T12:46:42+00:00\",\"breadcrumb\":{\"@id\":\"https:\/\/www.tourisme-valdemarne.com\/espace-pro\/expertises-et-projets\/riverside-cities\/ressources\/colloques-rivieres-et-metropoles-europeennes\/#breadcrumb\"},\"inLanguage\":\"fr-FR\",\"potentialAction\":[{\"@type\":\"ReadAction\",\"target\":[\"https:\/\/www.tourisme-valdemarne.com\/espace-pro\/expertises-et-projets\/riverside-cities\/ressources\/colloques-rivieres-et-metropoles-europeennes\/\"]}]},{\"@type\":\"ImageObject\",\"inLanguage\":\"fr-FR\",\"@id\":\"https:\/\/www.tourisme-valdemarne.com\/espace-pro\/expertises-et-projets\/riverside-cities\/ressources\/colloques-rivieres-et-metropoles-europeennes\/#primaryimage\",\"url\":\"https:\/\/www.tourisme-valdemarne.com\/espace-pro\/wp-content\/uploads\/sites\/3\/2019\/05\/bords-de-marne-champigny.jpg\",\"contentUrl\":\"https:\/\/www.tourisme-valdemarne.com\/espace-pro\/wp-content\/uploads\/sites\/3\/2019\/05\/bords-de-marne-champigny.jpg\",\"width\":1600,\"height\":1200,\"caption\":\"Bords de marne \u00a9 CDT94\"},{\"@type\":\"BreadcrumbList\",\"@id\":\"https:\/\/www.tourisme-valdemarne.com\/espace-pro\/expertises-et-projets\/riverside-cities\/ressources\/colloques-rivieres-et-metropoles-europeennes\/#breadcrumb\",\"itemListElement\":[{\"@type\":\"ListItem\",\"position\":1,\"name\":\"Accueil\",\"item\":\"https:\/\/www.tourisme-valdemarne.com\/espace-pro\/\"},{\"@type\":\"ListItem\",\"position\":2,\"name\":\"Expertises et projets\",\"item\":\"https:\/\/www.tourisme-valdemarne.com\/espace-pro\/expertises-et-projets\/\"},{\"@type\":\"ListItem\",\"position\":3,\"name\":\"Riverside Cities\",\"item\":\"https:\/\/www.tourisme-valdemarne.com\/espace-pro\/expertises-et-projets\/riverside-cities\/\"},{\"@type\":\"ListItem\",\"position\":4,\"name\":\"Ressources\",\"item\":\"https:\/\/www.tourisme-valdemarne.com\/espace-pro\/expertises-et-projets\/riverside-cities\/ressources\/\"},{\"@type\":\"ListItem\",\"position\":5,\"name\":\"Colloque \u00ab Rivi\u00e8res et m\u00e9tropoles europ\u00e9ennes \u00bb\"}]},{\"@type\":\"WebSite\",\"@id\":\"https:\/\/www.tourisme-valdemarne.com\/espace-pro\/#website\",\"url\":\"https:\/\/www.tourisme-valdemarne.com\/espace-pro\/\",\"name\":\"Espace Pro\",\"description\":\"Informations et outils pour les professionnels et la Presse\",\"potentialAction\":[{\"@type\":\"SearchAction\",\"target\":{\"@type\":\"EntryPoint\",\"urlTemplate\":\"https:\/\/www.tourisme-valdemarne.com\/espace-pro\/?s={search_term_string}\"},\"query-input\":{\"@type\":\"PropertyValueSpecification\",\"valueRequired\":true,\"valueName\":\"search_term_string\"}}],\"inLanguage\":\"fr-FR\"}]}<\/script>\n<!-- \/ Yoast SEO plugin. -->","yoast_head_json":{"title":"Colloque \u00ab Rivi\u00e8res et m\u00e9tropoles europ\u00e9ennes \u00bb - Espace Pro","robots":{"index":"index","follow":"follow","max-snippet":"max-snippet:-1","max-image-preview":"max-image-preview:large","max-video-preview":"max-video-preview:-1"},"canonical":"https:\/\/www.tourisme-valdemarne.com\/espace-pro\/expertises-et-projets\/riverside-cities\/ressources\/colloques-rivieres-et-metropoles-europeennes\/","og_locale":"fr_FR","og_type":"article","og_title":"Colloque \u00ab Rivi\u00e8res et m\u00e9tropoles europ\u00e9ennes \u00bb - Espace Pro","og_description":"Le vendredi et samedi 1 et 2 juillet 2016, l&rsquo;Institut de recherche et d&rsquo;\u00e9tudes sup\u00e9rieures du tourisme (IREST) a organis\u00e9 conjointement avec Val-de-Marne Tourisme et Loisirs un colloque ayant pour th\u00e8me Rivi\u00e8res et m\u00e9tropoles europ\u00e9ennes. Invention, d\u00e9veloppement et perspectives d&rsquo;un espace de (re)conqu\u00eate : Tourisme, Loisirs, Patrimoine(s). Colloque international organis\u00e9 les 1er et 2 juillet [&hellip;]","og_url":"https:\/\/www.tourisme-valdemarne.com\/espace-pro\/expertises-et-projets\/riverside-cities\/ressources\/colloques-rivieres-et-metropoles-europeennes\/","og_site_name":"Espace Pro","article_modified_time":"2021-04-27T12:46:42+00:00","og_image":[{"width":1600,"height":1200,"url":"https:\/\/www.tourisme-valdemarne.com\/espace-pro\/wp-content\/uploads\/sites\/3\/2019\/05\/bords-de-marne-champigny.jpg","type":"image\/jpeg"}],"twitter_card":"summary_large_image","twitter_misc":{"Dur\u00e9e de lecture estim\u00e9e":"2 minutes"},"schema":{"@context":"https:\/\/schema.org","@graph":[{"@type":"WebPage","@id":"https:\/\/www.tourisme-valdemarne.com\/espace-pro\/expertises-et-projets\/riverside-cities\/ressources\/colloques-rivieres-et-metropoles-europeennes\/","url":"https:\/\/www.tourisme-valdemarne.com\/espace-pro\/expertises-et-projets\/riverside-cities\/ressources\/colloques-rivieres-et-metropoles-europeennes\/","name":"Colloque \u00ab Rivi\u00e8res et m\u00e9tropoles europ\u00e9ennes \u00bb - Espace Pro","isPartOf":{"@id":"https:\/\/www.tourisme-valdemarne.com\/espace-pro\/#website"},"primaryImageOfPage":{"@id":"https:\/\/www.tourisme-valdemarne.com\/espace-pro\/expertises-et-projets\/riverside-cities\/ressources\/colloques-rivieres-et-metropoles-europeennes\/#primaryimage"},"image":{"@id":"https:\/\/www.tourisme-valdemarne.com\/espace-pro\/expertises-et-projets\/riverside-cities\/ressources\/colloques-rivieres-et-metropoles-europeennes\/#primaryimage"},"thumbnailUrl":"https:\/\/www.tourisme-valdemarne.com\/espace-pro\/wp-content\/uploads\/sites\/3\/2019\/05\/bords-de-marne-champigny.jpg","datePublished":"2019-05-14T09:30:06+00:00","dateModified":"2021-04-27T12:46:42+00:00","breadcrumb":{"@id":"https:\/\/www.tourisme-valdemarne.com\/espace-pro\/expertises-et-projets\/riverside-cities\/ressources\/colloques-rivieres-et-metropoles-europeennes\/#breadcrumb"},"inLanguage":"fr-FR","potentialAction":[{"@type":"ReadAction","target":["https:\/\/www.tourisme-valdemarne.com\/espace-pro\/expertises-et-projets\/riverside-cities\/ressources\/colloques-rivieres-et-metropoles-europeennes\/"]}]},{"@type":"ImageObject","inLanguage":"fr-FR","@id":"https:\/\/www.tourisme-valdemarne.com\/espace-pro\/expertises-et-projets\/riverside-cities\/ressources\/colloques-rivieres-et-metropoles-europeennes\/#primaryimage","url":"https:\/\/www.tourisme-valdemarne.com\/espace-pro\/wp-content\/uploads\/sites\/3\/2019\/05\/bords-de-marne-champigny.jpg","contentUrl":"https:\/\/www.tourisme-valdemarne.com\/espace-pro\/wp-content\/uploads\/sites\/3\/2019\/05\/bords-de-marne-champigny.jpg","width":1600,"height":1200,"caption":"Bords de marne \u00a9 CDT94"},{"@type":"BreadcrumbList","@id":"https:\/\/www.tourisme-valdemarne.com\/espace-pro\/expertises-et-projets\/riverside-cities\/ressources\/colloques-rivieres-et-metropoles-europeennes\/#breadcrumb","itemListElement":[{"@type":"ListItem","position":1,"name":"Accueil","item":"https:\/\/www.tourisme-valdemarne.com\/espace-pro\/"},{"@type":"ListItem","position":2,"name":"Expertises et projets","item":"https:\/\/www.tourisme-valdemarne.com\/espace-pro\/expertises-et-projets\/"},{"@type":"ListItem","position":3,"name":"Riverside Cities","item":"https:\/\/www.tourisme-valdemarne.com\/espace-pro\/expertises-et-projets\/riverside-cities\/"},{"@type":"ListItem","position":4,"name":"Ressources","item":"https:\/\/www.tourisme-valdemarne.com\/espace-pro\/expertises-et-projets\/riverside-cities\/ressources\/"},{"@type":"ListItem","position":5,"name":"Colloque \u00ab Rivi\u00e8res et m\u00e9tropoles europ\u00e9ennes \u00bb"}]},{"@type":"WebSite","@id":"https:\/\/www.tourisme-valdemarne.com\/espace-pro\/#website","url":"https:\/\/www.tourisme-valdemarne.com\/espace-pro\/","name":"Espace Pro","description":"Informations et outils pour les professionnels et la Presse","potentialAction":[{"@type":"SearchAction","target":{"@type":"EntryPoint","urlTemplate":"https:\/\/www.tourisme-valdemarne.com\/espace-pro\/?s={search_term_string}"},"query-input":{"@type":"PropertyValueSpecification","valueRequired":true,"valueName":"search_term_string"}}],"inLanguage":"fr-FR"}]}},"_links":{"self":[{"href":"https:\/\/www.tourisme-valdemarne.com\/espace-pro\/wp-json\/wp\/v2\/pages\/922","targetHints":{"allow":["GET"]}}],"collection":[{"href":"https:\/\/www.tourisme-valdemarne.com\/espace-pro\/wp-json\/wp\/v2\/pages"}],"about":[{"href":"https:\/\/www.tourisme-valdemarne.com\/espace-pro\/wp-json\/wp\/v2\/types\/page"}],"author":[{"embeddable":true,"href":"https:\/\/www.tourisme-valdemarne.com\/espace-pro\/wp-json\/wp\/v2\/users\/1"}],"replies":[{"embeddable":true,"href":"https:\/\/www.tourisme-valdemarne.com\/espace-pro\/wp-json\/wp\/v2\/comments?post=922"}],"version-history":[{"count":10,"href":"https:\/\/www.tourisme-valdemarne.com\/espace-pro\/wp-json\/wp\/v2\/pages\/922\/revisions"}],"predecessor-version":[{"id":9183,"href":"https:\/\/www.tourisme-valdemarne.com\/espace-pro\/wp-json\/wp\/v2\/pages\/922\/revisions\/9183"}],"up":[{"embeddable":true,"href":"https:\/\/www.tourisme-valdemarne.com\/espace-pro\/wp-json\/wp\/v2\/pages\/6214"}],"wp:featuredmedia":[{"embeddable":true,"href":"https:\/\/www.tourisme-valdemarne.com\/espace-pro\/wp-json\/wp\/v2\/media\/2929"}],"wp:attachment":[{"href":"https:\/\/www.tourisme-valdemarne.com\/espace-pro\/wp-json\/wp\/v2\/media?parent=922"}],"wp:term":[{"taxonomy":"vdmTagMarketing","embeddable":true,"href":"https:\/\/www.tourisme-valdemarne.com\/espace-pro\/wp-json\/wp\/v2\/vdmTagMarketing?post=922"}],"curies":[{"name":"wp","href":"https:\/\/api.w.org\/{rel}","templated":true}]}}