{"id":912,"date":"2019-05-14T11:28:39","date_gmt":"2019-05-14T09:28:39","guid":{"rendered":"https:\/\/www.tourisme-valdemarne.com\/espace-pro\/un-projet-de-territoire"},"modified":"2024-02-08T16:44:44","modified_gmt":"2024-02-08T15:44:44","slug":"un-projet-de-territoire","status":"publish","type":"page","link":"https:\/\/www.tourisme-valdemarne.com\/espace-pro\/expertises-et-projets\/riverside-cities\/valorisation-des-bords-de-marne\/un-projet-de-territoire\/","title":{"rendered":"Un projet de territoire"},"content":{"rendered":"\n<p class=\"is-style-excerpt\">Initi\u00e9e il y a quelques ann\u00e9es, cette d\u00e9marche est avant tout un projet de territoire pour les bords de Marne \u00e0 proximit\u00e9 de Paris.<\/p>\n\n\n\n<h2 class=\"wp-block-heading\">A l\u2019origine du projet<\/h2>\n\n\n\n<p>En 2014, le CDT <a href=\"https:\/\/www.tourisme-valdemarne.com\/espace-pro\/expertises-et-projets\/riverside-cities\/valorisation-des-bords-de-marne\/groupes-de-travail\/\">r\u00e9unit une quinzaine d\u2019experts du territoire<\/a> pour r\u00e9fl\u00e9chir ensemble \u00e0 la valorisation des bords de Marne. L\u2019id\u00e9e d\u2019une d\u00e9marche de coop\u00e9ration europ\u00e9enne est rapidement adopt\u00e9e car elle ouvre des perspectives nouvelles pour le d\u00e9veloppement du territoire : la mise en valeur d\u2019une <a href=\"https:\/\/www.tourisme-valdemarne.com\/espace-pro\/expertises-et-projets\/riverside-cities\/reseau-europeen\/histoire\/\">histoire commune<\/a> aux m\u00e9tropoles europ\u00e9enne, celle de la conqu\u00eate des loisirs au bord de l\u2019eau (fleuves, rivi\u00e8res, canaux, etc).<\/p>\n\n\n\n<p>En effet, les bords de Marne ont vu naitre au XIXe et au XXe si\u00e8cle une soci\u00e9t\u00e9 de loisirs avec ses codes, ses pratiques, etc. Cette histoire de la conqu\u00eate des loisirs populaires est li\u00e9e au d\u00e9veloppement du droit aux loisirs et est embl\u00e9matique de l\u2019identit\u00e9 europ\u00e9enne. Ainsi, on trouve des correspondances dans l\u2019histoire d\u2019autres rivi\u00e8res urbaines, comme \u00e0 Londres, Vienne ou Berlin.<\/p>\n\n\n\n<p>La certification \u00ab Itin\u00e9raire culturel du Conseil de l\u2019Europe \u00bb est adopt\u00e9e comme objectif final, gage de qualit\u00e9 et de reconnaissance de cette d\u00e9marche. Il s\u2019agit donc de cr\u00e9er un <a href=\"https:\/\/www.tourisme-valdemarne.com\/espace-pro\/expertises-et-projets\/riverside-cities\/reseau-europeen\/objectifs\/\">r\u00e9seau de territoires europ\u00e9ens<\/a> ayant une histoire et des projets communs. Ce r\u00e9seau europ\u00e9en appel\u00e9 Riverside Cities existe aujourd\u2019hui de fa\u00e7on informelle et a vocation \u00e0 se structurer progressivement afin de r\u00e9unir l\u2019ensemble des crit\u00e8res permettant la certification Itin\u00e9raire culturel du Conseil de l\u2019Europe.<\/p>\n\n\n\n<h2 class=\"wp-block-heading\">Quels sont les objectifs du projet ?<\/h2>\n\n\n\n<p><strong>Quatre objectifs principaux<\/strong> peuvent \u00eatre identifi\u00e9s pour le territoire des bords de Marne :<\/p>\n\n\n\n<ul class=\"wp-block-list\"><li>Valoriser le territoire sous un angle diff\u00e9rent, celui de l\u2019histoire europ\u00e9enne des loisirs<\/li><li>Promouvoir et d\u00e9velopper l\u2019offre touristique et culturelle en menant de nouveaux projets gr\u00e2ce \u00e0 l\u2019obtention de financements europ\u00e9ens<\/li><li><a href=\"https:\/\/www.tourisme-valdemarne.com\/espace-pro\/expertises-et-projets\/riverside-cities\/star-cities\/\">Partager exp\u00e9riences et bonnes pratiques<\/a> avec d\u2019autres villes europ\u00e9ennes afin de d\u00e9velopper les comp\u00e9tences de chacun<\/li><li>Initier une <a href=\"https:\/\/www.tourisme-valdemarne.com\/espace-pro\/expertises-et-projets\/riverside-cities\/valorisation-des-bords-de-marne\/un-projet-de-territoire\/\">d\u00e9marche de coop\u00e9ration<\/a> entre les acteurs des bords de Marne pour cr\u00e9er des synergies et des compl\u00e9mentarit\u00e9s<\/li><\/ul>\n\n\n\n<p>Ainsi, ce projet est avant tout un moyen et un cadre pour le d\u00e9veloppement de nouvelles collaborations avec les acteurs locaux. Le r\u00e9seau europ\u00e9en permettra par ailleurs l\u2019<strong>essor d\u2019initiatives et de projets exemplaires et innovants<\/strong>, notamment dans les domaines du tourisme culturel et du d\u00e9veloppement durable.<\/p>\n\n\n\n<h2 class=\"wp-block-heading\">P\u00e9rim\u00e8tre d\u2019action<\/h2>\n\n\n\n<p>Interd\u00e9partemental, le p\u00e9rim\u00e8tre du projet s\u2019\u00e9tend sur trente communes depuis la confluence avec la Seine \u00e0 Charenton-le-Pont (Val-de-Marne) jusqu\u2019\u00e0 Chalifert (Seine-et-Marne) en passant par la Seine-Saint-Denis. Ce territoire correspond au p\u00e9rim\u00e8tre \u00ab historique \u00bb des bords de Marne et pr\u00e9sente \u00e9galement une homog\u00e9n\u00e9it\u00e9 paysag\u00e8re.<\/p>\n\n\n\n<p class=\"is-style-highlight\">Vous souhaitez participer \u00e0 ce projet de territoire ? <a href=\"mailto:cc&#104;&#111;&#119;&#97;h&#64;&#116;&#111;u&#114;&#105;sm&#101;-&#118;a&#108;&#100;&#101;&#109;arn&#101;&#46;&#99;om\" target=\"_blank\" rel=\"noreferrer noopener\">Contactez la responsable du projet<\/a> et <a href=\"https:\/\/www.tourisme-valdemarne.com\/espace-pro\/expertises-et-projets\/riverside-cities\/inscription-a-la-newsletter-riverside\/\" target=\"_blank\" rel=\"noreferrer noopener\">abonnez-vous \u00e0 la newsletter<\/a>.<\/p>\n\n\n\n<figure class=\"wp-block-image\"><img width=\"1200\" height=\"558\" data-src=\"https:\/\/www.tourisme-valdemarne.com\/espace-pro\/wp-content\/uploads\/sites\/3\/2019\/06\/carto-perimetre-paris-1200x558.jpg\" alt=\"\" class=\"wp-image-6337\" srcset=\"https:\/\/www.tourisme-valdemarne.com\/espace-pro\/wp-content\/uploads\/sites\/3\/2019\/06\/carto-perimetre-paris-1200x558.jpg 1200w, https:\/\/www.tourisme-valdemarne.com\/espace-pro\/wp-content\/uploads\/sites\/3\/2019\/06\/carto-perimetre-paris-600x279.jpg 600w, https:\/\/www.tourisme-valdemarne.com\/espace-pro\/wp-content\/uploads\/sites\/3\/2019\/06\/carto-perimetre-paris-900x419.jpg 900w, https:\/\/www.tourisme-valdemarne.com\/espace-pro\/wp-content\/uploads\/sites\/3\/2019\/06\/carto-perimetre-paris-380x177.jpg 380w, https:\/\/www.tourisme-valdemarne.com\/espace-pro\/wp-content\/uploads\/sites\/3\/2019\/06\/carto-perimetre-paris-200x93.jpg 200w, https:\/\/www.tourisme-valdemarne.com\/espace-pro\/wp-content\/uploads\/sites\/3\/2019\/06\/carto-perimetre-paris.jpg 1350w\" sizes=\"(max-width: 1200px) 100vw, 1200px\" \/><\/figure>\n\n\n\n<h2 class=\"wp-block-heading\">Gouvernance du projet<\/h2>\n\n\n\n<p>Diff\u00e9rentes instances ont \u00e9t\u00e9 mises en place par Val-de-Marne Tourisme &amp; Loisirs qui pilote ce projet&nbsp;:<\/p>\n\n\n\n<ul class=\"wp-block-list\"><li><strong>Un <\/strong><a href=\"https:\/\/www.tourisme-valdemarne.com\/espace-pro\/expertises-et-projets\/riverside-cities\/valorisation-des-bords-de-marne\/comites-de-pilotage\/\"><strong>comit\u00e9 de pilotage<\/strong><\/a> compos\u00e9 de repr\u00e9sentants des collectivit\u00e9s et offices de tourisme du territoire.<\/li><li><strong>Un r\u00e9seau local<\/strong> int\u00e9grant les services des collectivit\u00e9s partenaires, les mus\u00e9es et sites de visite, les institutions (Marne Vive, Ports de Paris, VNF, etc.), les associations historiques, culturelles, sportives ou environnementales concern\u00e9es et les entreprises (guinguettes, croisi\u00e9ristes, loueurs de v\u00e9los, etc.). Ce r\u00e9seau se r\u00e9unit chaque ann\u00e9e autour de <a href=\"https:\/\/www.tourisme-valdemarne.com\/espace-pro\/expertises-et-projets\/riverside-cities\/valorisation-des-bords-de-marne\/groupes-de-travail\/\">r\u00e9unions de travail<\/a> et de <a href=\"https:\/\/www.tourisme-valdemarne.com\/espace-pro\/expertises-et-projets\/riverside-cities\/valorisation-des-bords-de-marne\/eductours\/\">visites de terrain (\u00e9ductours)<\/a>.<\/li><\/ul>\n\n\n\n<div class=\"wp-block-image\"><figure class=\"aligncenter size-large\"><a href=\"https:\/\/www.siaap.fr\/\" target=\"_blank\" rel=\"noopener noreferrer\"><img width=\"1000\" height=\"250\" data-src=\"https:\/\/www.tourisme-valdemarne.com\/espace-pro\/wp-content\/uploads\/sites\/3\/2021\/04\/le-projet-riverside-cities-est-soutenu-par-le-siaap.png\" alt=\"logo soutien siaap\" class=\"wp-image-9144\" srcset=\"https:\/\/www.tourisme-valdemarne.com\/espace-pro\/wp-content\/uploads\/sites\/3\/2021\/04\/le-projet-riverside-cities-est-soutenu-par-le-siaap.png 1000w, https:\/\/www.tourisme-valdemarne.com\/espace-pro\/wp-content\/uploads\/sites\/3\/2021\/04\/le-projet-riverside-cities-est-soutenu-par-le-siaap-600x150.png 600w, https:\/\/www.tourisme-valdemarne.com\/espace-pro\/wp-content\/uploads\/sites\/3\/2021\/04\/le-projet-riverside-cities-est-soutenu-par-le-siaap-900x225.png 900w, https:\/\/www.tourisme-valdemarne.com\/espace-pro\/wp-content\/uploads\/sites\/3\/2021\/04\/le-projet-riverside-cities-est-soutenu-par-le-siaap-380x95.png 380w, https:\/\/www.tourisme-valdemarne.com\/espace-pro\/wp-content\/uploads\/sites\/3\/2021\/04\/le-projet-riverside-cities-est-soutenu-par-le-siaap-200x50.png 200w\" sizes=\"(max-width: 1000px) 100vw, 1000px\" \/><\/a><\/figure><\/div>\n","protected":false},"excerpt":{"rendered":"<p>Initi\u00e9e il y a quelques ann\u00e9es, cette d\u00e9marche est avant tout un projet de territoire pour les bords de Marne \u00e0 proximit\u00e9 de Paris. A l\u2019origine du projet En 2014, le CDT r\u00e9unit une quinzaine d\u2019experts du territoire pour r\u00e9fl\u00e9chir ensemble \u00e0 la valorisation des bords de Marne. L\u2019id\u00e9e d\u2019une d\u00e9marche de coop\u00e9ration europ\u00e9enne est [&hellip;]<\/p>\n","protected":false},"author":1,"featured_media":6151,"parent":6210,"menu_order":10,"comment_status":"closed","ping_status":"closed","template":"","meta":{"_relevanssi_hide_post":"","_relevanssi_hide_content":"","_relevanssi_pin_for_all":"","_relevanssi_pin_keywords":"","_relevanssi_unpin_keywords":"","_relevanssi_related_keywords":"","_relevanssi_related_include_ids":"","_relevanssi_related_exclude_ids":"","_relevanssi_related_no_append":"","_relevanssi_related_not_related":"","_relevanssi_related_posts":"444,2751,442,2745,2741,446","_relevanssi_noindex_reason":"","footnotes":""},"vdmTagMarketing":[],"class_list":["post-912","page","type-page","status-publish","has-post-thumbnail","hentry"],"acf":[],"yoast_head":"<!-- This site is optimized with the Yoast SEO plugin v23.9 - https:\/\/yoast.com\/wordpress\/plugins\/seo\/ -->\n<title>Un projet de territoire - Espace Pro<\/title>\n<meta name=\"description\" content=\"Initi\u00e9e il y a quelques ann\u00e9es, cette d\u00e9marche est avant tout un projet de territoire pour les bords de Marne \u00e0 proximit\u00e9 de Paris.\" \/>\n<meta name=\"robots\" content=\"index, follow, max-snippet:-1, max-image-preview:large, max-video-preview:-1\" \/>\n<link rel=\"canonical\" href=\"https:\/\/www.tourisme-valdemarne.com\/espace-pro\/expertises-et-projets\/riverside-cities\/valorisation-des-bords-de-marne\/un-projet-de-territoire\/\" \/>\n<meta property=\"og:locale\" content=\"fr_FR\" \/>\n<meta property=\"og:type\" content=\"article\" \/>\n<meta property=\"og:title\" content=\"Un projet de territoire - Espace Pro\" \/>\n<meta property=\"og:description\" content=\"Initi\u00e9e il y a quelques ann\u00e9es, cette d\u00e9marche est avant tout un projet de territoire pour les bords de Marne \u00e0 proximit\u00e9 de Paris.\" \/>\n<meta property=\"og:url\" content=\"https:\/\/www.tourisme-valdemarne.com\/espace-pro\/expertises-et-projets\/riverside-cities\/valorisation-des-bords-de-marne\/un-projet-de-territoire\/\" \/>\n<meta property=\"og:site_name\" content=\"Espace Pro\" \/>\n<meta property=\"article:modified_time\" content=\"2024-02-08T15:44:44+00:00\" \/>\n<meta property=\"og:image\" content=\"https:\/\/www.tourisme-valdemarne.com\/espace-pro\/wp-content\/uploads\/sites\/3\/wpetourisme\/DSCN0002.JPG\" \/>\n\t<meta property=\"og:image:width\" content=\"1500\" \/>\n\t<meta property=\"og:image:height\" content=\"2000\" \/>\n\t<meta property=\"og:image:type\" content=\"image\/jpeg\" \/>\n<meta name=\"twitter:card\" content=\"summary_large_image\" \/>\n<meta name=\"twitter:label1\" content=\"Dur\u00e9e de lecture estim\u00e9e\" \/>\n\t<meta name=\"twitter:data1\" content=\"4 minutes\" \/>\n<script type=\"application\/ld+json\" class=\"yoast-schema-graph\">{\"@context\":\"https:\/\/schema.org\",\"@graph\":[{\"@type\":\"WebPage\",\"@id\":\"https:\/\/www.tourisme-valdemarne.com\/espace-pro\/expertises-et-projets\/riverside-cities\/valorisation-des-bords-de-marne\/un-projet-de-territoire\/\",\"url\":\"https:\/\/www.tourisme-valdemarne.com\/espace-pro\/expertises-et-projets\/riverside-cities\/valorisation-des-bords-de-marne\/un-projet-de-territoire\/\",\"name\":\"Un projet de territoire - Espace Pro\",\"isPartOf\":{\"@id\":\"https:\/\/www.tourisme-valdemarne.com\/espace-pro\/#website\"},\"primaryImageOfPage\":{\"@id\":\"https:\/\/www.tourisme-valdemarne.com\/espace-pro\/expertises-et-projets\/riverside-cities\/valorisation-des-bords-de-marne\/un-projet-de-territoire\/#primaryimage\"},\"image\":{\"@id\":\"https:\/\/www.tourisme-valdemarne.com\/espace-pro\/expertises-et-projets\/riverside-cities\/valorisation-des-bords-de-marne\/un-projet-de-territoire\/#primaryimage\"},\"thumbnailUrl\":\"https:\/\/www.tourisme-valdemarne.com\/espace-pro\/wp-content\/uploads\/sites\/3\/wpetourisme\/DSCN0002.JPG\",\"datePublished\":\"2019-05-14T09:28:39+00:00\",\"dateModified\":\"2024-02-08T15:44:44+00:00\",\"description\":\"Initi\u00e9e il y a quelques ann\u00e9es, cette d\u00e9marche est avant tout un projet de territoire pour les bords de Marne \u00e0 proximit\u00e9 de Paris.\",\"breadcrumb\":{\"@id\":\"https:\/\/www.tourisme-valdemarne.com\/espace-pro\/expertises-et-projets\/riverside-cities\/valorisation-des-bords-de-marne\/un-projet-de-territoire\/#breadcrumb\"},\"inLanguage\":\"fr-FR\",\"potentialAction\":[{\"@type\":\"ReadAction\",\"target\":[\"https:\/\/www.tourisme-valdemarne.com\/espace-pro\/expertises-et-projets\/riverside-cities\/valorisation-des-bords-de-marne\/un-projet-de-territoire\/\"]}]},{\"@type\":\"ImageObject\",\"inLanguage\":\"fr-FR\",\"@id\":\"https:\/\/www.tourisme-valdemarne.com\/espace-pro\/expertises-et-projets\/riverside-cities\/valorisation-des-bords-de-marne\/un-projet-de-territoire\/#primaryimage\",\"url\":\"https:\/\/www.tourisme-valdemarne.com\/espace-pro\/wp-content\/uploads\/sites\/3\/wpetourisme\/DSCN0002.JPG\",\"contentUrl\":\"https:\/\/www.tourisme-valdemarne.com\/espace-pro\/wp-content\/uploads\/sites\/3\/wpetourisme\/DSCN0002.JPG\",\"width\":1500,\"height\":2000},{\"@type\":\"BreadcrumbList\",\"@id\":\"https:\/\/www.tourisme-valdemarne.com\/espace-pro\/expertises-et-projets\/riverside-cities\/valorisation-des-bords-de-marne\/un-projet-de-territoire\/#breadcrumb\",\"itemListElement\":[{\"@type\":\"ListItem\",\"position\":1,\"name\":\"Accueil\",\"item\":\"https:\/\/www.tourisme-valdemarne.com\/espace-pro\/\"},{\"@type\":\"ListItem\",\"position\":2,\"name\":\"Expertises et projets\",\"item\":\"https:\/\/www.tourisme-valdemarne.com\/espace-pro\/expertises-et-projets\/\"},{\"@type\":\"ListItem\",\"position\":3,\"name\":\"Riverside Cities\",\"item\":\"https:\/\/www.tourisme-valdemarne.com\/espace-pro\/expertises-et-projets\/riverside-cities\/\"},{\"@type\":\"ListItem\",\"position\":4,\"name\":\"Valorisation des bords de Marne\",\"item\":\"https:\/\/www.tourisme-valdemarne.com\/espace-pro\/expertises-et-projets\/riverside-cities\/valorisation-des-bords-de-marne\/\"},{\"@type\":\"ListItem\",\"position\":5,\"name\":\"Un projet de territoire\"}]},{\"@type\":\"WebSite\",\"@id\":\"https:\/\/www.tourisme-valdemarne.com\/espace-pro\/#website\",\"url\":\"https:\/\/www.tourisme-valdemarne.com\/espace-pro\/\",\"name\":\"Espace Pro\",\"description\":\"Informations et outils pour les professionnels et la Presse\",\"potentialAction\":[{\"@type\":\"SearchAction\",\"target\":{\"@type\":\"EntryPoint\",\"urlTemplate\":\"https:\/\/www.tourisme-valdemarne.com\/espace-pro\/?s={search_term_string}\"},\"query-input\":{\"@type\":\"PropertyValueSpecification\",\"valueRequired\":true,\"valueName\":\"search_term_string\"}}],\"inLanguage\":\"fr-FR\"}]}<\/script>\n<!-- \/ Yoast SEO plugin. -->","yoast_head_json":{"title":"Un projet de territoire - Espace Pro","description":"Initi\u00e9e il y a quelques ann\u00e9es, cette d\u00e9marche est avant tout un projet de territoire pour les bords de Marne \u00e0 proximit\u00e9 de Paris.","robots":{"index":"index","follow":"follow","max-snippet":"max-snippet:-1","max-image-preview":"max-image-preview:large","max-video-preview":"max-video-preview:-1"},"canonical":"https:\/\/www.tourisme-valdemarne.com\/espace-pro\/expertises-et-projets\/riverside-cities\/valorisation-des-bords-de-marne\/un-projet-de-territoire\/","og_locale":"fr_FR","og_type":"article","og_title":"Un projet de territoire - Espace Pro","og_description":"Initi\u00e9e il y a quelques ann\u00e9es, cette d\u00e9marche est avant tout un projet de territoire pour les bords de Marne \u00e0 proximit\u00e9 de Paris.","og_url":"https:\/\/www.tourisme-valdemarne.com\/espace-pro\/expertises-et-projets\/riverside-cities\/valorisation-des-bords-de-marne\/un-projet-de-territoire\/","og_site_name":"Espace Pro","article_modified_time":"2024-02-08T15:44:44+00:00","og_image":[{"width":1500,"height":2000,"url":"https:\/\/www.tourisme-valdemarne.com\/espace-pro\/wp-content\/uploads\/sites\/3\/wpetourisme\/DSCN0002.JPG","type":"image\/jpeg"}],"twitter_card":"summary_large_image","twitter_misc":{"Dur\u00e9e de lecture estim\u00e9e":"4 minutes"},"schema":{"@context":"https:\/\/schema.org","@graph":[{"@type":"WebPage","@id":"https:\/\/www.tourisme-valdemarne.com\/espace-pro\/expertises-et-projets\/riverside-cities\/valorisation-des-bords-de-marne\/un-projet-de-territoire\/","url":"https:\/\/www.tourisme-valdemarne.com\/espace-pro\/expertises-et-projets\/riverside-cities\/valorisation-des-bords-de-marne\/un-projet-de-territoire\/","name":"Un projet de territoire - Espace Pro","isPartOf":{"@id":"https:\/\/www.tourisme-valdemarne.com\/espace-pro\/#website"},"primaryImageOfPage":{"@id":"https:\/\/www.tourisme-valdemarne.com\/espace-pro\/expertises-et-projets\/riverside-cities\/valorisation-des-bords-de-marne\/un-projet-de-territoire\/#primaryimage"},"image":{"@id":"https:\/\/www.tourisme-valdemarne.com\/espace-pro\/expertises-et-projets\/riverside-cities\/valorisation-des-bords-de-marne\/un-projet-de-territoire\/#primaryimage"},"thumbnailUrl":"https:\/\/www.tourisme-valdemarne.com\/espace-pro\/wp-content\/uploads\/sites\/3\/wpetourisme\/DSCN0002.JPG","datePublished":"2019-05-14T09:28:39+00:00","dateModified":"2024-02-08T15:44:44+00:00","description":"Initi\u00e9e il y a quelques ann\u00e9es, cette d\u00e9marche est avant tout un projet de territoire pour les bords de Marne \u00e0 proximit\u00e9 de Paris.","breadcrumb":{"@id":"https:\/\/www.tourisme-valdemarne.com\/espace-pro\/expertises-et-projets\/riverside-cities\/valorisation-des-bords-de-marne\/un-projet-de-territoire\/#breadcrumb"},"inLanguage":"fr-FR","potentialAction":[{"@type":"ReadAction","target":["https:\/\/www.tourisme-valdemarne.com\/espace-pro\/expertises-et-projets\/riverside-cities\/valorisation-des-bords-de-marne\/un-projet-de-territoire\/"]}]},{"@type":"ImageObject","inLanguage":"fr-FR","@id":"https:\/\/www.tourisme-valdemarne.com\/espace-pro\/expertises-et-projets\/riverside-cities\/valorisation-des-bords-de-marne\/un-projet-de-territoire\/#primaryimage","url":"https:\/\/www.tourisme-valdemarne.com\/espace-pro\/wp-content\/uploads\/sites\/3\/wpetourisme\/DSCN0002.JPG","contentUrl":"https:\/\/www.tourisme-valdemarne.com\/espace-pro\/wp-content\/uploads\/sites\/3\/wpetourisme\/DSCN0002.JPG","width":1500,"height":2000},{"@type":"BreadcrumbList","@id":"https:\/\/www.tourisme-valdemarne.com\/espace-pro\/expertises-et-projets\/riverside-cities\/valorisation-des-bords-de-marne\/un-projet-de-territoire\/#breadcrumb","itemListElement":[{"@type":"ListItem","position":1,"name":"Accueil","item":"https:\/\/www.tourisme-valdemarne.com\/espace-pro\/"},{"@type":"ListItem","position":2,"name":"Expertises et projets","item":"https:\/\/www.tourisme-valdemarne.com\/espace-pro\/expertises-et-projets\/"},{"@type":"ListItem","position":3,"name":"Riverside Cities","item":"https:\/\/www.tourisme-valdemarne.com\/espace-pro\/expertises-et-projets\/riverside-cities\/"},{"@type":"ListItem","position":4,"name":"Valorisation des bords de Marne","item":"https:\/\/www.tourisme-valdemarne.com\/espace-pro\/expertises-et-projets\/riverside-cities\/valorisation-des-bords-de-marne\/"},{"@type":"ListItem","position":5,"name":"Un projet de territoire"}]},{"@type":"WebSite","@id":"https:\/\/www.tourisme-valdemarne.com\/espace-pro\/#website","url":"https:\/\/www.tourisme-valdemarne.com\/espace-pro\/","name":"Espace Pro","description":"Informations et outils pour les professionnels et la Presse","potentialAction":[{"@type":"SearchAction","target":{"@type":"EntryPoint","urlTemplate":"https:\/\/www.tourisme-valdemarne.com\/espace-pro\/?s={search_term_string}"},"query-input":{"@type":"PropertyValueSpecification","valueRequired":true,"valueName":"search_term_string"}}],"inLanguage":"fr-FR"}]}},"_links":{"self":[{"href":"https:\/\/www.tourisme-valdemarne.com\/espace-pro\/wp-json\/wp\/v2\/pages\/912","targetHints":{"allow":["GET"]}}],"collection":[{"href":"https:\/\/www.tourisme-valdemarne.com\/espace-pro\/wp-json\/wp\/v2\/pages"}],"about":[{"href":"https:\/\/www.tourisme-valdemarne.com\/espace-pro\/wp-json\/wp\/v2\/types\/page"}],"author":[{"embeddable":true,"href":"https:\/\/www.tourisme-valdemarne.com\/espace-pro\/wp-json\/wp\/v2\/users\/1"}],"replies":[{"embeddable":true,"href":"https:\/\/www.tourisme-valdemarne.com\/espace-pro\/wp-json\/wp\/v2\/comments?post=912"}],"version-history":[{"count":10,"href":"https:\/\/www.tourisme-valdemarne.com\/espace-pro\/wp-json\/wp\/v2\/pages\/912\/revisions"}],"predecessor-version":[{"id":26269,"href":"https:\/\/www.tourisme-valdemarne.com\/espace-pro\/wp-json\/wp\/v2\/pages\/912\/revisions\/26269"}],"up":[{"embeddable":true,"href":"https:\/\/www.tourisme-valdemarne.com\/espace-pro\/wp-json\/wp\/v2\/pages\/6210"}],"wp:featuredmedia":[{"embeddable":true,"href":"https:\/\/www.tourisme-valdemarne.com\/espace-pro\/wp-json\/wp\/v2\/media\/6151"}],"wp:attachment":[{"href":"https:\/\/www.tourisme-valdemarne.com\/espace-pro\/wp-json\/wp\/v2\/media?parent=912"}],"wp:term":[{"taxonomy":"vdmTagMarketing","embeddable":true,"href":"https:\/\/www.tourisme-valdemarne.com\/espace-pro\/wp-json\/wp\/v2\/vdmTagMarketing?post=912"}],"curies":[{"name":"wp","href":"https:\/\/api.w.org\/{rel}","templated":true}]}}