{"id":9101,"date":"2021-04-14T14:43:21","date_gmt":"2021-04-14T12:43:21","guid":{"rendered":"https:\/\/www.tourisme-valdemarne.com\/espace-pro\/?page_id=9101"},"modified":"2024-03-25T15:53:43","modified_gmt":"2024-03-25T14:53:43","slug":"plan-de-reprise-du-tourisme-en-val-de-marne","status":"publish","type":"page","link":"https:\/\/www.tourisme-valdemarne.com\/espace-pro\/presse\/actualites-et-communiques-de-presse\/communiques-de-presse-precedents\/plan-de-reprise-du-tourisme-en-val-de-marne\/","title":{"rendered":"Plan de reprise du tourisme en Val-de-Marne"},"content":{"rendered":"\n<p class=\"is-style-excerpt\"><strong>Communiqu\u00e9 de presse<\/strong><\/p>\n\n\n\n<h2 class=\"wp-block-heading\">Le d\u00e9partement se mobilise pour soutenir les acteurs du tourisme et des loisirs<\/h2>\n\n\n\n<p>A la suite des <a href=\"https:\/\/www.tourisme-valdemarne.com\/espace-pro\/qui-sommes-nous\/rencontres-du-tourisme\/rencontres-du-tourisme-2021\/\" target=\"_blank\" rel=\"noreferrer noopener\">rencontres du tourisme qui se sont d\u00e9roul\u00e9es le 27 janvier 2021<\/a> en pr\u00e9sence de 170 professionnels et partenaires, le conseil d\u2019administration de Val-de-Marne Tourisme &amp; Loisirs, r\u00e9uni le 30 mars 2021, a d\u00e9cid\u00e9 de <strong>constituer une r\u00e9serve permettant de mettre en \u0153uvre de nouvelles actions afin de soutenir les acteurs d\u2019un secteur tr\u00e8s durement touch\u00e9 par la crise du Covid-19<\/strong>.<\/p>\n\n\n\n<p>Afin de r\u00e9pondre aux besoins des professionnels, ce plan d\u2019actions exceptionnelles a \u00e9t\u00e9 \u00e9labor\u00e9 en \u00e9troite collaboration avec les acteurs et s\u2019appuie notamment sur les r\u00e9sultats de la <a href=\"https:\/\/www.tourisme-valdemarne.com\/espace-pro\/observatoire-du-tourisme\/etudes-et-enquetes\/enquete-bilan-quel-impact-a-la-crise-sanitaire-sur-le-tourisme-val-de-marnais\/\" target=\"_blank\" rel=\"noreferrer noopener\">grande enqu\u00eate men\u00e9e fin 2020 par Val-de-Marne Tourisme &amp; Loisirs aupr\u00e8s de nombreux professionnels du tourisme et des loisirs<\/a> (h\u00f4teliers et r\u00e9sidences de tourisme, chambres d\u2019h\u00f4tes, restaurateurs, lieux de tourisme d\u2019affaires, sites culturels, lieux de visite\u2026) ainsi que sur des r\u00e9unions sp\u00e9cifiques organis\u00e9es avec ces diff\u00e9rents professionnels.<\/p>\n\n\n\n<p>Ce plan d\u2019actions exceptionnelles s\u2019\u00e9chelonne sur trois ans.<\/p>\n\n\n\n<p>Les <strong>actions pr\u00e9vues<\/strong> concourent, par exemple&nbsp;:<\/p>\n\n\n\n<ul class=\"wp-block-list\"><li>\u00e0 aider les guides \u00e0 d\u00e9velopper de nouvelles offres de visites et balades dans le Val-de-Marne, \u00e0 alimenter leurs visites virtuelles par des contenus vid\u00e9o\u2026&nbsp;;<\/li><li>\u00e0 accompagner les h\u00f4teliers dans la gestion environnementale, \u00e0 d\u00e9velopper la promotion des h\u00f4tels aupr\u00e8s des entreprises val-de-marnaises etc.&nbsp;;<\/li><li>\u00e0 d\u00e9velopper par exemple des partenariats avec des influenceurs sp\u00e9cialis\u00e9s en gastronomie afin d\u2019aider \u00e0 la reprise d\u2019activit\u00e9 des restaurateurs val-de-marnais&nbsp;;<\/li><li>\u00e0 encourager la participation des lieux de tourisme d\u2019affaires \u00e0 des salons sp\u00e9cialis\u00e9s et \u00e0 d\u00e9velopper la visibilit\u00e9 de ces professionnels aupr\u00e8s des client\u00e8les MICE\u2026&nbsp;;<\/li><li>\u00e0 renforcer la promotion de nos partenaires touristiques accueillant des groupes&nbsp;;<\/li><li>\u00e0 renforcer la notori\u00e9t\u00e9 de l\u2019ensemble des acteurs val-de-marnais du tourisme et des loisirs (campagnes m\u00e9dia\u2026).<\/li><\/ul>\n\n\n\n<p>Tr\u00e8s soucieux de soutenir le secteur du tourisme et des loisirs dans cette crise et dans les perspectives de reprise, Val-de-Marne Tourisme &amp; Loisirs met tout en \u0153uvre pour en \u00e9pauler les acteurs et \u00eatre utile au territoire.<\/p>\n\n\n\n<p class=\"is-style-highlight\"><a href=\"https:\/\/www.tourisme-valdemarne.com\/espace-pro\/wp-content\/uploads\/sites\/3\/2021\/04\/cp-plan-reprise-tourisme-val-de-marne.pdf\" target=\"_blank\" rel=\"noreferrer noopener\">Le communiqu\u00e9 de presse<\/a><\/p>\n","protected":false},"excerpt":{"rendered":"<p>Communiqu\u00e9 de presse Le d\u00e9partement se mobilise pour soutenir les acteurs du tourisme et des loisirs A la suite des rencontres du tourisme qui se sont d\u00e9roul\u00e9es le 27 janvier 2021 en pr\u00e9sence de 170 professionnels et partenaires, le conseil d\u2019administration de Val-de-Marne Tourisme &amp; Loisirs, r\u00e9uni le 30 mars 2021, a d\u00e9cid\u00e9 de constituer [&hellip;]<\/p>\n","protected":false},"author":10,"featured_media":9105,"parent":2883,"menu_order":174,"comment_status":"closed","ping_status":"closed","template":"","meta":{"_relevanssi_hide_post":"","_relevanssi_hide_content":"","_relevanssi_pin_for_all":"","_relevanssi_pin_keywords":"","_relevanssi_unpin_keywords":"","_relevanssi_related_keywords":"","_relevanssi_related_include_ids":"","_relevanssi_related_exclude_ids":"","_relevanssi_related_no_append":"","_relevanssi_related_not_related":"","_relevanssi_related_posts":"8101,8095,2745,2751,444,8077","_relevanssi_noindex_reason":"","footnotes":""},"vdmTagMarketing":[],"class_list":["post-9101","page","type-page","status-publish","has-post-thumbnail","hentry"],"acf":[],"yoast_head":"<!-- This site is optimized with the Yoast SEO plugin v23.9 - https:\/\/yoast.com\/wordpress\/plugins\/seo\/ -->\n<title>Plan de reprise du tourisme en Val-de-Marne - Espace Pro<\/title>\n<meta name=\"description\" content=\"D\u00e9couvrez les derni\u00e8res actions d\u00e9ploy\u00e9es par le Val-de-Marne pour soutenir les acteurs du tourisme et des loisirs face \u00e0 la crise du Covid-19.\" \/>\n<meta name=\"robots\" content=\"index, follow, max-snippet:-1, max-image-preview:large, max-video-preview:-1\" \/>\n<link rel=\"canonical\" href=\"https:\/\/www.tourisme-valdemarne.com\/espace-pro\/presse\/actualites-et-communiques-de-presse\/communiques-de-presse-precedents\/plan-de-reprise-du-tourisme-en-val-de-marne\/\" \/>\n<meta property=\"og:locale\" content=\"fr_FR\" \/>\n<meta property=\"og:type\" content=\"article\" \/>\n<meta property=\"og:title\" content=\"Plan de reprise du tourisme en Val-de-Marne - Espace Pro\" \/>\n<meta property=\"og:description\" content=\"D\u00e9couvrez les derni\u00e8res actions d\u00e9ploy\u00e9es par le Val-de-Marne pour soutenir les acteurs du tourisme et des loisirs face \u00e0 la crise du Covid-19.\" \/>\n<meta property=\"og:url\" content=\"https:\/\/www.tourisme-valdemarne.com\/espace-pro\/presse\/actualites-et-communiques-de-presse\/communiques-de-presse-precedents\/plan-de-reprise-du-tourisme-en-val-de-marne\/\" \/>\n<meta property=\"og:site_name\" content=\"Espace Pro\" \/>\n<meta property=\"article:modified_time\" content=\"2024-03-25T14:53:43+00:00\" \/>\n<meta property=\"og:image\" content=\"https:\/\/www.tourisme-valdemarne.com\/espace-pro\/wp-content\/uploads\/sites\/3\/2021\/04\/promeneurs_bras_chapitre-creteil.jpg\" \/>\n\t<meta property=\"og:image:width\" content=\"2048\" \/>\n\t<meta property=\"og:image:height\" content=\"1371\" \/>\n\t<meta property=\"og:image:type\" content=\"image\/jpeg\" \/>\n<meta name=\"twitter:card\" content=\"summary_large_image\" \/>\n<meta name=\"twitter:label1\" content=\"Dur\u00e9e de lecture estim\u00e9e\" \/>\n\t<meta name=\"twitter:data1\" content=\"2 minutes\" \/>\n<script type=\"application\/ld+json\" class=\"yoast-schema-graph\">{\"@context\":\"https:\/\/schema.org\",\"@graph\":[{\"@type\":\"WebPage\",\"@id\":\"https:\/\/www.tourisme-valdemarne.com\/espace-pro\/presse\/actualites-et-communiques-de-presse\/communiques-de-presse-precedents\/plan-de-reprise-du-tourisme-en-val-de-marne\/\",\"url\":\"https:\/\/www.tourisme-valdemarne.com\/espace-pro\/presse\/actualites-et-communiques-de-presse\/communiques-de-presse-precedents\/plan-de-reprise-du-tourisme-en-val-de-marne\/\",\"name\":\"Plan de reprise du tourisme en Val-de-Marne - Espace Pro\",\"isPartOf\":{\"@id\":\"https:\/\/www.tourisme-valdemarne.com\/espace-pro\/#website\"},\"primaryImageOfPage\":{\"@id\":\"https:\/\/www.tourisme-valdemarne.com\/espace-pro\/presse\/actualites-et-communiques-de-presse\/communiques-de-presse-precedents\/plan-de-reprise-du-tourisme-en-val-de-marne\/#primaryimage\"},\"image\":{\"@id\":\"https:\/\/www.tourisme-valdemarne.com\/espace-pro\/presse\/actualites-et-communiques-de-presse\/communiques-de-presse-precedents\/plan-de-reprise-du-tourisme-en-val-de-marne\/#primaryimage\"},\"thumbnailUrl\":\"https:\/\/www.tourisme-valdemarne.com\/espace-pro\/wp-content\/uploads\/sites\/3\/2021\/04\/promeneurs_bras_chapitre-creteil.jpg\",\"datePublished\":\"2021-04-14T12:43:21+00:00\",\"dateModified\":\"2024-03-25T14:53:43+00:00\",\"description\":\"D\u00e9couvrez les derni\u00e8res actions d\u00e9ploy\u00e9es par le Val-de-Marne pour soutenir les acteurs du tourisme et des loisirs face \u00e0 la crise du Covid-19.\",\"breadcrumb\":{\"@id\":\"https:\/\/www.tourisme-valdemarne.com\/espace-pro\/presse\/actualites-et-communiques-de-presse\/communiques-de-presse-precedents\/plan-de-reprise-du-tourisme-en-val-de-marne\/#breadcrumb\"},\"inLanguage\":\"fr-FR\",\"potentialAction\":[{\"@type\":\"ReadAction\",\"target\":[\"https:\/\/www.tourisme-valdemarne.com\/espace-pro\/presse\/actualites-et-communiques-de-presse\/communiques-de-presse-precedents\/plan-de-reprise-du-tourisme-en-val-de-marne\/\"]}]},{\"@type\":\"ImageObject\",\"inLanguage\":\"fr-FR\",\"@id\":\"https:\/\/www.tourisme-valdemarne.com\/espace-pro\/presse\/actualites-et-communiques-de-presse\/communiques-de-presse-precedents\/plan-de-reprise-du-tourisme-en-val-de-marne\/#primaryimage\",\"url\":\"https:\/\/www.tourisme-valdemarne.com\/espace-pro\/wp-content\/uploads\/sites\/3\/2021\/04\/promeneurs_bras_chapitre-creteil.jpg\",\"contentUrl\":\"https:\/\/www.tourisme-valdemarne.com\/espace-pro\/wp-content\/uploads\/sites\/3\/2021\/04\/promeneurs_bras_chapitre-creteil.jpg\",\"width\":2048,\"height\":1371,\"caption\":\"Promeneurs au bras du chapitre \u00e0 Cr\u00e9teil\"},{\"@type\":\"BreadcrumbList\",\"@id\":\"https:\/\/www.tourisme-valdemarne.com\/espace-pro\/presse\/actualites-et-communiques-de-presse\/communiques-de-presse-precedents\/plan-de-reprise-du-tourisme-en-val-de-marne\/#breadcrumb\",\"itemListElement\":[{\"@type\":\"ListItem\",\"position\":1,\"name\":\"Accueil\",\"item\":\"https:\/\/www.tourisme-valdemarne.com\/espace-pro\/\"},{\"@type\":\"ListItem\",\"position\":2,\"name\":\"Presse\",\"item\":\"https:\/\/www.tourisme-valdemarne.com\/espace-pro\/presse\/\"},{\"@type\":\"ListItem\",\"position\":3,\"name\":\"Actualit\u00e9s et communiqu\u00e9s de presse\",\"item\":\"https:\/\/www.tourisme-valdemarne.com\/espace-pro\/presse\/actualites-et-communiques-de-presse\/\"},{\"@type\":\"ListItem\",\"position\":4,\"name\":\"Communiqu\u00e9s de presse pr\u00e9c\u00e9dents\",\"item\":\"https:\/\/www.tourisme-valdemarne.com\/espace-pro\/presse\/actualites-et-communiques-de-presse\/communiques-de-presse-precedents\/\"},{\"@type\":\"ListItem\",\"position\":5,\"name\":\"Plan de reprise du tourisme en Val-de-Marne\"}]},{\"@type\":\"WebSite\",\"@id\":\"https:\/\/www.tourisme-valdemarne.com\/espace-pro\/#website\",\"url\":\"https:\/\/www.tourisme-valdemarne.com\/espace-pro\/\",\"name\":\"Espace Pro\",\"description\":\"Informations et outils pour les professionnels et la Presse\",\"potentialAction\":[{\"@type\":\"SearchAction\",\"target\":{\"@type\":\"EntryPoint\",\"urlTemplate\":\"https:\/\/www.tourisme-valdemarne.com\/espace-pro\/?s={search_term_string}\"},\"query-input\":{\"@type\":\"PropertyValueSpecification\",\"valueRequired\":true,\"valueName\":\"search_term_string\"}}],\"inLanguage\":\"fr-FR\"}]}<\/script>\n<!-- \/ Yoast SEO plugin. -->","yoast_head_json":{"title":"Plan de reprise du tourisme en Val-de-Marne - Espace Pro","description":"D\u00e9couvrez les derni\u00e8res actions d\u00e9ploy\u00e9es par le Val-de-Marne pour soutenir les acteurs du tourisme et des loisirs face \u00e0 la crise du Covid-19.","robots":{"index":"index","follow":"follow","max-snippet":"max-snippet:-1","max-image-preview":"max-image-preview:large","max-video-preview":"max-video-preview:-1"},"canonical":"https:\/\/www.tourisme-valdemarne.com\/espace-pro\/presse\/actualites-et-communiques-de-presse\/communiques-de-presse-precedents\/plan-de-reprise-du-tourisme-en-val-de-marne\/","og_locale":"fr_FR","og_type":"article","og_title":"Plan de reprise du tourisme en Val-de-Marne - Espace Pro","og_description":"D\u00e9couvrez les derni\u00e8res actions d\u00e9ploy\u00e9es par le Val-de-Marne pour soutenir les acteurs du tourisme et des loisirs face \u00e0 la crise du Covid-19.","og_url":"https:\/\/www.tourisme-valdemarne.com\/espace-pro\/presse\/actualites-et-communiques-de-presse\/communiques-de-presse-precedents\/plan-de-reprise-du-tourisme-en-val-de-marne\/","og_site_name":"Espace Pro","article_modified_time":"2024-03-25T14:53:43+00:00","og_image":[{"width":2048,"height":1371,"url":"https:\/\/www.tourisme-valdemarne.com\/espace-pro\/wp-content\/uploads\/sites\/3\/2021\/04\/promeneurs_bras_chapitre-creteil.jpg","type":"image\/jpeg"}],"twitter_card":"summary_large_image","twitter_misc":{"Dur\u00e9e de lecture estim\u00e9e":"2 minutes"},"schema":{"@context":"https:\/\/schema.org","@graph":[{"@type":"WebPage","@id":"https:\/\/www.tourisme-valdemarne.com\/espace-pro\/presse\/actualites-et-communiques-de-presse\/communiques-de-presse-precedents\/plan-de-reprise-du-tourisme-en-val-de-marne\/","url":"https:\/\/www.tourisme-valdemarne.com\/espace-pro\/presse\/actualites-et-communiques-de-presse\/communiques-de-presse-precedents\/plan-de-reprise-du-tourisme-en-val-de-marne\/","name":"Plan de reprise du tourisme en Val-de-Marne - Espace Pro","isPartOf":{"@id":"https:\/\/www.tourisme-valdemarne.com\/espace-pro\/#website"},"primaryImageOfPage":{"@id":"https:\/\/www.tourisme-valdemarne.com\/espace-pro\/presse\/actualites-et-communiques-de-presse\/communiques-de-presse-precedents\/plan-de-reprise-du-tourisme-en-val-de-marne\/#primaryimage"},"image":{"@id":"https:\/\/www.tourisme-valdemarne.com\/espace-pro\/presse\/actualites-et-communiques-de-presse\/communiques-de-presse-precedents\/plan-de-reprise-du-tourisme-en-val-de-marne\/#primaryimage"},"thumbnailUrl":"https:\/\/www.tourisme-valdemarne.com\/espace-pro\/wp-content\/uploads\/sites\/3\/2021\/04\/promeneurs_bras_chapitre-creteil.jpg","datePublished":"2021-04-14T12:43:21+00:00","dateModified":"2024-03-25T14:53:43+00:00","description":"D\u00e9couvrez les derni\u00e8res actions d\u00e9ploy\u00e9es par le Val-de-Marne pour soutenir les acteurs du tourisme et des loisirs face \u00e0 la crise du Covid-19.","breadcrumb":{"@id":"https:\/\/www.tourisme-valdemarne.com\/espace-pro\/presse\/actualites-et-communiques-de-presse\/communiques-de-presse-precedents\/plan-de-reprise-du-tourisme-en-val-de-marne\/#breadcrumb"},"inLanguage":"fr-FR","potentialAction":[{"@type":"ReadAction","target":["https:\/\/www.tourisme-valdemarne.com\/espace-pro\/presse\/actualites-et-communiques-de-presse\/communiques-de-presse-precedents\/plan-de-reprise-du-tourisme-en-val-de-marne\/"]}]},{"@type":"ImageObject","inLanguage":"fr-FR","@id":"https:\/\/www.tourisme-valdemarne.com\/espace-pro\/presse\/actualites-et-communiques-de-presse\/communiques-de-presse-precedents\/plan-de-reprise-du-tourisme-en-val-de-marne\/#primaryimage","url":"https:\/\/www.tourisme-valdemarne.com\/espace-pro\/wp-content\/uploads\/sites\/3\/2021\/04\/promeneurs_bras_chapitre-creteil.jpg","contentUrl":"https:\/\/www.tourisme-valdemarne.com\/espace-pro\/wp-content\/uploads\/sites\/3\/2021\/04\/promeneurs_bras_chapitre-creteil.jpg","width":2048,"height":1371,"caption":"Promeneurs au bras du chapitre \u00e0 Cr\u00e9teil"},{"@type":"BreadcrumbList","@id":"https:\/\/www.tourisme-valdemarne.com\/espace-pro\/presse\/actualites-et-communiques-de-presse\/communiques-de-presse-precedents\/plan-de-reprise-du-tourisme-en-val-de-marne\/#breadcrumb","itemListElement":[{"@type":"ListItem","position":1,"name":"Accueil","item":"https:\/\/www.tourisme-valdemarne.com\/espace-pro\/"},{"@type":"ListItem","position":2,"name":"Presse","item":"https:\/\/www.tourisme-valdemarne.com\/espace-pro\/presse\/"},{"@type":"ListItem","position":3,"name":"Actualit\u00e9s et communiqu\u00e9s de presse","item":"https:\/\/www.tourisme-valdemarne.com\/espace-pro\/presse\/actualites-et-communiques-de-presse\/"},{"@type":"ListItem","position":4,"name":"Communiqu\u00e9s de presse pr\u00e9c\u00e9dents","item":"https:\/\/www.tourisme-valdemarne.com\/espace-pro\/presse\/actualites-et-communiques-de-presse\/communiques-de-presse-precedents\/"},{"@type":"ListItem","position":5,"name":"Plan de reprise du tourisme en Val-de-Marne"}]},{"@type":"WebSite","@id":"https:\/\/www.tourisme-valdemarne.com\/espace-pro\/#website","url":"https:\/\/www.tourisme-valdemarne.com\/espace-pro\/","name":"Espace Pro","description":"Informations et outils pour les professionnels et la Presse","potentialAction":[{"@type":"SearchAction","target":{"@type":"EntryPoint","urlTemplate":"https:\/\/www.tourisme-valdemarne.com\/espace-pro\/?s={search_term_string}"},"query-input":{"@type":"PropertyValueSpecification","valueRequired":true,"valueName":"search_term_string"}}],"inLanguage":"fr-FR"}]}},"_links":{"self":[{"href":"https:\/\/www.tourisme-valdemarne.com\/espace-pro\/wp-json\/wp\/v2\/pages\/9101","targetHints":{"allow":["GET"]}}],"collection":[{"href":"https:\/\/www.tourisme-valdemarne.com\/espace-pro\/wp-json\/wp\/v2\/pages"}],"about":[{"href":"https:\/\/www.tourisme-valdemarne.com\/espace-pro\/wp-json\/wp\/v2\/types\/page"}],"author":[{"embeddable":true,"href":"https:\/\/www.tourisme-valdemarne.com\/espace-pro\/wp-json\/wp\/v2\/users\/10"}],"replies":[{"embeddable":true,"href":"https:\/\/www.tourisme-valdemarne.com\/espace-pro\/wp-json\/wp\/v2\/comments?post=9101"}],"version-history":[{"count":7,"href":"https:\/\/www.tourisme-valdemarne.com\/espace-pro\/wp-json\/wp\/v2\/pages\/9101\/revisions"}],"predecessor-version":[{"id":12477,"href":"https:\/\/www.tourisme-valdemarne.com\/espace-pro\/wp-json\/wp\/v2\/pages\/9101\/revisions\/12477"}],"up":[{"embeddable":true,"href":"https:\/\/www.tourisme-valdemarne.com\/espace-pro\/wp-json\/wp\/v2\/pages\/2883"}],"wp:featuredmedia":[{"embeddable":true,"href":"https:\/\/www.tourisme-valdemarne.com\/espace-pro\/wp-json\/wp\/v2\/media\/9105"}],"wp:attachment":[{"href":"https:\/\/www.tourisme-valdemarne.com\/espace-pro\/wp-json\/wp\/v2\/media?parent=9101"}],"wp:term":[{"taxonomy":"vdmTagMarketing","embeddable":true,"href":"https:\/\/www.tourisme-valdemarne.com\/espace-pro\/wp-json\/wp\/v2\/vdmTagMarketing?post=9101"}],"curies":[{"name":"wp","href":"https:\/\/api.w.org\/{rel}","templated":true}]}}