{"id":908,"date":"2019-05-14T11:27:55","date_gmt":"2019-05-14T09:27:55","guid":{"rendered":"https:\/\/www.tourisme-valdemarne.com\/espace-pro\/membres"},"modified":"2021-04-26T15:20:21","modified_gmt":"2021-04-26T13:20:21","slug":"membres","status":"publish","type":"page","link":"https:\/\/www.tourisme-valdemarne.com\/espace-pro\/expertises-et-projets\/riverside-cities\/reseau-europeen\/membres\/","title":{"rendered":"Membres"},"content":{"rendered":"\n<p class=\"is-style-excerpt\">Le r\u00e9seau Riverside Cities regroupe aujourd&rsquo;hui les partenaires suivants :<\/p>\n\n\n\n<div class=\"wp-block-media-text is-stacked-on-mobile\"><figure class=\"wp-block-media-text__media\"><img width=\"1200\" height=\"833\" data-src=\"https:\/\/www.tourisme-valdemarne.com\/espace-pro\/wp-content\/uploads\/sites\/3\/2019\/06\/carnaval-oh-festival-m-aumercier-1200x833.jpg\" alt=\"Carnaval du festival de l'Oh\" class=\"wp-image-6257\" srcset=\"https:\/\/www.tourisme-valdemarne.com\/espace-pro\/wp-content\/uploads\/sites\/3\/2019\/06\/carnaval-oh-festival-m-aumercier.jpg 1200w, https:\/\/www.tourisme-valdemarne.com\/espace-pro\/wp-content\/uploads\/sites\/3\/2019\/06\/carnaval-oh-festival-m-aumercier-600x417.jpg 600w, https:\/\/www.tourisme-valdemarne.com\/espace-pro\/wp-content\/uploads\/sites\/3\/2019\/06\/carnaval-oh-festival-m-aumercier-900x625.jpg 900w, https:\/\/www.tourisme-valdemarne.com\/espace-pro\/wp-content\/uploads\/sites\/3\/2019\/06\/carnaval-oh-festival-m-aumercier-380x264.jpg 380w, https:\/\/www.tourisme-valdemarne.com\/espace-pro\/wp-content\/uploads\/sites\/3\/2019\/06\/carnaval-oh-festival-m-aumercier-200x139.jpg 200w\" sizes=\"(max-width: 1200px) 100vw, 1200px\" \/><\/figure><div class=\"wp-block-media-text__content\">\n<p class=\"has-large-font-size\"><strong>Val-de-Marne Tourisme &amp; Loisirs &#8211; FRANCE<\/strong><br><br>Grace aux \u00e9changes initi\u00e9s au sein de Riverside Cities, nous souhaitons renouveler notre vision des bords de Marne, nos pratiques et celles de nos partenaires locaux. Nous sommes convaincus que cette coop\u00e9ration sera un vecteur de cr\u00e9ativit\u00e9 et d\u2019innovation pour tous les partenaires qui nous rejoindront.<\/p>\n<\/div><\/div>\n\n\n\n<div class=\"wp-block-media-text has-media-on-the-right is-stacked-on-mobile\"><figure class=\"wp-block-media-text__media\"><img width=\"1200\" height=\"801\" data-src=\"https:\/\/www.tourisme-valdemarne.com\/espace-pro\/wp-content\/uploads\/sites\/3\/2019\/06\/e.-virketis.vakarine-dalis-1200x801.jpg\" alt=\"\" class=\"wp-image-6258\" srcset=\"https:\/\/www.tourisme-valdemarne.com\/espace-pro\/wp-content\/uploads\/sites\/3\/2019\/06\/e.-virketis.vakarine-dalis.jpg 1200w, https:\/\/www.tourisme-valdemarne.com\/espace-pro\/wp-content\/uploads\/sites\/3\/2019\/06\/e.-virketis.vakarine-dalis-600x401.jpg 600w, https:\/\/www.tourisme-valdemarne.com\/espace-pro\/wp-content\/uploads\/sites\/3\/2019\/06\/e.-virketis.vakarine-dalis-900x601.jpg 900w, https:\/\/www.tourisme-valdemarne.com\/espace-pro\/wp-content\/uploads\/sites\/3\/2019\/06\/e.-virketis.vakarine-dalis-380x254.jpg 380w, https:\/\/www.tourisme-valdemarne.com\/espace-pro\/wp-content\/uploads\/sites\/3\/2019\/06\/e.-virketis.vakarine-dalis-200x134.jpg 200w\" sizes=\"(max-width: 1200px) 100vw, 1200px\" \/><\/figure><div class=\"wp-block-media-text__content\">\n<p class=\"has-large-font-size\"><strong>Kaunas 2022, Capitale europ\u00e9enne de la culture &#8211; LITUANIE<\/strong><br><br><em>\u00ab Nous voyons dans ce r\u00e9seau l\u2019opportunit\u00e9 d\u2019\u00e9crire ensemble une autre histoire de l\u2019Europe, celle des m\u00e9tropoles et de leur relation au fleuve, mais aussi celle de nos communaut\u00e9s locales. Ces \u00e9changes viendront enrichir notre projet Kaunas 2022, capitale europ\u00e9enne de la Culture.\u00bb<\/em><\/p>\n<\/div><\/div>\n\n\n\n<div class=\"wp-block-media-text is-stacked-on-mobile\"><figure class=\"wp-block-media-text__media\"><img width=\"1200\" height=\"900\" data-src=\"https:\/\/www.tourisme-valdemarne.com\/espace-pro\/wp-content\/uploads\/sites\/3\/2019\/06\/hamburg-ovelgonne-alstersegler_own-work_cc-by-sa-4.0_wikimedia-commons-1200x900.jpg\" alt=\"\" class=\"wp-image-6259\" srcset=\"https:\/\/www.tourisme-valdemarne.com\/espace-pro\/wp-content\/uploads\/sites\/3\/2019\/06\/hamburg-ovelgonne-alstersegler_own-work_cc-by-sa-4.0_wikimedia-commons.jpg 1200w, https:\/\/www.tourisme-valdemarne.com\/espace-pro\/wp-content\/uploads\/sites\/3\/2019\/06\/hamburg-ovelgonne-alstersegler_own-work_cc-by-sa-4.0_wikimedia-commons-600x450.jpg 600w, https:\/\/www.tourisme-valdemarne.com\/espace-pro\/wp-content\/uploads\/sites\/3\/2019\/06\/hamburg-ovelgonne-alstersegler_own-work_cc-by-sa-4.0_wikimedia-commons-900x675.jpg 900w, https:\/\/www.tourisme-valdemarne.com\/espace-pro\/wp-content\/uploads\/sites\/3\/2019\/06\/hamburg-ovelgonne-alstersegler_own-work_cc-by-sa-4.0_wikimedia-commons-380x285.jpg 380w, https:\/\/www.tourisme-valdemarne.com\/espace-pro\/wp-content\/uploads\/sites\/3\/2019\/06\/hamburg-ovelgonne-alstersegler_own-work_cc-by-sa-4.0_wikimedia-commons-200x150.jpg 200w\" sizes=\"(max-width: 1200px) 100vw, 1200px\" \/><\/figure><div class=\"wp-block-media-text__content\">\n<p class=\"has-large-font-size\"><strong>S\u00e9nat de la ville libre et hans\u00e9atique de Hambourg &#8211; ALLEMAGNE<\/strong><br><br><em>\u00ab Riverside Cities multiplie les opportunit\u00e9s de coop\u00e9ration avec nos amis europ\u00e9ens, en d\u00e9veloppant une approche commune visant \u00e0 d\u00e9velopper le tourisme, en apprenant les uns des autres et en se soutenant mutuellement dans nos projets. Nous esp\u00e9rons ainsi promouvoir certains quartiers d\u2019Hambourg aujourd\u2019hui m\u00e9connus des touristes. \u00bb<\/em><\/p>\n<\/div><\/div>\n\n\n\n<div class=\"wp-block-media-text has-media-on-the-right is-stacked-on-mobile\"><figure class=\"wp-block-media-text__media\"><img width=\"1181\" height=\"787\" data-src=\"https:\/\/www.tourisme-valdemarne.com\/espace-pro\/wp-content\/uploads\/sites\/3\/2019\/06\/canal-river-trust.jpg\" alt=\"Canal River Trust\" class=\"wp-image-6256\" srcset=\"https:\/\/www.tourisme-valdemarne.com\/espace-pro\/wp-content\/uploads\/sites\/3\/2019\/06\/canal-river-trust.jpg 1181w, https:\/\/www.tourisme-valdemarne.com\/espace-pro\/wp-content\/uploads\/sites\/3\/2019\/06\/canal-river-trust-600x400.jpg 600w, https:\/\/www.tourisme-valdemarne.com\/espace-pro\/wp-content\/uploads\/sites\/3\/2019\/06\/canal-river-trust-900x600.jpg 900w, https:\/\/www.tourisme-valdemarne.com\/espace-pro\/wp-content\/uploads\/sites\/3\/2019\/06\/canal-river-trust-380x253.jpg 380w, https:\/\/www.tourisme-valdemarne.com\/espace-pro\/wp-content\/uploads\/sites\/3\/2019\/06\/canal-river-trust-200x133.jpg 200w\" sizes=\"(max-width: 1181px) 100vw, 1181px\" \/><\/figure><div class=\"wp-block-media-text__content\">\n<p class=\"has-large-font-size\"><strong>Canal &amp; River Trust<\/strong><br><br><em>\u00ab Canal &amp; River Trust prot\u00e8ge et valorise plus de 3 000 kilom\u00e8tres de voies d\u2019eau en Angleterre et au Pays de Galles. Le r\u00e9seau Riverside Cities nous offre de nouvelles opportunit\u00e9s de coop\u00e9ration et de financements europ\u00e9ens en vue d\u2019am\u00e9liorer nos comp\u00e9tences et, \u00e0 terme, d\u00e9velopper la fr\u00e9quentation de nos voies d\u2019eau. \u00bb<\/em><\/p>\n<\/div><\/div>\n\n\n\n<div class=\"wp-block-media-text is-stacked-on-mobile\"><figure class=\"wp-block-media-text__media\"><img width=\"1200\" height=\"803\" data-src=\"https:\/\/www.tourisme-valdemarne.com\/espace-pro\/wp-content\/uploads\/sites\/3\/2019\/06\/aviron-ile-fanac-marne-1200x803.jpg\" alt=\"Aviron sur la Marne\" class=\"wp-image-6255\" srcset=\"https:\/\/www.tourisme-valdemarne.com\/espace-pro\/wp-content\/uploads\/sites\/3\/2019\/06\/aviron-ile-fanac-marne-1200x803.jpg 1200w, https:\/\/www.tourisme-valdemarne.com\/espace-pro\/wp-content\/uploads\/sites\/3\/2019\/06\/aviron-ile-fanac-marne-600x402.jpg 600w, https:\/\/www.tourisme-valdemarne.com\/espace-pro\/wp-content\/uploads\/sites\/3\/2019\/06\/aviron-ile-fanac-marne-900x602.jpg 900w, https:\/\/www.tourisme-valdemarne.com\/espace-pro\/wp-content\/uploads\/sites\/3\/2019\/06\/aviron-ile-fanac-marne-380x254.jpg 380w, https:\/\/www.tourisme-valdemarne.com\/espace-pro\/wp-content\/uploads\/sites\/3\/2019\/06\/aviron-ile-fanac-marne-200x134.jpg 200w, https:\/\/www.tourisme-valdemarne.com\/espace-pro\/wp-content\/uploads\/sites\/3\/2019\/06\/aviron-ile-fanac-marne.jpg 1600w\" sizes=\"(max-width: 1200px) 100vw, 1200px\" \/><\/figure><div class=\"wp-block-media-text__content\">\n<p class=\"has-large-font-size\"><strong>Roma Capitale &#8211; Municipio IX EUR<\/strong><br><br><em>\u00ab Il y a tout un patrimoine naturel, culturel et une histoire sociale \u00e0 red\u00e9couvrir en dehors du centre de Rome. Comme les autres capitales europ\u00e9ennes, nous avons besoin de partager nos initiatives, nos id\u00e9es et nos moyens d\u2019action pour valoriser les bords du Tibre par une approche \u00e0 la fois durable, sociale, \u00e9conomique et culturelle. \u00bb<\/em><\/p>\n<\/div><\/div>\n\n\n\n<p class=\"is-style-highlight\">En savoir plus sur les <a href=\"https:\/\/www.tourisme-valdemarne.com\/espace-pro\/expertises-et-projets\/riverside-cities\/reseau-europeen\/objectifs\/\">objectifs du r\u00e9seau<\/a> et comment le rejoindre.<\/p>\n\n\n\n<div class=\"wp-block-media-text is-stacked-on-mobile\" style=\"grid-template-columns:22% auto\"><figure class=\"wp-block-media-text__media\"><a href=\"https:\/\/www.tourisme-valdemarne.com\/espace-pro\/expertises-et-projets\/riverside-cities\/inscription-a-la-newsletter-riverside\/\" target=\"_blank\" rel=\"noopener noreferrer\"><img width=\"512\" height=\"512\" data-src=\"https:\/\/www.tourisme-valdemarne.com\/espace-pro\/wp-content\/uploads\/sites\/3\/2021\/04\/mail.png\" alt=\"icon newsletter\" class=\"wp-image-9138\" srcset=\"https:\/\/www.tourisme-valdemarne.com\/espace-pro\/wp-content\/uploads\/sites\/3\/2021\/04\/mail.png 512w, https:\/\/www.tourisme-valdemarne.com\/espace-pro\/wp-content\/uploads\/sites\/3\/2021\/04\/mail-380x380.png 380w, https:\/\/www.tourisme-valdemarne.com\/espace-pro\/wp-content\/uploads\/sites\/3\/2021\/04\/mail-150x150.png 150w, https:\/\/www.tourisme-valdemarne.com\/espace-pro\/wp-content\/uploads\/sites\/3\/2021\/04\/mail-200x200.png 200w, https:\/\/www.tourisme-valdemarne.com\/espace-pro\/wp-content\/uploads\/sites\/3\/2021\/04\/mail-24x24.png 24w, https:\/\/www.tourisme-valdemarne.com\/espace-pro\/wp-content\/uploads\/sites\/3\/2021\/04\/mail-48x48.png 48w, https:\/\/www.tourisme-valdemarne.com\/espace-pro\/wp-content\/uploads\/sites\/3\/2021\/04\/mail-96x96.png 96w, https:\/\/www.tourisme-valdemarne.com\/espace-pro\/wp-content\/uploads\/sites\/3\/2021\/04\/mail-300x300.png 300w\" sizes=\"(max-width: 512px) 100vw, 512px\" \/><\/a><\/figure><div class=\"wp-block-media-text__content\">\n<p class=\"has-text-align-center is-style-default has-large-font-size\"><strong>Abonnez-vous \u00e0 la newsletter pour recevoir les actualit\u00e9s du projet Riverside Cities sur le territoire des bords de Marne comme au niveau europ\u00e9en<\/strong><\/p>\n\n\n\n<div class=\"wp-block-buttons aligncenter is-layout-flex wp-block-buttons-is-layout-flex\">\n<div class=\"wp-block-button\"><a class=\"wp-block-button__link\" href=\"https:\/\/www.tourisme-valdemarne.com\/espace-pro\/expertises-et-projets\/riverside-cities\/inscription-a-la-newsletter-riverside\/\" target=\"_blank\" rel=\"noreferrer noopener\">M&rsquo;inscrire \u00e0 la newsletter du projet<\/a><\/div>\n<\/div>\n<\/div><\/div>\n\n\n\n<div class=\"wp-block-image\"><figure class=\"aligncenter size-large\"><a href=\"https:\/\/www.siaap.fr\/\" target=\"_blank\" rel=\"noopener noreferrer\"><img width=\"1000\" height=\"250\" data-src=\"https:\/\/www.tourisme-valdemarne.com\/espace-pro\/wp-content\/uploads\/sites\/3\/2021\/04\/le-projet-riverside-cities-est-soutenu-par-le-siaap.png\" alt=\"logo soutien siaap\" class=\"wp-image-9144\" srcset=\"https:\/\/www.tourisme-valdemarne.com\/espace-pro\/wp-content\/uploads\/sites\/3\/2021\/04\/le-projet-riverside-cities-est-soutenu-par-le-siaap.png 1000w, https:\/\/www.tourisme-valdemarne.com\/espace-pro\/wp-content\/uploads\/sites\/3\/2021\/04\/le-projet-riverside-cities-est-soutenu-par-le-siaap-600x150.png 600w, https:\/\/www.tourisme-valdemarne.com\/espace-pro\/wp-content\/uploads\/sites\/3\/2021\/04\/le-projet-riverside-cities-est-soutenu-par-le-siaap-900x225.png 900w, https:\/\/www.tourisme-valdemarne.com\/espace-pro\/wp-content\/uploads\/sites\/3\/2021\/04\/le-projet-riverside-cities-est-soutenu-par-le-siaap-380x95.png 380w, https:\/\/www.tourisme-valdemarne.com\/espace-pro\/wp-content\/uploads\/sites\/3\/2021\/04\/le-projet-riverside-cities-est-soutenu-par-le-siaap-200x50.png 200w\" sizes=\"(max-width: 1000px) 100vw, 1000px\" \/><\/a><\/figure><\/div>\n","protected":false},"excerpt":{"rendered":"<p>Le r\u00e9seau Riverside Cities regroupe aujourd&rsquo;hui les partenaires suivants : Val-de-Marne Tourisme &amp; Loisirs &#8211; FRANCE Grace aux \u00e9changes initi\u00e9s au sein de Riverside Cities, nous souhaitons renouveler notre vision des bords de Marne, nos pratiques et celles de nos partenaires locaux. Nous sommes convaincus que cette coop\u00e9ration sera un vecteur de cr\u00e9ativit\u00e9 et d\u2019innovation [&hellip;]<\/p>\n","protected":false},"author":1,"featured_media":6270,"parent":6208,"menu_order":20,"comment_status":"closed","ping_status":"closed","template":"","meta":{"_relevanssi_hide_post":"","_relevanssi_hide_content":"","_relevanssi_pin_for_all":"","_relevanssi_pin_keywords":"","_relevanssi_unpin_keywords":"","_relevanssi_related_keywords":"","_relevanssi_related_include_ids":"","_relevanssi_related_exclude_ids":"","_relevanssi_related_no_append":"","_relevanssi_related_not_related":"","_relevanssi_related_posts":"8105,8095,444,8083,2751,8090","_relevanssi_noindex_reason":"","footnotes":""},"vdmTagMarketing":[],"class_list":["post-908","page","type-page","status-publish","has-post-thumbnail","hentry"],"acf":[],"yoast_head":"<!-- This site is optimized with the Yoast SEO plugin v23.9 - https:\/\/yoast.com\/wordpress\/plugins\/seo\/ -->\n<title>Membres - Espace Pro<\/title>\n<meta name=\"robots\" content=\"index, follow, max-snippet:-1, max-image-preview:large, max-video-preview:-1\" \/>\n<link rel=\"canonical\" href=\"https:\/\/www.tourisme-valdemarne.com\/espace-pro\/expertises-et-projets\/riverside-cities\/reseau-europeen\/membres\/\" \/>\n<meta property=\"og:locale\" content=\"fr_FR\" \/>\n<meta property=\"og:type\" content=\"article\" \/>\n<meta property=\"og:title\" content=\"Membres - Espace Pro\" \/>\n<meta property=\"og:description\" content=\"Le r\u00e9seau Riverside Cities regroupe aujourd&rsquo;hui les partenaires suivants : Val-de-Marne Tourisme &amp; Loisirs &#8211; FRANCE Grace aux \u00e9changes initi\u00e9s au sein de Riverside Cities, nous souhaitons renouveler notre vision des bords de Marne, nos pratiques et celles de nos partenaires locaux. Nous sommes convaincus que cette coop\u00e9ration sera un vecteur de cr\u00e9ativit\u00e9 et d\u2019innovation [&hellip;]\" \/>\n<meta property=\"og:url\" content=\"https:\/\/www.tourisme-valdemarne.com\/espace-pro\/expertises-et-projets\/riverside-cities\/reseau-europeen\/membres\/\" \/>\n<meta property=\"og:site_name\" content=\"Espace Pro\" \/>\n<meta property=\"article:modified_time\" content=\"2021-04-26T13:20:21+00:00\" \/>\n<meta property=\"og:image\" content=\"https:\/\/www.tourisme-valdemarne.com\/espace-pro\/wp-content\/uploads\/sites\/3\/2019\/06\/stand-up-paddle-joinville.jpg\" \/>\n\t<meta property=\"og:image:width\" content=\"1600\" \/>\n\t<meta property=\"og:image:height\" content=\"1200\" \/>\n\t<meta property=\"og:image:type\" content=\"image\/jpeg\" \/>\n<meta name=\"twitter:card\" content=\"summary_large_image\" \/>\n<meta name=\"twitter:label1\" content=\"Dur\u00e9e de lecture estim\u00e9e\" \/>\n\t<meta name=\"twitter:data1\" content=\"2 minutes\" \/>\n<script type=\"application\/ld+json\" class=\"yoast-schema-graph\">{\"@context\":\"https:\/\/schema.org\",\"@graph\":[{\"@type\":\"WebPage\",\"@id\":\"https:\/\/www.tourisme-valdemarne.com\/espace-pro\/expertises-et-projets\/riverside-cities\/reseau-europeen\/membres\/\",\"url\":\"https:\/\/www.tourisme-valdemarne.com\/espace-pro\/expertises-et-projets\/riverside-cities\/reseau-europeen\/membres\/\",\"name\":\"Membres - Espace Pro\",\"isPartOf\":{\"@id\":\"https:\/\/www.tourisme-valdemarne.com\/espace-pro\/#website\"},\"primaryImageOfPage\":{\"@id\":\"https:\/\/www.tourisme-valdemarne.com\/espace-pro\/expertises-et-projets\/riverside-cities\/reseau-europeen\/membres\/#primaryimage\"},\"image\":{\"@id\":\"https:\/\/www.tourisme-valdemarne.com\/espace-pro\/expertises-et-projets\/riverside-cities\/reseau-europeen\/membres\/#primaryimage\"},\"thumbnailUrl\":\"https:\/\/www.tourisme-valdemarne.com\/espace-pro\/wp-content\/uploads\/sites\/3\/2019\/06\/stand-up-paddle-joinville.jpg\",\"datePublished\":\"2019-05-14T09:27:55+00:00\",\"dateModified\":\"2021-04-26T13:20:21+00:00\",\"breadcrumb\":{\"@id\":\"https:\/\/www.tourisme-valdemarne.com\/espace-pro\/expertises-et-projets\/riverside-cities\/reseau-europeen\/membres\/#breadcrumb\"},\"inLanguage\":\"fr-FR\",\"potentialAction\":[{\"@type\":\"ReadAction\",\"target\":[\"https:\/\/www.tourisme-valdemarne.com\/espace-pro\/expertises-et-projets\/riverside-cities\/reseau-europeen\/membres\/\"]}]},{\"@type\":\"ImageObject\",\"inLanguage\":\"fr-FR\",\"@id\":\"https:\/\/www.tourisme-valdemarne.com\/espace-pro\/expertises-et-projets\/riverside-cities\/reseau-europeen\/membres\/#primaryimage\",\"url\":\"https:\/\/www.tourisme-valdemarne.com\/espace-pro\/wp-content\/uploads\/sites\/3\/2019\/06\/stand-up-paddle-joinville.jpg\",\"contentUrl\":\"https:\/\/www.tourisme-valdemarne.com\/espace-pro\/wp-content\/uploads\/sites\/3\/2019\/06\/stand-up-paddle-joinville.jpg\",\"width\":1600,\"height\":1200,\"caption\":\"stand Up paddle \u00e0 Joinville le pont \u00a9 CDT94\"},{\"@type\":\"BreadcrumbList\",\"@id\":\"https:\/\/www.tourisme-valdemarne.com\/espace-pro\/expertises-et-projets\/riverside-cities\/reseau-europeen\/membres\/#breadcrumb\",\"itemListElement\":[{\"@type\":\"ListItem\",\"position\":1,\"name\":\"Accueil\",\"item\":\"https:\/\/www.tourisme-valdemarne.com\/espace-pro\/\"},{\"@type\":\"ListItem\",\"position\":2,\"name\":\"Expertises et projets\",\"item\":\"https:\/\/www.tourisme-valdemarne.com\/espace-pro\/expertises-et-projets\/\"},{\"@type\":\"ListItem\",\"position\":3,\"name\":\"Riverside Cities\",\"item\":\"https:\/\/www.tourisme-valdemarne.com\/espace-pro\/expertises-et-projets\/riverside-cities\/\"},{\"@type\":\"ListItem\",\"position\":4,\"name\":\"R\u00e9seau europ\u00e9en\",\"item\":\"https:\/\/www.tourisme-valdemarne.com\/espace-pro\/expertises-et-projets\/riverside-cities\/reseau-europeen\/\"},{\"@type\":\"ListItem\",\"position\":5,\"name\":\"Membres\"}]},{\"@type\":\"WebSite\",\"@id\":\"https:\/\/www.tourisme-valdemarne.com\/espace-pro\/#website\",\"url\":\"https:\/\/www.tourisme-valdemarne.com\/espace-pro\/\",\"name\":\"Espace Pro\",\"description\":\"Informations et outils pour les professionnels et la Presse\",\"potentialAction\":[{\"@type\":\"SearchAction\",\"target\":{\"@type\":\"EntryPoint\",\"urlTemplate\":\"https:\/\/www.tourisme-valdemarne.com\/espace-pro\/?s={search_term_string}\"},\"query-input\":{\"@type\":\"PropertyValueSpecification\",\"valueRequired\":true,\"valueName\":\"search_term_string\"}}],\"inLanguage\":\"fr-FR\"}]}<\/script>\n<!-- \/ Yoast SEO plugin. -->","yoast_head_json":{"title":"Membres - Espace Pro","robots":{"index":"index","follow":"follow","max-snippet":"max-snippet:-1","max-image-preview":"max-image-preview:large","max-video-preview":"max-video-preview:-1"},"canonical":"https:\/\/www.tourisme-valdemarne.com\/espace-pro\/expertises-et-projets\/riverside-cities\/reseau-europeen\/membres\/","og_locale":"fr_FR","og_type":"article","og_title":"Membres - Espace Pro","og_description":"Le r\u00e9seau Riverside Cities regroupe aujourd&rsquo;hui les partenaires suivants : Val-de-Marne Tourisme &amp; Loisirs &#8211; FRANCE Grace aux \u00e9changes initi\u00e9s au sein de Riverside Cities, nous souhaitons renouveler notre vision des bords de Marne, nos pratiques et celles de nos partenaires locaux. Nous sommes convaincus que cette coop\u00e9ration sera un vecteur de cr\u00e9ativit\u00e9 et d\u2019innovation [&hellip;]","og_url":"https:\/\/www.tourisme-valdemarne.com\/espace-pro\/expertises-et-projets\/riverside-cities\/reseau-europeen\/membres\/","og_site_name":"Espace Pro","article_modified_time":"2021-04-26T13:20:21+00:00","og_image":[{"width":1600,"height":1200,"url":"https:\/\/www.tourisme-valdemarne.com\/espace-pro\/wp-content\/uploads\/sites\/3\/2019\/06\/stand-up-paddle-joinville.jpg","type":"image\/jpeg"}],"twitter_card":"summary_large_image","twitter_misc":{"Dur\u00e9e de lecture estim\u00e9e":"2 minutes"},"schema":{"@context":"https:\/\/schema.org","@graph":[{"@type":"WebPage","@id":"https:\/\/www.tourisme-valdemarne.com\/espace-pro\/expertises-et-projets\/riverside-cities\/reseau-europeen\/membres\/","url":"https:\/\/www.tourisme-valdemarne.com\/espace-pro\/expertises-et-projets\/riverside-cities\/reseau-europeen\/membres\/","name":"Membres - Espace Pro","isPartOf":{"@id":"https:\/\/www.tourisme-valdemarne.com\/espace-pro\/#website"},"primaryImageOfPage":{"@id":"https:\/\/www.tourisme-valdemarne.com\/espace-pro\/expertises-et-projets\/riverside-cities\/reseau-europeen\/membres\/#primaryimage"},"image":{"@id":"https:\/\/www.tourisme-valdemarne.com\/espace-pro\/expertises-et-projets\/riverside-cities\/reseau-europeen\/membres\/#primaryimage"},"thumbnailUrl":"https:\/\/www.tourisme-valdemarne.com\/espace-pro\/wp-content\/uploads\/sites\/3\/2019\/06\/stand-up-paddle-joinville.jpg","datePublished":"2019-05-14T09:27:55+00:00","dateModified":"2021-04-26T13:20:21+00:00","breadcrumb":{"@id":"https:\/\/www.tourisme-valdemarne.com\/espace-pro\/expertises-et-projets\/riverside-cities\/reseau-europeen\/membres\/#breadcrumb"},"inLanguage":"fr-FR","potentialAction":[{"@type":"ReadAction","target":["https:\/\/www.tourisme-valdemarne.com\/espace-pro\/expertises-et-projets\/riverside-cities\/reseau-europeen\/membres\/"]}]},{"@type":"ImageObject","inLanguage":"fr-FR","@id":"https:\/\/www.tourisme-valdemarne.com\/espace-pro\/expertises-et-projets\/riverside-cities\/reseau-europeen\/membres\/#primaryimage","url":"https:\/\/www.tourisme-valdemarne.com\/espace-pro\/wp-content\/uploads\/sites\/3\/2019\/06\/stand-up-paddle-joinville.jpg","contentUrl":"https:\/\/www.tourisme-valdemarne.com\/espace-pro\/wp-content\/uploads\/sites\/3\/2019\/06\/stand-up-paddle-joinville.jpg","width":1600,"height":1200,"caption":"stand Up paddle \u00e0 Joinville le pont \u00a9 CDT94"},{"@type":"BreadcrumbList","@id":"https:\/\/www.tourisme-valdemarne.com\/espace-pro\/expertises-et-projets\/riverside-cities\/reseau-europeen\/membres\/#breadcrumb","itemListElement":[{"@type":"ListItem","position":1,"name":"Accueil","item":"https:\/\/www.tourisme-valdemarne.com\/espace-pro\/"},{"@type":"ListItem","position":2,"name":"Expertises et projets","item":"https:\/\/www.tourisme-valdemarne.com\/espace-pro\/expertises-et-projets\/"},{"@type":"ListItem","position":3,"name":"Riverside Cities","item":"https:\/\/www.tourisme-valdemarne.com\/espace-pro\/expertises-et-projets\/riverside-cities\/"},{"@type":"ListItem","position":4,"name":"R\u00e9seau europ\u00e9en","item":"https:\/\/www.tourisme-valdemarne.com\/espace-pro\/expertises-et-projets\/riverside-cities\/reseau-europeen\/"},{"@type":"ListItem","position":5,"name":"Membres"}]},{"@type":"WebSite","@id":"https:\/\/www.tourisme-valdemarne.com\/espace-pro\/#website","url":"https:\/\/www.tourisme-valdemarne.com\/espace-pro\/","name":"Espace Pro","description":"Informations et outils pour les professionnels et la Presse","potentialAction":[{"@type":"SearchAction","target":{"@type":"EntryPoint","urlTemplate":"https:\/\/www.tourisme-valdemarne.com\/espace-pro\/?s={search_term_string}"},"query-input":{"@type":"PropertyValueSpecification","valueRequired":true,"valueName":"search_term_string"}}],"inLanguage":"fr-FR"}]}},"_links":{"self":[{"href":"https:\/\/www.tourisme-valdemarne.com\/espace-pro\/wp-json\/wp\/v2\/pages\/908","targetHints":{"allow":["GET"]}}],"collection":[{"href":"https:\/\/www.tourisme-valdemarne.com\/espace-pro\/wp-json\/wp\/v2\/pages"}],"about":[{"href":"https:\/\/www.tourisme-valdemarne.com\/espace-pro\/wp-json\/wp\/v2\/types\/page"}],"author":[{"embeddable":true,"href":"https:\/\/www.tourisme-valdemarne.com\/espace-pro\/wp-json\/wp\/v2\/users\/1"}],"replies":[{"embeddable":true,"href":"https:\/\/www.tourisme-valdemarne.com\/espace-pro\/wp-json\/wp\/v2\/comments?post=908"}],"version-history":[{"count":13,"href":"https:\/\/www.tourisme-valdemarne.com\/espace-pro\/wp-json\/wp\/v2\/pages\/908\/revisions"}],"predecessor-version":[{"id":9169,"href":"https:\/\/www.tourisme-valdemarne.com\/espace-pro\/wp-json\/wp\/v2\/pages\/908\/revisions\/9169"}],"up":[{"embeddable":true,"href":"https:\/\/www.tourisme-valdemarne.com\/espace-pro\/wp-json\/wp\/v2\/pages\/6208"}],"wp:featuredmedia":[{"embeddable":true,"href":"https:\/\/www.tourisme-valdemarne.com\/espace-pro\/wp-json\/wp\/v2\/media\/6270"}],"wp:attachment":[{"href":"https:\/\/www.tourisme-valdemarne.com\/espace-pro\/wp-json\/wp\/v2\/media?parent=908"}],"wp:term":[{"taxonomy":"vdmTagMarketing","embeddable":true,"href":"https:\/\/www.tourisme-valdemarne.com\/espace-pro\/wp-json\/wp\/v2\/vdmTagMarketing?post=908"}],"curies":[{"name":"wp","href":"https:\/\/api.w.org\/{rel}","templated":true}]}}