{"id":906,"date":"2019-05-14T11:27:36","date_gmt":"2019-05-14T09:27:36","guid":{"rendered":"https:\/\/www.tourisme-valdemarne.com\/espace-pro\/objectifs"},"modified":"2024-02-08T16:45:09","modified_gmt":"2024-02-08T15:45:09","slug":"objectifs","status":"publish","type":"page","link":"https:\/\/www.tourisme-valdemarne.com\/espace-pro\/expertises-et-projets\/riverside-cities\/reseau-europeen\/objectifs\/","title":{"rendered":"Objectifs"},"content":{"rendered":"\n<p class=\"is-style-excerpt\">Riverside Cities regroupe des territoires souhaitant conqu\u00e9rir ou reconqu\u00e9rir des usages r\u00e9cr\u00e9atifs au bord de rivi\u00e8res ou de fleuves en milieu urbain, comme les bords de Marne \u00e0 Paris, les quais du Tibre \u00e0 Rome ou les promenades le long de l\u2019Elbe \u00e0 Hambourg\u2026<\/p>\n\n\n\n<h2 class=\"wp-block-heading\">Pourquoi construire un r\u00e9seau europ\u00e9en ?<\/h2>\n\n\n\n<div class=\"wp-block-media-text is-stacked-on-mobile\" style=\"grid-template-columns:20% auto\"><figure class=\"wp-block-media-text__media\"><img width=\"850\" height=\"1017\" data-src=\"https:\/\/www.tourisme-valdemarne.com\/espace-pro\/wp-content\/uploads\/sites\/3\/2019\/06\/logo-riverside-cities.png\" alt=\"Logo Riverside Cities\" class=\"wp-image-6231 size-full\" srcset=\"https:\/\/www.tourisme-valdemarne.com\/espace-pro\/wp-content\/uploads\/sites\/3\/2019\/06\/logo-riverside-cities.png 850w, https:\/\/www.tourisme-valdemarne.com\/espace-pro\/wp-content\/uploads\/sites\/3\/2019\/06\/logo-riverside-cities-501x600.png 501w, https:\/\/www.tourisme-valdemarne.com\/espace-pro\/wp-content\/uploads\/sites\/3\/2019\/06\/logo-riverside-cities-752x900.png 752w, https:\/\/www.tourisme-valdemarne.com\/espace-pro\/wp-content\/uploads\/sites\/3\/2019\/06\/logo-riverside-cities-380x455.png 380w, https:\/\/www.tourisme-valdemarne.com\/espace-pro\/wp-content\/uploads\/sites\/3\/2019\/06\/logo-riverside-cities-200x239.png 200w\" sizes=\"(max-width: 850px) 100vw, 850px\" \/><\/figure><div class=\"wp-block-media-text__content\">\n<p class=\"has-large-font-size\">Longtemps d\u00e9di\u00e9es \u00e0 la navigation commerciale et \u00e0 des usages \u00e9conomiques, les voies d\u2019eau sont aujourd\u2019hui r\u00e9investies par les m\u00e9tropoles et leurs habitants. Au coeur des villes ou en p\u00e9riph\u00e9rie, les fleuves et rivi\u00e8res cr\u00e9ent des espaces de respiration et de loisirs. Promeneurs et touristes y rencontrent un territoire vivant, authentique et laissant toute sa place \u00e0 la nature, aux activit\u00e9s nautiques et \u00e0 la convivialit\u00e9.<\/p>\n<\/div><\/div>\n\n\n\n<p>Nos territoires partagent la volont\u00e9 de faire conna\u00eetre cette offre alternative \u00e0 la visite classique des capitales europ\u00e9ennes.<\/p>\n\n\n\n<p><strong>Nos ambitions<\/strong><\/p>\n\n\n\n<ul class=\"wp-block-list\"><li>D\u00e9velopper une nouvelle offre de tourisme durable au sein des m\u00e9tropoles europ\u00e9ennes<\/li><li>Valoriser le <a href=\"https:\/\/www.tourisme-valdemarne.com\/espace-pro\/expertises-et-projets\/riverside-cities\/reseau-europeen\/histoire\/\">patrimoine naturel et culturel<\/a> des fleuves et rivi\u00e8res, qu\u2019il soit mat\u00e9riel ou immat\u00e9riel<\/li><li>Diffuser la fr\u00e9quentation touristique du c\u0153ur des m\u00e9tropoles vers d\u2019autres quartiers et territoires p\u00e9riph\u00e9riques<\/li><li>Int\u00e9grer les rivi\u00e8res et leurs activit\u00e9s dans l\u2019image des destinations europ\u00e9ennes<\/li><li>Favoriser le d\u00e9veloppement \u00e9conomique de ces zones en accompagnant les entreprises touristiques<\/li><\/ul>\n\n\n\n<div class=\"wp-block-button is-style-download\"><a class=\"wp-block-button__link\" href=\"https:\/\/www.tourisme-valdemarne.com\/espace-pro\/wp-content\/uploads\/sites\/3\/2019\/06\/riverside_cities_leaflet.pdf\">T\u00e9l\u00e9charger la brochure de pr\u00e9sentation du r\u00e9seau<\/a><\/div>\n\n\n\n<h2 class=\"wp-block-heading\">Un objectif final : la certification \u00ab Itin\u00e9raire Culturel du Conseil de l\u2019Europe \u00bb<\/h2>\n\n\n\n<div class=\"wp-block-media-text is-stacked-on-mobile\" style=\"grid-template-columns:26% auto\"><figure class=\"wp-block-media-text__media\"><img width=\"354\" height=\"283\" data-src=\"https:\/\/www.tourisme-valdemarne.com\/espace-pro\/wp-content\/uploads\/sites\/3\/2019\/06\/coe-logo-conseileurope.png\" alt=\"Logo Council of Europe Conseil de l'Europe\" class=\"wp-image-6249 size-full\" srcset=\"https:\/\/www.tourisme-valdemarne.com\/espace-pro\/wp-content\/uploads\/sites\/3\/2019\/06\/coe-logo-conseileurope.png 354w, https:\/\/www.tourisme-valdemarne.com\/espace-pro\/wp-content\/uploads\/sites\/3\/2019\/06\/coe-logo-conseileurope-200x160.png 200w\" sizes=\"(max-width: 354px) 100vw, 354px\" \/><\/figure><div class=\"wp-block-media-text__content\">\n<p class=\"has-large-font-size\">Le r\u00e9seau Riverside Cities souhaite porter sa candidature pour l\u2019obtention de la mention \u00ab Itin\u00e9raire Culturel du Conseil de l\u2019Europe \u00bb, afin que soit reconnu le r\u00f4le des rivi\u00e8res dans la naissance des loisirs populaires et que le droit aux loisirs en Europe se d\u00e9veloppe.<br><br>Le programme des Itin\u00e9raires culturels europ\u00e9ens a \u00e9t\u00e9 lanc\u00e9 en 1987 par le Conseil de l\u2019Europe. Il a pour objectif de favoriser une meilleure compr\u00e9hension de la diversit\u00e9 culturelle de l\u2019Europe et de son histoire.<\/p>\n<\/div><\/div>\n\n\n\n<p>Un Itin\u00e9raire culturel est un r\u00e9seau de biens et de sites d\u00e9veloppant un projet de coop\u00e9ration culturelle, \u00e9ducative, patrimoniale et touristique. Il doit rassembler au moins trois pays europ\u00e9ens et \u00eatre repr\u00e9sentatif de l\u2019identit\u00e9 et des valeurs europ\u00e9ennes d\u00e9fendues par le Conseil de l\u2019Europe.<\/p>\n\n\n\n<p class=\"is-style-highlight\">En savoir plus sur les <a href=\"https:\/\/www.coe.int\/fr\/web\/cultural-routes\">itin\u00e9raires culturels europ\u00e9ens<\/a>.<\/p>\n\n\n\n<h2 class=\"wp-block-heading\">Pourquoi nous rejoindre ?<\/h2>\n\n\n\n<ul class=\"wp-block-list\"><li>Int\u00e9grer un r\u00e9seau europ\u00e9en dynamique et cr\u00e9atif pour promouvoir les m\u00e9tropoles<\/li><li>B\u00e9n\u00e9ficier des comp\u00e9tences et exp\u00e9riences d\u2019autres territoires europ\u00e9ens dans le domaine du tourisme fluvial<\/li><li>Mutualiser les moyens et outils de chacun pour \u00e9laborer des projets innovants<\/li><li>Participer \u00e0 des projets financ\u00e9s par les programmes europ\u00e9ens (<a href=\"https:\/\/www.tourisme-valdemarne.com\/espace-pro\/expertises-et-projets\/riverside-cities\/star-cities\/\">Interreg Europe<\/a>, Europe Creative, Cosme, etc.)<\/li><li>Construire ensemble des <a href=\"https:\/\/www.tourisme-valdemarne.com\/espace-pro\/expertises-et-projets\/riverside-cities\/valorisation-des-bords-de-marne\/un-projet-de-territoire\/\">dynamiques de territoire<\/a> associant acteurs priv\u00e9s et publics<\/li><li>Participer \u00e0 des actions de communication et de promotion communes<\/li><\/ul>\n\n\n\n<p><strong>Ensemble, d\u00e9veloppons et valorisons le tourisme fluvial au sein des m\u00e9tropoles europ\u00e9ennes !<\/strong><\/p>\n\n\n\n<p class=\"is-style-highlight\">Plusieurs des membres du r\u00e9seau d\u00e9veloppent depuis juin 2018 un programme d\u2019\u00e9changes d\u2019exp\u00e9riences dans le cadre du <a href=\"https:\/\/www.tourisme-valdemarne.com\/espace-pro\/expertises-et-projets\/riverside-cities\/star-cities\/\">projet STAR Cities<\/a> financ\u00e9 par le programme Interreg Europe.<\/p>\n\n\n\n<h2 class=\"wp-block-heading\">Comment rejoindre le r\u00e9seau ?<\/h2>\n\n\n\n<p>Vous \u00eates un organisme public, une collectivit\u00e9 territoriale, un acteur touristique ou une association qui intervient dans les domaines du tourisme, de la culture ou des loisirs ?<\/p>\n\n\n\n<p>Vous souhaitez d\u00e9velopper le tourisme fluvial dans une m\u00e9tropole europ\u00e9enne ou \u00e0 proximit\u00e9 ?<\/p>\n\n\n\n<p>Si vous avez des projets concrets, ou simplement la volont\u00e9 de valoriser une offre touristique et culturelle sur les bords d\u2019une rivi\u00e8re ou d\u2019un fleuve, int\u00e9grez le r\u00e9seau Riverside Cities !<\/p>\n\n\n\n<p class=\"is-style-default\"><a rel=\"noreferrer noopener\" aria-label=\"Contactez la responsable du projet par mail (s\u2019ouvre dans un nouvel onglet)\" href=\"mailto:&#99;cho&#119;a&#104;&#64;&#116;&#111;&#117;r&#105;s&#109;e&#45;v&#97;&#108;d&#101;&#109;&#97;&#114;ne.&#99;om\" target=\"_blank\">Contactez la responsable du projet par mail<\/a>.<\/p>\n\n\n\n<div class=\"wp-block-media-text is-stacked-on-mobile\" style=\"grid-template-columns:22% auto\"><figure class=\"wp-block-media-text__media\"><a href=\"https:\/\/www.tourisme-valdemarne.com\/espace-pro\/expertises-et-projets\/riverside-cities\/inscription-a-la-newsletter-riverside\/\" target=\"_blank\" rel=\"noopener noreferrer\"><img width=\"512\" height=\"512\" data-src=\"https:\/\/www.tourisme-valdemarne.com\/espace-pro\/wp-content\/uploads\/sites\/3\/2021\/04\/mail.png\" alt=\"icon newsletter\" class=\"wp-image-9138 size-full\" srcset=\"https:\/\/www.tourisme-valdemarne.com\/espace-pro\/wp-content\/uploads\/sites\/3\/2021\/04\/mail.png 512w, https:\/\/www.tourisme-valdemarne.com\/espace-pro\/wp-content\/uploads\/sites\/3\/2021\/04\/mail-380x380.png 380w, https:\/\/www.tourisme-valdemarne.com\/espace-pro\/wp-content\/uploads\/sites\/3\/2021\/04\/mail-150x150.png 150w, https:\/\/www.tourisme-valdemarne.com\/espace-pro\/wp-content\/uploads\/sites\/3\/2021\/04\/mail-200x200.png 200w, https:\/\/www.tourisme-valdemarne.com\/espace-pro\/wp-content\/uploads\/sites\/3\/2021\/04\/mail-24x24.png 24w, https:\/\/www.tourisme-valdemarne.com\/espace-pro\/wp-content\/uploads\/sites\/3\/2021\/04\/mail-48x48.png 48w, https:\/\/www.tourisme-valdemarne.com\/espace-pro\/wp-content\/uploads\/sites\/3\/2021\/04\/mail-96x96.png 96w, https:\/\/www.tourisme-valdemarne.com\/espace-pro\/wp-content\/uploads\/sites\/3\/2021\/04\/mail-300x300.png 300w\" sizes=\"(max-width: 512px) 100vw, 512px\" \/><\/a><\/figure><div class=\"wp-block-media-text__content\">\n<p class=\"has-text-align-center is-style-default has-large-font-size\"><strong>Abonnez-vous \u00e0 la newsletter pour recevoir les actualit\u00e9s du projet Riverside Cities sur le territoire des bords de Marne comme au niveau europ\u00e9en<\/strong><\/p>\n\n\n\n<div class=\"wp-block-buttons is-content-justification-center is-layout-flex wp-container-core-buttons-is-layout-1 wp-block-buttons-is-layout-flex\">\n<div class=\"wp-block-button\"><a class=\"wp-block-button__link\" href=\"https:\/\/www.tourisme-valdemarne.com\/espace-pro\/expertises-et-projets\/riverside-cities\/inscription-a-la-newsletter-riverside\/\" target=\"_blank\" rel=\"noreferrer noopener\">M&rsquo;inscrire \u00e0 la newsletter du projet<\/a><\/div>\n<\/div>\n<\/div><\/div>\n\n\n\n<div class=\"wp-block-image\"><figure class=\"aligncenter size-large\"><a href=\"https:\/\/www.siaap.fr\/\" target=\"_blank\" rel=\"noopener noreferrer\"><img width=\"1000\" height=\"250\" data-src=\"https:\/\/www.tourisme-valdemarne.com\/espace-pro\/wp-content\/uploads\/sites\/3\/2021\/04\/le-projet-riverside-cities-est-soutenu-par-le-siaap.png\" alt=\"logo soutien siaap\" class=\"wp-image-9144\" srcset=\"https:\/\/www.tourisme-valdemarne.com\/espace-pro\/wp-content\/uploads\/sites\/3\/2021\/04\/le-projet-riverside-cities-est-soutenu-par-le-siaap.png 1000w, https:\/\/www.tourisme-valdemarne.com\/espace-pro\/wp-content\/uploads\/sites\/3\/2021\/04\/le-projet-riverside-cities-est-soutenu-par-le-siaap-600x150.png 600w, https:\/\/www.tourisme-valdemarne.com\/espace-pro\/wp-content\/uploads\/sites\/3\/2021\/04\/le-projet-riverside-cities-est-soutenu-par-le-siaap-900x225.png 900w, https:\/\/www.tourisme-valdemarne.com\/espace-pro\/wp-content\/uploads\/sites\/3\/2021\/04\/le-projet-riverside-cities-est-soutenu-par-le-siaap-380x95.png 380w, https:\/\/www.tourisme-valdemarne.com\/espace-pro\/wp-content\/uploads\/sites\/3\/2021\/04\/le-projet-riverside-cities-est-soutenu-par-le-siaap-200x50.png 200w\" sizes=\"(max-width: 1000px) 100vw, 1000px\" \/><\/a><\/figure><\/div>\n","protected":false},"excerpt":{"rendered":"<p>Riverside Cities regroupe des territoires souhaitant conqu\u00e9rir ou reconqu\u00e9rir des usages r\u00e9cr\u00e9atifs au bord de rivi\u00e8res ou de fleuves en milieu urbain, comme les bords de Marne \u00e0 Paris, les quais du Tibre \u00e0 Rome ou les promenades le long de l\u2019Elbe \u00e0 Hambourg\u2026 Pourquoi construire un r\u00e9seau europ\u00e9en ? Longtemps d\u00e9di\u00e9es \u00e0 la navigation [&hellip;]<\/p>\n","protected":false},"author":1,"featured_media":6108,"parent":6208,"menu_order":10,"comment_status":"closed","ping_status":"closed","template":"","meta":{"_relevanssi_hide_post":"","_relevanssi_hide_content":"","_relevanssi_pin_for_all":"","_relevanssi_pin_keywords":"","_relevanssi_unpin_keywords":"","_relevanssi_related_keywords":"","_relevanssi_related_include_ids":"","_relevanssi_related_exclude_ids":"","_relevanssi_related_no_append":"","_relevanssi_related_not_related":"","_relevanssi_related_posts":"2741,8105,8077,8084,2747,2745","_relevanssi_noindex_reason":"","footnotes":""},"vdmTagMarketing":[],"class_list":["post-906","page","type-page","status-publish","has-post-thumbnail","hentry"],"acf":[],"yoast_head":"<!-- This site is optimized with the Yoast SEO plugin v23.9 - https:\/\/yoast.com\/wordpress\/plugins\/seo\/ -->\n<title>Objectifs - Espace Pro<\/title>\n<meta name=\"robots\" content=\"index, follow, max-snippet:-1, max-image-preview:large, max-video-preview:-1\" \/>\n<link rel=\"canonical\" href=\"https:\/\/www.tourisme-valdemarne.com\/espace-pro\/expertises-et-projets\/riverside-cities\/reseau-europeen\/objectifs\/\" \/>\n<meta property=\"og:locale\" content=\"fr_FR\" \/>\n<meta property=\"og:type\" content=\"article\" \/>\n<meta property=\"og:title\" content=\"Objectifs - Espace Pro\" \/>\n<meta property=\"og:description\" content=\"Riverside Cities regroupe des territoires souhaitant conqu\u00e9rir ou reconqu\u00e9rir des usages r\u00e9cr\u00e9atifs au bord de rivi\u00e8res ou de fleuves en milieu urbain, comme les bords de Marne \u00e0 Paris, les quais du Tibre \u00e0 Rome ou les promenades le long de l\u2019Elbe \u00e0 Hambourg\u2026 Pourquoi construire un r\u00e9seau europ\u00e9en ? Longtemps d\u00e9di\u00e9es \u00e0 la navigation [&hellip;]\" \/>\n<meta property=\"og:url\" content=\"https:\/\/www.tourisme-valdemarne.com\/espace-pro\/expertises-et-projets\/riverside-cities\/reseau-europeen\/objectifs\/\" \/>\n<meta property=\"og:site_name\" content=\"Espace Pro\" \/>\n<meta property=\"article:modified_time\" content=\"2024-02-08T15:45:09+00:00\" \/>\n<meta property=\"og:image\" content=\"https:\/\/www.tourisme-valdemarne.com\/espace-pro\/wp-content\/uploads\/sites\/3\/wpetourisme\/bras-Chapitre--1--01.jpg\" \/>\n\t<meta property=\"og:image:width\" content=\"2000\" \/>\n\t<meta property=\"og:image:height\" content=\"1339\" \/>\n\t<meta property=\"og:image:type\" content=\"image\/jpeg\" \/>\n<meta name=\"twitter:card\" content=\"summary_large_image\" \/>\n<meta name=\"twitter:label1\" content=\"Dur\u00e9e de lecture estim\u00e9e\" \/>\n\t<meta name=\"twitter:data1\" content=\"4 minutes\" \/>\n<script type=\"application\/ld+json\" class=\"yoast-schema-graph\">{\"@context\":\"https:\/\/schema.org\",\"@graph\":[{\"@type\":\"WebPage\",\"@id\":\"https:\/\/www.tourisme-valdemarne.com\/espace-pro\/expertises-et-projets\/riverside-cities\/reseau-europeen\/objectifs\/\",\"url\":\"https:\/\/www.tourisme-valdemarne.com\/espace-pro\/expertises-et-projets\/riverside-cities\/reseau-europeen\/objectifs\/\",\"name\":\"Objectifs - Espace Pro\",\"isPartOf\":{\"@id\":\"https:\/\/www.tourisme-valdemarne.com\/espace-pro\/#website\"},\"primaryImageOfPage\":{\"@id\":\"https:\/\/www.tourisme-valdemarne.com\/espace-pro\/expertises-et-projets\/riverside-cities\/reseau-europeen\/objectifs\/#primaryimage\"},\"image\":{\"@id\":\"https:\/\/www.tourisme-valdemarne.com\/espace-pro\/expertises-et-projets\/riverside-cities\/reseau-europeen\/objectifs\/#primaryimage\"},\"thumbnailUrl\":\"https:\/\/www.tourisme-valdemarne.com\/espace-pro\/wp-content\/uploads\/sites\/3\/wpetourisme\/bras-Chapitre--1--01.jpg\",\"datePublished\":\"2019-05-14T09:27:36+00:00\",\"dateModified\":\"2024-02-08T15:45:09+00:00\",\"breadcrumb\":{\"@id\":\"https:\/\/www.tourisme-valdemarne.com\/espace-pro\/expertises-et-projets\/riverside-cities\/reseau-europeen\/objectifs\/#breadcrumb\"},\"inLanguage\":\"fr-FR\",\"potentialAction\":[{\"@type\":\"ReadAction\",\"target\":[\"https:\/\/www.tourisme-valdemarne.com\/espace-pro\/expertises-et-projets\/riverside-cities\/reseau-europeen\/objectifs\/\"]}]},{\"@type\":\"ImageObject\",\"inLanguage\":\"fr-FR\",\"@id\":\"https:\/\/www.tourisme-valdemarne.com\/espace-pro\/expertises-et-projets\/riverside-cities\/reseau-europeen\/objectifs\/#primaryimage\",\"url\":\"https:\/\/www.tourisme-valdemarne.com\/espace-pro\/wp-content\/uploads\/sites\/3\/wpetourisme\/bras-Chapitre--1--01.jpg\",\"contentUrl\":\"https:\/\/www.tourisme-valdemarne.com\/espace-pro\/wp-content\/uploads\/sites\/3\/wpetourisme\/bras-Chapitre--1--01.jpg\",\"width\":2000,\"height\":1339},{\"@type\":\"BreadcrumbList\",\"@id\":\"https:\/\/www.tourisme-valdemarne.com\/espace-pro\/expertises-et-projets\/riverside-cities\/reseau-europeen\/objectifs\/#breadcrumb\",\"itemListElement\":[{\"@type\":\"ListItem\",\"position\":1,\"name\":\"Accueil\",\"item\":\"https:\/\/www.tourisme-valdemarne.com\/espace-pro\/\"},{\"@type\":\"ListItem\",\"position\":2,\"name\":\"Expertises et projets\",\"item\":\"https:\/\/www.tourisme-valdemarne.com\/espace-pro\/expertises-et-projets\/\"},{\"@type\":\"ListItem\",\"position\":3,\"name\":\"Riverside Cities\",\"item\":\"https:\/\/www.tourisme-valdemarne.com\/espace-pro\/expertises-et-projets\/riverside-cities\/\"},{\"@type\":\"ListItem\",\"position\":4,\"name\":\"R\u00e9seau europ\u00e9en\",\"item\":\"https:\/\/www.tourisme-valdemarne.com\/espace-pro\/expertises-et-projets\/riverside-cities\/reseau-europeen\/\"},{\"@type\":\"ListItem\",\"position\":5,\"name\":\"Objectifs\"}]},{\"@type\":\"WebSite\",\"@id\":\"https:\/\/www.tourisme-valdemarne.com\/espace-pro\/#website\",\"url\":\"https:\/\/www.tourisme-valdemarne.com\/espace-pro\/\",\"name\":\"Espace Pro\",\"description\":\"Informations et outils pour les professionnels et la Presse\",\"potentialAction\":[{\"@type\":\"SearchAction\",\"target\":{\"@type\":\"EntryPoint\",\"urlTemplate\":\"https:\/\/www.tourisme-valdemarne.com\/espace-pro\/?s={search_term_string}\"},\"query-input\":{\"@type\":\"PropertyValueSpecification\",\"valueRequired\":true,\"valueName\":\"search_term_string\"}}],\"inLanguage\":\"fr-FR\"}]}<\/script>\n<!-- \/ Yoast SEO plugin. -->","yoast_head_json":{"title":"Objectifs - Espace Pro","robots":{"index":"index","follow":"follow","max-snippet":"max-snippet:-1","max-image-preview":"max-image-preview:large","max-video-preview":"max-video-preview:-1"},"canonical":"https:\/\/www.tourisme-valdemarne.com\/espace-pro\/expertises-et-projets\/riverside-cities\/reseau-europeen\/objectifs\/","og_locale":"fr_FR","og_type":"article","og_title":"Objectifs - Espace Pro","og_description":"Riverside Cities regroupe des territoires souhaitant conqu\u00e9rir ou reconqu\u00e9rir des usages r\u00e9cr\u00e9atifs au bord de rivi\u00e8res ou de fleuves en milieu urbain, comme les bords de Marne \u00e0 Paris, les quais du Tibre \u00e0 Rome ou les promenades le long de l\u2019Elbe \u00e0 Hambourg\u2026 Pourquoi construire un r\u00e9seau europ\u00e9en ? Longtemps d\u00e9di\u00e9es \u00e0 la navigation [&hellip;]","og_url":"https:\/\/www.tourisme-valdemarne.com\/espace-pro\/expertises-et-projets\/riverside-cities\/reseau-europeen\/objectifs\/","og_site_name":"Espace Pro","article_modified_time":"2024-02-08T15:45:09+00:00","og_image":[{"width":2000,"height":1339,"url":"https:\/\/www.tourisme-valdemarne.com\/espace-pro\/wp-content\/uploads\/sites\/3\/wpetourisme\/bras-Chapitre--1--01.jpg","type":"image\/jpeg"}],"twitter_card":"summary_large_image","twitter_misc":{"Dur\u00e9e de lecture estim\u00e9e":"4 minutes"},"schema":{"@context":"https:\/\/schema.org","@graph":[{"@type":"WebPage","@id":"https:\/\/www.tourisme-valdemarne.com\/espace-pro\/expertises-et-projets\/riverside-cities\/reseau-europeen\/objectifs\/","url":"https:\/\/www.tourisme-valdemarne.com\/espace-pro\/expertises-et-projets\/riverside-cities\/reseau-europeen\/objectifs\/","name":"Objectifs - Espace Pro","isPartOf":{"@id":"https:\/\/www.tourisme-valdemarne.com\/espace-pro\/#website"},"primaryImageOfPage":{"@id":"https:\/\/www.tourisme-valdemarne.com\/espace-pro\/expertises-et-projets\/riverside-cities\/reseau-europeen\/objectifs\/#primaryimage"},"image":{"@id":"https:\/\/www.tourisme-valdemarne.com\/espace-pro\/expertises-et-projets\/riverside-cities\/reseau-europeen\/objectifs\/#primaryimage"},"thumbnailUrl":"https:\/\/www.tourisme-valdemarne.com\/espace-pro\/wp-content\/uploads\/sites\/3\/wpetourisme\/bras-Chapitre--1--01.jpg","datePublished":"2019-05-14T09:27:36+00:00","dateModified":"2024-02-08T15:45:09+00:00","breadcrumb":{"@id":"https:\/\/www.tourisme-valdemarne.com\/espace-pro\/expertises-et-projets\/riverside-cities\/reseau-europeen\/objectifs\/#breadcrumb"},"inLanguage":"fr-FR","potentialAction":[{"@type":"ReadAction","target":["https:\/\/www.tourisme-valdemarne.com\/espace-pro\/expertises-et-projets\/riverside-cities\/reseau-europeen\/objectifs\/"]}]},{"@type":"ImageObject","inLanguage":"fr-FR","@id":"https:\/\/www.tourisme-valdemarne.com\/espace-pro\/expertises-et-projets\/riverside-cities\/reseau-europeen\/objectifs\/#primaryimage","url":"https:\/\/www.tourisme-valdemarne.com\/espace-pro\/wp-content\/uploads\/sites\/3\/wpetourisme\/bras-Chapitre--1--01.jpg","contentUrl":"https:\/\/www.tourisme-valdemarne.com\/espace-pro\/wp-content\/uploads\/sites\/3\/wpetourisme\/bras-Chapitre--1--01.jpg","width":2000,"height":1339},{"@type":"BreadcrumbList","@id":"https:\/\/www.tourisme-valdemarne.com\/espace-pro\/expertises-et-projets\/riverside-cities\/reseau-europeen\/objectifs\/#breadcrumb","itemListElement":[{"@type":"ListItem","position":1,"name":"Accueil","item":"https:\/\/www.tourisme-valdemarne.com\/espace-pro\/"},{"@type":"ListItem","position":2,"name":"Expertises et projets","item":"https:\/\/www.tourisme-valdemarne.com\/espace-pro\/expertises-et-projets\/"},{"@type":"ListItem","position":3,"name":"Riverside Cities","item":"https:\/\/www.tourisme-valdemarne.com\/espace-pro\/expertises-et-projets\/riverside-cities\/"},{"@type":"ListItem","position":4,"name":"R\u00e9seau europ\u00e9en","item":"https:\/\/www.tourisme-valdemarne.com\/espace-pro\/expertises-et-projets\/riverside-cities\/reseau-europeen\/"},{"@type":"ListItem","position":5,"name":"Objectifs"}]},{"@type":"WebSite","@id":"https:\/\/www.tourisme-valdemarne.com\/espace-pro\/#website","url":"https:\/\/www.tourisme-valdemarne.com\/espace-pro\/","name":"Espace Pro","description":"Informations et outils pour les professionnels et la Presse","potentialAction":[{"@type":"SearchAction","target":{"@type":"EntryPoint","urlTemplate":"https:\/\/www.tourisme-valdemarne.com\/espace-pro\/?s={search_term_string}"},"query-input":{"@type":"PropertyValueSpecification","valueRequired":true,"valueName":"search_term_string"}}],"inLanguage":"fr-FR"}]}},"_links":{"self":[{"href":"https:\/\/www.tourisme-valdemarne.com\/espace-pro\/wp-json\/wp\/v2\/pages\/906","targetHints":{"allow":["GET"]}}],"collection":[{"href":"https:\/\/www.tourisme-valdemarne.com\/espace-pro\/wp-json\/wp\/v2\/pages"}],"about":[{"href":"https:\/\/www.tourisme-valdemarne.com\/espace-pro\/wp-json\/wp\/v2\/types\/page"}],"author":[{"embeddable":true,"href":"https:\/\/www.tourisme-valdemarne.com\/espace-pro\/wp-json\/wp\/v2\/users\/1"}],"replies":[{"embeddable":true,"href":"https:\/\/www.tourisme-valdemarne.com\/espace-pro\/wp-json\/wp\/v2\/comments?post=906"}],"version-history":[{"count":23,"href":"https:\/\/www.tourisme-valdemarne.com\/espace-pro\/wp-json\/wp\/v2\/pages\/906\/revisions"}],"predecessor-version":[{"id":26270,"href":"https:\/\/www.tourisme-valdemarne.com\/espace-pro\/wp-json\/wp\/v2\/pages\/906\/revisions\/26270"}],"up":[{"embeddable":true,"href":"https:\/\/www.tourisme-valdemarne.com\/espace-pro\/wp-json\/wp\/v2\/pages\/6208"}],"wp:featuredmedia":[{"embeddable":true,"href":"https:\/\/www.tourisme-valdemarne.com\/espace-pro\/wp-json\/wp\/v2\/media\/6108"}],"wp:attachment":[{"href":"https:\/\/www.tourisme-valdemarne.com\/espace-pro\/wp-json\/wp\/v2\/media?parent=906"}],"wp:term":[{"taxonomy":"vdmTagMarketing","embeddable":true,"href":"https:\/\/www.tourisme-valdemarne.com\/espace-pro\/wp-json\/wp\/v2\/vdmTagMarketing?post=906"}],"curies":[{"name":"wp","href":"https:\/\/api.w.org\/{rel}","templated":true}]}}