{"id":9044,"date":"2021-03-30T16:07:55","date_gmt":"2021-03-30T14:07:55","guid":{"rendered":"https:\/\/www.tourisme-valdemarne.com\/espace-pro\/?page_id=9044"},"modified":"2023-01-19T10:40:15","modified_gmt":"2023-01-19T09:40:15","slug":"appel-a-partenaires-explore-paris","status":"publish","type":"page","link":"https:\/\/www.tourisme-valdemarne.com\/espace-pro\/expertises-et-projets\/contrat-de-destination-explore-paris\/appel-a-partenaires-explore-paris\/","title":{"rendered":"Appel \u00e0 partenaires Explore Paris"},"content":{"rendered":"\n<p><a href=\"https:\/\/exploreparis.com\/fr\/\">Explore Paris<\/a> recherche des partenaires potentiels pour un projet visant \u00e0 mettre en place <strong>un r\u00e9seau europ\u00e9en de tourisme urbain alternatif<\/strong>.<\/p>\n\n\n\n<p>A travers ce partenariat, nous souhaitons apporter un <strong>regard nouveau sur le tourisme urbain<\/strong>. Il s&rsquo;agit de redynamiser la destination touristique traditionnelle, en misant sur une offre insolite et alternative. L\u2019objectif est de mettre en avant les facettes culturelles, artistiques et festives parfois m\u00e9connues d\u2019une ville et de favoriser une rencontre authentique avec ses habitants.<\/p>\n\n\n\n<p>Nous souhaitons que les touristes d\u00e9couvrent la ville hors des sentiers battus et hors des fronti\u00e8res pr\u00e9\u00e9tablies.<\/p>\n\n\n\n<figure class=\"wp-block-image size-full\"><img width=\"521\" height=\"148\" data-src=\"https:\/\/www.tourisme-valdemarne.com\/espace-pro\/wp-content\/uploads\/sites\/3\/2023\/01\/logo_exploreparis_rvb_comm.png\" alt=\"logo explore paris\" class=\"wp-image-14026\" srcset=\"https:\/\/www.tourisme-valdemarne.com\/espace-pro\/wp-content\/uploads\/sites\/3\/2023\/01\/logo_exploreparis_rvb_comm.png 521w, https:\/\/www.tourisme-valdemarne.com\/espace-pro\/wp-content\/uploads\/sites\/3\/2023\/01\/logo_exploreparis_rvb_comm-380x108.png 380w, https:\/\/www.tourisme-valdemarne.com\/espace-pro\/wp-content\/uploads\/sites\/3\/2023\/01\/logo_exploreparis_rvb_comm-200x57.png 200w\" sizes=\"(max-width: 521px) 100vw, 521px\" \/><figcaption>La plateforme Explore Paris<\/figcaption><\/figure>\n\n\n\n<h3 class=\"wp-block-heading\">Objectifs<\/h3>\n\n\n\n<ul class=\"wp-block-list\"><li>Faciliter la coop\u00e9ration et la <strong>mise en r\u00e9seau entre les villes europ\u00e9ennes<\/strong> ;<\/li><li>Fournir un espace d&rsquo;\u00e9change d&rsquo;exp\u00e9riences et de bonnes pratiques en mati\u00e8re de<strong> tourisme urbain alternatif<\/strong>  ;<\/li><li>Promouvoir et mettre en valeur chaque partenaire gr\u00e2ce \u00e0 la cross promotion ;<\/li><li>Organiser des meetings r\u00e9guliers ;<\/li><li>Renouveler l&rsquo;offre touristique urbaine et r\u00e9pondre aux probl\u00e8mes du tourisme de masse ;<\/li><li>Elargir r\u00e9solument l\u2019aire des pratiques touristiques de la destination et valoriser les territoires p\u00e9riph\u00e9riques.<\/li><\/ul>\n\n\n\n<h3 class=\"wp-block-heading\"><strong>Partenaires recherch\u00e9s<\/strong><\/h3>\n\n\n\n<p>Cette id\u00e9e d\u00e9velopp\u00e9e par <strong>Explore Paris<\/strong> permettrait de nourrir la solidarit\u00e9 et l\u2019\u00e9change entre les diff\u00e9rentes entit\u00e9s touristiques concern\u00e9es. Nous recherchons des organisations touristiques similaires \u00e0 la n\u00f4tre, souhaitant valoriser ou remodeler leur positionnement en int\u00e9grant une <strong>vision territoriale plus large <\/strong>et de <strong>nouvelles formes de tourisme urbain<\/strong>. <strong>Ce projet s&rsquo;adresse principalement aux organismes de gestion des destinations et aux autorit\u00e9s locales\/r\u00e9gionales<\/strong>, mais nous restons ouverts et int\u00e9ress\u00e9s par toute autre solution, car le r\u00e9seau se veut un espace d&rsquo;apprentissage et de partage. Ce projet n&rsquo;offre pas encore de financement mais reste ouvert \u00e0 la possibilit\u00e9 de r\u00e9pondre \u00e0 un appel \u00e0 financement europ\u00e9en dans le futur.<\/p>\n\n\n\n<h3 class=\"wp-block-heading\">Notre organisme<\/h3>\n\n\n\n<p><strong>Explore Paris est une plateforme collaborative cr\u00e9\u00e9e par 8 acteurs du Grand Paris<\/strong>, \u0153uvrant pour <strong>renouveler l&rsquo;image de Paris et donner une vision plus large de la destination<\/strong>, en incluant les d\u00e9partements environnants de Paris. <strong>Explore Paris propose plus de 3000 visites guid\u00e9es, balades urbaines, ateliers et conf\u00e9rences tout au long de l&rsquo;ann\u00e9e<\/strong> \u00e0 des prix abordables pour faire d\u00e9couvrir le Paris insolite, avant-gardiste et cr\u00e9atif.<\/p>\n\n\n\n<p class=\"is-style-highlight\"><strong><a href=\"https:\/\/www.tourisme-valdemarne.com\/espace-pro\/expertises-et-projets\/contrat-de-destination-explore-paris\/\" target=\"_blank\" rel=\"noreferrer noopener\">Plus d\u2019informations sur Explore Paris et sur le contrat de destination port\u00e9 par Atout France<\/a><\/strong><\/p>\n\n\n\n<h4 class=\"wp-block-heading\">Comment postuler ?<\/h4>\n\n\n\n<p>Si vous \u00eates un organisme r\u00e9gional ou local de gestion des destinations urbaines et que vous \u00eates int\u00e9ress\u00e9 par cette id\u00e9e de projet, contactez-nous \u00e0 l&rsquo;adresse \u00e9lectronique suivante : <a href=\"mailto:c&#111;mmuni&#99;&#97;tio&#110;&#64;exp&#108;orep&#97;&#114;is.f&#114;\">c&#111;&#109;mu&#110;ic&#97;t&#105;&#111;&#110;&#64;&#101;&#120;pl&#111;repa&#114;&#105;s.&#102;&#114;<\/a>.<\/p>\n\n\n\n<p>Si vous connaissez des structures op\u00e9rant dans votre r\u00e9gion qui pourraient \u00eatre int\u00e9ress\u00e9es ou cibl\u00e9es par notre projet, n&rsquo;h\u00e9sitez pas \u00e0 diffuser l&rsquo;information.<\/p>\n","protected":false},"excerpt":{"rendered":"<p>Explore Paris recherche des partenaires potentiels pour un projet visant \u00e0 mettre en place un r\u00e9seau europ\u00e9en de tourisme urbain alternatif. A travers ce partenariat, nous souhaitons apporter un regard nouveau sur le tourisme urbain. Il s&rsquo;agit de redynamiser la destination touristique traditionnelle, en misant sur une offre insolite et alternative. L\u2019objectif est de mettre [&hellip;]<\/p>\n","protected":false},"author":10,"featured_media":9041,"parent":64,"menu_order":0,"comment_status":"closed","ping_status":"closed","template":"","meta":{"_relevanssi_hide_post":"","_relevanssi_hide_content":"","_relevanssi_pin_for_all":"","_relevanssi_pin_keywords":"","_relevanssi_unpin_keywords":"","_relevanssi_related_keywords":"","_relevanssi_related_include_ids":"","_relevanssi_related_exclude_ids":"","_relevanssi_related_no_append":"","_relevanssi_related_not_related":"","_relevanssi_related_posts":"9039,2751,8105,2747,8074,8083","_relevanssi_noindex_reason":"","footnotes":""},"vdmTagMarketing":[],"class_list":["post-9044","page","type-page","status-publish","has-post-thumbnail","hentry"],"acf":[],"yoast_head":"<!-- This site is optimized with the Yoast SEO plugin v23.9 - https:\/\/yoast.com\/wordpress\/plugins\/seo\/ -->\n<title>Appel \u00e0 partenaires Explore Paris<\/title>\n<meta name=\"description\" content=\"#ExploreParis recherche des partenaires pour mettre en place un r\u00e9seau europ\u00e9en de tourisme urbain alternatif : rejoignez-nous !\" \/>\n<meta name=\"robots\" content=\"index, follow, max-snippet:-1, max-image-preview:large, max-video-preview:-1\" \/>\n<link rel=\"canonical\" href=\"https:\/\/www.tourisme-valdemarne.com\/espace-pro\/expertises-et-projets\/contrat-de-destination-explore-paris\/appel-a-partenaires-explore-paris\/\" \/>\n<meta property=\"og:locale\" content=\"fr_FR\" \/>\n<meta property=\"og:type\" content=\"article\" \/>\n<meta property=\"og:title\" content=\"Appel \u00e0 partenaires Explore Paris\" \/>\n<meta property=\"og:description\" content=\"#ExploreParis recherche des partenaires pour mettre en place un r\u00e9seau europ\u00e9en de tourisme urbain alternatif : rejoignez-nous !\" \/>\n<meta property=\"og:url\" content=\"https:\/\/www.tourisme-valdemarne.com\/espace-pro\/expertises-et-projets\/contrat-de-destination-explore-paris\/appel-a-partenaires-explore-paris\/\" \/>\n<meta property=\"og:site_name\" content=\"Espace Pro\" \/>\n<meta property=\"article:modified_time\" content=\"2023-01-19T09:40:15+00:00\" \/>\n<meta property=\"og:image\" content=\"https:\/\/www.tourisme-valdemarne.com\/espace-pro\/wp-content\/uploads\/sites\/3\/2021\/03\/balade-street-art-vitry_oeuvres-de-cokar-reap-frez-credit-crt-paris-ile-de-france_amelie-laurin-1.jpg\" \/>\n\t<meta property=\"og:image:width\" content=\"1600\" \/>\n\t<meta property=\"og:image:height\" content=\"1068\" \/>\n\t<meta property=\"og:image:type\" content=\"image\/jpeg\" \/>\n<meta name=\"twitter:card\" content=\"summary_large_image\" \/>\n<meta name=\"twitter:label1\" content=\"Dur\u00e9e de lecture estim\u00e9e\" \/>\n\t<meta name=\"twitter:data1\" content=\"3 minutes\" \/>\n<script type=\"application\/ld+json\" class=\"yoast-schema-graph\">{\"@context\":\"https:\/\/schema.org\",\"@graph\":[{\"@type\":\"WebPage\",\"@id\":\"https:\/\/www.tourisme-valdemarne.com\/espace-pro\/expertises-et-projets\/contrat-de-destination-explore-paris\/appel-a-partenaires-explore-paris\/\",\"url\":\"https:\/\/www.tourisme-valdemarne.com\/espace-pro\/expertises-et-projets\/contrat-de-destination-explore-paris\/appel-a-partenaires-explore-paris\/\",\"name\":\"Appel \u00e0 partenaires Explore Paris\",\"isPartOf\":{\"@id\":\"https:\/\/www.tourisme-valdemarne.com\/espace-pro\/#website\"},\"primaryImageOfPage\":{\"@id\":\"https:\/\/www.tourisme-valdemarne.com\/espace-pro\/expertises-et-projets\/contrat-de-destination-explore-paris\/appel-a-partenaires-explore-paris\/#primaryimage\"},\"image\":{\"@id\":\"https:\/\/www.tourisme-valdemarne.com\/espace-pro\/expertises-et-projets\/contrat-de-destination-explore-paris\/appel-a-partenaires-explore-paris\/#primaryimage\"},\"thumbnailUrl\":\"https:\/\/www.tourisme-valdemarne.com\/espace-pro\/wp-content\/uploads\/sites\/3\/2021\/03\/balade-street-art-vitry_oeuvres-de-cokar-reap-frez-credit-crt-paris-ile-de-france_amelie-laurin-1.jpg\",\"datePublished\":\"2021-03-30T14:07:55+00:00\",\"dateModified\":\"2023-01-19T09:40:15+00:00\",\"description\":\"#ExploreParis recherche des partenaires pour mettre en place un r\u00e9seau europ\u00e9en de tourisme urbain alternatif : rejoignez-nous !\",\"breadcrumb\":{\"@id\":\"https:\/\/www.tourisme-valdemarne.com\/espace-pro\/expertises-et-projets\/contrat-de-destination-explore-paris\/appel-a-partenaires-explore-paris\/#breadcrumb\"},\"inLanguage\":\"fr-FR\",\"potentialAction\":[{\"@type\":\"ReadAction\",\"target\":[\"https:\/\/www.tourisme-valdemarne.com\/espace-pro\/expertises-et-projets\/contrat-de-destination-explore-paris\/appel-a-partenaires-explore-paris\/\"]}]},{\"@type\":\"ImageObject\",\"inLanguage\":\"fr-FR\",\"@id\":\"https:\/\/www.tourisme-valdemarne.com\/espace-pro\/expertises-et-projets\/contrat-de-destination-explore-paris\/appel-a-partenaires-explore-paris\/#primaryimage\",\"url\":\"https:\/\/www.tourisme-valdemarne.com\/espace-pro\/wp-content\/uploads\/sites\/3\/2021\/03\/balade-street-art-vitry_oeuvres-de-cokar-reap-frez-credit-crt-paris-ile-de-france_amelie-laurin-1.jpg\",\"contentUrl\":\"https:\/\/www.tourisme-valdemarne.com\/espace-pro\/wp-content\/uploads\/sites\/3\/2021\/03\/balade-street-art-vitry_oeuvres-de-cokar-reap-frez-credit-crt-paris-ile-de-france_amelie-laurin-1.jpg\",\"width\":1600,\"height\":1068,\"caption\":\"Balade street art \u00e0 Vitry-sur-Seine \u00a9CRT Paris Ile-de-France\/A. Laurin\"},{\"@type\":\"BreadcrumbList\",\"@id\":\"https:\/\/www.tourisme-valdemarne.com\/espace-pro\/expertises-et-projets\/contrat-de-destination-explore-paris\/appel-a-partenaires-explore-paris\/#breadcrumb\",\"itemListElement\":[{\"@type\":\"ListItem\",\"position\":1,\"name\":\"Accueil\",\"item\":\"https:\/\/www.tourisme-valdemarne.com\/espace-pro\/\"},{\"@type\":\"ListItem\",\"position\":2,\"name\":\"Expertises et projets\",\"item\":\"https:\/\/www.tourisme-valdemarne.com\/espace-pro\/expertises-et-projets\/\"},{\"@type\":\"ListItem\",\"position\":3,\"name\":\"Contrat de destination Explore Paris\",\"item\":\"https:\/\/www.tourisme-valdemarne.com\/espace-pro\/expertises-et-projets\/contrat-de-destination-explore-paris\/\"},{\"@type\":\"ListItem\",\"position\":4,\"name\":\"Appel \u00e0 partenaires Explore Paris\"}]},{\"@type\":\"WebSite\",\"@id\":\"https:\/\/www.tourisme-valdemarne.com\/espace-pro\/#website\",\"url\":\"https:\/\/www.tourisme-valdemarne.com\/espace-pro\/\",\"name\":\"Espace Pro\",\"description\":\"Informations et outils pour les professionnels et la Presse\",\"potentialAction\":[{\"@type\":\"SearchAction\",\"target\":{\"@type\":\"EntryPoint\",\"urlTemplate\":\"https:\/\/www.tourisme-valdemarne.com\/espace-pro\/?s={search_term_string}\"},\"query-input\":{\"@type\":\"PropertyValueSpecification\",\"valueRequired\":true,\"valueName\":\"search_term_string\"}}],\"inLanguage\":\"fr-FR\"}]}<\/script>\n<!-- \/ Yoast SEO plugin. -->","yoast_head_json":{"title":"Appel \u00e0 partenaires Explore Paris","description":"#ExploreParis recherche des partenaires pour mettre en place un r\u00e9seau europ\u00e9en de tourisme urbain alternatif : rejoignez-nous !","robots":{"index":"index","follow":"follow","max-snippet":"max-snippet:-1","max-image-preview":"max-image-preview:large","max-video-preview":"max-video-preview:-1"},"canonical":"https:\/\/www.tourisme-valdemarne.com\/espace-pro\/expertises-et-projets\/contrat-de-destination-explore-paris\/appel-a-partenaires-explore-paris\/","og_locale":"fr_FR","og_type":"article","og_title":"Appel \u00e0 partenaires Explore Paris","og_description":"#ExploreParis recherche des partenaires pour mettre en place un r\u00e9seau europ\u00e9en de tourisme urbain alternatif : rejoignez-nous !","og_url":"https:\/\/www.tourisme-valdemarne.com\/espace-pro\/expertises-et-projets\/contrat-de-destination-explore-paris\/appel-a-partenaires-explore-paris\/","og_site_name":"Espace Pro","article_modified_time":"2023-01-19T09:40:15+00:00","og_image":[{"width":1600,"height":1068,"url":"https:\/\/www.tourisme-valdemarne.com\/espace-pro\/wp-content\/uploads\/sites\/3\/2021\/03\/balade-street-art-vitry_oeuvres-de-cokar-reap-frez-credit-crt-paris-ile-de-france_amelie-laurin-1.jpg","type":"image\/jpeg"}],"twitter_card":"summary_large_image","twitter_misc":{"Dur\u00e9e de lecture estim\u00e9e":"3 minutes"},"schema":{"@context":"https:\/\/schema.org","@graph":[{"@type":"WebPage","@id":"https:\/\/www.tourisme-valdemarne.com\/espace-pro\/expertises-et-projets\/contrat-de-destination-explore-paris\/appel-a-partenaires-explore-paris\/","url":"https:\/\/www.tourisme-valdemarne.com\/espace-pro\/expertises-et-projets\/contrat-de-destination-explore-paris\/appel-a-partenaires-explore-paris\/","name":"Appel \u00e0 partenaires Explore Paris","isPartOf":{"@id":"https:\/\/www.tourisme-valdemarne.com\/espace-pro\/#website"},"primaryImageOfPage":{"@id":"https:\/\/www.tourisme-valdemarne.com\/espace-pro\/expertises-et-projets\/contrat-de-destination-explore-paris\/appel-a-partenaires-explore-paris\/#primaryimage"},"image":{"@id":"https:\/\/www.tourisme-valdemarne.com\/espace-pro\/expertises-et-projets\/contrat-de-destination-explore-paris\/appel-a-partenaires-explore-paris\/#primaryimage"},"thumbnailUrl":"https:\/\/www.tourisme-valdemarne.com\/espace-pro\/wp-content\/uploads\/sites\/3\/2021\/03\/balade-street-art-vitry_oeuvres-de-cokar-reap-frez-credit-crt-paris-ile-de-france_amelie-laurin-1.jpg","datePublished":"2021-03-30T14:07:55+00:00","dateModified":"2023-01-19T09:40:15+00:00","description":"#ExploreParis recherche des partenaires pour mettre en place un r\u00e9seau europ\u00e9en de tourisme urbain alternatif : rejoignez-nous !","breadcrumb":{"@id":"https:\/\/www.tourisme-valdemarne.com\/espace-pro\/expertises-et-projets\/contrat-de-destination-explore-paris\/appel-a-partenaires-explore-paris\/#breadcrumb"},"inLanguage":"fr-FR","potentialAction":[{"@type":"ReadAction","target":["https:\/\/www.tourisme-valdemarne.com\/espace-pro\/expertises-et-projets\/contrat-de-destination-explore-paris\/appel-a-partenaires-explore-paris\/"]}]},{"@type":"ImageObject","inLanguage":"fr-FR","@id":"https:\/\/www.tourisme-valdemarne.com\/espace-pro\/expertises-et-projets\/contrat-de-destination-explore-paris\/appel-a-partenaires-explore-paris\/#primaryimage","url":"https:\/\/www.tourisme-valdemarne.com\/espace-pro\/wp-content\/uploads\/sites\/3\/2021\/03\/balade-street-art-vitry_oeuvres-de-cokar-reap-frez-credit-crt-paris-ile-de-france_amelie-laurin-1.jpg","contentUrl":"https:\/\/www.tourisme-valdemarne.com\/espace-pro\/wp-content\/uploads\/sites\/3\/2021\/03\/balade-street-art-vitry_oeuvres-de-cokar-reap-frez-credit-crt-paris-ile-de-france_amelie-laurin-1.jpg","width":1600,"height":1068,"caption":"Balade street art \u00e0 Vitry-sur-Seine \u00a9CRT Paris Ile-de-France\/A. Laurin"},{"@type":"BreadcrumbList","@id":"https:\/\/www.tourisme-valdemarne.com\/espace-pro\/expertises-et-projets\/contrat-de-destination-explore-paris\/appel-a-partenaires-explore-paris\/#breadcrumb","itemListElement":[{"@type":"ListItem","position":1,"name":"Accueil","item":"https:\/\/www.tourisme-valdemarne.com\/espace-pro\/"},{"@type":"ListItem","position":2,"name":"Expertises et projets","item":"https:\/\/www.tourisme-valdemarne.com\/espace-pro\/expertises-et-projets\/"},{"@type":"ListItem","position":3,"name":"Contrat de destination Explore Paris","item":"https:\/\/www.tourisme-valdemarne.com\/espace-pro\/expertises-et-projets\/contrat-de-destination-explore-paris\/"},{"@type":"ListItem","position":4,"name":"Appel \u00e0 partenaires Explore Paris"}]},{"@type":"WebSite","@id":"https:\/\/www.tourisme-valdemarne.com\/espace-pro\/#website","url":"https:\/\/www.tourisme-valdemarne.com\/espace-pro\/","name":"Espace Pro","description":"Informations et outils pour les professionnels et la Presse","potentialAction":[{"@type":"SearchAction","target":{"@type":"EntryPoint","urlTemplate":"https:\/\/www.tourisme-valdemarne.com\/espace-pro\/?s={search_term_string}"},"query-input":{"@type":"PropertyValueSpecification","valueRequired":true,"valueName":"search_term_string"}}],"inLanguage":"fr-FR"}]}},"_links":{"self":[{"href":"https:\/\/www.tourisme-valdemarne.com\/espace-pro\/wp-json\/wp\/v2\/pages\/9044","targetHints":{"allow":["GET"]}}],"collection":[{"href":"https:\/\/www.tourisme-valdemarne.com\/espace-pro\/wp-json\/wp\/v2\/pages"}],"about":[{"href":"https:\/\/www.tourisme-valdemarne.com\/espace-pro\/wp-json\/wp\/v2\/types\/page"}],"author":[{"embeddable":true,"href":"https:\/\/www.tourisme-valdemarne.com\/espace-pro\/wp-json\/wp\/v2\/users\/10"}],"replies":[{"embeddable":true,"href":"https:\/\/www.tourisme-valdemarne.com\/espace-pro\/wp-json\/wp\/v2\/comments?post=9044"}],"version-history":[{"count":4,"href":"https:\/\/www.tourisme-valdemarne.com\/espace-pro\/wp-json\/wp\/v2\/pages\/9044\/revisions"}],"predecessor-version":[{"id":14032,"href":"https:\/\/www.tourisme-valdemarne.com\/espace-pro\/wp-json\/wp\/v2\/pages\/9044\/revisions\/14032"}],"up":[{"embeddable":true,"href":"https:\/\/www.tourisme-valdemarne.com\/espace-pro\/wp-json\/wp\/v2\/pages\/64"}],"wp:featuredmedia":[{"embeddable":true,"href":"https:\/\/www.tourisme-valdemarne.com\/espace-pro\/wp-json\/wp\/v2\/media\/9041"}],"wp:attachment":[{"href":"https:\/\/www.tourisme-valdemarne.com\/espace-pro\/wp-json\/wp\/v2\/media?parent=9044"}],"wp:term":[{"taxonomy":"vdmTagMarketing","embeddable":true,"href":"https:\/\/www.tourisme-valdemarne.com\/espace-pro\/wp-json\/wp\/v2\/vdmTagMarketing?post=9044"}],"curies":[{"name":"wp","href":"https:\/\/api.w.org\/{rel}","templated":true}]}}