{"id":902,"date":"2019-05-14T11:26:23","date_gmt":"2019-05-14T09:26:23","guid":{"rendered":"https:\/\/www.tourisme-valdemarne.com\/espace-pro\/les-etapes-de-la-candidature"},"modified":"2019-06-03T16:20:30","modified_gmt":"2019-06-03T14:20:30","slug":"les-etapes-de-la-candidature","status":"publish","type":"page","link":"https:\/\/www.tourisme-valdemarne.com\/espace-pro\/expertises-et-projets\/demarche-mise-en-tourisme-seine-amont\/exposition-universelle-2025\/les-etapes-de-la-candidature\/","title":{"rendered":"Les \u00e9tapes de la candidature"},"content":{"rendered":"\n<p class=\"is-style-excerpt\">Les Etapes Clefs dans la candidature de la France et du Val-de-Marne \u00e0 l&rsquo;exposition universelle de 2025.<\/p>\n\n\n\n<h2 class=\"wp-block-heading\">2012 : Cr\u00e9ation d&rsquo;ExpoFrance 2025<\/h2>\n\n\n\n<p>A partir de 2012, l\u2019id\u00e9e de candidature pour l\u2019exposition universelle est n\u00e9e \u00e0 travers l\u2019association ExpoFrance 2025 qui r\u00e9unit 27 entreprises, pr\u00e8s de 50 PME et 110 000 membres. <br>\nSon repr\u00e9sentant, Jean-Christophe Fromantin d\u00e9put\u00e9-maire de Neuilly-sur-Seine, aux c\u00f4t\u00e9s d\u2019\u00e9tudiants \u00e0 travers le Labo 2025, travaille et impose la volont\u00e9 d\u2019imaginer les contours du projet. Le Labo 2025 s\u2019implique dans la candidature de la France \u00e0 l\u2019Exposition Universelle en mobilisant la jeunesse et en menant des r\u00e9flexions sur des projets concrets.<\/p>\n\n\n\n<p>En 2014, l\u2019id\u00e9e de candidature est soumise \u00e0 l\u2019Assembl\u00e9e Nationale par ExpoFrance 2025 afin d\u2019\u00e9valuer l\u2019int\u00e9r\u00eat.<\/p>\n\n\n\n<p>En 2015, le Pr\u00e9sident de la R\u00e9publique d\u00e9signe Pascal Lamy comme d\u00e9l\u00e9gu\u00e9 interminist\u00e9riel en charge de la coordination des acteurs publics de la Candidature \u00e0 l\u2019Exposition Universelle.<\/p>\n\n\n\n<h2 class=\"wp-block-heading\">2016 : D\u00e9p\u00f4t de la candidature officielle de la France<\/h2>\n\n\n\n<p>C\u2019est le 22 novembre 2016 que la candidature officielle de la France pour l\u2019Exposition Universelle de 2025 est d\u00e9pos\u00e9e par le Pr\u00e9sident de la R\u00e9publique aupr\u00e8s du Secr\u00e9taire G\u00e9n\u00e9ral du Bureau International des Expositions. Le territoire de l\u2019Ile-de-France a \u00e9t\u00e9 propos\u00e9 comme site d\u2019accueil avec un rep\u00e9rage des sites potentiels par la r\u00e9gion et ExpoFrance 2025 en septembre 2016.<\/p>\n\n\n\n<p>Un appel \u00e0 candidats est lanc\u00e9 et le d\u00e9partement du Val-de-Marne annonce sa candidature \u00e0 l\u2019accueil en France du village global de l\u2019Exposition Universelle le 29 septembre 2016.<\/p>\n\n\n\n<p>Un Groupement d\u2019Int\u00e9r\u00eat Public se cr\u00e9e, compos\u00e9 de l\u2019Etat, la R\u00e9gion Ile-de-France, la m\u00e9tropole du Grand Paris, la ville de Paris ainsi que ExpoFrance 2025. Il suivra le d\u00e9roulement de la candidature ainsi que sa promotion.<\/p>\n\n\n<p><iframe loading=\"lazy\" src=\"https:\/\/player.vimeo.com\/video\/194665260?title=0&amp;byline=0&amp;portrait=0\" width=\"100%\" height=\"360\" frameborder=\"0\" allow=\"autoplay; fullscreen\" allowfullscreen=\"\"><\/iframe><\/p>\n\n\n\n<h2 class=\"wp-block-heading\">Fin 2016 : Visite officielle en Val-de-Marne<\/h2>\n\n\n\n<p>Un atelier de territoire organis\u00e9 en novembre et d\u00e9cembre 2016 a officialis\u00e9 l\u2019int\u00e9r\u00eat de chacun des sites pressentis en Ile-de-France. Il s\u2019est d\u00e9roul\u00e9 le 5 d\u00e9cembre pour le site Marne et Seine confluence avec la pr\u00e9sence de Jean-Christophe Fromantin pr\u00e9sident d\u2019ExpoFrance 2025 ainsi que Laurent Lafon, Conseiller R\u00e9gional d\u2019Ile-de-France et d\u00e9l\u00e9gu\u00e9 \u00e0 l\u2019Exposition Universelle. Cette \u00e9tape concerne les visites et l\u2019identification des sites. Le site doit proposer 50 \u00e0 130 ha de foncier disponible. Il doit \u00e9galement fournir une \u00e9tude de faisabilit\u00e9 du projet en ce qui concerne la desserte, la constructibilit\u00e9, les risques et les potentialit\u00e9s et contraintes d\u2019am\u00e9nagements. Les travaux seront suivis par l\u2019Institut d\u2019Am\u00e9nagement et d\u2019Urbanisme de la r\u00e9gion Ile-de-France et l\u2019Atelier Parisien d\u2019Urbanisme.<\/p>\n\n\n\n<h2 class=\"wp-block-heading\">Et en 2017-2018\u2026<\/h2>\n\n\n\n<p>En avril 2017, malgr\u00e9 tous les efforts produits, le Val-de-Marne s\u2019est vu contraint de renoncer \u00e0 sa candidature. Toutefois, le projet sur lequel tous les acteurs du Val-de-Marne se sont mobilis\u00e9s a permis de mesurer le potentiel touristique et les dynamiques collaboratives qui pouvaient se d\u00e9velopper autour de la confluence Marne et Seine. C\u2019est pourquoi, le D\u00e9partement engagera un plan de valorisation de ce territoire d\u00e8s la rentr\u00e9e 2017. Voir le projet.<\/p>\n\n\n\n<p>La prochaine \u00e9tape pour les candidats \u00e0 l&rsquo;accueil de l&rsquo;exposition universelle est de proposer un rapport technique sur l\u2019accessibilit\u00e9 des sites afin de g\u00e9rer les flux de visiteurs qui s\u2019\u00e9l\u00e8veront \u00e0 pr\u00e8s de 50 millions pour 6 mois et 300 000 \u00e0 500 000\/jours (transports en communs, v\u00e9lo, acc\u00e8s pi\u00e9tons\u2026). Ce rapport demande l\u2019expertise du Syndicat des Transports d\u2019Ile-de-France ainsi que l\u2019IAU d\u2019Ile-de-France et s\u2019accompagnera d\u2019un volet Mobilisation de l\u2019\u00e9cosyst\u00e8me \u00e9conomique. <br>\nUn dossier de candidature final devra \u00eatre remis au Groupement d\u2019Int\u00e9r\u00eat Public fin mai et d\u2019ici cet \u00e9t\u00e9 un site sera retenu.<\/p>\n\n\n\n<p>La r\u00e9ponse sera connue \u00e0 l\u2019automne 2017. D\u2019ici l\u00e0, tous les acteurs du territoire se mobilisent autour de ce projet et une structure collective rassemblant toutes les \u00e9nergies positives va \u00eatre cr\u00e9\u00e9e.<br>\nUne fois le site choisi, il restera un an \u00e0 la France pour r\u00e9aliser le dossier complet de la candidature fran\u00e7aise au BIE.<\/p>\n\n\n\n<p>Le vote final des 169 \u00e9tats membres pour la candidature fran\u00e7aise, chacun compte pour une voix, prendra place lors d\u2019une assembl\u00e9e g\u00e9n\u00e9rale du BIE en novembre 2018.<\/p>\n\n\n\n<p>Le Bureau International des Expositions (BIE) est une organisation intergouvernementale sp\u00e9cialis\u00e9e dans la mission culturelle, \u00e9conomique et politique \u00e0 travers la supervision d\u2019\u00e9v\u00e9nements internationaux et \u00e0 forte envergure. L\u2019organisation est n\u00e9e d&rsquo;une convention sign\u00e9e \u00e0 Paris le 22 novembre 1928 afin de superviser et r\u00e9glementer les Expositions Universelles et Internationales et compte aujourd\u2019hui 168 Etats Membres. Les Expositions Universelles ont lieu tous les 5 ans et durent 6 mois et sont d\u00e9finies comme \u00e9tant des \u00ab \u00e9v\u00e8nements internationaux dont le but est de partager l\u2019innovation, de promouvoir le progr\u00e8s et d\u2019encourager la coop\u00e9ration \u00bb (Bureau International des Expositions). En comparaison, les expositions Internationales durent entre 6 semaines et 3 mois. <\/p>\n","protected":false},"excerpt":{"rendered":"<p>Les Etapes Clefs dans la candidature de la France et du Val-de-Marne \u00e0 l&rsquo;exposition universelle de 2025. 2012 : Cr\u00e9ation d&rsquo;ExpoFrance 2025 A partir de 2012, l\u2019id\u00e9e de candidature pour l\u2019exposition universelle est n\u00e9e \u00e0 travers l\u2019association ExpoFrance 2025 qui r\u00e9unit 27 entreprises, pr\u00e8s de 50 PME et 110 000 membres. Son repr\u00e9sentant, Jean-Christophe Fromantin [&hellip;]<\/p>\n","protected":false},"author":1,"featured_media":2722,"parent":893,"menu_order":40,"comment_status":"closed","ping_status":"closed","template":"","meta":{"_relevanssi_hide_post":"","_relevanssi_hide_content":"","_relevanssi_pin_for_all":"","_relevanssi_pin_keywords":"","_relevanssi_unpin_keywords":"","_relevanssi_related_keywords":"","_relevanssi_related_include_ids":"","_relevanssi_related_exclude_ids":"","_relevanssi_related_no_append":"","_relevanssi_related_not_related":"","_relevanssi_related_posts":"","_relevanssi_noindex_reason":"","footnotes":""},"vdmTagMarketing":[],"class_list":["post-902","page","type-page","status-publish","has-post-thumbnail","hentry"],"acf":[],"yoast_head":"<!-- This site is optimized with the Yoast SEO plugin v23.9 - https:\/\/yoast.com\/wordpress\/plugins\/seo\/ -->\n<title>Les \u00e9tapes de la candidature - Espace Pro<\/title>\n<meta name=\"robots\" content=\"index, follow, max-snippet:-1, max-image-preview:large, max-video-preview:-1\" \/>\n<link rel=\"canonical\" href=\"https:\/\/www.tourisme-valdemarne.com\/espace-pro\/expertises-et-projets\/demarche-mise-en-tourisme-seine-amont\/exposition-universelle-2025\/les-etapes-de-la-candidature\/\" \/>\n<meta property=\"og:locale\" content=\"fr_FR\" \/>\n<meta property=\"og:type\" content=\"article\" \/>\n<meta property=\"og:title\" content=\"Les \u00e9tapes de la candidature - Espace Pro\" \/>\n<meta property=\"og:description\" content=\"Les Etapes Clefs dans la candidature de la France et du Val-de-Marne \u00e0 l&rsquo;exposition universelle de 2025. 2012 : Cr\u00e9ation d&rsquo;ExpoFrance 2025 A partir de 2012, l\u2019id\u00e9e de candidature pour l\u2019exposition universelle est n\u00e9e \u00e0 travers l\u2019association ExpoFrance 2025 qui r\u00e9unit 27 entreprises, pr\u00e8s de 50 PME et 110 000 membres. Son repr\u00e9sentant, Jean-Christophe Fromantin [&hellip;]\" \/>\n<meta property=\"og:url\" content=\"https:\/\/www.tourisme-valdemarne.com\/espace-pro\/expertises-et-projets\/demarche-mise-en-tourisme-seine-amont\/exposition-universelle-2025\/les-etapes-de-la-candidature\/\" \/>\n<meta property=\"og:site_name\" content=\"Espace Pro\" \/>\n<meta property=\"article:modified_time\" content=\"2019-06-03T14:20:30+00:00\" \/>\n<meta property=\"og:image\" content=\"https:\/\/www.tourisme-valdemarne.com\/espace-pro\/wp-content\/uploads\/sites\/3\/2019\/05\/projet-expo-universelle-2025-passerelle-1.jpg\" \/>\n\t<meta property=\"og:image:width\" content=\"1600\" \/>\n\t<meta property=\"og:image:height\" content=\"956\" \/>\n\t<meta property=\"og:image:type\" content=\"image\/jpeg\" \/>\n<meta name=\"twitter:card\" content=\"summary_large_image\" \/>\n<meta name=\"twitter:label1\" content=\"Dur\u00e9e de lecture estim\u00e9e\" \/>\n\t<meta name=\"twitter:data1\" content=\"4 minutes\" \/>\n<script type=\"application\/ld+json\" class=\"yoast-schema-graph\">{\"@context\":\"https:\/\/schema.org\",\"@graph\":[{\"@type\":\"WebPage\",\"@id\":\"https:\/\/www.tourisme-valdemarne.com\/espace-pro\/expertises-et-projets\/demarche-mise-en-tourisme-seine-amont\/exposition-universelle-2025\/les-etapes-de-la-candidature\/\",\"url\":\"https:\/\/www.tourisme-valdemarne.com\/espace-pro\/expertises-et-projets\/demarche-mise-en-tourisme-seine-amont\/exposition-universelle-2025\/les-etapes-de-la-candidature\/\",\"name\":\"Les \u00e9tapes de la candidature - Espace Pro\",\"isPartOf\":{\"@id\":\"https:\/\/www.tourisme-valdemarne.com\/espace-pro\/#website\"},\"primaryImageOfPage\":{\"@id\":\"https:\/\/www.tourisme-valdemarne.com\/espace-pro\/expertises-et-projets\/demarche-mise-en-tourisme-seine-amont\/exposition-universelle-2025\/les-etapes-de-la-candidature\/#primaryimage\"},\"image\":{\"@id\":\"https:\/\/www.tourisme-valdemarne.com\/espace-pro\/expertises-et-projets\/demarche-mise-en-tourisme-seine-amont\/exposition-universelle-2025\/les-etapes-de-la-candidature\/#primaryimage\"},\"thumbnailUrl\":\"https:\/\/www.tourisme-valdemarne.com\/espace-pro\/wp-content\/uploads\/sites\/3\/2019\/05\/projet-expo-universelle-2025-passerelle-1.jpg\",\"datePublished\":\"2019-05-14T09:26:23+00:00\",\"dateModified\":\"2019-06-03T14:20:30+00:00\",\"breadcrumb\":{\"@id\":\"https:\/\/www.tourisme-valdemarne.com\/espace-pro\/expertises-et-projets\/demarche-mise-en-tourisme-seine-amont\/exposition-universelle-2025\/les-etapes-de-la-candidature\/#breadcrumb\"},\"inLanguage\":\"fr-FR\",\"potentialAction\":[{\"@type\":\"ReadAction\",\"target\":[\"https:\/\/www.tourisme-valdemarne.com\/espace-pro\/expertises-et-projets\/demarche-mise-en-tourisme-seine-amont\/exposition-universelle-2025\/les-etapes-de-la-candidature\/\"]}]},{\"@type\":\"ImageObject\",\"inLanguage\":\"fr-FR\",\"@id\":\"https:\/\/www.tourisme-valdemarne.com\/espace-pro\/expertises-et-projets\/demarche-mise-en-tourisme-seine-amont\/exposition-universelle-2025\/les-etapes-de-la-candidature\/#primaryimage\",\"url\":\"https:\/\/www.tourisme-valdemarne.com\/espace-pro\/wp-content\/uploads\/sites\/3\/2019\/05\/projet-expo-universelle-2025-passerelle-1.jpg\",\"contentUrl\":\"https:\/\/www.tourisme-valdemarne.com\/espace-pro\/wp-content\/uploads\/sites\/3\/2019\/05\/projet-expo-universelle-2025-passerelle-1.jpg\",\"width\":1600,\"height\":956,\"caption\":\"Passerelle du projet pour l'exposition universelle 2025 \u00a9 CD94 \/ Daquin Ferri\u00e8re\"},{\"@type\":\"BreadcrumbList\",\"@id\":\"https:\/\/www.tourisme-valdemarne.com\/espace-pro\/expertises-et-projets\/demarche-mise-en-tourisme-seine-amont\/exposition-universelle-2025\/les-etapes-de-la-candidature\/#breadcrumb\",\"itemListElement\":[{\"@type\":\"ListItem\",\"position\":1,\"name\":\"Accueil\",\"item\":\"https:\/\/www.tourisme-valdemarne.com\/espace-pro\/\"},{\"@type\":\"ListItem\",\"position\":2,\"name\":\"Expertises et projets\",\"item\":\"https:\/\/www.tourisme-valdemarne.com\/espace-pro\/expertises-et-projets\/\"},{\"@type\":\"ListItem\",\"position\":3,\"name\":\"D\u00e9marche de mise en tourisme de la Seine Amont\",\"item\":\"https:\/\/www.tourisme-valdemarne.com\/espace-pro\/expertises-et-projets\/demarche-mise-en-tourisme-seine-amont\/\"},{\"@type\":\"ListItem\",\"position\":4,\"name\":\"Exposition universelle 2025\",\"item\":\"https:\/\/www.tourisme-valdemarne.com\/espace-pro\/expertises-et-projets\/demarche-mise-en-tourisme-seine-amont\/exposition-universelle-2025\/\"},{\"@type\":\"ListItem\",\"position\":5,\"name\":\"Les \u00e9tapes de la candidature\"}]},{\"@type\":\"WebSite\",\"@id\":\"https:\/\/www.tourisme-valdemarne.com\/espace-pro\/#website\",\"url\":\"https:\/\/www.tourisme-valdemarne.com\/espace-pro\/\",\"name\":\"Espace Pro\",\"description\":\"Informations et outils pour les professionnels et la Presse\",\"potentialAction\":[{\"@type\":\"SearchAction\",\"target\":{\"@type\":\"EntryPoint\",\"urlTemplate\":\"https:\/\/www.tourisme-valdemarne.com\/espace-pro\/?s={search_term_string}\"},\"query-input\":{\"@type\":\"PropertyValueSpecification\",\"valueRequired\":true,\"valueName\":\"search_term_string\"}}],\"inLanguage\":\"fr-FR\"}]}<\/script>\n<!-- \/ Yoast SEO plugin. -->","yoast_head_json":{"title":"Les \u00e9tapes de la candidature - Espace Pro","robots":{"index":"index","follow":"follow","max-snippet":"max-snippet:-1","max-image-preview":"max-image-preview:large","max-video-preview":"max-video-preview:-1"},"canonical":"https:\/\/www.tourisme-valdemarne.com\/espace-pro\/expertises-et-projets\/demarche-mise-en-tourisme-seine-amont\/exposition-universelle-2025\/les-etapes-de-la-candidature\/","og_locale":"fr_FR","og_type":"article","og_title":"Les \u00e9tapes de la candidature - Espace Pro","og_description":"Les Etapes Clefs dans la candidature de la France et du Val-de-Marne \u00e0 l&rsquo;exposition universelle de 2025. 2012 : Cr\u00e9ation d&rsquo;ExpoFrance 2025 A partir de 2012, l\u2019id\u00e9e de candidature pour l\u2019exposition universelle est n\u00e9e \u00e0 travers l\u2019association ExpoFrance 2025 qui r\u00e9unit 27 entreprises, pr\u00e8s de 50 PME et 110 000 membres. Son repr\u00e9sentant, Jean-Christophe Fromantin [&hellip;]","og_url":"https:\/\/www.tourisme-valdemarne.com\/espace-pro\/expertises-et-projets\/demarche-mise-en-tourisme-seine-amont\/exposition-universelle-2025\/les-etapes-de-la-candidature\/","og_site_name":"Espace Pro","article_modified_time":"2019-06-03T14:20:30+00:00","og_image":[{"width":1600,"height":956,"url":"https:\/\/www.tourisme-valdemarne.com\/espace-pro\/wp-content\/uploads\/sites\/3\/2019\/05\/projet-expo-universelle-2025-passerelle-1.jpg","type":"image\/jpeg"}],"twitter_card":"summary_large_image","twitter_misc":{"Dur\u00e9e de lecture estim\u00e9e":"4 minutes"},"schema":{"@context":"https:\/\/schema.org","@graph":[{"@type":"WebPage","@id":"https:\/\/www.tourisme-valdemarne.com\/espace-pro\/expertises-et-projets\/demarche-mise-en-tourisme-seine-amont\/exposition-universelle-2025\/les-etapes-de-la-candidature\/","url":"https:\/\/www.tourisme-valdemarne.com\/espace-pro\/expertises-et-projets\/demarche-mise-en-tourisme-seine-amont\/exposition-universelle-2025\/les-etapes-de-la-candidature\/","name":"Les \u00e9tapes de la candidature - Espace Pro","isPartOf":{"@id":"https:\/\/www.tourisme-valdemarne.com\/espace-pro\/#website"},"primaryImageOfPage":{"@id":"https:\/\/www.tourisme-valdemarne.com\/espace-pro\/expertises-et-projets\/demarche-mise-en-tourisme-seine-amont\/exposition-universelle-2025\/les-etapes-de-la-candidature\/#primaryimage"},"image":{"@id":"https:\/\/www.tourisme-valdemarne.com\/espace-pro\/expertises-et-projets\/demarche-mise-en-tourisme-seine-amont\/exposition-universelle-2025\/les-etapes-de-la-candidature\/#primaryimage"},"thumbnailUrl":"https:\/\/www.tourisme-valdemarne.com\/espace-pro\/wp-content\/uploads\/sites\/3\/2019\/05\/projet-expo-universelle-2025-passerelle-1.jpg","datePublished":"2019-05-14T09:26:23+00:00","dateModified":"2019-06-03T14:20:30+00:00","breadcrumb":{"@id":"https:\/\/www.tourisme-valdemarne.com\/espace-pro\/expertises-et-projets\/demarche-mise-en-tourisme-seine-amont\/exposition-universelle-2025\/les-etapes-de-la-candidature\/#breadcrumb"},"inLanguage":"fr-FR","potentialAction":[{"@type":"ReadAction","target":["https:\/\/www.tourisme-valdemarne.com\/espace-pro\/expertises-et-projets\/demarche-mise-en-tourisme-seine-amont\/exposition-universelle-2025\/les-etapes-de-la-candidature\/"]}]},{"@type":"ImageObject","inLanguage":"fr-FR","@id":"https:\/\/www.tourisme-valdemarne.com\/espace-pro\/expertises-et-projets\/demarche-mise-en-tourisme-seine-amont\/exposition-universelle-2025\/les-etapes-de-la-candidature\/#primaryimage","url":"https:\/\/www.tourisme-valdemarne.com\/espace-pro\/wp-content\/uploads\/sites\/3\/2019\/05\/projet-expo-universelle-2025-passerelle-1.jpg","contentUrl":"https:\/\/www.tourisme-valdemarne.com\/espace-pro\/wp-content\/uploads\/sites\/3\/2019\/05\/projet-expo-universelle-2025-passerelle-1.jpg","width":1600,"height":956,"caption":"Passerelle du projet pour l'exposition universelle 2025 \u00a9 CD94 \/ Daquin Ferri\u00e8re"},{"@type":"BreadcrumbList","@id":"https:\/\/www.tourisme-valdemarne.com\/espace-pro\/expertises-et-projets\/demarche-mise-en-tourisme-seine-amont\/exposition-universelle-2025\/les-etapes-de-la-candidature\/#breadcrumb","itemListElement":[{"@type":"ListItem","position":1,"name":"Accueil","item":"https:\/\/www.tourisme-valdemarne.com\/espace-pro\/"},{"@type":"ListItem","position":2,"name":"Expertises et projets","item":"https:\/\/www.tourisme-valdemarne.com\/espace-pro\/expertises-et-projets\/"},{"@type":"ListItem","position":3,"name":"D\u00e9marche de mise en tourisme de la Seine Amont","item":"https:\/\/www.tourisme-valdemarne.com\/espace-pro\/expertises-et-projets\/demarche-mise-en-tourisme-seine-amont\/"},{"@type":"ListItem","position":4,"name":"Exposition universelle 2025","item":"https:\/\/www.tourisme-valdemarne.com\/espace-pro\/expertises-et-projets\/demarche-mise-en-tourisme-seine-amont\/exposition-universelle-2025\/"},{"@type":"ListItem","position":5,"name":"Les \u00e9tapes de la candidature"}]},{"@type":"WebSite","@id":"https:\/\/www.tourisme-valdemarne.com\/espace-pro\/#website","url":"https:\/\/www.tourisme-valdemarne.com\/espace-pro\/","name":"Espace Pro","description":"Informations et outils pour les professionnels et la Presse","potentialAction":[{"@type":"SearchAction","target":{"@type":"EntryPoint","urlTemplate":"https:\/\/www.tourisme-valdemarne.com\/espace-pro\/?s={search_term_string}"},"query-input":{"@type":"PropertyValueSpecification","valueRequired":true,"valueName":"search_term_string"}}],"inLanguage":"fr-FR"}]}},"_links":{"self":[{"href":"https:\/\/www.tourisme-valdemarne.com\/espace-pro\/wp-json\/wp\/v2\/pages\/902","targetHints":{"allow":["GET"]}}],"collection":[{"href":"https:\/\/www.tourisme-valdemarne.com\/espace-pro\/wp-json\/wp\/v2\/pages"}],"about":[{"href":"https:\/\/www.tourisme-valdemarne.com\/espace-pro\/wp-json\/wp\/v2\/types\/page"}],"author":[{"embeddable":true,"href":"https:\/\/www.tourisme-valdemarne.com\/espace-pro\/wp-json\/wp\/v2\/users\/1"}],"replies":[{"embeddable":true,"href":"https:\/\/www.tourisme-valdemarne.com\/espace-pro\/wp-json\/wp\/v2\/comments?post=902"}],"version-history":[{"count":18,"href":"https:\/\/www.tourisme-valdemarne.com\/espace-pro\/wp-json\/wp\/v2\/pages\/902\/revisions"}],"predecessor-version":[{"id":3186,"href":"https:\/\/www.tourisme-valdemarne.com\/espace-pro\/wp-json\/wp\/v2\/pages\/902\/revisions\/3186"}],"up":[{"embeddable":true,"href":"https:\/\/www.tourisme-valdemarne.com\/espace-pro\/wp-json\/wp\/v2\/pages\/893"}],"wp:featuredmedia":[{"embeddable":true,"href":"https:\/\/www.tourisme-valdemarne.com\/espace-pro\/wp-json\/wp\/v2\/media\/2722"}],"wp:attachment":[{"href":"https:\/\/www.tourisme-valdemarne.com\/espace-pro\/wp-json\/wp\/v2\/media?parent=902"}],"wp:term":[{"taxonomy":"vdmTagMarketing","embeddable":true,"href":"https:\/\/www.tourisme-valdemarne.com\/espace-pro\/wp-json\/wp\/v2\/vdmTagMarketing?post=902"}],"curies":[{"name":"wp","href":"https:\/\/api.w.org\/{rel}","templated":true}]}}