{"id":900,"date":"2019-05-14T11:25:12","date_gmt":"2019-05-14T09:25:12","guid":{"rendered":"https:\/\/www.tourisme-valdemarne.com\/espace-pro\/histoire-au-fil-de-leau"},"modified":"2019-05-27T14:18:08","modified_gmt":"2019-05-27T12:18:08","slug":"histoire-au-fil-de-leau","status":"publish","type":"page","link":"https:\/\/www.tourisme-valdemarne.com\/espace-pro\/expertises-et-projets\/demarche-mise-en-tourisme-seine-amont\/exposition-universelle-2025\/histoire-au-fil-de-leau\/","title":{"rendered":"Histoire au fil de l&rsquo;eau"},"content":{"rendered":"\n<p class=\"is-style-excerpt\">L\u2019histoire de l&rsquo;Ile-de-France est charg\u00e9e en Expositions Universelles. Celles-ci ont jou\u00e9 un r\u00f4le non n\u00e9gligeable dans l\u2019am\u00e9nagement territorial actuel, notamment dans la fondation de la capitale fran\u00e7aise.<\/p>\n\n\n\n<h2 class=\"wp-block-heading\">une histoire au fil de l\u2019eau\u2026<\/h2>\n\n\n\n<p>L\u2019histoire de l&rsquo;Ile-de-France est charg\u00e9e en Expositions Universelles. Celles-ci ont jou\u00e9 un r\u00f4le non n\u00e9gligeable dans l\u2019am\u00e9nagement territorial actuel, notamment dans la fondation de la capitale fran\u00e7aise.<\/p>\n\n\n\n<p>La premi\u00e8re exposition universelle fran\u00e7aise et la deuxi\u00e8me mondiale apr\u00e8s Londres en 1851, se d\u00e9roule du 15 mai au 15 novembre 1855 \u00e0 Paris sur les Champs-Elys\u00e9es avec plus de 5 100 000 visiteurs rassemblant 25 \u00e9tats et leurs colonies.<\/p>\n\n\n\n<p>Lors de la deuxi\u00e8me exposition Universelle qui se tiendra du 1er avril au 3 novembre 1867 sur le Champs de Mars avec 41 pays pr\u00e9sents, la Compagnie des Bateaux-Omnibus inaugure son activit\u00e9 parisienne le 14 avril 1867 avec un Pr\u00e9fet de Police qui d\u00e9terminera le nombre de bateaux, les horaires, et les tarifs. Cette innovation am\u00e8nera par la suite le d\u00e9veloppement du transport fluvial en Ile-de-France avec l\u2019apparition d\u2019un concurrent, la Compagnie des Hirondelles Parisiennes, avec 12 pontons \u00e0 Paris et 6 sur la Marne. Les deux compagnies fusionneront en 1875.<\/p>\n\n\n\n<p>En 1878, une troisi\u00e8me exposition universelle aura lieu \u00e0 Paris engendrant la construction de grands lieux aujourd\u2019hui historiques comme le Jardin du Trocad\u00e9ro r\u00e9alis\u00e9 par Jean-Charles Alphand. <br> Apr\u00e8s l\u2019arriv\u00e9e d\u2019un troisi\u00e8me exploitant de bateaux de voyageurs nomm\u00e9 la Compagnie des Bateaux Express qui fusionnera en 1886 avec les deux autres devenant La Compagnie G\u00e9n\u00e9rale des Bateaux Parisiens, deux lignes sont en service une entre Lagny-sur-Marne et Charenton, l\u2019autre entre Charenton et Suresnes. Au point d\u2019embarquement des passagers \u00e0 Charenton-le-Pont, des embarcations fixes appel\u00e9es pontons ont \u00e9t\u00e9 mises en place. Les mod\u00e8les varient de la simple plateforme flottante aux mod\u00e8les plus \u00e9labor\u00e9s comme des gares fluviales avec guichet et salle d\u2019attente.<\/p>\n\n\n\n<p>Du 6 mai au 31 octobre 1889, une quatri\u00e8me exposition accueille 32.3 millions de visiteurs. On retient comme symbole la construction de la Tour Eiffel ou encore la Galerie des Machines. La tour Eiffel devait \u00eatre \u00e0 l\u2019origine, une construction provisoire de l\u2019Exposition Universelle. Les Bateaux Parisiens de Charenton \u00e0 Suresnes donnent l\u2019illusion d\u2019une longue croisi\u00e8re. Mais le soir, changement de d\u00e9cor, le bal du Pont du jour devient le lieu de rendez-vous sous l\u2019\u0153il de la Tour Eiffel autrefois appel\u00e9e \u00ab berg\u00e8re du troupeau des Ponts \u00bb.<\/p>\n\n\n\n<p>Enfin en 1900, la plus importante des Expositions Universelles fran\u00e7aise avec pr\u00e8s de 50.8 millions de visiteurs laissera de nombreuses infrastructures et innovations qui structurent aujourd\u2019hui la ville. Ainsi, on voit appara\u00eetre de nouveaux moyens de transports comme les trottoirs roulants ou encore la premi\u00e8re ligne de m\u00e9tro parisien ouverte \u00e0 l\u2019occasion de l\u2019exposition, ou bien de nouvelles gares (Orsay, Invalides, Lyon). Des infrastructures accompagnent ces travaux avec la r\u00e9alisation du Petit et Grand Palais. <br>\n\u00c0 partir de 1920, la Compagnie des Bateaux Parisiens vend une partie de son mat\u00e9riel au d\u00e9partement de la Seine et face au d\u00e9veloppement des moyens de transport terrestres (tramway, m\u00e9tro), les Bateaux Parisiens ne trouvent pas leur place et l\u2019exploitation s\u2019arr\u00eatera.<\/p>\n\n\n\n<p>La <strong>candidature du Val-de-Marne<\/strong> prolongeait cet h\u00e9ritage en proposant la confluence de la Seine et de la Marne pour accueillir l\u2019Exposition Universelle de 2025 avec l\u2019eau comme fil conducteur et comme avenue principale de la manifestation. L\u2019objectif \u00e9tant \u00e9galement de concevoir un projet d\u2019am\u00e9lioration du cadre de vie et de valorisation et d\u00e9veloppement territorial \u00e0 plus long terme et non seulement sur un \u00e9v\u00e8nement \u00e9ph\u00e9m\u00e8re. <\/p>\n\n\n\n<p>Sa proximit\u00e9 avec la capitale, son atout culturel, patrimonial mais aussi g\u00e9ographique en liant \u00e0 la fois trame verte (bois de Vincennes, les bords de Marne, parcs d\u00e9partementaux) et bleue (la Seine, la Marne), font de la Marne et Seine confluence un lieu multiculturel et de pratiques touristiques innovantes. De plus, pour assurer les flux de visiteurs, le territoire dispose actuellement et en accord avec le projet du Grand Paris, d\u2019une forte desserte en transports en communs. <br>\nCette candidature permettait de resituer l\u2019Exposition Universelle fran\u00e7aise historiquement avec la valorisation et l\u2019utilisation de l\u2019eau.<\/p>\n","protected":false},"excerpt":{"rendered":"<p>L\u2019histoire de l&rsquo;Ile-de-France est charg\u00e9e en Expositions Universelles. Celles-ci ont jou\u00e9 un r\u00f4le non n\u00e9gligeable dans l\u2019am\u00e9nagement territorial actuel, notamment dans la fondation de la capitale fran\u00e7aise. une histoire au fil de l\u2019eau\u2026 L\u2019histoire de l&rsquo;Ile-de-France est charg\u00e9e en Expositions Universelles. Celles-ci ont jou\u00e9 un r\u00f4le non n\u00e9gligeable dans l\u2019am\u00e9nagement territorial actuel, notamment dans la [&hellip;]<\/p>\n","protected":false},"author":1,"featured_media":2697,"parent":893,"menu_order":30,"comment_status":"closed","ping_status":"closed","template":"","meta":{"_relevanssi_hide_post":"","_relevanssi_hide_content":"","_relevanssi_pin_for_all":"","_relevanssi_pin_keywords":"","_relevanssi_unpin_keywords":"","_relevanssi_related_keywords":"","_relevanssi_related_include_ids":"","_relevanssi_related_exclude_ids":"","_relevanssi_related_no_append":"","_relevanssi_related_not_related":"","_relevanssi_related_posts":"","_relevanssi_noindex_reason":"","footnotes":""},"vdmTagMarketing":[],"class_list":["post-900","page","type-page","status-publish","has-post-thumbnail","hentry"],"acf":[],"yoast_head":"<!-- This site is optimized with the Yoast SEO plugin v23.9 - https:\/\/yoast.com\/wordpress\/plugins\/seo\/ -->\n<title>Histoire au fil de l&#039;eau - Espace Pro<\/title>\n<meta name=\"robots\" content=\"index, follow, max-snippet:-1, max-image-preview:large, max-video-preview:-1\" \/>\n<link rel=\"canonical\" href=\"https:\/\/www.tourisme-valdemarne.com\/espace-pro\/expertises-et-projets\/demarche-mise-en-tourisme-seine-amont\/exposition-universelle-2025\/histoire-au-fil-de-leau\/\" \/>\n<meta property=\"og:locale\" content=\"fr_FR\" \/>\n<meta property=\"og:type\" content=\"article\" \/>\n<meta property=\"og:title\" content=\"Histoire au fil de l&#039;eau - Espace Pro\" \/>\n<meta property=\"og:description\" content=\"L\u2019histoire de l&rsquo;Ile-de-France est charg\u00e9e en Expositions Universelles. Celles-ci ont jou\u00e9 un r\u00f4le non n\u00e9gligeable dans l\u2019am\u00e9nagement territorial actuel, notamment dans la fondation de la capitale fran\u00e7aise. une histoire au fil de l\u2019eau\u2026 L\u2019histoire de l&rsquo;Ile-de-France est charg\u00e9e en Expositions Universelles. Celles-ci ont jou\u00e9 un r\u00f4le non n\u00e9gligeable dans l\u2019am\u00e9nagement territorial actuel, notamment dans la [&hellip;]\" \/>\n<meta property=\"og:url\" content=\"https:\/\/www.tourisme-valdemarne.com\/espace-pro\/expertises-et-projets\/demarche-mise-en-tourisme-seine-amont\/exposition-universelle-2025\/histoire-au-fil-de-leau\/\" \/>\n<meta property=\"og:site_name\" content=\"Espace Pro\" \/>\n<meta property=\"article:modified_time\" content=\"2019-05-27T12:18:08+00:00\" \/>\n<meta property=\"og:image\" content=\"https:\/\/www.tourisme-valdemarne.com\/espace-pro\/wp-content\/uploads\/sites\/3\/2019\/05\/tour-eiffel-paris-cc0.jpg\" \/>\n\t<meta property=\"og:image:width\" content=\"1600\" \/>\n\t<meta property=\"og:image:height\" content=\"1066\" \/>\n\t<meta property=\"og:image:type\" content=\"image\/jpeg\" \/>\n<meta name=\"twitter:card\" content=\"summary_large_image\" \/>\n<meta name=\"twitter:label1\" content=\"Dur\u00e9e de lecture estim\u00e9e\" \/>\n\t<meta name=\"twitter:data1\" content=\"4 minutes\" \/>\n<script type=\"application\/ld+json\" class=\"yoast-schema-graph\">{\"@context\":\"https:\/\/schema.org\",\"@graph\":[{\"@type\":\"WebPage\",\"@id\":\"https:\/\/www.tourisme-valdemarne.com\/espace-pro\/expertises-et-projets\/demarche-mise-en-tourisme-seine-amont\/exposition-universelle-2025\/histoire-au-fil-de-leau\/\",\"url\":\"https:\/\/www.tourisme-valdemarne.com\/espace-pro\/expertises-et-projets\/demarche-mise-en-tourisme-seine-amont\/exposition-universelle-2025\/histoire-au-fil-de-leau\/\",\"name\":\"Histoire au fil de l'eau - Espace Pro\",\"isPartOf\":{\"@id\":\"https:\/\/www.tourisme-valdemarne.com\/espace-pro\/#website\"},\"primaryImageOfPage\":{\"@id\":\"https:\/\/www.tourisme-valdemarne.com\/espace-pro\/expertises-et-projets\/demarche-mise-en-tourisme-seine-amont\/exposition-universelle-2025\/histoire-au-fil-de-leau\/#primaryimage\"},\"image\":{\"@id\":\"https:\/\/www.tourisme-valdemarne.com\/espace-pro\/expertises-et-projets\/demarche-mise-en-tourisme-seine-amont\/exposition-universelle-2025\/histoire-au-fil-de-leau\/#primaryimage\"},\"thumbnailUrl\":\"https:\/\/www.tourisme-valdemarne.com\/espace-pro\/wp-content\/uploads\/sites\/3\/2019\/05\/tour-eiffel-paris-cc0.jpg\",\"datePublished\":\"2019-05-14T09:25:12+00:00\",\"dateModified\":\"2019-05-27T12:18:08+00:00\",\"breadcrumb\":{\"@id\":\"https:\/\/www.tourisme-valdemarne.com\/espace-pro\/expertises-et-projets\/demarche-mise-en-tourisme-seine-amont\/exposition-universelle-2025\/histoire-au-fil-de-leau\/#breadcrumb\"},\"inLanguage\":\"fr-FR\",\"potentialAction\":[{\"@type\":\"ReadAction\",\"target\":[\"https:\/\/www.tourisme-valdemarne.com\/espace-pro\/expertises-et-projets\/demarche-mise-en-tourisme-seine-amont\/exposition-universelle-2025\/histoire-au-fil-de-leau\/\"]}]},{\"@type\":\"ImageObject\",\"inLanguage\":\"fr-FR\",\"@id\":\"https:\/\/www.tourisme-valdemarne.com\/espace-pro\/expertises-et-projets\/demarche-mise-en-tourisme-seine-amont\/exposition-universelle-2025\/histoire-au-fil-de-leau\/#primaryimage\",\"url\":\"https:\/\/www.tourisme-valdemarne.com\/espace-pro\/wp-content\/uploads\/sites\/3\/2019\/05\/tour-eiffel-paris-cc0.jpg\",\"contentUrl\":\"https:\/\/www.tourisme-valdemarne.com\/espace-pro\/wp-content\/uploads\/sites\/3\/2019\/05\/tour-eiffel-paris-cc0.jpg\",\"width\":1600,\"height\":1066,\"caption\":\"La Tour Eiffel \u00e0 Paris\"},{\"@type\":\"BreadcrumbList\",\"@id\":\"https:\/\/www.tourisme-valdemarne.com\/espace-pro\/expertises-et-projets\/demarche-mise-en-tourisme-seine-amont\/exposition-universelle-2025\/histoire-au-fil-de-leau\/#breadcrumb\",\"itemListElement\":[{\"@type\":\"ListItem\",\"position\":1,\"name\":\"Accueil\",\"item\":\"https:\/\/www.tourisme-valdemarne.com\/espace-pro\/\"},{\"@type\":\"ListItem\",\"position\":2,\"name\":\"Expertises et projets\",\"item\":\"https:\/\/www.tourisme-valdemarne.com\/espace-pro\/expertises-et-projets\/\"},{\"@type\":\"ListItem\",\"position\":3,\"name\":\"D\u00e9marche de mise en tourisme de la Seine Amont\",\"item\":\"https:\/\/www.tourisme-valdemarne.com\/espace-pro\/expertises-et-projets\/demarche-mise-en-tourisme-seine-amont\/\"},{\"@type\":\"ListItem\",\"position\":4,\"name\":\"Exposition universelle 2025\",\"item\":\"https:\/\/www.tourisme-valdemarne.com\/espace-pro\/expertises-et-projets\/demarche-mise-en-tourisme-seine-amont\/exposition-universelle-2025\/\"},{\"@type\":\"ListItem\",\"position\":5,\"name\":\"Histoire au fil de l&rsquo;eau\"}]},{\"@type\":\"WebSite\",\"@id\":\"https:\/\/www.tourisme-valdemarne.com\/espace-pro\/#website\",\"url\":\"https:\/\/www.tourisme-valdemarne.com\/espace-pro\/\",\"name\":\"Espace Pro\",\"description\":\"Informations et outils pour les professionnels et la Presse\",\"potentialAction\":[{\"@type\":\"SearchAction\",\"target\":{\"@type\":\"EntryPoint\",\"urlTemplate\":\"https:\/\/www.tourisme-valdemarne.com\/espace-pro\/?s={search_term_string}\"},\"query-input\":{\"@type\":\"PropertyValueSpecification\",\"valueRequired\":true,\"valueName\":\"search_term_string\"}}],\"inLanguage\":\"fr-FR\"}]}<\/script>\n<!-- \/ Yoast SEO plugin. -->","yoast_head_json":{"title":"Histoire au fil de l'eau - Espace Pro","robots":{"index":"index","follow":"follow","max-snippet":"max-snippet:-1","max-image-preview":"max-image-preview:large","max-video-preview":"max-video-preview:-1"},"canonical":"https:\/\/www.tourisme-valdemarne.com\/espace-pro\/expertises-et-projets\/demarche-mise-en-tourisme-seine-amont\/exposition-universelle-2025\/histoire-au-fil-de-leau\/","og_locale":"fr_FR","og_type":"article","og_title":"Histoire au fil de l'eau - Espace Pro","og_description":"L\u2019histoire de l&rsquo;Ile-de-France est charg\u00e9e en Expositions Universelles. Celles-ci ont jou\u00e9 un r\u00f4le non n\u00e9gligeable dans l\u2019am\u00e9nagement territorial actuel, notamment dans la fondation de la capitale fran\u00e7aise. une histoire au fil de l\u2019eau\u2026 L\u2019histoire de l&rsquo;Ile-de-France est charg\u00e9e en Expositions Universelles. Celles-ci ont jou\u00e9 un r\u00f4le non n\u00e9gligeable dans l\u2019am\u00e9nagement territorial actuel, notamment dans la [&hellip;]","og_url":"https:\/\/www.tourisme-valdemarne.com\/espace-pro\/expertises-et-projets\/demarche-mise-en-tourisme-seine-amont\/exposition-universelle-2025\/histoire-au-fil-de-leau\/","og_site_name":"Espace Pro","article_modified_time":"2019-05-27T12:18:08+00:00","og_image":[{"width":1600,"height":1066,"url":"https:\/\/www.tourisme-valdemarne.com\/espace-pro\/wp-content\/uploads\/sites\/3\/2019\/05\/tour-eiffel-paris-cc0.jpg","type":"image\/jpeg"}],"twitter_card":"summary_large_image","twitter_misc":{"Dur\u00e9e de lecture estim\u00e9e":"4 minutes"},"schema":{"@context":"https:\/\/schema.org","@graph":[{"@type":"WebPage","@id":"https:\/\/www.tourisme-valdemarne.com\/espace-pro\/expertises-et-projets\/demarche-mise-en-tourisme-seine-amont\/exposition-universelle-2025\/histoire-au-fil-de-leau\/","url":"https:\/\/www.tourisme-valdemarne.com\/espace-pro\/expertises-et-projets\/demarche-mise-en-tourisme-seine-amont\/exposition-universelle-2025\/histoire-au-fil-de-leau\/","name":"Histoire au fil de l'eau - Espace Pro","isPartOf":{"@id":"https:\/\/www.tourisme-valdemarne.com\/espace-pro\/#website"},"primaryImageOfPage":{"@id":"https:\/\/www.tourisme-valdemarne.com\/espace-pro\/expertises-et-projets\/demarche-mise-en-tourisme-seine-amont\/exposition-universelle-2025\/histoire-au-fil-de-leau\/#primaryimage"},"image":{"@id":"https:\/\/www.tourisme-valdemarne.com\/espace-pro\/expertises-et-projets\/demarche-mise-en-tourisme-seine-amont\/exposition-universelle-2025\/histoire-au-fil-de-leau\/#primaryimage"},"thumbnailUrl":"https:\/\/www.tourisme-valdemarne.com\/espace-pro\/wp-content\/uploads\/sites\/3\/2019\/05\/tour-eiffel-paris-cc0.jpg","datePublished":"2019-05-14T09:25:12+00:00","dateModified":"2019-05-27T12:18:08+00:00","breadcrumb":{"@id":"https:\/\/www.tourisme-valdemarne.com\/espace-pro\/expertises-et-projets\/demarche-mise-en-tourisme-seine-amont\/exposition-universelle-2025\/histoire-au-fil-de-leau\/#breadcrumb"},"inLanguage":"fr-FR","potentialAction":[{"@type":"ReadAction","target":["https:\/\/www.tourisme-valdemarne.com\/espace-pro\/expertises-et-projets\/demarche-mise-en-tourisme-seine-amont\/exposition-universelle-2025\/histoire-au-fil-de-leau\/"]}]},{"@type":"ImageObject","inLanguage":"fr-FR","@id":"https:\/\/www.tourisme-valdemarne.com\/espace-pro\/expertises-et-projets\/demarche-mise-en-tourisme-seine-amont\/exposition-universelle-2025\/histoire-au-fil-de-leau\/#primaryimage","url":"https:\/\/www.tourisme-valdemarne.com\/espace-pro\/wp-content\/uploads\/sites\/3\/2019\/05\/tour-eiffel-paris-cc0.jpg","contentUrl":"https:\/\/www.tourisme-valdemarne.com\/espace-pro\/wp-content\/uploads\/sites\/3\/2019\/05\/tour-eiffel-paris-cc0.jpg","width":1600,"height":1066,"caption":"La Tour Eiffel \u00e0 Paris"},{"@type":"BreadcrumbList","@id":"https:\/\/www.tourisme-valdemarne.com\/espace-pro\/expertises-et-projets\/demarche-mise-en-tourisme-seine-amont\/exposition-universelle-2025\/histoire-au-fil-de-leau\/#breadcrumb","itemListElement":[{"@type":"ListItem","position":1,"name":"Accueil","item":"https:\/\/www.tourisme-valdemarne.com\/espace-pro\/"},{"@type":"ListItem","position":2,"name":"Expertises et projets","item":"https:\/\/www.tourisme-valdemarne.com\/espace-pro\/expertises-et-projets\/"},{"@type":"ListItem","position":3,"name":"D\u00e9marche de mise en tourisme de la Seine Amont","item":"https:\/\/www.tourisme-valdemarne.com\/espace-pro\/expertises-et-projets\/demarche-mise-en-tourisme-seine-amont\/"},{"@type":"ListItem","position":4,"name":"Exposition universelle 2025","item":"https:\/\/www.tourisme-valdemarne.com\/espace-pro\/expertises-et-projets\/demarche-mise-en-tourisme-seine-amont\/exposition-universelle-2025\/"},{"@type":"ListItem","position":5,"name":"Histoire au fil de l&rsquo;eau"}]},{"@type":"WebSite","@id":"https:\/\/www.tourisme-valdemarne.com\/espace-pro\/#website","url":"https:\/\/www.tourisme-valdemarne.com\/espace-pro\/","name":"Espace Pro","description":"Informations et outils pour les professionnels et la Presse","potentialAction":[{"@type":"SearchAction","target":{"@type":"EntryPoint","urlTemplate":"https:\/\/www.tourisme-valdemarne.com\/espace-pro\/?s={search_term_string}"},"query-input":{"@type":"PropertyValueSpecification","valueRequired":true,"valueName":"search_term_string"}}],"inLanguage":"fr-FR"}]}},"_links":{"self":[{"href":"https:\/\/www.tourisme-valdemarne.com\/espace-pro\/wp-json\/wp\/v2\/pages\/900","targetHints":{"allow":["GET"]}}],"collection":[{"href":"https:\/\/www.tourisme-valdemarne.com\/espace-pro\/wp-json\/wp\/v2\/pages"}],"about":[{"href":"https:\/\/www.tourisme-valdemarne.com\/espace-pro\/wp-json\/wp\/v2\/types\/page"}],"author":[{"embeddable":true,"href":"https:\/\/www.tourisme-valdemarne.com\/espace-pro\/wp-json\/wp\/v2\/users\/1"}],"replies":[{"embeddable":true,"href":"https:\/\/www.tourisme-valdemarne.com\/espace-pro\/wp-json\/wp\/v2\/comments?post=900"}],"version-history":[{"count":3,"href":"https:\/\/www.tourisme-valdemarne.com\/espace-pro\/wp-json\/wp\/v2\/pages\/900\/revisions"}],"predecessor-version":[{"id":2720,"href":"https:\/\/www.tourisme-valdemarne.com\/espace-pro\/wp-json\/wp\/v2\/pages\/900\/revisions\/2720"}],"up":[{"embeddable":true,"href":"https:\/\/www.tourisme-valdemarne.com\/espace-pro\/wp-json\/wp\/v2\/pages\/893"}],"wp:featuredmedia":[{"embeddable":true,"href":"https:\/\/www.tourisme-valdemarne.com\/espace-pro\/wp-json\/wp\/v2\/media\/2697"}],"wp:attachment":[{"href":"https:\/\/www.tourisme-valdemarne.com\/espace-pro\/wp-json\/wp\/v2\/media?parent=900"}],"wp:term":[{"taxonomy":"vdmTagMarketing","embeddable":true,"href":"https:\/\/www.tourisme-valdemarne.com\/espace-pro\/wp-json\/wp\/v2\/vdmTagMarketing?post=900"}],"curies":[{"name":"wp","href":"https:\/\/api.w.org\/{rel}","templated":true}]}}