{"id":898,"date":"2019-05-14T11:24:41","date_gmt":"2019-05-14T09:24:41","guid":{"rendered":"https:\/\/www.tourisme-valdemarne.com\/espace-pro\/candidature-du-val-de-marne"},"modified":"2019-05-27T14:15:57","modified_gmt":"2019-05-27T12:15:57","slug":"candidature-du-val-de-marne","status":"publish","type":"page","link":"https:\/\/www.tourisme-valdemarne.com\/espace-pro\/expertises-et-projets\/demarche-mise-en-tourisme-seine-amont\/exposition-universelle-2025\/candidature-du-val-de-marne\/","title":{"rendered":"Candidature du Val-de-Marne"},"content":{"rendered":"\n<p class=\"is-style-excerpt\">Le Projet d&rsquo;Accueil du village global de l&rsquo;exposition universelle 2025.<\/p>\n\n\n\n<h2 class=\"wp-block-heading\">La Marne et la Seine ont fait Paris, elles feront Paris 2025<\/h2>\n\n\n\n<p>Pour accueillir l\u2019\u00e9v\u00e8nement, le Val-de-Marne propose sa candidature sur un territoire innovant \u00ab Marne et Seine Confluence \u00bb mettant l\u2019eau au c\u0153ur du projet avec l\u2019installation des pavillons de l\u2019exposition le long des berges mais aussi sur l\u2019eau. <br>C\u2019est un v\u00e9ritable atout, Christian Favier Pr\u00e9sident du Conseil D\u00e9partemental souligne \u00ab notre originalit\u00e9 est de mettre l\u2019eau, la confluence de la Seine et de la Marne au c\u0153ur du projet dans une \u00e9poque o\u00f9 la question de cette ressource universelle est majeure \u00bb.<\/p>\n\n\n\n<p>Le Val-de-Marne, territoire d\u2019innovations et de partage, est candidat \u00e0 l\u2019accueil de ce village de l\u2019Exposition Universelle. Il d\u00e9fend un projet original construit autour de la Seine et de la Marne, symboles non seulement du Val-de-Marne mais aussi de toute la m\u00e9tropole du Grand Paris. Ce projet en milieu urbain en prolongement de Paris repr\u00e9sente aussi une occasion d\u2019exp\u00e9rimenter des d\u00e9marches innovantes d\u2019am\u00e9nagement sur pr\u00e8s de 130ha. Il pr\u00e9sente la Seine, depuis Paris jusqu\u2019\u00e0 la confluence, et la Marne comme des avenues de l\u2019exposition le long desquelles seraient install\u00e9s les pavillons des diff\u00e9rents pays.<\/p>\n\n\n\n<p>\u00ab\u00a0Marne et Seine, confluence\u00a0\u00bb s\u2019inscrit dans la continuit\u00e9 de l\u2019histoire mais repr\u00e9sente aussi un territoire en pleine mutation urbaine. L\u2019\u00e9v\u00e8nement serait un tremplin de d\u00e9veloppement de la vie de quartier et des espaces verts avec des investissements revers\u00e9s aux diff\u00e9rents territoires d\u2019accueil.  En effet, le co\u00fbt du projet s\u2019estime \u00e0 25 millions d\u2019euros pour 23 milliards d\u2019euros de retomb\u00e9es \u00e9conomique. De plus, il concerne pr\u00e8s de 160 000 emplois directs et indirects. En ce qui concerne le tourisme, l\u2019Exposition Universelle serait un v\u00e9ritable moteur de d\u00e9veloppement touristique s\u2019accompagnant d\u2019un d\u00e9veloppement \u00e9conomique. Cela permet au site et au d\u00e9partement d\u2019apparaitre comme une vitrine mondiale.<\/p>\n\n\n\n<p>L\u2019exposition se d\u00e9velopperait directement sur le fleuve et la rivi\u00e8re et pas seulement sur les berges : barges, pavillons flottants, sur pilotis ou lanc\u00e9s sur le fleuve. L\u2019objectif \u00e9tant d\u2019investir les quais et les berges.<br>Les visiteurs pourraient \u00e9galement se d\u00e9placer directement via les voies d\u2019eau, qui donnent un sentiment d\u2019unit\u00e9 \u00e0 l\u2019exposition.<br>La confluence, marqu\u00e9e par l\u2019embl\u00e9matique Chinagora, serait au c\u0153ur du village global.<br>La Seine repr\u00e9sente aussi l\u2019image de la capitale, le lien entre le pass\u00e9 et l\u2019avenir avec d\u2019importants territoires en mutation au bord de l\u2019eau comme le programme Bercy-Charenton, la ZAC Ivry-Confluences, ou encore les Ardoines qui pourraient devenir une porte d\u2019entr\u00e9e avec sa nouvelle gare. Elle porte la m\u00e9moire des Expositions Universelles et est donc un atout incontestable.<\/p>\n\n\n\n<figure class=\"wp-block-image\"><a href=\"https:\/\/www.tourisme-valdemarne.com\/espace-pro\/wp-content\/uploads\/sites\/3\/2019\/05\/projet-expo-universelle-2025-nuit.jpg\"><img width=\"1200\" height=\"711\" data-src=\"https:\/\/www.tourisme-valdemarne.com\/espace-pro\/wp-content\/uploads\/sites\/3\/2019\/05\/projet-expo-universelle-2025-nuit-1200x711.jpg\" alt=\"projet exposition universelle 2025\" class=\"wp-image-2716\" srcset=\"https:\/\/www.tourisme-valdemarne.com\/espace-pro\/wp-content\/uploads\/sites\/3\/2019\/05\/projet-expo-universelle-2025-nuit-1200x711.jpg 1200w, https:\/\/www.tourisme-valdemarne.com\/espace-pro\/wp-content\/uploads\/sites\/3\/2019\/05\/projet-expo-universelle-2025-nuit-600x356.jpg 600w, https:\/\/www.tourisme-valdemarne.com\/espace-pro\/wp-content\/uploads\/sites\/3\/2019\/05\/projet-expo-universelle-2025-nuit-900x533.jpg 900w, https:\/\/www.tourisme-valdemarne.com\/espace-pro\/wp-content\/uploads\/sites\/3\/2019\/05\/projet-expo-universelle-2025-nuit-380x225.jpg 380w, https:\/\/www.tourisme-valdemarne.com\/espace-pro\/wp-content\/uploads\/sites\/3\/2019\/05\/projet-expo-universelle-2025-nuit-200x119.jpg 200w, https:\/\/www.tourisme-valdemarne.com\/espace-pro\/wp-content\/uploads\/sites\/3\/2019\/05\/projet-expo-universelle-2025-nuit.jpg 1500w\" sizes=\"(max-width: 1200px) 100vw, 1200px\" \/><\/a><figcaption>Projet pour l&rsquo;exposition universelle 2025 de nuit \u00a9 CD94 \/ Daquin Ferri\u00e8re<\/figcaption><\/figure>\n\n\n\n<p>Les atouts touristiques et \u00e9cologiques sont \u00e9galement ind\u00e9niables avec les bords de Marne (espace pr\u00e9serv\u00e9 de loisirs historiques, de promenades sur les berges, de navigation), le bois de Vincennes (poumon vert mais aussi lieu d\u2019histoire avec le ch\u00e2teau de Vincennes), le Parc du Tremblay ou encore celui des Lilas, etc. La culture est tr\u00e8s pr\u00e9sente sur le territoire : Mac Val, street art, etc. Autant de fl\u00e2neries et d\u00e9tours possibles autour du village global. Le site dispose d\u2019un patrimoine historique culturel, humain mais aussi paysager aux portes de Paris. La candidature ne peut que nourrir davantage le patrimoine existant.<\/p>\n\n\n\n<p>Le site Marne et Seine confluence poss\u00e8de un fort potentiel d\u2019innovations en mati\u00e8re de transports et de tourisme. <br>Question accessibilit\u00e9, le Val-de-Marne est id\u00e9alement desservi depuis Paris et l\u2019international, abrite l\u2019a\u00e9roport d\u2019Orly, pr\u00e9sente de nombreux r\u00e9seaux routiers et surtout dispose d\u2019un r\u00e9seau de transports en commun exceptionnel non seulement avec les lignes de m\u00e9tro existantes, mais \u00e9galement avec les futurs tramway T9 en 2020, T Zen 5 et ligne 15 Sud du Grand Paris Express en 2022 et ligne 14 Sud en 2024. Le site Marne et Seine confluence poss\u00e8de un fort potentiel d\u2019innovations en mati\u00e8re de transports et de tourisme. C\u2019est une exposition en r\u00e9seaux.<\/p>\n\n\n\n<p>D\u2019Est en Ouest c\u2019est le r\u00e9cit de l\u2019exposition universelle de 1855 \u00e0 2025. Une desserte fluviale et des circulations douces seront \u00e9galement pens\u00e9es pour relier Paris et le Val-de-Marne et pour circuler le long des voies d\u2019eau et des pavillons.<\/p>\n\n\n\n<p>De tout temps, l\u2019accueil d\u2019une Exposition Universelle a \u00e9t\u00e9 un acc\u00e9l\u00e9rateur du d\u00e9veloppement territorial et une occasion d\u2019exp\u00e9rimenter des d\u00e9marches innovantes d\u2019am\u00e9nagement urbain.<\/p>\n\n\n\n<p>La candidature du Val-de-Marne repose sur la mobilisation de tous les acteurs et de toutes les \u00e9nergies autour d\u2019un projet qui a toute sa place \u00e0 l\u2019heure o\u00f9 l\u2019eau et l\u2019\u00e9cologie sont au c\u0153ur des pr\u00e9occupations mondiales.<\/p>\n","protected":false},"excerpt":{"rendered":"<p>Le Projet d&rsquo;Accueil du village global de l&rsquo;exposition universelle 2025. La Marne et la Seine ont fait Paris, elles feront Paris 2025 Pour accueillir l\u2019\u00e9v\u00e8nement, le Val-de-Marne propose sa candidature sur un territoire innovant \u00ab Marne et Seine Confluence \u00bb mettant l\u2019eau au c\u0153ur du projet avec l\u2019installation des pavillons de l\u2019exposition le long des [&hellip;]<\/p>\n","protected":false},"author":1,"featured_media":2714,"parent":893,"menu_order":20,"comment_status":"closed","ping_status":"closed","template":"","meta":{"_relevanssi_hide_post":"","_relevanssi_hide_content":"","_relevanssi_pin_for_all":"","_relevanssi_pin_keywords":"","_relevanssi_unpin_keywords":"","_relevanssi_related_keywords":"","_relevanssi_related_include_ids":"","_relevanssi_related_exclude_ids":"","_relevanssi_related_no_append":"","_relevanssi_related_not_related":"","_relevanssi_related_posts":"","_relevanssi_noindex_reason":"","footnotes":""},"vdmTagMarketing":[],"class_list":["post-898","page","type-page","status-publish","has-post-thumbnail","hentry"],"acf":[],"yoast_head":"<!-- This site is optimized with the Yoast SEO plugin v23.9 - https:\/\/yoast.com\/wordpress\/plugins\/seo\/ -->\n<title>Candidature du Val-de-Marne - Espace Pro<\/title>\n<meta name=\"robots\" content=\"index, follow, max-snippet:-1, max-image-preview:large, max-video-preview:-1\" \/>\n<link rel=\"canonical\" href=\"https:\/\/www.tourisme-valdemarne.com\/espace-pro\/expertises-et-projets\/demarche-mise-en-tourisme-seine-amont\/exposition-universelle-2025\/candidature-du-val-de-marne\/\" \/>\n<meta property=\"og:locale\" content=\"fr_FR\" \/>\n<meta property=\"og:type\" content=\"article\" \/>\n<meta property=\"og:title\" content=\"Candidature du Val-de-Marne - Espace Pro\" \/>\n<meta property=\"og:description\" content=\"Le Projet d&rsquo;Accueil du village global de l&rsquo;exposition universelle 2025. La Marne et la Seine ont fait Paris, elles feront Paris 2025 Pour accueillir l\u2019\u00e9v\u00e8nement, le Val-de-Marne propose sa candidature sur un territoire innovant \u00ab Marne et Seine Confluence \u00bb mettant l\u2019eau au c\u0153ur du projet avec l\u2019installation des pavillons de l\u2019exposition le long des [&hellip;]\" \/>\n<meta property=\"og:url\" content=\"https:\/\/www.tourisme-valdemarne.com\/espace-pro\/expertises-et-projets\/demarche-mise-en-tourisme-seine-amont\/exposition-universelle-2025\/candidature-du-val-de-marne\/\" \/>\n<meta property=\"og:site_name\" content=\"Espace Pro\" \/>\n<meta property=\"article:modified_time\" content=\"2019-05-27T12:15:57+00:00\" \/>\n<meta property=\"og:image\" content=\"https:\/\/www.tourisme-valdemarne.com\/espace-pro\/wp-content\/uploads\/sites\/3\/2019\/05\/projet-expo-universelle-2025-1.jpg\" \/>\n\t<meta property=\"og:image:width\" content=\"1827\" \/>\n\t<meta property=\"og:image:height\" content=\"900\" \/>\n\t<meta property=\"og:image:type\" content=\"image\/jpeg\" \/>\n<meta name=\"twitter:card\" content=\"summary_large_image\" \/>\n<meta name=\"twitter:label1\" content=\"Dur\u00e9e de lecture estim\u00e9e\" \/>\n\t<meta name=\"twitter:data1\" content=\"4 minutes\" \/>\n<script type=\"application\/ld+json\" class=\"yoast-schema-graph\">{\"@context\":\"https:\/\/schema.org\",\"@graph\":[{\"@type\":\"WebPage\",\"@id\":\"https:\/\/www.tourisme-valdemarne.com\/espace-pro\/expertises-et-projets\/demarche-mise-en-tourisme-seine-amont\/exposition-universelle-2025\/candidature-du-val-de-marne\/\",\"url\":\"https:\/\/www.tourisme-valdemarne.com\/espace-pro\/expertises-et-projets\/demarche-mise-en-tourisme-seine-amont\/exposition-universelle-2025\/candidature-du-val-de-marne\/\",\"name\":\"Candidature du Val-de-Marne - Espace Pro\",\"isPartOf\":{\"@id\":\"https:\/\/www.tourisme-valdemarne.com\/espace-pro\/#website\"},\"primaryImageOfPage\":{\"@id\":\"https:\/\/www.tourisme-valdemarne.com\/espace-pro\/expertises-et-projets\/demarche-mise-en-tourisme-seine-amont\/exposition-universelle-2025\/candidature-du-val-de-marne\/#primaryimage\"},\"image\":{\"@id\":\"https:\/\/www.tourisme-valdemarne.com\/espace-pro\/expertises-et-projets\/demarche-mise-en-tourisme-seine-amont\/exposition-universelle-2025\/candidature-du-val-de-marne\/#primaryimage\"},\"thumbnailUrl\":\"https:\/\/www.tourisme-valdemarne.com\/espace-pro\/wp-content\/uploads\/sites\/3\/2019\/05\/projet-expo-universelle-2025-1.jpg\",\"datePublished\":\"2019-05-14T09:24:41+00:00\",\"dateModified\":\"2019-05-27T12:15:57+00:00\",\"breadcrumb\":{\"@id\":\"https:\/\/www.tourisme-valdemarne.com\/espace-pro\/expertises-et-projets\/demarche-mise-en-tourisme-seine-amont\/exposition-universelle-2025\/candidature-du-val-de-marne\/#breadcrumb\"},\"inLanguage\":\"fr-FR\",\"potentialAction\":[{\"@type\":\"ReadAction\",\"target\":[\"https:\/\/www.tourisme-valdemarne.com\/espace-pro\/expertises-et-projets\/demarche-mise-en-tourisme-seine-amont\/exposition-universelle-2025\/candidature-du-val-de-marne\/\"]}]},{\"@type\":\"ImageObject\",\"inLanguage\":\"fr-FR\",\"@id\":\"https:\/\/www.tourisme-valdemarne.com\/espace-pro\/expertises-et-projets\/demarche-mise-en-tourisme-seine-amont\/exposition-universelle-2025\/candidature-du-val-de-marne\/#primaryimage\",\"url\":\"https:\/\/www.tourisme-valdemarne.com\/espace-pro\/wp-content\/uploads\/sites\/3\/2019\/05\/projet-expo-universelle-2025-1.jpg\",\"contentUrl\":\"https:\/\/www.tourisme-valdemarne.com\/espace-pro\/wp-content\/uploads\/sites\/3\/2019\/05\/projet-expo-universelle-2025-1.jpg\",\"width\":1827,\"height\":900,\"caption\":\"Projet pour l'exposition universelle 2025 \u00a9 CD94 \/ Daquin Ferri\u00e8re\"},{\"@type\":\"BreadcrumbList\",\"@id\":\"https:\/\/www.tourisme-valdemarne.com\/espace-pro\/expertises-et-projets\/demarche-mise-en-tourisme-seine-amont\/exposition-universelle-2025\/candidature-du-val-de-marne\/#breadcrumb\",\"itemListElement\":[{\"@type\":\"ListItem\",\"position\":1,\"name\":\"Accueil\",\"item\":\"https:\/\/www.tourisme-valdemarne.com\/espace-pro\/\"},{\"@type\":\"ListItem\",\"position\":2,\"name\":\"Expertises et projets\",\"item\":\"https:\/\/www.tourisme-valdemarne.com\/espace-pro\/expertises-et-projets\/\"},{\"@type\":\"ListItem\",\"position\":3,\"name\":\"D\u00e9marche de mise en tourisme de la Seine Amont\",\"item\":\"https:\/\/www.tourisme-valdemarne.com\/espace-pro\/expertises-et-projets\/demarche-mise-en-tourisme-seine-amont\/\"},{\"@type\":\"ListItem\",\"position\":4,\"name\":\"Exposition universelle 2025\",\"item\":\"https:\/\/www.tourisme-valdemarne.com\/espace-pro\/expertises-et-projets\/demarche-mise-en-tourisme-seine-amont\/exposition-universelle-2025\/\"},{\"@type\":\"ListItem\",\"position\":5,\"name\":\"Candidature du Val-de-Marne\"}]},{\"@type\":\"WebSite\",\"@id\":\"https:\/\/www.tourisme-valdemarne.com\/espace-pro\/#website\",\"url\":\"https:\/\/www.tourisme-valdemarne.com\/espace-pro\/\",\"name\":\"Espace Pro\",\"description\":\"Informations et outils pour les professionnels et la Presse\",\"potentialAction\":[{\"@type\":\"SearchAction\",\"target\":{\"@type\":\"EntryPoint\",\"urlTemplate\":\"https:\/\/www.tourisme-valdemarne.com\/espace-pro\/?s={search_term_string}\"},\"query-input\":{\"@type\":\"PropertyValueSpecification\",\"valueRequired\":true,\"valueName\":\"search_term_string\"}}],\"inLanguage\":\"fr-FR\"}]}<\/script>\n<!-- \/ Yoast SEO plugin. -->","yoast_head_json":{"title":"Candidature du Val-de-Marne - Espace Pro","robots":{"index":"index","follow":"follow","max-snippet":"max-snippet:-1","max-image-preview":"max-image-preview:large","max-video-preview":"max-video-preview:-1"},"canonical":"https:\/\/www.tourisme-valdemarne.com\/espace-pro\/expertises-et-projets\/demarche-mise-en-tourisme-seine-amont\/exposition-universelle-2025\/candidature-du-val-de-marne\/","og_locale":"fr_FR","og_type":"article","og_title":"Candidature du Val-de-Marne - Espace Pro","og_description":"Le Projet d&rsquo;Accueil du village global de l&rsquo;exposition universelle 2025. La Marne et la Seine ont fait Paris, elles feront Paris 2025 Pour accueillir l\u2019\u00e9v\u00e8nement, le Val-de-Marne propose sa candidature sur un territoire innovant \u00ab Marne et Seine Confluence \u00bb mettant l\u2019eau au c\u0153ur du projet avec l\u2019installation des pavillons de l\u2019exposition le long des [&hellip;]","og_url":"https:\/\/www.tourisme-valdemarne.com\/espace-pro\/expertises-et-projets\/demarche-mise-en-tourisme-seine-amont\/exposition-universelle-2025\/candidature-du-val-de-marne\/","og_site_name":"Espace Pro","article_modified_time":"2019-05-27T12:15:57+00:00","og_image":[{"width":1827,"height":900,"url":"https:\/\/www.tourisme-valdemarne.com\/espace-pro\/wp-content\/uploads\/sites\/3\/2019\/05\/projet-expo-universelle-2025-1.jpg","type":"image\/jpeg"}],"twitter_card":"summary_large_image","twitter_misc":{"Dur\u00e9e de lecture estim\u00e9e":"4 minutes"},"schema":{"@context":"https:\/\/schema.org","@graph":[{"@type":"WebPage","@id":"https:\/\/www.tourisme-valdemarne.com\/espace-pro\/expertises-et-projets\/demarche-mise-en-tourisme-seine-amont\/exposition-universelle-2025\/candidature-du-val-de-marne\/","url":"https:\/\/www.tourisme-valdemarne.com\/espace-pro\/expertises-et-projets\/demarche-mise-en-tourisme-seine-amont\/exposition-universelle-2025\/candidature-du-val-de-marne\/","name":"Candidature du Val-de-Marne - Espace Pro","isPartOf":{"@id":"https:\/\/www.tourisme-valdemarne.com\/espace-pro\/#website"},"primaryImageOfPage":{"@id":"https:\/\/www.tourisme-valdemarne.com\/espace-pro\/expertises-et-projets\/demarche-mise-en-tourisme-seine-amont\/exposition-universelle-2025\/candidature-du-val-de-marne\/#primaryimage"},"image":{"@id":"https:\/\/www.tourisme-valdemarne.com\/espace-pro\/expertises-et-projets\/demarche-mise-en-tourisme-seine-amont\/exposition-universelle-2025\/candidature-du-val-de-marne\/#primaryimage"},"thumbnailUrl":"https:\/\/www.tourisme-valdemarne.com\/espace-pro\/wp-content\/uploads\/sites\/3\/2019\/05\/projet-expo-universelle-2025-1.jpg","datePublished":"2019-05-14T09:24:41+00:00","dateModified":"2019-05-27T12:15:57+00:00","breadcrumb":{"@id":"https:\/\/www.tourisme-valdemarne.com\/espace-pro\/expertises-et-projets\/demarche-mise-en-tourisme-seine-amont\/exposition-universelle-2025\/candidature-du-val-de-marne\/#breadcrumb"},"inLanguage":"fr-FR","potentialAction":[{"@type":"ReadAction","target":["https:\/\/www.tourisme-valdemarne.com\/espace-pro\/expertises-et-projets\/demarche-mise-en-tourisme-seine-amont\/exposition-universelle-2025\/candidature-du-val-de-marne\/"]}]},{"@type":"ImageObject","inLanguage":"fr-FR","@id":"https:\/\/www.tourisme-valdemarne.com\/espace-pro\/expertises-et-projets\/demarche-mise-en-tourisme-seine-amont\/exposition-universelle-2025\/candidature-du-val-de-marne\/#primaryimage","url":"https:\/\/www.tourisme-valdemarne.com\/espace-pro\/wp-content\/uploads\/sites\/3\/2019\/05\/projet-expo-universelle-2025-1.jpg","contentUrl":"https:\/\/www.tourisme-valdemarne.com\/espace-pro\/wp-content\/uploads\/sites\/3\/2019\/05\/projet-expo-universelle-2025-1.jpg","width":1827,"height":900,"caption":"Projet pour l'exposition universelle 2025 \u00a9 CD94 \/ Daquin Ferri\u00e8re"},{"@type":"BreadcrumbList","@id":"https:\/\/www.tourisme-valdemarne.com\/espace-pro\/expertises-et-projets\/demarche-mise-en-tourisme-seine-amont\/exposition-universelle-2025\/candidature-du-val-de-marne\/#breadcrumb","itemListElement":[{"@type":"ListItem","position":1,"name":"Accueil","item":"https:\/\/www.tourisme-valdemarne.com\/espace-pro\/"},{"@type":"ListItem","position":2,"name":"Expertises et projets","item":"https:\/\/www.tourisme-valdemarne.com\/espace-pro\/expertises-et-projets\/"},{"@type":"ListItem","position":3,"name":"D\u00e9marche de mise en tourisme de la Seine Amont","item":"https:\/\/www.tourisme-valdemarne.com\/espace-pro\/expertises-et-projets\/demarche-mise-en-tourisme-seine-amont\/"},{"@type":"ListItem","position":4,"name":"Exposition universelle 2025","item":"https:\/\/www.tourisme-valdemarne.com\/espace-pro\/expertises-et-projets\/demarche-mise-en-tourisme-seine-amont\/exposition-universelle-2025\/"},{"@type":"ListItem","position":5,"name":"Candidature du Val-de-Marne"}]},{"@type":"WebSite","@id":"https:\/\/www.tourisme-valdemarne.com\/espace-pro\/#website","url":"https:\/\/www.tourisme-valdemarne.com\/espace-pro\/","name":"Espace Pro","description":"Informations et outils pour les professionnels et la Presse","potentialAction":[{"@type":"SearchAction","target":{"@type":"EntryPoint","urlTemplate":"https:\/\/www.tourisme-valdemarne.com\/espace-pro\/?s={search_term_string}"},"query-input":{"@type":"PropertyValueSpecification","valueRequired":true,"valueName":"search_term_string"}}],"inLanguage":"fr-FR"}]}},"_links":{"self":[{"href":"https:\/\/www.tourisme-valdemarne.com\/espace-pro\/wp-json\/wp\/v2\/pages\/898","targetHints":{"allow":["GET"]}}],"collection":[{"href":"https:\/\/www.tourisme-valdemarne.com\/espace-pro\/wp-json\/wp\/v2\/pages"}],"about":[{"href":"https:\/\/www.tourisme-valdemarne.com\/espace-pro\/wp-json\/wp\/v2\/types\/page"}],"author":[{"embeddable":true,"href":"https:\/\/www.tourisme-valdemarne.com\/espace-pro\/wp-json\/wp\/v2\/users\/1"}],"replies":[{"embeddable":true,"href":"https:\/\/www.tourisme-valdemarne.com\/espace-pro\/wp-json\/wp\/v2\/comments?post=898"}],"version-history":[{"count":3,"href":"https:\/\/www.tourisme-valdemarne.com\/espace-pro\/wp-json\/wp\/v2\/pages\/898\/revisions"}],"predecessor-version":[{"id":2718,"href":"https:\/\/www.tourisme-valdemarne.com\/espace-pro\/wp-json\/wp\/v2\/pages\/898\/revisions\/2718"}],"up":[{"embeddable":true,"href":"https:\/\/www.tourisme-valdemarne.com\/espace-pro\/wp-json\/wp\/v2\/pages\/893"}],"wp:featuredmedia":[{"embeddable":true,"href":"https:\/\/www.tourisme-valdemarne.com\/espace-pro\/wp-json\/wp\/v2\/media\/2714"}],"wp:attachment":[{"href":"https:\/\/www.tourisme-valdemarne.com\/espace-pro\/wp-json\/wp\/v2\/media?parent=898"}],"wp:term":[{"taxonomy":"vdmTagMarketing","embeddable":true,"href":"https:\/\/www.tourisme-valdemarne.com\/espace-pro\/wp-json\/wp\/v2\/vdmTagMarketing?post=898"}],"curies":[{"name":"wp","href":"https:\/\/api.w.org\/{rel}","templated":true}]}}