{"id":896,"date":"2019-05-14T11:24:22","date_gmt":"2019-05-14T09:24:22","guid":{"rendered":"https:\/\/www.tourisme-valdemarne.com\/espace-pro\/plan-de-valorisation-du-territoire"},"modified":"2019-05-27T14:02:43","modified_gmt":"2019-05-27T12:02:43","slug":"plan-de-valorisation-du-territoire","status":"publish","type":"page","link":"https:\/\/www.tourisme-valdemarne.com\/espace-pro\/expertises-et-projets\/demarche-mise-en-tourisme-seine-amont\/exposition-universelle-2025\/plan-de-valorisation-du-territoire\/","title":{"rendered":"Plan de valorisation du territoire"},"content":{"rendered":"\n<p class=\"is-style-excerpt\">Le territoire Seine, Marne Confluence dispose d\u2019atouts touristiques ind\u00e9niables. Sa proximit\u00e9 avec l\u2019hyper centre touristique de la capitale, sa desserte et son accessibilit\u00e9 par la voie d\u2019eau, ses paysages exceptionnels en font un site touristique majeur de la m\u00e9tropole du Grand Paris.<\/p>\n\n\n\n<h2 class=\"wp-block-heading\">Le contexte du nouveau projet Seine, Marne Confluence<\/h2>\n\n\n\n<p>Le territoire Seine, Marne Confluence dispose d\u2019atouts touristiques ind\u00e9niables. Sa proximit\u00e9 avec l\u2019hyper centre touristique de la capitale, sa desserte et son accessibilit\u00e9 par la voie d\u2019eau, ses paysages exceptionnels en font un site touristique majeur de la m\u00e9tropole du Grand Paris.<\/p>\n\n\n\n<p>L\u2019attractivit\u00e9 de ce secteur est en plein d\u00e9veloppement, fruit d\u2019une mobilisation de l\u2019ensemble des acteurs : autour de quai d\u2019Ivry avec les bateaux-restaurants et bateaux-activit\u00e9s et avec le projet Ivry confluence ; entre Vitry et Alfortville avec notamment le projet d\u2019illumination du Pont du port \u00e0 l\u2019anglais ; avec les pistes cyclables en cours d\u2019am\u00e9nagement le long des berges par le Conseil D\u00e9partemental, sans oublier la d\u00e9marche engag\u00e9e sur Alfortville le long des berges de Seine (expositions photos, promenades en cal\u00e8ches, am\u00e9nagement d\u2019un amphith\u00e9\u00e2tre etc.). L\u2019h\u00f4tel chinois Huatian Chinagora constitue, de par son architecture originale, un attrait touristique et t\u00e9moigne de l\u2019ouverture du territoire sur le monde.<\/p>\n\n\n\n<p>Une dynamique touristique est engag\u00e9e de longue date sur les boucles de la Marne qui sont aujourd\u2019hui, sous l\u2019impulsion de Val-de-Marne Tourisme &amp; Loisirs, le support \u00e0 un ambitieux projet d\u2019Itin\u00e9raire Culturel Europ\u00e9en, certification attribu\u00e9e par le Conseil de l\u2019Europe \u00e0 des parcours, ensembles culturels ou th\u00e9matiques reconnus comme importants au titre du patrimoine, des valeurs et de l&rsquo;int\u00e9gration culturelle au sein de l\u2019Europe.<\/p>\n\n\n\n<p>Ce secteur est \u00e9galement au c\u0153ur de la d\u00e9marche partenariale engag\u00e9e avec l\u2019Etat autour du contrat de destination \u00ab Paris, ville augment\u00e9e \u00bb. L\u2019objectif de ce contrat est de contribuer \u00e0 la diffusion des flux en dehors de l\u2019hyper centre de la capitale, de renouveler l\u2019image vieillissante de la destination Paris en promouvant le dynamisme et la cr\u00e9ativit\u00e9 de la m\u00e9tropole et de r\u00e9pondre aux nouvelles demandes des touristes europ\u00e9ens, en qu\u00eate d\u2019authenticit\u00e9, d\u2019inattendu et de rencontre avec les habitants. Le territoire Seine, Marne, Confluence est un territoire exemplaire au regard des premi\u00e8res th\u00e9matiques de ce contrat de destination : art dans la ville (Street art, architecture\u2026), art contemporain, ville cosmopolite, ville festive et enfin, eau et nature en ville.<\/p>\n\n\n\n<p>On le voit, ce site a un potentiel touristique extr\u00eamement fort. L\u2019eau, la confluence, les mutations urbaines en cours, tout comme le tourisme, ne prennent tout leur sens que dans l\u2019interaction entre les paysages, la terre, ses ressources et les hommes. Ce site porte ainsi en lui toutes les dimensions d\u2019un v\u00e9ritable tourisme durable et constitue un point d\u2019appui essentiel au d\u00e9veloppement d\u2019une ambitieuse strat\u00e9gie de tourisme fluvial au sein de la m\u00e9tropole.<\/p>\n\n\n\n<p>C\u2019est pourquoi, le D\u00e9partement et Val-de-Marne Tourisme &amp; Loisirs proposent d\u2019amplifier les dynamiques existantes et de mener, avec tous les acteurs du territoire, une ambitieuse d\u00e9marche partenariale de mise en tourisme de ce territoire. Une d\u00e9marche qui encouragera la rencontre entre les touristes et les habitants et qui apportera \u00e0 la destination touristique du Grand Paris, la modernit\u00e9 et l\u2019innovation qui lui sont n\u00e9cessaires.<\/p>\n\n\n\n<h3 class=\"wp-block-heading\">La d\u00e9marche pour la mise en tourisme<\/h3>\n\n\n\n<p>Le travail men\u00e9 dans le cadre de la candidature du Val-de-Marne \u00e0 l\u2019accueil du village global de l\u2019exposition universelle 2025 a mis en lumi\u00e8re l\u2019important potentiel touristique du territoire Seine, Marne, confluence mais aussi les freins auxquels se heurte le d\u00e9veloppement du tourisme et des loisirs sur ce territoire.<\/p>\n\n\n\n<p>Le tourisme est un secteur transversal, \u00e0 la crois\u00e9e de nombreuses autres disciplines : l\u2019am\u00e9nagement, les transports, la culture, les sports, l\u2019\u00e9conomie etc. La d\u00e9marche propos\u00e9e sur le tourisme sera collective et s\u2019inscrira dans le \u00ab Plan g\u00e9n\u00e9ral de valorisation du site \u00bb qui sera mis en chantier \u00e0 compter de la rentr\u00e9e 2017.<\/p>\n\n\n\n<p>Par ailleurs, si le tourisme fluvial est une fili\u00e8re o\u00f9 interviennent de nombreuses institutions et des partenaires priv\u00e9s, c\u2019est aussi un champ culturel, une source de connaissances et de loisirs. Et, en tant que moyen de comprendre son environnement et de s\u2019y ins\u00e9rer, c\u2019est \u00e9galement un outil pour encourager le tourisme social, familial, \u00e9ducatif et associatif et l\u2019appropriation du territoire par ses habitants.<\/p>\n\n\n\n<p>Il ne s\u2019agit pas de se lancer dans l\u2019\u00e9laboration d\u2019un Sch\u00e9ma de d\u00e9veloppement touristique local mais de travailler avec tous les acteurs concern\u00e9s par le d\u00e9veloppement touristique du territoire pour cr\u00e9er une dynamique collective, coh\u00e9rente et partag\u00e9e et pour mettre en \u0153uvre de fa\u00e7on op\u00e9rationnelle, des actions concr\u00e9tisant une v\u00e9ritable \u00ab mise en tourisme \u00bb du territoire Seine, Marne, confluence. Ces actions, d\u00e9finies avec les nombreux partenaires, pourront s\u2019appuyer sur l\u2019exp\u00e9rience et les outils du CDT 94. Figurent dans le tableau, quelques exemples d\u2019actions concr\u00e8tes qui pourraient \u00eatre mises en \u0153uvre dans le cadre de cette d\u00e9marche.<\/p>\n\n\n\n<p> \u00b9 Avec l\u2019Office du tourisme et des congr\u00e8s de Paris, les comit\u00e9s d\u00e9partementaux de la Seine-Saint-Denis, des Hauts-de-Seine et du Val-de-Marne, la RATP, l\u2019incubateur tourisme Welcome City Lab et l\u2019universit\u00e9 Paris 1 Sorbonne<\/p>\n","protected":false},"excerpt":{"rendered":"<p>Le territoire Seine, Marne Confluence dispose d\u2019atouts touristiques ind\u00e9niables. Sa proximit\u00e9 avec l\u2019hyper centre touristique de la capitale, sa desserte et son accessibilit\u00e9 par la voie d\u2019eau, ses paysages exceptionnels en font un site touristique majeur de la m\u00e9tropole du Grand Paris. Le contexte du nouveau projet Seine, Marne Confluence Le territoire Seine, Marne Confluence [&hellip;]<\/p>\n","protected":false},"author":1,"featured_media":2708,"parent":893,"menu_order":10,"comment_status":"closed","ping_status":"closed","template":"","meta":{"_relevanssi_hide_post":"","_relevanssi_hide_content":"","_relevanssi_pin_for_all":"","_relevanssi_pin_keywords":"","_relevanssi_unpin_keywords":"","_relevanssi_related_keywords":"","_relevanssi_related_include_ids":"","_relevanssi_related_exclude_ids":"","_relevanssi_related_no_append":"","_relevanssi_related_not_related":"","_relevanssi_related_posts":"","_relevanssi_noindex_reason":"","footnotes":""},"vdmTagMarketing":[],"class_list":["post-896","page","type-page","status-publish","has-post-thumbnail","hentry"],"acf":[],"yoast_head":"<!-- This site is optimized with the Yoast SEO plugin v23.9 - https:\/\/yoast.com\/wordpress\/plugins\/seo\/ -->\n<title>Plan de valorisation du territoire - Espace Pro<\/title>\n<meta name=\"robots\" content=\"index, follow, max-snippet:-1, max-image-preview:large, max-video-preview:-1\" \/>\n<link rel=\"canonical\" href=\"https:\/\/www.tourisme-valdemarne.com\/espace-pro\/expertises-et-projets\/demarche-mise-en-tourisme-seine-amont\/exposition-universelle-2025\/plan-de-valorisation-du-territoire\/\" \/>\n<meta property=\"og:locale\" content=\"fr_FR\" \/>\n<meta property=\"og:type\" content=\"article\" \/>\n<meta property=\"og:title\" content=\"Plan de valorisation du territoire - Espace Pro\" \/>\n<meta property=\"og:description\" content=\"Le territoire Seine, Marne Confluence dispose d\u2019atouts touristiques ind\u00e9niables. Sa proximit\u00e9 avec l\u2019hyper centre touristique de la capitale, sa desserte et son accessibilit\u00e9 par la voie d\u2019eau, ses paysages exceptionnels en font un site touristique majeur de la m\u00e9tropole du Grand Paris. Le contexte du nouveau projet Seine, Marne Confluence Le territoire Seine, Marne Confluence [&hellip;]\" \/>\n<meta property=\"og:url\" content=\"https:\/\/www.tourisme-valdemarne.com\/espace-pro\/expertises-et-projets\/demarche-mise-en-tourisme-seine-amont\/exposition-universelle-2025\/plan-de-valorisation-du-territoire\/\" \/>\n<meta property=\"og:site_name\" content=\"Espace Pro\" \/>\n<meta property=\"article:modified_time\" content=\"2019-05-27T12:02:43+00:00\" \/>\n<meta property=\"og:image\" content=\"https:\/\/www.tourisme-valdemarne.com\/espace-pro\/wp-content\/uploads\/sites\/3\/2019\/05\/chinagora-seine.jpg\" \/>\n\t<meta property=\"og:image:width\" content=\"1600\" \/>\n\t<meta property=\"og:image:height\" content=\"1043\" \/>\n\t<meta property=\"og:image:type\" content=\"image\/jpeg\" \/>\n<meta name=\"twitter:card\" content=\"summary_large_image\" \/>\n<meta name=\"twitter:label1\" content=\"Dur\u00e9e de lecture estim\u00e9e\" \/>\n\t<meta name=\"twitter:data1\" content=\"5 minutes\" \/>\n<script type=\"application\/ld+json\" class=\"yoast-schema-graph\">{\"@context\":\"https:\/\/schema.org\",\"@graph\":[{\"@type\":\"WebPage\",\"@id\":\"https:\/\/www.tourisme-valdemarne.com\/espace-pro\/expertises-et-projets\/demarche-mise-en-tourisme-seine-amont\/exposition-universelle-2025\/plan-de-valorisation-du-territoire\/\",\"url\":\"https:\/\/www.tourisme-valdemarne.com\/espace-pro\/expertises-et-projets\/demarche-mise-en-tourisme-seine-amont\/exposition-universelle-2025\/plan-de-valorisation-du-territoire\/\",\"name\":\"Plan de valorisation du territoire - Espace Pro\",\"isPartOf\":{\"@id\":\"https:\/\/www.tourisme-valdemarne.com\/espace-pro\/#website\"},\"primaryImageOfPage\":{\"@id\":\"https:\/\/www.tourisme-valdemarne.com\/espace-pro\/expertises-et-projets\/demarche-mise-en-tourisme-seine-amont\/exposition-universelle-2025\/plan-de-valorisation-du-territoire\/#primaryimage\"},\"image\":{\"@id\":\"https:\/\/www.tourisme-valdemarne.com\/espace-pro\/expertises-et-projets\/demarche-mise-en-tourisme-seine-amont\/exposition-universelle-2025\/plan-de-valorisation-du-territoire\/#primaryimage\"},\"thumbnailUrl\":\"https:\/\/www.tourisme-valdemarne.com\/espace-pro\/wp-content\/uploads\/sites\/3\/2019\/05\/chinagora-seine.jpg\",\"datePublished\":\"2019-05-14T09:24:22+00:00\",\"dateModified\":\"2019-05-27T12:02:43+00:00\",\"breadcrumb\":{\"@id\":\"https:\/\/www.tourisme-valdemarne.com\/espace-pro\/expertises-et-projets\/demarche-mise-en-tourisme-seine-amont\/exposition-universelle-2025\/plan-de-valorisation-du-territoire\/#breadcrumb\"},\"inLanguage\":\"fr-FR\",\"potentialAction\":[{\"@type\":\"ReadAction\",\"target\":[\"https:\/\/www.tourisme-valdemarne.com\/espace-pro\/expertises-et-projets\/demarche-mise-en-tourisme-seine-amont\/exposition-universelle-2025\/plan-de-valorisation-du-territoire\/\"]}]},{\"@type\":\"ImageObject\",\"inLanguage\":\"fr-FR\",\"@id\":\"https:\/\/www.tourisme-valdemarne.com\/espace-pro\/expertises-et-projets\/demarche-mise-en-tourisme-seine-amont\/exposition-universelle-2025\/plan-de-valorisation-du-territoire\/#primaryimage\",\"url\":\"https:\/\/www.tourisme-valdemarne.com\/espace-pro\/wp-content\/uploads\/sites\/3\/2019\/05\/chinagora-seine.jpg\",\"contentUrl\":\"https:\/\/www.tourisme-valdemarne.com\/espace-pro\/wp-content\/uploads\/sites\/3\/2019\/05\/chinagora-seine.jpg\",\"width\":1600,\"height\":1043,\"caption\":\"Restaurant Chinagora \u00e0 la confluence Marne et Seine \u00a9 CDT94\/D.Thierry\"},{\"@type\":\"BreadcrumbList\",\"@id\":\"https:\/\/www.tourisme-valdemarne.com\/espace-pro\/expertises-et-projets\/demarche-mise-en-tourisme-seine-amont\/exposition-universelle-2025\/plan-de-valorisation-du-territoire\/#breadcrumb\",\"itemListElement\":[{\"@type\":\"ListItem\",\"position\":1,\"name\":\"Accueil\",\"item\":\"https:\/\/www.tourisme-valdemarne.com\/espace-pro\/\"},{\"@type\":\"ListItem\",\"position\":2,\"name\":\"Expertises et projets\",\"item\":\"https:\/\/www.tourisme-valdemarne.com\/espace-pro\/expertises-et-projets\/\"},{\"@type\":\"ListItem\",\"position\":3,\"name\":\"D\u00e9marche de mise en tourisme de la Seine Amont\",\"item\":\"https:\/\/www.tourisme-valdemarne.com\/espace-pro\/expertises-et-projets\/demarche-mise-en-tourisme-seine-amont\/\"},{\"@type\":\"ListItem\",\"position\":4,\"name\":\"Exposition universelle 2025\",\"item\":\"https:\/\/www.tourisme-valdemarne.com\/espace-pro\/expertises-et-projets\/demarche-mise-en-tourisme-seine-amont\/exposition-universelle-2025\/\"},{\"@type\":\"ListItem\",\"position\":5,\"name\":\"Plan de valorisation du territoire\"}]},{\"@type\":\"WebSite\",\"@id\":\"https:\/\/www.tourisme-valdemarne.com\/espace-pro\/#website\",\"url\":\"https:\/\/www.tourisme-valdemarne.com\/espace-pro\/\",\"name\":\"Espace Pro\",\"description\":\"Informations et outils pour les professionnels et la Presse\",\"potentialAction\":[{\"@type\":\"SearchAction\",\"target\":{\"@type\":\"EntryPoint\",\"urlTemplate\":\"https:\/\/www.tourisme-valdemarne.com\/espace-pro\/?s={search_term_string}\"},\"query-input\":{\"@type\":\"PropertyValueSpecification\",\"valueRequired\":true,\"valueName\":\"search_term_string\"}}],\"inLanguage\":\"fr-FR\"}]}<\/script>\n<!-- \/ Yoast SEO plugin. -->","yoast_head_json":{"title":"Plan de valorisation du territoire - Espace Pro","robots":{"index":"index","follow":"follow","max-snippet":"max-snippet:-1","max-image-preview":"max-image-preview:large","max-video-preview":"max-video-preview:-1"},"canonical":"https:\/\/www.tourisme-valdemarne.com\/espace-pro\/expertises-et-projets\/demarche-mise-en-tourisme-seine-amont\/exposition-universelle-2025\/plan-de-valorisation-du-territoire\/","og_locale":"fr_FR","og_type":"article","og_title":"Plan de valorisation du territoire - Espace Pro","og_description":"Le territoire Seine, Marne Confluence dispose d\u2019atouts touristiques ind\u00e9niables. Sa proximit\u00e9 avec l\u2019hyper centre touristique de la capitale, sa desserte et son accessibilit\u00e9 par la voie d\u2019eau, ses paysages exceptionnels en font un site touristique majeur de la m\u00e9tropole du Grand Paris. Le contexte du nouveau projet Seine, Marne Confluence Le territoire Seine, Marne Confluence [&hellip;]","og_url":"https:\/\/www.tourisme-valdemarne.com\/espace-pro\/expertises-et-projets\/demarche-mise-en-tourisme-seine-amont\/exposition-universelle-2025\/plan-de-valorisation-du-territoire\/","og_site_name":"Espace Pro","article_modified_time":"2019-05-27T12:02:43+00:00","og_image":[{"width":1600,"height":1043,"url":"https:\/\/www.tourisme-valdemarne.com\/espace-pro\/wp-content\/uploads\/sites\/3\/2019\/05\/chinagora-seine.jpg","type":"image\/jpeg"}],"twitter_card":"summary_large_image","twitter_misc":{"Dur\u00e9e de lecture estim\u00e9e":"5 minutes"},"schema":{"@context":"https:\/\/schema.org","@graph":[{"@type":"WebPage","@id":"https:\/\/www.tourisme-valdemarne.com\/espace-pro\/expertises-et-projets\/demarche-mise-en-tourisme-seine-amont\/exposition-universelle-2025\/plan-de-valorisation-du-territoire\/","url":"https:\/\/www.tourisme-valdemarne.com\/espace-pro\/expertises-et-projets\/demarche-mise-en-tourisme-seine-amont\/exposition-universelle-2025\/plan-de-valorisation-du-territoire\/","name":"Plan de valorisation du territoire - Espace Pro","isPartOf":{"@id":"https:\/\/www.tourisme-valdemarne.com\/espace-pro\/#website"},"primaryImageOfPage":{"@id":"https:\/\/www.tourisme-valdemarne.com\/espace-pro\/expertises-et-projets\/demarche-mise-en-tourisme-seine-amont\/exposition-universelle-2025\/plan-de-valorisation-du-territoire\/#primaryimage"},"image":{"@id":"https:\/\/www.tourisme-valdemarne.com\/espace-pro\/expertises-et-projets\/demarche-mise-en-tourisme-seine-amont\/exposition-universelle-2025\/plan-de-valorisation-du-territoire\/#primaryimage"},"thumbnailUrl":"https:\/\/www.tourisme-valdemarne.com\/espace-pro\/wp-content\/uploads\/sites\/3\/2019\/05\/chinagora-seine.jpg","datePublished":"2019-05-14T09:24:22+00:00","dateModified":"2019-05-27T12:02:43+00:00","breadcrumb":{"@id":"https:\/\/www.tourisme-valdemarne.com\/espace-pro\/expertises-et-projets\/demarche-mise-en-tourisme-seine-amont\/exposition-universelle-2025\/plan-de-valorisation-du-territoire\/#breadcrumb"},"inLanguage":"fr-FR","potentialAction":[{"@type":"ReadAction","target":["https:\/\/www.tourisme-valdemarne.com\/espace-pro\/expertises-et-projets\/demarche-mise-en-tourisme-seine-amont\/exposition-universelle-2025\/plan-de-valorisation-du-territoire\/"]}]},{"@type":"ImageObject","inLanguage":"fr-FR","@id":"https:\/\/www.tourisme-valdemarne.com\/espace-pro\/expertises-et-projets\/demarche-mise-en-tourisme-seine-amont\/exposition-universelle-2025\/plan-de-valorisation-du-territoire\/#primaryimage","url":"https:\/\/www.tourisme-valdemarne.com\/espace-pro\/wp-content\/uploads\/sites\/3\/2019\/05\/chinagora-seine.jpg","contentUrl":"https:\/\/www.tourisme-valdemarne.com\/espace-pro\/wp-content\/uploads\/sites\/3\/2019\/05\/chinagora-seine.jpg","width":1600,"height":1043,"caption":"Restaurant Chinagora \u00e0 la confluence Marne et Seine \u00a9 CDT94\/D.Thierry"},{"@type":"BreadcrumbList","@id":"https:\/\/www.tourisme-valdemarne.com\/espace-pro\/expertises-et-projets\/demarche-mise-en-tourisme-seine-amont\/exposition-universelle-2025\/plan-de-valorisation-du-territoire\/#breadcrumb","itemListElement":[{"@type":"ListItem","position":1,"name":"Accueil","item":"https:\/\/www.tourisme-valdemarne.com\/espace-pro\/"},{"@type":"ListItem","position":2,"name":"Expertises et projets","item":"https:\/\/www.tourisme-valdemarne.com\/espace-pro\/expertises-et-projets\/"},{"@type":"ListItem","position":3,"name":"D\u00e9marche de mise en tourisme de la Seine Amont","item":"https:\/\/www.tourisme-valdemarne.com\/espace-pro\/expertises-et-projets\/demarche-mise-en-tourisme-seine-amont\/"},{"@type":"ListItem","position":4,"name":"Exposition universelle 2025","item":"https:\/\/www.tourisme-valdemarne.com\/espace-pro\/expertises-et-projets\/demarche-mise-en-tourisme-seine-amont\/exposition-universelle-2025\/"},{"@type":"ListItem","position":5,"name":"Plan de valorisation du territoire"}]},{"@type":"WebSite","@id":"https:\/\/www.tourisme-valdemarne.com\/espace-pro\/#website","url":"https:\/\/www.tourisme-valdemarne.com\/espace-pro\/","name":"Espace Pro","description":"Informations et outils pour les professionnels et la Presse","potentialAction":[{"@type":"SearchAction","target":{"@type":"EntryPoint","urlTemplate":"https:\/\/www.tourisme-valdemarne.com\/espace-pro\/?s={search_term_string}"},"query-input":{"@type":"PropertyValueSpecification","valueRequired":true,"valueName":"search_term_string"}}],"inLanguage":"fr-FR"}]}},"_links":{"self":[{"href":"https:\/\/www.tourisme-valdemarne.com\/espace-pro\/wp-json\/wp\/v2\/pages\/896","targetHints":{"allow":["GET"]}}],"collection":[{"href":"https:\/\/www.tourisme-valdemarne.com\/espace-pro\/wp-json\/wp\/v2\/pages"}],"about":[{"href":"https:\/\/www.tourisme-valdemarne.com\/espace-pro\/wp-json\/wp\/v2\/types\/page"}],"author":[{"embeddable":true,"href":"https:\/\/www.tourisme-valdemarne.com\/espace-pro\/wp-json\/wp\/v2\/users\/1"}],"replies":[{"embeddable":true,"href":"https:\/\/www.tourisme-valdemarne.com\/espace-pro\/wp-json\/wp\/v2\/comments?post=896"}],"version-history":[{"count":4,"href":"https:\/\/www.tourisme-valdemarne.com\/espace-pro\/wp-json\/wp\/v2\/pages\/896\/revisions"}],"predecessor-version":[{"id":2712,"href":"https:\/\/www.tourisme-valdemarne.com\/espace-pro\/wp-json\/wp\/v2\/pages\/896\/revisions\/2712"}],"up":[{"embeddable":true,"href":"https:\/\/www.tourisme-valdemarne.com\/espace-pro\/wp-json\/wp\/v2\/pages\/893"}],"wp:featuredmedia":[{"embeddable":true,"href":"https:\/\/www.tourisme-valdemarne.com\/espace-pro\/wp-json\/wp\/v2\/media\/2708"}],"wp:attachment":[{"href":"https:\/\/www.tourisme-valdemarne.com\/espace-pro\/wp-json\/wp\/v2\/media?parent=896"}],"wp:term":[{"taxonomy":"vdmTagMarketing","embeddable":true,"href":"https:\/\/www.tourisme-valdemarne.com\/espace-pro\/wp-json\/wp\/v2\/vdmTagMarketing?post=896"}],"curies":[{"name":"wp","href":"https:\/\/api.w.org\/{rel}","templated":true}]}}