{"id":8564,"date":"2021-01-12T12:11:51","date_gmt":"2021-01-12T11:11:51","guid":{"rendered":"https:\/\/www.tourisme-valdemarne.com\/espace-pro\/?page_id=8564"},"modified":"2022-03-24T09:56:53","modified_gmt":"2022-03-24T08:56:53","slug":"relance-dune-nouvelle-consultation-pour-la-cite-de-la-gastronomie-paris-rungis","status":"publish","type":"page","link":"https:\/\/www.tourisme-valdemarne.com\/espace-pro\/actualites\/archives-des-actualites\/relance-dune-nouvelle-consultation-pour-la-cite-de-la-gastronomie-paris-rungis\/","title":{"rendered":"Relance d&rsquo;une nouvelle consultation pour la Cit\u00e9 de la gastronomie Paris-Rungis"},"content":{"rendered":"\n<p class=\"is-style-excerpt\">Le 7 janvier 2021, apr\u00e8s avoir projet\u00e9 une ouverture \u00e0 l&rsquo;horizon 2024, le Comit\u00e9 syndical de la future Cit\u00e9 de la Gastronomie Paris-Rungis a d\u00e9cid\u00e9 de mettre fin aux discussions avec le dernier groupement rest\u00e9 en lice pour relancer une nouvelle consultation.<\/p>\n\n\n\n<p>Le projet de la Cit\u00e9 de la Gastronomie Paris-Rungis a largement \u00e9t\u00e9 impact\u00e9 par la crise sanitaire du Covid-19. C&rsquo;est ainsi que la relance d&rsquo;une nouvelle consultation en vue de l&rsquo;attribution de la concession pour la r\u00e9alisation et l&rsquo;exploitation de la cit\u00e9 a \u00e9t\u00e9 d\u00e9cid\u00e9e ce 7 janvier 2021.<\/p>\n\n\n\n<div class=\"wp-block-buttons aligncenter is-layout-flex wp-block-buttons-is-layout-flex\">\n<div class=\"wp-block-button\"><a class=\"wp-block-button__link\" href=\"https:\/\/www.tourisme-valdemarne.com\/espace-pro\/wp-content\/uploads\/sites\/3\/2021\/01\/communique-presse_la-cite-de-la-gastronomie-paris-rungis-07-01-21.pdf\" target=\"_blank\" rel=\"noreferrer noopener\">Lire le communiqu\u00e9 de presse de la cit\u00e9 de la gastronomie<\/a><\/div>\n<\/div>\n\n\n\n<div class=\"wp-block-image\"><figure class=\"aligncenter size-large is-resized\"><a href=\"https:\/\/www.tourisme-valdemarne.com\/espace-pro\/wp-content\/uploads\/sites\/3\/2021\/01\/logo-cite-de-la-gastronomie.jpg\"><img data-src=\"https:\/\/www.tourisme-valdemarne.com\/espace-pro\/wp-content\/uploads\/sites\/3\/2021\/01\/logo-cite-de-la-gastronomie.jpg\" alt=\"logo cit\u00e9 gastronomie paris rungis\" class=\"wp-image-8566\" width=\"556\" height=\"404\" srcset=\"https:\/\/www.tourisme-valdemarne.com\/espace-pro\/wp-content\/uploads\/sites\/3\/2021\/01\/logo-cite-de-la-gastronomie.jpg 1075w, https:\/\/www.tourisme-valdemarne.com\/espace-pro\/wp-content\/uploads\/sites\/3\/2021\/01\/logo-cite-de-la-gastronomie-600x436.jpg 600w, https:\/\/www.tourisme-valdemarne.com\/espace-pro\/wp-content\/uploads\/sites\/3\/2021\/01\/logo-cite-de-la-gastronomie-900x655.jpg 900w, https:\/\/www.tourisme-valdemarne.com\/espace-pro\/wp-content\/uploads\/sites\/3\/2021\/01\/logo-cite-de-la-gastronomie-380x276.jpg 380w, https:\/\/www.tourisme-valdemarne.com\/espace-pro\/wp-content\/uploads\/sites\/3\/2021\/01\/logo-cite-de-la-gastronomie-200x145.jpg 200w\" sizes=\"(max-width: 556px) 100vw, 556px\" \/><\/a><figcaption>Logo de la Cit\u00e9 de la Gastronomie Paris-Rungis \u00a9 Cit\u00e9 de la Gastronomie Paris-Rungis<\/figcaption><\/figure><\/div>\n","protected":false},"excerpt":{"rendered":"<p>Le 7 janvier 2021, apr\u00e8s avoir projet\u00e9 une ouverture \u00e0 l&rsquo;horizon 2024, le Comit\u00e9 syndical de la future Cit\u00e9 de la Gastronomie Paris-Rungis a d\u00e9cid\u00e9 de mettre fin aux discussions avec le dernier groupement rest\u00e9 en lice pour relancer une nouvelle consultation. Le projet de la Cit\u00e9 de la Gastronomie Paris-Rungis a largement \u00e9t\u00e9 impact\u00e9 [&hellip;]<\/p>\n","protected":false},"author":8,"featured_media":704,"parent":9250,"menu_order":192,"comment_status":"closed","ping_status":"closed","template":"","meta":{"_relevanssi_hide_post":"","_relevanssi_hide_content":"","_relevanssi_pin_for_all":"","_relevanssi_pin_keywords":"","_relevanssi_unpin_keywords":"","_relevanssi_related_keywords":"","_relevanssi_related_include_ids":"","_relevanssi_related_exclude_ids":"","_relevanssi_related_no_append":"","_relevanssi_related_not_related":"","_relevanssi_related_posts":"444,8083,446,2749,8105,8101","_relevanssi_noindex_reason":"","footnotes":""},"vdmTagMarketing":[],"class_list":["post-8564","page","type-page","status-publish","has-post-thumbnail","hentry"],"acf":[],"yoast_head":"<!-- This site is optimized with the Yoast SEO plugin v23.9 - https:\/\/yoast.com\/wordpress\/plugins\/seo\/ -->\n<title>Relance d&#039;une nouvelle consultation pour la Cit\u00e9 de la gastronomie Paris-Rungis - Espace Pro<\/title>\n<meta name=\"description\" content=\"Le Comit\u00e9 syndical de la future cit\u00e9 met fin aux discussions avec le dernier groupement rest\u00e9 en lice pour relancer une nouvelle consultation\" \/>\n<meta name=\"robots\" content=\"index, follow, max-snippet:-1, max-image-preview:large, max-video-preview:-1\" \/>\n<link rel=\"canonical\" href=\"https:\/\/www.tourisme-valdemarne.com\/espace-pro\/actualites\/archives-des-actualites\/relance-dune-nouvelle-consultation-pour-la-cite-de-la-gastronomie-paris-rungis\/\" \/>\n<meta property=\"og:locale\" content=\"fr_FR\" \/>\n<meta property=\"og:type\" content=\"article\" \/>\n<meta property=\"og:title\" content=\"Relance d&#039;une nouvelle consultation pour la Cit\u00e9 de la gastronomie Paris-Rungis - Espace Pro\" \/>\n<meta property=\"og:description\" content=\"Le Comit\u00e9 syndical de la future cit\u00e9 met fin aux discussions avec le dernier groupement rest\u00e9 en lice pour relancer une nouvelle consultation\" \/>\n<meta property=\"og:url\" content=\"https:\/\/www.tourisme-valdemarne.com\/espace-pro\/actualites\/archives-des-actualites\/relance-dune-nouvelle-consultation-pour-la-cite-de-la-gastronomie-paris-rungis\/\" \/>\n<meta property=\"og:site_name\" content=\"Espace Pro\" \/>\n<meta property=\"article:modified_time\" content=\"2022-03-24T08:56:53+00:00\" \/>\n<meta property=\"og:image\" content=\"https:\/\/www.tourisme-valdemarne.com\/espace-pro\/wp-content\/uploads\/sites\/3\/2019\/05\/fruit-legume.jpg\" \/>\n\t<meta property=\"og:image:width\" content=\"1600\" \/>\n\t<meta property=\"og:image:height\" content=\"900\" \/>\n\t<meta property=\"og:image:type\" content=\"image\/jpeg\" \/>\n<meta name=\"twitter:card\" content=\"summary_large_image\" \/>\n<meta name=\"twitter:label1\" content=\"Dur\u00e9e de lecture estim\u00e9e\" \/>\n\t<meta name=\"twitter:data1\" content=\"1 minute\" \/>\n<script type=\"application\/ld+json\" class=\"yoast-schema-graph\">{\"@context\":\"https:\/\/schema.org\",\"@graph\":[{\"@type\":\"WebPage\",\"@id\":\"https:\/\/www.tourisme-valdemarne.com\/espace-pro\/actualites\/archives-des-actualites\/relance-dune-nouvelle-consultation-pour-la-cite-de-la-gastronomie-paris-rungis\/\",\"url\":\"https:\/\/www.tourisme-valdemarne.com\/espace-pro\/actualites\/archives-des-actualites\/relance-dune-nouvelle-consultation-pour-la-cite-de-la-gastronomie-paris-rungis\/\",\"name\":\"Relance d'une nouvelle consultation pour la Cit\u00e9 de la gastronomie Paris-Rungis - Espace Pro\",\"isPartOf\":{\"@id\":\"https:\/\/www.tourisme-valdemarne.com\/espace-pro\/#website\"},\"primaryImageOfPage\":{\"@id\":\"https:\/\/www.tourisme-valdemarne.com\/espace-pro\/actualites\/archives-des-actualites\/relance-dune-nouvelle-consultation-pour-la-cite-de-la-gastronomie-paris-rungis\/#primaryimage\"},\"image\":{\"@id\":\"https:\/\/www.tourisme-valdemarne.com\/espace-pro\/actualites\/archives-des-actualites\/relance-dune-nouvelle-consultation-pour-la-cite-de-la-gastronomie-paris-rungis\/#primaryimage\"},\"thumbnailUrl\":\"https:\/\/www.tourisme-valdemarne.com\/espace-pro\/wp-content\/uploads\/sites\/3\/2019\/05\/fruit-legume.jpg\",\"datePublished\":\"2021-01-12T11:11:51+00:00\",\"dateModified\":\"2022-03-24T08:56:53+00:00\",\"description\":\"Le Comit\u00e9 syndical de la future cit\u00e9 met fin aux discussions avec le dernier groupement rest\u00e9 en lice pour relancer une nouvelle consultation\",\"breadcrumb\":{\"@id\":\"https:\/\/www.tourisme-valdemarne.com\/espace-pro\/actualites\/archives-des-actualites\/relance-dune-nouvelle-consultation-pour-la-cite-de-la-gastronomie-paris-rungis\/#breadcrumb\"},\"inLanguage\":\"fr-FR\",\"potentialAction\":[{\"@type\":\"ReadAction\",\"target\":[\"https:\/\/www.tourisme-valdemarne.com\/espace-pro\/actualites\/archives-des-actualites\/relance-dune-nouvelle-consultation-pour-la-cite-de-la-gastronomie-paris-rungis\/\"]}]},{\"@type\":\"ImageObject\",\"inLanguage\":\"fr-FR\",\"@id\":\"https:\/\/www.tourisme-valdemarne.com\/espace-pro\/actualites\/archives-des-actualites\/relance-dune-nouvelle-consultation-pour-la-cite-de-la-gastronomie-paris-rungis\/#primaryimage\",\"url\":\"https:\/\/www.tourisme-valdemarne.com\/espace-pro\/wp-content\/uploads\/sites\/3\/2019\/05\/fruit-legume.jpg\",\"contentUrl\":\"https:\/\/www.tourisme-valdemarne.com\/espace-pro\/wp-content\/uploads\/sites\/3\/2019\/05\/fruit-legume.jpg\",\"width\":1600,\"height\":900,\"caption\":\"fruits et l\u00e9gumes\"},{\"@type\":\"BreadcrumbList\",\"@id\":\"https:\/\/www.tourisme-valdemarne.com\/espace-pro\/actualites\/archives-des-actualites\/relance-dune-nouvelle-consultation-pour-la-cite-de-la-gastronomie-paris-rungis\/#breadcrumb\",\"itemListElement\":[{\"@type\":\"ListItem\",\"position\":1,\"name\":\"Accueil\",\"item\":\"https:\/\/www.tourisme-valdemarne.com\/espace-pro\/\"},{\"@type\":\"ListItem\",\"position\":2,\"name\":\"Actualit\u00e9s de l&rsquo;espace pro\",\"item\":\"https:\/\/www.tourisme-valdemarne.com\/espace-pro\/actualites\/\"},{\"@type\":\"ListItem\",\"position\":3,\"name\":\"Archives des actualit\u00e9s\",\"item\":\"https:\/\/www.tourisme-valdemarne.com\/espace-pro\/actualites\/archives-des-actualites\/\"},{\"@type\":\"ListItem\",\"position\":4,\"name\":\"Relance d&rsquo;une nouvelle consultation pour la Cit\u00e9 de la gastronomie Paris-Rungis\"}]},{\"@type\":\"WebSite\",\"@id\":\"https:\/\/www.tourisme-valdemarne.com\/espace-pro\/#website\",\"url\":\"https:\/\/www.tourisme-valdemarne.com\/espace-pro\/\",\"name\":\"Espace Pro\",\"description\":\"Informations et outils pour les professionnels et la Presse\",\"potentialAction\":[{\"@type\":\"SearchAction\",\"target\":{\"@type\":\"EntryPoint\",\"urlTemplate\":\"https:\/\/www.tourisme-valdemarne.com\/espace-pro\/?s={search_term_string}\"},\"query-input\":{\"@type\":\"PropertyValueSpecification\",\"valueRequired\":true,\"valueName\":\"search_term_string\"}}],\"inLanguage\":\"fr-FR\"}]}<\/script>\n<!-- \/ Yoast SEO plugin. -->","yoast_head_json":{"title":"Relance d'une nouvelle consultation pour la Cit\u00e9 de la gastronomie Paris-Rungis - Espace Pro","description":"Le Comit\u00e9 syndical de la future cit\u00e9 met fin aux discussions avec le dernier groupement rest\u00e9 en lice pour relancer une nouvelle consultation","robots":{"index":"index","follow":"follow","max-snippet":"max-snippet:-1","max-image-preview":"max-image-preview:large","max-video-preview":"max-video-preview:-1"},"canonical":"https:\/\/www.tourisme-valdemarne.com\/espace-pro\/actualites\/archives-des-actualites\/relance-dune-nouvelle-consultation-pour-la-cite-de-la-gastronomie-paris-rungis\/","og_locale":"fr_FR","og_type":"article","og_title":"Relance d'une nouvelle consultation pour la Cit\u00e9 de la gastronomie Paris-Rungis - Espace Pro","og_description":"Le Comit\u00e9 syndical de la future cit\u00e9 met fin aux discussions avec le dernier groupement rest\u00e9 en lice pour relancer une nouvelle consultation","og_url":"https:\/\/www.tourisme-valdemarne.com\/espace-pro\/actualites\/archives-des-actualites\/relance-dune-nouvelle-consultation-pour-la-cite-de-la-gastronomie-paris-rungis\/","og_site_name":"Espace Pro","article_modified_time":"2022-03-24T08:56:53+00:00","og_image":[{"width":1600,"height":900,"url":"https:\/\/www.tourisme-valdemarne.com\/espace-pro\/wp-content\/uploads\/sites\/3\/2019\/05\/fruit-legume.jpg","type":"image\/jpeg"}],"twitter_card":"summary_large_image","twitter_misc":{"Dur\u00e9e de lecture estim\u00e9e":"1 minute"},"schema":{"@context":"https:\/\/schema.org","@graph":[{"@type":"WebPage","@id":"https:\/\/www.tourisme-valdemarne.com\/espace-pro\/actualites\/archives-des-actualites\/relance-dune-nouvelle-consultation-pour-la-cite-de-la-gastronomie-paris-rungis\/","url":"https:\/\/www.tourisme-valdemarne.com\/espace-pro\/actualites\/archives-des-actualites\/relance-dune-nouvelle-consultation-pour-la-cite-de-la-gastronomie-paris-rungis\/","name":"Relance d'une nouvelle consultation pour la Cit\u00e9 de la gastronomie Paris-Rungis - Espace Pro","isPartOf":{"@id":"https:\/\/www.tourisme-valdemarne.com\/espace-pro\/#website"},"primaryImageOfPage":{"@id":"https:\/\/www.tourisme-valdemarne.com\/espace-pro\/actualites\/archives-des-actualites\/relance-dune-nouvelle-consultation-pour-la-cite-de-la-gastronomie-paris-rungis\/#primaryimage"},"image":{"@id":"https:\/\/www.tourisme-valdemarne.com\/espace-pro\/actualites\/archives-des-actualites\/relance-dune-nouvelle-consultation-pour-la-cite-de-la-gastronomie-paris-rungis\/#primaryimage"},"thumbnailUrl":"https:\/\/www.tourisme-valdemarne.com\/espace-pro\/wp-content\/uploads\/sites\/3\/2019\/05\/fruit-legume.jpg","datePublished":"2021-01-12T11:11:51+00:00","dateModified":"2022-03-24T08:56:53+00:00","description":"Le Comit\u00e9 syndical de la future cit\u00e9 met fin aux discussions avec le dernier groupement rest\u00e9 en lice pour relancer une nouvelle consultation","breadcrumb":{"@id":"https:\/\/www.tourisme-valdemarne.com\/espace-pro\/actualites\/archives-des-actualites\/relance-dune-nouvelle-consultation-pour-la-cite-de-la-gastronomie-paris-rungis\/#breadcrumb"},"inLanguage":"fr-FR","potentialAction":[{"@type":"ReadAction","target":["https:\/\/www.tourisme-valdemarne.com\/espace-pro\/actualites\/archives-des-actualites\/relance-dune-nouvelle-consultation-pour-la-cite-de-la-gastronomie-paris-rungis\/"]}]},{"@type":"ImageObject","inLanguage":"fr-FR","@id":"https:\/\/www.tourisme-valdemarne.com\/espace-pro\/actualites\/archives-des-actualites\/relance-dune-nouvelle-consultation-pour-la-cite-de-la-gastronomie-paris-rungis\/#primaryimage","url":"https:\/\/www.tourisme-valdemarne.com\/espace-pro\/wp-content\/uploads\/sites\/3\/2019\/05\/fruit-legume.jpg","contentUrl":"https:\/\/www.tourisme-valdemarne.com\/espace-pro\/wp-content\/uploads\/sites\/3\/2019\/05\/fruit-legume.jpg","width":1600,"height":900,"caption":"fruits et l\u00e9gumes"},{"@type":"BreadcrumbList","@id":"https:\/\/www.tourisme-valdemarne.com\/espace-pro\/actualites\/archives-des-actualites\/relance-dune-nouvelle-consultation-pour-la-cite-de-la-gastronomie-paris-rungis\/#breadcrumb","itemListElement":[{"@type":"ListItem","position":1,"name":"Accueil","item":"https:\/\/www.tourisme-valdemarne.com\/espace-pro\/"},{"@type":"ListItem","position":2,"name":"Actualit\u00e9s de l&rsquo;espace pro","item":"https:\/\/www.tourisme-valdemarne.com\/espace-pro\/actualites\/"},{"@type":"ListItem","position":3,"name":"Archives des actualit\u00e9s","item":"https:\/\/www.tourisme-valdemarne.com\/espace-pro\/actualites\/archives-des-actualites\/"},{"@type":"ListItem","position":4,"name":"Relance d&rsquo;une nouvelle consultation pour la Cit\u00e9 de la gastronomie Paris-Rungis"}]},{"@type":"WebSite","@id":"https:\/\/www.tourisme-valdemarne.com\/espace-pro\/#website","url":"https:\/\/www.tourisme-valdemarne.com\/espace-pro\/","name":"Espace Pro","description":"Informations et outils pour les professionnels et la Presse","potentialAction":[{"@type":"SearchAction","target":{"@type":"EntryPoint","urlTemplate":"https:\/\/www.tourisme-valdemarne.com\/espace-pro\/?s={search_term_string}"},"query-input":{"@type":"PropertyValueSpecification","valueRequired":true,"valueName":"search_term_string"}}],"inLanguage":"fr-FR"}]}},"_links":{"self":[{"href":"https:\/\/www.tourisme-valdemarne.com\/espace-pro\/wp-json\/wp\/v2\/pages\/8564","targetHints":{"allow":["GET"]}}],"collection":[{"href":"https:\/\/www.tourisme-valdemarne.com\/espace-pro\/wp-json\/wp\/v2\/pages"}],"about":[{"href":"https:\/\/www.tourisme-valdemarne.com\/espace-pro\/wp-json\/wp\/v2\/types\/page"}],"author":[{"embeddable":true,"href":"https:\/\/www.tourisme-valdemarne.com\/espace-pro\/wp-json\/wp\/v2\/users\/8"}],"replies":[{"embeddable":true,"href":"https:\/\/www.tourisme-valdemarne.com\/espace-pro\/wp-json\/wp\/v2\/comments?post=8564"}],"version-history":[{"count":10,"href":"https:\/\/www.tourisme-valdemarne.com\/espace-pro\/wp-json\/wp\/v2\/pages\/8564\/revisions"}],"predecessor-version":[{"id":8576,"href":"https:\/\/www.tourisme-valdemarne.com\/espace-pro\/wp-json\/wp\/v2\/pages\/8564\/revisions\/8576"}],"up":[{"embeddable":true,"href":"https:\/\/www.tourisme-valdemarne.com\/espace-pro\/wp-json\/wp\/v2\/pages\/9250"}],"wp:featuredmedia":[{"embeddable":true,"href":"https:\/\/www.tourisme-valdemarne.com\/espace-pro\/wp-json\/wp\/v2\/media\/704"}],"wp:attachment":[{"href":"https:\/\/www.tourisme-valdemarne.com\/espace-pro\/wp-json\/wp\/v2\/media?parent=8564"}],"wp:term":[{"taxonomy":"vdmTagMarketing","embeddable":true,"href":"https:\/\/www.tourisme-valdemarne.com\/espace-pro\/wp-json\/wp\/v2\/vdmTagMarketing?post=8564"}],"curies":[{"name":"wp","href":"https:\/\/api.w.org\/{rel}","templated":true}]}}