{"id":8306,"date":"2020-12-10T22:56:42","date_gmt":"2020-12-10T21:56:42","guid":{"rendered":"https:\/\/www.tourisme-valdemarne.com\/espace-pro\/?page_id=8306"},"modified":"2023-12-14T15:21:05","modified_gmt":"2023-12-14T14:21:05","slug":"le-val-de-marne-terre-de-jeux","status":"publish","type":"page","link":"https:\/\/www.tourisme-valdemarne.com\/espace-pro\/expertises-et-projets\/jeux-olympiques-et-paralympiques-paris-2024\/le-val-de-marne-terre-de-jeux\/","title":{"rendered":"Le Val-de-Marne, Terre de Jeux"},"content":{"rendered":"\n<p class=\"is-style-excerpt\"><strong>COMMUNIQUE DE PRESSE<\/strong><\/p>\n\n\n\n<h2 class=\"wp-block-heading\">Le Val-de-Marne a sign\u00e9 la convention de labellisation \u00ab&nbsp;Terre de Jeux&nbsp;\u00bb le 13 janvier 2020 avec le COJO (comit\u00e9 d\u2019organisation des jeux olympiques et paralympiques Paris 2024).<\/h2>\n\n\n\n<div class=\"wp-block-image\"><figure class=\"aligncenter is-resized\"><img data-src=\"https:\/\/www.tourisme-valdemarne.com\/espace-pro\/wp-content\/uploads\/sites\/3\/2020\/12\/terre_de_jeux_paris_2024.jpg\" alt=\"\" class=\"wp-image-8314\" width=\"347\" height=\"239\" srcset=\"https:\/\/www.tourisme-valdemarne.com\/espace-pro\/wp-content\/uploads\/sites\/3\/2020\/12\/terre_de_jeux_paris_2024.jpg 860w, https:\/\/www.tourisme-valdemarne.com\/espace-pro\/wp-content\/uploads\/sites\/3\/2020\/12\/terre_de_jeux_paris_2024-600x413.jpg 600w, https:\/\/www.tourisme-valdemarne.com\/espace-pro\/wp-content\/uploads\/sites\/3\/2020\/12\/terre_de_jeux_paris_2024-380x262.jpg 380w, https:\/\/www.tourisme-valdemarne.com\/espace-pro\/wp-content\/uploads\/sites\/3\/2020\/12\/terre_de_jeux_paris_2024-200x138.jpg 200w\" sizes=\"(max-width: 347px) 100vw, 347px\" \/><\/figure><\/div>\n\n\n\n<p>En 2024, la France accueillera le monde \u00e0 l\u2019occasion des&nbsp;<strong>Jeux Olympiques et Paralympiques<\/strong>.<\/p>\n\n\n\n<p>En devenant&nbsp;<strong><a href=\"https:\/\/www.bfmtv.com\/paris\/replay-emissions\/bfm-paris-dans-les-territoires\/action-le-val-de-marne-terre-de-jeux_VN-202310230579.html\">Terre de Jeux 2024<\/a><\/strong>, le Val-de-Marne s\u2019engage \u00e0&nbsp;<strong>faire vivre \u00e0 tous l\u2019aventure et les \u00e9motions des Jeux Paris 2024<\/strong>&nbsp;ainsi qu\u2019\u00e0&nbsp;<strong>changer le quotidien des gens gr\u00e2ce au sport<\/strong>, d\u00e8s maintenant.<\/p>\n\n\n\n<p><strong>De nombreuses villes du Val-de-Marne ont \u00e9galement \u00e9t\u00e9 labellis\u00e9es Terre de Jeux<\/strong>&nbsp;: Alfortville, Bonneuil-sur-Marne, Cachan, Charenton-le-Pont, Choisy-le-Roi, Cr\u00e9teil, Fontenay-sous-Bois, Joinville-le-Pont, Le Kremlin-Bic\u00eatre, Le Plessis-Tr\u00e9vise, Le Perreux-sur-Marne, Limeil-Br\u00e9vannes, Nogent-sur-Marne, Ormesson-sur-Marne, Saint-Maur-des-Foss\u00e9s, Villejuif, Villeneuve-le-Roi, Villiers-sur-Marne et Vincennes.<\/p>\n\n\n\n<p>L\u2019ensemble de ces acteurs du territoire vont donc \u0153uvrer \u00e0 :<\/p>\n\n\n\n<ul class=\"wp-block-list\"><li>faire vivre au plus grand nombre les&nbsp;<strong>\u00e9motions du sport et des Jeux<\/strong>, par exemple en organisant des&nbsp;<strong>retransmissions publiques des Jeux<\/strong>, en organisant des&nbsp;<strong>rencontres avec des athl\u00e8tes<\/strong>\u2026<\/li><li><strong>favoriser la d\u00e9couverte du sport et de ses valeurs<\/strong>, promouvoir la pratique sportive, par exemple en organisant des \u00e9preuves sportives mixte et interg\u00e9n\u00e9rationnelle\u2026<\/li><li>mais aussi&nbsp;<strong>faire grandir la communaut\u00e9 de supporters<\/strong>, par exemple en relayant l\u2019actualit\u00e9, en mettant en lumi\u00e8re l\u2019engagement des b\u00e9n\u00e9voles\u2026<\/li><li><\/li><\/ul>\n\n\n\n<p>L\u2019obtention de ce label ouvre \u00e9galement la possibilit\u00e9 de&nbsp;<strong>candidater pour devenir Centre de Pr\u00e9paration aux Jeux<\/strong>&nbsp;et&nbsp;<strong>accueillir ainsi les d\u00e9l\u00e9gations \u00e9trang\u00e8res<\/strong>. Les structures labellis\u00e9es CPJ seront pr\u00e9sent\u00e9es dans un catalogue mis \u00e0 disposition des Comit\u00e9s Olympiques et Paralympiques du monde entier qui pourront ainsi faire leur choix pour&nbsp;<strong>venir s\u2019entra\u00eener en France pendant les Olympiades<\/strong>.<\/p>\n\n\n\n<p>De nombreuses installations en Val-de-Marne pr\u00e9tendent \u00e0 int\u00e9grer la liste des CPJ telles que le&nbsp;<strong>Domaine de Grosbois<\/strong>,&nbsp;<strong>Aviron Marne Joinville<\/strong>, le&nbsp;<strong>centre Brossolette \u00e0 Saint-Maur<\/strong>, le&nbsp;<strong>centre de tir \u00e0 l\u2019arc de Chennevi\u00e8res<\/strong>, la&nbsp;<strong>Briqueterie \u00e0 Vitry<\/strong>, les&nbsp;<strong>parcs du Tremblay, de Paris-Val-de-Marne, du Grand Godet<\/strong>, etc.<\/p>\n\n\n\n<p>Pour le Val-de-Marne, l\u2019obtention du label Terre de Jeux permet de&nbsp;<strong>r\u00e9affirmer son engagement en faveur du sport pour tous<\/strong>&nbsp;(Jeux du Val-de-Marne, accompagnement des acteurs sportifs\u2026) ainsi que&nbsp;<strong>du d\u00e9veloppement touristique du d\u00e9partement<\/strong>.<\/p>\n\n\n\n<p>Le Val-de-Marne dispose de nombreuses sp\u00e9cificit\u00e9s \u00e0 valoriser dans le cadre de Paris 2024 : les&nbsp;<strong>cultures urbaines<\/strong>&nbsp;(breakdance \u00e0 la Briqueterie, skateboard), les&nbsp;<strong>sports nautiques<\/strong>&nbsp;(notamment sur la Marne, au Parc des sports de Choisy), l\u2019<strong>\u00e9quitation<\/strong>&nbsp;(domaine de Grosbois), le&nbsp;<strong>tourisme sportif<\/strong>, de&nbsp;<strong>grandes comp\u00e9titions<\/strong>&nbsp;<strong>sportives<\/strong>&nbsp;(Internationaux de GR de Thiais\u2026), etc.<\/p>\n\n\n\n<p class=\"is-style-highlight\"><a href=\"https:\/\/www.valdemarne.fr\/espace-presse\/les-communiques-de-presse\/val-de-marne-terre-de-jeux\" target=\"_blank\" rel=\"noreferrer noopener\">Voir le communiqu\u00e9 de Presse officiel du Conseil d\u00e9partemental du Val-de-Marne.<\/a><\/p>\n","protected":false},"excerpt":{"rendered":"<p>COMMUNIQUE DE PRESSE Le Val-de-Marne a sign\u00e9 la convention de labellisation \u00ab&nbsp;Terre de Jeux&nbsp;\u00bb le 13 janvier 2020 avec le COJO (comit\u00e9 d\u2019organisation des jeux olympiques et paralympiques Paris 2024). En 2024, la France accueillera le monde \u00e0 l\u2019occasion des&nbsp;Jeux Olympiques et Paralympiques. En devenant&nbsp;Terre de Jeux 2024, le Val-de-Marne s\u2019engage \u00e0&nbsp;faire vivre \u00e0 tous [&hellip;]<\/p>\n","protected":false},"author":1,"featured_media":8311,"parent":15443,"menu_order":178,"comment_status":"closed","ping_status":"closed","template":"","meta":{"_relevanssi_hide_post":"","_relevanssi_hide_content":"","_relevanssi_pin_for_all":"","_relevanssi_pin_keywords":"","_relevanssi_unpin_keywords":"","_relevanssi_related_keywords":"","_relevanssi_related_include_ids":"","_relevanssi_related_exclude_ids":"","_relevanssi_related_no_append":"","_relevanssi_related_not_related":"","_relevanssi_related_posts":"444,2749,2751,8084,442,8095","_relevanssi_noindex_reason":"","footnotes":""},"vdmTagMarketing":[],"class_list":["post-8306","page","type-page","status-publish","has-post-thumbnail","hentry"],"acf":[],"yoast_head":"<!-- This site is optimized with the Yoast SEO plugin v23.9 - https:\/\/yoast.com\/wordpress\/plugins\/seo\/ -->\n<title>Le Val-de-Marne, Terre de Jeux - Espace Pro<\/title>\n<meta name=\"description\" content=\"Le Val-de-Marne (94) a obtenu le label \u00ab Terre de Jeux 2024 \u00bb pour les prochains Jeux Olympiques et Paralympiques de 2024 qui auront lieu \u00e0 Paris.\" \/>\n<meta name=\"robots\" content=\"index, follow, max-snippet:-1, max-image-preview:large, max-video-preview:-1\" \/>\n<link rel=\"canonical\" href=\"https:\/\/www.tourisme-valdemarne.com\/espace-pro\/expertises-et-projets\/jeux-olympiques-et-paralympiques-paris-2024\/le-val-de-marne-terre-de-jeux\/\" \/>\n<meta property=\"og:locale\" content=\"fr_FR\" \/>\n<meta property=\"og:type\" content=\"article\" \/>\n<meta property=\"og:title\" content=\"Le Val-de-Marne, Terre de Jeux - Espace Pro\" \/>\n<meta property=\"og:description\" content=\"Le Val-de-Marne (94) a obtenu le label \u00ab Terre de Jeux 2024 \u00bb pour les prochains Jeux Olympiques et Paralympiques de 2024 qui auront lieu \u00e0 Paris.\" \/>\n<meta property=\"og:url\" content=\"https:\/\/www.tourisme-valdemarne.com\/espace-pro\/expertises-et-projets\/jeux-olympiques-et-paralympiques-paris-2024\/le-val-de-marne-terre-de-jeux\/\" \/>\n<meta property=\"og:site_name\" content=\"Espace Pro\" \/>\n<meta property=\"article:modified_time\" content=\"2023-12-14T14:21:05+00:00\" \/>\n<meta property=\"og:image\" content=\"https:\/\/www.tourisme-valdemarne.com\/espace-pro\/wp-content\/uploads\/sites\/3\/2020\/12\/kayak-champigny-plage.jpg\" \/>\n\t<meta property=\"og:image:width\" content=\"1600\" \/>\n\t<meta property=\"og:image:height\" content=\"900\" \/>\n\t<meta property=\"og:image:type\" content=\"image\/jpeg\" \/>\n<meta name=\"twitter:card\" content=\"summary_large_image\" \/>\n<meta name=\"twitter:label1\" content=\"Dur\u00e9e de lecture estim\u00e9e\" \/>\n\t<meta name=\"twitter:data1\" content=\"3 minutes\" \/>\n<script type=\"application\/ld+json\" class=\"yoast-schema-graph\">{\"@context\":\"https:\/\/schema.org\",\"@graph\":[{\"@type\":\"WebPage\",\"@id\":\"https:\/\/www.tourisme-valdemarne.com\/espace-pro\/expertises-et-projets\/jeux-olympiques-et-paralympiques-paris-2024\/le-val-de-marne-terre-de-jeux\/\",\"url\":\"https:\/\/www.tourisme-valdemarne.com\/espace-pro\/expertises-et-projets\/jeux-olympiques-et-paralympiques-paris-2024\/le-val-de-marne-terre-de-jeux\/\",\"name\":\"Le Val-de-Marne, Terre de Jeux - Espace Pro\",\"isPartOf\":{\"@id\":\"https:\/\/www.tourisme-valdemarne.com\/espace-pro\/#website\"},\"primaryImageOfPage\":{\"@id\":\"https:\/\/www.tourisme-valdemarne.com\/espace-pro\/expertises-et-projets\/jeux-olympiques-et-paralympiques-paris-2024\/le-val-de-marne-terre-de-jeux\/#primaryimage\"},\"image\":{\"@id\":\"https:\/\/www.tourisme-valdemarne.com\/espace-pro\/expertises-et-projets\/jeux-olympiques-et-paralympiques-paris-2024\/le-val-de-marne-terre-de-jeux\/#primaryimage\"},\"thumbnailUrl\":\"https:\/\/www.tourisme-valdemarne.com\/espace-pro\/wp-content\/uploads\/sites\/3\/2020\/12\/kayak-champigny-plage.jpg\",\"datePublished\":\"2020-12-10T21:56:42+00:00\",\"dateModified\":\"2023-12-14T14:21:05+00:00\",\"description\":\"Le Val-de-Marne (94) a obtenu le label \u00ab Terre de Jeux 2024 \u00bb pour les prochains Jeux Olympiques et Paralympiques de 2024 qui auront lieu \u00e0 Paris.\",\"breadcrumb\":{\"@id\":\"https:\/\/www.tourisme-valdemarne.com\/espace-pro\/expertises-et-projets\/jeux-olympiques-et-paralympiques-paris-2024\/le-val-de-marne-terre-de-jeux\/#breadcrumb\"},\"inLanguage\":\"fr-FR\",\"potentialAction\":[{\"@type\":\"ReadAction\",\"target\":[\"https:\/\/www.tourisme-valdemarne.com\/espace-pro\/expertises-et-projets\/jeux-olympiques-et-paralympiques-paris-2024\/le-val-de-marne-terre-de-jeux\/\"]}]},{\"@type\":\"ImageObject\",\"inLanguage\":\"fr-FR\",\"@id\":\"https:\/\/www.tourisme-valdemarne.com\/espace-pro\/expertises-et-projets\/jeux-olympiques-et-paralympiques-paris-2024\/le-val-de-marne-terre-de-jeux\/#primaryimage\",\"url\":\"https:\/\/www.tourisme-valdemarne.com\/espace-pro\/wp-content\/uploads\/sites\/3\/2020\/12\/kayak-champigny-plage.jpg\",\"contentUrl\":\"https:\/\/www.tourisme-valdemarne.com\/espace-pro\/wp-content\/uploads\/sites\/3\/2020\/12\/kayak-champigny-plage.jpg\",\"width\":1600,\"height\":900},{\"@type\":\"BreadcrumbList\",\"@id\":\"https:\/\/www.tourisme-valdemarne.com\/espace-pro\/expertises-et-projets\/jeux-olympiques-et-paralympiques-paris-2024\/le-val-de-marne-terre-de-jeux\/#breadcrumb\",\"itemListElement\":[{\"@type\":\"ListItem\",\"position\":1,\"name\":\"Accueil\",\"item\":\"https:\/\/www.tourisme-valdemarne.com\/espace-pro\/\"},{\"@type\":\"ListItem\",\"position\":2,\"name\":\"Expertises et projets\",\"item\":\"https:\/\/www.tourisme-valdemarne.com\/espace-pro\/expertises-et-projets\/\"},{\"@type\":\"ListItem\",\"position\":3,\"name\":\"Jeux Olympiques et Paralympiques de Paris 2024\",\"item\":\"https:\/\/www.tourisme-valdemarne.com\/espace-pro\/expertises-et-projets\/jeux-olympiques-et-paralympiques-paris-2024\/\"},{\"@type\":\"ListItem\",\"position\":4,\"name\":\"Le Val-de-Marne, Terre de Jeux\"}]},{\"@type\":\"WebSite\",\"@id\":\"https:\/\/www.tourisme-valdemarne.com\/espace-pro\/#website\",\"url\":\"https:\/\/www.tourisme-valdemarne.com\/espace-pro\/\",\"name\":\"Espace Pro\",\"description\":\"Informations et outils pour les professionnels et la Presse\",\"potentialAction\":[{\"@type\":\"SearchAction\",\"target\":{\"@type\":\"EntryPoint\",\"urlTemplate\":\"https:\/\/www.tourisme-valdemarne.com\/espace-pro\/?s={search_term_string}\"},\"query-input\":{\"@type\":\"PropertyValueSpecification\",\"valueRequired\":true,\"valueName\":\"search_term_string\"}}],\"inLanguage\":\"fr-FR\"}]}<\/script>\n<!-- \/ Yoast SEO plugin. -->","yoast_head_json":{"title":"Le Val-de-Marne, Terre de Jeux - Espace Pro","description":"Le Val-de-Marne (94) a obtenu le label \u00ab Terre de Jeux 2024 \u00bb pour les prochains Jeux Olympiques et Paralympiques de 2024 qui auront lieu \u00e0 Paris.","robots":{"index":"index","follow":"follow","max-snippet":"max-snippet:-1","max-image-preview":"max-image-preview:large","max-video-preview":"max-video-preview:-1"},"canonical":"https:\/\/www.tourisme-valdemarne.com\/espace-pro\/expertises-et-projets\/jeux-olympiques-et-paralympiques-paris-2024\/le-val-de-marne-terre-de-jeux\/","og_locale":"fr_FR","og_type":"article","og_title":"Le Val-de-Marne, Terre de Jeux - Espace Pro","og_description":"Le Val-de-Marne (94) a obtenu le label \u00ab Terre de Jeux 2024 \u00bb pour les prochains Jeux Olympiques et Paralympiques de 2024 qui auront lieu \u00e0 Paris.","og_url":"https:\/\/www.tourisme-valdemarne.com\/espace-pro\/expertises-et-projets\/jeux-olympiques-et-paralympiques-paris-2024\/le-val-de-marne-terre-de-jeux\/","og_site_name":"Espace Pro","article_modified_time":"2023-12-14T14:21:05+00:00","og_image":[{"width":1600,"height":900,"url":"https:\/\/www.tourisme-valdemarne.com\/espace-pro\/wp-content\/uploads\/sites\/3\/2020\/12\/kayak-champigny-plage.jpg","type":"image\/jpeg"}],"twitter_card":"summary_large_image","twitter_misc":{"Dur\u00e9e de lecture estim\u00e9e":"3 minutes"},"schema":{"@context":"https:\/\/schema.org","@graph":[{"@type":"WebPage","@id":"https:\/\/www.tourisme-valdemarne.com\/espace-pro\/expertises-et-projets\/jeux-olympiques-et-paralympiques-paris-2024\/le-val-de-marne-terre-de-jeux\/","url":"https:\/\/www.tourisme-valdemarne.com\/espace-pro\/expertises-et-projets\/jeux-olympiques-et-paralympiques-paris-2024\/le-val-de-marne-terre-de-jeux\/","name":"Le Val-de-Marne, Terre de Jeux - Espace Pro","isPartOf":{"@id":"https:\/\/www.tourisme-valdemarne.com\/espace-pro\/#website"},"primaryImageOfPage":{"@id":"https:\/\/www.tourisme-valdemarne.com\/espace-pro\/expertises-et-projets\/jeux-olympiques-et-paralympiques-paris-2024\/le-val-de-marne-terre-de-jeux\/#primaryimage"},"image":{"@id":"https:\/\/www.tourisme-valdemarne.com\/espace-pro\/expertises-et-projets\/jeux-olympiques-et-paralympiques-paris-2024\/le-val-de-marne-terre-de-jeux\/#primaryimage"},"thumbnailUrl":"https:\/\/www.tourisme-valdemarne.com\/espace-pro\/wp-content\/uploads\/sites\/3\/2020\/12\/kayak-champigny-plage.jpg","datePublished":"2020-12-10T21:56:42+00:00","dateModified":"2023-12-14T14:21:05+00:00","description":"Le Val-de-Marne (94) a obtenu le label \u00ab Terre de Jeux 2024 \u00bb pour les prochains Jeux Olympiques et Paralympiques de 2024 qui auront lieu \u00e0 Paris.","breadcrumb":{"@id":"https:\/\/www.tourisme-valdemarne.com\/espace-pro\/expertises-et-projets\/jeux-olympiques-et-paralympiques-paris-2024\/le-val-de-marne-terre-de-jeux\/#breadcrumb"},"inLanguage":"fr-FR","potentialAction":[{"@type":"ReadAction","target":["https:\/\/www.tourisme-valdemarne.com\/espace-pro\/expertises-et-projets\/jeux-olympiques-et-paralympiques-paris-2024\/le-val-de-marne-terre-de-jeux\/"]}]},{"@type":"ImageObject","inLanguage":"fr-FR","@id":"https:\/\/www.tourisme-valdemarne.com\/espace-pro\/expertises-et-projets\/jeux-olympiques-et-paralympiques-paris-2024\/le-val-de-marne-terre-de-jeux\/#primaryimage","url":"https:\/\/www.tourisme-valdemarne.com\/espace-pro\/wp-content\/uploads\/sites\/3\/2020\/12\/kayak-champigny-plage.jpg","contentUrl":"https:\/\/www.tourisme-valdemarne.com\/espace-pro\/wp-content\/uploads\/sites\/3\/2020\/12\/kayak-champigny-plage.jpg","width":1600,"height":900},{"@type":"BreadcrumbList","@id":"https:\/\/www.tourisme-valdemarne.com\/espace-pro\/expertises-et-projets\/jeux-olympiques-et-paralympiques-paris-2024\/le-val-de-marne-terre-de-jeux\/#breadcrumb","itemListElement":[{"@type":"ListItem","position":1,"name":"Accueil","item":"https:\/\/www.tourisme-valdemarne.com\/espace-pro\/"},{"@type":"ListItem","position":2,"name":"Expertises et projets","item":"https:\/\/www.tourisme-valdemarne.com\/espace-pro\/expertises-et-projets\/"},{"@type":"ListItem","position":3,"name":"Jeux Olympiques et Paralympiques de Paris 2024","item":"https:\/\/www.tourisme-valdemarne.com\/espace-pro\/expertises-et-projets\/jeux-olympiques-et-paralympiques-paris-2024\/"},{"@type":"ListItem","position":4,"name":"Le Val-de-Marne, Terre de Jeux"}]},{"@type":"WebSite","@id":"https:\/\/www.tourisme-valdemarne.com\/espace-pro\/#website","url":"https:\/\/www.tourisme-valdemarne.com\/espace-pro\/","name":"Espace Pro","description":"Informations et outils pour les professionnels et la Presse","potentialAction":[{"@type":"SearchAction","target":{"@type":"EntryPoint","urlTemplate":"https:\/\/www.tourisme-valdemarne.com\/espace-pro\/?s={search_term_string}"},"query-input":{"@type":"PropertyValueSpecification","valueRequired":true,"valueName":"search_term_string"}}],"inLanguage":"fr-FR"}]}},"_links":{"self":[{"href":"https:\/\/www.tourisme-valdemarne.com\/espace-pro\/wp-json\/wp\/v2\/pages\/8306","targetHints":{"allow":["GET"]}}],"collection":[{"href":"https:\/\/www.tourisme-valdemarne.com\/espace-pro\/wp-json\/wp\/v2\/pages"}],"about":[{"href":"https:\/\/www.tourisme-valdemarne.com\/espace-pro\/wp-json\/wp\/v2\/types\/page"}],"author":[{"embeddable":true,"href":"https:\/\/www.tourisme-valdemarne.com\/espace-pro\/wp-json\/wp\/v2\/users\/1"}],"replies":[{"embeddable":true,"href":"https:\/\/www.tourisme-valdemarne.com\/espace-pro\/wp-json\/wp\/v2\/comments?post=8306"}],"version-history":[{"count":8,"href":"https:\/\/www.tourisme-valdemarne.com\/espace-pro\/wp-json\/wp\/v2\/pages\/8306\/revisions"}],"predecessor-version":[{"id":16599,"href":"https:\/\/www.tourisme-valdemarne.com\/espace-pro\/wp-json\/wp\/v2\/pages\/8306\/revisions\/16599"}],"up":[{"embeddable":true,"href":"https:\/\/www.tourisme-valdemarne.com\/espace-pro\/wp-json\/wp\/v2\/pages\/15443"}],"wp:featuredmedia":[{"embeddable":true,"href":"https:\/\/www.tourisme-valdemarne.com\/espace-pro\/wp-json\/wp\/v2\/media\/8311"}],"wp:attachment":[{"href":"https:\/\/www.tourisme-valdemarne.com\/espace-pro\/wp-json\/wp\/v2\/media?parent=8306"}],"wp:term":[{"taxonomy":"vdmTagMarketing","embeddable":true,"href":"https:\/\/www.tourisme-valdemarne.com\/espace-pro\/wp-json\/wp\/v2\/vdmTagMarketing?post=8306"}],"curies":[{"name":"wp","href":"https:\/\/api.w.org\/{rel}","templated":true}]}}