{"id":8289,"date":"2020-09-10T22:47:56","date_gmt":"2020-09-10T20:47:56","guid":{"rendered":"https:\/\/www.tourisme-valdemarne.com\/espace-pro\/?page_id=8289"},"modified":"2024-02-13T15:18:25","modified_gmt":"2024-02-13T14:18:25","slug":"actions-cdt-94-pendant-confinement","status":"publish","type":"page","link":"https:\/\/www.tourisme-valdemarne.com\/espace-pro\/actualites\/archives-des-actualites\/messages-et-informations-utiles-a-l-attention-des-professionnels-covid-19-coronavirus\/actions-cdt-94-pendant-confinement\/","title":{"rendered":"Les actions du CDT 94 pendant le confinement"},"content":{"rendered":"\n<p class=\"is-style-excerpt\">Durant cette p\u00e9riode de crise sanitaire de Covid-19, le secteur du tourisme et de la culture a \u00e9t\u00e9 largement impact\u00e9. Cependant, le Comit\u00e9 D\u00e9partemental du Tourisme du Val-de-Marne est rest\u00e9 mobilis\u00e9 et s\u2019est assur\u00e9 d\u2019\u00eatre disponible aupr\u00e8s de ses partenaires. D\u00e9couvrez la liste des actions men\u00e9es par le CDT94 et son \u00e9quipe en t\u00e9l\u00e9travail.<\/p>\n\n\n\n<ul class=\"wp-block-list\"><li><strong>Enqu\u00eate aupr\u00e8s des h\u00f4tels<\/strong> pour savoir s\u2019ils \u00e9taient ouverts et si oui, avec quels types de services (room service\u2026) et s\u2019ils accepteraient de mettre \u00e0 disposition des chambres aupr\u00e8s des autorit\u00e9s (APHP, personnel soignant, SDF\u2026) et dans quelles conditions\u00a0;<\/li><li>Transmission des <strong>informations sur les ouvertures des \u00e9tablissements h\u00f4teliers<\/strong> \u00e0 l\u2019OTCP et \u00e0 l\u2019ARS (R\u00e9gion)\u00a0;<\/li><li><strong>Annulation de toutes les visites et sorties Explore Paris et toutes les sorties pour les groupes<\/strong>. Le chiffre d\u2019affaires perdu pour le moment est de 98.300\u20ac pour les professionnels avec lesquels nous travaillons pour les groupes (annulations jusqu\u2019\u00e0 fin juin) et de 57.000\u20ac pour les professionnels de notre offre pour individuels (associations, guides\u2026.) (annulations jusqu\u2019\u00e0 mi mai)\u00a0;<\/li><li><strong>Accompagnement de nos partenaires<\/strong> pour qu\u2019ils d\u00e9veloppent des visio-conf\u00e9rences et des visites virtuelles commercialis\u00e9es dans Explore Paris. Le CDT \u00ab\u00a0offrant\u00a0\u00bb sa marge financi\u00e8re aux partenaires\u00a0;<\/li><li><strong>Annulation des \u00e9v\u00e9nements tourisme d\u2019affaires<\/strong> pr\u00e9vus au printemps (eductour\u2026)\u00a0;<\/li><li><strong>Contacts permanents avec les professionnels<\/strong> avec lesquels nous travaillons\u00a0;<\/li><li><strong>Veille et \u00e9changes avec nos partenaires institutionnels et professionnels du tourisme r\u00e9gionaux et nationaux<\/strong> (conf\u00e9rences en ligne) afin de pr\u00e9voir les pratiques des publics apr\u00e8s le confinement et de connaitre les conditions de r\u00e9ouverture des sites (dates, protocoles sanitaires) et de reprise des activit\u00e9s touristiques\u00a0;<\/li><li>Lancement et traitement d\u2019une <a href=\"https:\/\/www.tourisme-valdemarne.com\/espace-pro\/observatoire-du-tourisme\/le-grand-paris-territoire-de-predilection-pour-le-tourisme-de-demain\/\" target=\"_blank\" rel=\"noreferrer noopener\">enqu\u00eate Explore Paris<\/a> aupr\u00e8s de tout le fichier (70.000 pers)\u00a0;<\/li><li><strong>Newsletter ExploreParis<\/strong> (70.000 abonn\u00e9s) adapt\u00e9e pour pr\u00e9senter des visites \u00ab\u00a0p\u00e9rennes\u00a0\u00bb et les visio-conf\u00e9rences propos\u00e9es par nos partenaires\u00a0;<\/li><li><strong>Newsletter val-de-marnaise<\/strong> (40.000 abonn\u00e9s) hebdomadaire au lieu de mensuelle\u00a0: pr\u00e9sentation d\u2019activit\u00e9s et animations pour occuper les enfants et s\u2019occuper pendant le confinement\u00a0;<\/li><li>Lancement du <strong>jeu photos #FenetreSurLeValdeMarne<\/strong> avec des photos prises depuis sa fen\u00eatre\u00a0;<\/li><li><strong>Animation des r\u00e9seaux sociaux<\/strong> (dont des rendez-vous quiz 3 fois par semaine)\u00a0;<\/li><li><strong>Organisation d\u2019une chasse \u00e0 l\u2019\u0153uf virtuelle <\/strong>sur le site internet\u00a0;<\/li><li><strong>R\u00e9daction d\u2019articles de fond pour le site internet<\/strong> dont des articles et un agenda sp\u00e9cifiques au confinement dans l\u2019espace grand public et aussi des articles sp\u00e9cifiques \u00e0 destination des professionnels dans l\u2019espace pro (relai des initiatives solidaires, informations sur les <a href=\"https:\/\/www.tourisme-valdemarne.com\/espace-pro\/actualites\/archives-des-actualites\/messages-et-informations-utiles-a-l-attention-des-professionnels-covid-19-coronavirus\/\" target=\"_blank\" rel=\"noreferrer noopener\">mesures de soutien aux entreprises et pro du tourisme<\/a>\u2026)\u00a0;<\/li><li><strong>Mise \u00e0 jour permanente de l\u2019agenda \u00ab\u00a0Que faire en Val-de-Marne\u00a0\u00bb<\/strong> au rythme des annulations, reports etc. des \u00e9v\u00e9nements\u00a0;<\/li><li><strong>Aide \u00e0 la d\u00e9cision de l\u2019ex\u00e9cutif<\/strong> sur la suspension de la taxe de s\u00e9jour additionnelle d\u00e9partementale\u00a0;<\/li><li>Travail au <strong>d\u00e9veloppement d\u2019une offre d\u2019\u00e9t\u00e9,<\/strong> d\u2019une offre de courts s\u00e9jours, d\u2019une offre de micro-aventure etc.\u00a0;<\/li><li><strong>Travail avec les communes<\/strong> sur la programmation de leurs \u00e9v\u00e9nements estivaux, compte tenu des incertitudes sur les conditions de sortie du confinement\u00a0;<\/li><li><strong>Lancement d\u2019un chantier de refonte de nos outils de communication pour les groupes<\/strong> (modification de la brochure 2021, cr\u00e9ation d\u2019une newsletter etc.).<\/li><\/ul>\n\n\n\n<p class=\"is-style-highlight\">Retrouvez la liste des diff\u00e9rentes initiatives solidaires en Val-de-Marne.<\/p>\n","protected":false},"excerpt":{"rendered":"<p>Durant cette p\u00e9riode de crise sanitaire de Covid-19, le secteur du tourisme et de la culture a \u00e9t\u00e9 largement impact\u00e9. Cependant, le Comit\u00e9 D\u00e9partemental du Tourisme du Val-de-Marne est rest\u00e9 mobilis\u00e9 et s\u2019est assur\u00e9 d\u2019\u00eatre disponible aupr\u00e8s de ses partenaires. D\u00e9couvrez la liste des actions men\u00e9es par le CDT94 et son \u00e9quipe en t\u00e9l\u00e9travail. Enqu\u00eate [&hellip;]<\/p>\n","protected":false},"author":7,"featured_media":0,"parent":8044,"menu_order":0,"comment_status":"closed","ping_status":"closed","template":"","meta":{"_relevanssi_hide_post":"","_relevanssi_hide_content":"","_relevanssi_pin_for_all":"","_relevanssi_pin_keywords":"","_relevanssi_unpin_keywords":"","_relevanssi_related_keywords":"","_relevanssi_related_include_ids":"","_relevanssi_related_exclude_ids":"","_relevanssi_related_no_append":"","_relevanssi_related_not_related":"","_relevanssi_related_posts":"8104,8074,8077,8084,8090,8083","_relevanssi_noindex_reason":"","footnotes":""},"vdmTagMarketing":[],"class_list":["post-8289","page","type-page","status-publish","hentry"],"acf":[],"yoast_head":"<!-- This site is optimized with the Yoast SEO plugin v23.9 - https:\/\/yoast.com\/wordpress\/plugins\/seo\/ -->\n<title>Les actions du CDT 94 pendant le confinement - Espace Pro<\/title>\n<meta name=\"description\" content=\"D\u00e9couvrez l&#039;ensemble des actions men\u00e9es par le Comit\u00e9 D\u00e9partemental du Tourisme du Val-de-Marne (CDT94) durant le confinement et la crise du coronavirus.\" \/>\n<meta name=\"robots\" content=\"index, follow, max-snippet:-1, max-image-preview:large, max-video-preview:-1\" \/>\n<link rel=\"canonical\" href=\"https:\/\/www.tourisme-valdemarne.com\/espace-pro\/actualites\/archives-des-actualites\/messages-et-informations-utiles-a-l-attention-des-professionnels-covid-19-coronavirus\/actions-cdt-94-pendant-confinement\/\" \/>\n<meta property=\"og:locale\" content=\"fr_FR\" \/>\n<meta property=\"og:type\" content=\"article\" \/>\n<meta property=\"og:title\" content=\"Les actions du CDT 94 pendant le confinement - Espace Pro\" \/>\n<meta property=\"og:description\" content=\"D\u00e9couvrez l&#039;ensemble des actions men\u00e9es par le Comit\u00e9 D\u00e9partemental du Tourisme du Val-de-Marne (CDT94) durant le confinement et la crise du coronavirus.\" \/>\n<meta property=\"og:url\" content=\"https:\/\/www.tourisme-valdemarne.com\/espace-pro\/actualites\/archives-des-actualites\/messages-et-informations-utiles-a-l-attention-des-professionnels-covid-19-coronavirus\/actions-cdt-94-pendant-confinement\/\" \/>\n<meta property=\"og:site_name\" content=\"Espace Pro\" \/>\n<meta property=\"article:modified_time\" content=\"2024-02-13T14:18:25+00:00\" \/>\n<meta name=\"twitter:card\" content=\"summary_large_image\" \/>\n<meta name=\"twitter:label1\" content=\"Dur\u00e9e de lecture estim\u00e9e\" \/>\n\t<meta name=\"twitter:data1\" content=\"3 minutes\" \/>\n<script type=\"application\/ld+json\" class=\"yoast-schema-graph\">{\"@context\":\"https:\/\/schema.org\",\"@graph\":[{\"@type\":\"WebPage\",\"@id\":\"https:\/\/www.tourisme-valdemarne.com\/espace-pro\/actualites\/archives-des-actualites\/messages-et-informations-utiles-a-l-attention-des-professionnels-covid-19-coronavirus\/actions-cdt-94-pendant-confinement\/\",\"url\":\"https:\/\/www.tourisme-valdemarne.com\/espace-pro\/actualites\/archives-des-actualites\/messages-et-informations-utiles-a-l-attention-des-professionnels-covid-19-coronavirus\/actions-cdt-94-pendant-confinement\/\",\"name\":\"Les actions du CDT 94 pendant le confinement - Espace Pro\",\"isPartOf\":{\"@id\":\"https:\/\/www.tourisme-valdemarne.com\/espace-pro\/#website\"},\"datePublished\":\"2020-09-10T20:47:56+00:00\",\"dateModified\":\"2024-02-13T14:18:25+00:00\",\"description\":\"D\u00e9couvrez l'ensemble des actions men\u00e9es par le Comit\u00e9 D\u00e9partemental du Tourisme du Val-de-Marne (CDT94) durant le confinement et la crise du coronavirus.\",\"breadcrumb\":{\"@id\":\"https:\/\/www.tourisme-valdemarne.com\/espace-pro\/actualites\/archives-des-actualites\/messages-et-informations-utiles-a-l-attention-des-professionnels-covid-19-coronavirus\/actions-cdt-94-pendant-confinement\/#breadcrumb\"},\"inLanguage\":\"fr-FR\",\"potentialAction\":[{\"@type\":\"ReadAction\",\"target\":[\"https:\/\/www.tourisme-valdemarne.com\/espace-pro\/actualites\/archives-des-actualites\/messages-et-informations-utiles-a-l-attention-des-professionnels-covid-19-coronavirus\/actions-cdt-94-pendant-confinement\/\"]}]},{\"@type\":\"BreadcrumbList\",\"@id\":\"https:\/\/www.tourisme-valdemarne.com\/espace-pro\/actualites\/archives-des-actualites\/messages-et-informations-utiles-a-l-attention-des-professionnels-covid-19-coronavirus\/actions-cdt-94-pendant-confinement\/#breadcrumb\",\"itemListElement\":[{\"@type\":\"ListItem\",\"position\":1,\"name\":\"Accueil\",\"item\":\"https:\/\/www.tourisme-valdemarne.com\/espace-pro\/\"},{\"@type\":\"ListItem\",\"position\":2,\"name\":\"Actualit\u00e9s de l&rsquo;espace pro\",\"item\":\"https:\/\/www.tourisme-valdemarne.com\/espace-pro\/actualites\/\"},{\"@type\":\"ListItem\",\"position\":3,\"name\":\"Archives des actualit\u00e9s\",\"item\":\"https:\/\/www.tourisme-valdemarne.com\/espace-pro\/actualites\/archives-des-actualites\/\"},{\"@type\":\"ListItem\",\"position\":4,\"name\":\"Messages et informations utiles \u00e0 l\u2019attention des professionnels \u2013 Covid-19 Coronavirus\",\"item\":\"https:\/\/www.tourisme-valdemarne.com\/espace-pro\/actualites\/archives-des-actualites\/messages-et-informations-utiles-a-l-attention-des-professionnels-covid-19-coronavirus\/\"},{\"@type\":\"ListItem\",\"position\":5,\"name\":\"Les actions du CDT 94 pendant le confinement\"}]},{\"@type\":\"WebSite\",\"@id\":\"https:\/\/www.tourisme-valdemarne.com\/espace-pro\/#website\",\"url\":\"https:\/\/www.tourisme-valdemarne.com\/espace-pro\/\",\"name\":\"Espace Pro\",\"description\":\"Informations et outils pour les professionnels et la Presse\",\"potentialAction\":[{\"@type\":\"SearchAction\",\"target\":{\"@type\":\"EntryPoint\",\"urlTemplate\":\"https:\/\/www.tourisme-valdemarne.com\/espace-pro\/?s={search_term_string}\"},\"query-input\":{\"@type\":\"PropertyValueSpecification\",\"valueRequired\":true,\"valueName\":\"search_term_string\"}}],\"inLanguage\":\"fr-FR\"}]}<\/script>\n<!-- \/ Yoast SEO plugin. -->","yoast_head_json":{"title":"Les actions du CDT 94 pendant le confinement - Espace Pro","description":"D\u00e9couvrez l'ensemble des actions men\u00e9es par le Comit\u00e9 D\u00e9partemental du Tourisme du Val-de-Marne (CDT94) durant le confinement et la crise du coronavirus.","robots":{"index":"index","follow":"follow","max-snippet":"max-snippet:-1","max-image-preview":"max-image-preview:large","max-video-preview":"max-video-preview:-1"},"canonical":"https:\/\/www.tourisme-valdemarne.com\/espace-pro\/actualites\/archives-des-actualites\/messages-et-informations-utiles-a-l-attention-des-professionnels-covid-19-coronavirus\/actions-cdt-94-pendant-confinement\/","og_locale":"fr_FR","og_type":"article","og_title":"Les actions du CDT 94 pendant le confinement - Espace Pro","og_description":"D\u00e9couvrez l'ensemble des actions men\u00e9es par le Comit\u00e9 D\u00e9partemental du Tourisme du Val-de-Marne (CDT94) durant le confinement et la crise du coronavirus.","og_url":"https:\/\/www.tourisme-valdemarne.com\/espace-pro\/actualites\/archives-des-actualites\/messages-et-informations-utiles-a-l-attention-des-professionnels-covid-19-coronavirus\/actions-cdt-94-pendant-confinement\/","og_site_name":"Espace Pro","article_modified_time":"2024-02-13T14:18:25+00:00","twitter_card":"summary_large_image","twitter_misc":{"Dur\u00e9e de lecture estim\u00e9e":"3 minutes"},"schema":{"@context":"https:\/\/schema.org","@graph":[{"@type":"WebPage","@id":"https:\/\/www.tourisme-valdemarne.com\/espace-pro\/actualites\/archives-des-actualites\/messages-et-informations-utiles-a-l-attention-des-professionnels-covid-19-coronavirus\/actions-cdt-94-pendant-confinement\/","url":"https:\/\/www.tourisme-valdemarne.com\/espace-pro\/actualites\/archives-des-actualites\/messages-et-informations-utiles-a-l-attention-des-professionnels-covid-19-coronavirus\/actions-cdt-94-pendant-confinement\/","name":"Les actions du CDT 94 pendant le confinement - Espace Pro","isPartOf":{"@id":"https:\/\/www.tourisme-valdemarne.com\/espace-pro\/#website"},"datePublished":"2020-09-10T20:47:56+00:00","dateModified":"2024-02-13T14:18:25+00:00","description":"D\u00e9couvrez l'ensemble des actions men\u00e9es par le Comit\u00e9 D\u00e9partemental du Tourisme du Val-de-Marne (CDT94) durant le confinement et la crise du coronavirus.","breadcrumb":{"@id":"https:\/\/www.tourisme-valdemarne.com\/espace-pro\/actualites\/archives-des-actualites\/messages-et-informations-utiles-a-l-attention-des-professionnels-covid-19-coronavirus\/actions-cdt-94-pendant-confinement\/#breadcrumb"},"inLanguage":"fr-FR","potentialAction":[{"@type":"ReadAction","target":["https:\/\/www.tourisme-valdemarne.com\/espace-pro\/actualites\/archives-des-actualites\/messages-et-informations-utiles-a-l-attention-des-professionnels-covid-19-coronavirus\/actions-cdt-94-pendant-confinement\/"]}]},{"@type":"BreadcrumbList","@id":"https:\/\/www.tourisme-valdemarne.com\/espace-pro\/actualites\/archives-des-actualites\/messages-et-informations-utiles-a-l-attention-des-professionnels-covid-19-coronavirus\/actions-cdt-94-pendant-confinement\/#breadcrumb","itemListElement":[{"@type":"ListItem","position":1,"name":"Accueil","item":"https:\/\/www.tourisme-valdemarne.com\/espace-pro\/"},{"@type":"ListItem","position":2,"name":"Actualit\u00e9s de l&rsquo;espace pro","item":"https:\/\/www.tourisme-valdemarne.com\/espace-pro\/actualites\/"},{"@type":"ListItem","position":3,"name":"Archives des actualit\u00e9s","item":"https:\/\/www.tourisme-valdemarne.com\/espace-pro\/actualites\/archives-des-actualites\/"},{"@type":"ListItem","position":4,"name":"Messages et informations utiles \u00e0 l\u2019attention des professionnels \u2013 Covid-19 Coronavirus","item":"https:\/\/www.tourisme-valdemarne.com\/espace-pro\/actualites\/archives-des-actualites\/messages-et-informations-utiles-a-l-attention-des-professionnels-covid-19-coronavirus\/"},{"@type":"ListItem","position":5,"name":"Les actions du CDT 94 pendant le confinement"}]},{"@type":"WebSite","@id":"https:\/\/www.tourisme-valdemarne.com\/espace-pro\/#website","url":"https:\/\/www.tourisme-valdemarne.com\/espace-pro\/","name":"Espace Pro","description":"Informations et outils pour les professionnels et la Presse","potentialAction":[{"@type":"SearchAction","target":{"@type":"EntryPoint","urlTemplate":"https:\/\/www.tourisme-valdemarne.com\/espace-pro\/?s={search_term_string}"},"query-input":{"@type":"PropertyValueSpecification","valueRequired":true,"valueName":"search_term_string"}}],"inLanguage":"fr-FR"}]}},"_links":{"self":[{"href":"https:\/\/www.tourisme-valdemarne.com\/espace-pro\/wp-json\/wp\/v2\/pages\/8289","targetHints":{"allow":["GET"]}}],"collection":[{"href":"https:\/\/www.tourisme-valdemarne.com\/espace-pro\/wp-json\/wp\/v2\/pages"}],"about":[{"href":"https:\/\/www.tourisme-valdemarne.com\/espace-pro\/wp-json\/wp\/v2\/types\/page"}],"author":[{"embeddable":true,"href":"https:\/\/www.tourisme-valdemarne.com\/espace-pro\/wp-json\/wp\/v2\/users\/7"}],"replies":[{"embeddable":true,"href":"https:\/\/www.tourisme-valdemarne.com\/espace-pro\/wp-json\/wp\/v2\/comments?post=8289"}],"version-history":[{"count":5,"href":"https:\/\/www.tourisme-valdemarne.com\/espace-pro\/wp-json\/wp\/v2\/pages\/8289\/revisions"}],"predecessor-version":[{"id":26344,"href":"https:\/\/www.tourisme-valdemarne.com\/espace-pro\/wp-json\/wp\/v2\/pages\/8289\/revisions\/26344"}],"up":[{"embeddable":true,"href":"https:\/\/www.tourisme-valdemarne.com\/espace-pro\/wp-json\/wp\/v2\/pages\/8044"}],"wp:attachment":[{"href":"https:\/\/www.tourisme-valdemarne.com\/espace-pro\/wp-json\/wp\/v2\/media?parent=8289"}],"wp:term":[{"taxonomy":"vdmTagMarketing","embeddable":true,"href":"https:\/\/www.tourisme-valdemarne.com\/espace-pro\/wp-json\/wp\/v2\/vdmTagMarketing?post=8289"}],"curies":[{"name":"wp","href":"https:\/\/api.w.org\/{rel}","templated":true}]}}