{"id":8278,"date":"2020-12-10T22:49:48","date_gmt":"2020-12-10T21:49:48","guid":{"rendered":"https:\/\/www.tourisme-valdemarne.com\/espace-pro\/?page_id=8278"},"modified":"2024-02-12T11:45:24","modified_gmt":"2024-02-12T10:45:24","slug":"et-si-le-tourisme-de-demain-se-jouait-dans-les-nouvelles-proximites","status":"publish","type":"page","link":"https:\/\/www.tourisme-valdemarne.com\/espace-pro\/et-si-le-tourisme-de-demain-se-jouait-dans-les-nouvelles-proximites\/","title":{"rendered":"Et si le tourisme de demain se jouait dans les nouvelles proximit\u00e9s ?"},"content":{"rendered":"\n<p class=\"is-style-excerpt\"><strong>Communiqu\u00e9 du 29\/04\/2020 des pr\u00e9sidents de Seine-Saint-Denis Tourisme et de Val-de-Marne Tourisme et Loisirs, Dominique Dellac et Gilles Saint-Gal.<\/strong><\/p>\n\n\n\n<div class=\"wp-block-image\"><figure class=\"aligncenter is-resized\"><img data-src=\"https:\/\/www.tourisme-valdemarne.com\/espace-pro\/wp-content\/uploads\/sites\/3\/2019\/05\/logo-explore-paris-1200x279.png\" alt=\"Logo Explore Paris\" class=\"wp-image-2763\" width=\"600\" height=\"139\" srcset=\"https:\/\/www.tourisme-valdemarne.com\/espace-pro\/wp-content\/uploads\/sites\/3\/2019\/05\/logo-explore-paris-1200x279.png 1200w, https:\/\/www.tourisme-valdemarne.com\/espace-pro\/wp-content\/uploads\/sites\/3\/2019\/05\/logo-explore-paris-600x140.png 600w, https:\/\/www.tourisme-valdemarne.com\/espace-pro\/wp-content\/uploads\/sites\/3\/2019\/05\/logo-explore-paris-900x209.png 900w, https:\/\/www.tourisme-valdemarne.com\/espace-pro\/wp-content\/uploads\/sites\/3\/2019\/05\/logo-explore-paris-380x88.png 380w, https:\/\/www.tourisme-valdemarne.com\/espace-pro\/wp-content\/uploads\/sites\/3\/2019\/05\/logo-explore-paris-200x47.png 200w\" sizes=\"(max-width: 600px) 100vw, 600px\" \/><\/figure><\/div>\n\n\n\n<p><em>Le secteur du tourisme est tr\u00e8s durement touch\u00e9 par la crise sanitaire mondiale du covid-19 et ses cons\u00e9quences qui affectent toutes les sph\u00e8res des activit\u00e9s humaines. Au lendemain des annonces d\u2019Edouard Philippe, chacune et chacun s\u2019interroge l\u00e9gitimement et avec inqui\u00e9tude sur la fa\u00e7on<br>d\u2019organiser ses prochaines vacances et de traverser l\u2019\u00e9t\u00e9 avec sa famille sans r\u00e9elle perspective de<br>pouvoir quitter son environnement imm\u00e9diat.<\/em><\/p>\n\n\n\n<p><em>Dans ce contexte, nous avons le plaisir de vous pr\u00e9senter les r\u00e9sultats d\u2019une enqu\u00eate exclusive men\u00e9e aupr\u00e8s des 70.000 utilisateurs de notre plateforme exploreparis.com, fruit de la fusion des deux outils de commercialisation des comit\u00e9s d\u00e9partementaux du tourisme de la Seine-Saint-Denis et du Val-de-Marne, pr\u00e9curseurs de longue date en mati\u00e8re de tourisme de proximit\u00e9.<\/em><\/p>\n\n\n\n<p><em>L\u2019enqu\u00eate r\u00e9v\u00e8le de fa\u00e7on spectaculaire les atouts du grand Paris, et plus largement de la r\u00e9gion<br>parisienne et des d\u00e9partements qui la composent, dans leur grande diversit\u00e9, pour sortir du<br>confinement et offrir aux habitants de nos territoires un \u00e9ventail consid\u00e9rable de visites et balades<br>urbaines, sources de d\u00e9couverte et riches en surprises.<\/em><\/p>\n\n\n\n<p><em>Alors que la r\u00e9assurance sanitaire des pratiques touristiques s\u2019annonce incertaine, des centaines<br>d\u2019acteurs locaux, guides-conf\u00e9renciers, porteurs de projets, sites plus ou moins connus ont d\u00e9j\u00e0<br>invent\u00e9 des produits et des formes de visites qui en eux-m\u00eames s\u2019av\u00e8rent adapt\u00e9s \u00e0 ce contexte<br>particulier, parce que loin des grandes concentrations touristiques. Cet \u00e9t\u00e9 pour les franciliens,<br>demain pour les touristes fran\u00e7ais, et apr\u00e8s-demain pour les touristes \u00e9trangers en qu\u00eate<br>d\u2019authenticit\u00e9, ce tourisme innovant \u00e0 l\u2019\u00e9chelle du grand Paris pourra permettre \u00e0 la destination Paris de r\u00e9pondre aux attentes des visiteurs et de rajeunir son image.<\/em><\/p>\n\n\n\n<p><em>L\u2019enqu\u00eate indique \u00e9galement \u00e0 quel point la distance g\u00e9ographique ou le fait de passer une nuit en<br>dehors de chez soi ne constituent pas des crit\u00e8res pour juger du caract\u00e8re touristique d\u2019une activit\u00e9.<br>Le tourisme se pense d\u00e9sormais aussi dans la proximit\u00e9, dans la curiosit\u00e9 pour l\u2019exp\u00e9rimentation<br>\u00e9cologique, dans le go\u00fbt pour l\u2019art de la rue, pour les couleurs cosmopolites de nos quartiers, pour la<br>nature en ville, pour les voies d\u2019eau et leurs berges, pour l\u2019ouverture aux autres. Ainsi, ce tourisme \u00e0 \u00e9chelle humaine s\u2019affirme probablement comme une cl\u00e9 essentielle permettant d\u2019aborder la p\u00e9riode d\u00e9licate de relance du secteur touristique pour les mois qui viennent.<\/em><\/p>\n\n\n\n<p><em>Les comit\u00e9s d\u00e9partementaux du tourisme de Seine-Saint-Denis et du Val-de-Marne accompagneront au plus pr\u00e8s l\u2019ensemble des acteurs locaux du tourisme, pour les aider \u00e0 relancer leurs activit\u00e9s au service des habitants et des touristes, dans les conditions qui seront permises par la situation.<\/em><\/p>\n\n\n\n<p><em>Nous savons maintenant que le mod\u00e8le du d\u00e9veloppement touristique sera remis en cause et que<br>c\u2019est une autre fa\u00e7on de voyager et de visiter, plus proche des territoires et des habitants qui<br>constituera demain le moteur de la reprise de l\u2019activit\u00e9. En \u0153uvrant depuis longtemps au d\u00e9veloppement du tourisme de proximit\u00e9, du tourisme durable et d\u2019un tourisme porteur de sens et de valeurs, nos territoires de banlieue ont non seulement innov\u00e9, mais \u00e9galement apport\u00e9 la preuve que loin de l\u2019hyper-centre parisien, \u00e0 une enjamb\u00e9e de m\u00e9tro ou de RER, l\u2019insolite peut frapper \u00e0 la porte et permettre de formidables d\u00e9couvertes.<\/em><\/p>\n\n\n\n<p class=\"is-style-highlight\">Retrouvez le d\u00e9tail des diff\u00e9rents\u00a0<a href=\"https:\/\/www.tourisme-valdemarne.com\/espace-pro\/observatoire-du-tourisme\/le-grand-paris-territoire-de-predilection-pour-le-tourisme-de-demain\/\" target=\"_blank\" rel=\"noreferrer noopener\">r\u00e9sultats de l\u2019enqu\u00eate men\u00e9e par la plateforme ExploreParis<\/a>.<\/p>\n","protected":false},"excerpt":{"rendered":"<p>Communiqu\u00e9 du 29\/04\/2020 des pr\u00e9sidents de Seine-Saint-Denis Tourisme et de Val-de-Marne Tourisme et Loisirs, Dominique Dellac et Gilles Saint-Gal. Le secteur du tourisme est tr\u00e8s durement touch\u00e9 par la crise sanitaire mondiale du covid-19 et ses cons\u00e9quences qui affectent toutes les sph\u00e8res des activit\u00e9s humaines. Au lendemain des annonces d\u2019Edouard Philippe, chacune et chacun s\u2019interroge [&hellip;]<\/p>\n","protected":false},"author":1,"featured_media":3303,"parent":0,"menu_order":0,"comment_status":"closed","ping_status":"closed","template":"","meta":{"_relevanssi_hide_post":"","_relevanssi_hide_content":"","_relevanssi_pin_for_all":"","_relevanssi_pin_keywords":"","_relevanssi_unpin_keywords":"","_relevanssi_related_keywords":"","_relevanssi_related_include_ids":"","_relevanssi_related_exclude_ids":"","_relevanssi_related_no_append":"","_relevanssi_related_not_related":"","_relevanssi_related_posts":"2741,2749,8090,8095,8077,8084","_relevanssi_noindex_reason":"","footnotes":""},"vdmTagMarketing":[],"class_list":["post-8278","page","type-page","status-publish","has-post-thumbnail","hentry"],"acf":[],"yoast_head":"<!-- This site is optimized with the Yoast SEO plugin v23.9 - https:\/\/yoast.com\/wordpress\/plugins\/seo\/ -->\n<title>Et si le tourisme de demain se jouait dans les nouvelles proximit\u00e9s ? - Espace Pro<\/title>\n<meta name=\"description\" content=\"D\u00e9couvrez le communiqu\u00e9 de presse des pr\u00e9sidents de Seine-Saint-Denis Tourisme et de Val-de-Marne Tourisme et Loisirs, Dominique Dellac et Gilles Saint-Gal.\" \/>\n<meta name=\"robots\" content=\"index, follow, max-snippet:-1, max-image-preview:large, max-video-preview:-1\" \/>\n<link rel=\"canonical\" href=\"https:\/\/www.tourisme-valdemarne.com\/espace-pro\/et-si-le-tourisme-de-demain-se-jouait-dans-les-nouvelles-proximites\/\" \/>\n<meta property=\"og:locale\" content=\"fr_FR\" \/>\n<meta property=\"og:type\" content=\"article\" \/>\n<meta property=\"og:title\" content=\"Et si le tourisme de demain se jouait dans les nouvelles proximit\u00e9s ? - Espace Pro\" \/>\n<meta property=\"og:description\" content=\"D\u00e9couvrez le communiqu\u00e9 de presse des pr\u00e9sidents de Seine-Saint-Denis Tourisme et de Val-de-Marne Tourisme et Loisirs, Dominique Dellac et Gilles Saint-Gal.\" \/>\n<meta property=\"og:url\" content=\"https:\/\/www.tourisme-valdemarne.com\/espace-pro\/et-si-le-tourisme-de-demain-se-jouait-dans-les-nouvelles-proximites\/\" \/>\n<meta property=\"og:site_name\" content=\"Espace Pro\" \/>\n<meta property=\"article:modified_time\" content=\"2024-02-12T10:45:24+00:00\" \/>\n<meta property=\"og:image\" content=\"https:\/\/www.tourisme-valdemarne.com\/espace-pro\/wp-content\/uploads\/sites\/3\/2019\/06\/randonnee-velo-foret-notre-dame-cp-crt.jpg\" \/>\n\t<meta property=\"og:image:width\" content=\"1600\" \/>\n\t<meta property=\"og:image:height\" content=\"1068\" \/>\n\t<meta property=\"og:image:type\" content=\"image\/jpeg\" \/>\n<meta name=\"twitter:card\" content=\"summary_large_image\" \/>\n<meta name=\"twitter:label1\" content=\"Dur\u00e9e de lecture estim\u00e9e\" \/>\n\t<meta name=\"twitter:data1\" content=\"3 minutes\" \/>\n<script type=\"application\/ld+json\" class=\"yoast-schema-graph\">{\"@context\":\"https:\/\/schema.org\",\"@graph\":[{\"@type\":\"WebPage\",\"@id\":\"https:\/\/www.tourisme-valdemarne.com\/espace-pro\/et-si-le-tourisme-de-demain-se-jouait-dans-les-nouvelles-proximites\/\",\"url\":\"https:\/\/www.tourisme-valdemarne.com\/espace-pro\/et-si-le-tourisme-de-demain-se-jouait-dans-les-nouvelles-proximites\/\",\"name\":\"Et si le tourisme de demain se jouait dans les nouvelles proximit\u00e9s ? - Espace Pro\",\"isPartOf\":{\"@id\":\"https:\/\/www.tourisme-valdemarne.com\/espace-pro\/#website\"},\"primaryImageOfPage\":{\"@id\":\"https:\/\/www.tourisme-valdemarne.com\/espace-pro\/et-si-le-tourisme-de-demain-se-jouait-dans-les-nouvelles-proximites\/#primaryimage\"},\"image\":{\"@id\":\"https:\/\/www.tourisme-valdemarne.com\/espace-pro\/et-si-le-tourisme-de-demain-se-jouait-dans-les-nouvelles-proximites\/#primaryimage\"},\"thumbnailUrl\":\"https:\/\/www.tourisme-valdemarne.com\/espace-pro\/wp-content\/uploads\/sites\/3\/2019\/06\/randonnee-velo-foret-notre-dame-cp-crt.jpg\",\"datePublished\":\"2020-12-10T21:49:48+00:00\",\"dateModified\":\"2024-02-12T10:45:24+00:00\",\"description\":\"D\u00e9couvrez le communiqu\u00e9 de presse des pr\u00e9sidents de Seine-Saint-Denis Tourisme et de Val-de-Marne Tourisme et Loisirs, Dominique Dellac et Gilles Saint-Gal.\",\"breadcrumb\":{\"@id\":\"https:\/\/www.tourisme-valdemarne.com\/espace-pro\/et-si-le-tourisme-de-demain-se-jouait-dans-les-nouvelles-proximites\/#breadcrumb\"},\"inLanguage\":\"fr-FR\",\"potentialAction\":[{\"@type\":\"ReadAction\",\"target\":[\"https:\/\/www.tourisme-valdemarne.com\/espace-pro\/et-si-le-tourisme-de-demain-se-jouait-dans-les-nouvelles-proximites\/\"]}]},{\"@type\":\"ImageObject\",\"inLanguage\":\"fr-FR\",\"@id\":\"https:\/\/www.tourisme-valdemarne.com\/espace-pro\/et-si-le-tourisme-de-demain-se-jouait-dans-les-nouvelles-proximites\/#primaryimage\",\"url\":\"https:\/\/www.tourisme-valdemarne.com\/espace-pro\/wp-content\/uploads\/sites\/3\/2019\/06\/randonnee-velo-foret-notre-dame-cp-crt.jpg\",\"contentUrl\":\"https:\/\/www.tourisme-valdemarne.com\/espace-pro\/wp-content\/uploads\/sites\/3\/2019\/06\/randonnee-velo-foret-notre-dame-cp-crt.jpg\",\"width\":1600,\"height\":1068,\"caption\":\"Randonn\u00e9e \u00e0 v\u00e9lo dans la for\u00eat Notre Dame \u00a9 CRT Paris Ile-de-France\/Amelie Laurin\"},{\"@type\":\"BreadcrumbList\",\"@id\":\"https:\/\/www.tourisme-valdemarne.com\/espace-pro\/et-si-le-tourisme-de-demain-se-jouait-dans-les-nouvelles-proximites\/#breadcrumb\",\"itemListElement\":[{\"@type\":\"ListItem\",\"position\":1,\"name\":\"Accueil\",\"item\":\"https:\/\/www.tourisme-valdemarne.com\/espace-pro\/\"},{\"@type\":\"ListItem\",\"position\":2,\"name\":\"Et si le tourisme de demain se jouait dans les nouvelles proximit\u00e9s ?\"}]},{\"@type\":\"WebSite\",\"@id\":\"https:\/\/www.tourisme-valdemarne.com\/espace-pro\/#website\",\"url\":\"https:\/\/www.tourisme-valdemarne.com\/espace-pro\/\",\"name\":\"Espace Pro\",\"description\":\"Informations et outils pour les professionnels et la Presse\",\"potentialAction\":[{\"@type\":\"SearchAction\",\"target\":{\"@type\":\"EntryPoint\",\"urlTemplate\":\"https:\/\/www.tourisme-valdemarne.com\/espace-pro\/?s={search_term_string}\"},\"query-input\":{\"@type\":\"PropertyValueSpecification\",\"valueRequired\":true,\"valueName\":\"search_term_string\"}}],\"inLanguage\":\"fr-FR\"}]}<\/script>\n<!-- \/ Yoast SEO plugin. -->","yoast_head_json":{"title":"Et si le tourisme de demain se jouait dans les nouvelles proximit\u00e9s ? - Espace Pro","description":"D\u00e9couvrez le communiqu\u00e9 de presse des pr\u00e9sidents de Seine-Saint-Denis Tourisme et de Val-de-Marne Tourisme et Loisirs, Dominique Dellac et Gilles Saint-Gal.","robots":{"index":"index","follow":"follow","max-snippet":"max-snippet:-1","max-image-preview":"max-image-preview:large","max-video-preview":"max-video-preview:-1"},"canonical":"https:\/\/www.tourisme-valdemarne.com\/espace-pro\/et-si-le-tourisme-de-demain-se-jouait-dans-les-nouvelles-proximites\/","og_locale":"fr_FR","og_type":"article","og_title":"Et si le tourisme de demain se jouait dans les nouvelles proximit\u00e9s ? - Espace Pro","og_description":"D\u00e9couvrez le communiqu\u00e9 de presse des pr\u00e9sidents de Seine-Saint-Denis Tourisme et de Val-de-Marne Tourisme et Loisirs, Dominique Dellac et Gilles Saint-Gal.","og_url":"https:\/\/www.tourisme-valdemarne.com\/espace-pro\/et-si-le-tourisme-de-demain-se-jouait-dans-les-nouvelles-proximites\/","og_site_name":"Espace Pro","article_modified_time":"2024-02-12T10:45:24+00:00","og_image":[{"width":1600,"height":1068,"url":"https:\/\/www.tourisme-valdemarne.com\/espace-pro\/wp-content\/uploads\/sites\/3\/2019\/06\/randonnee-velo-foret-notre-dame-cp-crt.jpg","type":"image\/jpeg"}],"twitter_card":"summary_large_image","twitter_misc":{"Dur\u00e9e de lecture estim\u00e9e":"3 minutes"},"schema":{"@context":"https:\/\/schema.org","@graph":[{"@type":"WebPage","@id":"https:\/\/www.tourisme-valdemarne.com\/espace-pro\/et-si-le-tourisme-de-demain-se-jouait-dans-les-nouvelles-proximites\/","url":"https:\/\/www.tourisme-valdemarne.com\/espace-pro\/et-si-le-tourisme-de-demain-se-jouait-dans-les-nouvelles-proximites\/","name":"Et si le tourisme de demain se jouait dans les nouvelles proximit\u00e9s ? - Espace Pro","isPartOf":{"@id":"https:\/\/www.tourisme-valdemarne.com\/espace-pro\/#website"},"primaryImageOfPage":{"@id":"https:\/\/www.tourisme-valdemarne.com\/espace-pro\/et-si-le-tourisme-de-demain-se-jouait-dans-les-nouvelles-proximites\/#primaryimage"},"image":{"@id":"https:\/\/www.tourisme-valdemarne.com\/espace-pro\/et-si-le-tourisme-de-demain-se-jouait-dans-les-nouvelles-proximites\/#primaryimage"},"thumbnailUrl":"https:\/\/www.tourisme-valdemarne.com\/espace-pro\/wp-content\/uploads\/sites\/3\/2019\/06\/randonnee-velo-foret-notre-dame-cp-crt.jpg","datePublished":"2020-12-10T21:49:48+00:00","dateModified":"2024-02-12T10:45:24+00:00","description":"D\u00e9couvrez le communiqu\u00e9 de presse des pr\u00e9sidents de Seine-Saint-Denis Tourisme et de Val-de-Marne Tourisme et Loisirs, Dominique Dellac et Gilles Saint-Gal.","breadcrumb":{"@id":"https:\/\/www.tourisme-valdemarne.com\/espace-pro\/et-si-le-tourisme-de-demain-se-jouait-dans-les-nouvelles-proximites\/#breadcrumb"},"inLanguage":"fr-FR","potentialAction":[{"@type":"ReadAction","target":["https:\/\/www.tourisme-valdemarne.com\/espace-pro\/et-si-le-tourisme-de-demain-se-jouait-dans-les-nouvelles-proximites\/"]}]},{"@type":"ImageObject","inLanguage":"fr-FR","@id":"https:\/\/www.tourisme-valdemarne.com\/espace-pro\/et-si-le-tourisme-de-demain-se-jouait-dans-les-nouvelles-proximites\/#primaryimage","url":"https:\/\/www.tourisme-valdemarne.com\/espace-pro\/wp-content\/uploads\/sites\/3\/2019\/06\/randonnee-velo-foret-notre-dame-cp-crt.jpg","contentUrl":"https:\/\/www.tourisme-valdemarne.com\/espace-pro\/wp-content\/uploads\/sites\/3\/2019\/06\/randonnee-velo-foret-notre-dame-cp-crt.jpg","width":1600,"height":1068,"caption":"Randonn\u00e9e \u00e0 v\u00e9lo dans la for\u00eat Notre Dame \u00a9 CRT Paris Ile-de-France\/Amelie Laurin"},{"@type":"BreadcrumbList","@id":"https:\/\/www.tourisme-valdemarne.com\/espace-pro\/et-si-le-tourisme-de-demain-se-jouait-dans-les-nouvelles-proximites\/#breadcrumb","itemListElement":[{"@type":"ListItem","position":1,"name":"Accueil","item":"https:\/\/www.tourisme-valdemarne.com\/espace-pro\/"},{"@type":"ListItem","position":2,"name":"Et si le tourisme de demain se jouait dans les nouvelles proximit\u00e9s ?"}]},{"@type":"WebSite","@id":"https:\/\/www.tourisme-valdemarne.com\/espace-pro\/#website","url":"https:\/\/www.tourisme-valdemarne.com\/espace-pro\/","name":"Espace Pro","description":"Informations et outils pour les professionnels et la Presse","potentialAction":[{"@type":"SearchAction","target":{"@type":"EntryPoint","urlTemplate":"https:\/\/www.tourisme-valdemarne.com\/espace-pro\/?s={search_term_string}"},"query-input":{"@type":"PropertyValueSpecification","valueRequired":true,"valueName":"search_term_string"}}],"inLanguage":"fr-FR"}]}},"_links":{"self":[{"href":"https:\/\/www.tourisme-valdemarne.com\/espace-pro\/wp-json\/wp\/v2\/pages\/8278","targetHints":{"allow":["GET"]}}],"collection":[{"href":"https:\/\/www.tourisme-valdemarne.com\/espace-pro\/wp-json\/wp\/v2\/pages"}],"about":[{"href":"https:\/\/www.tourisme-valdemarne.com\/espace-pro\/wp-json\/wp\/v2\/types\/page"}],"author":[{"embeddable":true,"href":"https:\/\/www.tourisme-valdemarne.com\/espace-pro\/wp-json\/wp\/v2\/users\/1"}],"replies":[{"embeddable":true,"href":"https:\/\/www.tourisme-valdemarne.com\/espace-pro\/wp-json\/wp\/v2\/comments?post=8278"}],"version-history":[{"count":7,"href":"https:\/\/www.tourisme-valdemarne.com\/espace-pro\/wp-json\/wp\/v2\/pages\/8278\/revisions"}],"predecessor-version":[{"id":26308,"href":"https:\/\/www.tourisme-valdemarne.com\/espace-pro\/wp-json\/wp\/v2\/pages\/8278\/revisions\/26308"}],"wp:featuredmedia":[{"embeddable":true,"href":"https:\/\/www.tourisme-valdemarne.com\/espace-pro\/wp-json\/wp\/v2\/media\/3303"}],"wp:attachment":[{"href":"https:\/\/www.tourisme-valdemarne.com\/espace-pro\/wp-json\/wp\/v2\/media?parent=8278"}],"wp:term":[{"taxonomy":"vdmTagMarketing","embeddable":true,"href":"https:\/\/www.tourisme-valdemarne.com\/espace-pro\/wp-json\/wp\/v2\/vdmTagMarketing?post=8278"}],"curies":[{"name":"wp","href":"https:\/\/api.w.org\/{rel}","templated":true}]}}