{"id":8244,"date":"2020-12-10T22:38:31","date_gmt":"2020-12-10T21:38:31","guid":{"rendered":"https:\/\/www.tourisme-valdemarne.com\/espace-pro\/?page_id=8244"},"modified":"2023-06-01T16:32:10","modified_gmt":"2023-06-01T14:32:10","slug":"les-rencontres-explore-paris","status":"publish","type":"page","link":"https:\/\/www.tourisme-valdemarne.com\/espace-pro\/expertises-et-projets\/contrat-de-destination-explore-paris\/rencontre-explore-paris\/les-rencontres-explore-paris\/","title":{"rendered":"Les Rencontres Explore Paris 2019"},"content":{"rendered":"<p class=\"is-style-excerpt\">Mardi 24 septembre 2019, pr\u00e8s de 150 \u00e9lus et professionnels sont venus assister aux Rencontres Explore Paris. L\u2019occasion de pr\u00e9senter les nombreuses avanc\u00e9es et actions men\u00e9es depuis 4 ans dans le cadre du contrat de destination \u00ab Paris, la ville augment\u00e9e \u00bb.<\/p>\n<h2>Retour sur le programme de cette matin\u00e9e<\/h2>\n<h3>L\u2019ouverture ensemble<\/h3>\n<ul>\n<li>Ville de Paris : Jean-Fran\u00e7ois Martins, adjoint \u00e0 la Maire de Paris, en charge du tourisme, des sports et des Jeux Olympiques et Paralympiques et Pierre Schapira, pr\u00e9sident de l\u2019Office du Tourisme et des Congr\u00e8s de Paris<\/li>\n<li>Conseil D\u00e9partemental des Hauts-de-Seine : Aur\u00e9lie Taquillain, conseill\u00e8re d\u00e9partementale d\u00e9l\u00e9gu\u00e9e au Tourisme<\/li>\n<li>Val-de-Marne Tourisme &amp; Loisirs : Gilles Saint-Gal, pr\u00e9sident, vice-pr\u00e9sident du conseil d\u00e9partemental du Val-de-Marne en charge de l\u2019action sociale et du Tourisme<\/li>\n<li>Seine-Saint-Denis Tourisme : Dominique Dellac, pr\u00e9sidente, conseill\u00e8re d\u00e9partementale de Seine-Saint-Denis<\/li>\n<\/ul>\n<h3>Nouvelles demandes, nouvelles tendances \u2013 Un tourisme \u00e0 (re)penser ?<\/h3>\n<ul>\n<li>Laurent Queige, d\u00e9l\u00e9gu\u00e9 g\u00e9n\u00e9ral du Welcome City Lab<\/li>\n<\/ul>\n<h3>Explore Paris \u2013 Au c\u0153ur d\u2019une destination insolite, multiple, vivante<\/h3>\n<ul>\n<li>Olivier Me\u00efer, directeur de Seine-Saint-Denis Tourisme<\/li>\n<li>Rapha\u00eblle Gras, Anardana<\/li>\n<li>B\u00e9n\u00e9dicte Pilet, Fresh Street art Tour<\/li>\n<li>Elise Thiery, Office de Tourisme de Boulogne-Billancourt<\/li>\n<\/ul>\n<h3>D\u00e9j\u00e0, une dynamique nouvelle<\/h3>\n<ul>\n<li>Corinne Menegaux, directrice g\u00e9n\u00e9rale de l\u2019Office du Tourisme et des Congr\u00e8s de Paris<\/li>\n<li>Caroline Dupuy, responsable de l\u2019unit\u00e9 Marketing-Strat\u00e9gie-Innovation de la RATP<\/li>\n<li>Sophie Mandrillon, adjointe \u00e0 la directrice marketing d\u2019Atout France<\/li>\n<\/ul>\n<h3>Plus loin ensemble<\/h3>\n<ul>\n<li>J\u00e9r\u00e9my Vincent, charg\u00e9 de mission Contrats de destination, SP\u00f4TT, Montagne, Outre-Mer, Espaces prot\u00e9g\u00e9s, \u00e0 la DGE<\/li>\n<li>H\u00e9l\u00e8ne Sallet-Lavorel, directrice de Val-de-Marne Tourisme &amp; Loisirs<\/li>\n<\/ul>\n<h4>\u00c9couter l\u2019int\u00e9gralit\u00e9 de cette rencontre<\/h4>\n<p><iframe loading=\"lazy\" src=\"https:\/\/w.soundcloud.com\/player\/?url=https%3A\/\/api.soundcloud.com\/tracks\/686575075&amp;color=%23ff5500&amp;auto_play=false&amp;hide_related=false&amp;show_comments=true&amp;show_user=true&amp;show_reposts=false&amp;show_teaser=true\" width=\"100%\" height=\"166\" frameborder=\"no\" scrolling=\"no\"><\/iframe><\/p>\n<h4>T\u00e9l\u00e9charger la pr\u00e9sentation compl\u00e8te<\/h4>\n<div class=\"wp-block-button aligncenter is-style-download\"><a class=\"wp-block-button__link\" href=\"https:\/\/www.tourisme-valdemarne.com\/espace-pro\/wp-content\/uploads\/sites\/3\/2019\/09\/presentation-rencontres-ep-24-09-19-min.pdf\">T\u00e9l\u00e9chargez la pr\u00e9sentation compl\u00e8te<\/a><\/div>\n<h3>Les partenaires Explore Paris<\/h3>\n<figure class=\"wp-block-image alignwide\"><a href=\"https:\/\/www.tourisme-valdemarne.com\/espace-pro\/wp-content\/uploads\/sites\/3\/2019\/09\/logo-partenaires-ep.png\"><img class=\"wp-image-6699\" data-src=\"https:\/\/www.tourisme-valdemarne.com\/espace-pro\/wp-content\/uploads\/sites\/3\/2019\/09\/logo-partenaires-ep-1200x98.png\" sizes=\"(max-width: 1200px) 100vw, 1200px\" data-srcset=\"https:\/\/www.tourisme-valdemarne.com\/espace-pro\/wp-content\/uploads\/sites\/3\/2019\/09\/logo-partenaires-ep-1200x98.png 1200w, https:\/\/www.tourisme-valdemarne.com\/espace-pro\/wp-content\/uploads\/sites\/3\/2019\/09\/logo-partenaires-ep-600x49.png 600w, https:\/\/www.tourisme-valdemarne.com\/espace-pro\/wp-content\/uploads\/sites\/3\/2019\/09\/logo-partenaires-ep-900x73.png 900w, https:\/\/www.tourisme-valdemarne.com\/espace-pro\/wp-content\/uploads\/sites\/3\/2019\/09\/logo-partenaires-ep-380x31.png 380w, https:\/\/www.tourisme-valdemarne.com\/espace-pro\/wp-content\/uploads\/sites\/3\/2019\/09\/logo-partenaires-ep-200x16.png 200w, https:\/\/www.tourisme-valdemarne.com\/espace-pro\/wp-content\/uploads\/sites\/3\/2019\/09\/logo-partenaires-ep.png 1600w\" alt=\"\"><\/a><\/figure>\n","protected":false},"excerpt":{"rendered":"<p>Mardi 24 septembre 2019, pr\u00e8s de 150 \u00e9lus et professionnels sont venus assister aux Rencontres Explore Paris. L\u2019occasion de pr\u00e9senter les nombreuses avanc\u00e9es et actions men\u00e9es depuis 4 ans dans le cadre du contrat de destination \u00ab Paris, la ville augment\u00e9e \u00bb. Retour sur le programme de cette matin\u00e9e L\u2019ouverture ensemble Ville de Paris : [&hellip;]<\/p>\n","protected":false},"author":1,"featured_media":8290,"parent":12687,"menu_order":0,"comment_status":"closed","ping_status":"closed","template":"","meta":{"_relevanssi_hide_post":"","_relevanssi_hide_content":"","_relevanssi_pin_for_all":"","_relevanssi_pin_keywords":"","_relevanssi_unpin_keywords":"","_relevanssi_related_keywords":"","_relevanssi_related_include_ids":"","_relevanssi_related_exclude_ids":"","_relevanssi_related_no_append":"","_relevanssi_related_not_related":"","_relevanssi_related_posts":"442,2745,2741,2751,2749,2747","_relevanssi_noindex_reason":"","footnotes":""},"vdmTagMarketing":[],"class_list":["post-8244","page","type-page","status-publish","has-post-thumbnail","hentry"],"acf":[],"yoast_head":"<!-- This site is optimized with the Yoast SEO plugin v23.9 - https:\/\/yoast.com\/wordpress\/plugins\/seo\/ -->\n<title>Les Rencontres Explore Paris | Val-de-Marne Tourisme et loisirs<\/title>\n<meta name=\"description\" content=\"Mardi 24 septembre 2019, pr\u00e8s de 150 \u00e9lus et professionnels sont venus assister aux Rencontres Explore Paris.\" \/>\n<meta name=\"robots\" content=\"index, follow, max-snippet:-1, max-image-preview:large, max-video-preview:-1\" \/>\n<link rel=\"canonical\" href=\"https:\/\/www.tourisme-valdemarne.com\/espace-pro\/expertises-et-projets\/contrat-de-destination-explore-paris\/rencontre-explore-paris\/les-rencontres-explore-paris\/\" \/>\n<meta property=\"og:locale\" content=\"fr_FR\" \/>\n<meta property=\"og:type\" content=\"article\" \/>\n<meta property=\"og:title\" content=\"Les Rencontres Explore Paris | Val-de-Marne Tourisme et loisirs\" \/>\n<meta property=\"og:description\" content=\"Mardi 24 septembre 2019, pr\u00e8s de 150 \u00e9lus et professionnels sont venus assister aux Rencontres Explore Paris.\" \/>\n<meta property=\"og:url\" content=\"https:\/\/www.tourisme-valdemarne.com\/espace-pro\/expertises-et-projets\/contrat-de-destination-explore-paris\/rencontre-explore-paris\/les-rencontres-explore-paris\/\" \/>\n<meta property=\"og:site_name\" content=\"Espace Pro\" \/>\n<meta property=\"article:modified_time\" content=\"2023-06-01T14:32:10+00:00\" \/>\n<meta property=\"og:image\" content=\"https:\/\/www.tourisme-valdemarne.com\/espace-pro\/wp-content\/uploads\/sites\/3\/2020\/12\/img_20190924_093737.jpg\" \/>\n\t<meta property=\"og:image:width\" content=\"1600\" \/>\n\t<meta property=\"og:image:height\" content=\"900\" \/>\n\t<meta property=\"og:image:type\" content=\"image\/jpeg\" \/>\n<meta name=\"twitter:card\" content=\"summary_large_image\" \/>\n<meta name=\"twitter:label1\" content=\"Dur\u00e9e de lecture estim\u00e9e\" \/>\n\t<meta name=\"twitter:data1\" content=\"2 minutes\" \/>\n<script type=\"application\/ld+json\" class=\"yoast-schema-graph\">{\"@context\":\"https:\/\/schema.org\",\"@graph\":[{\"@type\":\"WebPage\",\"@id\":\"https:\/\/www.tourisme-valdemarne.com\/espace-pro\/expertises-et-projets\/contrat-de-destination-explore-paris\/rencontre-explore-paris\/les-rencontres-explore-paris\/\",\"url\":\"https:\/\/www.tourisme-valdemarne.com\/espace-pro\/expertises-et-projets\/contrat-de-destination-explore-paris\/rencontre-explore-paris\/les-rencontres-explore-paris\/\",\"name\":\"Les Rencontres Explore Paris | Val-de-Marne Tourisme et loisirs\",\"isPartOf\":{\"@id\":\"https:\/\/www.tourisme-valdemarne.com\/espace-pro\/#website\"},\"primaryImageOfPage\":{\"@id\":\"https:\/\/www.tourisme-valdemarne.com\/espace-pro\/expertises-et-projets\/contrat-de-destination-explore-paris\/rencontre-explore-paris\/les-rencontres-explore-paris\/#primaryimage\"},\"image\":{\"@id\":\"https:\/\/www.tourisme-valdemarne.com\/espace-pro\/expertises-et-projets\/contrat-de-destination-explore-paris\/rencontre-explore-paris\/les-rencontres-explore-paris\/#primaryimage\"},\"thumbnailUrl\":\"https:\/\/www.tourisme-valdemarne.com\/espace-pro\/wp-content\/uploads\/sites\/3\/2020\/12\/img_20190924_093737.jpg\",\"datePublished\":\"2020-12-10T21:38:31+00:00\",\"dateModified\":\"2023-06-01T14:32:10+00:00\",\"description\":\"Mardi 24 septembre 2019, pr\u00e8s de 150 \u00e9lus et professionnels sont venus assister aux Rencontres Explore Paris.\",\"breadcrumb\":{\"@id\":\"https:\/\/www.tourisme-valdemarne.com\/espace-pro\/expertises-et-projets\/contrat-de-destination-explore-paris\/rencontre-explore-paris\/les-rencontres-explore-paris\/#breadcrumb\"},\"inLanguage\":\"fr-FR\",\"potentialAction\":[{\"@type\":\"ReadAction\",\"target\":[\"https:\/\/www.tourisme-valdemarne.com\/espace-pro\/expertises-et-projets\/contrat-de-destination-explore-paris\/rencontre-explore-paris\/les-rencontres-explore-paris\/\"]}]},{\"@type\":\"ImageObject\",\"inLanguage\":\"fr-FR\",\"@id\":\"https:\/\/www.tourisme-valdemarne.com\/espace-pro\/expertises-et-projets\/contrat-de-destination-explore-paris\/rencontre-explore-paris\/les-rencontres-explore-paris\/#primaryimage\",\"url\":\"https:\/\/www.tourisme-valdemarne.com\/espace-pro\/wp-content\/uploads\/sites\/3\/2020\/12\/img_20190924_093737.jpg\",\"contentUrl\":\"https:\/\/www.tourisme-valdemarne.com\/espace-pro\/wp-content\/uploads\/sites\/3\/2020\/12\/img_20190924_093737.jpg\",\"width\":1600,\"height\":900,\"caption\":\"Les Rencontres Explore Paris\"},{\"@type\":\"BreadcrumbList\",\"@id\":\"https:\/\/www.tourisme-valdemarne.com\/espace-pro\/expertises-et-projets\/contrat-de-destination-explore-paris\/rencontre-explore-paris\/les-rencontres-explore-paris\/#breadcrumb\",\"itemListElement\":[{\"@type\":\"ListItem\",\"position\":1,\"name\":\"Accueil\",\"item\":\"https:\/\/www.tourisme-valdemarne.com\/espace-pro\/\"},{\"@type\":\"ListItem\",\"position\":2,\"name\":\"Expertises et projets\",\"item\":\"https:\/\/www.tourisme-valdemarne.com\/espace-pro\/expertises-et-projets\/\"},{\"@type\":\"ListItem\",\"position\":3,\"name\":\"Contrat de destination Explore Paris\",\"item\":\"https:\/\/www.tourisme-valdemarne.com\/espace-pro\/expertises-et-projets\/contrat-de-destination-explore-paris\/\"},{\"@type\":\"ListItem\",\"position\":4,\"name\":\"Les Rencontres Explore Paris\",\"item\":\"https:\/\/www.tourisme-valdemarne.com\/espace-pro\/expertises-et-projets\/contrat-de-destination-explore-paris\/rencontre-explore-paris\/\"},{\"@type\":\"ListItem\",\"position\":5,\"name\":\"Les Rencontres Explore Paris 2019\"}]},{\"@type\":\"WebSite\",\"@id\":\"https:\/\/www.tourisme-valdemarne.com\/espace-pro\/#website\",\"url\":\"https:\/\/www.tourisme-valdemarne.com\/espace-pro\/\",\"name\":\"Espace Pro\",\"description\":\"Informations et outils pour les professionnels et la Presse\",\"potentialAction\":[{\"@type\":\"SearchAction\",\"target\":{\"@type\":\"EntryPoint\",\"urlTemplate\":\"https:\/\/www.tourisme-valdemarne.com\/espace-pro\/?s={search_term_string}\"},\"query-input\":{\"@type\":\"PropertyValueSpecification\",\"valueRequired\":true,\"valueName\":\"search_term_string\"}}],\"inLanguage\":\"fr-FR\"}]}<\/script>\n<!-- \/ Yoast SEO plugin. -->","yoast_head_json":{"title":"Les Rencontres Explore Paris | Val-de-Marne Tourisme et loisirs","description":"Mardi 24 septembre 2019, pr\u00e8s de 150 \u00e9lus et professionnels sont venus assister aux Rencontres Explore Paris.","robots":{"index":"index","follow":"follow","max-snippet":"max-snippet:-1","max-image-preview":"max-image-preview:large","max-video-preview":"max-video-preview:-1"},"canonical":"https:\/\/www.tourisme-valdemarne.com\/espace-pro\/expertises-et-projets\/contrat-de-destination-explore-paris\/rencontre-explore-paris\/les-rencontres-explore-paris\/","og_locale":"fr_FR","og_type":"article","og_title":"Les Rencontres Explore Paris | Val-de-Marne Tourisme et loisirs","og_description":"Mardi 24 septembre 2019, pr\u00e8s de 150 \u00e9lus et professionnels sont venus assister aux Rencontres Explore Paris.","og_url":"https:\/\/www.tourisme-valdemarne.com\/espace-pro\/expertises-et-projets\/contrat-de-destination-explore-paris\/rencontre-explore-paris\/les-rencontres-explore-paris\/","og_site_name":"Espace Pro","article_modified_time":"2023-06-01T14:32:10+00:00","og_image":[{"width":1600,"height":900,"url":"https:\/\/www.tourisme-valdemarne.com\/espace-pro\/wp-content\/uploads\/sites\/3\/2020\/12\/img_20190924_093737.jpg","type":"image\/jpeg"}],"twitter_card":"summary_large_image","twitter_misc":{"Dur\u00e9e de lecture estim\u00e9e":"2 minutes"},"schema":{"@context":"https:\/\/schema.org","@graph":[{"@type":"WebPage","@id":"https:\/\/www.tourisme-valdemarne.com\/espace-pro\/expertises-et-projets\/contrat-de-destination-explore-paris\/rencontre-explore-paris\/les-rencontres-explore-paris\/","url":"https:\/\/www.tourisme-valdemarne.com\/espace-pro\/expertises-et-projets\/contrat-de-destination-explore-paris\/rencontre-explore-paris\/les-rencontres-explore-paris\/","name":"Les Rencontres Explore Paris | Val-de-Marne Tourisme et loisirs","isPartOf":{"@id":"https:\/\/www.tourisme-valdemarne.com\/espace-pro\/#website"},"primaryImageOfPage":{"@id":"https:\/\/www.tourisme-valdemarne.com\/espace-pro\/expertises-et-projets\/contrat-de-destination-explore-paris\/rencontre-explore-paris\/les-rencontres-explore-paris\/#primaryimage"},"image":{"@id":"https:\/\/www.tourisme-valdemarne.com\/espace-pro\/expertises-et-projets\/contrat-de-destination-explore-paris\/rencontre-explore-paris\/les-rencontres-explore-paris\/#primaryimage"},"thumbnailUrl":"https:\/\/www.tourisme-valdemarne.com\/espace-pro\/wp-content\/uploads\/sites\/3\/2020\/12\/img_20190924_093737.jpg","datePublished":"2020-12-10T21:38:31+00:00","dateModified":"2023-06-01T14:32:10+00:00","description":"Mardi 24 septembre 2019, pr\u00e8s de 150 \u00e9lus et professionnels sont venus assister aux Rencontres Explore Paris.","breadcrumb":{"@id":"https:\/\/www.tourisme-valdemarne.com\/espace-pro\/expertises-et-projets\/contrat-de-destination-explore-paris\/rencontre-explore-paris\/les-rencontres-explore-paris\/#breadcrumb"},"inLanguage":"fr-FR","potentialAction":[{"@type":"ReadAction","target":["https:\/\/www.tourisme-valdemarne.com\/espace-pro\/expertises-et-projets\/contrat-de-destination-explore-paris\/rencontre-explore-paris\/les-rencontres-explore-paris\/"]}]},{"@type":"ImageObject","inLanguage":"fr-FR","@id":"https:\/\/www.tourisme-valdemarne.com\/espace-pro\/expertises-et-projets\/contrat-de-destination-explore-paris\/rencontre-explore-paris\/les-rencontres-explore-paris\/#primaryimage","url":"https:\/\/www.tourisme-valdemarne.com\/espace-pro\/wp-content\/uploads\/sites\/3\/2020\/12\/img_20190924_093737.jpg","contentUrl":"https:\/\/www.tourisme-valdemarne.com\/espace-pro\/wp-content\/uploads\/sites\/3\/2020\/12\/img_20190924_093737.jpg","width":1600,"height":900,"caption":"Les Rencontres Explore Paris"},{"@type":"BreadcrumbList","@id":"https:\/\/www.tourisme-valdemarne.com\/espace-pro\/expertises-et-projets\/contrat-de-destination-explore-paris\/rencontre-explore-paris\/les-rencontres-explore-paris\/#breadcrumb","itemListElement":[{"@type":"ListItem","position":1,"name":"Accueil","item":"https:\/\/www.tourisme-valdemarne.com\/espace-pro\/"},{"@type":"ListItem","position":2,"name":"Expertises et projets","item":"https:\/\/www.tourisme-valdemarne.com\/espace-pro\/expertises-et-projets\/"},{"@type":"ListItem","position":3,"name":"Contrat de destination Explore Paris","item":"https:\/\/www.tourisme-valdemarne.com\/espace-pro\/expertises-et-projets\/contrat-de-destination-explore-paris\/"},{"@type":"ListItem","position":4,"name":"Les Rencontres Explore Paris","item":"https:\/\/www.tourisme-valdemarne.com\/espace-pro\/expertises-et-projets\/contrat-de-destination-explore-paris\/rencontre-explore-paris\/"},{"@type":"ListItem","position":5,"name":"Les Rencontres Explore Paris 2019"}]},{"@type":"WebSite","@id":"https:\/\/www.tourisme-valdemarne.com\/espace-pro\/#website","url":"https:\/\/www.tourisme-valdemarne.com\/espace-pro\/","name":"Espace Pro","description":"Informations et outils pour les professionnels et la Presse","potentialAction":[{"@type":"SearchAction","target":{"@type":"EntryPoint","urlTemplate":"https:\/\/www.tourisme-valdemarne.com\/espace-pro\/?s={search_term_string}"},"query-input":{"@type":"PropertyValueSpecification","valueRequired":true,"valueName":"search_term_string"}}],"inLanguage":"fr-FR"}]}},"_links":{"self":[{"href":"https:\/\/www.tourisme-valdemarne.com\/espace-pro\/wp-json\/wp\/v2\/pages\/8244","targetHints":{"allow":["GET"]}}],"collection":[{"href":"https:\/\/www.tourisme-valdemarne.com\/espace-pro\/wp-json\/wp\/v2\/pages"}],"about":[{"href":"https:\/\/www.tourisme-valdemarne.com\/espace-pro\/wp-json\/wp\/v2\/types\/page"}],"author":[{"embeddable":true,"href":"https:\/\/www.tourisme-valdemarne.com\/espace-pro\/wp-json\/wp\/v2\/users\/1"}],"replies":[{"embeddable":true,"href":"https:\/\/www.tourisme-valdemarne.com\/espace-pro\/wp-json\/wp\/v2\/comments?post=8244"}],"version-history":[{"count":7,"href":"https:\/\/www.tourisme-valdemarne.com\/espace-pro\/wp-json\/wp\/v2\/pages\/8244\/revisions"}],"predecessor-version":[{"id":12686,"href":"https:\/\/www.tourisme-valdemarne.com\/espace-pro\/wp-json\/wp\/v2\/pages\/8244\/revisions\/12686"}],"up":[{"embeddable":true,"href":"https:\/\/www.tourisme-valdemarne.com\/espace-pro\/wp-json\/wp\/v2\/pages\/12687"}],"wp:featuredmedia":[{"embeddable":true,"href":"https:\/\/www.tourisme-valdemarne.com\/espace-pro\/wp-json\/wp\/v2\/media\/8290"}],"wp:attachment":[{"href":"https:\/\/www.tourisme-valdemarne.com\/espace-pro\/wp-json\/wp\/v2\/media?parent=8244"}],"wp:term":[{"taxonomy":"vdmTagMarketing","embeddable":true,"href":"https:\/\/www.tourisme-valdemarne.com\/espace-pro\/wp-json\/wp\/v2\/vdmTagMarketing?post=8244"}],"curies":[{"name":"wp","href":"https:\/\/api.w.org\/{rel}","templated":true}]}}