{"id":8241,"date":"2020-12-10T22:37:39","date_gmt":"2020-12-10T21:37:39","guid":{"rendered":"https:\/\/www.tourisme-valdemarne.com\/espace-pro\/appel-a-projets-de-l%e2%80%99etat-pour-le-tourisme-culturel"},"modified":"2022-03-24T09:56:11","modified_gmt":"2022-03-24T08:56:11","slug":"appel-a-projets-de-letat-pour-le-tourisme-culturel","status":"publish","type":"page","link":"https:\/\/www.tourisme-valdemarne.com\/espace-pro\/actualites\/archives-des-actualites\/appel-a-projets-de-letat-pour-le-tourisme-culturel\/","title":{"rendered":"Appel \u00e0 projets de l\u2019\u00c9tat pour le tourisme culturel"},"content":{"rendered":"\n<p class=\"is-style-excerpt\">Vous avez jusqu\u2019au 3 mai 2020 pour candidater \u00e0 l\u2019appel \u00e0 projets de l\u2019\u00c9tat pour soutenir le tourisme culturel.<\/p>\n\n\n\n<p>D\u00e9couvrez l\u2019int\u00e9gralit\u00e9 des informations concernant l\u2019<strong>appel \u00e0 projets de l\u2019\u00c9tat visant \u00e0 renforcer et valoriser le tourisme culturel<\/strong>.<\/p>\n\n\n\n<div class=\"wp-block-button aligncenter\"><a class=\"wp-block-button__link\" href=\"https:\/\/www.tourisme-valdemarne.com\/espace-pro\/wp-content\/uploads\/sites\/3\/2020\/04\/appel-a-proposition-tourisme-culturel-2020.pdf\">Lire l&rsquo;appel \u00e0 projets de l&rsquo;\u00e9tat<\/a><\/div>\n","protected":false},"excerpt":{"rendered":"<p>Vous avez jusqu\u2019au 3 mai 2020 pour candidater \u00e0 l\u2019appel \u00e0 projets de l\u2019\u00c9tat pour soutenir le tourisme culturel. D\u00e9couvrez l\u2019int\u00e9gralit\u00e9 des informations concernant l\u2019appel \u00e0 projets de l\u2019\u00c9tat visant \u00e0 renforcer et valoriser le tourisme culturel.<\/p>\n","protected":false},"author":1,"featured_media":6113,"parent":9250,"menu_order":196,"comment_status":"closed","ping_status":"closed","template":"","meta":{"_relevanssi_hide_post":"","_relevanssi_hide_content":"","_relevanssi_pin_for_all":"","_relevanssi_pin_keywords":"","_relevanssi_unpin_keywords":"","_relevanssi_related_keywords":"","_relevanssi_related_include_ids":"","_relevanssi_related_exclude_ids":"","_relevanssi_related_no_append":"","_relevanssi_related_not_related":"","_relevanssi_related_posts":"","_relevanssi_noindex_reason":"","footnotes":""},"vdmTagMarketing":[],"class_list":["post-8241","page","type-page","status-publish","has-post-thumbnail","hentry"],"acf":[],"yoast_head":"<!-- This site is optimized with the Yoast SEO plugin v23.9 - https:\/\/yoast.com\/wordpress\/plugins\/seo\/ -->\n<title>Appel \u00e0 projets de l\u2019\u00c9tat pour le tourisme culturel - Espace Pro<\/title>\n<meta name=\"description\" content=\"D\u00e9couvrez l&#039;int\u00e9gralit\u00e9 des informations concernant l&#039;appel \u00e0 projets de l&#039;\u00c9tat visant \u00e0 renforcer et valoriser le tourisme culturel.\" \/>\n<meta name=\"robots\" content=\"index, follow, max-snippet:-1, max-image-preview:large, max-video-preview:-1\" \/>\n<link rel=\"canonical\" href=\"https:\/\/www.tourisme-valdemarne.com\/espace-pro\/actualites\/archives-des-actualites\/appel-a-projets-de-letat-pour-le-tourisme-culturel\/\" \/>\n<meta property=\"og:locale\" content=\"fr_FR\" \/>\n<meta property=\"og:type\" content=\"article\" \/>\n<meta property=\"og:title\" content=\"Appel \u00e0 projets de l\u2019\u00c9tat pour le tourisme culturel - Espace Pro\" \/>\n<meta property=\"og:description\" content=\"D\u00e9couvrez l&#039;int\u00e9gralit\u00e9 des informations concernant l&#039;appel \u00e0 projets de l&#039;\u00c9tat visant \u00e0 renforcer et valoriser le tourisme culturel.\" \/>\n<meta property=\"og:url\" content=\"https:\/\/www.tourisme-valdemarne.com\/espace-pro\/actualites\/archives-des-actualites\/appel-a-projets-de-letat-pour-le-tourisme-culturel\/\" \/>\n<meta property=\"og:site_name\" content=\"Espace Pro\" \/>\n<meta property=\"article:modified_time\" content=\"2022-03-24T08:56:11+00:00\" \/>\n<meta property=\"og:image\" content=\"https:\/\/www.tourisme-valdemarne.com\/espace-pro\/wp-content\/uploads\/sites\/3\/wpetourisme\/bras-Chapitre-01.jpg\" \/>\n\t<meta property=\"og:image:width\" content=\"2000\" \/>\n\t<meta property=\"og:image:height\" content=\"1339\" \/>\n\t<meta property=\"og:image:type\" content=\"image\/jpeg\" \/>\n<meta name=\"twitter:card\" content=\"summary_large_image\" \/>\n<script type=\"application\/ld+json\" class=\"yoast-schema-graph\">{\"@context\":\"https:\/\/schema.org\",\"@graph\":[{\"@type\":\"WebPage\",\"@id\":\"https:\/\/www.tourisme-valdemarne.com\/espace-pro\/actualites\/archives-des-actualites\/appel-a-projets-de-letat-pour-le-tourisme-culturel\/\",\"url\":\"https:\/\/www.tourisme-valdemarne.com\/espace-pro\/actualites\/archives-des-actualites\/appel-a-projets-de-letat-pour-le-tourisme-culturel\/\",\"name\":\"Appel \u00e0 projets de l\u2019\u00c9tat pour le tourisme culturel - Espace Pro\",\"isPartOf\":{\"@id\":\"https:\/\/www.tourisme-valdemarne.com\/espace-pro\/#website\"},\"primaryImageOfPage\":{\"@id\":\"https:\/\/www.tourisme-valdemarne.com\/espace-pro\/actualites\/archives-des-actualites\/appel-a-projets-de-letat-pour-le-tourisme-culturel\/#primaryimage\"},\"image\":{\"@id\":\"https:\/\/www.tourisme-valdemarne.com\/espace-pro\/actualites\/archives-des-actualites\/appel-a-projets-de-letat-pour-le-tourisme-culturel\/#primaryimage\"},\"thumbnailUrl\":\"https:\/\/www.tourisme-valdemarne.com\/espace-pro\/wp-content\/uploads\/sites\/3\/wpetourisme\/bras-Chapitre-01.jpg\",\"datePublished\":\"2020-12-10T21:37:39+00:00\",\"dateModified\":\"2022-03-24T08:56:11+00:00\",\"description\":\"D\u00e9couvrez l'int\u00e9gralit\u00e9 des informations concernant l'appel \u00e0 projets de l'\u00c9tat visant \u00e0 renforcer et valoriser le tourisme culturel.\",\"breadcrumb\":{\"@id\":\"https:\/\/www.tourisme-valdemarne.com\/espace-pro\/actualites\/archives-des-actualites\/appel-a-projets-de-letat-pour-le-tourisme-culturel\/#breadcrumb\"},\"inLanguage\":\"fr-FR\",\"potentialAction\":[{\"@type\":\"ReadAction\",\"target\":[\"https:\/\/www.tourisme-valdemarne.com\/espace-pro\/actualites\/archives-des-actualites\/appel-a-projets-de-letat-pour-le-tourisme-culturel\/\"]}]},{\"@type\":\"ImageObject\",\"inLanguage\":\"fr-FR\",\"@id\":\"https:\/\/www.tourisme-valdemarne.com\/espace-pro\/actualites\/archives-des-actualites\/appel-a-projets-de-letat-pour-le-tourisme-culturel\/#primaryimage\",\"url\":\"https:\/\/www.tourisme-valdemarne.com\/espace-pro\/wp-content\/uploads\/sites\/3\/wpetourisme\/bras-Chapitre-01.jpg\",\"contentUrl\":\"https:\/\/www.tourisme-valdemarne.com\/espace-pro\/wp-content\/uploads\/sites\/3\/wpetourisme\/bras-Chapitre-01.jpg\",\"width\":2000,\"height\":1339},{\"@type\":\"BreadcrumbList\",\"@id\":\"https:\/\/www.tourisme-valdemarne.com\/espace-pro\/actualites\/archives-des-actualites\/appel-a-projets-de-letat-pour-le-tourisme-culturel\/#breadcrumb\",\"itemListElement\":[{\"@type\":\"ListItem\",\"position\":1,\"name\":\"Accueil\",\"item\":\"https:\/\/www.tourisme-valdemarne.com\/espace-pro\/\"},{\"@type\":\"ListItem\",\"position\":2,\"name\":\"Actualit\u00e9s de l&rsquo;espace pro\",\"item\":\"https:\/\/www.tourisme-valdemarne.com\/espace-pro\/actualites\/\"},{\"@type\":\"ListItem\",\"position\":3,\"name\":\"Archives des actualit\u00e9s\",\"item\":\"https:\/\/www.tourisme-valdemarne.com\/espace-pro\/actualites\/archives-des-actualites\/\"},{\"@type\":\"ListItem\",\"position\":4,\"name\":\"Appel \u00e0 projets de l\u2019\u00c9tat pour le tourisme culturel\"}]},{\"@type\":\"WebSite\",\"@id\":\"https:\/\/www.tourisme-valdemarne.com\/espace-pro\/#website\",\"url\":\"https:\/\/www.tourisme-valdemarne.com\/espace-pro\/\",\"name\":\"Espace Pro\",\"description\":\"Informations et outils pour les professionnels et la Presse\",\"potentialAction\":[{\"@type\":\"SearchAction\",\"target\":{\"@type\":\"EntryPoint\",\"urlTemplate\":\"https:\/\/www.tourisme-valdemarne.com\/espace-pro\/?s={search_term_string}\"},\"query-input\":{\"@type\":\"PropertyValueSpecification\",\"valueRequired\":true,\"valueName\":\"search_term_string\"}}],\"inLanguage\":\"fr-FR\"}]}<\/script>\n<!-- \/ Yoast SEO plugin. -->","yoast_head_json":{"title":"Appel \u00e0 projets de l\u2019\u00c9tat pour le tourisme culturel - Espace Pro","description":"D\u00e9couvrez l'int\u00e9gralit\u00e9 des informations concernant l'appel \u00e0 projets de l'\u00c9tat visant \u00e0 renforcer et valoriser le tourisme culturel.","robots":{"index":"index","follow":"follow","max-snippet":"max-snippet:-1","max-image-preview":"max-image-preview:large","max-video-preview":"max-video-preview:-1"},"canonical":"https:\/\/www.tourisme-valdemarne.com\/espace-pro\/actualites\/archives-des-actualites\/appel-a-projets-de-letat-pour-le-tourisme-culturel\/","og_locale":"fr_FR","og_type":"article","og_title":"Appel \u00e0 projets de l\u2019\u00c9tat pour le tourisme culturel - Espace Pro","og_description":"D\u00e9couvrez l'int\u00e9gralit\u00e9 des informations concernant l'appel \u00e0 projets de l'\u00c9tat visant \u00e0 renforcer et valoriser le tourisme culturel.","og_url":"https:\/\/www.tourisme-valdemarne.com\/espace-pro\/actualites\/archives-des-actualites\/appel-a-projets-de-letat-pour-le-tourisme-culturel\/","og_site_name":"Espace Pro","article_modified_time":"2022-03-24T08:56:11+00:00","og_image":[{"width":2000,"height":1339,"url":"https:\/\/www.tourisme-valdemarne.com\/espace-pro\/wp-content\/uploads\/sites\/3\/wpetourisme\/bras-Chapitre-01.jpg","type":"image\/jpeg"}],"twitter_card":"summary_large_image","schema":{"@context":"https:\/\/schema.org","@graph":[{"@type":"WebPage","@id":"https:\/\/www.tourisme-valdemarne.com\/espace-pro\/actualites\/archives-des-actualites\/appel-a-projets-de-letat-pour-le-tourisme-culturel\/","url":"https:\/\/www.tourisme-valdemarne.com\/espace-pro\/actualites\/archives-des-actualites\/appel-a-projets-de-letat-pour-le-tourisme-culturel\/","name":"Appel \u00e0 projets de l\u2019\u00c9tat pour le tourisme culturel - Espace Pro","isPartOf":{"@id":"https:\/\/www.tourisme-valdemarne.com\/espace-pro\/#website"},"primaryImageOfPage":{"@id":"https:\/\/www.tourisme-valdemarne.com\/espace-pro\/actualites\/archives-des-actualites\/appel-a-projets-de-letat-pour-le-tourisme-culturel\/#primaryimage"},"image":{"@id":"https:\/\/www.tourisme-valdemarne.com\/espace-pro\/actualites\/archives-des-actualites\/appel-a-projets-de-letat-pour-le-tourisme-culturel\/#primaryimage"},"thumbnailUrl":"https:\/\/www.tourisme-valdemarne.com\/espace-pro\/wp-content\/uploads\/sites\/3\/wpetourisme\/bras-Chapitre-01.jpg","datePublished":"2020-12-10T21:37:39+00:00","dateModified":"2022-03-24T08:56:11+00:00","description":"D\u00e9couvrez l'int\u00e9gralit\u00e9 des informations concernant l'appel \u00e0 projets de l'\u00c9tat visant \u00e0 renforcer et valoriser le tourisme culturel.","breadcrumb":{"@id":"https:\/\/www.tourisme-valdemarne.com\/espace-pro\/actualites\/archives-des-actualites\/appel-a-projets-de-letat-pour-le-tourisme-culturel\/#breadcrumb"},"inLanguage":"fr-FR","potentialAction":[{"@type":"ReadAction","target":["https:\/\/www.tourisme-valdemarne.com\/espace-pro\/actualites\/archives-des-actualites\/appel-a-projets-de-letat-pour-le-tourisme-culturel\/"]}]},{"@type":"ImageObject","inLanguage":"fr-FR","@id":"https:\/\/www.tourisme-valdemarne.com\/espace-pro\/actualites\/archives-des-actualites\/appel-a-projets-de-letat-pour-le-tourisme-culturel\/#primaryimage","url":"https:\/\/www.tourisme-valdemarne.com\/espace-pro\/wp-content\/uploads\/sites\/3\/wpetourisme\/bras-Chapitre-01.jpg","contentUrl":"https:\/\/www.tourisme-valdemarne.com\/espace-pro\/wp-content\/uploads\/sites\/3\/wpetourisme\/bras-Chapitre-01.jpg","width":2000,"height":1339},{"@type":"BreadcrumbList","@id":"https:\/\/www.tourisme-valdemarne.com\/espace-pro\/actualites\/archives-des-actualites\/appel-a-projets-de-letat-pour-le-tourisme-culturel\/#breadcrumb","itemListElement":[{"@type":"ListItem","position":1,"name":"Accueil","item":"https:\/\/www.tourisme-valdemarne.com\/espace-pro\/"},{"@type":"ListItem","position":2,"name":"Actualit\u00e9s de l&rsquo;espace pro","item":"https:\/\/www.tourisme-valdemarne.com\/espace-pro\/actualites\/"},{"@type":"ListItem","position":3,"name":"Archives des actualit\u00e9s","item":"https:\/\/www.tourisme-valdemarne.com\/espace-pro\/actualites\/archives-des-actualites\/"},{"@type":"ListItem","position":4,"name":"Appel \u00e0 projets de l\u2019\u00c9tat pour le tourisme culturel"}]},{"@type":"WebSite","@id":"https:\/\/www.tourisme-valdemarne.com\/espace-pro\/#website","url":"https:\/\/www.tourisme-valdemarne.com\/espace-pro\/","name":"Espace Pro","description":"Informations et outils pour les professionnels et la Presse","potentialAction":[{"@type":"SearchAction","target":{"@type":"EntryPoint","urlTemplate":"https:\/\/www.tourisme-valdemarne.com\/espace-pro\/?s={search_term_string}"},"query-input":{"@type":"PropertyValueSpecification","valueRequired":true,"valueName":"search_term_string"}}],"inLanguage":"fr-FR"}]}},"_links":{"self":[{"href":"https:\/\/www.tourisme-valdemarne.com\/espace-pro\/wp-json\/wp\/v2\/pages\/8241","targetHints":{"allow":["GET"]}}],"collection":[{"href":"https:\/\/www.tourisme-valdemarne.com\/espace-pro\/wp-json\/wp\/v2\/pages"}],"about":[{"href":"https:\/\/www.tourisme-valdemarne.com\/espace-pro\/wp-json\/wp\/v2\/types\/page"}],"author":[{"embeddable":true,"href":"https:\/\/www.tourisme-valdemarne.com\/espace-pro\/wp-json\/wp\/v2\/users\/1"}],"replies":[{"embeddable":true,"href":"https:\/\/www.tourisme-valdemarne.com\/espace-pro\/wp-json\/wp\/v2\/comments?post=8241"}],"version-history":[{"count":7,"href":"https:\/\/www.tourisme-valdemarne.com\/espace-pro\/wp-json\/wp\/v2\/pages\/8241\/revisions"}],"predecessor-version":[{"id":8262,"href":"https:\/\/www.tourisme-valdemarne.com\/espace-pro\/wp-json\/wp\/v2\/pages\/8241\/revisions\/8262"}],"up":[{"embeddable":true,"href":"https:\/\/www.tourisme-valdemarne.com\/espace-pro\/wp-json\/wp\/v2\/pages\/9250"}],"wp:featuredmedia":[{"embeddable":true,"href":"https:\/\/www.tourisme-valdemarne.com\/espace-pro\/wp-json\/wp\/v2\/media\/6113"}],"wp:attachment":[{"href":"https:\/\/www.tourisme-valdemarne.com\/espace-pro\/wp-json\/wp\/v2\/media?parent=8241"}],"wp:term":[{"taxonomy":"vdmTagMarketing","embeddable":true,"href":"https:\/\/www.tourisme-valdemarne.com\/espace-pro\/wp-json\/wp\/v2\/vdmTagMarketing?post=8241"}],"curies":[{"name":"wp","href":"https:\/\/api.w.org\/{rel}","templated":true}]}}