{"id":8208,"date":"2020-12-10T22:34:01","date_gmt":"2020-12-10T21:34:01","guid":{"rendered":"https:\/\/www.tourisme-valdemarne.com\/espace-pro\/les-professionnels-temoignent-de-20-ans-d%e2%80%99actions-avec-val-de-marne-tourisme"},"modified":"2020-12-14T16:50:58","modified_gmt":"2020-12-14T15:50:58","slug":"les-professionnels-temoignent-de-20-ans-dactions-avec-val-de-marne-tourisme","status":"publish","type":"page","link":"https:\/\/www.tourisme-valdemarne.com\/espace-pro\/qui-sommes-nous\/20-ans-ca-se-fete\/les-professionnels-temoignent-de-20-ans-dactions-avec-val-de-marne-tourisme\/","title":{"rendered":"Les professionnels t\u00e9moignent de 20 ans d\u2019actions avec Val-de-Marne Tourisme"},"content":{"rendered":"\n<p class=\"is-style-excerpt\">Les professionnels du tourisme en \nVal-de-Marne t\u00e9moignent de 20 ans d\u2019actions et de partenariats avec \nVal-de-Marne Tourisme &amp; Loisirs \u00e0 l\u2019occasion de la soir\u00e9e \nd\u2019anniversaire organis\u00e9e \u00e0 la Briqueterie le 10 octobre 2019.<\/p>\n\n\n\n<figure class=\"wp-block-image\"><img data-src=\"https:\/\/www.tourisme-valdemarne.com\/espace-pro\/wp-content\/uploads\/sites\/3\/2019\/10\/logo-20-ans-fond-468x600.jpg\" alt=\"Logo 20 ans CDT\" class=\"wp-image-6888\"\/><\/figure>\n\n\n\n<p>Lors de la soir\u00e9e des 20 ans du Comit\u00e9 D\u00e9partemental du Tourisme du \nVal-de-Marne, plusieurs professionnels ont pu s\u2019exprimer sur leur \ncollaboration avec le CDT :<\/p>\n\n\n\n<ul class=\"wp-block-list\"><li><strong>Jean-Philippe Trigla<\/strong> \u2013 Pr\u00e9sident de Vitry\u2019N Urbaine<\/li><li><strong>Fadhel Martini<\/strong> \u2013 Directeur de l\u2019association Au Fil de l\u2019Eau<\/li><li><strong>Antoine Gengembre<\/strong> \u2013 Directeur de Playmobil FunPark<\/li><li><strong>Brigitte Tironneau<\/strong> \u2013 Maire adjoint de la ville de Fresnes<\/li><li><strong>Thierry Petetin<\/strong> \u2013 Directeur de l\u2019Espace Jean Monnet<\/li><li><strong>Jean-Claude Kennedy<\/strong> \u2013 Maire de Vitry-sur-Seine<\/li><li><strong>Gilles Saint-Gal<\/strong> \u2013 Pr\u00e9sident de Val-de-Marne Tourisme &amp; Loisirs<\/li><li><strong>Christian Favier<\/strong> \u2013 Pr\u00e9sident du Conseil D\u00e9partemental du Val-de-Marne<\/li><li><strong>Claudine Lauzi\u00e8re<\/strong> \u2013 Directrice de l\u2019Office de tourisme de Fontenay-sous-Bois<\/li><li><strong>Eric Fuchs<\/strong> \u2013 Directeur de l\u2019agence Seine-Amont \u2013 HAROPA Ports de Paris<\/li><li><strong>Christophe Walazyc<\/strong> \u2013 R\u00e9gisseur du Domaine de Grosbois \u2013 SECF<\/li><li><strong>Claudine Debenais<\/strong> \u2013 Directrice du Comfort Hotel Paris Porte d\u2019Ivry<\/li><li><strong>Christophe Arietano<\/strong> \u2013 Pr\u00e9sident du Club H\u00f4telier Rungis-Orly Val-de-Marne<\/li><\/ul>\n\n\n\n<p class=\"is-style-highlight\">Retrouvez les <a href=\"https:\/\/www.tourisme-valdemarne.com\/espace-pro\/category\/interviews\/\">interviews individuelles<\/a> des diff\u00e9rents partenaires du CDT 94.<\/p>\n\n\n\n<p>Retrouvez leurs t\u00e9moignages dans la vid\u00e9o des 20 ans ci-dessous :<\/p>\n\n\n\n<figure class=\"wp-block-embed-youtube wp-block-embed is-type-video is-provider-youtube wp-embed-aspect-16-9 wp-has-aspect-ratio\"><div class=\"wp-block-embed__wrapper\">\n<iframe loading=\"lazy\" title=\"Les professionnels t\u00e9moignent de 20 ans d&#039;actions avec Val-de-Marne Tourisme &amp; Loisirs\" width=\"500\" height=\"281\" src=\"https:\/\/www.youtube.com\/embed\/NAoAXYx9meE?feature=oembed\" frameborder=\"0\" allow=\"accelerometer; autoplay; clipboard-write; encrypted-media; gyroscope; picture-in-picture; web-share\" referrerpolicy=\"strict-origin-when-cross-origin\" allowfullscreen><\/iframe>\n<\/div><\/figure>\n\n\n\n<p class=\"is-style-highlight\">Retrouvez le <a href=\"https:\/\/www.tourisme-valdemarne.com\/espace-pro\/qui-sommes-nous\/20-ans-ca-se-fete\/\">programme complet de cette apr\u00e8s-midi de visites et de la soir\u00e9e des 20 ans<\/a> du CDT94.<\/p>\n","protected":false},"excerpt":{"rendered":"<p>Les professionnels du tourisme en Val-de-Marne t\u00e9moignent de 20 ans d\u2019actions et de partenariats avec Val-de-Marne Tourisme &amp; Loisirs \u00e0 l\u2019occasion de la soir\u00e9e d\u2019anniversaire organis\u00e9e \u00e0 la Briqueterie le 10 octobre 2019. Lors de la soir\u00e9e des 20 ans du Comit\u00e9 D\u00e9partemental du Tourisme du Val-de-Marne, plusieurs professionnels ont pu s\u2019exprimer sur leur collaboration [&hellip;]<\/p>\n","protected":false},"author":1,"featured_media":8165,"parent":8162,"menu_order":0,"comment_status":"closed","ping_status":"closed","template":"","meta":{"_relevanssi_hide_post":"","_relevanssi_hide_content":"","_relevanssi_pin_for_all":"","_relevanssi_pin_keywords":"","_relevanssi_unpin_keywords":"","_relevanssi_related_keywords":"","_relevanssi_related_include_ids":"","_relevanssi_related_exclude_ids":"","_relevanssi_related_no_append":"","_relevanssi_related_not_related":"","_relevanssi_related_posts":"2749,444,2741,442,8084,2751","_relevanssi_noindex_reason":"","footnotes":""},"vdmTagMarketing":[],"class_list":["post-8208","page","type-page","status-publish","has-post-thumbnail","hentry"],"acf":[],"yoast_head":"<!-- This site is optimized with the Yoast SEO plugin v23.9 - https:\/\/yoast.com\/wordpress\/plugins\/seo\/ -->\n<title>Les professionnels t\u00e9moignent de 20 ans d\u2019actions avec Val-de-Marne Tourisme - Espace Pro<\/title>\n<meta name=\"robots\" content=\"index, follow, max-snippet:-1, max-image-preview:large, max-video-preview:-1\" \/>\n<link rel=\"canonical\" href=\"https:\/\/www.tourisme-valdemarne.com\/espace-pro\/qui-sommes-nous\/20-ans-ca-se-fete\/les-professionnels-temoignent-de-20-ans-dactions-avec-val-de-marne-tourisme\/\" \/>\n<meta property=\"og:locale\" content=\"fr_FR\" \/>\n<meta property=\"og:type\" content=\"article\" \/>\n<meta property=\"og:title\" content=\"Les professionnels t\u00e9moignent de 20 ans d\u2019actions avec Val-de-Marne Tourisme - Espace Pro\" \/>\n<meta property=\"og:description\" content=\"Les professionnels du tourisme en Val-de-Marne t\u00e9moignent de 20 ans d\u2019actions et de partenariats avec Val-de-Marne Tourisme &amp; Loisirs \u00e0 l\u2019occasion de la soir\u00e9e d\u2019anniversaire organis\u00e9e \u00e0 la Briqueterie le 10 octobre 2019. Lors de la soir\u00e9e des 20 ans du Comit\u00e9 D\u00e9partemental du Tourisme du Val-de-Marne, plusieurs professionnels ont pu s\u2019exprimer sur leur collaboration [&hellip;]\" \/>\n<meta property=\"og:url\" content=\"https:\/\/www.tourisme-valdemarne.com\/espace-pro\/qui-sommes-nous\/20-ans-ca-se-fete\/les-professionnels-temoignent-de-20-ans-dactions-avec-val-de-marne-tourisme\/\" \/>\n<meta property=\"og:site_name\" content=\"Espace Pro\" \/>\n<meta property=\"article:modified_time\" content=\"2020-12-14T15:50:58+00:00\" \/>\n<meta property=\"og:image\" content=\"https:\/\/www.tourisme-valdemarne.com\/espace-pro\/wp-content\/uploads\/sites\/3\/2020\/12\/logo-20-ans-fond.jpg\" \/>\n\t<meta property=\"og:image:width\" content=\"842\" \/>\n\t<meta property=\"og:image:height\" content=\"1079\" \/>\n\t<meta property=\"og:image:type\" content=\"image\/jpeg\" \/>\n<meta name=\"twitter:card\" content=\"summary_large_image\" \/>\n<meta name=\"twitter:label1\" content=\"Dur\u00e9e de lecture estim\u00e9e\" \/>\n\t<meta name=\"twitter:data1\" content=\"1 minute\" \/>\n<script type=\"application\/ld+json\" class=\"yoast-schema-graph\">{\"@context\":\"https:\/\/schema.org\",\"@graph\":[{\"@type\":\"WebPage\",\"@id\":\"https:\/\/www.tourisme-valdemarne.com\/espace-pro\/qui-sommes-nous\/20-ans-ca-se-fete\/les-professionnels-temoignent-de-20-ans-dactions-avec-val-de-marne-tourisme\/\",\"url\":\"https:\/\/www.tourisme-valdemarne.com\/espace-pro\/qui-sommes-nous\/20-ans-ca-se-fete\/les-professionnels-temoignent-de-20-ans-dactions-avec-val-de-marne-tourisme\/\",\"name\":\"Les professionnels t\u00e9moignent de 20 ans d\u2019actions avec Val-de-Marne Tourisme - Espace Pro\",\"isPartOf\":{\"@id\":\"https:\/\/www.tourisme-valdemarne.com\/espace-pro\/#website\"},\"primaryImageOfPage\":{\"@id\":\"https:\/\/www.tourisme-valdemarne.com\/espace-pro\/qui-sommes-nous\/20-ans-ca-se-fete\/les-professionnels-temoignent-de-20-ans-dactions-avec-val-de-marne-tourisme\/#primaryimage\"},\"image\":{\"@id\":\"https:\/\/www.tourisme-valdemarne.com\/espace-pro\/qui-sommes-nous\/20-ans-ca-se-fete\/les-professionnels-temoignent-de-20-ans-dactions-avec-val-de-marne-tourisme\/#primaryimage\"},\"thumbnailUrl\":\"https:\/\/www.tourisme-valdemarne.com\/espace-pro\/wp-content\/uploads\/sites\/3\/2020\/12\/logo-20-ans-fond.jpg\",\"datePublished\":\"2020-12-10T21:34:01+00:00\",\"dateModified\":\"2020-12-14T15:50:58+00:00\",\"breadcrumb\":{\"@id\":\"https:\/\/www.tourisme-valdemarne.com\/espace-pro\/qui-sommes-nous\/20-ans-ca-se-fete\/les-professionnels-temoignent-de-20-ans-dactions-avec-val-de-marne-tourisme\/#breadcrumb\"},\"inLanguage\":\"fr-FR\",\"potentialAction\":[{\"@type\":\"ReadAction\",\"target\":[\"https:\/\/www.tourisme-valdemarne.com\/espace-pro\/qui-sommes-nous\/20-ans-ca-se-fete\/les-professionnels-temoignent-de-20-ans-dactions-avec-val-de-marne-tourisme\/\"]}]},{\"@type\":\"ImageObject\",\"inLanguage\":\"fr-FR\",\"@id\":\"https:\/\/www.tourisme-valdemarne.com\/espace-pro\/qui-sommes-nous\/20-ans-ca-se-fete\/les-professionnels-temoignent-de-20-ans-dactions-avec-val-de-marne-tourisme\/#primaryimage\",\"url\":\"https:\/\/www.tourisme-valdemarne.com\/espace-pro\/wp-content\/uploads\/sites\/3\/2020\/12\/logo-20-ans-fond.jpg\",\"contentUrl\":\"https:\/\/www.tourisme-valdemarne.com\/espace-pro\/wp-content\/uploads\/sites\/3\/2020\/12\/logo-20-ans-fond.jpg\",\"width\":842,\"height\":1079},{\"@type\":\"BreadcrumbList\",\"@id\":\"https:\/\/www.tourisme-valdemarne.com\/espace-pro\/qui-sommes-nous\/20-ans-ca-se-fete\/les-professionnels-temoignent-de-20-ans-dactions-avec-val-de-marne-tourisme\/#breadcrumb\",\"itemListElement\":[{\"@type\":\"ListItem\",\"position\":1,\"name\":\"Accueil\",\"item\":\"https:\/\/www.tourisme-valdemarne.com\/espace-pro\/\"},{\"@type\":\"ListItem\",\"position\":2,\"name\":\"Qui sommes-nous ?\",\"item\":\"https:\/\/www.tourisme-valdemarne.com\/espace-pro\/qui-sommes-nous\/\"},{\"@type\":\"ListItem\",\"position\":3,\"name\":\"20 ans, \u00e7a se f\u00eate !\",\"item\":\"https:\/\/www.tourisme-valdemarne.com\/espace-pro\/qui-sommes-nous\/20-ans-ca-se-fete\/\"},{\"@type\":\"ListItem\",\"position\":4,\"name\":\"Les professionnels t\u00e9moignent de 20 ans d\u2019actions avec Val-de-Marne Tourisme\"}]},{\"@type\":\"WebSite\",\"@id\":\"https:\/\/www.tourisme-valdemarne.com\/espace-pro\/#website\",\"url\":\"https:\/\/www.tourisme-valdemarne.com\/espace-pro\/\",\"name\":\"Espace Pro\",\"description\":\"Informations et outils pour les professionnels et la Presse\",\"potentialAction\":[{\"@type\":\"SearchAction\",\"target\":{\"@type\":\"EntryPoint\",\"urlTemplate\":\"https:\/\/www.tourisme-valdemarne.com\/espace-pro\/?s={search_term_string}\"},\"query-input\":{\"@type\":\"PropertyValueSpecification\",\"valueRequired\":true,\"valueName\":\"search_term_string\"}}],\"inLanguage\":\"fr-FR\"}]}<\/script>\n<!-- \/ Yoast SEO plugin. -->","yoast_head_json":{"title":"Les professionnels t\u00e9moignent de 20 ans d\u2019actions avec Val-de-Marne Tourisme - Espace Pro","robots":{"index":"index","follow":"follow","max-snippet":"max-snippet:-1","max-image-preview":"max-image-preview:large","max-video-preview":"max-video-preview:-1"},"canonical":"https:\/\/www.tourisme-valdemarne.com\/espace-pro\/qui-sommes-nous\/20-ans-ca-se-fete\/les-professionnels-temoignent-de-20-ans-dactions-avec-val-de-marne-tourisme\/","og_locale":"fr_FR","og_type":"article","og_title":"Les professionnels t\u00e9moignent de 20 ans d\u2019actions avec Val-de-Marne Tourisme - Espace Pro","og_description":"Les professionnels du tourisme en Val-de-Marne t\u00e9moignent de 20 ans d\u2019actions et de partenariats avec Val-de-Marne Tourisme &amp; Loisirs \u00e0 l\u2019occasion de la soir\u00e9e d\u2019anniversaire organis\u00e9e \u00e0 la Briqueterie le 10 octobre 2019. Lors de la soir\u00e9e des 20 ans du Comit\u00e9 D\u00e9partemental du Tourisme du Val-de-Marne, plusieurs professionnels ont pu s\u2019exprimer sur leur collaboration [&hellip;]","og_url":"https:\/\/www.tourisme-valdemarne.com\/espace-pro\/qui-sommes-nous\/20-ans-ca-se-fete\/les-professionnels-temoignent-de-20-ans-dactions-avec-val-de-marne-tourisme\/","og_site_name":"Espace Pro","article_modified_time":"2020-12-14T15:50:58+00:00","og_image":[{"width":842,"height":1079,"url":"https:\/\/www.tourisme-valdemarne.com\/espace-pro\/wp-content\/uploads\/sites\/3\/2020\/12\/logo-20-ans-fond.jpg","type":"image\/jpeg"}],"twitter_card":"summary_large_image","twitter_misc":{"Dur\u00e9e de lecture estim\u00e9e":"1 minute"},"schema":{"@context":"https:\/\/schema.org","@graph":[{"@type":"WebPage","@id":"https:\/\/www.tourisme-valdemarne.com\/espace-pro\/qui-sommes-nous\/20-ans-ca-se-fete\/les-professionnels-temoignent-de-20-ans-dactions-avec-val-de-marne-tourisme\/","url":"https:\/\/www.tourisme-valdemarne.com\/espace-pro\/qui-sommes-nous\/20-ans-ca-se-fete\/les-professionnels-temoignent-de-20-ans-dactions-avec-val-de-marne-tourisme\/","name":"Les professionnels t\u00e9moignent de 20 ans d\u2019actions avec Val-de-Marne Tourisme - Espace Pro","isPartOf":{"@id":"https:\/\/www.tourisme-valdemarne.com\/espace-pro\/#website"},"primaryImageOfPage":{"@id":"https:\/\/www.tourisme-valdemarne.com\/espace-pro\/qui-sommes-nous\/20-ans-ca-se-fete\/les-professionnels-temoignent-de-20-ans-dactions-avec-val-de-marne-tourisme\/#primaryimage"},"image":{"@id":"https:\/\/www.tourisme-valdemarne.com\/espace-pro\/qui-sommes-nous\/20-ans-ca-se-fete\/les-professionnels-temoignent-de-20-ans-dactions-avec-val-de-marne-tourisme\/#primaryimage"},"thumbnailUrl":"https:\/\/www.tourisme-valdemarne.com\/espace-pro\/wp-content\/uploads\/sites\/3\/2020\/12\/logo-20-ans-fond.jpg","datePublished":"2020-12-10T21:34:01+00:00","dateModified":"2020-12-14T15:50:58+00:00","breadcrumb":{"@id":"https:\/\/www.tourisme-valdemarne.com\/espace-pro\/qui-sommes-nous\/20-ans-ca-se-fete\/les-professionnels-temoignent-de-20-ans-dactions-avec-val-de-marne-tourisme\/#breadcrumb"},"inLanguage":"fr-FR","potentialAction":[{"@type":"ReadAction","target":["https:\/\/www.tourisme-valdemarne.com\/espace-pro\/qui-sommes-nous\/20-ans-ca-se-fete\/les-professionnels-temoignent-de-20-ans-dactions-avec-val-de-marne-tourisme\/"]}]},{"@type":"ImageObject","inLanguage":"fr-FR","@id":"https:\/\/www.tourisme-valdemarne.com\/espace-pro\/qui-sommes-nous\/20-ans-ca-se-fete\/les-professionnels-temoignent-de-20-ans-dactions-avec-val-de-marne-tourisme\/#primaryimage","url":"https:\/\/www.tourisme-valdemarne.com\/espace-pro\/wp-content\/uploads\/sites\/3\/2020\/12\/logo-20-ans-fond.jpg","contentUrl":"https:\/\/www.tourisme-valdemarne.com\/espace-pro\/wp-content\/uploads\/sites\/3\/2020\/12\/logo-20-ans-fond.jpg","width":842,"height":1079},{"@type":"BreadcrumbList","@id":"https:\/\/www.tourisme-valdemarne.com\/espace-pro\/qui-sommes-nous\/20-ans-ca-se-fete\/les-professionnels-temoignent-de-20-ans-dactions-avec-val-de-marne-tourisme\/#breadcrumb","itemListElement":[{"@type":"ListItem","position":1,"name":"Accueil","item":"https:\/\/www.tourisme-valdemarne.com\/espace-pro\/"},{"@type":"ListItem","position":2,"name":"Qui sommes-nous ?","item":"https:\/\/www.tourisme-valdemarne.com\/espace-pro\/qui-sommes-nous\/"},{"@type":"ListItem","position":3,"name":"20 ans, \u00e7a se f\u00eate !","item":"https:\/\/www.tourisme-valdemarne.com\/espace-pro\/qui-sommes-nous\/20-ans-ca-se-fete\/"},{"@type":"ListItem","position":4,"name":"Les professionnels t\u00e9moignent de 20 ans d\u2019actions avec Val-de-Marne Tourisme"}]},{"@type":"WebSite","@id":"https:\/\/www.tourisme-valdemarne.com\/espace-pro\/#website","url":"https:\/\/www.tourisme-valdemarne.com\/espace-pro\/","name":"Espace Pro","description":"Informations et outils pour les professionnels et la Presse","potentialAction":[{"@type":"SearchAction","target":{"@type":"EntryPoint","urlTemplate":"https:\/\/www.tourisme-valdemarne.com\/espace-pro\/?s={search_term_string}"},"query-input":{"@type":"PropertyValueSpecification","valueRequired":true,"valueName":"search_term_string"}}],"inLanguage":"fr-FR"}]}},"_links":{"self":[{"href":"https:\/\/www.tourisme-valdemarne.com\/espace-pro\/wp-json\/wp\/v2\/pages\/8208","targetHints":{"allow":["GET"]}}],"collection":[{"href":"https:\/\/www.tourisme-valdemarne.com\/espace-pro\/wp-json\/wp\/v2\/pages"}],"about":[{"href":"https:\/\/www.tourisme-valdemarne.com\/espace-pro\/wp-json\/wp\/v2\/types\/page"}],"author":[{"embeddable":true,"href":"https:\/\/www.tourisme-valdemarne.com\/espace-pro\/wp-json\/wp\/v2\/users\/1"}],"replies":[{"embeddable":true,"href":"https:\/\/www.tourisme-valdemarne.com\/espace-pro\/wp-json\/wp\/v2\/comments?post=8208"}],"version-history":[{"count":1,"href":"https:\/\/www.tourisme-valdemarne.com\/espace-pro\/wp-json\/wp\/v2\/pages\/8208\/revisions"}],"predecessor-version":[{"id":8221,"href":"https:\/\/www.tourisme-valdemarne.com\/espace-pro\/wp-json\/wp\/v2\/pages\/8208\/revisions\/8221"}],"up":[{"embeddable":true,"href":"https:\/\/www.tourisme-valdemarne.com\/espace-pro\/wp-json\/wp\/v2\/pages\/8162"}],"wp:featuredmedia":[{"embeddable":true,"href":"https:\/\/www.tourisme-valdemarne.com\/espace-pro\/wp-json\/wp\/v2\/media\/8165"}],"wp:attachment":[{"href":"https:\/\/www.tourisme-valdemarne.com\/espace-pro\/wp-json\/wp\/v2\/media?parent=8208"}],"wp:term":[{"taxonomy":"vdmTagMarketing","embeddable":true,"href":"https:\/\/www.tourisme-valdemarne.com\/espace-pro\/wp-json\/wp\/v2\/vdmTagMarketing?post=8208"}],"curies":[{"name":"wp","href":"https:\/\/api.w.org\/{rel}","templated":true}]}}