{"id":8206,"date":"2020-12-10T22:35:02","date_gmt":"2020-12-10T21:35:02","guid":{"rendered":"https:\/\/www.tourisme-valdemarne.com\/espace-pro\/lancement-du-projet-star-cities"},"modified":"2021-05-19T14:01:56","modified_gmt":"2021-05-19T12:01:56","slug":"lancement-du-projet-star-cities","status":"publish","type":"page","link":"https:\/\/www.tourisme-valdemarne.com\/espace-pro\/expertises-et-projets\/riverside-cities\/star-cities\/lancement-du-projet-star-cities\/","title":{"rendered":"Lancement du projet STAR Cities"},"content":{"rendered":"\n<p class=\"is-style-excerpt\">Depuis le 1er janvier 2018, le CDT 94 pilote le projet STAR Cities \u2013 Sustainable Tourism for Attractivity of Riverside Cities, financ\u00e9 par les fonds structurels europ\u00e9ens (FEDER) dans le cadre du programme de coop\u00e9ration Interreg Europe.<\/p>\n\n\n\n<p>Ce projet doit permettre d\u2019approfondir et structurer les \u00e9changes avec nos partenaires du r\u00e9seau europ\u00e9en Riverside Cities, en vue d\u2019identifier de nouveaux projets communs \u00e0 mener et r\u00e9unir les crit\u00e8res d\u2019obtention de la certification Itin\u00e9raire culturel du Conseil de l\u2019Europe.<\/p>\n\n\n\n<p>STAR Cities mobilise \u00e9galement tous les acteurs des bords de Marne, afin de poursuivre le d\u00e9veloppement touristique du territoire avec le soutien de la R\u00e9gion.<\/p>\n\n\n\n<h2 class=\"wp-block-heading\">QU\u2019EST-CE QUE LE PROGRAMME INTERREG EUROPE ?<\/h2>\n\n\n\n<p>C\u2019est l\u2019un des 4 programmes qui financent la coop\u00e9ration interr\u00e9gionale : les projets peuvent \u00eatre r\u00e9alis\u00e9s par des porteurs de projets de tous les Etats membres de l\u2019UE, et visent \u00e0 favoriser la mise en r\u00e9seau, les \u00e9changes d\u2019exp\u00e9riences et de bonnes pratiques entre diff\u00e9rents pays europ\u00e9ens. Le programme Interreg Europe a notamment pour objectif de renforcer la coh\u00e9sion territoriale en Europe en r\u00e9duisant les disparit\u00e9s \u00e9conomiques et sociales existantes entre les r\u00e9gions europ\u00e9ennes.<\/p>\n\n\n\n<figure class=\"wp-block-embed-youtube wp-block-embed is-type-rich is-provider-prise-en-charge-des-contenus-embarques wp-embed-aspect-16-9 wp-has-aspect-ratio\"><div class=\"wp-block-embed__wrapper\">\n<iframe loading=\"lazy\" title=\"Interreg Europe - share solutions for success\" width=\"500\" height=\"281\" src=\"https:\/\/www.youtube.com\/embed\/buxm8Z7VGbM?feature=oembed\" frameborder=\"0\" allow=\"accelerometer; autoplay; clipboard-write; encrypted-media; gyroscope; picture-in-picture; web-share\" referrerpolicy=\"strict-origin-when-cross-origin\" allowfullscreen><\/iframe>\n<\/div><\/figure>\n\n\n\n<p>Les projets du programme Interreg Europe mettent en \u0153uvre un processus d\u2019apprentissage des acteurs publics pour am\u00e9liorer la performance des politiques et programmes de d\u00e9veloppement r\u00e9gionaux. Ils permettent ainsi aux acteurs publics \u00e0 travers l\u2019Europe d\u2019\u00e9changer des bonnes pratiques et des id\u00e9es sur la fa\u00e7on de conduire des politiques publiques et ainsi de trouver des solutions plus efficaces pour leurs citoyens.<\/p>\n\n\n\n<p>Chaque ann\u00e9e, le programme Interreg Europe organise un appel \u00e0 projet et le CDT 94 a pass\u00e9 plusieurs mois en 2017 \u00e0 travailler au montage de ce projet appel\u00e9 STAR Cities, Sustainable Tourism for Attractivity of Riverside Cities. D\u00e9pos\u00e9 le 30 juin 2017, ce projet a \u00e9t\u00e9 retenu par le comit\u00e9 de suivi du programme le 14 mars 2018. Il fait donc partie des 54 projets re\u00e7us, parmi les 234 projets d\u00e9pos\u00e9s.<\/p>\n\n\n\n<h2 class=\"wp-block-heading\">UN PROJET SUR CINQ ANS REGROUPANT 7 PARTENAIRES EUROP\u00c9ENS<\/h2>\n\n\n\n<p>Le projet STAR Cities a d\u00e9but\u00e9 le 1er juin 2018 et durera 5 ans, soit jusqu\u2019au 1er juin 2023.<\/p>\n\n\n\n<p>Les participants sont :<\/p>\n\n\n\n<ul class=\"wp-block-list\"><li>Val-de-Marne Tourisme &amp; Loisirs<\/li><li>R\u00e9gion Latium (Italie)<\/li><li>Municipalit\u00e9 de Rome IX (Italie)<\/li><li>S\u00e9nat de la ville d\u2019Hambourg (Allemagne)<\/li><li>Association Kaunas 2022, Capitale europ\u00e9enne de la culture (Lituanie)<\/li><li>L&rsquo;Agence r\u00e9gionale de d\u00e9veloppement de la zone urbaine de Ljubljana (Slov\u00e9nie)<\/li><li>NECSTouR, r\u00e9seau des r\u00e9gions europ\u00e9ennes pour un tourisme durable et comp\u00e9titif<\/li><\/ul>\n\n\n\n<p><strong>Le budget total du projet, pour l\u2019ensemble des partenaires est de 1,180 millions \u20ac, dont 365 000\u20ac pour le CDT 94.<\/strong><\/p>\n\n\n\n<p>Ce budget permet de financer :<\/p>\n\n\n\n<ul class=\"wp-block-list\"><li>Le temps de travail pass\u00e9 sur le projet, sachant qu\u2019en plus des activit\u00e9s pr\u00e9vues pour tous les partenaires, le CDT 94 prend en charge la coordination et la communication g\u00e9n\u00e9rale du projet<\/li><li>L\u2019accompagnement par un consultant pour la gestion financi\u00e8re du projet- Les co\u00fbts de d\u00e9placement<\/li><li>Les frais d\u2019organisation de r\u00e9unions, conf\u00e9rences, outils de communication, etc.<\/li><\/ul>\n\n\n\n<h2 class=\"wp-block-heading\">UN OBJECTIF : L\u2019AM\u00c9LIORATION DES POLITIQUES PUBLIQUES<\/h2>\n\n\n\n<p>Chaque partenaire a choisi une \u00ab politique publique \u00bb sur laquelle va se concentrer ses efforts en vue d\u2019am\u00e9liorer la politique elle-m\u00eame (modification des objectifs, des indicateurs d\u2019\u00e9valuation, etc.) ou sa mise en \u0153uvre sur le territoire (d\u00e9veloppement de nouveaux projets, accompagnement des porteurs de projet dans leur demande de financement, etc).<\/p>\n\n\n\n<p>Ainsi, le CDT 94 a choisi une politique publique r\u00e9gionale, en coh\u00e9rence avec la dimension interd\u00e9partementale du projet (94-93-77), le Sch\u00e9ma de d\u00e9veloppement du tourisme et des loisirs 2017-2021, adopt\u00e9 par le Conseil r\u00e9gional d\u2019Ile-de-France en novembre 2017. Notre objectif sera donc d\u2019enrichir cette politique du tourisme en travaillant \u00e9troitement avec la R\u00e9gion et le Comit\u00e9 R\u00e9gional du Tourisme Paris \u2013 Ile-de-France, notamment sur la fili\u00e8re du tourisme fluvial et fluvestre (sur l\u2019eau et au bord de l\u2019eau) et la valorisation du patrimoine.<\/p>\n\n\n\n<h2 class=\"wp-block-heading\">LES ACTEURS DES BORDS DE MARNE APPEL\u00c9S \u00c0 PARTICIPER<\/h2>\n\n\n\n<p>Comme tous les projets Interreg Europe, STAR Cities se divise en deux phases.<\/p>\n\n\n\n<p>La premi\u00e8re est centr\u00e9e sur les&nbsp;<strong>\u00e9changes de bonnes pratiques<\/strong>. Suite \u00e0 l\u2019\u00e9laboration d\u2019un \u00e9tat des lieux, un&nbsp;<strong>programme de s\u00e9minaires europ\u00e9ens<\/strong>&nbsp;(comprenant des visites de terrain, rencontres avec les acteurs locaux, ateliers de travail, pr\u00e9sentations d\u2019experts, etc\u2026) sera mis en place et organis\u00e9 par chaque partenaire autour d\u2019une th\u00e9matique identifi\u00e9e comme prioritaire par l\u2019ensemble du consortium. Suite \u00e0 ces s\u00e9minaires, une s\u00e9lection des bonnes pratiques sera pr\u00e9sent\u00e9e et fera l\u2019objet d\u2019un guide qui permettra de restituer l\u2019essentiel de ces \u00e9changes.<\/p>\n\n\n\n<p>A la fin de cette premi\u00e8re phase, chaque partenaire devra aussi \u00e9laborer un&nbsp;<strong>plan d\u2019action r\u00e9gional<\/strong>&nbsp;visant \u00e0 am\u00e9liorer la mise en \u0153uvre de la politique publique choisie. La mise en \u0153uvre de ce plan d\u2019actions sera \u00e9valu\u00e9e pendant les deux ann\u00e9es suivantes, qui constituent la 2e phase du projet.<\/p>\n\n\n\n<p>Le&nbsp;<strong>r\u00e9seau des acteurs locaux sera \u00e9troitement associ\u00e9 \u00e0 chacune de ces \u00e9tapes<\/strong>&nbsp;:<\/p>\n\n\n\n<ul class=\"wp-block-list\"><li>Consultation des acteurs locaux pour l\u2019\u00e9laboration de l\u2019\u00e9tat des lieux<\/li><li>Une r\u00e9union par semestre pendant 3 ans, afin d\u2019identifier ensemble les bonnes pratiques du territoire, en fonction des th\u00e9matiques choisies, \u00e9changer sur les bonnes pratiques des partenaires europ\u00e9ens, et surtout \u00e9crire ensemble le plan d\u2019actions<\/li><li>Construction et mise en \u0153uvre du plan d\u2019actions \u00ab Marne \u00bb par l\u2019ensemble des partenaires locaux<\/li><li>Communication : newsletters, communiqu\u00e9s de presse, etc. sur l\u2019avanc\u00e9e de ce projet seront diffus\u00e9s tous les semestres et deux conf\u00e9rences seront organis\u00e9es afin de pr\u00e9senter les r\u00e9sultats.<\/li><\/ul>\n\n\n\n<div class=\"wp-block-media-text is-stacked-on-mobile\" style=\"grid-template-columns:22% auto\"><figure class=\"wp-block-media-text__media\"><a href=\"https:\/\/www.tourisme-valdemarne.com\/espace-pro\/expertises-et-projets\/riverside-cities\/inscription-a-la-newsletter-riverside\/\" target=\"_blank\" rel=\"noopener noreferrer\"><img width=\"512\" height=\"512\" data-src=\"https:\/\/www.tourisme-valdemarne.com\/espace-pro\/wp-content\/uploads\/sites\/3\/2021\/04\/mail.png\" alt=\"icon newsletter\" class=\"wp-image-9138\" srcset=\"https:\/\/www.tourisme-valdemarne.com\/espace-pro\/wp-content\/uploads\/sites\/3\/2021\/04\/mail.png 512w, https:\/\/www.tourisme-valdemarne.com\/espace-pro\/wp-content\/uploads\/sites\/3\/2021\/04\/mail-380x380.png 380w, https:\/\/www.tourisme-valdemarne.com\/espace-pro\/wp-content\/uploads\/sites\/3\/2021\/04\/mail-150x150.png 150w, https:\/\/www.tourisme-valdemarne.com\/espace-pro\/wp-content\/uploads\/sites\/3\/2021\/04\/mail-200x200.png 200w, https:\/\/www.tourisme-valdemarne.com\/espace-pro\/wp-content\/uploads\/sites\/3\/2021\/04\/mail-24x24.png 24w, https:\/\/www.tourisme-valdemarne.com\/espace-pro\/wp-content\/uploads\/sites\/3\/2021\/04\/mail-48x48.png 48w, https:\/\/www.tourisme-valdemarne.com\/espace-pro\/wp-content\/uploads\/sites\/3\/2021\/04\/mail-96x96.png 96w, https:\/\/www.tourisme-valdemarne.com\/espace-pro\/wp-content\/uploads\/sites\/3\/2021\/04\/mail-300x300.png 300w\" sizes=\"(max-width: 512px) 100vw, 512px\" \/><\/a><\/figure><div class=\"wp-block-media-text__content\">\n<p class=\"has-text-align-center is-style-default has-large-font-size\"><strong>Abonnez-vous \u00e0 la newsletter pour recevoir les actualit\u00e9s du projet Riverside Cities sur le territoire des bords de Marne comme au niveau europ\u00e9en<\/strong><\/p>\n\n\n\n<div class=\"wp-block-buttons aligncenter is-layout-flex wp-block-buttons-is-layout-flex\">\n<div class=\"wp-block-button\"><a class=\"wp-block-button__link\" href=\"https:\/\/www.tourisme-valdemarne.com\/espace-pro\/expertises-et-projets\/riverside-cities\/inscription-a-la-newsletter-riverside\/\" target=\"_blank\" rel=\"noreferrer noopener\">M&rsquo;inscrire \u00e0 la newsletter du projet<\/a><\/div>\n<\/div>\n<\/div><\/div>\n\n\n\n<div class=\"wp-block-image\"><figure class=\"aligncenter size-large\"><a href=\"https:\/\/www.siaap.fr\/\" target=\"_blank\" rel=\"noopener noreferrer\"><img width=\"1000\" height=\"250\" data-src=\"https:\/\/www.tourisme-valdemarne.com\/espace-pro\/wp-content\/uploads\/sites\/3\/2021\/04\/le-projet-riverside-cities-est-soutenu-par-le-siaap.png\" alt=\"logo soutien siaap\" class=\"wp-image-9144\" srcset=\"https:\/\/www.tourisme-valdemarne.com\/espace-pro\/wp-content\/uploads\/sites\/3\/2021\/04\/le-projet-riverside-cities-est-soutenu-par-le-siaap.png 1000w, https:\/\/www.tourisme-valdemarne.com\/espace-pro\/wp-content\/uploads\/sites\/3\/2021\/04\/le-projet-riverside-cities-est-soutenu-par-le-siaap-600x150.png 600w, https:\/\/www.tourisme-valdemarne.com\/espace-pro\/wp-content\/uploads\/sites\/3\/2021\/04\/le-projet-riverside-cities-est-soutenu-par-le-siaap-900x225.png 900w, https:\/\/www.tourisme-valdemarne.com\/espace-pro\/wp-content\/uploads\/sites\/3\/2021\/04\/le-projet-riverside-cities-est-soutenu-par-le-siaap-380x95.png 380w, https:\/\/www.tourisme-valdemarne.com\/espace-pro\/wp-content\/uploads\/sites\/3\/2021\/04\/le-projet-riverside-cities-est-soutenu-par-le-siaap-200x50.png 200w\" sizes=\"(max-width: 1000px) 100vw, 1000px\" \/><\/a><\/figure><\/div>\n","protected":false},"excerpt":{"rendered":"<p>Depuis le 1er janvier 2018, le CDT 94 pilote le projet STAR Cities \u2013 Sustainable Tourism for Attractivity of Riverside Cities, financ\u00e9 par les fonds structurels europ\u00e9ens (FEDER) dans le cadre du programme de coop\u00e9ration Interreg Europe. Ce projet doit permettre d\u2019approfondir et structurer les \u00e9changes avec nos partenaires du r\u00e9seau europ\u00e9en Riverside Cities, en [&hellip;]<\/p>\n","protected":false},"author":1,"featured_media":0,"parent":920,"menu_order":0,"comment_status":"closed","ping_status":"closed","template":"","meta":{"_relevanssi_hide_post":"","_relevanssi_hide_content":"","_relevanssi_pin_for_all":"","_relevanssi_pin_keywords":"","_relevanssi_unpin_keywords":"","_relevanssi_related_keywords":"","_relevanssi_related_include_ids":"","_relevanssi_related_exclude_ids":"","_relevanssi_related_no_append":"","_relevanssi_related_not_related":"","_relevanssi_related_posts":"2751,442,2745,446,8104,444","_relevanssi_noindex_reason":"","footnotes":""},"vdmTagMarketing":[],"class_list":["post-8206","page","type-page","status-publish","hentry"],"acf":[],"yoast_head":"<!-- This site is optimized with the Yoast SEO plugin v23.9 - https:\/\/yoast.com\/wordpress\/plugins\/seo\/ -->\n<title>Lancement du projet STAR Cities - Espace Pro<\/title>\n<meta name=\"robots\" content=\"index, follow, max-snippet:-1, max-image-preview:large, max-video-preview:-1\" \/>\n<link rel=\"canonical\" href=\"https:\/\/www.tourisme-valdemarne.com\/espace-pro\/expertises-et-projets\/riverside-cities\/star-cities\/lancement-du-projet-star-cities\/\" \/>\n<meta property=\"og:locale\" content=\"fr_FR\" \/>\n<meta property=\"og:type\" content=\"article\" \/>\n<meta property=\"og:title\" content=\"Lancement du projet STAR Cities - Espace Pro\" \/>\n<meta property=\"og:description\" content=\"Depuis le 1er janvier 2018, le CDT 94 pilote le projet STAR Cities \u2013 Sustainable Tourism for Attractivity of Riverside Cities, financ\u00e9 par les fonds structurels europ\u00e9ens (FEDER) dans le cadre du programme de coop\u00e9ration Interreg Europe. Ce projet doit permettre d\u2019approfondir et structurer les \u00e9changes avec nos partenaires du r\u00e9seau europ\u00e9en Riverside Cities, en [&hellip;]\" \/>\n<meta property=\"og:url\" content=\"https:\/\/www.tourisme-valdemarne.com\/espace-pro\/expertises-et-projets\/riverside-cities\/star-cities\/lancement-du-projet-star-cities\/\" \/>\n<meta property=\"og:site_name\" content=\"Espace Pro\" \/>\n<meta property=\"article:modified_time\" content=\"2021-05-19T12:01:56+00:00\" \/>\n<meta property=\"og:image\" content=\"https:\/\/www.tourisme-valdemarne.com\/espace-pro\/wp-content\/uploads\/sites\/3\/2021\/04\/mail.png\" \/>\n<meta name=\"twitter:card\" content=\"summary_large_image\" \/>\n<meta name=\"twitter:label1\" content=\"Dur\u00e9e de lecture estim\u00e9e\" \/>\n\t<meta name=\"twitter:data1\" content=\"5 minutes\" \/>\n<script type=\"application\/ld+json\" class=\"yoast-schema-graph\">{\"@context\":\"https:\/\/schema.org\",\"@graph\":[{\"@type\":\"WebPage\",\"@id\":\"https:\/\/www.tourisme-valdemarne.com\/espace-pro\/expertises-et-projets\/riverside-cities\/star-cities\/lancement-du-projet-star-cities\/\",\"url\":\"https:\/\/www.tourisme-valdemarne.com\/espace-pro\/expertises-et-projets\/riverside-cities\/star-cities\/lancement-du-projet-star-cities\/\",\"name\":\"Lancement du projet STAR Cities - Espace Pro\",\"isPartOf\":{\"@id\":\"https:\/\/www.tourisme-valdemarne.com\/espace-pro\/#website\"},\"primaryImageOfPage\":{\"@id\":\"https:\/\/www.tourisme-valdemarne.com\/espace-pro\/expertises-et-projets\/riverside-cities\/star-cities\/lancement-du-projet-star-cities\/#primaryimage\"},\"image\":{\"@id\":\"https:\/\/www.tourisme-valdemarne.com\/espace-pro\/expertises-et-projets\/riverside-cities\/star-cities\/lancement-du-projet-star-cities\/#primaryimage\"},\"thumbnailUrl\":\"https:\/\/www.tourisme-valdemarne.com\/espace-pro\/wp-content\/uploads\/sites\/3\/2021\/04\/mail.png\",\"datePublished\":\"2020-12-10T21:35:02+00:00\",\"dateModified\":\"2021-05-19T12:01:56+00:00\",\"breadcrumb\":{\"@id\":\"https:\/\/www.tourisme-valdemarne.com\/espace-pro\/expertises-et-projets\/riverside-cities\/star-cities\/lancement-du-projet-star-cities\/#breadcrumb\"},\"inLanguage\":\"fr-FR\",\"potentialAction\":[{\"@type\":\"ReadAction\",\"target\":[\"https:\/\/www.tourisme-valdemarne.com\/espace-pro\/expertises-et-projets\/riverside-cities\/star-cities\/lancement-du-projet-star-cities\/\"]}]},{\"@type\":\"ImageObject\",\"inLanguage\":\"fr-FR\",\"@id\":\"https:\/\/www.tourisme-valdemarne.com\/espace-pro\/expertises-et-projets\/riverside-cities\/star-cities\/lancement-du-projet-star-cities\/#primaryimage\",\"url\":\"https:\/\/www.tourisme-valdemarne.com\/espace-pro\/wp-content\/uploads\/sites\/3\/2021\/04\/mail.png\",\"contentUrl\":\"https:\/\/www.tourisme-valdemarne.com\/espace-pro\/wp-content\/uploads\/sites\/3\/2021\/04\/mail.png\",\"width\":512,\"height\":512,\"caption\":\"icon newsletter\"},{\"@type\":\"BreadcrumbList\",\"@id\":\"https:\/\/www.tourisme-valdemarne.com\/espace-pro\/expertises-et-projets\/riverside-cities\/star-cities\/lancement-du-projet-star-cities\/#breadcrumb\",\"itemListElement\":[{\"@type\":\"ListItem\",\"position\":1,\"name\":\"Accueil\",\"item\":\"https:\/\/www.tourisme-valdemarne.com\/espace-pro\/\"},{\"@type\":\"ListItem\",\"position\":2,\"name\":\"Expertises et projets\",\"item\":\"https:\/\/www.tourisme-valdemarne.com\/espace-pro\/expertises-et-projets\/\"},{\"@type\":\"ListItem\",\"position\":3,\"name\":\"Riverside Cities\",\"item\":\"https:\/\/www.tourisme-valdemarne.com\/espace-pro\/expertises-et-projets\/riverside-cities\/\"},{\"@type\":\"ListItem\",\"position\":4,\"name\":\"Projet europ\u00e9en Star Cities\",\"item\":\"https:\/\/www.tourisme-valdemarne.com\/espace-pro\/expertises-et-projets\/riverside-cities\/star-cities\/\"},{\"@type\":\"ListItem\",\"position\":5,\"name\":\"Lancement du projet STAR Cities\"}]},{\"@type\":\"WebSite\",\"@id\":\"https:\/\/www.tourisme-valdemarne.com\/espace-pro\/#website\",\"url\":\"https:\/\/www.tourisme-valdemarne.com\/espace-pro\/\",\"name\":\"Espace Pro\",\"description\":\"Informations et outils pour les professionnels et la Presse\",\"potentialAction\":[{\"@type\":\"SearchAction\",\"target\":{\"@type\":\"EntryPoint\",\"urlTemplate\":\"https:\/\/www.tourisme-valdemarne.com\/espace-pro\/?s={search_term_string}\"},\"query-input\":{\"@type\":\"PropertyValueSpecification\",\"valueRequired\":true,\"valueName\":\"search_term_string\"}}],\"inLanguage\":\"fr-FR\"}]}<\/script>\n<!-- \/ Yoast SEO plugin. -->","yoast_head_json":{"title":"Lancement du projet STAR Cities - Espace Pro","robots":{"index":"index","follow":"follow","max-snippet":"max-snippet:-1","max-image-preview":"max-image-preview:large","max-video-preview":"max-video-preview:-1"},"canonical":"https:\/\/www.tourisme-valdemarne.com\/espace-pro\/expertises-et-projets\/riverside-cities\/star-cities\/lancement-du-projet-star-cities\/","og_locale":"fr_FR","og_type":"article","og_title":"Lancement du projet STAR Cities - Espace Pro","og_description":"Depuis le 1er janvier 2018, le CDT 94 pilote le projet STAR Cities \u2013 Sustainable Tourism for Attractivity of Riverside Cities, financ\u00e9 par les fonds structurels europ\u00e9ens (FEDER) dans le cadre du programme de coop\u00e9ration Interreg Europe. Ce projet doit permettre d\u2019approfondir et structurer les \u00e9changes avec nos partenaires du r\u00e9seau europ\u00e9en Riverside Cities, en [&hellip;]","og_url":"https:\/\/www.tourisme-valdemarne.com\/espace-pro\/expertises-et-projets\/riverside-cities\/star-cities\/lancement-du-projet-star-cities\/","og_site_name":"Espace Pro","article_modified_time":"2021-05-19T12:01:56+00:00","og_image":[{"url":"https:\/\/www.tourisme-valdemarne.com\/espace-pro\/wp-content\/uploads\/sites\/3\/2021\/04\/mail.png"}],"twitter_card":"summary_large_image","twitter_misc":{"Dur\u00e9e de lecture estim\u00e9e":"5 minutes"},"schema":{"@context":"https:\/\/schema.org","@graph":[{"@type":"WebPage","@id":"https:\/\/www.tourisme-valdemarne.com\/espace-pro\/expertises-et-projets\/riverside-cities\/star-cities\/lancement-du-projet-star-cities\/","url":"https:\/\/www.tourisme-valdemarne.com\/espace-pro\/expertises-et-projets\/riverside-cities\/star-cities\/lancement-du-projet-star-cities\/","name":"Lancement du projet STAR Cities - Espace Pro","isPartOf":{"@id":"https:\/\/www.tourisme-valdemarne.com\/espace-pro\/#website"},"primaryImageOfPage":{"@id":"https:\/\/www.tourisme-valdemarne.com\/espace-pro\/expertises-et-projets\/riverside-cities\/star-cities\/lancement-du-projet-star-cities\/#primaryimage"},"image":{"@id":"https:\/\/www.tourisme-valdemarne.com\/espace-pro\/expertises-et-projets\/riverside-cities\/star-cities\/lancement-du-projet-star-cities\/#primaryimage"},"thumbnailUrl":"https:\/\/www.tourisme-valdemarne.com\/espace-pro\/wp-content\/uploads\/sites\/3\/2021\/04\/mail.png","datePublished":"2020-12-10T21:35:02+00:00","dateModified":"2021-05-19T12:01:56+00:00","breadcrumb":{"@id":"https:\/\/www.tourisme-valdemarne.com\/espace-pro\/expertises-et-projets\/riverside-cities\/star-cities\/lancement-du-projet-star-cities\/#breadcrumb"},"inLanguage":"fr-FR","potentialAction":[{"@type":"ReadAction","target":["https:\/\/www.tourisme-valdemarne.com\/espace-pro\/expertises-et-projets\/riverside-cities\/star-cities\/lancement-du-projet-star-cities\/"]}]},{"@type":"ImageObject","inLanguage":"fr-FR","@id":"https:\/\/www.tourisme-valdemarne.com\/espace-pro\/expertises-et-projets\/riverside-cities\/star-cities\/lancement-du-projet-star-cities\/#primaryimage","url":"https:\/\/www.tourisme-valdemarne.com\/espace-pro\/wp-content\/uploads\/sites\/3\/2021\/04\/mail.png","contentUrl":"https:\/\/www.tourisme-valdemarne.com\/espace-pro\/wp-content\/uploads\/sites\/3\/2021\/04\/mail.png","width":512,"height":512,"caption":"icon newsletter"},{"@type":"BreadcrumbList","@id":"https:\/\/www.tourisme-valdemarne.com\/espace-pro\/expertises-et-projets\/riverside-cities\/star-cities\/lancement-du-projet-star-cities\/#breadcrumb","itemListElement":[{"@type":"ListItem","position":1,"name":"Accueil","item":"https:\/\/www.tourisme-valdemarne.com\/espace-pro\/"},{"@type":"ListItem","position":2,"name":"Expertises et projets","item":"https:\/\/www.tourisme-valdemarne.com\/espace-pro\/expertises-et-projets\/"},{"@type":"ListItem","position":3,"name":"Riverside Cities","item":"https:\/\/www.tourisme-valdemarne.com\/espace-pro\/expertises-et-projets\/riverside-cities\/"},{"@type":"ListItem","position":4,"name":"Projet europ\u00e9en Star Cities","item":"https:\/\/www.tourisme-valdemarne.com\/espace-pro\/expertises-et-projets\/riverside-cities\/star-cities\/"},{"@type":"ListItem","position":5,"name":"Lancement du projet STAR Cities"}]},{"@type":"WebSite","@id":"https:\/\/www.tourisme-valdemarne.com\/espace-pro\/#website","url":"https:\/\/www.tourisme-valdemarne.com\/espace-pro\/","name":"Espace Pro","description":"Informations et outils pour les professionnels et la Presse","potentialAction":[{"@type":"SearchAction","target":{"@type":"EntryPoint","urlTemplate":"https:\/\/www.tourisme-valdemarne.com\/espace-pro\/?s={search_term_string}"},"query-input":{"@type":"PropertyValueSpecification","valueRequired":true,"valueName":"search_term_string"}}],"inLanguage":"fr-FR"}]}},"_links":{"self":[{"href":"https:\/\/www.tourisme-valdemarne.com\/espace-pro\/wp-json\/wp\/v2\/pages\/8206","targetHints":{"allow":["GET"]}}],"collection":[{"href":"https:\/\/www.tourisme-valdemarne.com\/espace-pro\/wp-json\/wp\/v2\/pages"}],"about":[{"href":"https:\/\/www.tourisme-valdemarne.com\/espace-pro\/wp-json\/wp\/v2\/types\/page"}],"author":[{"embeddable":true,"href":"https:\/\/www.tourisme-valdemarne.com\/espace-pro\/wp-json\/wp\/v2\/users\/1"}],"replies":[{"embeddable":true,"href":"https:\/\/www.tourisme-valdemarne.com\/espace-pro\/wp-json\/wp\/v2\/comments?post=8206"}],"version-history":[{"count":5,"href":"https:\/\/www.tourisme-valdemarne.com\/espace-pro\/wp-json\/wp\/v2\/pages\/8206\/revisions"}],"predecessor-version":[{"id":9284,"href":"https:\/\/www.tourisme-valdemarne.com\/espace-pro\/wp-json\/wp\/v2\/pages\/8206\/revisions\/9284"}],"up":[{"embeddable":true,"href":"https:\/\/www.tourisme-valdemarne.com\/espace-pro\/wp-json\/wp\/v2\/pages\/920"}],"wp:attachment":[{"href":"https:\/\/www.tourisme-valdemarne.com\/espace-pro\/wp-json\/wp\/v2\/media?parent=8206"}],"wp:term":[{"taxonomy":"vdmTagMarketing","embeddable":true,"href":"https:\/\/www.tourisme-valdemarne.com\/espace-pro\/wp-json\/wp\/v2\/vdmTagMarketing?post=8206"}],"curies":[{"name":"wp","href":"https:\/\/api.w.org\/{rel}","templated":true}]}}