{"id":8198,"date":"2020-12-10T22:34:02","date_gmt":"2020-12-10T21:34:02","guid":{"rendered":"https:\/\/www.tourisme-valdemarne.com\/espace-pro\/bilan-de-l%e2%80%99activite-touristique-en-2019"},"modified":"2024-03-04T16:14:12","modified_gmt":"2024-03-04T15:14:12","slug":"bilan-de-lactivite-touristique-en-2019","status":"publish","type":"page","link":"https:\/\/www.tourisme-valdemarne.com\/espace-pro\/observatoire-du-tourisme\/bilan-de-lactivite-touristique-en-2019\/","title":{"rendered":"Bilan de l\u2019activit\u00e9 touristique en 2019"},"content":{"rendered":"\n<p class=\"is-style-excerpt\">Apr\u00e8s une ann\u00e9e 2018 exceptionnelle, l\u2019ann\u00e9e 2019 confirme la progression de l\u2019activit\u00e9 touristique en Val-de-Marne avec de bons chiffres de fr\u00e9quentation dans les h\u00f4tels et lieux de visite du d\u00e9partement et ce, malgr\u00e9 les difficult\u00e9s qui ont \u00e9maill\u00e9 l\u2019ann\u00e9e : mouvement des gilets jaunes, \u00e9pisodes caniculaires et gr\u00e8ves des transports.<\/p>\n\n\n\n<h2 class=\"wp-block-heading\">Fr\u00e9quentation h\u00f4teli\u00e8re<\/h2>\n\n\n\n<p>En 2019, les h\u00f4tels val-de-marnais ont accueilli 1 949 000 visiteurs, soit une tr\u00e8s l\u00e9g\u00e8re <strong>hausse de +0,6% par rapport \u00e0 2018<\/strong> et donc un nouveau record de fr\u00e9quentation depuis 10 ans. Le nombre de nuit\u00e9es est en revanche en l\u00e9g\u00e8re baisse de -1,8% avec 3 365 000 nuit\u00e9es. L\u2019ann\u00e9e est notamment marqu\u00e9e par une hausse de la client\u00e8le fran\u00e7aise qui peine \u00e0 compenser la forte baisse enregistr\u00e9e aupr\u00e8s des principales client\u00e8les \u00e9trang\u00e8res du d\u00e9partement.<\/p>\n\n\n\n<p><strong>Les points \u00e0 retenir<\/strong><\/p>\n\n\n\n<ul class=\"wp-block-list\"><li><strong>La client\u00e8le fran\u00e7aise progresse<\/strong> : Stable en 2018, la client\u00e8le fran\u00e7aise est \u00e0 nouveau en hausse de 10% en 2019, notamment en juin et ao\u00fbt ainsi que, dans une moindre mesure, sur toute la fin de l\u2019ann\u00e9e (de septembre \u00e0 d\u00e9cembre). Principale client\u00e8le du d\u00e9partement puisqu\u2019elle repr\u00e9sente 64% des arriv\u00e9es h\u00f4teli\u00e8res, sa progression compense le recul des client\u00e8les \u00e9trang\u00e8res en nombre d\u2019arriv\u00e9es mais pas tout \u00e0 fait en nombre de nuit\u00e9es.<\/li><li><strong>Forte baisse des arriv\u00e9es internationales<\/strong> : L\u2019ann\u00e9e 2019 est marqu\u00e9e par le recul des client\u00e8les \u00e9trang\u00e8res avec -15% des arriv\u00e9es et des nuit\u00e9es. Cette baisse s\u2019observe toute l\u2019ann\u00e9e \u00e0 l\u2019exception du mois d\u2019avril et avec des baisses particuli\u00e8rement importantes en mars puis d\u2019ao\u00fbt \u00e0 novembre. <\/li><li><strong>Le tourisme d\u2019affaires stable<\/strong> : La part du tourisme d\u2019affaires continue de progresser en 2019 et s\u2019\u00e9tablit \u00e0 60% des nuit\u00e9es (+4 points). Le nombre de nuit\u00e9es est stable (-0,7%) avec n\u00e9anmoins des variations contrast\u00e9es : baisse au premier semestre (sauf f\u00e9vrier qui est en hausse), hausse l\u2019\u00e9t\u00e9 et l\u00e9ger recul sur la fin de l\u2019ann\u00e9e (octobre \u00e0 d\u00e9cembre).<\/li><li><strong>Les principales client\u00e8les \u00e9trang\u00e8res du Val-de-Marne en baisse<\/strong> : Si les client\u00e8les europ\u00e9ennes sont en l\u00e9ger recul, ce sont surtout les client\u00e8les am\u00e9ricaines et asiatiques qui manquent \u00e0 l\u2019appel. Premi\u00e8re client\u00e8le \u00e9trang\u00e8re du d\u00e9partement, les chinois sont en recul de -28% en nuit\u00e9es, les Am\u00e9ricains -17% et les Anglais -18%.<\/li><li><strong>73,6% de taux d\u2019occupation soit -1,8 points<\/strong> : Apr\u00e8s une forte progression en 2018 (+5 points), le taux d\u2019occupation recule un peu en 2019. Il reste proche de la moyenne r\u00e9gionale \u00e0 75%, \u00e9galement en recul de 1,5 point. Le TO recule de 2 \u00e0 4 points en mars, mai, juillet, septembre et octobre. Les autres mois sont stables avec de l\u00e9g\u00e8res progressions en avril et juin.<\/li><li><strong>Recul de l\u2019occupation dans les \u00e9tablissements non class\u00e9s<\/strong> : Ce sont surtout les h\u00f4tels non class\u00e9s qui voient leurs taux d\u2019occupation reculer (-5 points), ainsi que les 3 \u00e9toiles dans une moindre mesure (-1 point). Le TO est stable pour les 1-2 \u00e9toiles et les 4-5 \u00e9toiles.<\/li><li><strong>Un chiffre d\u2019affaires stable pour les h\u00f4teliers <\/strong>: La baisse du taux d\u2019occupation a \u00e9t\u00e9 compens\u00e9e par une l\u00e9g\u00e8re hausse du prix des chambres (+2%) qui s\u2019\u00e9tablit \u00e0 73\u20ac en moyenne. Le chiffre d\u2019affaires par chambre disponible (RevPAR) est donc stable avec 54\u20ac en moyenne dans le d\u00e9partement. <\/li><li><strong>Le parc h\u00f4telier val-de-marnais se d\u00e9veloppe<\/strong> : L\u2019ann\u00e9e 2019 a \u00e9galement \u00e9t\u00e9 marqu\u00e9e par l\u2019inauguration de plusieurs \u00e9tablissements h\u00f4teliers en Val-de-Marne. En avril, Accor inaugurait le premier \u00e9tablissement francilien du nouveau concept JO&amp;JOE \u00e0 Gentilly : une auberge de jeunesse avec plus de 600 lits en dortoirs, chambres privatives ou cabines. En novembre, c\u2019est un Ibis Style de 200 chambres qui \u00e9tait inaugur\u00e9, juste \u00e0 c\u00f4t\u00e9 du Mercure Paris Orly Tech A\u00e9roport qui a r\u00e9ouvert en mars 2019 apr\u00e8s un an de r\u00e9novation compl\u00e8te. Enfin le Hilton Garden Inn Paris Orly Airport \u00e9tait inaugur\u00e9 en d\u00e9cembre avec 105 chambres \u00e0 Rungis \u00e0 proximit\u00e9 du parc d\u2019affaires Icade et de l\u2019a\u00e9roport Paris Orly.<\/li><\/ul>\n\n\n\n<p class=\"is-style-highlight\">Consultez le <a href=\"https:\/\/www.tourisme-valdemarne.com\/espace-pro\/observatoire-du-tourisme\/frequentation-hoteliere\/frequentation-hoteliere-2019\/\" target=\"_blank\" rel=\"noreferrer noopener\" aria-label=\" (s\u2019ouvre dans un nouvel onglet)\">bilan complet de la fr\u00e9quentation h\u00f4teli\u00e8re de 2019<\/a>.<\/p>\n\n\n\n<h2 class=\"wp-block-heading\">Fr\u00e9quentation des sites de visite<\/h2>\n\n\n\n<p>La fr\u00e9quentation des sites de visites est plut\u00f4t \u00e0 la <strong>hausse en 2019 par rapport \u00e0 2018 avec 4% de visiteurs de plus au total<\/strong>. N\u00e9anmoins, les situations sont diff\u00e9rentes d\u2019un site \u00e0 l\u2019autre :<\/p>\n\n\n\n<ul class=\"wp-block-list\"><li>Parc zoologique de Paris \u2013 Zoo de Vincennes : 570 000 visiteurs (en hausse)<\/li><li>Palais de la Porte Dor\u00e9e : 525 594 visiteurs (en hausse)<\/li><li>Playmobil Funpark : 265 000 visiteurs<\/li><li>Golf du parc du Tremblay : 179 758 visiteurs (stable)<\/li><li>Ch\u00e2teau de Vincennes : 133 000 visiteurs (l\u00e9g\u00e8re baisse)<\/li><li>Explorad\u00f4me : 64 219 visiteurs (l\u00e9g\u00e8re baisse)<\/li><li>Ferme de Paris : 60 000 visiteurs (stable)<\/li><li>MAC VAL : 55 747 visiteurs (en baisse)<\/li><li><a href=\"https:\/\/www.tourisme-valdemarne.com\/loisir\/hippodrome-de-paris-vincennes\/\">Hippodrome de Vincennes<\/a> (restaurant) : 39 813 visiteurs (en hausse)<\/li><li>Centre de d\u00e9veloppement chor\u00e9graphique du Val-de-Marne, la Briqueterie : 20 345 visiteurs (en hausse)<\/li><li>MABA \u2013 Fondation des artistes : 11 352 visiteurs (en hausse)<\/li><li>Mus\u00e9e Fragonard de l\u2019Ecole nationale v\u00e9t\u00e9rinaire d\u2019Alfort : 10 000 visiteurs (en hausse)<\/li><\/ul>\n\n\n\n<p>Le mouvement des gilets jaunes, les \u00e9pisodes caniculaires de l\u2019\u00e9t\u00e9 et les gr\u00e8ves des transports en fin d\u2019ann\u00e9e ont n\u00e9anmoins impact\u00e9 les lieux de visites du d\u00e9partement (MAC VAL, Ch\u00e2teau de Vincennes, Expl\u00f4radome, etc). A l\u2019inverse, le succ\u00e8s de certaines expositions ou de programmation d\u2019\u00e9v\u00e9nements sp\u00e9cifiques ont permis de belles hausses de fr\u00e9quentation (Hippodrome de Vincennes, Briqueterie, MABA, etc).<\/p>\n\n\n\n<p class=\"is-style-highlight\">Consultez le bilan complet de la <a href=\"https:\/\/www.tourisme-valdemarne.com\/espace-pro\/observatoire-du-tourisme\/frequentation-des-sites-et-evenements\/frequentation-des-sites-et-evenements-2019\/\" target=\"_blank\" rel=\"noreferrer noopener\" aria-label=\" (s\u2019ouvre dans un nouvel onglet)\">fr\u00e9quentation des sites de visite de l\u2019ann\u00e9e 2019<\/a>.<\/p>\n\n\n\n<h2 class=\"wp-block-heading\">Fr\u00e9quentation des \u00e9v\u00e9nements<\/h2>\n\n\n\n<p>La fr\u00e9quentation des \u00e9v\u00e9nements est \u00e9galement en <strong>hausse de 4% par rapport \u00e0 2018<\/strong>, en nombre total de participants. Voici les chiffres de fr\u00e9quentation des principaux \u00e9v\u00e9nements du d\u00e9partement :<\/p>\n\n\n\n<ul class=\"wp-block-list\"><li>We love green : 80 000 spectateurs (en hausse)<\/li><li>Champigny Plage : 50 000 participants (en hausse)<\/li><li>Saint-Maur Food Truck Festival : 45 000 participants (en hausse)<\/li><li>Festival Cin\u00e9 Junior 94 : 44 627 spectateurs (en hausse)<\/li><li>Festival Films de Femmes : 30 000 spectateurs (en baisse)<\/li><li>Festival Hip Hop Kalypso : 28 186 spectateurs (en hausse)<\/li><li>Festi\u2019Val-de-Marne : 25 381 spectateurs (stable)<\/li><li>L\u2019Oasis : 25 100 spectateurs (en baisse)<\/li><li>Biennale de danse du Val-de-Marne : 12 911 spectateurs (en hausse)<\/li><\/ul>\n\n\n\n<p class=\"is-style-highlight\">Consultez le bilan complet de la <a rel=\"noreferrer noopener\" aria-label=\"fr\u00e9quentation des \u00e9v\u00e8nements de 2019 (s\u2019ouvre dans un nouvel onglet)\" href=\"https:\/\/www.tourisme-valdemarne.com\/espace-pro\/observatoire-du-tourisme\/frequentation-des-sites-et-evenements\/frequentation-des-sites-et-evenements-2019\/#evenements19\" target=\"_blank\">fr\u00e9quentation des \u00e9v\u00e8nements de 2019<\/a>.<\/p>\n\n\n\n<h2 class=\"wp-block-heading\">A\u00e9roport Paris-Orly<\/h2>\n\n\n\n<p>L\u2019a\u00e9roport Paris-Orly a accueilli plus de <strong>31 millions de passagers en 2019<\/strong>, soit presque 30% du trafic de Paris A\u00e9roport. Le nombre de passagers est en baisse de 3,8% \u00e0 l\u2019a\u00e9roport Paris-Orly tandis qu\u2019il progresse de 5,4% \u00e0 l\u2019a\u00e9roport Charles de Gaulle. <\/p>\n\n\n\n<p>Ce recul s\u2019explique surtout par la fermeture pour <strong>travaux de la principale piste d\u2019Orly<\/strong> entre le 28 juillet et le 2 d\u00e9cembre, mais aussi par la faillite de la compagnie Aigle Azur en septembre 2019.<\/p>\n","protected":false},"excerpt":{"rendered":"<p>Apr\u00e8s une ann\u00e9e 2018 exceptionnelle, l\u2019ann\u00e9e 2019 confirme la progression de l\u2019activit\u00e9 touristique en Val-de-Marne avec de bons chiffres de fr\u00e9quentation dans les h\u00f4tels et lieux de visite du d\u00e9partement et ce, malgr\u00e9 les difficult\u00e9s qui ont \u00e9maill\u00e9 l\u2019ann\u00e9e : mouvement des gilets jaunes, \u00e9pisodes caniculaires et gr\u00e8ves des transports. Fr\u00e9quentation h\u00f4teli\u00e8re En 2019, les [&hellip;]<\/p>\n","protected":false},"author":1,"featured_media":3005,"parent":13,"menu_order":92,"comment_status":"closed","ping_status":"closed","template":"","meta":{"_relevanssi_hide_post":"","_relevanssi_hide_content":"","_relevanssi_pin_for_all":"","_relevanssi_pin_keywords":"","_relevanssi_unpin_keywords":"","_relevanssi_related_keywords":"","_relevanssi_related_include_ids":"","_relevanssi_related_exclude_ids":"","_relevanssi_related_no_append":"","_relevanssi_related_not_related":"","_relevanssi_related_posts":"444,2751,442,2741,2749,8104","_relevanssi_noindex_reason":"","footnotes":""},"vdmTagMarketing":[],"class_list":["post-8198","page","type-page","status-publish","has-post-thumbnail","hentry"],"acf":[],"yoast_head":"<!-- This site is optimized with the Yoast SEO plugin v23.9 - https:\/\/yoast.com\/wordpress\/plugins\/seo\/ -->\n<title>Bilan de l\u2019activit\u00e9 touristique en 2019 - Espace Pro<\/title>\n<meta name=\"description\" content=\"D\u00e9couvrez le bilan global de l&#039;activit\u00e9 touristique en 2019 dans le d\u00e9partement du Val-de-Marne (94).\" \/>\n<meta name=\"robots\" content=\"index, follow, max-snippet:-1, max-image-preview:large, max-video-preview:-1\" \/>\n<link rel=\"canonical\" href=\"https:\/\/www.tourisme-valdemarne.com\/espace-pro\/observatoire-du-tourisme\/bilan-de-lactivite-touristique-en-2019\/\" \/>\n<meta property=\"og:locale\" content=\"fr_FR\" \/>\n<meta property=\"og:type\" content=\"article\" \/>\n<meta property=\"og:title\" content=\"Bilan de l\u2019activit\u00e9 touristique en 2019 - Espace Pro\" \/>\n<meta property=\"og:description\" content=\"D\u00e9couvrez le bilan global de l&#039;activit\u00e9 touristique en 2019 dans le d\u00e9partement du Val-de-Marne (94).\" \/>\n<meta property=\"og:url\" content=\"https:\/\/www.tourisme-valdemarne.com\/espace-pro\/observatoire-du-tourisme\/bilan-de-lactivite-touristique-en-2019\/\" \/>\n<meta property=\"og:site_name\" content=\"Espace Pro\" \/>\n<meta property=\"article:modified_time\" content=\"2024-03-04T15:14:12+00:00\" \/>\n<meta property=\"og:image\" content=\"https:\/\/www.tourisme-valdemarne.com\/espace-pro\/wp-content\/uploads\/sites\/3\/2019\/05\/palais-porte-doree.jpg\" \/>\n\t<meta property=\"og:image:width\" content=\"1600\" \/>\n\t<meta property=\"og:image:height\" content=\"1065\" \/>\n\t<meta property=\"og:image:type\" content=\"image\/jpeg\" \/>\n<meta name=\"twitter:card\" content=\"summary_large_image\" \/>\n<meta name=\"twitter:label1\" content=\"Dur\u00e9e de lecture estim\u00e9e\" \/>\n\t<meta name=\"twitter:data1\" content=\"6 minutes\" \/>\n<script type=\"application\/ld+json\" class=\"yoast-schema-graph\">{\"@context\":\"https:\/\/schema.org\",\"@graph\":[{\"@type\":\"WebPage\",\"@id\":\"https:\/\/www.tourisme-valdemarne.com\/espace-pro\/observatoire-du-tourisme\/bilan-de-lactivite-touristique-en-2019\/\",\"url\":\"https:\/\/www.tourisme-valdemarne.com\/espace-pro\/observatoire-du-tourisme\/bilan-de-lactivite-touristique-en-2019\/\",\"name\":\"Bilan de l\u2019activit\u00e9 touristique en 2019 - Espace Pro\",\"isPartOf\":{\"@id\":\"https:\/\/www.tourisme-valdemarne.com\/espace-pro\/#website\"},\"primaryImageOfPage\":{\"@id\":\"https:\/\/www.tourisme-valdemarne.com\/espace-pro\/observatoire-du-tourisme\/bilan-de-lactivite-touristique-en-2019\/#primaryimage\"},\"image\":{\"@id\":\"https:\/\/www.tourisme-valdemarne.com\/espace-pro\/observatoire-du-tourisme\/bilan-de-lactivite-touristique-en-2019\/#primaryimage\"},\"thumbnailUrl\":\"https:\/\/www.tourisme-valdemarne.com\/espace-pro\/wp-content\/uploads\/sites\/3\/2019\/05\/palais-porte-doree.jpg\",\"datePublished\":\"2020-12-10T21:34:02+00:00\",\"dateModified\":\"2024-03-04T15:14:12+00:00\",\"description\":\"D\u00e9couvrez le bilan global de l'activit\u00e9 touristique en 2019 dans le d\u00e9partement du Val-de-Marne (94).\",\"breadcrumb\":{\"@id\":\"https:\/\/www.tourisme-valdemarne.com\/espace-pro\/observatoire-du-tourisme\/bilan-de-lactivite-touristique-en-2019\/#breadcrumb\"},\"inLanguage\":\"fr-FR\",\"potentialAction\":[{\"@type\":\"ReadAction\",\"target\":[\"https:\/\/www.tourisme-valdemarne.com\/espace-pro\/observatoire-du-tourisme\/bilan-de-lactivite-touristique-en-2019\/\"]}]},{\"@type\":\"ImageObject\",\"inLanguage\":\"fr-FR\",\"@id\":\"https:\/\/www.tourisme-valdemarne.com\/espace-pro\/observatoire-du-tourisme\/bilan-de-lactivite-touristique-en-2019\/#primaryimage\",\"url\":\"https:\/\/www.tourisme-valdemarne.com\/espace-pro\/wp-content\/uploads\/sites\/3\/2019\/05\/palais-porte-doree.jpg\",\"contentUrl\":\"https:\/\/www.tourisme-valdemarne.com\/espace-pro\/wp-content\/uploads\/sites\/3\/2019\/05\/palais-porte-doree.jpg\",\"width\":1600,\"height\":1065,\"caption\":\"Palais de la Porte Dor\u00e9e \u00a9 CDT94\/N.Jestin\"},{\"@type\":\"BreadcrumbList\",\"@id\":\"https:\/\/www.tourisme-valdemarne.com\/espace-pro\/observatoire-du-tourisme\/bilan-de-lactivite-touristique-en-2019\/#breadcrumb\",\"itemListElement\":[{\"@type\":\"ListItem\",\"position\":1,\"name\":\"Accueil\",\"item\":\"https:\/\/www.tourisme-valdemarne.com\/espace-pro\/\"},{\"@type\":\"ListItem\",\"position\":2,\"name\":\"Observatoire du tourisme\",\"item\":\"https:\/\/www.tourisme-valdemarne.com\/espace-pro\/observatoire-du-tourisme\/\"},{\"@type\":\"ListItem\",\"position\":3,\"name\":\"Bilan de l\u2019activit\u00e9 touristique en 2019\"}]},{\"@type\":\"WebSite\",\"@id\":\"https:\/\/www.tourisme-valdemarne.com\/espace-pro\/#website\",\"url\":\"https:\/\/www.tourisme-valdemarne.com\/espace-pro\/\",\"name\":\"Espace Pro\",\"description\":\"Informations et outils pour les professionnels et la Presse\",\"potentialAction\":[{\"@type\":\"SearchAction\",\"target\":{\"@type\":\"EntryPoint\",\"urlTemplate\":\"https:\/\/www.tourisme-valdemarne.com\/espace-pro\/?s={search_term_string}\"},\"query-input\":{\"@type\":\"PropertyValueSpecification\",\"valueRequired\":true,\"valueName\":\"search_term_string\"}}],\"inLanguage\":\"fr-FR\"}]}<\/script>\n<!-- \/ Yoast SEO plugin. -->","yoast_head_json":{"title":"Bilan de l\u2019activit\u00e9 touristique en 2019 - Espace Pro","description":"D\u00e9couvrez le bilan global de l'activit\u00e9 touristique en 2019 dans le d\u00e9partement du Val-de-Marne (94).","robots":{"index":"index","follow":"follow","max-snippet":"max-snippet:-1","max-image-preview":"max-image-preview:large","max-video-preview":"max-video-preview:-1"},"canonical":"https:\/\/www.tourisme-valdemarne.com\/espace-pro\/observatoire-du-tourisme\/bilan-de-lactivite-touristique-en-2019\/","og_locale":"fr_FR","og_type":"article","og_title":"Bilan de l\u2019activit\u00e9 touristique en 2019 - Espace Pro","og_description":"D\u00e9couvrez le bilan global de l'activit\u00e9 touristique en 2019 dans le d\u00e9partement du Val-de-Marne (94).","og_url":"https:\/\/www.tourisme-valdemarne.com\/espace-pro\/observatoire-du-tourisme\/bilan-de-lactivite-touristique-en-2019\/","og_site_name":"Espace Pro","article_modified_time":"2024-03-04T15:14:12+00:00","og_image":[{"width":1600,"height":1065,"url":"https:\/\/www.tourisme-valdemarne.com\/espace-pro\/wp-content\/uploads\/sites\/3\/2019\/05\/palais-porte-doree.jpg","type":"image\/jpeg"}],"twitter_card":"summary_large_image","twitter_misc":{"Dur\u00e9e de lecture estim\u00e9e":"6 minutes"},"schema":{"@context":"https:\/\/schema.org","@graph":[{"@type":"WebPage","@id":"https:\/\/www.tourisme-valdemarne.com\/espace-pro\/observatoire-du-tourisme\/bilan-de-lactivite-touristique-en-2019\/","url":"https:\/\/www.tourisme-valdemarne.com\/espace-pro\/observatoire-du-tourisme\/bilan-de-lactivite-touristique-en-2019\/","name":"Bilan de l\u2019activit\u00e9 touristique en 2019 - Espace Pro","isPartOf":{"@id":"https:\/\/www.tourisme-valdemarne.com\/espace-pro\/#website"},"primaryImageOfPage":{"@id":"https:\/\/www.tourisme-valdemarne.com\/espace-pro\/observatoire-du-tourisme\/bilan-de-lactivite-touristique-en-2019\/#primaryimage"},"image":{"@id":"https:\/\/www.tourisme-valdemarne.com\/espace-pro\/observatoire-du-tourisme\/bilan-de-lactivite-touristique-en-2019\/#primaryimage"},"thumbnailUrl":"https:\/\/www.tourisme-valdemarne.com\/espace-pro\/wp-content\/uploads\/sites\/3\/2019\/05\/palais-porte-doree.jpg","datePublished":"2020-12-10T21:34:02+00:00","dateModified":"2024-03-04T15:14:12+00:00","description":"D\u00e9couvrez le bilan global de l'activit\u00e9 touristique en 2019 dans le d\u00e9partement du Val-de-Marne (94).","breadcrumb":{"@id":"https:\/\/www.tourisme-valdemarne.com\/espace-pro\/observatoire-du-tourisme\/bilan-de-lactivite-touristique-en-2019\/#breadcrumb"},"inLanguage":"fr-FR","potentialAction":[{"@type":"ReadAction","target":["https:\/\/www.tourisme-valdemarne.com\/espace-pro\/observatoire-du-tourisme\/bilan-de-lactivite-touristique-en-2019\/"]}]},{"@type":"ImageObject","inLanguage":"fr-FR","@id":"https:\/\/www.tourisme-valdemarne.com\/espace-pro\/observatoire-du-tourisme\/bilan-de-lactivite-touristique-en-2019\/#primaryimage","url":"https:\/\/www.tourisme-valdemarne.com\/espace-pro\/wp-content\/uploads\/sites\/3\/2019\/05\/palais-porte-doree.jpg","contentUrl":"https:\/\/www.tourisme-valdemarne.com\/espace-pro\/wp-content\/uploads\/sites\/3\/2019\/05\/palais-porte-doree.jpg","width":1600,"height":1065,"caption":"Palais de la Porte Dor\u00e9e \u00a9 CDT94\/N.Jestin"},{"@type":"BreadcrumbList","@id":"https:\/\/www.tourisme-valdemarne.com\/espace-pro\/observatoire-du-tourisme\/bilan-de-lactivite-touristique-en-2019\/#breadcrumb","itemListElement":[{"@type":"ListItem","position":1,"name":"Accueil","item":"https:\/\/www.tourisme-valdemarne.com\/espace-pro\/"},{"@type":"ListItem","position":2,"name":"Observatoire du tourisme","item":"https:\/\/www.tourisme-valdemarne.com\/espace-pro\/observatoire-du-tourisme\/"},{"@type":"ListItem","position":3,"name":"Bilan de l\u2019activit\u00e9 touristique en 2019"}]},{"@type":"WebSite","@id":"https:\/\/www.tourisme-valdemarne.com\/espace-pro\/#website","url":"https:\/\/www.tourisme-valdemarne.com\/espace-pro\/","name":"Espace Pro","description":"Informations et outils pour les professionnels et la Presse","potentialAction":[{"@type":"SearchAction","target":{"@type":"EntryPoint","urlTemplate":"https:\/\/www.tourisme-valdemarne.com\/espace-pro\/?s={search_term_string}"},"query-input":{"@type":"PropertyValueSpecification","valueRequired":true,"valueName":"search_term_string"}}],"inLanguage":"fr-FR"}]}},"_links":{"self":[{"href":"https:\/\/www.tourisme-valdemarne.com\/espace-pro\/wp-json\/wp\/v2\/pages\/8198","targetHints":{"allow":["GET"]}}],"collection":[{"href":"https:\/\/www.tourisme-valdemarne.com\/espace-pro\/wp-json\/wp\/v2\/pages"}],"about":[{"href":"https:\/\/www.tourisme-valdemarne.com\/espace-pro\/wp-json\/wp\/v2\/types\/page"}],"author":[{"embeddable":true,"href":"https:\/\/www.tourisme-valdemarne.com\/espace-pro\/wp-json\/wp\/v2\/users\/1"}],"replies":[{"embeddable":true,"href":"https:\/\/www.tourisme-valdemarne.com\/espace-pro\/wp-json\/wp\/v2\/comments?post=8198"}],"version-history":[{"count":4,"href":"https:\/\/www.tourisme-valdemarne.com\/espace-pro\/wp-json\/wp\/v2\/pages\/8198\/revisions"}],"predecessor-version":[{"id":26534,"href":"https:\/\/www.tourisme-valdemarne.com\/espace-pro\/wp-json\/wp\/v2\/pages\/8198\/revisions\/26534"}],"up":[{"embeddable":true,"href":"https:\/\/www.tourisme-valdemarne.com\/espace-pro\/wp-json\/wp\/v2\/pages\/13"}],"wp:featuredmedia":[{"embeddable":true,"href":"https:\/\/www.tourisme-valdemarne.com\/espace-pro\/wp-json\/wp\/v2\/media\/3005"}],"wp:attachment":[{"href":"https:\/\/www.tourisme-valdemarne.com\/espace-pro\/wp-json\/wp\/v2\/media?parent=8198"}],"wp:term":[{"taxonomy":"vdmTagMarketing","embeddable":true,"href":"https:\/\/www.tourisme-valdemarne.com\/espace-pro\/wp-json\/wp\/v2\/vdmTagMarketing?post=8198"}],"curies":[{"name":"wp","href":"https:\/\/api.w.org\/{rel}","templated":true}]}}