{"id":8192,"date":"2020-12-10T22:28:27","date_gmt":"2020-12-10T21:28:27","guid":{"rendered":"https:\/\/www.tourisme-valdemarne.com\/espace-pro\/frequentation-des-sites-et-evenements-2019"},"modified":"2024-03-04T16:15:22","modified_gmt":"2024-03-04T15:15:22","slug":"frequentation-des-sites-et-evenements-2019","status":"publish","type":"page","link":"https:\/\/www.tourisme-valdemarne.com\/espace-pro\/observatoire-du-tourisme\/frequentation-des-sites-et-evenements\/frequentation-des-sites-et-evenements-2019\/","title":{"rendered":"Fr\u00e9quentation des sites et \u00e9v\u00e8nements 2019"},"content":{"rendered":"\n<p class=\"is-style-excerpt\">Val-de-Marne Tourisme &amp; Loisirs interroge chaque ann\u00e9e les sites de visite, ainsi que les organisateurs d\u2019\u00e9v\u00e9nements du d\u00e9partement. En 2019, la fr\u00e9quentation est plut\u00f4t en hausse au sein des monuments, mus\u00e9es et festivals du territoire.<\/p>\n\n\n\n<h2 class=\"wp-block-heading\">SITES DE VISITE (MUS\u00c9ES, MONUMENTS, SITES DE LOISIRS, ETC.)<\/h2>\n\n\n\n<p>Une vingtaine de mus\u00e9es, monuments et sites de loisirs val-de-marnais ont r\u00e9pondu \u00e0 notre enqu\u00eate pour 2019. La fr\u00e9quentation des sites de visites est globalement \u00e0 la hausse en 2019 par rapport \u00e0 2018 avec 4% de visiteurs de plus au total.<\/p>\n\n\n\n<p><strong>Top 5 des sites les plus visit\u00e9s en Val-de-Marne&nbsp;:<\/strong><\/p>\n\n\n\n<ul class=\"wp-block-list\"><li>Playmobil Funpark&nbsp;: 265&nbsp;000 visiteurs<\/li><li>Golf du parc du Tremblay&nbsp;: 179&nbsp;758 visiteurs (stable)<\/li><li>Ch\u00e2teau de Vincennes : 133 000 visiteurs (l\u00e9g\u00e8re baisse)<\/li><li>Explorad\u00f4me : 64 219 visiteurs (l\u00e9g\u00e8re baisse)<\/li><li>MAC VAL : 55 747 visiteurs (en baisse)<\/li><\/ul>\n\n\n\n<p>N\u00e9anmoins dans le d\u00e9tail les situations sont plus contrast\u00e9es&nbsp;: 50% des sites ont vu leur fr\u00e9quentation baisser tandis que 34% seulement ont enregistr\u00e9 une hausse.<\/p>\n\n\n\n<p>Le mouvement des gilets jaunes, les \u00e9pisodes caniculaires de l\u2019\u00e9t\u00e9 et les gr\u00e8ves des transports en fin d\u2019ann\u00e9e ont n\u00e9anmoins impact\u00e9 les lieux de visites du d\u00e9partement (MAC VAL, Ch\u00e2teau de Vincennes, Expl\u00f4radome, etc). A l\u2019inverse, le succ\u00e8s de certaines expositions ou de programmation d\u2019\u00e9v\u00e9nements sp\u00e9cifiques ont permis de belles hausses de fr\u00e9quentation (<a href=\"https:\/\/www.tourisme-valdemarne.com\/loisir\/hippodrome-de-paris-vincennes\/\">Hippodrome de Vincennes<\/a>, Briqueterie, MABA, etc).<\/p>\n\n\n\n<p>La majorit\u00e9 des visiteurs sont des particuliers, mais les sites interrog\u00e9s accueillent \u00e9galement 38% de groupes (adultes et scolaires). 54% des visiteurs en moyenne sont originaires du Val-de-Marne et 45% sont des franciliens. Les mus\u00e9es et sites de loisirs accueillent \u00e9galement 5% de fran\u00e7ais d\u2019autres r\u00e9gions et 6% d\u2019\u00e9trangers.<\/p>\n\n\n\n<h3 class=\"wp-block-heading\">Liste compl\u00e8te de la fr\u00e9quentation par lieu<\/h3>\n\n\n\n<h2 class=\"wp-block-heading\" id=\"evenements19\">EV\u00c8NEMENTS<\/h2>\n\n\n\n<p>La fr\u00e9quentation des \u00e9v\u00e9nements est \u00e9galement en hausse de 4% par rapport \u00e0 2018, en nombre total de participants. Voici les chiffres de fr\u00e9quentation des principaux \u00e9v\u00e9nements du d\u00e9partement&nbsp;:<\/p>\n\n\n\n<p><strong>Top 5 des \u00e9v\u00e9nements val-de-marnais&nbsp;:<\/strong><\/p>\n\n\n\n<ul class=\"wp-block-list\"><li>Champigny Plage&nbsp;: 50&nbsp;000 participants (en hausse)<\/li><li>Saint-Maur Food Truck Festival&nbsp;: 45&nbsp;000 participants (en hausse)<\/li><li>Festival Cin\u00e9 Junior 94&nbsp;: 44&nbsp;627 spectateurs (en hausse)<\/li><li>Festival Films de Femmes&nbsp;: 30&nbsp;000 spectateurs (en baisse)<\/li><li>Festival Hip Hop Kalypso&nbsp;: 28&nbsp;186 spectateurs (en hausse)<\/li><\/ul>\n\n\n\n<p>La moiti\u00e9 des \u00e9v\u00e9nements interrog\u00e9s ont accueilli plus de spectateurs qu\u2019en 2018, 31% ont vu baisser leur fr\u00e9quentation et 7% sont stables. Parmi les plus belles progressions on note notamment Champigny Plage (+43%), le Saint-Maur Food Truck Festival (+50%), la Biennale de Gentilly (+100% par rapport \u00e0 l\u2019\u00e9dition pr\u00e9c\u00e9dente) ou encore le Festi\u2019Val-de-Marne (+33%).<\/p>\n\n\n\n<p>Le public accueilli est majoritairement val-de-marnais (72%) et francilien (28%).<\/p>\n","protected":false},"excerpt":{"rendered":"<p>Val-de-Marne Tourisme &amp; Loisirs interroge chaque ann\u00e9e les sites de visite, ainsi que les organisateurs d\u2019\u00e9v\u00e9nements du d\u00e9partement. En 2019, la fr\u00e9quentation est plut\u00f4t en hausse au sein des monuments, mus\u00e9es et festivals du territoire. SITES DE VISITE (MUS\u00c9ES, MONUMENTS, SITES DE LOISIRS, ETC.) Une vingtaine de mus\u00e9es, monuments et sites de loisirs val-de-marnais ont [&hellip;]<\/p>\n","protected":false},"author":1,"featured_media":8243,"parent":947,"menu_order":0,"comment_status":"closed","ping_status":"closed","template":"","meta":{"_relevanssi_hide_post":"","_relevanssi_hide_content":"","_relevanssi_pin_for_all":"","_relevanssi_pin_keywords":"","_relevanssi_unpin_keywords":"","_relevanssi_related_keywords":"","_relevanssi_related_include_ids":"","_relevanssi_related_exclude_ids":"","_relevanssi_related_no_append":"","_relevanssi_related_not_related":"","_relevanssi_related_posts":"2741,442,2749,444,2751,2747","_relevanssi_noindex_reason":"","footnotes":""},"vdmTagMarketing":[],"class_list":["post-8192","page","type-page","status-publish","has-post-thumbnail","hentry"],"acf":[],"yoast_head":"<!-- This site is optimized with the Yoast SEO plugin v23.9 - https:\/\/yoast.com\/wordpress\/plugins\/seo\/ -->\n<title>Fr\u00e9quentation des sites et \u00e9v\u00e8nements 2019 - Espace Pro<\/title>\n<meta name=\"description\" content=\"D\u00e9couvrez les chiffres de la fr\u00e9quentation des sites et \u00e9v\u00e9nements de l&#039;ann\u00e9e 2019 en Val-de-Marne (94).\" \/>\n<meta name=\"robots\" content=\"index, follow, max-snippet:-1, max-image-preview:large, max-video-preview:-1\" \/>\n<link rel=\"canonical\" href=\"https:\/\/www.tourisme-valdemarne.com\/espace-pro\/observatoire-du-tourisme\/frequentation-des-sites-et-evenements\/frequentation-des-sites-et-evenements-2019\/\" \/>\n<meta property=\"og:locale\" content=\"fr_FR\" \/>\n<meta property=\"og:type\" content=\"article\" \/>\n<meta property=\"og:title\" content=\"Fr\u00e9quentation des sites et \u00e9v\u00e8nements 2019 - Espace Pro\" \/>\n<meta property=\"og:description\" content=\"D\u00e9couvrez les chiffres de la fr\u00e9quentation des sites et \u00e9v\u00e9nements de l&#039;ann\u00e9e 2019 en Val-de-Marne (94).\" \/>\n<meta property=\"og:url\" content=\"https:\/\/www.tourisme-valdemarne.com\/espace-pro\/observatoire-du-tourisme\/frequentation-des-sites-et-evenements\/frequentation-des-sites-et-evenements-2019\/\" \/>\n<meta property=\"og:site_name\" content=\"Espace Pro\" \/>\n<meta property=\"article:modified_time\" content=\"2024-03-04T15:15:22+00:00\" \/>\n<meta property=\"og:image\" content=\"https:\/\/www.tourisme-valdemarne.com\/espace-pro\/wp-content\/uploads\/sites\/3\/2020\/12\/playmobil-funpark-1-1600x900.jpg\" \/>\n\t<meta property=\"og:image:width\" content=\"1600\" \/>\n\t<meta property=\"og:image:height\" content=\"900\" \/>\n\t<meta property=\"og:image:type\" content=\"image\/jpeg\" \/>\n<meta name=\"twitter:card\" content=\"summary_large_image\" \/>\n<meta name=\"twitter:label1\" content=\"Dur\u00e9e de lecture estim\u00e9e\" \/>\n\t<meta name=\"twitter:data1\" content=\"3 minutes\" \/>\n<script type=\"application\/ld+json\" class=\"yoast-schema-graph\">{\"@context\":\"https:\/\/schema.org\",\"@graph\":[{\"@type\":\"WebPage\",\"@id\":\"https:\/\/www.tourisme-valdemarne.com\/espace-pro\/observatoire-du-tourisme\/frequentation-des-sites-et-evenements\/frequentation-des-sites-et-evenements-2019\/\",\"url\":\"https:\/\/www.tourisme-valdemarne.com\/espace-pro\/observatoire-du-tourisme\/frequentation-des-sites-et-evenements\/frequentation-des-sites-et-evenements-2019\/\",\"name\":\"Fr\u00e9quentation des sites et \u00e9v\u00e8nements 2019 - Espace Pro\",\"isPartOf\":{\"@id\":\"https:\/\/www.tourisme-valdemarne.com\/espace-pro\/#website\"},\"primaryImageOfPage\":{\"@id\":\"https:\/\/www.tourisme-valdemarne.com\/espace-pro\/observatoire-du-tourisme\/frequentation-des-sites-et-evenements\/frequentation-des-sites-et-evenements-2019\/#primaryimage\"},\"image\":{\"@id\":\"https:\/\/www.tourisme-valdemarne.com\/espace-pro\/observatoire-du-tourisme\/frequentation-des-sites-et-evenements\/frequentation-des-sites-et-evenements-2019\/#primaryimage\"},\"thumbnailUrl\":\"https:\/\/www.tourisme-valdemarne.com\/espace-pro\/wp-content\/uploads\/sites\/3\/2020\/12\/playmobil-funpark-1-1600x900.jpg\",\"datePublished\":\"2020-12-10T21:28:27+00:00\",\"dateModified\":\"2024-03-04T15:15:22+00:00\",\"description\":\"D\u00e9couvrez les chiffres de la fr\u00e9quentation des sites et \u00e9v\u00e9nements de l'ann\u00e9e 2019 en Val-de-Marne (94).\",\"breadcrumb\":{\"@id\":\"https:\/\/www.tourisme-valdemarne.com\/espace-pro\/observatoire-du-tourisme\/frequentation-des-sites-et-evenements\/frequentation-des-sites-et-evenements-2019\/#breadcrumb\"},\"inLanguage\":\"fr-FR\",\"potentialAction\":[{\"@type\":\"ReadAction\",\"target\":[\"https:\/\/www.tourisme-valdemarne.com\/espace-pro\/observatoire-du-tourisme\/frequentation-des-sites-et-evenements\/frequentation-des-sites-et-evenements-2019\/\"]}]},{\"@type\":\"ImageObject\",\"inLanguage\":\"fr-FR\",\"@id\":\"https:\/\/www.tourisme-valdemarne.com\/espace-pro\/observatoire-du-tourisme\/frequentation-des-sites-et-evenements\/frequentation-des-sites-et-evenements-2019\/#primaryimage\",\"url\":\"https:\/\/www.tourisme-valdemarne.com\/espace-pro\/wp-content\/uploads\/sites\/3\/2020\/12\/playmobil-funpark-1-1600x900.jpg\",\"contentUrl\":\"https:\/\/www.tourisme-valdemarne.com\/espace-pro\/wp-content\/uploads\/sites\/3\/2020\/12\/playmobil-funpark-1-1600x900.jpg\",\"width\":1600,\"height\":900},{\"@type\":\"BreadcrumbList\",\"@id\":\"https:\/\/www.tourisme-valdemarne.com\/espace-pro\/observatoire-du-tourisme\/frequentation-des-sites-et-evenements\/frequentation-des-sites-et-evenements-2019\/#breadcrumb\",\"itemListElement\":[{\"@type\":\"ListItem\",\"position\":1,\"name\":\"Accueil\",\"item\":\"https:\/\/www.tourisme-valdemarne.com\/espace-pro\/\"},{\"@type\":\"ListItem\",\"position\":2,\"name\":\"Observatoire du tourisme\",\"item\":\"https:\/\/www.tourisme-valdemarne.com\/espace-pro\/observatoire-du-tourisme\/\"},{\"@type\":\"ListItem\",\"position\":3,\"name\":\"Fr\u00e9quentation des sites et \u00e9v\u00e8nements\",\"item\":\"https:\/\/www.tourisme-valdemarne.com\/espace-pro\/observatoire-du-tourisme\/frequentation-des-sites-et-evenements\/\"},{\"@type\":\"ListItem\",\"position\":4,\"name\":\"Fr\u00e9quentation des sites et \u00e9v\u00e8nements 2019\"}]},{\"@type\":\"WebSite\",\"@id\":\"https:\/\/www.tourisme-valdemarne.com\/espace-pro\/#website\",\"url\":\"https:\/\/www.tourisme-valdemarne.com\/espace-pro\/\",\"name\":\"Espace Pro\",\"description\":\"Informations et outils pour les professionnels et la Presse\",\"potentialAction\":[{\"@type\":\"SearchAction\",\"target\":{\"@type\":\"EntryPoint\",\"urlTemplate\":\"https:\/\/www.tourisme-valdemarne.com\/espace-pro\/?s={search_term_string}\"},\"query-input\":{\"@type\":\"PropertyValueSpecification\",\"valueRequired\":true,\"valueName\":\"search_term_string\"}}],\"inLanguage\":\"fr-FR\"}]}<\/script>\n<!-- \/ Yoast SEO plugin. -->","yoast_head_json":{"title":"Fr\u00e9quentation des sites et \u00e9v\u00e8nements 2019 - Espace Pro","description":"D\u00e9couvrez les chiffres de la fr\u00e9quentation des sites et \u00e9v\u00e9nements de l'ann\u00e9e 2019 en Val-de-Marne (94).","robots":{"index":"index","follow":"follow","max-snippet":"max-snippet:-1","max-image-preview":"max-image-preview:large","max-video-preview":"max-video-preview:-1"},"canonical":"https:\/\/www.tourisme-valdemarne.com\/espace-pro\/observatoire-du-tourisme\/frequentation-des-sites-et-evenements\/frequentation-des-sites-et-evenements-2019\/","og_locale":"fr_FR","og_type":"article","og_title":"Fr\u00e9quentation des sites et \u00e9v\u00e8nements 2019 - Espace Pro","og_description":"D\u00e9couvrez les chiffres de la fr\u00e9quentation des sites et \u00e9v\u00e9nements de l'ann\u00e9e 2019 en Val-de-Marne (94).","og_url":"https:\/\/www.tourisme-valdemarne.com\/espace-pro\/observatoire-du-tourisme\/frequentation-des-sites-et-evenements\/frequentation-des-sites-et-evenements-2019\/","og_site_name":"Espace Pro","article_modified_time":"2024-03-04T15:15:22+00:00","og_image":[{"width":1600,"height":900,"url":"https:\/\/www.tourisme-valdemarne.com\/espace-pro\/wp-content\/uploads\/sites\/3\/2020\/12\/playmobil-funpark-1-1600x900.jpg","type":"image\/jpeg"}],"twitter_card":"summary_large_image","twitter_misc":{"Dur\u00e9e de lecture estim\u00e9e":"3 minutes"},"schema":{"@context":"https:\/\/schema.org","@graph":[{"@type":"WebPage","@id":"https:\/\/www.tourisme-valdemarne.com\/espace-pro\/observatoire-du-tourisme\/frequentation-des-sites-et-evenements\/frequentation-des-sites-et-evenements-2019\/","url":"https:\/\/www.tourisme-valdemarne.com\/espace-pro\/observatoire-du-tourisme\/frequentation-des-sites-et-evenements\/frequentation-des-sites-et-evenements-2019\/","name":"Fr\u00e9quentation des sites et \u00e9v\u00e8nements 2019 - Espace Pro","isPartOf":{"@id":"https:\/\/www.tourisme-valdemarne.com\/espace-pro\/#website"},"primaryImageOfPage":{"@id":"https:\/\/www.tourisme-valdemarne.com\/espace-pro\/observatoire-du-tourisme\/frequentation-des-sites-et-evenements\/frequentation-des-sites-et-evenements-2019\/#primaryimage"},"image":{"@id":"https:\/\/www.tourisme-valdemarne.com\/espace-pro\/observatoire-du-tourisme\/frequentation-des-sites-et-evenements\/frequentation-des-sites-et-evenements-2019\/#primaryimage"},"thumbnailUrl":"https:\/\/www.tourisme-valdemarne.com\/espace-pro\/wp-content\/uploads\/sites\/3\/2020\/12\/playmobil-funpark-1-1600x900.jpg","datePublished":"2020-12-10T21:28:27+00:00","dateModified":"2024-03-04T15:15:22+00:00","description":"D\u00e9couvrez les chiffres de la fr\u00e9quentation des sites et \u00e9v\u00e9nements de l'ann\u00e9e 2019 en Val-de-Marne (94).","breadcrumb":{"@id":"https:\/\/www.tourisme-valdemarne.com\/espace-pro\/observatoire-du-tourisme\/frequentation-des-sites-et-evenements\/frequentation-des-sites-et-evenements-2019\/#breadcrumb"},"inLanguage":"fr-FR","potentialAction":[{"@type":"ReadAction","target":["https:\/\/www.tourisme-valdemarne.com\/espace-pro\/observatoire-du-tourisme\/frequentation-des-sites-et-evenements\/frequentation-des-sites-et-evenements-2019\/"]}]},{"@type":"ImageObject","inLanguage":"fr-FR","@id":"https:\/\/www.tourisme-valdemarne.com\/espace-pro\/observatoire-du-tourisme\/frequentation-des-sites-et-evenements\/frequentation-des-sites-et-evenements-2019\/#primaryimage","url":"https:\/\/www.tourisme-valdemarne.com\/espace-pro\/wp-content\/uploads\/sites\/3\/2020\/12\/playmobil-funpark-1-1600x900.jpg","contentUrl":"https:\/\/www.tourisme-valdemarne.com\/espace-pro\/wp-content\/uploads\/sites\/3\/2020\/12\/playmobil-funpark-1-1600x900.jpg","width":1600,"height":900},{"@type":"BreadcrumbList","@id":"https:\/\/www.tourisme-valdemarne.com\/espace-pro\/observatoire-du-tourisme\/frequentation-des-sites-et-evenements\/frequentation-des-sites-et-evenements-2019\/#breadcrumb","itemListElement":[{"@type":"ListItem","position":1,"name":"Accueil","item":"https:\/\/www.tourisme-valdemarne.com\/espace-pro\/"},{"@type":"ListItem","position":2,"name":"Observatoire du tourisme","item":"https:\/\/www.tourisme-valdemarne.com\/espace-pro\/observatoire-du-tourisme\/"},{"@type":"ListItem","position":3,"name":"Fr\u00e9quentation des sites et \u00e9v\u00e8nements","item":"https:\/\/www.tourisme-valdemarne.com\/espace-pro\/observatoire-du-tourisme\/frequentation-des-sites-et-evenements\/"},{"@type":"ListItem","position":4,"name":"Fr\u00e9quentation des sites et \u00e9v\u00e8nements 2019"}]},{"@type":"WebSite","@id":"https:\/\/www.tourisme-valdemarne.com\/espace-pro\/#website","url":"https:\/\/www.tourisme-valdemarne.com\/espace-pro\/","name":"Espace Pro","description":"Informations et outils pour les professionnels et la Presse","potentialAction":[{"@type":"SearchAction","target":{"@type":"EntryPoint","urlTemplate":"https:\/\/www.tourisme-valdemarne.com\/espace-pro\/?s={search_term_string}"},"query-input":{"@type":"PropertyValueSpecification","valueRequired":true,"valueName":"search_term_string"}}],"inLanguage":"fr-FR"}]}},"_links":{"self":[{"href":"https:\/\/www.tourisme-valdemarne.com\/espace-pro\/wp-json\/wp\/v2\/pages\/8192","targetHints":{"allow":["GET"]}}],"collection":[{"href":"https:\/\/www.tourisme-valdemarne.com\/espace-pro\/wp-json\/wp\/v2\/pages"}],"about":[{"href":"https:\/\/www.tourisme-valdemarne.com\/espace-pro\/wp-json\/wp\/v2\/types\/page"}],"author":[{"embeddable":true,"href":"https:\/\/www.tourisme-valdemarne.com\/espace-pro\/wp-json\/wp\/v2\/users\/1"}],"replies":[{"embeddable":true,"href":"https:\/\/www.tourisme-valdemarne.com\/espace-pro\/wp-json\/wp\/v2\/comments?post=8192"}],"version-history":[{"count":7,"href":"https:\/\/www.tourisme-valdemarne.com\/espace-pro\/wp-json\/wp\/v2\/pages\/8192\/revisions"}],"predecessor-version":[{"id":26536,"href":"https:\/\/www.tourisme-valdemarne.com\/espace-pro\/wp-json\/wp\/v2\/pages\/8192\/revisions\/26536"}],"up":[{"embeddable":true,"href":"https:\/\/www.tourisme-valdemarne.com\/espace-pro\/wp-json\/wp\/v2\/pages\/947"}],"wp:featuredmedia":[{"embeddable":true,"href":"https:\/\/www.tourisme-valdemarne.com\/espace-pro\/wp-json\/wp\/v2\/media\/8243"}],"wp:attachment":[{"href":"https:\/\/www.tourisme-valdemarne.com\/espace-pro\/wp-json\/wp\/v2\/media?parent=8192"}],"wp:term":[{"taxonomy":"vdmTagMarketing","embeddable":true,"href":"https:\/\/www.tourisme-valdemarne.com\/espace-pro\/wp-json\/wp\/v2\/vdmTagMarketing?post=8192"}],"curies":[{"name":"wp","href":"https:\/\/api.w.org\/{rel}","templated":true}]}}