{"id":8181,"date":"2020-12-10T22:27:01","date_gmt":"2020-12-10T21:27:01","guid":{"rendered":"https:\/\/www.tourisme-valdemarne.com\/espace-pro\/reunion-d%e2%80%99echange-avec-les-structures-nautiques"},"modified":"2024-02-13T15:16:35","modified_gmt":"2024-02-13T14:16:35","slug":"reunion-dechange-avec-les-structures-nautiques","status":"publish","type":"page","link":"https:\/\/www.tourisme-valdemarne.com\/espace-pro\/expertises-et-projets\/riverside-cities\/valorisation-des-bords-de-marne\/groupes-de-travail\/accompagnement-des-clubs-nautiques-des-bords-de-marne\/reunion-dechange-avec-les-structures-nautiques\/","title":{"rendered":"R\u00e9union d\u2019\u00e9change avec les structures nautiques"},"content":{"rendered":"\n<p class=\"is-style-excerpt\">Val-de-Marne Tourisme &amp; Loisirs (94), Seine-Saint-Denis Tourisme (93), l\u2019office de tourisme Marne &amp; Gondoire (77) et l\u2019office de tourisme de Paris \u2013 Vall\u00e9e de la Marne (77) et l\u2019association Nautisme en Ile-de-France invitent toutes les structures nautiques des bords de Marne \u00e0 une r\u00e9union d\u2019\u00e9change sur le d\u00e9veloppement de l\u2019offre touristique nautique.<\/p>\n\n\n\n<figure class=\"wp-block-image\"><a href=\"https:\/\/www.tourisme-valdemarne.com\/espace-pro\/wp-content\/uploads\/sites\/3\/2020\/02\/ileloisirsvaires.jpg\"><img data-src=\"https:\/\/www.tourisme-valdemarne.com\/espace-pro\/wp-content\/uploads\/sites\/3\/2020\/02\/ileloisirsvaires.jpg\" alt=\"ile loisirs vaires sur marne\" class=\"wp-image-8204\"\/><\/a><figcaption>Ile de loisirs de Vaires-sur-Marne \u00a9 Vaires-sur-Marne<\/figcaption><\/figure>\n\n\n\n<p>La r\u00e9union aura lieu le jeudi 26 mars de 9h30 \u00e0 12h30 \u00e0 l\u2019\u00cele de loisirs de Vaires-sur-Marne dans les locaux de Nautisme en Ile-de-France. <strong id=\"FormReuEchange\"><em>Inscription obligatoire avant le lundi 9 mars dans le formulaire ci-dessous :<\/em><\/strong><\/p>\n\n\n<p><strong>Inscrivez-vous \u00e9galement \u00e0 la r\u00e9union d\u2019avancement STAR Cities<\/strong> le jeudi 26 mars de 14h \u00e0 16h :<\/p>\n<div class=\"wp-block-button aligncenter\"><a class=\"wp-block-button__link\" href=\"https:\/\/www.tourisme-valdemarne.com\/espace-pro\/expertises-et-projets\/riverside-cities\/star-cities\/\">S\u2019inscrire<\/a><\/div>\n<figure class=\"wp-block-image\"><a href=\"https:\/\/www.tourisme-valdemarne.com\/espace-pro\/wp-content\/uploads\/sites\/3\/2020\/02\/logos-nautisme.png\"><img class=\"wp-image-8195\" data-src=\"https:\/\/www.tourisme-valdemarne.com\/espace-pro\/wp-content\/uploads\/sites\/3\/2020\/02\/logos-nautisme.png\" sizes=\"(max-width: 976px) 100vw, 976px\" data-srcset=\"https:\/\/www.tourisme-valdemarne.com\/espace-pro\/wp-content\/uploads\/sites\/3\/2020\/02\/logos-nautisme.png 976w, https:\/\/www.tourisme-valdemarne.com\/espace-pro\/wp-content\/uploads\/sites\/3\/2020\/02\/logos-nautisme-600x60.png 600w, https:\/\/www.tourisme-valdemarne.com\/espace-pro\/wp-content\/uploads\/sites\/3\/2020\/02\/logos-nautisme-900x90.png 900w, https:\/\/www.tourisme-valdemarne.com\/espace-pro\/wp-content\/uploads\/sites\/3\/2020\/02\/logos-nautisme-380x38.png 380w, https:\/\/www.tourisme-valdemarne.com\/espace-pro\/wp-content\/uploads\/sites\/3\/2020\/02\/logos-nautisme-200x20.png 200w\" alt=\"Logos Nautisme STAR Cities\" \/><\/a><\/figure>","protected":false},"excerpt":{"rendered":"<p>Val-de-Marne Tourisme &amp; Loisirs (94), Seine-Saint-Denis Tourisme (93), l\u2019office de tourisme Marne &amp; Gondoire (77) et l\u2019office de tourisme de Paris \u2013 Vall\u00e9e de la Marne (77) et l\u2019association Nautisme en Ile-de-France invitent toutes les structures nautiques des bords de Marne \u00e0 une r\u00e9union d\u2019\u00e9change sur le d\u00e9veloppement de l\u2019offre touristique nautique. La r\u00e9union aura [&hellip;]<\/p>\n","protected":false},"author":1,"featured_media":8235,"parent":8149,"menu_order":0,"comment_status":"closed","ping_status":"closed","template":"","meta":{"_relevanssi_hide_post":"","_relevanssi_hide_content":"","_relevanssi_pin_for_all":"","_relevanssi_pin_keywords":"","_relevanssi_unpin_keywords":"","_relevanssi_related_keywords":"","_relevanssi_related_include_ids":"","_relevanssi_related_exclude_ids":"","_relevanssi_related_no_append":"","_relevanssi_related_not_related":"","_relevanssi_related_posts":"444,2749,8104,8101,8108,8104","_relevanssi_noindex_reason":"","footnotes":""},"vdmTagMarketing":[],"class_list":["post-8181","page","type-page","status-publish","has-post-thumbnail","hentry"],"acf":[],"yoast_head":"<!-- This site is optimized with the Yoast SEO plugin v23.9 - https:\/\/yoast.com\/wordpress\/plugins\/seo\/ -->\n<title>R\u00e9union d\u2019\u00e9change avec les structures nautiques - Espace Pro<\/title>\n<meta name=\"description\" content=\"Val-de-Marne Tourisme &amp; Loisirs (94), Seine-Saint-Denis Tourisme (93), l\u2019office de tourisme Marne &amp; Gondoire (77) et l\u2019office de tourisme de Paris \u2013 Vall\u00e9e de la Marne (77) et l\u2019association Nautisme en Ile-de-France invitent toutes les structures nautiques des bords de Marne \u00e0 une r\u00e9union d\u2019\u00e9change sur le d\u00e9veloppement de l\u2019offre touristique nautique.\" \/>\n<meta name=\"robots\" content=\"noindex, follow\" \/>\n<meta property=\"og:locale\" content=\"fr_FR\" \/>\n<meta property=\"og:type\" content=\"article\" \/>\n<meta property=\"og:title\" content=\"R\u00e9union d\u2019\u00e9change avec les structures nautiques - Espace Pro\" \/>\n<meta property=\"og:description\" content=\"Val-de-Marne Tourisme &amp; Loisirs (94), Seine-Saint-Denis Tourisme (93), l\u2019office de tourisme Marne &amp; Gondoire (77) et l\u2019office de tourisme de Paris \u2013 Vall\u00e9e de la Marne (77) et l\u2019association Nautisme en Ile-de-France invitent toutes les structures nautiques des bords de Marne \u00e0 une r\u00e9union d\u2019\u00e9change sur le d\u00e9veloppement de l\u2019offre touristique nautique.\" \/>\n<meta property=\"og:url\" content=\"https:\/\/www.tourisme-valdemarne.com\/espace-pro\/expertises-et-projets\/riverside-cities\/valorisation-des-bords-de-marne\/groupes-de-travail\/accompagnement-des-clubs-nautiques-des-bords-de-marne\/reunion-dechange-avec-les-structures-nautiques\/\" \/>\n<meta property=\"og:site_name\" content=\"Espace Pro\" \/>\n<meta property=\"article:modified_time\" content=\"2024-02-13T14:16:35+00:00\" \/>\n<meta property=\"og:image\" content=\"https:\/\/www.tourisme-valdemarne.com\/espace-pro\/wp-content\/uploads\/sites\/3\/2020\/12\/ileloisirsvaires.jpg\" \/>\n\t<meta property=\"og:image:width\" content=\"970\" \/>\n\t<meta property=\"og:image:height\" content=\"377\" \/>\n\t<meta property=\"og:image:type\" content=\"image\/jpeg\" \/>\n<meta name=\"twitter:card\" content=\"summary_large_image\" \/>\n<meta name=\"twitter:label1\" content=\"Dur\u00e9e de lecture estim\u00e9e\" \/>\n\t<meta name=\"twitter:data1\" content=\"1 minute\" \/>\n<script type=\"application\/ld+json\" class=\"yoast-schema-graph\">{\"@context\":\"https:\/\/schema.org\",\"@graph\":[{\"@type\":\"WebPage\",\"@id\":\"https:\/\/www.tourisme-valdemarne.com\/espace-pro\/expertises-et-projets\/riverside-cities\/valorisation-des-bords-de-marne\/groupes-de-travail\/accompagnement-des-clubs-nautiques-des-bords-de-marne\/reunion-dechange-avec-les-structures-nautiques\/\",\"url\":\"https:\/\/www.tourisme-valdemarne.com\/espace-pro\/expertises-et-projets\/riverside-cities\/valorisation-des-bords-de-marne\/groupes-de-travail\/accompagnement-des-clubs-nautiques-des-bords-de-marne\/reunion-dechange-avec-les-structures-nautiques\/\",\"name\":\"R\u00e9union d\u2019\u00e9change avec les structures nautiques - Espace Pro\",\"isPartOf\":{\"@id\":\"https:\/\/www.tourisme-valdemarne.com\/espace-pro\/#website\"},\"primaryImageOfPage\":{\"@id\":\"https:\/\/www.tourisme-valdemarne.com\/espace-pro\/expertises-et-projets\/riverside-cities\/valorisation-des-bords-de-marne\/groupes-de-travail\/accompagnement-des-clubs-nautiques-des-bords-de-marne\/reunion-dechange-avec-les-structures-nautiques\/#primaryimage\"},\"image\":{\"@id\":\"https:\/\/www.tourisme-valdemarne.com\/espace-pro\/expertises-et-projets\/riverside-cities\/valorisation-des-bords-de-marne\/groupes-de-travail\/accompagnement-des-clubs-nautiques-des-bords-de-marne\/reunion-dechange-avec-les-structures-nautiques\/#primaryimage\"},\"thumbnailUrl\":\"https:\/\/www.tourisme-valdemarne.com\/espace-pro\/wp-content\/uploads\/sites\/3\/2020\/12\/ileloisirsvaires.jpg\",\"datePublished\":\"2020-12-10T21:27:01+00:00\",\"dateModified\":\"2024-02-13T14:16:35+00:00\",\"description\":\"Val-de-Marne Tourisme & Loisirs (94), Seine-Saint-Denis Tourisme (93), l\u2019office de tourisme Marne & Gondoire (77) et l\u2019office de tourisme de Paris \u2013 Vall\u00e9e de la Marne (77) et l\u2019association Nautisme en Ile-de-France invitent toutes les structures nautiques des bords de Marne \u00e0 une r\u00e9union d\u2019\u00e9change sur le d\u00e9veloppement de l\u2019offre touristique nautique.\",\"breadcrumb\":{\"@id\":\"https:\/\/www.tourisme-valdemarne.com\/espace-pro\/expertises-et-projets\/riverside-cities\/valorisation-des-bords-de-marne\/groupes-de-travail\/accompagnement-des-clubs-nautiques-des-bords-de-marne\/reunion-dechange-avec-les-structures-nautiques\/#breadcrumb\"},\"inLanguage\":\"fr-FR\",\"potentialAction\":[{\"@type\":\"ReadAction\",\"target\":[\"https:\/\/www.tourisme-valdemarne.com\/espace-pro\/expertises-et-projets\/riverside-cities\/valorisation-des-bords-de-marne\/groupes-de-travail\/accompagnement-des-clubs-nautiques-des-bords-de-marne\/reunion-dechange-avec-les-structures-nautiques\/\"]}]},{\"@type\":\"ImageObject\",\"inLanguage\":\"fr-FR\",\"@id\":\"https:\/\/www.tourisme-valdemarne.com\/espace-pro\/expertises-et-projets\/riverside-cities\/valorisation-des-bords-de-marne\/groupes-de-travail\/accompagnement-des-clubs-nautiques-des-bords-de-marne\/reunion-dechange-avec-les-structures-nautiques\/#primaryimage\",\"url\":\"https:\/\/www.tourisme-valdemarne.com\/espace-pro\/wp-content\/uploads\/sites\/3\/2020\/12\/ileloisirsvaires.jpg\",\"contentUrl\":\"https:\/\/www.tourisme-valdemarne.com\/espace-pro\/wp-content\/uploads\/sites\/3\/2020\/12\/ileloisirsvaires.jpg\",\"width\":970,\"height\":377},{\"@type\":\"BreadcrumbList\",\"@id\":\"https:\/\/www.tourisme-valdemarne.com\/espace-pro\/expertises-et-projets\/riverside-cities\/valorisation-des-bords-de-marne\/groupes-de-travail\/accompagnement-des-clubs-nautiques-des-bords-de-marne\/reunion-dechange-avec-les-structures-nautiques\/#breadcrumb\",\"itemListElement\":[{\"@type\":\"ListItem\",\"position\":1,\"name\":\"Accueil\",\"item\":\"https:\/\/www.tourisme-valdemarne.com\/espace-pro\/\"},{\"@type\":\"ListItem\",\"position\":2,\"name\":\"Expertises et projets\",\"item\":\"https:\/\/www.tourisme-valdemarne.com\/espace-pro\/expertises-et-projets\/\"},{\"@type\":\"ListItem\",\"position\":3,\"name\":\"Riverside Cities\",\"item\":\"https:\/\/www.tourisme-valdemarne.com\/espace-pro\/expertises-et-projets\/riverside-cities\/\"},{\"@type\":\"ListItem\",\"position\":4,\"name\":\"Valorisation des bords de Marne\",\"item\":\"https:\/\/www.tourisme-valdemarne.com\/espace-pro\/expertises-et-projets\/riverside-cities\/valorisation-des-bords-de-marne\/\"},{\"@type\":\"ListItem\",\"position\":5,\"name\":\"Groupes de travail\",\"item\":\"https:\/\/www.tourisme-valdemarne.com\/espace-pro\/expertises-et-projets\/riverside-cities\/valorisation-des-bords-de-marne\/groupes-de-travail\/\"},{\"@type\":\"ListItem\",\"position\":6,\"name\":\"Accompagnement des clubs nautiques des bords de Marne\",\"item\":\"https:\/\/www.tourisme-valdemarne.com\/espace-pro\/expertises-et-projets\/riverside-cities\/valorisation-des-bords-de-marne\/groupes-de-travail\/accompagnement-des-clubs-nautiques-des-bords-de-marne\/\"},{\"@type\":\"ListItem\",\"position\":7,\"name\":\"R\u00e9union d\u2019\u00e9change avec les structures nautiques\"}]},{\"@type\":\"WebSite\",\"@id\":\"https:\/\/www.tourisme-valdemarne.com\/espace-pro\/#website\",\"url\":\"https:\/\/www.tourisme-valdemarne.com\/espace-pro\/\",\"name\":\"Espace Pro\",\"description\":\"Informations et outils pour les professionnels et la Presse\",\"potentialAction\":[{\"@type\":\"SearchAction\",\"target\":{\"@type\":\"EntryPoint\",\"urlTemplate\":\"https:\/\/www.tourisme-valdemarne.com\/espace-pro\/?s={search_term_string}\"},\"query-input\":{\"@type\":\"PropertyValueSpecification\",\"valueRequired\":true,\"valueName\":\"search_term_string\"}}],\"inLanguage\":\"fr-FR\"}]}<\/script>\n<!-- \/ Yoast SEO plugin. -->","yoast_head_json":{"title":"R\u00e9union d\u2019\u00e9change avec les structures nautiques - Espace Pro","description":"Val-de-Marne Tourisme & Loisirs (94), Seine-Saint-Denis Tourisme (93), l\u2019office de tourisme Marne & Gondoire (77) et l\u2019office de tourisme de Paris \u2013 Vall\u00e9e de la Marne (77) et l\u2019association Nautisme en Ile-de-France invitent toutes les structures nautiques des bords de Marne \u00e0 une r\u00e9union d\u2019\u00e9change sur le d\u00e9veloppement de l\u2019offre touristique nautique.","robots":{"index":"noindex","follow":"follow"},"og_locale":"fr_FR","og_type":"article","og_title":"R\u00e9union d\u2019\u00e9change avec les structures nautiques - Espace Pro","og_description":"Val-de-Marne Tourisme & Loisirs (94), Seine-Saint-Denis Tourisme (93), l\u2019office de tourisme Marne & Gondoire (77) et l\u2019office de tourisme de Paris \u2013 Vall\u00e9e de la Marne (77) et l\u2019association Nautisme en Ile-de-France invitent toutes les structures nautiques des bords de Marne \u00e0 une r\u00e9union d\u2019\u00e9change sur le d\u00e9veloppement de l\u2019offre touristique nautique.","og_url":"https:\/\/www.tourisme-valdemarne.com\/espace-pro\/expertises-et-projets\/riverside-cities\/valorisation-des-bords-de-marne\/groupes-de-travail\/accompagnement-des-clubs-nautiques-des-bords-de-marne\/reunion-dechange-avec-les-structures-nautiques\/","og_site_name":"Espace Pro","article_modified_time":"2024-02-13T14:16:35+00:00","og_image":[{"width":970,"height":377,"url":"https:\/\/www.tourisme-valdemarne.com\/espace-pro\/wp-content\/uploads\/sites\/3\/2020\/12\/ileloisirsvaires.jpg","type":"image\/jpeg"}],"twitter_card":"summary_large_image","twitter_misc":{"Dur\u00e9e de lecture estim\u00e9e":"1 minute"},"schema":{"@context":"https:\/\/schema.org","@graph":[{"@type":"WebPage","@id":"https:\/\/www.tourisme-valdemarne.com\/espace-pro\/expertises-et-projets\/riverside-cities\/valorisation-des-bords-de-marne\/groupes-de-travail\/accompagnement-des-clubs-nautiques-des-bords-de-marne\/reunion-dechange-avec-les-structures-nautiques\/","url":"https:\/\/www.tourisme-valdemarne.com\/espace-pro\/expertises-et-projets\/riverside-cities\/valorisation-des-bords-de-marne\/groupes-de-travail\/accompagnement-des-clubs-nautiques-des-bords-de-marne\/reunion-dechange-avec-les-structures-nautiques\/","name":"R\u00e9union d\u2019\u00e9change avec les structures nautiques - Espace Pro","isPartOf":{"@id":"https:\/\/www.tourisme-valdemarne.com\/espace-pro\/#website"},"primaryImageOfPage":{"@id":"https:\/\/www.tourisme-valdemarne.com\/espace-pro\/expertises-et-projets\/riverside-cities\/valorisation-des-bords-de-marne\/groupes-de-travail\/accompagnement-des-clubs-nautiques-des-bords-de-marne\/reunion-dechange-avec-les-structures-nautiques\/#primaryimage"},"image":{"@id":"https:\/\/www.tourisme-valdemarne.com\/espace-pro\/expertises-et-projets\/riverside-cities\/valorisation-des-bords-de-marne\/groupes-de-travail\/accompagnement-des-clubs-nautiques-des-bords-de-marne\/reunion-dechange-avec-les-structures-nautiques\/#primaryimage"},"thumbnailUrl":"https:\/\/www.tourisme-valdemarne.com\/espace-pro\/wp-content\/uploads\/sites\/3\/2020\/12\/ileloisirsvaires.jpg","datePublished":"2020-12-10T21:27:01+00:00","dateModified":"2024-02-13T14:16:35+00:00","description":"Val-de-Marne Tourisme & Loisirs (94), Seine-Saint-Denis Tourisme (93), l\u2019office de tourisme Marne & Gondoire (77) et l\u2019office de tourisme de Paris \u2013 Vall\u00e9e de la Marne (77) et l\u2019association Nautisme en Ile-de-France invitent toutes les structures nautiques des bords de Marne \u00e0 une r\u00e9union d\u2019\u00e9change sur le d\u00e9veloppement de l\u2019offre touristique nautique.","breadcrumb":{"@id":"https:\/\/www.tourisme-valdemarne.com\/espace-pro\/expertises-et-projets\/riverside-cities\/valorisation-des-bords-de-marne\/groupes-de-travail\/accompagnement-des-clubs-nautiques-des-bords-de-marne\/reunion-dechange-avec-les-structures-nautiques\/#breadcrumb"},"inLanguage":"fr-FR","potentialAction":[{"@type":"ReadAction","target":["https:\/\/www.tourisme-valdemarne.com\/espace-pro\/expertises-et-projets\/riverside-cities\/valorisation-des-bords-de-marne\/groupes-de-travail\/accompagnement-des-clubs-nautiques-des-bords-de-marne\/reunion-dechange-avec-les-structures-nautiques\/"]}]},{"@type":"ImageObject","inLanguage":"fr-FR","@id":"https:\/\/www.tourisme-valdemarne.com\/espace-pro\/expertises-et-projets\/riverside-cities\/valorisation-des-bords-de-marne\/groupes-de-travail\/accompagnement-des-clubs-nautiques-des-bords-de-marne\/reunion-dechange-avec-les-structures-nautiques\/#primaryimage","url":"https:\/\/www.tourisme-valdemarne.com\/espace-pro\/wp-content\/uploads\/sites\/3\/2020\/12\/ileloisirsvaires.jpg","contentUrl":"https:\/\/www.tourisme-valdemarne.com\/espace-pro\/wp-content\/uploads\/sites\/3\/2020\/12\/ileloisirsvaires.jpg","width":970,"height":377},{"@type":"BreadcrumbList","@id":"https:\/\/www.tourisme-valdemarne.com\/espace-pro\/expertises-et-projets\/riverside-cities\/valorisation-des-bords-de-marne\/groupes-de-travail\/accompagnement-des-clubs-nautiques-des-bords-de-marne\/reunion-dechange-avec-les-structures-nautiques\/#breadcrumb","itemListElement":[{"@type":"ListItem","position":1,"name":"Accueil","item":"https:\/\/www.tourisme-valdemarne.com\/espace-pro\/"},{"@type":"ListItem","position":2,"name":"Expertises et projets","item":"https:\/\/www.tourisme-valdemarne.com\/espace-pro\/expertises-et-projets\/"},{"@type":"ListItem","position":3,"name":"Riverside Cities","item":"https:\/\/www.tourisme-valdemarne.com\/espace-pro\/expertises-et-projets\/riverside-cities\/"},{"@type":"ListItem","position":4,"name":"Valorisation des bords de Marne","item":"https:\/\/www.tourisme-valdemarne.com\/espace-pro\/expertises-et-projets\/riverside-cities\/valorisation-des-bords-de-marne\/"},{"@type":"ListItem","position":5,"name":"Groupes de travail","item":"https:\/\/www.tourisme-valdemarne.com\/espace-pro\/expertises-et-projets\/riverside-cities\/valorisation-des-bords-de-marne\/groupes-de-travail\/"},{"@type":"ListItem","position":6,"name":"Accompagnement des clubs nautiques des bords de Marne","item":"https:\/\/www.tourisme-valdemarne.com\/espace-pro\/expertises-et-projets\/riverside-cities\/valorisation-des-bords-de-marne\/groupes-de-travail\/accompagnement-des-clubs-nautiques-des-bords-de-marne\/"},{"@type":"ListItem","position":7,"name":"R\u00e9union d\u2019\u00e9change avec les structures nautiques"}]},{"@type":"WebSite","@id":"https:\/\/www.tourisme-valdemarne.com\/espace-pro\/#website","url":"https:\/\/www.tourisme-valdemarne.com\/espace-pro\/","name":"Espace Pro","description":"Informations et outils pour les professionnels et la Presse","potentialAction":[{"@type":"SearchAction","target":{"@type":"EntryPoint","urlTemplate":"https:\/\/www.tourisme-valdemarne.com\/espace-pro\/?s={search_term_string}"},"query-input":{"@type":"PropertyValueSpecification","valueRequired":true,"valueName":"search_term_string"}}],"inLanguage":"fr-FR"}]}},"_links":{"self":[{"href":"https:\/\/www.tourisme-valdemarne.com\/espace-pro\/wp-json\/wp\/v2\/pages\/8181","targetHints":{"allow":["GET"]}}],"collection":[{"href":"https:\/\/www.tourisme-valdemarne.com\/espace-pro\/wp-json\/wp\/v2\/pages"}],"about":[{"href":"https:\/\/www.tourisme-valdemarne.com\/espace-pro\/wp-json\/wp\/v2\/types\/page"}],"author":[{"embeddable":true,"href":"https:\/\/www.tourisme-valdemarne.com\/espace-pro\/wp-json\/wp\/v2\/users\/1"}],"replies":[{"embeddable":true,"href":"https:\/\/www.tourisme-valdemarne.com\/espace-pro\/wp-json\/wp\/v2\/comments?post=8181"}],"version-history":[{"count":7,"href":"https:\/\/www.tourisme-valdemarne.com\/espace-pro\/wp-json\/wp\/v2\/pages\/8181\/revisions"}],"predecessor-version":[{"id":26340,"href":"https:\/\/www.tourisme-valdemarne.com\/espace-pro\/wp-json\/wp\/v2\/pages\/8181\/revisions\/26340"}],"up":[{"embeddable":true,"href":"https:\/\/www.tourisme-valdemarne.com\/espace-pro\/wp-json\/wp\/v2\/pages\/8149"}],"wp:featuredmedia":[{"embeddable":true,"href":"https:\/\/www.tourisme-valdemarne.com\/espace-pro\/wp-json\/wp\/v2\/media\/8235"}],"wp:attachment":[{"href":"https:\/\/www.tourisme-valdemarne.com\/espace-pro\/wp-json\/wp\/v2\/media?parent=8181"}],"wp:term":[{"taxonomy":"vdmTagMarketing","embeddable":true,"href":"https:\/\/www.tourisme-valdemarne.com\/espace-pro\/wp-json\/wp\/v2\/vdmTagMarketing?post=8181"}],"curies":[{"name":"wp","href":"https:\/\/api.w.org\/{rel}","templated":true}]}}