{"id":8173,"date":"2020-12-10T22:27:22","date_gmt":"2020-12-10T21:27:22","guid":{"rendered":"https:\/\/www.tourisme-valdemarne.com\/espace-pro\/appel-a-projets-de-l%e2%80%99arc-de-l%e2%80%99innovation"},"modified":"2022-03-24T09:56:04","modified_gmt":"2022-03-24T08:56:04","slug":"appel-a-projets-de-larc-de-linnovation","status":"publish","type":"page","link":"https:\/\/www.tourisme-valdemarne.com\/espace-pro\/actualites\/archives-des-actualites\/appel-a-projets-de-larc-de-linnovation\/","title":{"rendered":"Appel \u00e0 projets de l\u2019arc de l\u2019innovation"},"content":{"rendered":"\n<p class=\"is-style-excerpt\">Vous souhaitez d\u00e9velopper votre projet, \u00e0 la fois innovant et \u00e0 l\u2019impact local positif, dans l\u2019est parisien et grand parisien ? Participez \u00e0 l\u2019appel \u00e0 projets de l\u2019Arc de l\u2019Innovation du Grand Paris, pilot\u00e9 par Paris&amp;co.<\/p>\n\n\n\n<p>L\u2019Arc de l\u2019Innovation est un vaste territoire, en forme d\u2019arc, <strong>situ\u00e9 \u00e0 l\u2019est de Paris et du Grand Paris<\/strong>.<\/p>\n\n\n\n<p>Vous y retrouverez beaucoup d\u2019industries cr\u00e9atives, d\u2019incubateurs, d\u2019acc\u00e9l\u00e9rateurs de start-up ou encore de nombreuses exp\u00e9rimentations urbaines et citoyennes.<\/p>\n\n\n\n<p>C\u2019est pourquoi Est Ensemble, Grand-Orly Seine Bi\u00e8vre, la Mairie de Paris et Plaine Commune ont fait le choix <strong>d\u2019accompagner et de d\u00e9velopper les projets naissants sur ce territoire<\/strong>, \u00e0 travers l\u2019Arc de l\u2019Innovation.<\/p>\n\n\n\n<div class=\"wp-block-button aligncenter\"><a class=\"wp-block-button__link\" href=\"https:\/\/arcinnovation.fr\/aap\">Participer \u00e0 l&rsquo;appel \u00e0 projets<\/a><\/div>\n\n\n\n<p style=\"text-align:center\"><em>Dates pour candidater : du 30 mars au 26 avril, 23h59.<\/em><\/p>\n\n\n\n<p>A la cl\u00e9 du concours,&nbsp;<strong>8 laur\u00e9ats<\/strong>&nbsp;seront s\u00e9lectionn\u00e9s et remporteront un&nbsp;<strong>apport financier, des outils de communication, un accompagnement personnalis\u00e9 ainsi qu\u2019une mise en r\u00e9seau unique<\/strong>.<\/p>\n\n\n\n<figure class=\"wp-block-embed-youtube wp-block-embed is-type-video is-provider-youtube wp-embed-aspect-16-9 wp-has-aspect-ratio\"><div class=\"wp-block-embed__wrapper\">\n<iframe loading=\"lazy\" title=\"Arc de l&#039;Innovation - Appel a projets 2020\" width=\"500\" height=\"281\" src=\"https:\/\/www.youtube.com\/embed\/n4_Tty3cpLE?feature=oembed\" frameborder=\"0\" allow=\"accelerometer; autoplay; clipboard-write; encrypted-media; gyroscope; picture-in-picture; web-share\" referrerpolicy=\"strict-origin-when-cross-origin\" allowfullscreen><\/iframe>\n<\/div><\/figure>\n","protected":false},"excerpt":{"rendered":"<p>Vous souhaitez d\u00e9velopper votre projet, \u00e0 la fois innovant et \u00e0 l\u2019impact local positif, dans l\u2019est parisien et grand parisien ? Participez \u00e0 l\u2019appel \u00e0 projets de l\u2019Arc de l\u2019Innovation du Grand Paris, pilot\u00e9 par Paris&amp;co. L\u2019Arc de l\u2019Innovation est un vaste territoire, en forme d\u2019arc, situ\u00e9 \u00e0 l\u2019est de Paris et du Grand Paris. [&hellip;]<\/p>\n","protected":false},"author":1,"featured_media":8180,"parent":9250,"menu_order":198,"comment_status":"closed","ping_status":"closed","template":"","meta":{"_relevanssi_hide_post":"","_relevanssi_hide_content":"","_relevanssi_pin_for_all":"","_relevanssi_pin_keywords":"","_relevanssi_unpin_keywords":"","_relevanssi_related_keywords":"","_relevanssi_related_include_ids":"","_relevanssi_related_exclude_ids":"","_relevanssi_related_no_append":"","_relevanssi_related_not_related":"","_relevanssi_related_posts":"","_relevanssi_noindex_reason":"","footnotes":""},"vdmTagMarketing":[],"class_list":["post-8173","page","type-page","status-publish","has-post-thumbnail","hentry"],"acf":[],"yoast_head":"<!-- This site is optimized with the Yoast SEO plugin v23.9 - https:\/\/yoast.com\/wordpress\/plugins\/seo\/ -->\n<title>Appel \u00e0 projets de l\u2019arc de l\u2019innovation - Espace Pro<\/title>\n<meta name=\"robots\" content=\"index, follow, max-snippet:-1, max-image-preview:large, max-video-preview:-1\" \/>\n<link rel=\"canonical\" href=\"https:\/\/www.tourisme-valdemarne.com\/espace-pro\/actualites\/archives-des-actualites\/appel-a-projets-de-larc-de-linnovation\/\" \/>\n<meta property=\"og:locale\" content=\"fr_FR\" \/>\n<meta property=\"og:type\" content=\"article\" \/>\n<meta property=\"og:title\" content=\"Appel \u00e0 projets de l\u2019arc de l\u2019innovation - Espace Pro\" \/>\n<meta property=\"og:description\" content=\"Vous souhaitez d\u00e9velopper votre projet, \u00e0 la fois innovant et \u00e0 l\u2019impact local positif, dans l\u2019est parisien et grand parisien ? Participez \u00e0 l\u2019appel \u00e0 projets de l\u2019Arc de l\u2019Innovation du Grand Paris, pilot\u00e9 par Paris&amp;co. L\u2019Arc de l\u2019Innovation est un vaste territoire, en forme d\u2019arc, situ\u00e9 \u00e0 l\u2019est de Paris et du Grand Paris. [&hellip;]\" \/>\n<meta property=\"og:url\" content=\"https:\/\/www.tourisme-valdemarne.com\/espace-pro\/actualites\/archives-des-actualites\/appel-a-projets-de-larc-de-linnovation\/\" \/>\n<meta property=\"og:site_name\" content=\"Espace Pro\" \/>\n<meta property=\"article:modified_time\" content=\"2022-03-24T08:56:04+00:00\" \/>\n<meta property=\"og:image\" content=\"https:\/\/www.tourisme-valdemarne.com\/espace-pro\/wp-content\/uploads\/sites\/3\/2020\/12\/appel-a-projet-arc-innovation.jpg\" \/>\n\t<meta property=\"og:image:width\" content=\"1600\" \/>\n\t<meta property=\"og:image:height\" content=\"1067\" \/>\n\t<meta property=\"og:image:type\" content=\"image\/jpeg\" \/>\n<meta name=\"twitter:card\" content=\"summary_large_image\" \/>\n<meta name=\"twitter:label1\" content=\"Dur\u00e9e de lecture estim\u00e9e\" \/>\n\t<meta name=\"twitter:data1\" content=\"1 minute\" \/>\n<script type=\"application\/ld+json\" class=\"yoast-schema-graph\">{\"@context\":\"https:\/\/schema.org\",\"@graph\":[{\"@type\":\"WebPage\",\"@id\":\"https:\/\/www.tourisme-valdemarne.com\/espace-pro\/actualites\/archives-des-actualites\/appel-a-projets-de-larc-de-linnovation\/\",\"url\":\"https:\/\/www.tourisme-valdemarne.com\/espace-pro\/actualites\/archives-des-actualites\/appel-a-projets-de-larc-de-linnovation\/\",\"name\":\"Appel \u00e0 projets de l\u2019arc de l\u2019innovation - Espace Pro\",\"isPartOf\":{\"@id\":\"https:\/\/www.tourisme-valdemarne.com\/espace-pro\/#website\"},\"primaryImageOfPage\":{\"@id\":\"https:\/\/www.tourisme-valdemarne.com\/espace-pro\/actualites\/archives-des-actualites\/appel-a-projets-de-larc-de-linnovation\/#primaryimage\"},\"image\":{\"@id\":\"https:\/\/www.tourisme-valdemarne.com\/espace-pro\/actualites\/archives-des-actualites\/appel-a-projets-de-larc-de-linnovation\/#primaryimage\"},\"thumbnailUrl\":\"https:\/\/www.tourisme-valdemarne.com\/espace-pro\/wp-content\/uploads\/sites\/3\/2020\/12\/appel-a-projet-arc-innovation.jpg\",\"datePublished\":\"2020-12-10T21:27:22+00:00\",\"dateModified\":\"2022-03-24T08:56:04+00:00\",\"breadcrumb\":{\"@id\":\"https:\/\/www.tourisme-valdemarne.com\/espace-pro\/actualites\/archives-des-actualites\/appel-a-projets-de-larc-de-linnovation\/#breadcrumb\"},\"inLanguage\":\"fr-FR\",\"potentialAction\":[{\"@type\":\"ReadAction\",\"target\":[\"https:\/\/www.tourisme-valdemarne.com\/espace-pro\/actualites\/archives-des-actualites\/appel-a-projets-de-larc-de-linnovation\/\"]}]},{\"@type\":\"ImageObject\",\"inLanguage\":\"fr-FR\",\"@id\":\"https:\/\/www.tourisme-valdemarne.com\/espace-pro\/actualites\/archives-des-actualites\/appel-a-projets-de-larc-de-linnovation\/#primaryimage\",\"url\":\"https:\/\/www.tourisme-valdemarne.com\/espace-pro\/wp-content\/uploads\/sites\/3\/2020\/12\/appel-a-projet-arc-innovation.jpg\",\"contentUrl\":\"https:\/\/www.tourisme-valdemarne.com\/espace-pro\/wp-content\/uploads\/sites\/3\/2020\/12\/appel-a-projet-arc-innovation.jpg\",\"width\":1600,\"height\":1067},{\"@type\":\"BreadcrumbList\",\"@id\":\"https:\/\/www.tourisme-valdemarne.com\/espace-pro\/actualites\/archives-des-actualites\/appel-a-projets-de-larc-de-linnovation\/#breadcrumb\",\"itemListElement\":[{\"@type\":\"ListItem\",\"position\":1,\"name\":\"Accueil\",\"item\":\"https:\/\/www.tourisme-valdemarne.com\/espace-pro\/\"},{\"@type\":\"ListItem\",\"position\":2,\"name\":\"Actualit\u00e9s de l&rsquo;espace pro\",\"item\":\"https:\/\/www.tourisme-valdemarne.com\/espace-pro\/actualites\/\"},{\"@type\":\"ListItem\",\"position\":3,\"name\":\"Archives des actualit\u00e9s\",\"item\":\"https:\/\/www.tourisme-valdemarne.com\/espace-pro\/actualites\/archives-des-actualites\/\"},{\"@type\":\"ListItem\",\"position\":4,\"name\":\"Appel \u00e0 projets de l\u2019arc de l\u2019innovation\"}]},{\"@type\":\"WebSite\",\"@id\":\"https:\/\/www.tourisme-valdemarne.com\/espace-pro\/#website\",\"url\":\"https:\/\/www.tourisme-valdemarne.com\/espace-pro\/\",\"name\":\"Espace Pro\",\"description\":\"Informations et outils pour les professionnels et la Presse\",\"potentialAction\":[{\"@type\":\"SearchAction\",\"target\":{\"@type\":\"EntryPoint\",\"urlTemplate\":\"https:\/\/www.tourisme-valdemarne.com\/espace-pro\/?s={search_term_string}\"},\"query-input\":{\"@type\":\"PropertyValueSpecification\",\"valueRequired\":true,\"valueName\":\"search_term_string\"}}],\"inLanguage\":\"fr-FR\"}]}<\/script>\n<!-- \/ Yoast SEO plugin. -->","yoast_head_json":{"title":"Appel \u00e0 projets de l\u2019arc de l\u2019innovation - Espace Pro","robots":{"index":"index","follow":"follow","max-snippet":"max-snippet:-1","max-image-preview":"max-image-preview:large","max-video-preview":"max-video-preview:-1"},"canonical":"https:\/\/www.tourisme-valdemarne.com\/espace-pro\/actualites\/archives-des-actualites\/appel-a-projets-de-larc-de-linnovation\/","og_locale":"fr_FR","og_type":"article","og_title":"Appel \u00e0 projets de l\u2019arc de l\u2019innovation - Espace Pro","og_description":"Vous souhaitez d\u00e9velopper votre projet, \u00e0 la fois innovant et \u00e0 l\u2019impact local positif, dans l\u2019est parisien et grand parisien ? Participez \u00e0 l\u2019appel \u00e0 projets de l\u2019Arc de l\u2019Innovation du Grand Paris, pilot\u00e9 par Paris&amp;co. L\u2019Arc de l\u2019Innovation est un vaste territoire, en forme d\u2019arc, situ\u00e9 \u00e0 l\u2019est de Paris et du Grand Paris. [&hellip;]","og_url":"https:\/\/www.tourisme-valdemarne.com\/espace-pro\/actualites\/archives-des-actualites\/appel-a-projets-de-larc-de-linnovation\/","og_site_name":"Espace Pro","article_modified_time":"2022-03-24T08:56:04+00:00","og_image":[{"width":1600,"height":1067,"url":"https:\/\/www.tourisme-valdemarne.com\/espace-pro\/wp-content\/uploads\/sites\/3\/2020\/12\/appel-a-projet-arc-innovation.jpg","type":"image\/jpeg"}],"twitter_card":"summary_large_image","twitter_misc":{"Dur\u00e9e de lecture estim\u00e9e":"1 minute"},"schema":{"@context":"https:\/\/schema.org","@graph":[{"@type":"WebPage","@id":"https:\/\/www.tourisme-valdemarne.com\/espace-pro\/actualites\/archives-des-actualites\/appel-a-projets-de-larc-de-linnovation\/","url":"https:\/\/www.tourisme-valdemarne.com\/espace-pro\/actualites\/archives-des-actualites\/appel-a-projets-de-larc-de-linnovation\/","name":"Appel \u00e0 projets de l\u2019arc de l\u2019innovation - Espace Pro","isPartOf":{"@id":"https:\/\/www.tourisme-valdemarne.com\/espace-pro\/#website"},"primaryImageOfPage":{"@id":"https:\/\/www.tourisme-valdemarne.com\/espace-pro\/actualites\/archives-des-actualites\/appel-a-projets-de-larc-de-linnovation\/#primaryimage"},"image":{"@id":"https:\/\/www.tourisme-valdemarne.com\/espace-pro\/actualites\/archives-des-actualites\/appel-a-projets-de-larc-de-linnovation\/#primaryimage"},"thumbnailUrl":"https:\/\/www.tourisme-valdemarne.com\/espace-pro\/wp-content\/uploads\/sites\/3\/2020\/12\/appel-a-projet-arc-innovation.jpg","datePublished":"2020-12-10T21:27:22+00:00","dateModified":"2022-03-24T08:56:04+00:00","breadcrumb":{"@id":"https:\/\/www.tourisme-valdemarne.com\/espace-pro\/actualites\/archives-des-actualites\/appel-a-projets-de-larc-de-linnovation\/#breadcrumb"},"inLanguage":"fr-FR","potentialAction":[{"@type":"ReadAction","target":["https:\/\/www.tourisme-valdemarne.com\/espace-pro\/actualites\/archives-des-actualites\/appel-a-projets-de-larc-de-linnovation\/"]}]},{"@type":"ImageObject","inLanguage":"fr-FR","@id":"https:\/\/www.tourisme-valdemarne.com\/espace-pro\/actualites\/archives-des-actualites\/appel-a-projets-de-larc-de-linnovation\/#primaryimage","url":"https:\/\/www.tourisme-valdemarne.com\/espace-pro\/wp-content\/uploads\/sites\/3\/2020\/12\/appel-a-projet-arc-innovation.jpg","contentUrl":"https:\/\/www.tourisme-valdemarne.com\/espace-pro\/wp-content\/uploads\/sites\/3\/2020\/12\/appel-a-projet-arc-innovation.jpg","width":1600,"height":1067},{"@type":"BreadcrumbList","@id":"https:\/\/www.tourisme-valdemarne.com\/espace-pro\/actualites\/archives-des-actualites\/appel-a-projets-de-larc-de-linnovation\/#breadcrumb","itemListElement":[{"@type":"ListItem","position":1,"name":"Accueil","item":"https:\/\/www.tourisme-valdemarne.com\/espace-pro\/"},{"@type":"ListItem","position":2,"name":"Actualit\u00e9s de l&rsquo;espace pro","item":"https:\/\/www.tourisme-valdemarne.com\/espace-pro\/actualites\/"},{"@type":"ListItem","position":3,"name":"Archives des actualit\u00e9s","item":"https:\/\/www.tourisme-valdemarne.com\/espace-pro\/actualites\/archives-des-actualites\/"},{"@type":"ListItem","position":4,"name":"Appel \u00e0 projets de l\u2019arc de l\u2019innovation"}]},{"@type":"WebSite","@id":"https:\/\/www.tourisme-valdemarne.com\/espace-pro\/#website","url":"https:\/\/www.tourisme-valdemarne.com\/espace-pro\/","name":"Espace Pro","description":"Informations et outils pour les professionnels et la Presse","potentialAction":[{"@type":"SearchAction","target":{"@type":"EntryPoint","urlTemplate":"https:\/\/www.tourisme-valdemarne.com\/espace-pro\/?s={search_term_string}"},"query-input":{"@type":"PropertyValueSpecification","valueRequired":true,"valueName":"search_term_string"}}],"inLanguage":"fr-FR"}]}},"_links":{"self":[{"href":"https:\/\/www.tourisme-valdemarne.com\/espace-pro\/wp-json\/wp\/v2\/pages\/8173","targetHints":{"allow":["GET"]}}],"collection":[{"href":"https:\/\/www.tourisme-valdemarne.com\/espace-pro\/wp-json\/wp\/v2\/pages"}],"about":[{"href":"https:\/\/www.tourisme-valdemarne.com\/espace-pro\/wp-json\/wp\/v2\/types\/page"}],"author":[{"embeddable":true,"href":"https:\/\/www.tourisme-valdemarne.com\/espace-pro\/wp-json\/wp\/v2\/users\/1"}],"replies":[{"embeddable":true,"href":"https:\/\/www.tourisme-valdemarne.com\/espace-pro\/wp-json\/wp\/v2\/comments?post=8173"}],"version-history":[{"count":4,"href":"https:\/\/www.tourisme-valdemarne.com\/espace-pro\/wp-json\/wp\/v2\/pages\/8173\/revisions"}],"predecessor-version":[{"id":8189,"href":"https:\/\/www.tourisme-valdemarne.com\/espace-pro\/wp-json\/wp\/v2\/pages\/8173\/revisions\/8189"}],"up":[{"embeddable":true,"href":"https:\/\/www.tourisme-valdemarne.com\/espace-pro\/wp-json\/wp\/v2\/pages\/9250"}],"wp:featuredmedia":[{"embeddable":true,"href":"https:\/\/www.tourisme-valdemarne.com\/espace-pro\/wp-json\/wp\/v2\/media\/8180"}],"wp:attachment":[{"href":"https:\/\/www.tourisme-valdemarne.com\/espace-pro\/wp-json\/wp\/v2\/media?parent=8173"}],"wp:term":[{"taxonomy":"vdmTagMarketing","embeddable":true,"href":"https:\/\/www.tourisme-valdemarne.com\/espace-pro\/wp-json\/wp\/v2\/vdmTagMarketing?post=8173"}],"curies":[{"name":"wp","href":"https:\/\/api.w.org\/{rel}","templated":true}]}}