{"id":8170,"date":"2020-12-10T22:26:55","date_gmt":"2020-12-10T21:26:55","guid":{"rendered":"https:\/\/www.tourisme-valdemarne.com\/espace-pro\/reunion-d%e2%80%99avancement-star-cities-%e2%80%93-9-juillet-2020"},"modified":"2025-03-11T17:22:20","modified_gmt":"2025-03-11T16:22:20","slug":"reunion-davancement-star-cities-9-juillet-2020","status":"publish","type":"page","link":"https:\/\/www.tourisme-valdemarne.com\/espace-pro\/expertises-et-projets\/riverside-cities\/star-cities\/reunion-davancement-star-cities-9-juillet-2020\/","title":{"rendered":"R\u00e9union d\u2019avancement STAR Cities \u2013 9 juillet 2020"},"content":{"rendered":"\n<p class=\"is-style-excerpt\">Lors de cette r\u00e9union en visio-conf\u00e9rence les derni\u00e8res actualit\u00e9s et perspectives du projet STAR Cities ont \u00e9t\u00e9 pr\u00e9sent\u00e9es aux partenaires locaux des bords de Marne.<\/p>\n\n\n\n<h2 class=\"wp-block-heading\">UN NOUVEAU PROGRAMME TH\u00c9MATIQUE ADOPT\u00c9 EN MAI<\/h2>\n\n\n\n<p>Plusieurs s\u00e9minaires&nbsp;<a rel=\"noreferrer noopener\" href=\"https:\/\/www.interregeurope.eu\/starcities\/\" target=\"_blank\">STAR Cities<\/a>&nbsp;pr\u00e9vus au printemps 2020 ont \u00e9t\u00e9 report\u00e9s \u00e0 cause de la crise de la Covid-19. Les partenaires europ\u00e9ens ont donc adopt\u00e9 en mai un&nbsp;<strong>nouveau programme th\u00e9matique<\/strong>&nbsp;qui se d\u00e9cline autour des&nbsp;<strong>quatre th\u00e9matiques<\/strong>&nbsp;choisies lors du s\u00e9minaire de partage des \u00e9tats des lieux en juillet 2019.<\/p>\n\n\n\n<h4 class=\"wp-block-heading\">1\u00e8re th\u00e9matique : Engagement et participation des habitants<\/h4>\n\n\n\n<ul class=\"wp-block-list\">\n<li>S\u00e9minaire th\u00e9matique \u00e0 Kaunas (10-13 septembre 2019) :\u00a0<a href=\"https:\/\/www.tourisme-valdemarne.com\/espace-pro\/expertises-et-projets\/riverside-cities\/star-cities\/seminaire-star-cities-kaunas\/\" target=\"_blank\" rel=\"noreferrer noopener\">en savoir plus et voir les vid\u00e9os<\/a><\/li>\n\n\n\n<li>Webinaire sur les bonnes pratiques le 16 juin 2020 :\u00a0<a href=\"https:\/\/www.youtube.com\/watch?v=0ulrD8PS8dE\" target=\"_blank\" rel=\"noreferrer noopener\">voir la vid\u00e9o<\/a><\/li>\n<\/ul>\n\n\n\n<h4 class=\"wp-block-heading\">2\u00e8me th\u00e9matique : D\u00e9veloppement de produits et les strat\u00e9gies marketing<\/h4>\n\n\n\n<ul class=\"wp-block-list\">\n<li><a href=\"https:\/\/www.interregeurope.eu\/starcities\/events\/event\/2981\/third-interregional-learning-session-in-hamburg\/\" target=\"_blank\" rel=\"noreferrer noopener\">S\u00e9minaire th\u00e9matique \u00e0 Hambourg<\/a>\u00a0(report\u00e9 d\u2019avril \u00e0 septembre 2020)<\/li>\n\n\n\n<li>Webinaire sur les bonnes pratiques le 2 septembre 2020<\/li>\n<\/ul>\n\n\n\n<h4 class=\"wp-block-heading\">3\u00e8me th\u00e9matique : Gouvernance et coop\u00e9ration des acteurs<\/h4>\n\n\n\n<ul class=\"wp-block-list\">\n<li><a href=\"https:\/\/www.interregeurope.eu\/starcities\/events\/event\/2982\/4th-interregional-learning-session-in-val-de-marne\/\" target=\"_blank\" rel=\"noreferrer noopener\">S\u00e9minaire th\u00e9matique sur les bords de Marne<\/a>\u00a0(pr\u00e9vu en octobre 2020)<\/li>\n\n\n\n<li>Webinaire sur les bonnes pratiques le 15 septembre 2020<\/li>\n<\/ul>\n\n\n\n<h4 class=\"wp-block-heading\">4e th\u00e9matique : Environnement et d\u00e9veloppement durable<\/h4>\n\n\n\n<ul class=\"wp-block-list\">\n<li>S\u00e9minaire th\u00e9matique \u00e0 Ljubljana (pr\u00e9vu en avril 2021)<\/li>\n\n\n\n<li>Webinaire sur les bonnes pratiques en f\u00e9vrier-mars 2021<\/li>\n<\/ul>\n\n\n\n<p>L\u2019\u00e9quipe du CDT poursuit la pr\u00e9paration de ces s\u00e9minaires en \u00e9troite collaboration avec le groupe-projet, notamment par l\u2019<strong>identification des bonnes pratiques<\/strong>&nbsp;du territoire pour chacune des th\u00e9matiques \u00e0 venir (voir la liste des bonnes pratiques identifi\u00e9es&nbsp;<a href=\"https:\/\/www.tourisme-valdemarne.com\/espace-pro\/wp-content\/uploads\/sites\/3\/2020\/07\/reunion-avancement-star-cities-2020-09-07.pdf\" target=\"_blank\" rel=\"noreferrer noopener\">dans la pr\u00e9sentation de la r\u00e9union<\/a>).<\/p>\n\n\n\n<h2 class=\"wp-block-heading\">\u00c9LABORATION DE PLANS D\u2019ACTIONS R\u00c9GIONAUX EN 2021<\/h2>\n\n\n\n<p>La prochaine \u00e9tape du projet sera l\u2019<strong>\u00e9laboration des plans d\u2019actions r\u00e9gionaux&nbsp;<\/strong>par chaque partenaire europ\u00e9en. Le CDT travaillera \u00e0 l\u2019\u00e9laboration de ce&nbsp;<strong>plan d\u2019actions<\/strong>&nbsp;avec le groupe-projet d\u00e8s l\u2019automne 2020 avant de le pr\u00e9senter \u00e0 l\u2019ensemble des partenaires du territoire d\u00e9but 2021. Le plan d\u2019actions finalis\u00e9 devra \u00eatre soumis au secr\u00e9tariat d\u2019<strong>Interreg Europe<\/strong>&nbsp;fin mai 2021.<\/p>\n\n\n\n<p>Les actions incluses dans ce plan d\u2019actions STAR Cities devront r\u00e9unir trois crit\u00e8res :<\/p>\n\n\n\n<ul class=\"wp-block-list\">\n<li>Action en lien avec la Strat\u00e9gie r\u00e9gionale du tourisme en Ile-de-France<\/li>\n\n\n\n<li>Action inspir\u00e9e des bonnes pratiques des partenaires europ\u00e9ens<\/li>\n\n\n\n<li>Action r\u00e9aliste et financ\u00e9e : pas de financement Interreg Europe pour la mise en \u0153uvre de ces actions qui devront \u00eatre r\u00e9alis\u00e9es d\u2019ici mai 2023<\/li>\n<\/ul>\n\n\n\n<h3 class=\"wp-block-heading\">(Re)visionnez la vid\u00e9o de la r\u00e9union !<\/h3>\n\n\n\n<p>La r\u00e9union a eu lieu en visioconf\u00e9rence et a \u00e9t\u00e9 enregistr\u00e9e, elle est \u00e0 votre disposition si vous n\u2019avez pas pu y participer.<\/p>\n\n\n\n<figure class=\"wp-block-embed is-type-rich is-provider-prise-en-charge-des-contenus-embarqu-s wp-block-embed-prise-en-charge-des-contenus-embarqu-s\"><div class=\"wp-block-embed__wrapper\">\n<iframe loading=\"lazy\" title=\"R\u00e9union d&#039;avancement du projet europ\u00e9en STAR Cities - 9 juillet 2020\" width=\"500\" height=\"281\" src=\"https:\/\/www.youtube.com\/embed\/g5vWpqjxqF8?feature=oembed\" frameborder=\"0\" allow=\"accelerometer; autoplay; clipboard-write; encrypted-media; gyroscope; picture-in-picture; web-share\" referrerpolicy=\"strict-origin-when-cross-origin\" allowfullscreen><\/iframe>\n<\/div><\/figure>\n\n\n\n<div class=\"wp-block-button aligncenter\"><a class=\"wp-block-button__link wp-element-button\" href=\"https:\/\/www.tourisme-valdemarne.com\/espace-pro\/wp-content\/uploads\/sites\/3\/2020\/07\/reunion-avancement-star-cities-2020-09-07.pdf\">CONSULTER LA PRESENTATION<\/a><\/div>\n\n\n\n<div class=\"wp-block-media-text is-stacked-on-mobile\" style=\"grid-template-columns:22% auto\"><figure class=\"wp-block-media-text__media\"><a href=\"https:\/\/www.tourisme-valdemarne.com\/espace-pro\/expertises-et-projets\/riverside-cities\/inscription-a-la-newsletter-riverside\/\" target=\"_blank\" rel=\"noopener noreferrer\"><img width=\"512\" height=\"512\" data-src=\"https:\/\/www.tourisme-valdemarne.com\/espace-pro\/wp-content\/uploads\/sites\/3\/2021\/04\/mail.png\" alt=\"icon newsletter\" class=\"wp-image-9138\" srcset=\"https:\/\/www.tourisme-valdemarne.com\/espace-pro\/wp-content\/uploads\/sites\/3\/2021\/04\/mail.png 512w, https:\/\/www.tourisme-valdemarne.com\/espace-pro\/wp-content\/uploads\/sites\/3\/2021\/04\/mail-380x380.png 380w, https:\/\/www.tourisme-valdemarne.com\/espace-pro\/wp-content\/uploads\/sites\/3\/2021\/04\/mail-150x150.png 150w, https:\/\/www.tourisme-valdemarne.com\/espace-pro\/wp-content\/uploads\/sites\/3\/2021\/04\/mail-200x200.png 200w, https:\/\/www.tourisme-valdemarne.com\/espace-pro\/wp-content\/uploads\/sites\/3\/2021\/04\/mail-24x24.png 24w, https:\/\/www.tourisme-valdemarne.com\/espace-pro\/wp-content\/uploads\/sites\/3\/2021\/04\/mail-48x48.png 48w, https:\/\/www.tourisme-valdemarne.com\/espace-pro\/wp-content\/uploads\/sites\/3\/2021\/04\/mail-96x96.png 96w, https:\/\/www.tourisme-valdemarne.com\/espace-pro\/wp-content\/uploads\/sites\/3\/2021\/04\/mail-300x300.png 300w\" sizes=\"(max-width: 512px) 100vw, 512px\" \/><\/a><\/figure><div class=\"wp-block-media-text__content\">\n\n<p class=\"has-text-align-center is-style-default has-large-font-size\"><strong>Abonnez-vous \u00e0 la newsletter pour recevoir les actualit\u00e9s du projet Riverside Cities sur le territoire des bords de Marne comme au niveau europ\u00e9en<\/strong><\/p>\n\n\n<div class=\"wp-block-buttons aligncenter is-layout-flex wp-block-buttons-is-layout-flex\">\n\n<div class=\"wp-block-button\"><a class=\"wp-block-button__link\" href=\"https:\/\/www.tourisme-valdemarne.com\/espace-pro\/expertises-et-projets\/riverside-cities\/inscription-a-la-newsletter-riverside\/\" target=\"_blank\" rel=\"noreferrer noopener\">M&rsquo;inscrire \u00e0 la newsletter du projet<\/a><\/div>\n\n<\/div>\n\n<\/div><\/div>\n\n\n<div class=\"wp-block-image\">\n<figure class=\"aligncenter size-large\"><a href=\"https:\/\/www.siaap.fr\/\" target=\"_blank\" rel=\"noopener noreferrer\"><img width=\"1000\" height=\"250\" data-src=\"https:\/\/www.tourisme-valdemarne.com\/espace-pro\/wp-content\/uploads\/sites\/3\/2021\/04\/le-projet-riverside-cities-est-soutenu-par-le-siaap.png\" alt=\"logo soutien siaap\" class=\"wp-image-9144\" srcset=\"https:\/\/www.tourisme-valdemarne.com\/espace-pro\/wp-content\/uploads\/sites\/3\/2021\/04\/le-projet-riverside-cities-est-soutenu-par-le-siaap.png 1000w, https:\/\/www.tourisme-valdemarne.com\/espace-pro\/wp-content\/uploads\/sites\/3\/2021\/04\/le-projet-riverside-cities-est-soutenu-par-le-siaap-600x150.png 600w, https:\/\/www.tourisme-valdemarne.com\/espace-pro\/wp-content\/uploads\/sites\/3\/2021\/04\/le-projet-riverside-cities-est-soutenu-par-le-siaap-900x225.png 900w, https:\/\/www.tourisme-valdemarne.com\/espace-pro\/wp-content\/uploads\/sites\/3\/2021\/04\/le-projet-riverside-cities-est-soutenu-par-le-siaap-380x95.png 380w, https:\/\/www.tourisme-valdemarne.com\/espace-pro\/wp-content\/uploads\/sites\/3\/2021\/04\/le-projet-riverside-cities-est-soutenu-par-le-siaap-200x50.png 200w\" sizes=\"(max-width: 1000px) 100vw, 1000px\" \/><\/a><\/figure><\/div>","protected":false},"excerpt":{"rendered":"<p>Lors de cette r\u00e9union en visio-conf\u00e9rence les derni\u00e8res actualit\u00e9s et perspectives du projet STAR Cities ont \u00e9t\u00e9 pr\u00e9sent\u00e9es aux partenaires locaux des bords de Marne. UN NOUVEAU PROGRAMME TH\u00c9MATIQUE ADOPT\u00c9 EN MAI Plusieurs s\u00e9minaires&nbsp;STAR Cities&nbsp;pr\u00e9vus au printemps 2020 ont \u00e9t\u00e9 report\u00e9s \u00e0 cause de la crise de la Covid-19. Les partenaires europ\u00e9ens ont donc adopt\u00e9 [&hellip;]<\/p>\n","protected":false},"author":1,"featured_media":0,"parent":920,"menu_order":0,"comment_status":"closed","ping_status":"closed","template":"","meta":{"_relevanssi_hide_post":"","_relevanssi_hide_content":"","_relevanssi_pin_for_all":"","_relevanssi_pin_keywords":"","_relevanssi_unpin_keywords":"","_relevanssi_related_keywords":"","_relevanssi_related_include_ids":"","_relevanssi_related_exclude_ids":"","_relevanssi_related_no_append":"","_relevanssi_related_not_related":"","_relevanssi_related_posts":"8104,2749,442,8104,2747,8105","_relevanssi_noindex_reason":"","footnotes":""},"vdmTagMarketing":[],"class_list":["post-8170","page","type-page","status-publish","hentry"],"acf":[],"yoast_head":"<!-- This site is optimized with the Yoast SEO plugin v23.9 - https:\/\/yoast.com\/wordpress\/plugins\/seo\/ -->\n<title>R\u00e9union d\u2019avancement STAR Cities \u2013 9 juillet 2020 - Espace Pro<\/title>\n<meta name=\"description\" content=\"Retour sur cette r\u00e9union d&#039;avancement du projet STAR Cities qui a pr\u00e9sent\u00e9 l&#039;actualit\u00e9 du projet europ\u00e9en aux partenaires locaux des bords de Marne.\" \/>\n<meta name=\"robots\" content=\"index, follow, max-snippet:-1, max-image-preview:large, max-video-preview:-1\" \/>\n<link rel=\"canonical\" href=\"https:\/\/www.tourisme-valdemarne.com\/espace-pro\/expertises-et-projets\/riverside-cities\/star-cities\/reunion-davancement-star-cities-9-juillet-2020\/\" \/>\n<meta property=\"og:locale\" content=\"fr_FR\" \/>\n<meta property=\"og:type\" content=\"article\" \/>\n<meta property=\"og:title\" content=\"R\u00e9union d\u2019avancement STAR Cities \u2013 9 juillet 2020 - Espace Pro\" \/>\n<meta property=\"og:description\" content=\"Retour sur cette r\u00e9union d&#039;avancement du projet STAR Cities qui a pr\u00e9sent\u00e9 l&#039;actualit\u00e9 du projet europ\u00e9en aux partenaires locaux des bords de Marne.\" \/>\n<meta property=\"og:url\" content=\"https:\/\/www.tourisme-valdemarne.com\/espace-pro\/expertises-et-projets\/riverside-cities\/star-cities\/reunion-davancement-star-cities-9-juillet-2020\/\" \/>\n<meta property=\"og:site_name\" content=\"Espace Pro\" \/>\n<meta property=\"article:modified_time\" content=\"2025-03-11T16:22:20+00:00\" \/>\n<meta property=\"og:image\" content=\"https:\/\/www.tourisme-valdemarne.com\/espace-pro\/wp-content\/uploads\/sites\/3\/2021\/04\/mail.png\" \/>\n<meta name=\"twitter:card\" content=\"summary_large_image\" \/>\n<meta name=\"twitter:label1\" content=\"Dur\u00e9e de lecture estim\u00e9e\" \/>\n\t<meta name=\"twitter:data1\" content=\"3 minutes\" \/>\n<script type=\"application\/ld+json\" class=\"yoast-schema-graph\">{\"@context\":\"https:\/\/schema.org\",\"@graph\":[{\"@type\":\"WebPage\",\"@id\":\"https:\/\/www.tourisme-valdemarne.com\/espace-pro\/expertises-et-projets\/riverside-cities\/star-cities\/reunion-davancement-star-cities-9-juillet-2020\/\",\"url\":\"https:\/\/www.tourisme-valdemarne.com\/espace-pro\/expertises-et-projets\/riverside-cities\/star-cities\/reunion-davancement-star-cities-9-juillet-2020\/\",\"name\":\"R\u00e9union d\u2019avancement STAR Cities \u2013 9 juillet 2020 - Espace Pro\",\"isPartOf\":{\"@id\":\"https:\/\/www.tourisme-valdemarne.com\/espace-pro\/#website\"},\"primaryImageOfPage\":{\"@id\":\"https:\/\/www.tourisme-valdemarne.com\/espace-pro\/expertises-et-projets\/riverside-cities\/star-cities\/reunion-davancement-star-cities-9-juillet-2020\/#primaryimage\"},\"image\":{\"@id\":\"https:\/\/www.tourisme-valdemarne.com\/espace-pro\/expertises-et-projets\/riverside-cities\/star-cities\/reunion-davancement-star-cities-9-juillet-2020\/#primaryimage\"},\"thumbnailUrl\":\"https:\/\/www.tourisme-valdemarne.com\/espace-pro\/wp-content\/uploads\/sites\/3\/2021\/04\/mail.png\",\"datePublished\":\"2020-12-10T21:26:55+00:00\",\"dateModified\":\"2025-03-11T16:22:20+00:00\",\"description\":\"Retour sur cette r\u00e9union d'avancement du projet STAR Cities qui a pr\u00e9sent\u00e9 l'actualit\u00e9 du projet europ\u00e9en aux partenaires locaux des bords de Marne.\",\"breadcrumb\":{\"@id\":\"https:\/\/www.tourisme-valdemarne.com\/espace-pro\/expertises-et-projets\/riverside-cities\/star-cities\/reunion-davancement-star-cities-9-juillet-2020\/#breadcrumb\"},\"inLanguage\":\"fr-FR\",\"potentialAction\":[{\"@type\":\"ReadAction\",\"target\":[\"https:\/\/www.tourisme-valdemarne.com\/espace-pro\/expertises-et-projets\/riverside-cities\/star-cities\/reunion-davancement-star-cities-9-juillet-2020\/\"]}]},{\"@type\":\"ImageObject\",\"inLanguage\":\"fr-FR\",\"@id\":\"https:\/\/www.tourisme-valdemarne.com\/espace-pro\/expertises-et-projets\/riverside-cities\/star-cities\/reunion-davancement-star-cities-9-juillet-2020\/#primaryimage\",\"url\":\"https:\/\/www.tourisme-valdemarne.com\/espace-pro\/wp-content\/uploads\/sites\/3\/2021\/04\/mail.png\",\"contentUrl\":\"https:\/\/www.tourisme-valdemarne.com\/espace-pro\/wp-content\/uploads\/sites\/3\/2021\/04\/mail.png\",\"width\":512,\"height\":512,\"caption\":\"icon newsletter\"},{\"@type\":\"BreadcrumbList\",\"@id\":\"https:\/\/www.tourisme-valdemarne.com\/espace-pro\/expertises-et-projets\/riverside-cities\/star-cities\/reunion-davancement-star-cities-9-juillet-2020\/#breadcrumb\",\"itemListElement\":[{\"@type\":\"ListItem\",\"position\":1,\"name\":\"Accueil\",\"item\":\"https:\/\/www.tourisme-valdemarne.com\/espace-pro\/\"},{\"@type\":\"ListItem\",\"position\":2,\"name\":\"Expertises et projets\",\"item\":\"https:\/\/www.tourisme-valdemarne.com\/espace-pro\/expertises-et-projets\/\"},{\"@type\":\"ListItem\",\"position\":3,\"name\":\"Riverside Cities\",\"item\":\"https:\/\/www.tourisme-valdemarne.com\/espace-pro\/expertises-et-projets\/riverside-cities\/\"},{\"@type\":\"ListItem\",\"position\":4,\"name\":\"Projet europ\u00e9en Star Cities\",\"item\":\"https:\/\/www.tourisme-valdemarne.com\/espace-pro\/expertises-et-projets\/riverside-cities\/star-cities\/\"},{\"@type\":\"ListItem\",\"position\":5,\"name\":\"R\u00e9union d\u2019avancement STAR Cities \u2013 9 juillet 2020\"}]},{\"@type\":\"WebSite\",\"@id\":\"https:\/\/www.tourisme-valdemarne.com\/espace-pro\/#website\",\"url\":\"https:\/\/www.tourisme-valdemarne.com\/espace-pro\/\",\"name\":\"Espace Pro\",\"description\":\"Informations et outils pour les professionnels et la Presse\",\"potentialAction\":[{\"@type\":\"SearchAction\",\"target\":{\"@type\":\"EntryPoint\",\"urlTemplate\":\"https:\/\/www.tourisme-valdemarne.com\/espace-pro\/?s={search_term_string}\"},\"query-input\":{\"@type\":\"PropertyValueSpecification\",\"valueRequired\":true,\"valueName\":\"search_term_string\"}}],\"inLanguage\":\"fr-FR\"}]}<\/script>\n<!-- \/ Yoast SEO plugin. -->","yoast_head_json":{"title":"R\u00e9union d\u2019avancement STAR Cities \u2013 9 juillet 2020 - Espace Pro","description":"Retour sur cette r\u00e9union d'avancement du projet STAR Cities qui a pr\u00e9sent\u00e9 l'actualit\u00e9 du projet europ\u00e9en aux partenaires locaux des bords de Marne.","robots":{"index":"index","follow":"follow","max-snippet":"max-snippet:-1","max-image-preview":"max-image-preview:large","max-video-preview":"max-video-preview:-1"},"canonical":"https:\/\/www.tourisme-valdemarne.com\/espace-pro\/expertises-et-projets\/riverside-cities\/star-cities\/reunion-davancement-star-cities-9-juillet-2020\/","og_locale":"fr_FR","og_type":"article","og_title":"R\u00e9union d\u2019avancement STAR Cities \u2013 9 juillet 2020 - Espace Pro","og_description":"Retour sur cette r\u00e9union d'avancement du projet STAR Cities qui a pr\u00e9sent\u00e9 l'actualit\u00e9 du projet europ\u00e9en aux partenaires locaux des bords de Marne.","og_url":"https:\/\/www.tourisme-valdemarne.com\/espace-pro\/expertises-et-projets\/riverside-cities\/star-cities\/reunion-davancement-star-cities-9-juillet-2020\/","og_site_name":"Espace Pro","article_modified_time":"2025-03-11T16:22:20+00:00","og_image":[{"url":"https:\/\/www.tourisme-valdemarne.com\/espace-pro\/wp-content\/uploads\/sites\/3\/2021\/04\/mail.png"}],"twitter_card":"summary_large_image","twitter_misc":{"Dur\u00e9e de lecture estim\u00e9e":"3 minutes"},"schema":{"@context":"https:\/\/schema.org","@graph":[{"@type":"WebPage","@id":"https:\/\/www.tourisme-valdemarne.com\/espace-pro\/expertises-et-projets\/riverside-cities\/star-cities\/reunion-davancement-star-cities-9-juillet-2020\/","url":"https:\/\/www.tourisme-valdemarne.com\/espace-pro\/expertises-et-projets\/riverside-cities\/star-cities\/reunion-davancement-star-cities-9-juillet-2020\/","name":"R\u00e9union d\u2019avancement STAR Cities \u2013 9 juillet 2020 - Espace Pro","isPartOf":{"@id":"https:\/\/www.tourisme-valdemarne.com\/espace-pro\/#website"},"primaryImageOfPage":{"@id":"https:\/\/www.tourisme-valdemarne.com\/espace-pro\/expertises-et-projets\/riverside-cities\/star-cities\/reunion-davancement-star-cities-9-juillet-2020\/#primaryimage"},"image":{"@id":"https:\/\/www.tourisme-valdemarne.com\/espace-pro\/expertises-et-projets\/riverside-cities\/star-cities\/reunion-davancement-star-cities-9-juillet-2020\/#primaryimage"},"thumbnailUrl":"https:\/\/www.tourisme-valdemarne.com\/espace-pro\/wp-content\/uploads\/sites\/3\/2021\/04\/mail.png","datePublished":"2020-12-10T21:26:55+00:00","dateModified":"2025-03-11T16:22:20+00:00","description":"Retour sur cette r\u00e9union d'avancement du projet STAR Cities qui a pr\u00e9sent\u00e9 l'actualit\u00e9 du projet europ\u00e9en aux partenaires locaux des bords de Marne.","breadcrumb":{"@id":"https:\/\/www.tourisme-valdemarne.com\/espace-pro\/expertises-et-projets\/riverside-cities\/star-cities\/reunion-davancement-star-cities-9-juillet-2020\/#breadcrumb"},"inLanguage":"fr-FR","potentialAction":[{"@type":"ReadAction","target":["https:\/\/www.tourisme-valdemarne.com\/espace-pro\/expertises-et-projets\/riverside-cities\/star-cities\/reunion-davancement-star-cities-9-juillet-2020\/"]}]},{"@type":"ImageObject","inLanguage":"fr-FR","@id":"https:\/\/www.tourisme-valdemarne.com\/espace-pro\/expertises-et-projets\/riverside-cities\/star-cities\/reunion-davancement-star-cities-9-juillet-2020\/#primaryimage","url":"https:\/\/www.tourisme-valdemarne.com\/espace-pro\/wp-content\/uploads\/sites\/3\/2021\/04\/mail.png","contentUrl":"https:\/\/www.tourisme-valdemarne.com\/espace-pro\/wp-content\/uploads\/sites\/3\/2021\/04\/mail.png","width":512,"height":512,"caption":"icon newsletter"},{"@type":"BreadcrumbList","@id":"https:\/\/www.tourisme-valdemarne.com\/espace-pro\/expertises-et-projets\/riverside-cities\/star-cities\/reunion-davancement-star-cities-9-juillet-2020\/#breadcrumb","itemListElement":[{"@type":"ListItem","position":1,"name":"Accueil","item":"https:\/\/www.tourisme-valdemarne.com\/espace-pro\/"},{"@type":"ListItem","position":2,"name":"Expertises et projets","item":"https:\/\/www.tourisme-valdemarne.com\/espace-pro\/expertises-et-projets\/"},{"@type":"ListItem","position":3,"name":"Riverside Cities","item":"https:\/\/www.tourisme-valdemarne.com\/espace-pro\/expertises-et-projets\/riverside-cities\/"},{"@type":"ListItem","position":4,"name":"Projet europ\u00e9en Star Cities","item":"https:\/\/www.tourisme-valdemarne.com\/espace-pro\/expertises-et-projets\/riverside-cities\/star-cities\/"},{"@type":"ListItem","position":5,"name":"R\u00e9union d\u2019avancement STAR Cities \u2013 9 juillet 2020"}]},{"@type":"WebSite","@id":"https:\/\/www.tourisme-valdemarne.com\/espace-pro\/#website","url":"https:\/\/www.tourisme-valdemarne.com\/espace-pro\/","name":"Espace Pro","description":"Informations et outils pour les professionnels et la Presse","potentialAction":[{"@type":"SearchAction","target":{"@type":"EntryPoint","urlTemplate":"https:\/\/www.tourisme-valdemarne.com\/espace-pro\/?s={search_term_string}"},"query-input":{"@type":"PropertyValueSpecification","valueRequired":true,"valueName":"search_term_string"}}],"inLanguage":"fr-FR"}]}},"_links":{"self":[{"href":"https:\/\/www.tourisme-valdemarne.com\/espace-pro\/wp-json\/wp\/v2\/pages\/8170","targetHints":{"allow":["GET"]}}],"collection":[{"href":"https:\/\/www.tourisme-valdemarne.com\/espace-pro\/wp-json\/wp\/v2\/pages"}],"about":[{"href":"https:\/\/www.tourisme-valdemarne.com\/espace-pro\/wp-json\/wp\/v2\/types\/page"}],"author":[{"embeddable":true,"href":"https:\/\/www.tourisme-valdemarne.com\/espace-pro\/wp-json\/wp\/v2\/users\/1"}],"replies":[{"embeddable":true,"href":"https:\/\/www.tourisme-valdemarne.com\/espace-pro\/wp-json\/wp\/v2\/comments?post=8170"}],"version-history":[{"count":3,"href":"https:\/\/www.tourisme-valdemarne.com\/espace-pro\/wp-json\/wp\/v2\/pages\/8170\/revisions"}],"predecessor-version":[{"id":28802,"href":"https:\/\/www.tourisme-valdemarne.com\/espace-pro\/wp-json\/wp\/v2\/pages\/8170\/revisions\/28802"}],"up":[{"embeddable":true,"href":"https:\/\/www.tourisme-valdemarne.com\/espace-pro\/wp-json\/wp\/v2\/pages\/920"}],"wp:attachment":[{"href":"https:\/\/www.tourisme-valdemarne.com\/espace-pro\/wp-json\/wp\/v2\/media?parent=8170"}],"wp:term":[{"taxonomy":"vdmTagMarketing","embeddable":true,"href":"https:\/\/www.tourisme-valdemarne.com\/espace-pro\/wp-json\/wp\/v2\/vdmTagMarketing?post=8170"}],"curies":[{"name":"wp","href":"https:\/\/api.w.org\/{rel}","templated":true}]}}