{"id":8164,"date":"2020-12-10T22:27:33","date_gmt":"2020-12-10T21:27:33","guid":{"rendered":"https:\/\/www.tourisme-valdemarne.com\/espace-pro\/eductour-2019-autour-du-bois-de-vincennes"},"modified":"2024-03-04T16:12:05","modified_gmt":"2024-03-04T15:12:05","slug":"eductour-2019-autour-du-bois-de-vincennes","status":"publish","type":"page","link":"https:\/\/www.tourisme-valdemarne.com\/espace-pro\/seminaires-et-receptions-pro\/eductours-salons\/eductours\/eductour-2019-autour-du-bois-de-vincennes\/","title":{"rendered":"Eductour 2019 : Autour du bois de Vincennes"},"content":{"rendered":"\n<p>Val-de-Marne Tourisme &amp; Loisirs vous propose un \u00e9ductour autour du bois de Vincennes afin de d\u00e9couvrir des sites d\u00e9di\u00e9s \u00e0 l\u2019organisation d\u2019\u00e9v\u00e9nements professionnels : s\u00e9minaires, lancements de produits, assembl\u00e9es g\u00e9n\u00e9rales, congr\u00e8s etc. mais \u00e9galement vous pr\u00e9senter de nouvelles activit\u00e9s de Team-Building.<\/p>\n\n\n\n<p class=\"has-text-align-center\"><strong>Mardi 3 d\u00e9cembre 2019<br>\u00e0 partir de 9h<\/strong><\/p>\n\n\n\n<p class=\"is-style-highlight\">Venez d\u00e9couvrir les<strong>&nbsp;sites d\u2019affaires de l\u2019Est parisien&nbsp;<\/strong>avec un d\u00e9part depuis le Ch\u00e2teau de Vincennes.Une matin\u00e9e de<strong>&nbsp;rencontres avec les professionnels<\/strong>&nbsp;du territoire et les responsables des lieux.<\/p>\n\n\n\n<p class=\"has-text-align-center\">A partir de 9h : Accueil-caf\u00e9 au ch\u00e2teau de Vincennes<br>Pr\u00e9sentation du jeu de piste \u00ab&nbsp;La boite empoisonn\u00e9e&nbsp;\u00bb<br>Visite de l\u2019INSEP<br>Visite de \u00ab&nbsp;Vincennes hippodrome de Paris&nbsp;\u00bb<br>suivie d\u2019un cocktail d\u00e9jeunatoire<\/p>\n\n\n\n<p class=\"has-text-align-center\">14h : fin du circuit au m\u00e9tro&nbsp;<em>Ch\u00e2teau de Vincennes<\/em><\/p>\n\n\n\n<p><em><strong>Cette matin\u00e9e gratuite est r\u00e9serv\u00e9e aux organisateurs d\u2019\u00e9v\u00e8nements professionnels&nbsp;<\/strong>(inscription obligatoire, nombre de places limit\u00e9). Elle comprend le transport en car, la visite des diff\u00e9rents lieux et le cocktail d\u00e9jeunatoire<\/em><\/p>\n\n\n\n<h2 class=\"wp-block-heading\">LES LIEUX<\/h2>\n\n\n\n<h3 class=\"wp-block-heading\">Ch\u00e2teau de Vincennes<\/h3>\n\n\n\n<div class=\"wp-block-media-text\"><figure class=\"wp-block-media-text__media\"><img width=\"1200\" height=\"803\" data-src=\"https:\/\/www.tourisme-valdemarne.com\/espace-pro\/wp-content\/uploads\/sites\/3\/wpetourisme\/Chateau-Vincennes-2-2-1200x803.jpg\" alt=\"\" class=\"wp-image-7043 size-full\" srcset=\"https:\/\/www.tourisme-valdemarne.com\/espace-pro\/wp-content\/uploads\/sites\/3\/wpetourisme\/Chateau-Vincennes-2-2-1200x803.jpg 1200w, https:\/\/www.tourisme-valdemarne.com\/espace-pro\/wp-content\/uploads\/sites\/3\/wpetourisme\/Chateau-Vincennes-2-2-600x402.jpg 600w, https:\/\/www.tourisme-valdemarne.com\/espace-pro\/wp-content\/uploads\/sites\/3\/wpetourisme\/Chateau-Vincennes-2-2-900x602.jpg 900w, https:\/\/www.tourisme-valdemarne.com\/espace-pro\/wp-content\/uploads\/sites\/3\/wpetourisme\/Chateau-Vincennes-2-2-380x254.jpg 380w, https:\/\/www.tourisme-valdemarne.com\/espace-pro\/wp-content\/uploads\/sites\/3\/wpetourisme\/Chateau-Vincennes-2-2-200x134.jpg 200w, https:\/\/www.tourisme-valdemarne.com\/espace-pro\/wp-content\/uploads\/sites\/3\/wpetourisme\/Chateau-Vincennes-2-2.jpg 1600w\" sizes=\"(max-width: 1200px) 100vw, 1200px\" \/><\/figure><div class=\"wp-block-media-text__content\">\n<p class=\"has-large-font-size\"><strong>La boite empoisonn\u00e9e: nouveau jeu de piste immersif au ch\u00e2teau de Vincennes<\/strong><\/p>\n\n\n\n<p>A partir de mi-novembre, le Centre des Monuments Nationaux avec la collaboration de Widetrip vous invite \u00e0 vivre une exp\u00e9rience in\u00e9dite qui vous permettra de (re)d\u00e9couvrir le ch\u00e2teau de Vincennes de mani\u00e8re ludique. Une activit\u00e9 id\u00e9ale pour vos team-buildings.<\/p>\n<\/div><\/div>\n\n\n\n<div class=\"wp-block-button aligncenter\"><a class=\"wp-block-button__link\">En savoir +<\/a><\/div>\n\n\n\n<h3 class=\"wp-block-heading\">Insep<\/h3>\n\n\n\n<div class=\"wp-block-media-text has-media-on-the-right\" style=\"grid-template-columns:auto 28%\"><figure class=\"wp-block-media-text__media\"><img width=\"200\" height=\"151\" data-src=\"https:\/\/www.tourisme-valdemarne.com\/espace-pro\/wp-content\/uploads\/sites\/3\/2020\/12\/insep_logotype_rgb-200x151.jpg\" alt=\"\" class=\"wp-image-8203 size-full\"\/><\/figure><div class=\"wp-block-media-text__content\">\n<p class=\"has-large-font-size\">L\u2019Institut National du Sport, de l\u2019Expertise et de la Performance est d\u00e9di\u00e9 \u00e0 la formation des sportifs de haut niveau. Il propose aux entreprises de multiples salles de r\u00e9unions mais \u00e9galement des initiations sportives et activit\u00e9s de team-building.<\/p>\n<\/div><\/div>\n\n\n\n<h3 class=\"wp-block-heading\">Hippodrome de Paris-Vincennes<\/h3>\n\n\n\n<div class=\"wp-block-media-text\"><figure class=\"wp-block-media-text__media\"><img width=\"1200\" height=\"800\" data-src=\"https:\/\/www.tourisme-valdemarne.com\/espace-pro\/wp-content\/uploads\/sites\/3\/2020\/12\/photo-course-restaurant-1200x800-1200x800.jpg\" alt=\"\" class=\"wp-image-8209 size-full\" srcset=\"https:\/\/www.tourisme-valdemarne.com\/espace-pro\/wp-content\/uploads\/sites\/3\/2020\/12\/photo-course-restaurant-1200x800.jpg 1200w, https:\/\/www.tourisme-valdemarne.com\/espace-pro\/wp-content\/uploads\/sites\/3\/2020\/12\/photo-course-restaurant-1200x800-600x400.jpg 600w, https:\/\/www.tourisme-valdemarne.com\/espace-pro\/wp-content\/uploads\/sites\/3\/2020\/12\/photo-course-restaurant-1200x800-900x600.jpg 900w, https:\/\/www.tourisme-valdemarne.com\/espace-pro\/wp-content\/uploads\/sites\/3\/2020\/12\/photo-course-restaurant-1200x800-380x253.jpg 380w, https:\/\/www.tourisme-valdemarne.com\/espace-pro\/wp-content\/uploads\/sites\/3\/2020\/12\/photo-course-restaurant-1200x800-200x133.jpg 200w\" sizes=\"(max-width: 1200px) 100vw, 1200px\" \/><\/figure><div class=\"wp-block-media-text__content\">\n<p class=\"has-large-font-size\"><a href=\"https:\/\/www.tourisme-valdemarne.com\/loisir\/hippodrome-de-paris-vincennes\/\">L\u2019hippodrome de Paris-Vincennes<\/a> est dot\u00e9 de salles de r\u00e9unions pouvant accueillir jusqu\u2019\u00e0 350 personnes. Ce site prestigieux peut \u00e9galement accueillir des soir\u00e9es d\u2019entreprises ou \u00e9v\u00e9nementielles gr\u00e2ce \u00e0 son restaurant de 1800 couverts avec vue sur une course de l\u2019hippodrome.<\/p>\n<\/div><\/div>\n\n\n\n<div class=\"wp-block-button aligncenter\"><a class=\"wp-block-button__link\" href=\"https:\/\/www.tourisme-valdemarne.com\/seminaire\/vincennes-hippodrome-de-paris\/\">En savoir +<\/a><\/div>\n","protected":false},"excerpt":{"rendered":"<p>Val-de-Marne Tourisme &amp; Loisirs vous propose un \u00e9ductour autour du bois de Vincennes afin de d\u00e9couvrir des sites d\u00e9di\u00e9s \u00e0 l\u2019organisation d\u2019\u00e9v\u00e9nements professionnels : s\u00e9minaires, lancements de produits, assembl\u00e9es g\u00e9n\u00e9rales, congr\u00e8s etc. mais \u00e9galement vous pr\u00e9senter de nouvelles activit\u00e9s de Team-Building. Mardi 3 d\u00e9cembre 2019\u00e0 partir de 9h Venez d\u00e9couvrir les&nbsp;sites d\u2019affaires de l\u2019Est parisien&nbsp;avec [&hellip;]<\/p>\n","protected":false},"author":1,"featured_media":8174,"parent":195,"menu_order":0,"comment_status":"closed","ping_status":"closed","template":"","meta":{"_relevanssi_hide_post":"","_relevanssi_hide_content":"","_relevanssi_pin_for_all":"","_relevanssi_pin_keywords":"","_relevanssi_unpin_keywords":"","_relevanssi_related_keywords":"","_relevanssi_related_include_ids":"","_relevanssi_related_exclude_ids":"","_relevanssi_related_no_append":"","_relevanssi_related_not_related":"","_relevanssi_related_posts":"444,442,8090,8105,2749,8090","_relevanssi_noindex_reason":"","footnotes":""},"vdmTagMarketing":[],"class_list":["post-8164","page","type-page","status-publish","has-post-thumbnail","hentry"],"acf":[],"yoast_head":"<!-- This site is optimized with the Yoast SEO plugin v23.9 - https:\/\/yoast.com\/wordpress\/plugins\/seo\/ -->\n<title>Eductour 2019 : Autour du bois de Vincennes - Espace Pro<\/title>\n<meta name=\"description\" content=\"Val-de-Marne Tourisme &amp; Loisirs vous propose un \u00e9ductour autour du bois de Vincennes afin de d\u00e9couvrir des sites d\u00e9di\u00e9s \u00e0 l&#039;organisation d\u2019\u00e9v\u00e9nements professionnels : s\u00e9minaires, lancements de produits, assembl\u00e9es g\u00e9n\u00e9rales, congr\u00e8s etc. mais \u00e9galement vous pr\u00e9senter de nouvelles activit\u00e9s de Team-Building. Mardi 3 d\u00e9cembre 2019 \u00e0 partir de 9h Venez d\u00e9couvrir les sites d&#039;affaires\" \/>\n<meta name=\"robots\" content=\"index, follow, max-snippet:-1, max-image-preview:large, max-video-preview:-1\" \/>\n<link rel=\"canonical\" href=\"https:\/\/www.tourisme-valdemarne.com\/espace-pro\/seminaires-et-receptions-pro\/eductours-salons\/eductours\/eductour-2019-autour-du-bois-de-vincennes\/\" \/>\n<meta property=\"og:locale\" content=\"fr_FR\" \/>\n<meta property=\"og:type\" content=\"article\" \/>\n<meta property=\"og:title\" content=\"Eductour 2019 : Autour du bois de Vincennes - Espace Pro\" \/>\n<meta property=\"og:description\" content=\"Val-de-Marne Tourisme &amp; Loisirs vous propose un \u00e9ductour autour du bois de Vincennes afin de d\u00e9couvrir des sites d\u00e9di\u00e9s \u00e0 l&#039;organisation d\u2019\u00e9v\u00e9nements professionnels : s\u00e9minaires, lancements de produits, assembl\u00e9es g\u00e9n\u00e9rales, congr\u00e8s etc. mais \u00e9galement vous pr\u00e9senter de nouvelles activit\u00e9s de Team-Building. Mardi 3 d\u00e9cembre 2019 \u00e0 partir de 9h Venez d\u00e9couvrir les sites d&#039;affaires\" \/>\n<meta property=\"og:url\" content=\"https:\/\/www.tourisme-valdemarne.com\/espace-pro\/seminaires-et-receptions-pro\/eductours-salons\/eductours\/eductour-2019-autour-du-bois-de-vincennes\/\" \/>\n<meta property=\"og:site_name\" content=\"Espace Pro\" \/>\n<meta property=\"article:modified_time\" content=\"2024-03-04T15:12:05+00:00\" \/>\n<meta property=\"og:image\" content=\"https:\/\/www.tourisme-valdemarne.com\/espace-pro\/wp-content\/uploads\/sites\/3\/2020\/12\/tour_chateau_vincennes-53-1600x900.jpg\" \/>\n\t<meta property=\"og:image:width\" content=\"1600\" \/>\n\t<meta property=\"og:image:height\" content=\"900\" \/>\n\t<meta property=\"og:image:type\" content=\"image\/jpeg\" \/>\n<meta name=\"twitter:card\" content=\"summary_large_image\" \/>\n<meta name=\"twitter:label1\" content=\"Dur\u00e9e de lecture estim\u00e9e\" \/>\n\t<meta name=\"twitter:data1\" content=\"3 minutes\" \/>\n<script type=\"application\/ld+json\" class=\"yoast-schema-graph\">{\"@context\":\"https:\/\/schema.org\",\"@graph\":[{\"@type\":\"WebPage\",\"@id\":\"https:\/\/www.tourisme-valdemarne.com\/espace-pro\/seminaires-et-receptions-pro\/eductours-salons\/eductours\/eductour-2019-autour-du-bois-de-vincennes\/\",\"url\":\"https:\/\/www.tourisme-valdemarne.com\/espace-pro\/seminaires-et-receptions-pro\/eductours-salons\/eductours\/eductour-2019-autour-du-bois-de-vincennes\/\",\"name\":\"Eductour 2019 : Autour du bois de Vincennes - Espace Pro\",\"isPartOf\":{\"@id\":\"https:\/\/www.tourisme-valdemarne.com\/espace-pro\/#website\"},\"primaryImageOfPage\":{\"@id\":\"https:\/\/www.tourisme-valdemarne.com\/espace-pro\/seminaires-et-receptions-pro\/eductours-salons\/eductours\/eductour-2019-autour-du-bois-de-vincennes\/#primaryimage\"},\"image\":{\"@id\":\"https:\/\/www.tourisme-valdemarne.com\/espace-pro\/seminaires-et-receptions-pro\/eductours-salons\/eductours\/eductour-2019-autour-du-bois-de-vincennes\/#primaryimage\"},\"thumbnailUrl\":\"https:\/\/www.tourisme-valdemarne.com\/espace-pro\/wp-content\/uploads\/sites\/3\/2020\/12\/tour_chateau_vincennes-53-1600x900.jpg\",\"datePublished\":\"2020-12-10T21:27:33+00:00\",\"dateModified\":\"2024-03-04T15:12:05+00:00\",\"description\":\"Val-de-Marne Tourisme & Loisirs vous propose un \u00e9ductour autour du bois de Vincennes afin de d\u00e9couvrir des sites d\u00e9di\u00e9s \u00e0 l'organisation d\u2019\u00e9v\u00e9nements professionnels : s\u00e9minaires, lancements de produits, assembl\u00e9es g\u00e9n\u00e9rales, congr\u00e8s etc. mais \u00e9galement vous pr\u00e9senter de nouvelles activit\u00e9s de Team-Building. Mardi 3 d\u00e9cembre 2019 \u00e0 partir de 9h Venez d\u00e9couvrir les sites d'affaires\",\"breadcrumb\":{\"@id\":\"https:\/\/www.tourisme-valdemarne.com\/espace-pro\/seminaires-et-receptions-pro\/eductours-salons\/eductours\/eductour-2019-autour-du-bois-de-vincennes\/#breadcrumb\"},\"inLanguage\":\"fr-FR\",\"potentialAction\":[{\"@type\":\"ReadAction\",\"target\":[\"https:\/\/www.tourisme-valdemarne.com\/espace-pro\/seminaires-et-receptions-pro\/eductours-salons\/eductours\/eductour-2019-autour-du-bois-de-vincennes\/\"]}]},{\"@type\":\"ImageObject\",\"inLanguage\":\"fr-FR\",\"@id\":\"https:\/\/www.tourisme-valdemarne.com\/espace-pro\/seminaires-et-receptions-pro\/eductours-salons\/eductours\/eductour-2019-autour-du-bois-de-vincennes\/#primaryimage\",\"url\":\"https:\/\/www.tourisme-valdemarne.com\/espace-pro\/wp-content\/uploads\/sites\/3\/2020\/12\/tour_chateau_vincennes-53-1600x900.jpg\",\"contentUrl\":\"https:\/\/www.tourisme-valdemarne.com\/espace-pro\/wp-content\/uploads\/sites\/3\/2020\/12\/tour_chateau_vincennes-53-1600x900.jpg\",\"width\":1600,\"height\":900,\"caption\":\"Tour ch\u00e2teau de Vincennes\"},{\"@type\":\"BreadcrumbList\",\"@id\":\"https:\/\/www.tourisme-valdemarne.com\/espace-pro\/seminaires-et-receptions-pro\/eductours-salons\/eductours\/eductour-2019-autour-du-bois-de-vincennes\/#breadcrumb\",\"itemListElement\":[{\"@type\":\"ListItem\",\"position\":1,\"name\":\"Accueil\",\"item\":\"https:\/\/www.tourisme-valdemarne.com\/espace-pro\/\"},{\"@type\":\"ListItem\",\"position\":2,\"name\":\"S\u00e9minaires et r\u00e9ceptions Pro\",\"item\":\"https:\/\/www.tourisme-valdemarne.com\/espace-pro\/seminaires-et-receptions-pro\/\"},{\"@type\":\"ListItem\",\"position\":3,\"name\":\"Eductours &#038; Salons\",\"item\":\"https:\/\/www.tourisme-valdemarne.com\/espace-pro\/seminaires-et-receptions-pro\/eductours-salons\/\"},{\"@type\":\"ListItem\",\"position\":4,\"name\":\"Eductours\",\"item\":\"https:\/\/www.tourisme-valdemarne.com\/espace-pro\/seminaires-et-receptions-pro\/eductours-salons\/eductours\/\"},{\"@type\":\"ListItem\",\"position\":5,\"name\":\"Eductour 2019 : Autour du bois de Vincennes\"}]},{\"@type\":\"WebSite\",\"@id\":\"https:\/\/www.tourisme-valdemarne.com\/espace-pro\/#website\",\"url\":\"https:\/\/www.tourisme-valdemarne.com\/espace-pro\/\",\"name\":\"Espace Pro\",\"description\":\"Informations et outils pour les professionnels et la Presse\",\"potentialAction\":[{\"@type\":\"SearchAction\",\"target\":{\"@type\":\"EntryPoint\",\"urlTemplate\":\"https:\/\/www.tourisme-valdemarne.com\/espace-pro\/?s={search_term_string}\"},\"query-input\":{\"@type\":\"PropertyValueSpecification\",\"valueRequired\":true,\"valueName\":\"search_term_string\"}}],\"inLanguage\":\"fr-FR\"}]}<\/script>\n<!-- \/ Yoast SEO plugin. -->","yoast_head_json":{"title":"Eductour 2019 : Autour du bois de Vincennes - Espace Pro","description":"Val-de-Marne Tourisme & Loisirs vous propose un \u00e9ductour autour du bois de Vincennes afin de d\u00e9couvrir des sites d\u00e9di\u00e9s \u00e0 l'organisation d\u2019\u00e9v\u00e9nements professionnels : s\u00e9minaires, lancements de produits, assembl\u00e9es g\u00e9n\u00e9rales, congr\u00e8s etc. mais \u00e9galement vous pr\u00e9senter de nouvelles activit\u00e9s de Team-Building. Mardi 3 d\u00e9cembre 2019 \u00e0 partir de 9h Venez d\u00e9couvrir les sites d'affaires","robots":{"index":"index","follow":"follow","max-snippet":"max-snippet:-1","max-image-preview":"max-image-preview:large","max-video-preview":"max-video-preview:-1"},"canonical":"https:\/\/www.tourisme-valdemarne.com\/espace-pro\/seminaires-et-receptions-pro\/eductours-salons\/eductours\/eductour-2019-autour-du-bois-de-vincennes\/","og_locale":"fr_FR","og_type":"article","og_title":"Eductour 2019 : Autour du bois de Vincennes - Espace Pro","og_description":"Val-de-Marne Tourisme & Loisirs vous propose un \u00e9ductour autour du bois de Vincennes afin de d\u00e9couvrir des sites d\u00e9di\u00e9s \u00e0 l'organisation d\u2019\u00e9v\u00e9nements professionnels : s\u00e9minaires, lancements de produits, assembl\u00e9es g\u00e9n\u00e9rales, congr\u00e8s etc. mais \u00e9galement vous pr\u00e9senter de nouvelles activit\u00e9s de Team-Building. Mardi 3 d\u00e9cembre 2019 \u00e0 partir de 9h Venez d\u00e9couvrir les sites d'affaires","og_url":"https:\/\/www.tourisme-valdemarne.com\/espace-pro\/seminaires-et-receptions-pro\/eductours-salons\/eductours\/eductour-2019-autour-du-bois-de-vincennes\/","og_site_name":"Espace Pro","article_modified_time":"2024-03-04T15:12:05+00:00","og_image":[{"width":1600,"height":900,"url":"https:\/\/www.tourisme-valdemarne.com\/espace-pro\/wp-content\/uploads\/sites\/3\/2020\/12\/tour_chateau_vincennes-53-1600x900.jpg","type":"image\/jpeg"}],"twitter_card":"summary_large_image","twitter_misc":{"Dur\u00e9e de lecture estim\u00e9e":"3 minutes"},"schema":{"@context":"https:\/\/schema.org","@graph":[{"@type":"WebPage","@id":"https:\/\/www.tourisme-valdemarne.com\/espace-pro\/seminaires-et-receptions-pro\/eductours-salons\/eductours\/eductour-2019-autour-du-bois-de-vincennes\/","url":"https:\/\/www.tourisme-valdemarne.com\/espace-pro\/seminaires-et-receptions-pro\/eductours-salons\/eductours\/eductour-2019-autour-du-bois-de-vincennes\/","name":"Eductour 2019 : Autour du bois de Vincennes - Espace Pro","isPartOf":{"@id":"https:\/\/www.tourisme-valdemarne.com\/espace-pro\/#website"},"primaryImageOfPage":{"@id":"https:\/\/www.tourisme-valdemarne.com\/espace-pro\/seminaires-et-receptions-pro\/eductours-salons\/eductours\/eductour-2019-autour-du-bois-de-vincennes\/#primaryimage"},"image":{"@id":"https:\/\/www.tourisme-valdemarne.com\/espace-pro\/seminaires-et-receptions-pro\/eductours-salons\/eductours\/eductour-2019-autour-du-bois-de-vincennes\/#primaryimage"},"thumbnailUrl":"https:\/\/www.tourisme-valdemarne.com\/espace-pro\/wp-content\/uploads\/sites\/3\/2020\/12\/tour_chateau_vincennes-53-1600x900.jpg","datePublished":"2020-12-10T21:27:33+00:00","dateModified":"2024-03-04T15:12:05+00:00","description":"Val-de-Marne Tourisme & Loisirs vous propose un \u00e9ductour autour du bois de Vincennes afin de d\u00e9couvrir des sites d\u00e9di\u00e9s \u00e0 l'organisation d\u2019\u00e9v\u00e9nements professionnels : s\u00e9minaires, lancements de produits, assembl\u00e9es g\u00e9n\u00e9rales, congr\u00e8s etc. mais \u00e9galement vous pr\u00e9senter de nouvelles activit\u00e9s de Team-Building. Mardi 3 d\u00e9cembre 2019 \u00e0 partir de 9h Venez d\u00e9couvrir les sites d'affaires","breadcrumb":{"@id":"https:\/\/www.tourisme-valdemarne.com\/espace-pro\/seminaires-et-receptions-pro\/eductours-salons\/eductours\/eductour-2019-autour-du-bois-de-vincennes\/#breadcrumb"},"inLanguage":"fr-FR","potentialAction":[{"@type":"ReadAction","target":["https:\/\/www.tourisme-valdemarne.com\/espace-pro\/seminaires-et-receptions-pro\/eductours-salons\/eductours\/eductour-2019-autour-du-bois-de-vincennes\/"]}]},{"@type":"ImageObject","inLanguage":"fr-FR","@id":"https:\/\/www.tourisme-valdemarne.com\/espace-pro\/seminaires-et-receptions-pro\/eductours-salons\/eductours\/eductour-2019-autour-du-bois-de-vincennes\/#primaryimage","url":"https:\/\/www.tourisme-valdemarne.com\/espace-pro\/wp-content\/uploads\/sites\/3\/2020\/12\/tour_chateau_vincennes-53-1600x900.jpg","contentUrl":"https:\/\/www.tourisme-valdemarne.com\/espace-pro\/wp-content\/uploads\/sites\/3\/2020\/12\/tour_chateau_vincennes-53-1600x900.jpg","width":1600,"height":900,"caption":"Tour ch\u00e2teau de Vincennes"},{"@type":"BreadcrumbList","@id":"https:\/\/www.tourisme-valdemarne.com\/espace-pro\/seminaires-et-receptions-pro\/eductours-salons\/eductours\/eductour-2019-autour-du-bois-de-vincennes\/#breadcrumb","itemListElement":[{"@type":"ListItem","position":1,"name":"Accueil","item":"https:\/\/www.tourisme-valdemarne.com\/espace-pro\/"},{"@type":"ListItem","position":2,"name":"S\u00e9minaires et r\u00e9ceptions Pro","item":"https:\/\/www.tourisme-valdemarne.com\/espace-pro\/seminaires-et-receptions-pro\/"},{"@type":"ListItem","position":3,"name":"Eductours &#038; Salons","item":"https:\/\/www.tourisme-valdemarne.com\/espace-pro\/seminaires-et-receptions-pro\/eductours-salons\/"},{"@type":"ListItem","position":4,"name":"Eductours","item":"https:\/\/www.tourisme-valdemarne.com\/espace-pro\/seminaires-et-receptions-pro\/eductours-salons\/eductours\/"},{"@type":"ListItem","position":5,"name":"Eductour 2019 : Autour du bois de Vincennes"}]},{"@type":"WebSite","@id":"https:\/\/www.tourisme-valdemarne.com\/espace-pro\/#website","url":"https:\/\/www.tourisme-valdemarne.com\/espace-pro\/","name":"Espace Pro","description":"Informations et outils pour les professionnels et la Presse","potentialAction":[{"@type":"SearchAction","target":{"@type":"EntryPoint","urlTemplate":"https:\/\/www.tourisme-valdemarne.com\/espace-pro\/?s={search_term_string}"},"query-input":{"@type":"PropertyValueSpecification","valueRequired":true,"valueName":"search_term_string"}}],"inLanguage":"fr-FR"}]}},"_links":{"self":[{"href":"https:\/\/www.tourisme-valdemarne.com\/espace-pro\/wp-json\/wp\/v2\/pages\/8164","targetHints":{"allow":["GET"]}}],"collection":[{"href":"https:\/\/www.tourisme-valdemarne.com\/espace-pro\/wp-json\/wp\/v2\/pages"}],"about":[{"href":"https:\/\/www.tourisme-valdemarne.com\/espace-pro\/wp-json\/wp\/v2\/types\/page"}],"author":[{"embeddable":true,"href":"https:\/\/www.tourisme-valdemarne.com\/espace-pro\/wp-json\/wp\/v2\/users\/1"}],"replies":[{"embeddable":true,"href":"https:\/\/www.tourisme-valdemarne.com\/espace-pro\/wp-json\/wp\/v2\/comments?post=8164"}],"version-history":[{"count":22,"href":"https:\/\/www.tourisme-valdemarne.com\/espace-pro\/wp-json\/wp\/v2\/pages\/8164\/revisions"}],"predecessor-version":[{"id":26531,"href":"https:\/\/www.tourisme-valdemarne.com\/espace-pro\/wp-json\/wp\/v2\/pages\/8164\/revisions\/26531"}],"up":[{"embeddable":true,"href":"https:\/\/www.tourisme-valdemarne.com\/espace-pro\/wp-json\/wp\/v2\/pages\/195"}],"wp:featuredmedia":[{"embeddable":true,"href":"https:\/\/www.tourisme-valdemarne.com\/espace-pro\/wp-json\/wp\/v2\/media\/8174"}],"wp:attachment":[{"href":"https:\/\/www.tourisme-valdemarne.com\/espace-pro\/wp-json\/wp\/v2\/media?parent=8164"}],"wp:term":[{"taxonomy":"vdmTagMarketing","embeddable":true,"href":"https:\/\/www.tourisme-valdemarne.com\/espace-pro\/wp-json\/wp\/v2\/vdmTagMarketing?post=8164"}],"curies":[{"name":"wp","href":"https:\/\/api.w.org\/{rel}","templated":true}]}}