{"id":8162,"date":"2020-12-10T22:25:30","date_gmt":"2020-12-10T21:25:30","guid":{"rendered":"https:\/\/www.tourisme-valdemarne.com\/espace-pro\/20-ans-ca-se-fete"},"modified":"2024-02-12T16:08:00","modified_gmt":"2024-02-12T15:08:00","slug":"20-ans-ca-se-fete","status":"publish","type":"page","link":"https:\/\/www.tourisme-valdemarne.com\/espace-pro\/qui-sommes-nous\/20-ans-ca-se-fete\/","title":{"rendered":"20 ans, \u00e7a se f\u00eate !"},"content":{"rendered":"\n<p class=\"is-style-excerpt\">En 2019, Val-de-Marne Tourisme &amp; Loisirs\n f\u00eate ses 20 ans d\u2019existence. Pour marquer l\u2019\u00e9v\u00e8nement, une soir\u00e9e a \u00e9t\u00e9\n organis\u00e9e \u00e0 la Briqueterie \u00e0 Vitry-sur-Seine le jeudi 10 octobre. \nL\u2019occasion de partager ce moment convivial avec pr\u00e8s de 150 acteurs du \nterritoire. Retour sur cette soir\u00e9e m\u00e9morable\u2026<\/p>\n\n\n\n<h2 class=\"wp-block-heading\">La soir\u00e9e des 20 ans en vid\u00e9o<\/h2>\n\n\n\n<p>Retour en images sur la soir\u00e9e des 20 ans du Comit\u00e9 D\u00e9partemental du Tourisme en Val-de-Marne \u00e0 la Briqueterie.<\/p>\n\n\n\n<figure class=\"wp-block-embed is-type-video is-provider-youtube wp-block-embed-youtube wp-embed-aspect-16-9 wp-has-aspect-ratio\"><div class=\"wp-block-embed__wrapper\">\n<iframe loading=\"lazy\" title=\"20 ans de Val-de-Marne Tourisme &amp; Loisirs (version courte)\" width=\"500\" height=\"281\" src=\"https:\/\/www.youtube.com\/embed\/jN3NPrY0Bxs?feature=oembed\" frameborder=\"0\" allow=\"accelerometer; autoplay; clipboard-write; encrypted-media; gyroscope; picture-in-picture; web-share\" referrerpolicy=\"strict-origin-when-cross-origin\" allowfullscreen><\/iframe>\n<\/div><\/figure>\n\n\n\n<p class=\"is-style-highlight\">D\u00e9couvrez le <a href=\"https:\/\/www.tourisme-valdemarne.com\/espace-pro\/qui-sommes-nous\/20-ans-ca-se-fete\/les-professionnels-temoignent-de-20-ans-dactions-avec-val-de-marne-tourisme\/\">t\u00e9moignage des diff\u00e9rents acteurs du tourisme en Val-de-Marne<\/a> et collaborateurs du CDT94.<\/p>\n\n\n\n<h2 class=\"wp-block-heading\">Des visites insolites pour d\u00e9buter les festivit\u00e9s<\/h2>\n\n\n\n<p>L\u2019\u00e9v\u00e8nement a d\u00e9but\u00e9 d\u00e8s l\u2019apr\u00e8s-midi. Trois \u00e9ductours pour d\u00e9couvrir\n des visites initi\u00e9es par Val-de-Marne Tourisme &amp; Loisirs ainsi \nqu\u2019une conf\u00e9rence ont \u00e9t\u00e9 organis\u00e9s  : <\/p>\n\n\n\n<ul class=\"wp-block-list\"><li><strong>Street Art \u00e0 Vitry-sur-Seine<\/strong> (en partenariat \navec Vitry\u2019N Urbaine) : une promenade d\u00e9ambulatoire dans une ville qui \nest devenue un v\u00e9ritable mus\u00e9e \u00e0 ciel ouvert.<\/li><li><strong>Patrimoine roulant de la RATP<\/strong>\n (en partenariat avec ma RATP) : une visite dans l\u2019ancienne gare de \ntriage \u00e0 Villeneuve-Saint-Georges \u00e0 la d\u00e9couverte d\u2019un si\u00e8cle de \nmat\u00e9riels roulants.<\/li><li><strong>Passeurs de Culture(s)<\/strong> (en \npartenariat avec Bastina) : une balade \u00e0 Fontenay-sous-Bois sur les \ntraces de personnalit\u00e9s issues de l\u2019immigration et de leurs parcours de \nvie.<\/li><li><strong>\u00ab&nbsp;Marne et Seine : regards sur nos cours d\u2019eau&nbsp;\u00bb<\/strong>\n par Olivier Ma\u00eetre-Allain : une conf\u00e9rence pour montrer comment et \ncombien le territoire du Val-de-Marne a \u00e9t\u00e9 model\u00e9, d\u00e9termin\u00e9 par ses 2 \ncours d\u2019eau.<\/li><\/ul>\n\n\n\n<p>Les visites ont \u00e9t\u00e9 tr\u00e8s appr\u00e9ci\u00e9es car elles ont permis non \nseulement de d\u00e9couvrir le territoire mais aussi d\u2019\u00e9changer entre \nparticipants.<\/p>\n\n\n\n<figure class=\"wp-block-image\"><a href=\"https:\/\/www.tourisme-valdemarne.com\/espace-pro\/wp-content\/uploads\/sites\/3\/2019\/10\/visite-ratp-cp-cdt94-a.bouchoir.jpg\"><img data-src=\"https:\/\/www.tourisme-valdemarne.com\/espace-pro\/wp-content\/uploads\/sites\/3\/2019\/10\/visite-ratp-cp-cdt94-a.bouchoir.jpg\" alt=\"Visites du patrimoine roulant de la RATP\" class=\"wp-image-6970\"\/><\/a><figcaption>Visites du patrimoine roulant de la RATP<\/figcaption><\/figure>\n\n\n\n<h2 class=\"wp-block-heading\">Place \u00e0 la soir\u00e9e festive et aux surprises<\/h2>\n\n\n\n<p>A partir de 18h, les invit\u00e9s ont pu<strong> <a href=\"https:\/\/www.tourisme-valdemarne.com\/patrimoine-culturel\/la-briqueterie-cdcn\/\" target=\"_blank\" rel=\"noreferrer noopener\">visiter la Briqueterie<\/a><\/strong>  pour d\u00e9couvrir son architecture atypique ainsi que ses missions en tant  que Centre de d\u00e9veloppement chor\u00e9graphique du Val-de-Marne.<\/p>\n\n\n\n<p>Puis l\u2019ouverture de la soir\u00e9e a \u00e9t\u00e9 assur\u00e9e par de grandes personnalit\u00e9s du Val-de-Marne :<\/p>\n\n\n\n<ul class=\"wp-block-list\"><li>Mots de bienvenue de <strong>Daniel Favier,<\/strong> directeur de la Briqueterie \u2013 CDCN du Val-de-Marne, et de <strong>Jean-Claude Kennedy<\/strong>, maire de Vitry-sur-Seine<\/li><li>Ouverture de la soir\u00e9e par <strong>Christian Favier<\/strong>, pr\u00e9sident du Conseil d\u00e9partemental, et de <strong>Gilles Saint-Gal<\/strong>, pr\u00e9sident du CDT 94 et vice-pr\u00e9sident du Conseil d\u00e9partemental<\/li><\/ul>\n\n\n\n<p>Retrouvez le d\u00e9tail des <a href=\"https:\/\/www.tourisme-valdemarne.com\/espace-pro\/category\/interviews\/\">interviews des partenaires<\/a> de Val-de-Marne Tourisme &amp; Loisirs.<\/p>\n\n\n\n<ul class=\"wp-block-list\"><li><a href=\"https:\/\/www.tourisme-valdemarne.com\/espace-pro\/wp-content\/uploads\/sites\/3\/2019\/10\/discours-soiree-20ans-cp-cdt94-e.filliot.jpg\"><\/a>Discours de Gilles Saint-Gal pour les 20 ans du CDt94<\/li><li><a href=\"https:\/\/www.tourisme-valdemarne.com\/espace-pro\/wp-content\/uploads\/sites\/3\/2019\/10\/discours-soiree-20ans-2-cp-cdt94-e.filliot.jpg\"><\/a> Discours de Gilles Saint-Gal pour les 20 ans du CDt94 <\/li><li><a href=\"https:\/\/www.tourisme-valdemarne.com\/espace-pro\/wp-content\/uploads\/sites\/3\/2019\/10\/equipe-cdt94-soiree-20-ans-cp-cdt94.jpg\"><\/a>Toute l\u2019\u00e9quipe r\u00e9unie pour les 20 ans du CDT94<\/li><\/ul>\n\n\n\n<p>La soir\u00e9e a \u00e9t\u00e9 ponctu\u00e9e d\u2019animations et de surprises\u2026<\/p>\n\n\n\n<p>Les invit\u00e9s ont assist\u00e9 \u00e0 un spectacle de danse contemporaine <strong>\u00ab Espaces dans\u00e9s \u00bb avec la compagnie DK59, du chor\u00e9graphe Gilles Veri\u00e8pe<\/strong>.<\/p>\n\n\n\n<figure class=\"wp-block-image\"><img data-src=\"https:\/\/www.tourisme-valdemarne.com\/espace-pro\/wp-content\/uploads\/sites\/3\/2019\/10\/soiree-20-ans-cp-cdt94-a-bouchoir-22-1200x900.jpg\" alt=\"Danse contemporaine avec DK59\" class=\"wp-image-6980\"\/><figcaption>Danse contemporaine avec DK59<\/figcaption><\/figure>\n\n\n\n<p>Toute la soir\u00e9e, les invit\u00e9s ont \u00e9galement suivi la <strong>performance artistique de l\u2019artiste Quentin Chaudat<\/strong>, avec Vitry\u2019N Urbaine.<\/p>\n\n\n\n<ul class=\"wp-block-list\"><li><a href=\"https:\/\/www.tourisme-valdemarne.com\/espace-pro\/wp-content\/uploads\/sites\/3\/2019\/10\/streetart-avant-20-ans-cdt94-cp-cdt94.jpg\"><\/a>Pr\u00e9mices de l\u2019\u0153uvre street art de Quentin Chaudat<\/li><li><a href=\"https:\/\/www.tourisme-valdemarne.com\/espace-pro\/wp-content\/uploads\/sites\/3\/2019\/10\/sreetart-apres-20ans-cp-cdt94.jpg\"><\/a>\u0152uvre de Quentin Chaudat cr\u00e9\u00e9e en direct pour les 20 ans du CDT 94<\/li><\/ul>\n\n\n\n<p>La <strong>soir\u00e9e festive a \u00e9t\u00e9 anim\u00e9e par le groupe IDHEM<\/strong> et le <strong>cocktail dinatoire a \u00e9t\u00e9 assur\u00e9 par l\u2019\u00e9cole Cuisine Mode d\u2019Emploi(s) de Thierry Marx. <\/strong><\/p>\n\n\n\n<ul class=\"wp-block-list\"><li><a href=\"https:\/\/www.tourisme-valdemarne.com\/espace-pro\/wp-content\/uploads\/sites\/3\/2019\/10\/soiree-20ans-cp-cdt94-a.bertrand.jpg\"><\/a>Groupe IDHEM pour les 20 ans du CDT94<\/li><li><a href=\"https:\/\/www.tourisme-valdemarne.com\/espace-pro\/wp-content\/uploads\/sites\/3\/2019\/10\/groupe-idhem-cp-cdt94-e.filliot.jpg\"><\/a>Groupe IDHEM pour les 20 ans du CDT94<\/li><\/ul>\n\n\n\n<p><strong>Une tombola<\/strong> a aussi permis \u00e0 plusieurs invit\u00e9s de \nrepartir avec des cadeaux : une \u0153uvre de l\u2019artiste Quentin Chaudat, une \ncroisi\u00e8re privative avec Green River, des bons cadeaux sur la boutique <a rel=\"noreferrer noopener\" href=\"http:\/\/exploreparis.com\" target=\"_blank\">exploreparis.com<\/a><\/p>\n\n\n\n<p>Les 20 ans de Val-de-Marne Tourisme &amp; Loisirs ont aussi \u00e9t\u00e9 l\u2019occasion de <a href=\"https:\/\/www.tourisme-valdemarne.com\/espace-pro\/presse\/actualites-et-communiques-de-presse\/communiques-de-presse-precedents\/20-ans-et-un-tout-nouveau-site-web\/\" target=\"_blank\" rel=\"noreferrer noopener\"><strong>communiquer sur le nouveau site web www.tourisme-valdemarne.com<\/strong><\/a> et de rappeler les dates marquantes dans les missions de ces derni\u00e8res ann\u00e9es.<\/p>\n","protected":false},"excerpt":{"rendered":"<p>En 2019, Val-de-Marne Tourisme &amp; Loisirs f\u00eate ses 20 ans d\u2019existence. Pour marquer l\u2019\u00e9v\u00e8nement, une soir\u00e9e a \u00e9t\u00e9 organis\u00e9e \u00e0 la Briqueterie \u00e0 Vitry-sur-Seine le jeudi 10 octobre. L\u2019occasion de partager ce moment convivial avec pr\u00e8s de 150 acteurs du territoire. Retour sur cette soir\u00e9e m\u00e9morable\u2026 La soir\u00e9e des 20 ans en vid\u00e9o Retour en [&hellip;]<\/p>\n","protected":false},"author":1,"featured_media":8165,"parent":9,"menu_order":90,"comment_status":"closed","ping_status":"closed","template":"","meta":{"_relevanssi_hide_post":"","_relevanssi_hide_content":"","_relevanssi_pin_for_all":"","_relevanssi_pin_keywords":"","_relevanssi_unpin_keywords":"","_relevanssi_related_keywords":"","_relevanssi_related_include_ids":"","_relevanssi_related_exclude_ids":"","_relevanssi_related_no_append":"","_relevanssi_related_not_related":"","_relevanssi_related_posts":"446,2747,442,2741,2745,2749","_relevanssi_noindex_reason":"","footnotes":""},"vdmTagMarketing":[],"class_list":["post-8162","page","type-page","status-publish","has-post-thumbnail","hentry"],"acf":[],"yoast_head":"<!-- This site is optimized with the Yoast SEO plugin v23.9 - https:\/\/yoast.com\/wordpress\/plugins\/seo\/ -->\n<title>20 ans, \u00e7a se f\u00eate ! - Espace Pro<\/title>\n<meta name=\"robots\" content=\"index, follow, max-snippet:-1, max-image-preview:large, max-video-preview:-1\" \/>\n<link rel=\"canonical\" href=\"https:\/\/www.tourisme-valdemarne.com\/espace-pro\/qui-sommes-nous\/20-ans-ca-se-fete\/\" \/>\n<meta property=\"og:locale\" content=\"fr_FR\" \/>\n<meta property=\"og:type\" content=\"article\" \/>\n<meta property=\"og:title\" content=\"20 ans, \u00e7a se f\u00eate ! - Espace Pro\" \/>\n<meta property=\"og:description\" content=\"En 2019, Val-de-Marne Tourisme &amp; Loisirs f\u00eate ses 20 ans d\u2019existence. Pour marquer l\u2019\u00e9v\u00e8nement, une soir\u00e9e a \u00e9t\u00e9 organis\u00e9e \u00e0 la Briqueterie \u00e0 Vitry-sur-Seine le jeudi 10 octobre. L\u2019occasion de partager ce moment convivial avec pr\u00e8s de 150 acteurs du territoire. Retour sur cette soir\u00e9e m\u00e9morable\u2026 La soir\u00e9e des 20 ans en vid\u00e9o Retour en [&hellip;]\" \/>\n<meta property=\"og:url\" content=\"https:\/\/www.tourisme-valdemarne.com\/espace-pro\/qui-sommes-nous\/20-ans-ca-se-fete\/\" \/>\n<meta property=\"og:site_name\" content=\"Espace Pro\" \/>\n<meta property=\"article:modified_time\" content=\"2024-02-12T15:08:00+00:00\" \/>\n<meta property=\"og:image\" content=\"https:\/\/www.tourisme-valdemarne.com\/espace-pro\/wp-content\/uploads\/sites\/3\/2020\/12\/logo-20-ans-fond.jpg\" \/>\n\t<meta property=\"og:image:width\" content=\"842\" \/>\n\t<meta property=\"og:image:height\" content=\"1079\" \/>\n\t<meta property=\"og:image:type\" content=\"image\/jpeg\" \/>\n<meta name=\"twitter:card\" content=\"summary_large_image\" \/>\n<meta name=\"twitter:label1\" content=\"Dur\u00e9e de lecture estim\u00e9e\" \/>\n\t<meta name=\"twitter:data1\" content=\"4 minutes\" \/>\n<script type=\"application\/ld+json\" class=\"yoast-schema-graph\">{\"@context\":\"https:\/\/schema.org\",\"@graph\":[{\"@type\":\"WebPage\",\"@id\":\"https:\/\/www.tourisme-valdemarne.com\/espace-pro\/qui-sommes-nous\/20-ans-ca-se-fete\/\",\"url\":\"https:\/\/www.tourisme-valdemarne.com\/espace-pro\/qui-sommes-nous\/20-ans-ca-se-fete\/\",\"name\":\"20 ans, \u00e7a se f\u00eate ! - Espace Pro\",\"isPartOf\":{\"@id\":\"https:\/\/www.tourisme-valdemarne.com\/espace-pro\/#website\"},\"primaryImageOfPage\":{\"@id\":\"https:\/\/www.tourisme-valdemarne.com\/espace-pro\/qui-sommes-nous\/20-ans-ca-se-fete\/#primaryimage\"},\"image\":{\"@id\":\"https:\/\/www.tourisme-valdemarne.com\/espace-pro\/qui-sommes-nous\/20-ans-ca-se-fete\/#primaryimage\"},\"thumbnailUrl\":\"https:\/\/www.tourisme-valdemarne.com\/espace-pro\/wp-content\/uploads\/sites\/3\/2020\/12\/logo-20-ans-fond.jpg\",\"datePublished\":\"2020-12-10T21:25:30+00:00\",\"dateModified\":\"2024-02-12T15:08:00+00:00\",\"breadcrumb\":{\"@id\":\"https:\/\/www.tourisme-valdemarne.com\/espace-pro\/qui-sommes-nous\/20-ans-ca-se-fete\/#breadcrumb\"},\"inLanguage\":\"fr-FR\",\"potentialAction\":[{\"@type\":\"ReadAction\",\"target\":[\"https:\/\/www.tourisme-valdemarne.com\/espace-pro\/qui-sommes-nous\/20-ans-ca-se-fete\/\"]}]},{\"@type\":\"ImageObject\",\"inLanguage\":\"fr-FR\",\"@id\":\"https:\/\/www.tourisme-valdemarne.com\/espace-pro\/qui-sommes-nous\/20-ans-ca-se-fete\/#primaryimage\",\"url\":\"https:\/\/www.tourisme-valdemarne.com\/espace-pro\/wp-content\/uploads\/sites\/3\/2020\/12\/logo-20-ans-fond.jpg\",\"contentUrl\":\"https:\/\/www.tourisme-valdemarne.com\/espace-pro\/wp-content\/uploads\/sites\/3\/2020\/12\/logo-20-ans-fond.jpg\",\"width\":842,\"height\":1079},{\"@type\":\"BreadcrumbList\",\"@id\":\"https:\/\/www.tourisme-valdemarne.com\/espace-pro\/qui-sommes-nous\/20-ans-ca-se-fete\/#breadcrumb\",\"itemListElement\":[{\"@type\":\"ListItem\",\"position\":1,\"name\":\"Accueil\",\"item\":\"https:\/\/www.tourisme-valdemarne.com\/espace-pro\/\"},{\"@type\":\"ListItem\",\"position\":2,\"name\":\"Qui sommes-nous ?\",\"item\":\"https:\/\/www.tourisme-valdemarne.com\/espace-pro\/qui-sommes-nous\/\"},{\"@type\":\"ListItem\",\"position\":3,\"name\":\"20 ans, \u00e7a se f\u00eate !\"}]},{\"@type\":\"WebSite\",\"@id\":\"https:\/\/www.tourisme-valdemarne.com\/espace-pro\/#website\",\"url\":\"https:\/\/www.tourisme-valdemarne.com\/espace-pro\/\",\"name\":\"Espace Pro\",\"description\":\"Informations et outils pour les professionnels et la Presse\",\"potentialAction\":[{\"@type\":\"SearchAction\",\"target\":{\"@type\":\"EntryPoint\",\"urlTemplate\":\"https:\/\/www.tourisme-valdemarne.com\/espace-pro\/?s={search_term_string}\"},\"query-input\":{\"@type\":\"PropertyValueSpecification\",\"valueRequired\":true,\"valueName\":\"search_term_string\"}}],\"inLanguage\":\"fr-FR\"}]}<\/script>\n<!-- \/ Yoast SEO plugin. -->","yoast_head_json":{"title":"20 ans, \u00e7a se f\u00eate ! - Espace Pro","robots":{"index":"index","follow":"follow","max-snippet":"max-snippet:-1","max-image-preview":"max-image-preview:large","max-video-preview":"max-video-preview:-1"},"canonical":"https:\/\/www.tourisme-valdemarne.com\/espace-pro\/qui-sommes-nous\/20-ans-ca-se-fete\/","og_locale":"fr_FR","og_type":"article","og_title":"20 ans, \u00e7a se f\u00eate ! - Espace Pro","og_description":"En 2019, Val-de-Marne Tourisme &amp; Loisirs f\u00eate ses 20 ans d\u2019existence. Pour marquer l\u2019\u00e9v\u00e8nement, une soir\u00e9e a \u00e9t\u00e9 organis\u00e9e \u00e0 la Briqueterie \u00e0 Vitry-sur-Seine le jeudi 10 octobre. L\u2019occasion de partager ce moment convivial avec pr\u00e8s de 150 acteurs du territoire. Retour sur cette soir\u00e9e m\u00e9morable\u2026 La soir\u00e9e des 20 ans en vid\u00e9o Retour en [&hellip;]","og_url":"https:\/\/www.tourisme-valdemarne.com\/espace-pro\/qui-sommes-nous\/20-ans-ca-se-fete\/","og_site_name":"Espace Pro","article_modified_time":"2024-02-12T15:08:00+00:00","og_image":[{"width":842,"height":1079,"url":"https:\/\/www.tourisme-valdemarne.com\/espace-pro\/wp-content\/uploads\/sites\/3\/2020\/12\/logo-20-ans-fond.jpg","type":"image\/jpeg"}],"twitter_card":"summary_large_image","twitter_misc":{"Dur\u00e9e de lecture estim\u00e9e":"4 minutes"},"schema":{"@context":"https:\/\/schema.org","@graph":[{"@type":"WebPage","@id":"https:\/\/www.tourisme-valdemarne.com\/espace-pro\/qui-sommes-nous\/20-ans-ca-se-fete\/","url":"https:\/\/www.tourisme-valdemarne.com\/espace-pro\/qui-sommes-nous\/20-ans-ca-se-fete\/","name":"20 ans, \u00e7a se f\u00eate ! - Espace Pro","isPartOf":{"@id":"https:\/\/www.tourisme-valdemarne.com\/espace-pro\/#website"},"primaryImageOfPage":{"@id":"https:\/\/www.tourisme-valdemarne.com\/espace-pro\/qui-sommes-nous\/20-ans-ca-se-fete\/#primaryimage"},"image":{"@id":"https:\/\/www.tourisme-valdemarne.com\/espace-pro\/qui-sommes-nous\/20-ans-ca-se-fete\/#primaryimage"},"thumbnailUrl":"https:\/\/www.tourisme-valdemarne.com\/espace-pro\/wp-content\/uploads\/sites\/3\/2020\/12\/logo-20-ans-fond.jpg","datePublished":"2020-12-10T21:25:30+00:00","dateModified":"2024-02-12T15:08:00+00:00","breadcrumb":{"@id":"https:\/\/www.tourisme-valdemarne.com\/espace-pro\/qui-sommes-nous\/20-ans-ca-se-fete\/#breadcrumb"},"inLanguage":"fr-FR","potentialAction":[{"@type":"ReadAction","target":["https:\/\/www.tourisme-valdemarne.com\/espace-pro\/qui-sommes-nous\/20-ans-ca-se-fete\/"]}]},{"@type":"ImageObject","inLanguage":"fr-FR","@id":"https:\/\/www.tourisme-valdemarne.com\/espace-pro\/qui-sommes-nous\/20-ans-ca-se-fete\/#primaryimage","url":"https:\/\/www.tourisme-valdemarne.com\/espace-pro\/wp-content\/uploads\/sites\/3\/2020\/12\/logo-20-ans-fond.jpg","contentUrl":"https:\/\/www.tourisme-valdemarne.com\/espace-pro\/wp-content\/uploads\/sites\/3\/2020\/12\/logo-20-ans-fond.jpg","width":842,"height":1079},{"@type":"BreadcrumbList","@id":"https:\/\/www.tourisme-valdemarne.com\/espace-pro\/qui-sommes-nous\/20-ans-ca-se-fete\/#breadcrumb","itemListElement":[{"@type":"ListItem","position":1,"name":"Accueil","item":"https:\/\/www.tourisme-valdemarne.com\/espace-pro\/"},{"@type":"ListItem","position":2,"name":"Qui sommes-nous ?","item":"https:\/\/www.tourisme-valdemarne.com\/espace-pro\/qui-sommes-nous\/"},{"@type":"ListItem","position":3,"name":"20 ans, \u00e7a se f\u00eate !"}]},{"@type":"WebSite","@id":"https:\/\/www.tourisme-valdemarne.com\/espace-pro\/#website","url":"https:\/\/www.tourisme-valdemarne.com\/espace-pro\/","name":"Espace Pro","description":"Informations et outils pour les professionnels et la Presse","potentialAction":[{"@type":"SearchAction","target":{"@type":"EntryPoint","urlTemplate":"https:\/\/www.tourisme-valdemarne.com\/espace-pro\/?s={search_term_string}"},"query-input":{"@type":"PropertyValueSpecification","valueRequired":true,"valueName":"search_term_string"}}],"inLanguage":"fr-FR"}]}},"_links":{"self":[{"href":"https:\/\/www.tourisme-valdemarne.com\/espace-pro\/wp-json\/wp\/v2\/pages\/8162","targetHints":{"allow":["GET"]}}],"collection":[{"href":"https:\/\/www.tourisme-valdemarne.com\/espace-pro\/wp-json\/wp\/v2\/pages"}],"about":[{"href":"https:\/\/www.tourisme-valdemarne.com\/espace-pro\/wp-json\/wp\/v2\/types\/page"}],"author":[{"embeddable":true,"href":"https:\/\/www.tourisme-valdemarne.com\/espace-pro\/wp-json\/wp\/v2\/users\/1"}],"replies":[{"embeddable":true,"href":"https:\/\/www.tourisme-valdemarne.com\/espace-pro\/wp-json\/wp\/v2\/comments?post=8162"}],"version-history":[{"count":7,"href":"https:\/\/www.tourisme-valdemarne.com\/espace-pro\/wp-json\/wp\/v2\/pages\/8162\/revisions"}],"predecessor-version":[{"id":26316,"href":"https:\/\/www.tourisme-valdemarne.com\/espace-pro\/wp-json\/wp\/v2\/pages\/8162\/revisions\/26316"}],"up":[{"embeddable":true,"href":"https:\/\/www.tourisme-valdemarne.com\/espace-pro\/wp-json\/wp\/v2\/pages\/9"}],"wp:featuredmedia":[{"embeddable":true,"href":"https:\/\/www.tourisme-valdemarne.com\/espace-pro\/wp-json\/wp\/v2\/media\/8165"}],"wp:attachment":[{"href":"https:\/\/www.tourisme-valdemarne.com\/espace-pro\/wp-json\/wp\/v2\/media?parent=8162"}],"wp:term":[{"taxonomy":"vdmTagMarketing","embeddable":true,"href":"https:\/\/www.tourisme-valdemarne.com\/espace-pro\/wp-json\/wp\/v2\/vdmTagMarketing?post=8162"}],"curies":[{"name":"wp","href":"https:\/\/api.w.org\/{rel}","templated":true}]}}