{"id":8149,"date":"2020-12-10T22:18:48","date_gmt":"2020-12-10T21:18:48","guid":{"rendered":"https:\/\/www.tourisme-valdemarne.com\/espace-pro\/accompagnement-des-clubs-nautiques-des-bords-de-marne"},"modified":"2021-05-31T11:53:32","modified_gmt":"2021-05-31T09:53:32","slug":"accompagnement-des-clubs-nautiques-des-bords-de-marne","status":"publish","type":"page","link":"https:\/\/www.tourisme-valdemarne.com\/espace-pro\/expertises-et-projets\/riverside-cities\/valorisation-des-bords-de-marne\/groupes-de-travail\/accompagnement-des-clubs-nautiques-des-bords-de-marne\/","title":{"rendered":"Accompagnement des clubs nautiques des bords de Marne"},"content":{"rendered":"\n<p class=\"is-style-excerpt\">Dans le cadre des d\u00e9marches de valorisation du territoire des bords de Marne engag\u00e9es depuis plusieurs ann\u00e9es entre Charenton-le-Pont (94) et Chalifert (77), les organismes touristiques du Val-de-Marne, de la Seine-Saint-Denis et de la Seine-et-Marne souhaitent <strong>d\u00e9velopper l\u2019offre de sports nautiques<\/strong> \u00e0 destination des visiteurs et touristes du territoire.<\/p>\n\n\n\n<p>En effet, le territoire des bords de Marne compte plus de <strong>trente structures nautiques<\/strong> mais <strong>tr\u00e8s peu d\u2019activit\u00e9s sont ouvertes \u00e0 la pratique ponctuelle de loisirs<\/strong>, que l\u2019on peut qualifier d\u2019activit\u00e9 touristique.<\/p>\n\n\n\n<figure class=\"wp-block-image\"><a href=\"https:\/\/www.tourisme-valdemarne.com\/espace-pro\/wp-content\/uploads\/sites\/3\/wpetourisme\/kayak-fanac-joinville.jpg\"><img data-src=\"https:\/\/www.tourisme-valdemarne.com\/espace-pro\/wp-content\/uploads\/sites\/3\/wpetourisme\/kayak-fanac-joinville-402x600.jpg\" alt=\"\" class=\"wp-image-8059\"\/><\/a><\/figure>\n\n\n\n<p>C\u2019est pourquoi nous souhaitons <strong>accompagner les structures nautiques<\/strong> afin de les aider \u00e0 d\u00e9velopper l\u2019accueil de visiteurs, notamment via des balades nautiques encadr\u00e9es par exemple. Les balades nautiques permettent en effet de proposer aux visiteurs une initiation aux sports nautiques en pleine nature, m\u00ealant d\u00e9couverte du territoire (histoire, patrimoine, etc) et sensibilisation \u00e0 l\u2019environnement.<\/p>\n\n\n\n<p>Ce type d\u2019activit\u00e9 correspond \u00e0 une vraie demande des touristes et excursionnistes franciliens et la Marne offre, \u00e0 proximit\u00e9 de Paris, un lieu de pratique id\u00e9al ainsi que de nombreux \u00e9quipements et infrastructures historiques.<\/p>\n\n\n\n<p>Cette d\u00e9marche s\u2019adresse \u00e0 toutes les <strong>structures de sports nautiques<\/strong> pr\u00e9sentes sur la Marne entre Chalifert et Charenton : cano\u00eb-kayak et sports de pagaie, aviron, voile, ski nautique, stand-up-paddle, etc.<\/p>\n\n\n\n<h2 class=\"wp-block-heading\">Atelier de travail du 17 mai 2021<\/h2>\n\n\n\n<p><strong>Une trentaine de participants se sont r\u00e9unis \u00e0 cet atelier qui visait \u00e0 pr\u00e9parer la saison estivale en pr\u00e9sentant un panorama des activit\u00e9s nautiques programm\u00e9es entre mai et octobre.<\/strong><\/p>\n\n\n\n<p>Un \u00e9tat des lieux des activit\u00e9s a \u00e9t\u00e9 pr\u00e9sent\u00e9 (voir la pr\u00e9sentation PDF ci-dessous). Les participants ont pu s&rsquo;apercevoir des disparit\u00e9s de prix, d\u2019organisation et ont \u00e9chang\u00e9 sur ces diff\u00e9rences.<\/p>\n\n\n\n<p>Yoan Picard, Directeur G\u00e9n\u00e9ral Nautisme en \u00cele de France, est intervenu pour proposer une offre de formations accessibles aux acteurs du domaine sportif. Les demandes de financements ont aussi \u00e9t\u00e9 abord\u00e9es, les participants ont profit\u00e9 de conseils pour identifier les structures \u00e0 solliciter.<br>Le temps de discussion a permis \u00e0 certains clubs de poser des questions logistiques, d\u2019autres orient\u00e9es sur la commercialisation via les outils des OT et CDT partenaires.<\/p>\n\n\n\n<p>Suite \u00e0 cet atelier, les OT et CDT partenaires vont poursuivre l\u2019accompagnement individuel qui est \u00e9galement propos\u00e9 aux clubs (voir ci-dessous).<\/p>\n\n\n\n<p><br>Vous trouverez ici la pr\u00e9sentation utilis\u00e9e le 17 mai ainsi que l\u2019enregistrement de la visio-conf\u00e9rence :<\/p>\n\n\n\n<div class=\"wp-block-buttons aligncenter is-layout-flex wp-block-buttons-is-layout-flex\">\n<div class=\"wp-block-button\"><a class=\"wp-block-button__link\" href=\"https:\/\/www.tourisme-valdemarne.com\/espace-pro\/wp-content\/uploads\/sites\/3\/2021\/05\/presentation-17-mai-atelier-clubs-nautiques.pdf\" target=\"_blank\" rel=\"noreferrer noopener\">D\u00e9couvrir la pr\u00e9sentation du 17 mai<\/a><\/div>\n<\/div>\n\n\n<p><iframe loading=\"lazy\" width=\"100%\" height=\"450\" src=\"https:\/\/www.youtube.com\/embed\/5kMiwucEQAI\" title=\"YouTube video player\" frameborder=\"0\" allow=\"accelerometer; autoplay; clipboard-write; encrypted-media; gyroscope; picture-in-picture\" allowfullscreen><\/iframe><\/p>\n\n\n\n<h2 class=\"wp-block-heading\">2020 : Enqu\u00eate-diagnostic et webinaire Nautisme et Tourisme sur la Marne<\/h2>\n\n\n\n<p>En juin 2020 les structures nautiques des bords de Marne ont particip\u00e9 au premier webinaire en trois parties. Ce webinaire a tout d\u2019abord permis de pr\u00e9senter les <strong>r\u00e9sultats de l\u2019<a aria-label=\"enqu\u00eate-diagnostic (s\u2019ouvre dans un nouvel onglet)\" rel=\"noreferrer noopener\" href=\"https:\/\/www.sphinxonline.com\/SurveyServer\/s\/cdt94\/Enquete-diagnosticdesstructuresnautiques\/questionnaire.htm\" target=\"_blank\">enqu\u00eate-diagnostic<\/a> r\u00e9alis\u00e9e en f\u00e9vrier 2020<\/strong>. Le programme comprenait \u00e9galement des interventions des OT et CDT qui ont pr\u00e9sent\u00e9 leurs <strong>outils de commercialisation et de communication<\/strong> \u00e0 destination des structures nautiques, un <strong>rappel de la r\u00e9glementation<\/strong> par Nautisme en Ile-de-France mais aussi et surtout des t\u00e9moignages de clubs des bords de Marne.<\/p>\n\n\n\n<div class=\"wp-block-buttons aligncenter is-layout-flex wp-block-buttons-is-layout-flex\">\n<div class=\"wp-block-button\"><a class=\"wp-block-button__link\" href=\"https:\/\/www.tourisme-valdemarne.com\/espace-pro\/wp-content\/uploads\/sites\/3\/2020\/07\/webinaires-nautisme_presentations.pdf\" target=\"_blank\" rel=\"noreferrer noopener\">Voir la pr\u00e9sentation du webinaire<\/a><\/div>\n<\/div>\n\n\n\n<h2 class=\"wp-block-heading\">Accompagnement personnalis\u00e9<\/h2>\n\n\n\n<p>Les organismes de tourisme partenaires sont \u00e0 la disposition des structures nautiques du territoire pour les accompagner dans la cr\u00e9ation, le d\u00e9veloppement, la commercialisation et la communication de leurs activit\u00e9s nautiques. <strong>Contactez-nous !<\/strong><\/p>\n\n\n\n<figure class=\"wp-block-image\"><a href=\"https:\/\/www.tourisme-valdemarne.com\/espace-pro\/wp-content\/uploads\/sites\/3\/2020\/06\/carto-ot-cdt-marne.png\"><img data-src=\"https:\/\/www.tourisme-valdemarne.com\/espace-pro\/wp-content\/uploads\/sites\/3\/2020\/06\/carto-ot-cdt-marne-1200x674.png\" alt=\"carte ot cdt nautisme\" class=\"wp-image-9779\"\/><\/a><\/figure>\n\n\n\n<p><strong>Val-de-Marne Tourisme &amp; Loisirs<br><\/strong>Camille Chowah, Charg\u00e9e de mission : <a href=\"mailto:&#99;c&#104;ow&#97;&#104;&#64;tourisme-&#118;&#97;ldemar&#110;e.&#99;&#111;&#109;\" target=\"_blank\" rel=\"noreferrer noopener\" aria-label=\"cch&#111;wah&#64;&#116;o&#117;&#114;&#105;&#115;me&#45;v&#97;l&#100;e&#109;arn&#101;.com (s\u2019ouvre dans un nouvel onglet)\">cc&#104;&#111;wah&#64;&#116;o&#117;&#114;is&#109;e-v&#97;l&#100;e&#109;&#97;&#114;ne.&#99;o&#109;<\/a><\/p>\n\n\n\n<p><strong>Seine-Saint-Denis Tourisme<br><\/strong>Diane Lamand, Chef de projet : <a href=\"mailto:d&#46;la&#109;&#97;&#110;&#100;&#64;to&#117;r&#105;&#115;&#109;e93&#46;c&#111;m\" target=\"_blank\" rel=\"noreferrer noopener\" aria-label=\"&#100;.&#108;&#97;man&#100;&#64;&#116;&#111;&#117;risme93.com (s\u2019ouvre dans un nouvel onglet)\">d&#46;la&#109;and&#64;&#116;our&#105;sme93.c&#111;m<\/a><\/p>\n\n\n\n<p><strong>Office de tourisme de Paris \u2013 Vall\u00e9e de la Marne<br><\/strong>Ana\u00efs Continant, Chef de projet tourisme <a href=\"mailto:&#97;&#46;&#99;&#111;ntinant&#64;&#97;&#103;gl&#111;-&#112;v&#109;&#46;fr\" target=\"_blank\" rel=\"noreferrer noopener\">&#97;&#46;con&#116;in&#97;nt&#64;a&#103;&#103;&#108;o&#45;&#112;v&#109;.&#102;&#114;<\/a><\/p>\n\n\n\n<p><strong>Office de tourisme de Marne et Gondoire<br><\/strong>Anne Godin, Directrice : <a aria-label=\" (s\u2019ouvre dans un nouvel onglet)\" rel=\"noreferrer noopener\" href=\"mailto:&#97;nn&#101;.&#103;&#111;d&#105;n&#64;m&#97;&#114;ne&#101;t&#103;&#111;&#110;do&#105;r&#101;&#46;fr\" target=\"_blank\">&#97;&#110;&#110;e&#46;g&#111;&#100;in&#64;&#109;&#97;&#114;&#110;&#101;e&#116;&#103;&#111;ndoir&#101;.fr<\/a><\/p>\n\n\n\n<h2 class=\"wp-block-heading\">Un projet collectif<\/h2>\n\n\n\n<p>Cette d\u00e9marche est mise en \u0153uvre dans le cadre d\u2019un partenariat entre <strong>Val-de-Marne Tourisme &amp; Loisirs (94), Seine-Saint-Denis Tourisme (93), l\u2019office de tourisme Marne &amp; Gondoire (77) et l\u2019office de tourisme de Paris \u2013 Vall\u00e9e de la Marne (77)<\/strong> mais aussi <strong>l\u2019association Nautisme en Ile-de-France<\/strong>, alliance r\u00e9gionale de la fili\u00e8re nautique cr\u00e9\u00e9e par les ligues et comit\u00e9s r\u00e9gionaux des f\u00e9d\u00e9rations d\u2019aviron, de cano\u00eb kayak et sports de pagaie, de ski nautique wakeboard et voile.<\/p>\n\n\n\n<figure class=\"wp-block-image\"><a href=\"https:\/\/www.tourisme-valdemarne.com\/espace-pro\/wp-content\/uploads\/sites\/3\/2020\/02\/logos-nautisme.png\"><img data-src=\"https:\/\/www.tourisme-valdemarne.com\/espace-pro\/wp-content\/uploads\/sites\/3\/2020\/02\/logos-nautisme.png\" alt=\"Logos Nautisme STAR Cities\" class=\"wp-image-8195\"\/><\/a><\/figure>\n\n\n\n<div class=\"wp-block-buttons is-layout-flex wp-block-buttons-is-layout-flex\"><\/div>\n","protected":false},"excerpt":{"rendered":"<p>Dans le cadre des d\u00e9marches de valorisation du territoire des bords de Marne engag\u00e9es depuis plusieurs ann\u00e9es entre Charenton-le-Pont (94) et Chalifert (77), les organismes touristiques du Val-de-Marne, de la Seine-Saint-Denis et de la Seine-et-Marne souhaitent d\u00e9velopper l\u2019offre de sports nautiques \u00e0 destination des visiteurs et touristes du territoire. En effet, le territoire des bords [&hellip;]<\/p>\n","protected":false},"author":1,"featured_media":6413,"parent":916,"menu_order":0,"comment_status":"closed","ping_status":"closed","template":"","meta":{"_relevanssi_hide_post":"","_relevanssi_hide_content":"","_relevanssi_pin_for_all":"","_relevanssi_pin_keywords":"","_relevanssi_unpin_keywords":"","_relevanssi_related_keywords":"","_relevanssi_related_include_ids":"","_relevanssi_related_exclude_ids":"","_relevanssi_related_no_append":"","_relevanssi_related_not_related":"","_relevanssi_related_posts":"444,2749,8084,2751,8095,8108","_relevanssi_noindex_reason":"","footnotes":""},"vdmTagMarketing":[],"class_list":["post-8149","page","type-page","status-publish","has-post-thumbnail","hentry"],"acf":[],"yoast_head":"<!-- This site is optimized with the Yoast SEO plugin v23.9 - https:\/\/yoast.com\/wordpress\/plugins\/seo\/ -->\n<title>Accompagnement des clubs nautiques des bords de Marne - Espace Pro<\/title>\n<meta name=\"description\" content=\"Dans le cadre des d\u00e9marches de valorisation du territoire des bords de Marne engag\u00e9es depuis plusieurs ann\u00e9es entre Charenton-le-Pont (94) et Chalifert (77), les organismes touristiques du Val-de-Marne, de la Seine-Saint-Denis et de la Seine-et-Marne souhaitent d\u00e9velopper l\u2019offre de sports nautiques \u00e0 destination des visiteurs et touristes du territoire. En effet, le territoire des bords \u2026\" \/>\n<meta name=\"robots\" content=\"index, follow, max-snippet:-1, max-image-preview:large, max-video-preview:-1\" \/>\n<link rel=\"canonical\" href=\"https:\/\/www.tourisme-valdemarne.com\/espace-pro\/expertises-et-projets\/riverside-cities\/valorisation-des-bords-de-marne\/groupes-de-travail\/accompagnement-des-clubs-nautiques-des-bords-de-marne\/\" \/>\n<meta property=\"og:locale\" content=\"fr_FR\" \/>\n<meta property=\"og:type\" content=\"article\" \/>\n<meta property=\"og:title\" content=\"Accompagnement des clubs nautiques des bords de Marne - Espace Pro\" \/>\n<meta property=\"og:description\" content=\"Dans le cadre des d\u00e9marches de valorisation du territoire des bords de Marne engag\u00e9es depuis plusieurs ann\u00e9es entre Charenton-le-Pont (94) et Chalifert (77), les organismes touristiques du Val-de-Marne, de la Seine-Saint-Denis et de la Seine-et-Marne souhaitent d\u00e9velopper l\u2019offre de sports nautiques \u00e0 destination des visiteurs et touristes du territoire. En effet, le territoire des bords \u2026\" \/>\n<meta property=\"og:url\" content=\"https:\/\/www.tourisme-valdemarne.com\/espace-pro\/expertises-et-projets\/riverside-cities\/valorisation-des-bords-de-marne\/groupes-de-travail\/accompagnement-des-clubs-nautiques-des-bords-de-marne\/\" \/>\n<meta property=\"og:site_name\" content=\"Espace Pro\" \/>\n<meta property=\"article:modified_time\" content=\"2021-05-31T09:53:32+00:00\" \/>\n<meta property=\"og:image\" content=\"https:\/\/www.tourisme-valdemarne.com\/espace-pro\/wp-content\/uploads\/sites\/3\/wpetourisme\/-US-Creteil-1-min--1--2.jpg\" \/>\n\t<meta property=\"og:image:width\" content=\"1600\" \/>\n\t<meta property=\"og:image:height\" content=\"1200\" \/>\n\t<meta property=\"og:image:type\" content=\"image\/jpeg\" \/>\n<meta name=\"twitter:card\" content=\"summary_large_image\" \/>\n<meta name=\"twitter:label1\" content=\"Dur\u00e9e de lecture estim\u00e9e\" \/>\n\t<meta name=\"twitter:data1\" content=\"3 minutes\" \/>\n<script type=\"application\/ld+json\" class=\"yoast-schema-graph\">{\"@context\":\"https:\/\/schema.org\",\"@graph\":[{\"@type\":\"WebPage\",\"@id\":\"https:\/\/www.tourisme-valdemarne.com\/espace-pro\/expertises-et-projets\/riverside-cities\/valorisation-des-bords-de-marne\/groupes-de-travail\/accompagnement-des-clubs-nautiques-des-bords-de-marne\/\",\"url\":\"https:\/\/www.tourisme-valdemarne.com\/espace-pro\/expertises-et-projets\/riverside-cities\/valorisation-des-bords-de-marne\/groupes-de-travail\/accompagnement-des-clubs-nautiques-des-bords-de-marne\/\",\"name\":\"Accompagnement des clubs nautiques des bords de Marne - Espace Pro\",\"isPartOf\":{\"@id\":\"https:\/\/www.tourisme-valdemarne.com\/espace-pro\/#website\"},\"primaryImageOfPage\":{\"@id\":\"https:\/\/www.tourisme-valdemarne.com\/espace-pro\/expertises-et-projets\/riverside-cities\/valorisation-des-bords-de-marne\/groupes-de-travail\/accompagnement-des-clubs-nautiques-des-bords-de-marne\/#primaryimage\"},\"image\":{\"@id\":\"https:\/\/www.tourisme-valdemarne.com\/espace-pro\/expertises-et-projets\/riverside-cities\/valorisation-des-bords-de-marne\/groupes-de-travail\/accompagnement-des-clubs-nautiques-des-bords-de-marne\/#primaryimage\"},\"thumbnailUrl\":\"https:\/\/www.tourisme-valdemarne.com\/espace-pro\/wp-content\/uploads\/sites\/3\/wpetourisme\/-US-Creteil-1-min--1--2.jpg\",\"datePublished\":\"2020-12-10T21:18:48+00:00\",\"dateModified\":\"2021-05-31T09:53:32+00:00\",\"description\":\"Dans le cadre des d\u00e9marches de valorisation du territoire des bords de Marne engag\u00e9es depuis plusieurs ann\u00e9es entre Charenton-le-Pont (94) et Chalifert (77), les organismes touristiques du Val-de-Marne, de la Seine-Saint-Denis et de la Seine-et-Marne souhaitent d\u00e9velopper l\u2019offre de sports nautiques \u00e0 destination des visiteurs et touristes du territoire. En effet, le territoire des bords \u2026\",\"breadcrumb\":{\"@id\":\"https:\/\/www.tourisme-valdemarne.com\/espace-pro\/expertises-et-projets\/riverside-cities\/valorisation-des-bords-de-marne\/groupes-de-travail\/accompagnement-des-clubs-nautiques-des-bords-de-marne\/#breadcrumb\"},\"inLanguage\":\"fr-FR\",\"potentialAction\":[{\"@type\":\"ReadAction\",\"target\":[\"https:\/\/www.tourisme-valdemarne.com\/espace-pro\/expertises-et-projets\/riverside-cities\/valorisation-des-bords-de-marne\/groupes-de-travail\/accompagnement-des-clubs-nautiques-des-bords-de-marne\/\"]}]},{\"@type\":\"ImageObject\",\"inLanguage\":\"fr-FR\",\"@id\":\"https:\/\/www.tourisme-valdemarne.com\/espace-pro\/expertises-et-projets\/riverside-cities\/valorisation-des-bords-de-marne\/groupes-de-travail\/accompagnement-des-clubs-nautiques-des-bords-de-marne\/#primaryimage\",\"url\":\"https:\/\/www.tourisme-valdemarne.com\/espace-pro\/wp-content\/uploads\/sites\/3\/wpetourisme\/-US-Creteil-1-min--1--2.jpg\",\"contentUrl\":\"https:\/\/www.tourisme-valdemarne.com\/espace-pro\/wp-content\/uploads\/sites\/3\/wpetourisme\/-US-Creteil-1-min--1--2.jpg\",\"width\":1600,\"height\":1200},{\"@type\":\"BreadcrumbList\",\"@id\":\"https:\/\/www.tourisme-valdemarne.com\/espace-pro\/expertises-et-projets\/riverside-cities\/valorisation-des-bords-de-marne\/groupes-de-travail\/accompagnement-des-clubs-nautiques-des-bords-de-marne\/#breadcrumb\",\"itemListElement\":[{\"@type\":\"ListItem\",\"position\":1,\"name\":\"Accueil\",\"item\":\"https:\/\/www.tourisme-valdemarne.com\/espace-pro\/\"},{\"@type\":\"ListItem\",\"position\":2,\"name\":\"Expertises et projets\",\"item\":\"https:\/\/www.tourisme-valdemarne.com\/espace-pro\/expertises-et-projets\/\"},{\"@type\":\"ListItem\",\"position\":3,\"name\":\"Riverside Cities\",\"item\":\"https:\/\/www.tourisme-valdemarne.com\/espace-pro\/expertises-et-projets\/riverside-cities\/\"},{\"@type\":\"ListItem\",\"position\":4,\"name\":\"Valorisation des bords de Marne\",\"item\":\"https:\/\/www.tourisme-valdemarne.com\/espace-pro\/expertises-et-projets\/riverside-cities\/valorisation-des-bords-de-marne\/\"},{\"@type\":\"ListItem\",\"position\":5,\"name\":\"Groupes de travail\",\"item\":\"https:\/\/www.tourisme-valdemarne.com\/espace-pro\/expertises-et-projets\/riverside-cities\/valorisation-des-bords-de-marne\/groupes-de-travail\/\"},{\"@type\":\"ListItem\",\"position\":6,\"name\":\"Accompagnement des clubs nautiques des bords de Marne\"}]},{\"@type\":\"WebSite\",\"@id\":\"https:\/\/www.tourisme-valdemarne.com\/espace-pro\/#website\",\"url\":\"https:\/\/www.tourisme-valdemarne.com\/espace-pro\/\",\"name\":\"Espace Pro\",\"description\":\"Informations et outils pour les professionnels et la Presse\",\"potentialAction\":[{\"@type\":\"SearchAction\",\"target\":{\"@type\":\"EntryPoint\",\"urlTemplate\":\"https:\/\/www.tourisme-valdemarne.com\/espace-pro\/?s={search_term_string}\"},\"query-input\":{\"@type\":\"PropertyValueSpecification\",\"valueRequired\":true,\"valueName\":\"search_term_string\"}}],\"inLanguage\":\"fr-FR\"}]}<\/script>\n<!-- \/ Yoast SEO plugin. -->","yoast_head_json":{"title":"Accompagnement des clubs nautiques des bords de Marne - Espace Pro","description":"Dans le cadre des d\u00e9marches de valorisation du territoire des bords de Marne engag\u00e9es depuis plusieurs ann\u00e9es entre Charenton-le-Pont (94) et Chalifert (77), les organismes touristiques du Val-de-Marne, de la Seine-Saint-Denis et de la Seine-et-Marne souhaitent d\u00e9velopper l\u2019offre de sports nautiques \u00e0 destination des visiteurs et touristes du territoire. En effet, le territoire des bords \u2026","robots":{"index":"index","follow":"follow","max-snippet":"max-snippet:-1","max-image-preview":"max-image-preview:large","max-video-preview":"max-video-preview:-1"},"canonical":"https:\/\/www.tourisme-valdemarne.com\/espace-pro\/expertises-et-projets\/riverside-cities\/valorisation-des-bords-de-marne\/groupes-de-travail\/accompagnement-des-clubs-nautiques-des-bords-de-marne\/","og_locale":"fr_FR","og_type":"article","og_title":"Accompagnement des clubs nautiques des bords de Marne - Espace Pro","og_description":"Dans le cadre des d\u00e9marches de valorisation du territoire des bords de Marne engag\u00e9es depuis plusieurs ann\u00e9es entre Charenton-le-Pont (94) et Chalifert (77), les organismes touristiques du Val-de-Marne, de la Seine-Saint-Denis et de la Seine-et-Marne souhaitent d\u00e9velopper l\u2019offre de sports nautiques \u00e0 destination des visiteurs et touristes du territoire. En effet, le territoire des bords \u2026","og_url":"https:\/\/www.tourisme-valdemarne.com\/espace-pro\/expertises-et-projets\/riverside-cities\/valorisation-des-bords-de-marne\/groupes-de-travail\/accompagnement-des-clubs-nautiques-des-bords-de-marne\/","og_site_name":"Espace Pro","article_modified_time":"2021-05-31T09:53:32+00:00","og_image":[{"width":1600,"height":1200,"url":"https:\/\/www.tourisme-valdemarne.com\/espace-pro\/wp-content\/uploads\/sites\/3\/wpetourisme\/-US-Creteil-1-min--1--2.jpg","type":"image\/jpeg"}],"twitter_card":"summary_large_image","twitter_misc":{"Dur\u00e9e de lecture estim\u00e9e":"3 minutes"},"schema":{"@context":"https:\/\/schema.org","@graph":[{"@type":"WebPage","@id":"https:\/\/www.tourisme-valdemarne.com\/espace-pro\/expertises-et-projets\/riverside-cities\/valorisation-des-bords-de-marne\/groupes-de-travail\/accompagnement-des-clubs-nautiques-des-bords-de-marne\/","url":"https:\/\/www.tourisme-valdemarne.com\/espace-pro\/expertises-et-projets\/riverside-cities\/valorisation-des-bords-de-marne\/groupes-de-travail\/accompagnement-des-clubs-nautiques-des-bords-de-marne\/","name":"Accompagnement des clubs nautiques des bords de Marne - Espace Pro","isPartOf":{"@id":"https:\/\/www.tourisme-valdemarne.com\/espace-pro\/#website"},"primaryImageOfPage":{"@id":"https:\/\/www.tourisme-valdemarne.com\/espace-pro\/expertises-et-projets\/riverside-cities\/valorisation-des-bords-de-marne\/groupes-de-travail\/accompagnement-des-clubs-nautiques-des-bords-de-marne\/#primaryimage"},"image":{"@id":"https:\/\/www.tourisme-valdemarne.com\/espace-pro\/expertises-et-projets\/riverside-cities\/valorisation-des-bords-de-marne\/groupes-de-travail\/accompagnement-des-clubs-nautiques-des-bords-de-marne\/#primaryimage"},"thumbnailUrl":"https:\/\/www.tourisme-valdemarne.com\/espace-pro\/wp-content\/uploads\/sites\/3\/wpetourisme\/-US-Creteil-1-min--1--2.jpg","datePublished":"2020-12-10T21:18:48+00:00","dateModified":"2021-05-31T09:53:32+00:00","description":"Dans le cadre des d\u00e9marches de valorisation du territoire des bords de Marne engag\u00e9es depuis plusieurs ann\u00e9es entre Charenton-le-Pont (94) et Chalifert (77), les organismes touristiques du Val-de-Marne, de la Seine-Saint-Denis et de la Seine-et-Marne souhaitent d\u00e9velopper l\u2019offre de sports nautiques \u00e0 destination des visiteurs et touristes du territoire. En effet, le territoire des bords \u2026","breadcrumb":{"@id":"https:\/\/www.tourisme-valdemarne.com\/espace-pro\/expertises-et-projets\/riverside-cities\/valorisation-des-bords-de-marne\/groupes-de-travail\/accompagnement-des-clubs-nautiques-des-bords-de-marne\/#breadcrumb"},"inLanguage":"fr-FR","potentialAction":[{"@type":"ReadAction","target":["https:\/\/www.tourisme-valdemarne.com\/espace-pro\/expertises-et-projets\/riverside-cities\/valorisation-des-bords-de-marne\/groupes-de-travail\/accompagnement-des-clubs-nautiques-des-bords-de-marne\/"]}]},{"@type":"ImageObject","inLanguage":"fr-FR","@id":"https:\/\/www.tourisme-valdemarne.com\/espace-pro\/expertises-et-projets\/riverside-cities\/valorisation-des-bords-de-marne\/groupes-de-travail\/accompagnement-des-clubs-nautiques-des-bords-de-marne\/#primaryimage","url":"https:\/\/www.tourisme-valdemarne.com\/espace-pro\/wp-content\/uploads\/sites\/3\/wpetourisme\/-US-Creteil-1-min--1--2.jpg","contentUrl":"https:\/\/www.tourisme-valdemarne.com\/espace-pro\/wp-content\/uploads\/sites\/3\/wpetourisme\/-US-Creteil-1-min--1--2.jpg","width":1600,"height":1200},{"@type":"BreadcrumbList","@id":"https:\/\/www.tourisme-valdemarne.com\/espace-pro\/expertises-et-projets\/riverside-cities\/valorisation-des-bords-de-marne\/groupes-de-travail\/accompagnement-des-clubs-nautiques-des-bords-de-marne\/#breadcrumb","itemListElement":[{"@type":"ListItem","position":1,"name":"Accueil","item":"https:\/\/www.tourisme-valdemarne.com\/espace-pro\/"},{"@type":"ListItem","position":2,"name":"Expertises et projets","item":"https:\/\/www.tourisme-valdemarne.com\/espace-pro\/expertises-et-projets\/"},{"@type":"ListItem","position":3,"name":"Riverside Cities","item":"https:\/\/www.tourisme-valdemarne.com\/espace-pro\/expertises-et-projets\/riverside-cities\/"},{"@type":"ListItem","position":4,"name":"Valorisation des bords de Marne","item":"https:\/\/www.tourisme-valdemarne.com\/espace-pro\/expertises-et-projets\/riverside-cities\/valorisation-des-bords-de-marne\/"},{"@type":"ListItem","position":5,"name":"Groupes de travail","item":"https:\/\/www.tourisme-valdemarne.com\/espace-pro\/expertises-et-projets\/riverside-cities\/valorisation-des-bords-de-marne\/groupes-de-travail\/"},{"@type":"ListItem","position":6,"name":"Accompagnement des clubs nautiques des bords de Marne"}]},{"@type":"WebSite","@id":"https:\/\/www.tourisme-valdemarne.com\/espace-pro\/#website","url":"https:\/\/www.tourisme-valdemarne.com\/espace-pro\/","name":"Espace Pro","description":"Informations et outils pour les professionnels et la Presse","potentialAction":[{"@type":"SearchAction","target":{"@type":"EntryPoint","urlTemplate":"https:\/\/www.tourisme-valdemarne.com\/espace-pro\/?s={search_term_string}"},"query-input":{"@type":"PropertyValueSpecification","valueRequired":true,"valueName":"search_term_string"}}],"inLanguage":"fr-FR"}]}},"_links":{"self":[{"href":"https:\/\/www.tourisme-valdemarne.com\/espace-pro\/wp-json\/wp\/v2\/pages\/8149","targetHints":{"allow":["GET"]}}],"collection":[{"href":"https:\/\/www.tourisme-valdemarne.com\/espace-pro\/wp-json\/wp\/v2\/pages"}],"about":[{"href":"https:\/\/www.tourisme-valdemarne.com\/espace-pro\/wp-json\/wp\/v2\/types\/page"}],"author":[{"embeddable":true,"href":"https:\/\/www.tourisme-valdemarne.com\/espace-pro\/wp-json\/wp\/v2\/users\/1"}],"replies":[{"embeddable":true,"href":"https:\/\/www.tourisme-valdemarne.com\/espace-pro\/wp-json\/wp\/v2\/comments?post=8149"}],"version-history":[{"count":9,"href":"https:\/\/www.tourisme-valdemarne.com\/espace-pro\/wp-json\/wp\/v2\/pages\/8149\/revisions"}],"predecessor-version":[{"id":9397,"href":"https:\/\/www.tourisme-valdemarne.com\/espace-pro\/wp-json\/wp\/v2\/pages\/8149\/revisions\/9397"}],"up":[{"embeddable":true,"href":"https:\/\/www.tourisme-valdemarne.com\/espace-pro\/wp-json\/wp\/v2\/pages\/916"}],"wp:featuredmedia":[{"embeddable":true,"href":"https:\/\/www.tourisme-valdemarne.com\/espace-pro\/wp-json\/wp\/v2\/media\/6413"}],"wp:attachment":[{"href":"https:\/\/www.tourisme-valdemarne.com\/espace-pro\/wp-json\/wp\/v2\/media?parent=8149"}],"wp:term":[{"taxonomy":"vdmTagMarketing","embeddable":true,"href":"https:\/\/www.tourisme-valdemarne.com\/espace-pro\/wp-json\/wp\/v2\/vdmTagMarketing?post=8149"}],"curies":[{"name":"wp","href":"https:\/\/api.w.org\/{rel}","templated":true}]}}