{"id":8143,"date":"2020-12-10T22:16:56","date_gmt":"2020-12-10T21:16:56","guid":{"rendered":"https:\/\/www.tourisme-valdemarne.com\/espace-pro\/adn-tourisme"},"modified":"2023-06-15T16:02:27","modified_gmt":"2023-06-15T14:02:27","slug":"adn-tourisme","status":"publish","type":"page","link":"https:\/\/www.tourisme-valdemarne.com\/espace-pro\/qui-sommes-nous\/adn-tourisme\/","title":{"rendered":"ADN Tourisme"},"content":{"rendered":"\n<p class=\"is-style-excerpt\">Val-de-Marne Tourisme &amp; Loisirs est adh\u00e9rent \u00e0 la f\u00e9d\u00e9ration ADN Tourisme, n\u00e9e de la fusion des trois entit\u00e9s Destination R\u00e9gions, Tourisme &amp; Territoires et Offices de Tourisme de France.<\/p>\n\n\n\n<p>Le 11 mars 2020, les adh\u00e9rents des trois f\u00e9d\u00e9rations historiques ont act\u00e9 lors d\u2019une Assembl\u00e9e g\u00e9n\u00e9rale extraordinaire la cr\u00e9ation d\u2019une&nbsp;<strong>nouvelle structure regroupant l\u2019ensemble des organismes institutionnels du tourisme<\/strong>, \u00e0 savoir les offices du tourismes, les comit\u00e9s d\u00e9partementaux du tourisme et les comit\u00e9s r\u00e9gionaux du tourisme. Ce sont donc d\u00e9sormais pr\u00e8s de 1 300 adh\u00e9rents et 12 000 salari\u00e9s qui sont r\u00e9unis au sein de cette f\u00e9d\u00e9ration.<\/p>\n\n\n\n<p>ADN Tourisme a pour ambition :<\/p>\n\n\n\n<ul class=\"wp-block-list\"><li>de \u00ab&nbsp;<strong>proposer \u00e0 ses adh\u00e9rents une offre de services innovante et une expertise de qualit\u00e9<\/strong>, tout en tenant compte des comp\u00e9tences partag\u00e9es et des activit\u00e9s propres \u00e0 chaque \u00e9chelon territorial&nbsp;\u00bb<\/li><li>de \u00ab&nbsp;porter un discours partag\u00e9 et d\u2019<strong>affirmer le r\u00f4le essentiel des organismes de tourisme<\/strong>\u00ab&nbsp;<\/li><li>de \u00ab&nbsp;<strong>d\u00e9velopper des partenariats forts avec l\u2019\u00c9tat&nbsp;<\/strong>et ses op\u00e9rateurs, ainsi qu\u2019avec les acteurs priv\u00e9s&nbsp;\u00bb<\/li><\/ul>\n\n\n\n<figure class=\"wp-block-image\"><img width=\"1200\" height=\"675\" data-src=\"https:\/\/www.tourisme-valdemarne.com\/espace-pro\/wp-content\/uploads\/sites\/3\/2020\/12\/adn-tourisme-1200x675.png\" alt=\"ADN tourisme\" class=\"wp-image-8147\" srcset=\"https:\/\/www.tourisme-valdemarne.com\/espace-pro\/wp-content\/uploads\/sites\/3\/2020\/12\/adn-tourisme-1200x675.png 1200w, https:\/\/www.tourisme-valdemarne.com\/espace-pro\/wp-content\/uploads\/sites\/3\/2020\/12\/adn-tourisme-600x338.png 600w, https:\/\/www.tourisme-valdemarne.com\/espace-pro\/wp-content\/uploads\/sites\/3\/2020\/12\/adn-tourisme-900x506.png 900w, https:\/\/www.tourisme-valdemarne.com\/espace-pro\/wp-content\/uploads\/sites\/3\/2020\/12\/adn-tourisme-380x214.png 380w, https:\/\/www.tourisme-valdemarne.com\/espace-pro\/wp-content\/uploads\/sites\/3\/2020\/12\/adn-tourisme-200x113.png 200w, https:\/\/www.tourisme-valdemarne.com\/espace-pro\/wp-content\/uploads\/sites\/3\/2020\/12\/adn-tourisme.png 1600w\" sizes=\"(max-width: 1200px) 100vw, 1200px\" \/><figcaption>ADN tourisme<\/figcaption><\/figure>\n\n\n\n<h2 class=\"wp-block-heading\">Actualit\u00e9s du r\u00e9seau ADN Tourisme<\/h2>\n\n\n\n<h3 class=\"wp-block-heading\">Manifeste pour le tourisme responsable<\/h3>\n\n\n\n<p>A l&rsquo;occasion de son Congr\u00e8s des 23 et 24 septembre 2021 \u00e0 Agen, ADN Tourisme a d\u00e9voil\u00e9 un \u00ab manifeste pour un tourisme responsable \u00bb, construit autour de dix engagements forts, accompagn\u00e9s d&rsquo;une vingtaine d&rsquo;actions concr\u00e8tes.<\/p>\n\n\n<p><iframe loading=\"lazy\" width=\"100%\" height=\"450\" src=\"https:\/\/www.youtube.com\/embed\/dJkGpA1Jloc\" title=\"YouTube video player\" frameborder=\"0\" allow=\"accelerometer; autoplay; clipboard-write; encrypted-media; gyroscope; picture-in-picture\" allowfullscreen=\"\"><\/iframe><\/p>\n\n\n\n<h2 class=\"wp-block-heading\">Un guide pour valoriser les m\u00e9tiers du tourisme<\/h2>\n\n\n\n<p>ADN Tourisme a d\u00e9velopp\u00e9 une collection de supports de communication destin\u00e9s \u00e0 expliquer et valoriser les m\u00e9tiers du tourisme institutionnel. <\/p>\n\n\n\n<p>Ces supports permettent entre autres de communiquer au moment de l&rsquo;arriv\u00e9e de nouveaux collaborateurs, sur des salons de recrutements, pour introduire des actions de formation, mais ils peuvent aussi \u00eatre utilis\u00e9s sur des supports num\u00e9riques (sites web et r\u00e9seaux sociaux).<\/p>\n\n\n\n<div class=\"wp-block-image\"><figure class=\"aligncenter size-large is-resized\"><img data-src=\"https:\/\/www.tourisme-valdemarne.com\/espace-pro\/wp-content\/uploads\/sites\/3\/2023\/06\/guide-metiers-couv_2023-adn-tourisme-1200x849.jpg\" alt=\"\" class=\"wp-image-15202\" width=\"600\" height=\"425\" srcset=\"https:\/\/www.tourisme-valdemarne.com\/espace-pro\/wp-content\/uploads\/sites\/3\/2023\/06\/guide-metiers-couv_2023-adn-tourisme-1200x849.jpg 1200w, https:\/\/www.tourisme-valdemarne.com\/espace-pro\/wp-content\/uploads\/sites\/3\/2023\/06\/guide-metiers-couv_2023-adn-tourisme-600x425.jpg 600w, https:\/\/www.tourisme-valdemarne.com\/espace-pro\/wp-content\/uploads\/sites\/3\/2023\/06\/guide-metiers-couv_2023-adn-tourisme-900x637.jpg 900w, https:\/\/www.tourisme-valdemarne.com\/espace-pro\/wp-content\/uploads\/sites\/3\/2023\/06\/guide-metiers-couv_2023-adn-tourisme-1536x1087.jpg 1536w, https:\/\/www.tourisme-valdemarne.com\/espace-pro\/wp-content\/uploads\/sites\/3\/2023\/06\/guide-metiers-couv_2023-adn-tourisme-380x269.jpg 380w, https:\/\/www.tourisme-valdemarne.com\/espace-pro\/wp-content\/uploads\/sites\/3\/2023\/06\/guide-metiers-couv_2023-adn-tourisme-200x142.jpg 200w, https:\/\/www.tourisme-valdemarne.com\/espace-pro\/wp-content\/uploads\/sites\/3\/2023\/06\/guide-metiers-couv_2023-adn-tourisme.jpg 1754w\" sizes=\"(max-width: 600px) 100vw, 600px\" \/><figcaption>Affiche \u00ab\u00a0Le Tourisme Recrute : choisis ton job !\u00a0\u00bb<\/figcaption><\/figure><\/div>\n\n\n\n<div class=\"wp-block-buttons is-content-justification-center is-layout-flex wp-container-core-buttons-is-layout-1 wp-block-buttons-is-layout-flex\">\n<div class=\"wp-block-button\"><a class=\"wp-block-button__link\" href=\"https:\/\/www.adn-tourisme.pro\/jcms\/c_193233\/un-guide-et-des-visuels-pour-valoriser-les-metiers-de-vos-structures\" target=\"_blank\" rel=\"noreferrer noopener\">En savoir plus sur le guide des m\u00e9tiers du tourisme<\/a><\/div>\n<\/div>\n\n\n\n<p class=\"is-style-highlight\">D\u00e9couvrez le nouveau&nbsp;<a href=\"https:\/\/www.adn-tourisme.fr\/\" target=\"_blank\" rel=\"noreferrer noopener\">site internet d\u2019ADN Tourisme<\/a>.<\/p>\n","protected":false},"excerpt":{"rendered":"<p>Val-de-Marne Tourisme &amp; Loisirs est adh\u00e9rent \u00e0 la f\u00e9d\u00e9ration ADN Tourisme, n\u00e9e de la fusion des trois entit\u00e9s Destination R\u00e9gions, Tourisme &amp; Territoires et Offices de Tourisme de France. Le 11 mars 2020, les adh\u00e9rents des trois f\u00e9d\u00e9rations historiques ont act\u00e9 lors d\u2019une Assembl\u00e9e g\u00e9n\u00e9rale extraordinaire la cr\u00e9ation d\u2019une&nbsp;nouvelle structure regroupant l\u2019ensemble des organismes institutionnels [&hellip;]<\/p>\n","protected":false},"author":1,"featured_media":8147,"parent":9,"menu_order":0,"comment_status":"closed","ping_status":"closed","template":"","meta":{"_relevanssi_hide_post":"","_relevanssi_hide_content":"","_relevanssi_pin_for_all":"","_relevanssi_pin_keywords":"","_relevanssi_unpin_keywords":"","_relevanssi_related_keywords":"","_relevanssi_related_include_ids":"","_relevanssi_related_exclude_ids":"","_relevanssi_related_no_append":"","_relevanssi_related_not_related":"","_relevanssi_related_posts":"2741,2749,8090,8101,8074,8077","_relevanssi_noindex_reason":"","footnotes":""},"vdmTagMarketing":[],"class_list":["post-8143","page","type-page","status-publish","has-post-thumbnail","hentry"],"acf":[],"yoast_head":"<!-- This site is optimized with the Yoast SEO plugin v23.9 - https:\/\/yoast.com\/wordpress\/plugins\/seo\/ -->\n<title>ADN Tourisme - Espace Pro<\/title>\n<meta name=\"description\" content=\"Val-de-Marne Tourisme &amp; Loisirs est adh\u00e9rent \u00e0 la f\u00e9d\u00e9ration ADN Tourisme, n\u00e9e de la fusion des trois entit\u00e9s Destination R\u00e9gions, Tourisme &amp; Territoires et Offices de Tourisme de France. Le 11 mars 2020, les adh\u00e9rents des trois f\u00e9d\u00e9rations historiques ont act\u00e9 lors d&#039;une Assembl\u00e9e g\u00e9n\u00e9rale extraordinaire la cr\u00e9ation d&#039;une nouvelle structure regroupant l&#039;ensemble des organismes\" \/>\n<meta name=\"robots\" content=\"index, follow, max-snippet:-1, max-image-preview:large, max-video-preview:-1\" \/>\n<link rel=\"canonical\" href=\"https:\/\/www.tourisme-valdemarne.com\/espace-pro\/qui-sommes-nous\/adn-tourisme\/\" \/>\n<meta property=\"og:locale\" content=\"fr_FR\" \/>\n<meta property=\"og:type\" content=\"article\" \/>\n<meta property=\"og:title\" content=\"ADN Tourisme - Espace Pro\" \/>\n<meta property=\"og:description\" content=\"Val-de-Marne Tourisme &amp; Loisirs est adh\u00e9rent \u00e0 la f\u00e9d\u00e9ration ADN Tourisme, n\u00e9e de la fusion des trois entit\u00e9s Destination R\u00e9gions, Tourisme &amp; Territoires et Offices de Tourisme de France. Le 11 mars 2020, les adh\u00e9rents des trois f\u00e9d\u00e9rations historiques ont act\u00e9 lors d&#039;une Assembl\u00e9e g\u00e9n\u00e9rale extraordinaire la cr\u00e9ation d&#039;une nouvelle structure regroupant l&#039;ensemble des organismes\" \/>\n<meta property=\"og:url\" content=\"https:\/\/www.tourisme-valdemarne.com\/espace-pro\/qui-sommes-nous\/adn-tourisme\/\" \/>\n<meta property=\"og:site_name\" content=\"Espace Pro\" \/>\n<meta property=\"article:modified_time\" content=\"2023-06-15T14:02:27+00:00\" \/>\n<meta property=\"og:image\" content=\"https:\/\/www.tourisme-valdemarne.com\/espace-pro\/wp-content\/uploads\/sites\/3\/2020\/12\/adn-tourisme.png\" \/>\n\t<meta property=\"og:image:width\" content=\"1600\" \/>\n\t<meta property=\"og:image:height\" content=\"900\" \/>\n\t<meta property=\"og:image:type\" content=\"image\/png\" \/>\n<meta name=\"twitter:card\" content=\"summary_large_image\" \/>\n<meta name=\"twitter:label1\" content=\"Dur\u00e9e de lecture estim\u00e9e\" \/>\n\t<meta name=\"twitter:data1\" content=\"2 minutes\" \/>\n<script type=\"application\/ld+json\" class=\"yoast-schema-graph\">{\"@context\":\"https:\/\/schema.org\",\"@graph\":[{\"@type\":\"WebPage\",\"@id\":\"https:\/\/www.tourisme-valdemarne.com\/espace-pro\/qui-sommes-nous\/adn-tourisme\/\",\"url\":\"https:\/\/www.tourisme-valdemarne.com\/espace-pro\/qui-sommes-nous\/adn-tourisme\/\",\"name\":\"ADN Tourisme - Espace Pro\",\"isPartOf\":{\"@id\":\"https:\/\/www.tourisme-valdemarne.com\/espace-pro\/#website\"},\"primaryImageOfPage\":{\"@id\":\"https:\/\/www.tourisme-valdemarne.com\/espace-pro\/qui-sommes-nous\/adn-tourisme\/#primaryimage\"},\"image\":{\"@id\":\"https:\/\/www.tourisme-valdemarne.com\/espace-pro\/qui-sommes-nous\/adn-tourisme\/#primaryimage\"},\"thumbnailUrl\":\"https:\/\/www.tourisme-valdemarne.com\/espace-pro\/wp-content\/uploads\/sites\/3\/2020\/12\/adn-tourisme.png\",\"datePublished\":\"2020-12-10T21:16:56+00:00\",\"dateModified\":\"2023-06-15T14:02:27+00:00\",\"description\":\"Val-de-Marne Tourisme & Loisirs est adh\u00e9rent \u00e0 la f\u00e9d\u00e9ration ADN Tourisme, n\u00e9e de la fusion des trois entit\u00e9s Destination R\u00e9gions, Tourisme & Territoires et Offices de Tourisme de France. Le 11 mars 2020, les adh\u00e9rents des trois f\u00e9d\u00e9rations historiques ont act\u00e9 lors d'une Assembl\u00e9e g\u00e9n\u00e9rale extraordinaire la cr\u00e9ation d'une nouvelle structure regroupant l'ensemble des organismes\",\"breadcrumb\":{\"@id\":\"https:\/\/www.tourisme-valdemarne.com\/espace-pro\/qui-sommes-nous\/adn-tourisme\/#breadcrumb\"},\"inLanguage\":\"fr-FR\",\"potentialAction\":[{\"@type\":\"ReadAction\",\"target\":[\"https:\/\/www.tourisme-valdemarne.com\/espace-pro\/qui-sommes-nous\/adn-tourisme\/\"]}]},{\"@type\":\"ImageObject\",\"inLanguage\":\"fr-FR\",\"@id\":\"https:\/\/www.tourisme-valdemarne.com\/espace-pro\/qui-sommes-nous\/adn-tourisme\/#primaryimage\",\"url\":\"https:\/\/www.tourisme-valdemarne.com\/espace-pro\/wp-content\/uploads\/sites\/3\/2020\/12\/adn-tourisme.png\",\"contentUrl\":\"https:\/\/www.tourisme-valdemarne.com\/espace-pro\/wp-content\/uploads\/sites\/3\/2020\/12\/adn-tourisme.png\",\"width\":1600,\"height\":900,\"caption\":\"ADN tourisme\"},{\"@type\":\"BreadcrumbList\",\"@id\":\"https:\/\/www.tourisme-valdemarne.com\/espace-pro\/qui-sommes-nous\/adn-tourisme\/#breadcrumb\",\"itemListElement\":[{\"@type\":\"ListItem\",\"position\":1,\"name\":\"Accueil\",\"item\":\"https:\/\/www.tourisme-valdemarne.com\/espace-pro\/\"},{\"@type\":\"ListItem\",\"position\":2,\"name\":\"Qui sommes-nous ?\",\"item\":\"https:\/\/www.tourisme-valdemarne.com\/espace-pro\/qui-sommes-nous\/\"},{\"@type\":\"ListItem\",\"position\":3,\"name\":\"ADN Tourisme\"}]},{\"@type\":\"WebSite\",\"@id\":\"https:\/\/www.tourisme-valdemarne.com\/espace-pro\/#website\",\"url\":\"https:\/\/www.tourisme-valdemarne.com\/espace-pro\/\",\"name\":\"Espace Pro\",\"description\":\"Informations et outils pour les professionnels et la Presse\",\"potentialAction\":[{\"@type\":\"SearchAction\",\"target\":{\"@type\":\"EntryPoint\",\"urlTemplate\":\"https:\/\/www.tourisme-valdemarne.com\/espace-pro\/?s={search_term_string}\"},\"query-input\":{\"@type\":\"PropertyValueSpecification\",\"valueRequired\":true,\"valueName\":\"search_term_string\"}}],\"inLanguage\":\"fr-FR\"}]}<\/script>\n<!-- \/ Yoast SEO plugin. -->","yoast_head_json":{"title":"ADN Tourisme - Espace Pro","description":"Val-de-Marne Tourisme & Loisirs est adh\u00e9rent \u00e0 la f\u00e9d\u00e9ration ADN Tourisme, n\u00e9e de la fusion des trois entit\u00e9s Destination R\u00e9gions, Tourisme & Territoires et Offices de Tourisme de France. Le 11 mars 2020, les adh\u00e9rents des trois f\u00e9d\u00e9rations historiques ont act\u00e9 lors d'une Assembl\u00e9e g\u00e9n\u00e9rale extraordinaire la cr\u00e9ation d'une nouvelle structure regroupant l'ensemble des organismes","robots":{"index":"index","follow":"follow","max-snippet":"max-snippet:-1","max-image-preview":"max-image-preview:large","max-video-preview":"max-video-preview:-1"},"canonical":"https:\/\/www.tourisme-valdemarne.com\/espace-pro\/qui-sommes-nous\/adn-tourisme\/","og_locale":"fr_FR","og_type":"article","og_title":"ADN Tourisme - Espace Pro","og_description":"Val-de-Marne Tourisme & Loisirs est adh\u00e9rent \u00e0 la f\u00e9d\u00e9ration ADN Tourisme, n\u00e9e de la fusion des trois entit\u00e9s Destination R\u00e9gions, Tourisme & Territoires et Offices de Tourisme de France. Le 11 mars 2020, les adh\u00e9rents des trois f\u00e9d\u00e9rations historiques ont act\u00e9 lors d'une Assembl\u00e9e g\u00e9n\u00e9rale extraordinaire la cr\u00e9ation d'une nouvelle structure regroupant l'ensemble des organismes","og_url":"https:\/\/www.tourisme-valdemarne.com\/espace-pro\/qui-sommes-nous\/adn-tourisme\/","og_site_name":"Espace Pro","article_modified_time":"2023-06-15T14:02:27+00:00","og_image":[{"width":1600,"height":900,"url":"https:\/\/www.tourisme-valdemarne.com\/espace-pro\/wp-content\/uploads\/sites\/3\/2020\/12\/adn-tourisme.png","type":"image\/png"}],"twitter_card":"summary_large_image","twitter_misc":{"Dur\u00e9e de lecture estim\u00e9e":"2 minutes"},"schema":{"@context":"https:\/\/schema.org","@graph":[{"@type":"WebPage","@id":"https:\/\/www.tourisme-valdemarne.com\/espace-pro\/qui-sommes-nous\/adn-tourisme\/","url":"https:\/\/www.tourisme-valdemarne.com\/espace-pro\/qui-sommes-nous\/adn-tourisme\/","name":"ADN Tourisme - Espace Pro","isPartOf":{"@id":"https:\/\/www.tourisme-valdemarne.com\/espace-pro\/#website"},"primaryImageOfPage":{"@id":"https:\/\/www.tourisme-valdemarne.com\/espace-pro\/qui-sommes-nous\/adn-tourisme\/#primaryimage"},"image":{"@id":"https:\/\/www.tourisme-valdemarne.com\/espace-pro\/qui-sommes-nous\/adn-tourisme\/#primaryimage"},"thumbnailUrl":"https:\/\/www.tourisme-valdemarne.com\/espace-pro\/wp-content\/uploads\/sites\/3\/2020\/12\/adn-tourisme.png","datePublished":"2020-12-10T21:16:56+00:00","dateModified":"2023-06-15T14:02:27+00:00","description":"Val-de-Marne Tourisme & Loisirs est adh\u00e9rent \u00e0 la f\u00e9d\u00e9ration ADN Tourisme, n\u00e9e de la fusion des trois entit\u00e9s Destination R\u00e9gions, Tourisme & Territoires et Offices de Tourisme de France. Le 11 mars 2020, les adh\u00e9rents des trois f\u00e9d\u00e9rations historiques ont act\u00e9 lors d'une Assembl\u00e9e g\u00e9n\u00e9rale extraordinaire la cr\u00e9ation d'une nouvelle structure regroupant l'ensemble des organismes","breadcrumb":{"@id":"https:\/\/www.tourisme-valdemarne.com\/espace-pro\/qui-sommes-nous\/adn-tourisme\/#breadcrumb"},"inLanguage":"fr-FR","potentialAction":[{"@type":"ReadAction","target":["https:\/\/www.tourisme-valdemarne.com\/espace-pro\/qui-sommes-nous\/adn-tourisme\/"]}]},{"@type":"ImageObject","inLanguage":"fr-FR","@id":"https:\/\/www.tourisme-valdemarne.com\/espace-pro\/qui-sommes-nous\/adn-tourisme\/#primaryimage","url":"https:\/\/www.tourisme-valdemarne.com\/espace-pro\/wp-content\/uploads\/sites\/3\/2020\/12\/adn-tourisme.png","contentUrl":"https:\/\/www.tourisme-valdemarne.com\/espace-pro\/wp-content\/uploads\/sites\/3\/2020\/12\/adn-tourisme.png","width":1600,"height":900,"caption":"ADN tourisme"},{"@type":"BreadcrumbList","@id":"https:\/\/www.tourisme-valdemarne.com\/espace-pro\/qui-sommes-nous\/adn-tourisme\/#breadcrumb","itemListElement":[{"@type":"ListItem","position":1,"name":"Accueil","item":"https:\/\/www.tourisme-valdemarne.com\/espace-pro\/"},{"@type":"ListItem","position":2,"name":"Qui sommes-nous ?","item":"https:\/\/www.tourisme-valdemarne.com\/espace-pro\/qui-sommes-nous\/"},{"@type":"ListItem","position":3,"name":"ADN Tourisme"}]},{"@type":"WebSite","@id":"https:\/\/www.tourisme-valdemarne.com\/espace-pro\/#website","url":"https:\/\/www.tourisme-valdemarne.com\/espace-pro\/","name":"Espace Pro","description":"Informations et outils pour les professionnels et la Presse","potentialAction":[{"@type":"SearchAction","target":{"@type":"EntryPoint","urlTemplate":"https:\/\/www.tourisme-valdemarne.com\/espace-pro\/?s={search_term_string}"},"query-input":{"@type":"PropertyValueSpecification","valueRequired":true,"valueName":"search_term_string"}}],"inLanguage":"fr-FR"}]}},"_links":{"self":[{"href":"https:\/\/www.tourisme-valdemarne.com\/espace-pro\/wp-json\/wp\/v2\/pages\/8143","targetHints":{"allow":["GET"]}}],"collection":[{"href":"https:\/\/www.tourisme-valdemarne.com\/espace-pro\/wp-json\/wp\/v2\/pages"}],"about":[{"href":"https:\/\/www.tourisme-valdemarne.com\/espace-pro\/wp-json\/wp\/v2\/types\/page"}],"author":[{"embeddable":true,"href":"https:\/\/www.tourisme-valdemarne.com\/espace-pro\/wp-json\/wp\/v2\/users\/1"}],"replies":[{"embeddable":true,"href":"https:\/\/www.tourisme-valdemarne.com\/espace-pro\/wp-json\/wp\/v2\/comments?post=8143"}],"version-history":[{"count":10,"href":"https:\/\/www.tourisme-valdemarne.com\/espace-pro\/wp-json\/wp\/v2\/pages\/8143\/revisions"}],"predecessor-version":[{"id":15206,"href":"https:\/\/www.tourisme-valdemarne.com\/espace-pro\/wp-json\/wp\/v2\/pages\/8143\/revisions\/15206"}],"up":[{"embeddable":true,"href":"https:\/\/www.tourisme-valdemarne.com\/espace-pro\/wp-json\/wp\/v2\/pages\/9"}],"wp:featuredmedia":[{"embeddable":true,"href":"https:\/\/www.tourisme-valdemarne.com\/espace-pro\/wp-json\/wp\/v2\/media\/8147"}],"wp:attachment":[{"href":"https:\/\/www.tourisme-valdemarne.com\/espace-pro\/wp-json\/wp\/v2\/media?parent=8143"}],"wp:term":[{"taxonomy":"vdmTagMarketing","embeddable":true,"href":"https:\/\/www.tourisme-valdemarne.com\/espace-pro\/wp-json\/wp\/v2\/vdmTagMarketing?post=8143"}],"curies":[{"name":"wp","href":"https:\/\/api.w.org\/{rel}","templated":true}]}}