{"id":8112,"date":"2020-12-10T22:10:18","date_gmt":"2020-12-10T21:10:18","guid":{"rendered":"https:\/\/www.tourisme-valdemarne.com\/espace-pro\/tous-o-berges-%e2%80%93-ami"},"modified":"2024-02-13T15:17:59","modified_gmt":"2024-02-13T14:17:59","slug":"tous-o-berges-ami","status":"publish","type":"page","link":"https:\/\/www.tourisme-valdemarne.com\/espace-pro\/actualites\/archives-des-actualites\/tous-o-berges-ami\/","title":{"rendered":"Tous O Berges \u2013 AMI"},"content":{"rendered":"\n<p class=\"is-style-excerpt\"><strong>Lancement de l\u2019Appel \u00e0 Manifestation d\u2019Int\u00e9r\u00eat \u00ab&nbsp;Tous O Berges&nbsp;\u00bb.<\/strong><\/p>\n\n\n\n<p>L\u2019EPA ORSA, le D\u00e9partement du Val-de-Marne et l\u2019Etablissement Public Territorial Grand-Orly Seine Bi\u00e8vre&nbsp;se sont r\u00e9unis pour travailler conjointement et en collaboration avec les villes, \u00e0 la&nbsp;<strong>valorisation de l\u2019axe Seine<\/strong>&nbsp;comme \u00e9l\u00e9ment de continuit\u00e9 urbaine et paysag\u00e8re, et faire de la Seine un support d\u2019activit\u00e9s \u00e9conomiques et r\u00e9cr\u00e9atives.<\/p>\n\n\n\n<p><strong>Les acteurs publics organisent donc au printemps-\u00e9t\u00e9 2020 la premi\u00e8re \u00e9dition de l\u2019Appel \u00e0 Manifestation d\u2019Int\u00e9r\u00eat (AMI) \u00ab&nbsp;Tous O Berges&nbsp;\u00bb.<\/strong><\/p>\n\n\n\n<p>Cet AMI a pour objectif d\u2019amorcer de nouveaux usages sur les berges de Seine, d\u2019am\u00e9liorer le cadre de vie et le ressenti du territoire aupr\u00e8s de ses habitants et de ses visiteurs, de susciter la curiosit\u00e9 et de faire connaitre le territoire au plus grand nombre.<\/p>\n\n\n\n<p class=\"is-style-highlight\"><strong>Pour cette ann\u00e9e inaugurale, l\u2019AMI propose deux sites d\u2019interventions \u00e0 occuper et animer en lien avec les quartiers environnants\u00a0:<\/strong><br><br>\u2013\u00a0<strong>le site du Pont du Port \u00e0 l\u2019Anglais \u00e0 Vitry-sur-Seine<\/strong>, avec un programme d\u2019animations \u00e0 proposer sur quatre week-ends successifs du 13 juin au 5 juillet 2020<br>T\u00e9l\u00e9chargez l\u2019AMI pour le site de Vitry<br><br>\u2013\u00a0<strong>la place Mouli\u00e9rat \u00e0 Villeneuve-Saint-Georges<\/strong>, quartier du Triage, avec un programme d\u2019animations durant les deux week-ends du 6-7 juin et 13-14 juin 2020<br>T\u00e9l\u00e9chargez l\u2019AMI pour le site de Villeneuve-Saint-Georges<\/p>\n\n\n\n<p><strong>Les animations propos\u00e9es devront r\u00e9pondre \u00e0 l\u2019enjeu de donner envie de d\u00e9couvrir les berges de Seine et de d\u00e9velopper une offre attractive pour les habitants du territoire et d\u2019ailleurs.<\/strong>&nbsp;Le principe qui doit s\u2019appliquer est celui de l\u2019int\u00e9r\u00eat g\u00e9n\u00e9ral et du service au public.&nbsp; Aussi, il sera privil\u00e9gi\u00e9 des animations gratuites ou proposant une tarification modeste pour une partie de la programmation.<br>Il est attendu que les animations propos\u00e9es s\u2019adressent \u00e0 un large public (enfants, famille, jeunes, s\u00e9niors) et favorisent l\u2019interg\u00e9n\u00e9rationnalit\u00e9. Les animations peuvent s\u2019organiser de jour et se prolonger en soir\u00e9e.<\/p>\n\n\n\n<figure class=\"wp-block-image\"><img width=\"1200\" height=\"675\" data-src=\"https:\/\/www.tourisme-valdemarne.com\/espace-pro\/wp-content\/uploads\/sites\/3\/2020\/12\/tob_bandeau-web-1200x675.jpg\" alt=\"Tous o'berges\" class=\"wp-image-8116\" srcset=\"https:\/\/www.tourisme-valdemarne.com\/espace-pro\/wp-content\/uploads\/sites\/3\/2020\/12\/tob_bandeau-web-1200x675.jpg 1200w, https:\/\/www.tourisme-valdemarne.com\/espace-pro\/wp-content\/uploads\/sites\/3\/2020\/12\/tob_bandeau-web-600x338.jpg 600w, https:\/\/www.tourisme-valdemarne.com\/espace-pro\/wp-content\/uploads\/sites\/3\/2020\/12\/tob_bandeau-web-900x506.jpg 900w, https:\/\/www.tourisme-valdemarne.com\/espace-pro\/wp-content\/uploads\/sites\/3\/2020\/12\/tob_bandeau-web-380x214.jpg 380w, https:\/\/www.tourisme-valdemarne.com\/espace-pro\/wp-content\/uploads\/sites\/3\/2020\/12\/tob_bandeau-web-200x113.jpg 200w, https:\/\/www.tourisme-valdemarne.com\/espace-pro\/wp-content\/uploads\/sites\/3\/2020\/12\/tob_bandeau-web.jpg 1600w\" sizes=\"(max-width: 1200px) 100vw, 1200px\" \/><figcaption>Tous o&rsquo;berges<\/figcaption><\/figure>\n\n\n\n<p><strong>Les candidats devront r\u00e9pondre au plus tard le 2 mars 2020, en version \u00e9lectronique :<\/strong><\/p>\n\n\n\n<ul class=\"wp-block-list\"><li>Pour Vitry-sur-Seine, \u00e0 l\u2019adresse&nbsp;<a href=\"mailto:&#97;li&#110;&#101;&#46;lu&#110;v&#101;&#110;&#64;gra&#110;d&#112;a&#114;&#105;sa&#109;&#101;nag&#101;m&#101;&#110;t&#46;&#102;r\">a&#108;&#105;ne&#46;&#108;unven&#64;gran&#100;par&#105;&#115;a&#109;&#101;&#110;&#97;&#103;em&#101;&#110;&#116;.&#102;&#114;<\/a><\/li><li>Pour Villeneuve-Saint-Georges, \u00e0 l\u2019adresse&nbsp;<a href=\"mailto:&#111;liv&#105;&#97;&#46;&#109;&#97;&#114;&#116;in&#64;g&#114;and&#112;&#97;r&#105;s&#97;&#109;&#101;&#110;ag&#101;&#109;&#101;&#110;&#116;.&#102;&#114;\">&#111;l&#105;v&#105;&#97;&#46;m&#97;rti&#110;&#64;&#103;rand&#112;a&#114;&#105;sa&#109;en&#97;&#103;e&#109;en&#116;&#46;&#102;&#114;<\/a><\/li><\/ul>\n\n\n\n<p>Les candidats peuvent r\u00e9pondre \u00e0 l\u2019un ou l\u2019autre, ou aux deux sites ouverts \u00e0 l\u2019AMI.<\/p>\n","protected":false},"excerpt":{"rendered":"<p>Lancement de l\u2019Appel \u00e0 Manifestation d\u2019Int\u00e9r\u00eat \u00ab&nbsp;Tous O Berges&nbsp;\u00bb. L\u2019EPA ORSA, le D\u00e9partement du Val-de-Marne et l\u2019Etablissement Public Territorial Grand-Orly Seine Bi\u00e8vre&nbsp;se sont r\u00e9unis pour travailler conjointement et en collaboration avec les villes, \u00e0 la&nbsp;valorisation de l\u2019axe Seine&nbsp;comme \u00e9l\u00e9ment de continuit\u00e9 urbaine et paysag\u00e8re, et faire de la Seine un support d\u2019activit\u00e9s \u00e9conomiques et r\u00e9cr\u00e9atives. [&hellip;]<\/p>\n","protected":false},"author":1,"featured_media":8116,"parent":9250,"menu_order":200,"comment_status":"closed","ping_status":"closed","template":"","meta":{"_relevanssi_hide_post":"","_relevanssi_hide_content":"","_relevanssi_pin_for_all":"","_relevanssi_pin_keywords":"","_relevanssi_unpin_keywords":"","_relevanssi_related_keywords":"","_relevanssi_related_include_ids":"","_relevanssi_related_exclude_ids":"","_relevanssi_related_no_append":"","_relevanssi_related_not_related":"","_relevanssi_related_posts":"442,2745,2747,8074,8108,8077","_relevanssi_noindex_reason":"","footnotes":""},"vdmTagMarketing":[],"class_list":["post-8112","page","type-page","status-publish","has-post-thumbnail","hentry"],"acf":[],"yoast_head":"<!-- This site is optimized with the Yoast SEO plugin v23.9 - https:\/\/yoast.com\/wordpress\/plugins\/seo\/ -->\n<title>Tous O Berges \u2013 AMI - Espace Pro<\/title>\n<meta name=\"description\" content=\"Lancement de l&#039;Appel \u00e0 Manifestation d&#039;Int\u00e9r\u00eat \u00ab Tous O Berges \u00bb. L\u2019EPA ORSA, le D\u00e9partement du Val-de-Marne et l\u2019Etablissement Public Territorial Grand-Orly Seine Bi\u00e8vre se sont r\u00e9unis pour travailler conjointement et en collaboration avec les villes, \u00e0 la valorisation de l\u2019axe Seine comme \u00e9l\u00e9ment de continuit\u00e9 urbaine et paysag\u00e8re, et faire de la Seine un support d\u2019activit\u00e9s \u00e9conomiques.\" \/>\n<meta name=\"robots\" content=\"noindex, follow\" \/>\n<meta property=\"og:locale\" content=\"fr_FR\" \/>\n<meta property=\"og:type\" content=\"article\" \/>\n<meta property=\"og:title\" content=\"Tous O Berges \u2013 AMI - Espace Pro\" \/>\n<meta property=\"og:description\" content=\"Lancement de l&#039;Appel \u00e0 Manifestation d&#039;Int\u00e9r\u00eat \u00ab Tous O Berges \u00bb. L\u2019EPA ORSA, le D\u00e9partement du Val-de-Marne et l\u2019Etablissement Public Territorial Grand-Orly Seine Bi\u00e8vre se sont r\u00e9unis pour travailler conjointement et en collaboration avec les villes, \u00e0 la valorisation de l\u2019axe Seine comme \u00e9l\u00e9ment de continuit\u00e9 urbaine et paysag\u00e8re, et faire de la Seine un support d\u2019activit\u00e9s \u00e9conomiques.\" \/>\n<meta property=\"og:url\" content=\"https:\/\/www.tourisme-valdemarne.com\/espace-pro\/actualites\/archives-des-actualites\/tous-o-berges-ami\/\" \/>\n<meta property=\"og:site_name\" content=\"Espace Pro\" \/>\n<meta property=\"article:modified_time\" content=\"2024-02-13T14:17:59+00:00\" \/>\n<meta property=\"og:image\" content=\"https:\/\/www.tourisme-valdemarne.com\/espace-pro\/wp-content\/uploads\/sites\/3\/2020\/12\/tob_bandeau-web.jpg\" \/>\n\t<meta property=\"og:image:width\" content=\"1600\" \/>\n\t<meta property=\"og:image:height\" content=\"900\" \/>\n\t<meta property=\"og:image:type\" content=\"image\/jpeg\" \/>\n<meta name=\"twitter:card\" content=\"summary_large_image\" \/>\n<meta name=\"twitter:label1\" content=\"Dur\u00e9e de lecture estim\u00e9e\" \/>\n\t<meta name=\"twitter:data1\" content=\"2 minutes\" \/>\n<script type=\"application\/ld+json\" class=\"yoast-schema-graph\">{\"@context\":\"https:\/\/schema.org\",\"@graph\":[{\"@type\":\"WebPage\",\"@id\":\"https:\/\/www.tourisme-valdemarne.com\/espace-pro\/actualites\/archives-des-actualites\/tous-o-berges-ami\/\",\"url\":\"https:\/\/www.tourisme-valdemarne.com\/espace-pro\/actualites\/archives-des-actualites\/tous-o-berges-ami\/\",\"name\":\"Tous O Berges \u2013 AMI - Espace Pro\",\"isPartOf\":{\"@id\":\"https:\/\/www.tourisme-valdemarne.com\/espace-pro\/#website\"},\"primaryImageOfPage\":{\"@id\":\"https:\/\/www.tourisme-valdemarne.com\/espace-pro\/actualites\/archives-des-actualites\/tous-o-berges-ami\/#primaryimage\"},\"image\":{\"@id\":\"https:\/\/www.tourisme-valdemarne.com\/espace-pro\/actualites\/archives-des-actualites\/tous-o-berges-ami\/#primaryimage\"},\"thumbnailUrl\":\"https:\/\/www.tourisme-valdemarne.com\/espace-pro\/wp-content\/uploads\/sites\/3\/2020\/12\/tob_bandeau-web.jpg\",\"datePublished\":\"2020-12-10T21:10:18+00:00\",\"dateModified\":\"2024-02-13T14:17:59+00:00\",\"description\":\"Lancement de l'Appel \u00e0 Manifestation d'Int\u00e9r\u00eat \u00ab Tous O Berges \u00bb. L\u2019EPA ORSA, le D\u00e9partement du Val-de-Marne et l\u2019Etablissement Public Territorial Grand-Orly Seine Bi\u00e8vre se sont r\u00e9unis pour travailler conjointement et en collaboration avec les villes, \u00e0 la valorisation de l\u2019axe Seine comme \u00e9l\u00e9ment de continuit\u00e9 urbaine et paysag\u00e8re, et faire de la Seine un support d\u2019activit\u00e9s \u00e9conomiques.\",\"breadcrumb\":{\"@id\":\"https:\/\/www.tourisme-valdemarne.com\/espace-pro\/actualites\/archives-des-actualites\/tous-o-berges-ami\/#breadcrumb\"},\"inLanguage\":\"fr-FR\",\"potentialAction\":[{\"@type\":\"ReadAction\",\"target\":[\"https:\/\/www.tourisme-valdemarne.com\/espace-pro\/actualites\/archives-des-actualites\/tous-o-berges-ami\/\"]}]},{\"@type\":\"ImageObject\",\"inLanguage\":\"fr-FR\",\"@id\":\"https:\/\/www.tourisme-valdemarne.com\/espace-pro\/actualites\/archives-des-actualites\/tous-o-berges-ami\/#primaryimage\",\"url\":\"https:\/\/www.tourisme-valdemarne.com\/espace-pro\/wp-content\/uploads\/sites\/3\/2020\/12\/tob_bandeau-web.jpg\",\"contentUrl\":\"https:\/\/www.tourisme-valdemarne.com\/espace-pro\/wp-content\/uploads\/sites\/3\/2020\/12\/tob_bandeau-web.jpg\",\"width\":1600,\"height\":900,\"caption\":\"Tous o'berges\"},{\"@type\":\"BreadcrumbList\",\"@id\":\"https:\/\/www.tourisme-valdemarne.com\/espace-pro\/actualites\/archives-des-actualites\/tous-o-berges-ami\/#breadcrumb\",\"itemListElement\":[{\"@type\":\"ListItem\",\"position\":1,\"name\":\"Accueil\",\"item\":\"https:\/\/www.tourisme-valdemarne.com\/espace-pro\/\"},{\"@type\":\"ListItem\",\"position\":2,\"name\":\"Actualit\u00e9s de l&rsquo;espace pro\",\"item\":\"https:\/\/www.tourisme-valdemarne.com\/espace-pro\/actualites\/\"},{\"@type\":\"ListItem\",\"position\":3,\"name\":\"Archives des actualit\u00e9s\",\"item\":\"https:\/\/www.tourisme-valdemarne.com\/espace-pro\/actualites\/archives-des-actualites\/\"},{\"@type\":\"ListItem\",\"position\":4,\"name\":\"Tous O Berges \u2013 AMI\"}]},{\"@type\":\"WebSite\",\"@id\":\"https:\/\/www.tourisme-valdemarne.com\/espace-pro\/#website\",\"url\":\"https:\/\/www.tourisme-valdemarne.com\/espace-pro\/\",\"name\":\"Espace Pro\",\"description\":\"Informations et outils pour les professionnels et la Presse\",\"potentialAction\":[{\"@type\":\"SearchAction\",\"target\":{\"@type\":\"EntryPoint\",\"urlTemplate\":\"https:\/\/www.tourisme-valdemarne.com\/espace-pro\/?s={search_term_string}\"},\"query-input\":{\"@type\":\"PropertyValueSpecification\",\"valueRequired\":true,\"valueName\":\"search_term_string\"}}],\"inLanguage\":\"fr-FR\"}]}<\/script>\n<!-- \/ Yoast SEO plugin. -->","yoast_head_json":{"title":"Tous O Berges \u2013 AMI - Espace Pro","description":"Lancement de l'Appel \u00e0 Manifestation d'Int\u00e9r\u00eat \u00ab Tous O Berges \u00bb. L\u2019EPA ORSA, le D\u00e9partement du Val-de-Marne et l\u2019Etablissement Public Territorial Grand-Orly Seine Bi\u00e8vre se sont r\u00e9unis pour travailler conjointement et en collaboration avec les villes, \u00e0 la valorisation de l\u2019axe Seine comme \u00e9l\u00e9ment de continuit\u00e9 urbaine et paysag\u00e8re, et faire de la Seine un support d\u2019activit\u00e9s \u00e9conomiques.","robots":{"index":"noindex","follow":"follow"},"og_locale":"fr_FR","og_type":"article","og_title":"Tous O Berges \u2013 AMI - Espace Pro","og_description":"Lancement de l'Appel \u00e0 Manifestation d'Int\u00e9r\u00eat \u00ab Tous O Berges \u00bb. L\u2019EPA ORSA, le D\u00e9partement du Val-de-Marne et l\u2019Etablissement Public Territorial Grand-Orly Seine Bi\u00e8vre se sont r\u00e9unis pour travailler conjointement et en collaboration avec les villes, \u00e0 la valorisation de l\u2019axe Seine comme \u00e9l\u00e9ment de continuit\u00e9 urbaine et paysag\u00e8re, et faire de la Seine un support d\u2019activit\u00e9s \u00e9conomiques.","og_url":"https:\/\/www.tourisme-valdemarne.com\/espace-pro\/actualites\/archives-des-actualites\/tous-o-berges-ami\/","og_site_name":"Espace Pro","article_modified_time":"2024-02-13T14:17:59+00:00","og_image":[{"width":1600,"height":900,"url":"https:\/\/www.tourisme-valdemarne.com\/espace-pro\/wp-content\/uploads\/sites\/3\/2020\/12\/tob_bandeau-web.jpg","type":"image\/jpeg"}],"twitter_card":"summary_large_image","twitter_misc":{"Dur\u00e9e de lecture estim\u00e9e":"2 minutes"},"schema":{"@context":"https:\/\/schema.org","@graph":[{"@type":"WebPage","@id":"https:\/\/www.tourisme-valdemarne.com\/espace-pro\/actualites\/archives-des-actualites\/tous-o-berges-ami\/","url":"https:\/\/www.tourisme-valdemarne.com\/espace-pro\/actualites\/archives-des-actualites\/tous-o-berges-ami\/","name":"Tous O Berges \u2013 AMI - Espace Pro","isPartOf":{"@id":"https:\/\/www.tourisme-valdemarne.com\/espace-pro\/#website"},"primaryImageOfPage":{"@id":"https:\/\/www.tourisme-valdemarne.com\/espace-pro\/actualites\/archives-des-actualites\/tous-o-berges-ami\/#primaryimage"},"image":{"@id":"https:\/\/www.tourisme-valdemarne.com\/espace-pro\/actualites\/archives-des-actualites\/tous-o-berges-ami\/#primaryimage"},"thumbnailUrl":"https:\/\/www.tourisme-valdemarne.com\/espace-pro\/wp-content\/uploads\/sites\/3\/2020\/12\/tob_bandeau-web.jpg","datePublished":"2020-12-10T21:10:18+00:00","dateModified":"2024-02-13T14:17:59+00:00","description":"Lancement de l'Appel \u00e0 Manifestation d'Int\u00e9r\u00eat \u00ab Tous O Berges \u00bb. L\u2019EPA ORSA, le D\u00e9partement du Val-de-Marne et l\u2019Etablissement Public Territorial Grand-Orly Seine Bi\u00e8vre se sont r\u00e9unis pour travailler conjointement et en collaboration avec les villes, \u00e0 la valorisation de l\u2019axe Seine comme \u00e9l\u00e9ment de continuit\u00e9 urbaine et paysag\u00e8re, et faire de la Seine un support d\u2019activit\u00e9s \u00e9conomiques.","breadcrumb":{"@id":"https:\/\/www.tourisme-valdemarne.com\/espace-pro\/actualites\/archives-des-actualites\/tous-o-berges-ami\/#breadcrumb"},"inLanguage":"fr-FR","potentialAction":[{"@type":"ReadAction","target":["https:\/\/www.tourisme-valdemarne.com\/espace-pro\/actualites\/archives-des-actualites\/tous-o-berges-ami\/"]}]},{"@type":"ImageObject","inLanguage":"fr-FR","@id":"https:\/\/www.tourisme-valdemarne.com\/espace-pro\/actualites\/archives-des-actualites\/tous-o-berges-ami\/#primaryimage","url":"https:\/\/www.tourisme-valdemarne.com\/espace-pro\/wp-content\/uploads\/sites\/3\/2020\/12\/tob_bandeau-web.jpg","contentUrl":"https:\/\/www.tourisme-valdemarne.com\/espace-pro\/wp-content\/uploads\/sites\/3\/2020\/12\/tob_bandeau-web.jpg","width":1600,"height":900,"caption":"Tous o'berges"},{"@type":"BreadcrumbList","@id":"https:\/\/www.tourisme-valdemarne.com\/espace-pro\/actualites\/archives-des-actualites\/tous-o-berges-ami\/#breadcrumb","itemListElement":[{"@type":"ListItem","position":1,"name":"Accueil","item":"https:\/\/www.tourisme-valdemarne.com\/espace-pro\/"},{"@type":"ListItem","position":2,"name":"Actualit\u00e9s de l&rsquo;espace pro","item":"https:\/\/www.tourisme-valdemarne.com\/espace-pro\/actualites\/"},{"@type":"ListItem","position":3,"name":"Archives des actualit\u00e9s","item":"https:\/\/www.tourisme-valdemarne.com\/espace-pro\/actualites\/archives-des-actualites\/"},{"@type":"ListItem","position":4,"name":"Tous O Berges \u2013 AMI"}]},{"@type":"WebSite","@id":"https:\/\/www.tourisme-valdemarne.com\/espace-pro\/#website","url":"https:\/\/www.tourisme-valdemarne.com\/espace-pro\/","name":"Espace Pro","description":"Informations et outils pour les professionnels et la Presse","potentialAction":[{"@type":"SearchAction","target":{"@type":"EntryPoint","urlTemplate":"https:\/\/www.tourisme-valdemarne.com\/espace-pro\/?s={search_term_string}"},"query-input":{"@type":"PropertyValueSpecification","valueRequired":true,"valueName":"search_term_string"}}],"inLanguage":"fr-FR"}]}},"_links":{"self":[{"href":"https:\/\/www.tourisme-valdemarne.com\/espace-pro\/wp-json\/wp\/v2\/pages\/8112","targetHints":{"allow":["GET"]}}],"collection":[{"href":"https:\/\/www.tourisme-valdemarne.com\/espace-pro\/wp-json\/wp\/v2\/pages"}],"about":[{"href":"https:\/\/www.tourisme-valdemarne.com\/espace-pro\/wp-json\/wp\/v2\/types\/page"}],"author":[{"embeddable":true,"href":"https:\/\/www.tourisme-valdemarne.com\/espace-pro\/wp-json\/wp\/v2\/users\/1"}],"replies":[{"embeddable":true,"href":"https:\/\/www.tourisme-valdemarne.com\/espace-pro\/wp-json\/wp\/v2\/comments?post=8112"}],"version-history":[{"count":5,"href":"https:\/\/www.tourisme-valdemarne.com\/espace-pro\/wp-json\/wp\/v2\/pages\/8112\/revisions"}],"predecessor-version":[{"id":26343,"href":"https:\/\/www.tourisme-valdemarne.com\/espace-pro\/wp-json\/wp\/v2\/pages\/8112\/revisions\/26343"}],"up":[{"embeddable":true,"href":"https:\/\/www.tourisme-valdemarne.com\/espace-pro\/wp-json\/wp\/v2\/pages\/9250"}],"wp:featuredmedia":[{"embeddable":true,"href":"https:\/\/www.tourisme-valdemarne.com\/espace-pro\/wp-json\/wp\/v2\/media\/8116"}],"wp:attachment":[{"href":"https:\/\/www.tourisme-valdemarne.com\/espace-pro\/wp-json\/wp\/v2\/media?parent=8112"}],"wp:term":[{"taxonomy":"vdmTagMarketing","embeddable":true,"href":"https:\/\/www.tourisme-valdemarne.com\/espace-pro\/wp-json\/wp\/v2\/vdmTagMarketing?post=8112"}],"curies":[{"name":"wp","href":"https:\/\/api.w.org\/{rel}","templated":true}]}}