{"id":8089,"date":"2020-12-10T21:58:38","date_gmt":"2020-12-10T20:58:38","guid":{"rendered":"https:\/\/www.tourisme-valdemarne.com\/espace-pro\/seminaire-star-cities-a-kaunas"},"modified":"2023-06-05T11:12:20","modified_gmt":"2023-06-05T09:12:20","slug":"seminaire-star-cities-kaunas","status":"publish","type":"page","link":"https:\/\/www.tourisme-valdemarne.com\/espace-pro\/expertises-et-projets\/riverside-cities\/star-cities\/seminaire-star-cities-kaunas\/","title":{"rendered":"S\u00e9minaire STAR Cities \u00e0 Kaunas"},"content":{"rendered":"\n<p class=\"is-style-excerpt\">En septembre 2019, l\u2019ensemble des acteurs du projet europ\u00e9en STAR Cities se sont r\u00e9unis \u00e0 Kaunas pour un premier s\u00e9minaire th\u00e9matique.<\/p>\n\n\n\n<h2 class=\"wp-block-heading\">LE PREMIER S\u00c9MINAIRE TH\u00c9MATIQUE STAR CITIES<\/h2>\n\n\n\n<p>Cet \u00e9v\u00e9nement de trois jours faisait suite au pr\u00e9c\u00e9dent s\u00e9minaire qui a eu lieu&nbsp;<a rel=\"noreferrer noopener\" href=\"https:\/\/www.tourisme-valdemarne.com\/espace-pro\/expertises-et-projets\/riverside-cities\/star-cities\/seminaire-star-cities-rome\/\" target=\"_blank\">en juillet 2019 \u00e0 Rome<\/a>&nbsp;et durant lequel avait \u00e9t\u00e9 vot\u00e9 un programme th\u00e9matique pour les prochains rendez-vous europ\u00e9ens STAR Cities. \u00c0 l\u2019invitation du partenaire&nbsp;<strong>Kaunas 2022, Capitale europ\u00e9enne de la culture<\/strong>, les acteurs du projet ont pris part \u00e0 ce tout premier s\u00e9minaire sur la th\u00e9matique de l\u2019<strong>engagement des habitants<\/strong>.<\/p>\n\n\n\n<figure class=\"wp-block-image\"><a href=\"https:\/\/www.tourisme-valdemarne.com\/espace-pro\/wp-content\/uploads\/sites\/3\/2019\/11\/star-cities-seminaire-kaunas.jpg\"><img data-src=\"https:\/\/www.tourisme-valdemarne.com\/espace-pro\/wp-content\/uploads\/sites\/3\/2019\/11\/star-cities-seminaire-kaunas-1200x900.jpg\" alt=\"S\u00e9minaire europ\u00e9en STAR Cities Rome\" class=\"wp-image-7298\"\/><\/a><figcaption>Les partenaires STAR Cities \u00e0 Kaunas \u00a9CDT94 A. Bertrand<\/figcaption><\/figure>\n\n\n\n<h3 class=\"wp-block-heading\">Programme du s\u00e9minaire<\/h3>\n\n\n\n<p>Plusieurs&nbsp;<strong>visites de terrains<\/strong>&nbsp;\u00e9taient programm\u00e9es \u00e0&nbsp;<strong>Kaunas<\/strong>&nbsp;et dans les environs, \u00e0 la d\u00e9couverte de&nbsp;<strong>bonnes pratiques touristiques<\/strong>&nbsp;dans le respect de la th\u00e9matique du s\u00e9minaire, et de rencontrer des acteurs locaux.<\/p>\n\n\n\n<p>Les partenaires ont \u00e9galement pu \u00e9changer leurs id\u00e9es lors d\u2019ateliers de travail d\u00e9di\u00e9s. Ils ont \u00e9t\u00e9 amen\u00e9s \u00e0 r\u00e9agir \u00e0 propos des visites de terrain. Le s\u00e9minaire s\u2019est achev\u00e9 par la tenue du comit\u00e9 de pilotage, le dernier jour.<\/p>\n\n\n\n<div class=\"wp-block-button aligncenter\"><a class=\"wp-block-button__link\" href=\"https:\/\/www.interregeurope.eu\/starcities\/news\/news-article\/6601\/2nd-interregional-learning-session-in-kaunas\/\">r\u00e9sum\u00e9 du s\u00e9minaire (en anglais)<\/a><\/div>\n\n\n\n<p>Revivez en images les&nbsp;<strong>visites de terrain<\/strong>&nbsp;d\u00e9couvertes lors du s\u00e9minaire \u00e0 Kaunas :<\/p>\n\n\n\n<figure class=\"wp-block-embed is-type-rich is-provider-prise-en-charge-des-contenus-embarques wp-block-embed-prise-en-charge-des-contenus-embarques\"><div class=\"wp-block-embed__wrapper\">\n<iframe loading=\"lazy\" title=\"STAR Cities study visits in Kaunas\" width=\"500\" height=\"281\" src=\"https:\/\/www.youtube.com\/embed\/T7Fe-tJWOXI?feature=oembed\" frameborder=\"0\" allow=\"accelerometer; autoplay; clipboard-write; encrypted-media; gyroscope; picture-in-picture; web-share\" referrerpolicy=\"strict-origin-when-cross-origin\" allowfullscreen><\/iframe>\n<\/div><\/figure>\n\n\n\n<p>Un webinaire (en anglais) pr\u00e9sentant les bonnes pratiques d\u00e9couvertes durant les s\u00e9minaires europ\u00e9ens sur le th\u00e8me de l\u2019engagement des populations locales est \u00e9galement disponible :<\/p>\n\n\n\n<figure class=\"wp-block-embed is-type-rich is-provider-prise-en-charge-des-contenus-embarques wp-block-embed-prise-en-charge-des-contenus-embarques\"><div class=\"wp-block-embed__wrapper\">\n<iframe loading=\"lazy\" title=\"STAR Cities Good Practices Webinar &quot;Locals and communities engagement&quot;\" width=\"500\" height=\"281\" src=\"https:\/\/www.youtube.com\/embed\/0ulrD8PS8dE?feature=oembed\" frameborder=\"0\" allow=\"accelerometer; autoplay; clipboard-write; encrypted-media; gyroscope; picture-in-picture; web-share\" referrerpolicy=\"strict-origin-when-cross-origin\" allowfullscreen><\/iframe>\n<\/div><\/figure>\n\n\n\n<div class=\"wp-block-media-text is-stacked-on-mobile\" style=\"grid-template-columns:22% auto\"><figure class=\"wp-block-media-text__media\"><a href=\"https:\/\/www.tourisme-valdemarne.com\/espace-pro\/expertises-et-projets\/riverside-cities\/inscription-a-la-newsletter-riverside\/\" target=\"_blank\" rel=\"noopener noreferrer\"><img width=\"512\" height=\"512\" data-src=\"https:\/\/www.tourisme-valdemarne.com\/espace-pro\/wp-content\/uploads\/sites\/3\/2021\/04\/mail.png\" alt=\"icon newsletter\" class=\"wp-image-9138 size-full\" srcset=\"https:\/\/www.tourisme-valdemarne.com\/espace-pro\/wp-content\/uploads\/sites\/3\/2021\/04\/mail.png 512w, https:\/\/www.tourisme-valdemarne.com\/espace-pro\/wp-content\/uploads\/sites\/3\/2021\/04\/mail-380x380.png 380w, https:\/\/www.tourisme-valdemarne.com\/espace-pro\/wp-content\/uploads\/sites\/3\/2021\/04\/mail-150x150.png 150w, https:\/\/www.tourisme-valdemarne.com\/espace-pro\/wp-content\/uploads\/sites\/3\/2021\/04\/mail-200x200.png 200w, https:\/\/www.tourisme-valdemarne.com\/espace-pro\/wp-content\/uploads\/sites\/3\/2021\/04\/mail-24x24.png 24w, https:\/\/www.tourisme-valdemarne.com\/espace-pro\/wp-content\/uploads\/sites\/3\/2021\/04\/mail-48x48.png 48w, https:\/\/www.tourisme-valdemarne.com\/espace-pro\/wp-content\/uploads\/sites\/3\/2021\/04\/mail-96x96.png 96w, https:\/\/www.tourisme-valdemarne.com\/espace-pro\/wp-content\/uploads\/sites\/3\/2021\/04\/mail-300x300.png 300w\" sizes=\"(max-width: 512px) 100vw, 512px\" \/><\/a><\/figure><div class=\"wp-block-media-text__content\">\n<p class=\"has-text-align-center is-style-default has-large-font-size\"><strong>Abonnez-vous \u00e0 la newsletter pour recevoir les actualit\u00e9s du projet Riverside Cities sur le territoire des bords de Marne comme au niveau europ\u00e9en<\/strong><\/p>\n\n\n\n<div class=\"wp-block-buttons is-content-justification-center is-layout-flex wp-container-core-buttons-is-layout-1 wp-block-buttons-is-layout-flex\">\n<div class=\"wp-block-button\"><a class=\"wp-block-button__link\" href=\"https:\/\/www.tourisme-valdemarne.com\/espace-pro\/expertises-et-projets\/riverside-cities\/inscription-a-la-newsletter-riverside\/\" target=\"_blank\" rel=\"noreferrer noopener\">M&rsquo;inscrire \u00e0 la newsletter du projet<\/a><\/div>\n<\/div>\n<\/div><\/div>\n\n\n\n<div class=\"wp-block-image\"><figure class=\"aligncenter size-large\"><a href=\"https:\/\/www.siaap.fr\/\" target=\"_blank\" rel=\"noopener noreferrer\"><img width=\"1000\" height=\"250\" data-src=\"https:\/\/www.tourisme-valdemarne.com\/espace-pro\/wp-content\/uploads\/sites\/3\/2021\/04\/le-projet-riverside-cities-est-soutenu-par-le-siaap.png\" alt=\"logo soutien siaap\" class=\"wp-image-9144\" srcset=\"https:\/\/www.tourisme-valdemarne.com\/espace-pro\/wp-content\/uploads\/sites\/3\/2021\/04\/le-projet-riverside-cities-est-soutenu-par-le-siaap.png 1000w, https:\/\/www.tourisme-valdemarne.com\/espace-pro\/wp-content\/uploads\/sites\/3\/2021\/04\/le-projet-riverside-cities-est-soutenu-par-le-siaap-600x150.png 600w, https:\/\/www.tourisme-valdemarne.com\/espace-pro\/wp-content\/uploads\/sites\/3\/2021\/04\/le-projet-riverside-cities-est-soutenu-par-le-siaap-900x225.png 900w, https:\/\/www.tourisme-valdemarne.com\/espace-pro\/wp-content\/uploads\/sites\/3\/2021\/04\/le-projet-riverside-cities-est-soutenu-par-le-siaap-380x95.png 380w, https:\/\/www.tourisme-valdemarne.com\/espace-pro\/wp-content\/uploads\/sites\/3\/2021\/04\/le-projet-riverside-cities-est-soutenu-par-le-siaap-200x50.png 200w\" sizes=\"(max-width: 1000px) 100vw, 1000px\" \/><\/a><\/figure><\/div>\n","protected":false},"excerpt":{"rendered":"<p>En septembre 2019, l\u2019ensemble des acteurs du projet europ\u00e9en STAR Cities se sont r\u00e9unis \u00e0 Kaunas pour un premier s\u00e9minaire th\u00e9matique. LE PREMIER S\u00c9MINAIRE TH\u00c9MATIQUE STAR CITIES Cet \u00e9v\u00e9nement de trois jours faisait suite au pr\u00e9c\u00e9dent s\u00e9minaire qui a eu lieu&nbsp;en juillet 2019 \u00e0 Rome&nbsp;et durant lequel avait \u00e9t\u00e9 vot\u00e9 un programme th\u00e9matique pour les [&hellip;]<\/p>\n","protected":false},"author":1,"featured_media":0,"parent":920,"menu_order":10,"comment_status":"closed","ping_status":"closed","template":"","meta":{"_relevanssi_hide_post":"","_relevanssi_hide_content":"","_relevanssi_pin_for_all":"","_relevanssi_pin_keywords":"","_relevanssi_unpin_keywords":"","_relevanssi_related_keywords":"","_relevanssi_related_include_ids":"","_relevanssi_related_exclude_ids":"","_relevanssi_related_no_append":"","_relevanssi_related_not_related":"","_relevanssi_related_posts":"2749,2741,8104,2749,444,8095","_relevanssi_noindex_reason":"","footnotes":""},"vdmTagMarketing":[],"class_list":["post-8089","page","type-page","status-publish","hentry"],"acf":[],"yoast_head":"<!-- This site is optimized with the Yoast SEO plugin v23.9 - https:\/\/yoast.com\/wordpress\/plugins\/seo\/ -->\n<title>S\u00e9minaire STAR Cities \u00e0 Kaunas - Espace Pro<\/title>\n<meta name=\"description\" content=\"Retour sur le premier s\u00e9minaire th\u00e9matique du projet STAR Cities sur le th\u00e8me de l&#039;engagement des habitants. Il s&#039;est d\u00e9roul\u00e9 \u00e0 Kaunas en Lituanie en septembre 2019.\" \/>\n<meta name=\"robots\" content=\"index, follow, max-snippet:-1, max-image-preview:large, max-video-preview:-1\" \/>\n<link rel=\"canonical\" href=\"https:\/\/www.tourisme-valdemarne.com\/espace-pro\/expertises-et-projets\/riverside-cities\/star-cities\/seminaire-star-cities-kaunas\/\" \/>\n<meta property=\"og:locale\" content=\"fr_FR\" \/>\n<meta property=\"og:type\" content=\"article\" \/>\n<meta property=\"og:title\" content=\"S\u00e9minaire STAR Cities \u00e0 Kaunas - Espace Pro\" \/>\n<meta property=\"og:description\" content=\"Retour sur le premier s\u00e9minaire th\u00e9matique du projet STAR Cities sur le th\u00e8me de l&#039;engagement des habitants. Il s&#039;est d\u00e9roul\u00e9 \u00e0 Kaunas en Lituanie en septembre 2019.\" \/>\n<meta property=\"og:url\" content=\"https:\/\/www.tourisme-valdemarne.com\/espace-pro\/expertises-et-projets\/riverside-cities\/star-cities\/seminaire-star-cities-kaunas\/\" \/>\n<meta property=\"og:site_name\" content=\"Espace Pro\" \/>\n<meta property=\"article:modified_time\" content=\"2023-06-05T09:12:20+00:00\" \/>\n<meta property=\"og:image\" content=\"https:\/\/www.tourisme-valdemarne.com\/espace-pro\/wp-content\/uploads\/sites\/3\/2019\/11\/star-cities-seminaire-kaunas-1200x900.jpg\" \/>\n<meta name=\"twitter:card\" content=\"summary_large_image\" \/>\n<meta name=\"twitter:label1\" content=\"Dur\u00e9e de lecture estim\u00e9e\" \/>\n\t<meta name=\"twitter:data1\" content=\"2 minutes\" \/>\n<script type=\"application\/ld+json\" class=\"yoast-schema-graph\">{\"@context\":\"https:\/\/schema.org\",\"@graph\":[{\"@type\":\"WebPage\",\"@id\":\"https:\/\/www.tourisme-valdemarne.com\/espace-pro\/expertises-et-projets\/riverside-cities\/star-cities\/seminaire-star-cities-kaunas\/\",\"url\":\"https:\/\/www.tourisme-valdemarne.com\/espace-pro\/expertises-et-projets\/riverside-cities\/star-cities\/seminaire-star-cities-kaunas\/\",\"name\":\"S\u00e9minaire STAR Cities \u00e0 Kaunas - Espace Pro\",\"isPartOf\":{\"@id\":\"https:\/\/www.tourisme-valdemarne.com\/espace-pro\/#website\"},\"primaryImageOfPage\":{\"@id\":\"https:\/\/www.tourisme-valdemarne.com\/espace-pro\/expertises-et-projets\/riverside-cities\/star-cities\/seminaire-star-cities-kaunas\/#primaryimage\"},\"image\":{\"@id\":\"https:\/\/www.tourisme-valdemarne.com\/espace-pro\/expertises-et-projets\/riverside-cities\/star-cities\/seminaire-star-cities-kaunas\/#primaryimage\"},\"thumbnailUrl\":\"https:\/\/www.tourisme-valdemarne.com\/espace-pro\/wp-content\/uploads\/sites\/3\/2019\/11\/star-cities-seminaire-kaunas-1200x900.jpg\",\"datePublished\":\"2020-12-10T20:58:38+00:00\",\"dateModified\":\"2023-06-05T09:12:20+00:00\",\"description\":\"Retour sur le premier s\u00e9minaire th\u00e9matique du projet STAR Cities sur le th\u00e8me de l'engagement des habitants. Il s'est d\u00e9roul\u00e9 \u00e0 Kaunas en Lituanie en septembre 2019.\",\"breadcrumb\":{\"@id\":\"https:\/\/www.tourisme-valdemarne.com\/espace-pro\/expertises-et-projets\/riverside-cities\/star-cities\/seminaire-star-cities-kaunas\/#breadcrumb\"},\"inLanguage\":\"fr-FR\",\"potentialAction\":[{\"@type\":\"ReadAction\",\"target\":[\"https:\/\/www.tourisme-valdemarne.com\/espace-pro\/expertises-et-projets\/riverside-cities\/star-cities\/seminaire-star-cities-kaunas\/\"]}]},{\"@type\":\"ImageObject\",\"inLanguage\":\"fr-FR\",\"@id\":\"https:\/\/www.tourisme-valdemarne.com\/espace-pro\/expertises-et-projets\/riverside-cities\/star-cities\/seminaire-star-cities-kaunas\/#primaryimage\",\"url\":\"https:\/\/www.tourisme-valdemarne.com\/espace-pro\/wp-content\/uploads\/sites\/3\/2019\/11\/star-cities-seminaire-kaunas-1200x900.jpg\",\"contentUrl\":\"https:\/\/www.tourisme-valdemarne.com\/espace-pro\/wp-content\/uploads\/sites\/3\/2019\/11\/star-cities-seminaire-kaunas-1200x900.jpg\"},{\"@type\":\"BreadcrumbList\",\"@id\":\"https:\/\/www.tourisme-valdemarne.com\/espace-pro\/expertises-et-projets\/riverside-cities\/star-cities\/seminaire-star-cities-kaunas\/#breadcrumb\",\"itemListElement\":[{\"@type\":\"ListItem\",\"position\":1,\"name\":\"Accueil\",\"item\":\"https:\/\/www.tourisme-valdemarne.com\/espace-pro\/\"},{\"@type\":\"ListItem\",\"position\":2,\"name\":\"Expertises et projets\",\"item\":\"https:\/\/www.tourisme-valdemarne.com\/espace-pro\/expertises-et-projets\/\"},{\"@type\":\"ListItem\",\"position\":3,\"name\":\"Riverside Cities\",\"item\":\"https:\/\/www.tourisme-valdemarne.com\/espace-pro\/expertises-et-projets\/riverside-cities\/\"},{\"@type\":\"ListItem\",\"position\":4,\"name\":\"Projet europ\u00e9en Star Cities\",\"item\":\"https:\/\/www.tourisme-valdemarne.com\/espace-pro\/expertises-et-projets\/riverside-cities\/star-cities\/\"},{\"@type\":\"ListItem\",\"position\":5,\"name\":\"S\u00e9minaire STAR Cities \u00e0 Kaunas\"}]},{\"@type\":\"WebSite\",\"@id\":\"https:\/\/www.tourisme-valdemarne.com\/espace-pro\/#website\",\"url\":\"https:\/\/www.tourisme-valdemarne.com\/espace-pro\/\",\"name\":\"Espace Pro\",\"description\":\"Informations et outils pour les professionnels et la Presse\",\"potentialAction\":[{\"@type\":\"SearchAction\",\"target\":{\"@type\":\"EntryPoint\",\"urlTemplate\":\"https:\/\/www.tourisme-valdemarne.com\/espace-pro\/?s={search_term_string}\"},\"query-input\":{\"@type\":\"PropertyValueSpecification\",\"valueRequired\":true,\"valueName\":\"search_term_string\"}}],\"inLanguage\":\"fr-FR\"}]}<\/script>\n<!-- \/ Yoast SEO plugin. -->","yoast_head_json":{"title":"S\u00e9minaire STAR Cities \u00e0 Kaunas - Espace Pro","description":"Retour sur le premier s\u00e9minaire th\u00e9matique du projet STAR Cities sur le th\u00e8me de l'engagement des habitants. Il s'est d\u00e9roul\u00e9 \u00e0 Kaunas en Lituanie en septembre 2019.","robots":{"index":"index","follow":"follow","max-snippet":"max-snippet:-1","max-image-preview":"max-image-preview:large","max-video-preview":"max-video-preview:-1"},"canonical":"https:\/\/www.tourisme-valdemarne.com\/espace-pro\/expertises-et-projets\/riverside-cities\/star-cities\/seminaire-star-cities-kaunas\/","og_locale":"fr_FR","og_type":"article","og_title":"S\u00e9minaire STAR Cities \u00e0 Kaunas - Espace Pro","og_description":"Retour sur le premier s\u00e9minaire th\u00e9matique du projet STAR Cities sur le th\u00e8me de l'engagement des habitants. Il s'est d\u00e9roul\u00e9 \u00e0 Kaunas en Lituanie en septembre 2019.","og_url":"https:\/\/www.tourisme-valdemarne.com\/espace-pro\/expertises-et-projets\/riverside-cities\/star-cities\/seminaire-star-cities-kaunas\/","og_site_name":"Espace Pro","article_modified_time":"2023-06-05T09:12:20+00:00","og_image":[{"url":"https:\/\/www.tourisme-valdemarne.com\/espace-pro\/wp-content\/uploads\/sites\/3\/2019\/11\/star-cities-seminaire-kaunas-1200x900.jpg"}],"twitter_card":"summary_large_image","twitter_misc":{"Dur\u00e9e de lecture estim\u00e9e":"2 minutes"},"schema":{"@context":"https:\/\/schema.org","@graph":[{"@type":"WebPage","@id":"https:\/\/www.tourisme-valdemarne.com\/espace-pro\/expertises-et-projets\/riverside-cities\/star-cities\/seminaire-star-cities-kaunas\/","url":"https:\/\/www.tourisme-valdemarne.com\/espace-pro\/expertises-et-projets\/riverside-cities\/star-cities\/seminaire-star-cities-kaunas\/","name":"S\u00e9minaire STAR Cities \u00e0 Kaunas - Espace Pro","isPartOf":{"@id":"https:\/\/www.tourisme-valdemarne.com\/espace-pro\/#website"},"primaryImageOfPage":{"@id":"https:\/\/www.tourisme-valdemarne.com\/espace-pro\/expertises-et-projets\/riverside-cities\/star-cities\/seminaire-star-cities-kaunas\/#primaryimage"},"image":{"@id":"https:\/\/www.tourisme-valdemarne.com\/espace-pro\/expertises-et-projets\/riverside-cities\/star-cities\/seminaire-star-cities-kaunas\/#primaryimage"},"thumbnailUrl":"https:\/\/www.tourisme-valdemarne.com\/espace-pro\/wp-content\/uploads\/sites\/3\/2019\/11\/star-cities-seminaire-kaunas-1200x900.jpg","datePublished":"2020-12-10T20:58:38+00:00","dateModified":"2023-06-05T09:12:20+00:00","description":"Retour sur le premier s\u00e9minaire th\u00e9matique du projet STAR Cities sur le th\u00e8me de l'engagement des habitants. Il s'est d\u00e9roul\u00e9 \u00e0 Kaunas en Lituanie en septembre 2019.","breadcrumb":{"@id":"https:\/\/www.tourisme-valdemarne.com\/espace-pro\/expertises-et-projets\/riverside-cities\/star-cities\/seminaire-star-cities-kaunas\/#breadcrumb"},"inLanguage":"fr-FR","potentialAction":[{"@type":"ReadAction","target":["https:\/\/www.tourisme-valdemarne.com\/espace-pro\/expertises-et-projets\/riverside-cities\/star-cities\/seminaire-star-cities-kaunas\/"]}]},{"@type":"ImageObject","inLanguage":"fr-FR","@id":"https:\/\/www.tourisme-valdemarne.com\/espace-pro\/expertises-et-projets\/riverside-cities\/star-cities\/seminaire-star-cities-kaunas\/#primaryimage","url":"https:\/\/www.tourisme-valdemarne.com\/espace-pro\/wp-content\/uploads\/sites\/3\/2019\/11\/star-cities-seminaire-kaunas-1200x900.jpg","contentUrl":"https:\/\/www.tourisme-valdemarne.com\/espace-pro\/wp-content\/uploads\/sites\/3\/2019\/11\/star-cities-seminaire-kaunas-1200x900.jpg"},{"@type":"BreadcrumbList","@id":"https:\/\/www.tourisme-valdemarne.com\/espace-pro\/expertises-et-projets\/riverside-cities\/star-cities\/seminaire-star-cities-kaunas\/#breadcrumb","itemListElement":[{"@type":"ListItem","position":1,"name":"Accueil","item":"https:\/\/www.tourisme-valdemarne.com\/espace-pro\/"},{"@type":"ListItem","position":2,"name":"Expertises et projets","item":"https:\/\/www.tourisme-valdemarne.com\/espace-pro\/expertises-et-projets\/"},{"@type":"ListItem","position":3,"name":"Riverside Cities","item":"https:\/\/www.tourisme-valdemarne.com\/espace-pro\/expertises-et-projets\/riverside-cities\/"},{"@type":"ListItem","position":4,"name":"Projet europ\u00e9en Star Cities","item":"https:\/\/www.tourisme-valdemarne.com\/espace-pro\/expertises-et-projets\/riverside-cities\/star-cities\/"},{"@type":"ListItem","position":5,"name":"S\u00e9minaire STAR Cities \u00e0 Kaunas"}]},{"@type":"WebSite","@id":"https:\/\/www.tourisme-valdemarne.com\/espace-pro\/#website","url":"https:\/\/www.tourisme-valdemarne.com\/espace-pro\/","name":"Espace Pro","description":"Informations et outils pour les professionnels et la Presse","potentialAction":[{"@type":"SearchAction","target":{"@type":"EntryPoint","urlTemplate":"https:\/\/www.tourisme-valdemarne.com\/espace-pro\/?s={search_term_string}"},"query-input":{"@type":"PropertyValueSpecification","valueRequired":true,"valueName":"search_term_string"}}],"inLanguage":"fr-FR"}]}},"_links":{"self":[{"href":"https:\/\/www.tourisme-valdemarne.com\/espace-pro\/wp-json\/wp\/v2\/pages\/8089","targetHints":{"allow":["GET"]}}],"collection":[{"href":"https:\/\/www.tourisme-valdemarne.com\/espace-pro\/wp-json\/wp\/v2\/pages"}],"about":[{"href":"https:\/\/www.tourisme-valdemarne.com\/espace-pro\/wp-json\/wp\/v2\/types\/page"}],"author":[{"embeddable":true,"href":"https:\/\/www.tourisme-valdemarne.com\/espace-pro\/wp-json\/wp\/v2\/users\/1"}],"replies":[{"embeddable":true,"href":"https:\/\/www.tourisme-valdemarne.com\/espace-pro\/wp-json\/wp\/v2\/comments?post=8089"}],"version-history":[{"count":6,"href":"https:\/\/www.tourisme-valdemarne.com\/espace-pro\/wp-json\/wp\/v2\/pages\/8089\/revisions"}],"predecessor-version":[{"id":15131,"href":"https:\/\/www.tourisme-valdemarne.com\/espace-pro\/wp-json\/wp\/v2\/pages\/8089\/revisions\/15131"}],"up":[{"embeddable":true,"href":"https:\/\/www.tourisme-valdemarne.com\/espace-pro\/wp-json\/wp\/v2\/pages\/920"}],"wp:attachment":[{"href":"https:\/\/www.tourisme-valdemarne.com\/espace-pro\/wp-json\/wp\/v2\/media?parent=8089"}],"wp:term":[{"taxonomy":"vdmTagMarketing","embeddable":true,"href":"https:\/\/www.tourisme-valdemarne.com\/espace-pro\/wp-json\/wp\/v2\/vdmTagMarketing?post=8089"}],"curies":[{"name":"wp","href":"https:\/\/api.w.org\/{rel}","templated":true}]}}