{"id":8035,"date":"2020-12-08T10:37:45","date_gmt":"2020-12-08T09:37:45","guid":{"rendered":"https:\/\/www.tourisme-valdemarne.com\/espace-pro\/enquete-et-webinaire-sur-l%e2%80%99impact-de-la-covid-19-sur-l%e2%80%99hebergement-touristique-en-val-de-marne"},"modified":"2020-12-14T18:08:24","modified_gmt":"2020-12-14T17:08:24","slug":"enquete-webinaire-impact-covid-19-hebergement-touristique","status":"publish","type":"page","link":"https:\/\/www.tourisme-valdemarne.com\/espace-pro\/observatoire-du-tourisme\/etudes-et-enquetes\/enquete-bilan-quel-impact-a-la-crise-sanitaire-sur-le-tourisme-val-de-marnais\/enquete-webinaire-impact-covid-19-hebergement-touristique\/","title":{"rendered":"Enqu\u00eate et webinaire sur l\u2019impact de la Covid-19 sur l\u2019h\u00e9bergement touristique en Val-de-Marne"},"content":{"rendered":"\n<p class=\"is-style-excerpt\">En cette p\u00e9riode si difficile pour le secteur du tourisme et des loisirs, Val-de-Marne Tourisme &amp; Loisirs souhaite \u00e9valuer l&rsquo;impact de la crise sanitaire actuelle sur l&rsquo;activit\u00e9 des h\u00e9bergements touristiques val-de-marnais pour en mesurer les cons\u00e9quences \u00e9conomiques et sociales.<\/p>\n\n\n\n<h2 class=\"wp-block-heading\">Une enqu\u00eate lanc\u00e9e aupr\u00e8s des \u00e9tablissements h\u00f4teliers<\/h2>\n\n\n\n<p>Afin de collecter des donn\u00e9es plus pr\u00e9cises \u00e0 l\u2019\u00e9chelle du Val-de-Marne, nous avons lanc\u00e9 une enqu\u00eate en ligne qui nous permettra de mieux cerner la situation, <strong>identifier les besoins des \u00e9tablissements h\u00f4teliers et ainsi leur proposer des solutions adapt\u00e9es<\/strong>.<\/p>\n\n\n\n<h2 class=\"wp-block-heading\">Un webinaire sur la conjoncture h\u00f4teli\u00e8re le 19 novembre<\/h2>\n\n\n\n<p>H\u00f4teliers et r\u00e9sidences de tourisme du d\u00e9partement ont \u00e9t\u00e9 invit\u00e9s \u00e0 participer au webinaire <strong>\u00ab Situation et tendances de l\u2019h\u00e9bergement touristique en Val-de-Marne \u00bb<\/strong> le jeudi 19 novembre 2020 sur Zoom.<\/p>\n\n\n\n<p>Ce webinaire, organis\u00e9 en collaboration avec le club h\u00f4telier du Val-de-Marne et le cabinet In Extenso TCH, pr\u00e9sentait un \u00e9tat des lieux et les tendances de l\u2019h\u00e9bergement touristique.<\/p>\n\n\n\n<p>Son programme \u00e9tait le suivant : <\/p>\n\n\n\n<ul class=\"wp-block-list\"><li>Situation de l&rsquo;h\u00f4tellerie \u00e0 l&rsquo;\u00e9chelle du Grand Paris et mise en perspective europ\u00e9enne et fran\u00e7aise<\/li><li>Focus sur la situation en Val-de-Marne <\/li><li>Tendances\/estimations de reprise<\/li><li>\u00c9changes<\/li><\/ul>\n\n\n\n<h3 class=\"wp-block-heading\">D\u00e9couvrir l&rsquo;int\u00e9gralit\u00e9 du webinaire en vid\u00e9o<\/h3>\n\n\n<p><iframe loading=\"lazy\" width=\"100%\" height=\"450\" src=\"https:\/\/www.youtube.com\/embed\/uYYk6kRmooE\" frameborder=\"0\" allow=\"accelerometer; autoplay; clipboard-write; encrypted-media; gyroscope; picture-in-picture\" allowfullscreen=\"\"><\/iframe><\/p>\n","protected":false},"excerpt":{"rendered":"<p>En cette p\u00e9riode si difficile pour le secteur du tourisme et des loisirs, Val-de-Marne Tourisme &amp; Loisirs souhaite \u00e9valuer l&rsquo;impact de la crise sanitaire actuelle sur l&rsquo;activit\u00e9 des h\u00e9bergements touristiques val-de-marnais pour en mesurer les cons\u00e9quences \u00e9conomiques et sociales. Une enqu\u00eate lanc\u00e9e aupr\u00e8s des \u00e9tablissements h\u00f4teliers Afin de collecter des donn\u00e9es plus pr\u00e9cises \u00e0 l\u2019\u00e9chelle [&hellip;]<\/p>\n","protected":false},"author":8,"featured_media":6805,"parent":8032,"menu_order":0,"comment_status":"closed","ping_status":"closed","template":"","meta":{"_relevanssi_hide_post":"","_relevanssi_hide_content":"","_relevanssi_pin_for_all":"","_relevanssi_pin_keywords":"","_relevanssi_unpin_keywords":"","_relevanssi_related_keywords":"","_relevanssi_related_include_ids":"","_relevanssi_related_exclude_ids":"","_relevanssi_related_no_append":"","_relevanssi_related_not_related":"","_relevanssi_related_posts":"2749,444,2751,442,8104,8084","_relevanssi_noindex_reason":"","footnotes":""},"vdmTagMarketing":[],"class_list":["post-8035","page","type-page","status-publish","has-post-thumbnail","hentry"],"acf":[],"yoast_head":"<!-- This site is optimized with the Yoast SEO plugin v23.9 - https:\/\/yoast.com\/wordpress\/plugins\/seo\/ -->\n<title>Enqu\u00eate et webinaire sur l\u2019impact de la Covid-19 sur l\u2019h\u00e9bergement touristique en Val-de-Marne - Espace Pro<\/title>\n<meta name=\"description\" content=\"Val-de-Marne Tourisme &amp; Loisirs souhaite \u00e9valuer l&#039;impact de la crise sanitaire actuelle sur l&#039;activit\u00e9 des h\u00e9bergements touristiques val-de-marnais.\" \/>\n<meta name=\"robots\" content=\"index, follow, max-snippet:-1, max-image-preview:large, max-video-preview:-1\" \/>\n<link rel=\"canonical\" href=\"https:\/\/www.tourisme-valdemarne.com\/espace-pro\/observatoire-du-tourisme\/etudes-et-enquetes\/enquete-bilan-quel-impact-a-la-crise-sanitaire-sur-le-tourisme-val-de-marnais\/enquete-webinaire-impact-covid-19-hebergement-touristique\/\" \/>\n<meta property=\"og:locale\" content=\"fr_FR\" \/>\n<meta property=\"og:type\" content=\"article\" \/>\n<meta property=\"og:title\" content=\"Enqu\u00eate et webinaire sur l\u2019impact de la Covid-19 sur l\u2019h\u00e9bergement touristique en Val-de-Marne - Espace Pro\" \/>\n<meta property=\"og:description\" content=\"Val-de-Marne Tourisme &amp; Loisirs souhaite \u00e9valuer l&#039;impact de la crise sanitaire actuelle sur l&#039;activit\u00e9 des h\u00e9bergements touristiques val-de-marnais.\" \/>\n<meta property=\"og:url\" content=\"https:\/\/www.tourisme-valdemarne.com\/espace-pro\/observatoire-du-tourisme\/etudes-et-enquetes\/enquete-bilan-quel-impact-a-la-crise-sanitaire-sur-le-tourisme-val-de-marnais\/enquete-webinaire-impact-covid-19-hebergement-touristique\/\" \/>\n<meta property=\"og:site_name\" content=\"Espace Pro\" \/>\n<meta property=\"article:modified_time\" content=\"2020-12-14T17:08:24+00:00\" \/>\n<meta property=\"og:image\" content=\"https:\/\/www.tourisme-valdemarne.com\/espace-pro\/wp-content\/uploads\/sites\/3\/wpetourisme\/Hotel-Daumesnil-Vincennes-7.jpg\" \/>\n\t<meta property=\"og:image:width\" content=\"1600\" \/>\n\t<meta property=\"og:image:height\" content=\"1067\" \/>\n\t<meta property=\"og:image:type\" content=\"image\/jpeg\" \/>\n<meta name=\"twitter:card\" content=\"summary_large_image\" \/>\n<meta name=\"twitter:label1\" content=\"Dur\u00e9e de lecture estim\u00e9e\" \/>\n\t<meta name=\"twitter:data1\" content=\"1 minute\" \/>\n<script type=\"application\/ld+json\" class=\"yoast-schema-graph\">{\"@context\":\"https:\/\/schema.org\",\"@graph\":[{\"@type\":\"WebPage\",\"@id\":\"https:\/\/www.tourisme-valdemarne.com\/espace-pro\/observatoire-du-tourisme\/etudes-et-enquetes\/enquete-bilan-quel-impact-a-la-crise-sanitaire-sur-le-tourisme-val-de-marnais\/enquete-webinaire-impact-covid-19-hebergement-touristique\/\",\"url\":\"https:\/\/www.tourisme-valdemarne.com\/espace-pro\/observatoire-du-tourisme\/etudes-et-enquetes\/enquete-bilan-quel-impact-a-la-crise-sanitaire-sur-le-tourisme-val-de-marnais\/enquete-webinaire-impact-covid-19-hebergement-touristique\/\",\"name\":\"Enqu\u00eate et webinaire sur l\u2019impact de la Covid-19 sur l\u2019h\u00e9bergement touristique en Val-de-Marne - Espace Pro\",\"isPartOf\":{\"@id\":\"https:\/\/www.tourisme-valdemarne.com\/espace-pro\/#website\"},\"primaryImageOfPage\":{\"@id\":\"https:\/\/www.tourisme-valdemarne.com\/espace-pro\/observatoire-du-tourisme\/etudes-et-enquetes\/enquete-bilan-quel-impact-a-la-crise-sanitaire-sur-le-tourisme-val-de-marnais\/enquete-webinaire-impact-covid-19-hebergement-touristique\/#primaryimage\"},\"image\":{\"@id\":\"https:\/\/www.tourisme-valdemarne.com\/espace-pro\/observatoire-du-tourisme\/etudes-et-enquetes\/enquete-bilan-quel-impact-a-la-crise-sanitaire-sur-le-tourisme-val-de-marnais\/enquete-webinaire-impact-covid-19-hebergement-touristique\/#primaryimage\"},\"thumbnailUrl\":\"https:\/\/www.tourisme-valdemarne.com\/espace-pro\/wp-content\/uploads\/sites\/3\/wpetourisme\/Hotel-Daumesnil-Vincennes-7.jpg\",\"datePublished\":\"2020-12-08T09:37:45+00:00\",\"dateModified\":\"2020-12-14T17:08:24+00:00\",\"description\":\"Val-de-Marne Tourisme & Loisirs souhaite \u00e9valuer l'impact de la crise sanitaire actuelle sur l'activit\u00e9 des h\u00e9bergements touristiques val-de-marnais.\",\"breadcrumb\":{\"@id\":\"https:\/\/www.tourisme-valdemarne.com\/espace-pro\/observatoire-du-tourisme\/etudes-et-enquetes\/enquete-bilan-quel-impact-a-la-crise-sanitaire-sur-le-tourisme-val-de-marnais\/enquete-webinaire-impact-covid-19-hebergement-touristique\/#breadcrumb\"},\"inLanguage\":\"fr-FR\",\"potentialAction\":[{\"@type\":\"ReadAction\",\"target\":[\"https:\/\/www.tourisme-valdemarne.com\/espace-pro\/observatoire-du-tourisme\/etudes-et-enquetes\/enquete-bilan-quel-impact-a-la-crise-sanitaire-sur-le-tourisme-val-de-marnais\/enquete-webinaire-impact-covid-19-hebergement-touristique\/\"]}]},{\"@type\":\"ImageObject\",\"inLanguage\":\"fr-FR\",\"@id\":\"https:\/\/www.tourisme-valdemarne.com\/espace-pro\/observatoire-du-tourisme\/etudes-et-enquetes\/enquete-bilan-quel-impact-a-la-crise-sanitaire-sur-le-tourisme-val-de-marnais\/enquete-webinaire-impact-covid-19-hebergement-touristique\/#primaryimage\",\"url\":\"https:\/\/www.tourisme-valdemarne.com\/espace-pro\/wp-content\/uploads\/sites\/3\/wpetourisme\/Hotel-Daumesnil-Vincennes-7.jpg\",\"contentUrl\":\"https:\/\/www.tourisme-valdemarne.com\/espace-pro\/wp-content\/uploads\/sites\/3\/wpetourisme\/Hotel-Daumesnil-Vincennes-7.jpg\",\"width\":1600,\"height\":1067,\"caption\":\"chambre hotel daumesnil vincennes\"},{\"@type\":\"BreadcrumbList\",\"@id\":\"https:\/\/www.tourisme-valdemarne.com\/espace-pro\/observatoire-du-tourisme\/etudes-et-enquetes\/enquete-bilan-quel-impact-a-la-crise-sanitaire-sur-le-tourisme-val-de-marnais\/enquete-webinaire-impact-covid-19-hebergement-touristique\/#breadcrumb\",\"itemListElement\":[{\"@type\":\"ListItem\",\"position\":1,\"name\":\"Accueil\",\"item\":\"https:\/\/www.tourisme-valdemarne.com\/espace-pro\/\"},{\"@type\":\"ListItem\",\"position\":2,\"name\":\"Observatoire du tourisme\",\"item\":\"https:\/\/www.tourisme-valdemarne.com\/espace-pro\/observatoire-du-tourisme\/\"},{\"@type\":\"ListItem\",\"position\":3,\"name\":\"Etudes et enqu\u00eates\",\"item\":\"https:\/\/www.tourisme-valdemarne.com\/espace-pro\/observatoire-du-tourisme\/etudes-et-enquetes\/\"},{\"@type\":\"ListItem\",\"position\":4,\"name\":\"Enqu\u00eate-bilan : quel impact a la crise sanitaire sur le tourisme val-de-marnais ?\",\"item\":\"https:\/\/www.tourisme-valdemarne.com\/espace-pro\/observatoire-du-tourisme\/etudes-et-enquetes\/enquete-bilan-quel-impact-a-la-crise-sanitaire-sur-le-tourisme-val-de-marnais\/\"},{\"@type\":\"ListItem\",\"position\":5,\"name\":\"Enqu\u00eate et webinaire sur l\u2019impact de la Covid-19 sur l\u2019h\u00e9bergement touristique en Val-de-Marne\"}]},{\"@type\":\"WebSite\",\"@id\":\"https:\/\/www.tourisme-valdemarne.com\/espace-pro\/#website\",\"url\":\"https:\/\/www.tourisme-valdemarne.com\/espace-pro\/\",\"name\":\"Espace Pro\",\"description\":\"Informations et outils pour les professionnels et la Presse\",\"potentialAction\":[{\"@type\":\"SearchAction\",\"target\":{\"@type\":\"EntryPoint\",\"urlTemplate\":\"https:\/\/www.tourisme-valdemarne.com\/espace-pro\/?s={search_term_string}\"},\"query-input\":{\"@type\":\"PropertyValueSpecification\",\"valueRequired\":true,\"valueName\":\"search_term_string\"}}],\"inLanguage\":\"fr-FR\"}]}<\/script>\n<!-- \/ Yoast SEO plugin. -->","yoast_head_json":{"title":"Enqu\u00eate et webinaire sur l\u2019impact de la Covid-19 sur l\u2019h\u00e9bergement touristique en Val-de-Marne - Espace Pro","description":"Val-de-Marne Tourisme & Loisirs souhaite \u00e9valuer l'impact de la crise sanitaire actuelle sur l'activit\u00e9 des h\u00e9bergements touristiques val-de-marnais.","robots":{"index":"index","follow":"follow","max-snippet":"max-snippet:-1","max-image-preview":"max-image-preview:large","max-video-preview":"max-video-preview:-1"},"canonical":"https:\/\/www.tourisme-valdemarne.com\/espace-pro\/observatoire-du-tourisme\/etudes-et-enquetes\/enquete-bilan-quel-impact-a-la-crise-sanitaire-sur-le-tourisme-val-de-marnais\/enquete-webinaire-impact-covid-19-hebergement-touristique\/","og_locale":"fr_FR","og_type":"article","og_title":"Enqu\u00eate et webinaire sur l\u2019impact de la Covid-19 sur l\u2019h\u00e9bergement touristique en Val-de-Marne - Espace Pro","og_description":"Val-de-Marne Tourisme & Loisirs souhaite \u00e9valuer l'impact de la crise sanitaire actuelle sur l'activit\u00e9 des h\u00e9bergements touristiques val-de-marnais.","og_url":"https:\/\/www.tourisme-valdemarne.com\/espace-pro\/observatoire-du-tourisme\/etudes-et-enquetes\/enquete-bilan-quel-impact-a-la-crise-sanitaire-sur-le-tourisme-val-de-marnais\/enquete-webinaire-impact-covid-19-hebergement-touristique\/","og_site_name":"Espace Pro","article_modified_time":"2020-12-14T17:08:24+00:00","og_image":[{"width":1600,"height":1067,"url":"https:\/\/www.tourisme-valdemarne.com\/espace-pro\/wp-content\/uploads\/sites\/3\/wpetourisme\/Hotel-Daumesnil-Vincennes-7.jpg","type":"image\/jpeg"}],"twitter_card":"summary_large_image","twitter_misc":{"Dur\u00e9e de lecture estim\u00e9e":"1 minute"},"schema":{"@context":"https:\/\/schema.org","@graph":[{"@type":"WebPage","@id":"https:\/\/www.tourisme-valdemarne.com\/espace-pro\/observatoire-du-tourisme\/etudes-et-enquetes\/enquete-bilan-quel-impact-a-la-crise-sanitaire-sur-le-tourisme-val-de-marnais\/enquete-webinaire-impact-covid-19-hebergement-touristique\/","url":"https:\/\/www.tourisme-valdemarne.com\/espace-pro\/observatoire-du-tourisme\/etudes-et-enquetes\/enquete-bilan-quel-impact-a-la-crise-sanitaire-sur-le-tourisme-val-de-marnais\/enquete-webinaire-impact-covid-19-hebergement-touristique\/","name":"Enqu\u00eate et webinaire sur l\u2019impact de la Covid-19 sur l\u2019h\u00e9bergement touristique en Val-de-Marne - Espace Pro","isPartOf":{"@id":"https:\/\/www.tourisme-valdemarne.com\/espace-pro\/#website"},"primaryImageOfPage":{"@id":"https:\/\/www.tourisme-valdemarne.com\/espace-pro\/observatoire-du-tourisme\/etudes-et-enquetes\/enquete-bilan-quel-impact-a-la-crise-sanitaire-sur-le-tourisme-val-de-marnais\/enquete-webinaire-impact-covid-19-hebergement-touristique\/#primaryimage"},"image":{"@id":"https:\/\/www.tourisme-valdemarne.com\/espace-pro\/observatoire-du-tourisme\/etudes-et-enquetes\/enquete-bilan-quel-impact-a-la-crise-sanitaire-sur-le-tourisme-val-de-marnais\/enquete-webinaire-impact-covid-19-hebergement-touristique\/#primaryimage"},"thumbnailUrl":"https:\/\/www.tourisme-valdemarne.com\/espace-pro\/wp-content\/uploads\/sites\/3\/wpetourisme\/Hotel-Daumesnil-Vincennes-7.jpg","datePublished":"2020-12-08T09:37:45+00:00","dateModified":"2020-12-14T17:08:24+00:00","description":"Val-de-Marne Tourisme & Loisirs souhaite \u00e9valuer l'impact de la crise sanitaire actuelle sur l'activit\u00e9 des h\u00e9bergements touristiques val-de-marnais.","breadcrumb":{"@id":"https:\/\/www.tourisme-valdemarne.com\/espace-pro\/observatoire-du-tourisme\/etudes-et-enquetes\/enquete-bilan-quel-impact-a-la-crise-sanitaire-sur-le-tourisme-val-de-marnais\/enquete-webinaire-impact-covid-19-hebergement-touristique\/#breadcrumb"},"inLanguage":"fr-FR","potentialAction":[{"@type":"ReadAction","target":["https:\/\/www.tourisme-valdemarne.com\/espace-pro\/observatoire-du-tourisme\/etudes-et-enquetes\/enquete-bilan-quel-impact-a-la-crise-sanitaire-sur-le-tourisme-val-de-marnais\/enquete-webinaire-impact-covid-19-hebergement-touristique\/"]}]},{"@type":"ImageObject","inLanguage":"fr-FR","@id":"https:\/\/www.tourisme-valdemarne.com\/espace-pro\/observatoire-du-tourisme\/etudes-et-enquetes\/enquete-bilan-quel-impact-a-la-crise-sanitaire-sur-le-tourisme-val-de-marnais\/enquete-webinaire-impact-covid-19-hebergement-touristique\/#primaryimage","url":"https:\/\/www.tourisme-valdemarne.com\/espace-pro\/wp-content\/uploads\/sites\/3\/wpetourisme\/Hotel-Daumesnil-Vincennes-7.jpg","contentUrl":"https:\/\/www.tourisme-valdemarne.com\/espace-pro\/wp-content\/uploads\/sites\/3\/wpetourisme\/Hotel-Daumesnil-Vincennes-7.jpg","width":1600,"height":1067,"caption":"chambre hotel daumesnil vincennes"},{"@type":"BreadcrumbList","@id":"https:\/\/www.tourisme-valdemarne.com\/espace-pro\/observatoire-du-tourisme\/etudes-et-enquetes\/enquete-bilan-quel-impact-a-la-crise-sanitaire-sur-le-tourisme-val-de-marnais\/enquete-webinaire-impact-covid-19-hebergement-touristique\/#breadcrumb","itemListElement":[{"@type":"ListItem","position":1,"name":"Accueil","item":"https:\/\/www.tourisme-valdemarne.com\/espace-pro\/"},{"@type":"ListItem","position":2,"name":"Observatoire du tourisme","item":"https:\/\/www.tourisme-valdemarne.com\/espace-pro\/observatoire-du-tourisme\/"},{"@type":"ListItem","position":3,"name":"Etudes et enqu\u00eates","item":"https:\/\/www.tourisme-valdemarne.com\/espace-pro\/observatoire-du-tourisme\/etudes-et-enquetes\/"},{"@type":"ListItem","position":4,"name":"Enqu\u00eate-bilan : quel impact a la crise sanitaire sur le tourisme val-de-marnais ?","item":"https:\/\/www.tourisme-valdemarne.com\/espace-pro\/observatoire-du-tourisme\/etudes-et-enquetes\/enquete-bilan-quel-impact-a-la-crise-sanitaire-sur-le-tourisme-val-de-marnais\/"},{"@type":"ListItem","position":5,"name":"Enqu\u00eate et webinaire sur l\u2019impact de la Covid-19 sur l\u2019h\u00e9bergement touristique en Val-de-Marne"}]},{"@type":"WebSite","@id":"https:\/\/www.tourisme-valdemarne.com\/espace-pro\/#website","url":"https:\/\/www.tourisme-valdemarne.com\/espace-pro\/","name":"Espace Pro","description":"Informations et outils pour les professionnels et la Presse","potentialAction":[{"@type":"SearchAction","target":{"@type":"EntryPoint","urlTemplate":"https:\/\/www.tourisme-valdemarne.com\/espace-pro\/?s={search_term_string}"},"query-input":{"@type":"PropertyValueSpecification","valueRequired":true,"valueName":"search_term_string"}}],"inLanguage":"fr-FR"}]}},"_links":{"self":[{"href":"https:\/\/www.tourisme-valdemarne.com\/espace-pro\/wp-json\/wp\/v2\/pages\/8035","targetHints":{"allow":["GET"]}}],"collection":[{"href":"https:\/\/www.tourisme-valdemarne.com\/espace-pro\/wp-json\/wp\/v2\/pages"}],"about":[{"href":"https:\/\/www.tourisme-valdemarne.com\/espace-pro\/wp-json\/wp\/v2\/types\/page"}],"author":[{"embeddable":true,"href":"https:\/\/www.tourisme-valdemarne.com\/espace-pro\/wp-json\/wp\/v2\/users\/8"}],"replies":[{"embeddable":true,"href":"https:\/\/www.tourisme-valdemarne.com\/espace-pro\/wp-json\/wp\/v2\/comments?post=8035"}],"version-history":[{"count":3,"href":"https:\/\/www.tourisme-valdemarne.com\/espace-pro\/wp-json\/wp\/v2\/pages\/8035\/revisions"}],"predecessor-version":[{"id":8391,"href":"https:\/\/www.tourisme-valdemarne.com\/espace-pro\/wp-json\/wp\/v2\/pages\/8035\/revisions\/8391"}],"up":[{"embeddable":true,"href":"https:\/\/www.tourisme-valdemarne.com\/espace-pro\/wp-json\/wp\/v2\/pages\/8032"}],"wp:featuredmedia":[{"embeddable":true,"href":"https:\/\/www.tourisme-valdemarne.com\/espace-pro\/wp-json\/wp\/v2\/media\/6805"}],"wp:attachment":[{"href":"https:\/\/www.tourisme-valdemarne.com\/espace-pro\/wp-json\/wp\/v2\/media?parent=8035"}],"wp:term":[{"taxonomy":"vdmTagMarketing","embeddable":true,"href":"https:\/\/www.tourisme-valdemarne.com\/espace-pro\/wp-json\/wp\/v2\/vdmTagMarketing?post=8035"}],"curies":[{"name":"wp","href":"https:\/\/api.w.org\/{rel}","templated":true}]}}