{"id":8032,"date":"2020-12-08T10:27:20","date_gmt":"2020-12-08T09:27:20","guid":{"rendered":"https:\/\/www.tourisme-valdemarne.com\/espace-pro\/enquete-bilan-quel-impact-a-la-crise-sanitaire-sur-le-tourisme-val-de-marnais"},"modified":"2024-02-13T10:33:22","modified_gmt":"2024-02-13T09:33:22","slug":"enquete-bilan-quel-impact-a-la-crise-sanitaire-sur-le-tourisme-val-de-marnais","status":"publish","type":"page","link":"https:\/\/www.tourisme-valdemarne.com\/espace-pro\/observatoire-du-tourisme\/etudes-et-enquetes\/enquete-bilan-quel-impact-a-la-crise-sanitaire-sur-le-tourisme-val-de-marnais\/","title":{"rendered":"Enqu\u00eate-bilan : quel impact a la crise sanitaire sur le tourisme val-de-marnais ?"},"content":{"rendered":"\n<p class=\"is-style-excerpt\">Les secteurs du tourisme, des loisirs et de la culture font partie des plus touch\u00e9s par la crise sanitaire que nous vivons depuis le mois de mars 2020. Alors que nous vivions un deuxi\u00e8me confinement et que les lieux d\u2019accueil du public ont \u00e0 nouveau ferm\u00e9 leurs portes, Val-de-Marne Tourisme &amp; Loisirs a lanc\u00e9 une grande vague d\u2019enqu\u00eates pour \u00e9valuer l\u2019impact de cette crise sur l\u2019activit\u00e9 en Val-de-Marne.<\/p>\n\n\n\n<p>Entre mi-novembre et mi-d\u00e9cembre, les professionnels du territoire ont \u00e9t\u00e9 interrog\u00e9s avec pour objectif :<\/p>\n\n\n\n<ul class=\"wp-block-list\"><li>De conna\u00eetre la fr\u00e9quentation et l\u2019activit\u00e9 r\u00e9alis\u00e9e en 2020<\/li><li>D\u2019estimer l\u2019impact de la crise sanitaire sur cette activit\u00e9 et d\u2019en mesurer les cons\u00e9quences \u00e9conomiques et sociales<\/li><li>D\u2019identifier les besoins et les attentes des professionnels afin d\u2019adapter les actions mises en \u0153uvre par le CDT<\/li><\/ul>\n\n\n\n<p>Plusieurs enqu\u00eates en ligne ont donc \u00e9t\u00e9 lanc\u00e9es aupr\u00e8s des professionnels du territoire : h\u00e9bergements touristiques, sites de visites et de loisirs, \u00e9v\u00e9nements, fili\u00e8re des \u00e9v\u00e9nements professionnels (tourisme d\u2019affaires). <\/p>\n\n\n\n<p class=\"is-style-highlight\">Les r\u00e9sultats recens\u00e9s font \u00e9tat d&rsquo;un secteur du tourisme gravement impact\u00e9 par la crise sanitaire de la Covid-19.<\/p>\n\n\n\n<p>Sur le <strong>plan mondial<\/strong> d&rsquo;abord, ce sont <strong>900 millions de touristes internationaux de moins<\/strong> dans le monde, soit -72% entre janvier et octobre 2020 <em>(source : Organisation mondiale du tourisme)<\/em>.<\/p>\n\n\n\n<p>En France, on a pu observer <strong>-41% de recettes touristiques sur l&rsquo;ann\u00e9e 2020<\/strong> (source : Atout France). La fr\u00e9quentation estivale en France a \u00e9galement \u00e9t\u00e9 mitig\u00e9e, avec -6% de touristes fran\u00e7ais et -67% d&rsquo;\u00e9trangers <em>(source : Insee, Enqu\u00eate sur la fr\u00e9quentation des h\u00e9bergements collectifs touristiques)<\/em>.<\/p>\n\n\n\n<p>Enfin, <strong>en Val-de-Marne<\/strong>, <strong>l&rsquo;a\u00e9roport de Paris-Orly a subi une fermeture int\u00e9grale in\u00e9dite<\/strong>, du 1er avril au 26 juin. Durant cette p\u00e9riode, l&rsquo;a\u00e9roport ferm\u00e9 a tout de m\u00eame assur\u00e9 180 vols d&rsquo;\u00e9vacuation sanitaire et vols de secours m\u00e9dical. <br>Au total en 2020, Orly a vu passer seulement 10,8 millions de passagers, soit <strong>-66,1% de fr\u00e9quentation<\/strong>. Les A\u00e9roports de Paris pr\u00e9voient un plan de d\u00e9parts de 1150 d\u00e9parts suite \u00e0 la crise.<\/p>\n\n\n\n<h2 class=\"wp-block-heading\">Enqu\u00eate aupr\u00e8s des h\u00f4tels et r\u00e9sidences de tourisme<\/h2>\n\n\n\n<p>L\u2019enqu\u00eate aupr\u00e8s des h\u00f4tels et r\u00e9sidences de tourisme val-de-marnais a \u00e9t\u00e9 lanc\u00e9e le 10 novembre. Les professionnels de ce secteur ont \u00e9galement \u00e9t\u00e9 invit\u00e9s \u00e0 un webinaire organis\u00e9 en collaboration avec le club h\u00f4telier du Val-de-Marne et le cabinet In Extenso TCH le jeudi 19 novembre 2020.<\/p>\n\n\n\n<div class=\"wp-block-button aligncenter\"><a class=\"wp-block-button__link\" href=\"https:\/\/www.tourisme-valdemarne.com\/espace-pro\/observatoire-du-tourisme\/etudes-et-enquetes\/enquete-bilan-quel-impact-a-la-crise-sanitaire-sur-le-tourisme-val-de-marnais\/enquete-webinaire-impact-covid-19-hebergement-touristique\/\">En savoir plus et voir l&rsquo;int\u00e9gralit\u00e9 du webinaire<\/a><\/div>\n\n\n\n<p>Aper\u00e7u des r\u00e9sultats en quelques chiffres :<\/p>\n\n\n\n<ul class=\"wp-block-list\"><li><strong>70% des \u00e9tablissements \u00e9taient ferm\u00e9s en avril<br><\/strong>R\u00e9ouverture progressive pendant l\u2019\u00e9t\u00e9, plus que 9% d\u2019h\u00f4tels ferm\u00e9s en ao\u00fbt.<br><em>(source : In Extenso TCH \u2013 Observatoire d\u00e9partemental du Val-de-Marne)<\/em><\/li><li><strong>34% de taux d\u2019occupation en 2020, soit -55%<br><\/strong>Les r\u00e9sidences h\u00f4teli\u00e8res et l\u2019h\u00f4tellerie super-\u00e9conomique r\u00e9sistent mieux.<br><em>(source : In Extenso TCH \u2013 Observatoire d\u00e9partemental du Val-de-Marne)<\/em><\/li><li><strong>-61% de chiffres d\u2019affaires par chambre (RevPAR en 2020)<br><\/strong>De meilleures performances que Paris et le reste de la petite couronne.<br><em>(source : In Extenso TCH \u2013 Observatoire d\u00e9partemental du Val-de-Marne)<\/em><\/li><\/ul>\n\n\n\n<h2 class=\"wp-block-heading\">Enqu\u00eate aupr\u00e8s des sites de visite et de loisirs<\/h2>\n\n\n\n<p>Une enqu\u00eate \u00e0 destination des monuments, mus\u00e9es, centres d\u2019art, mais aussi des sites de loisirs comme les parcs d\u2019activit\u00e9s, les golfs ou encore les bases nautiques, a \u00e9t\u00e9 lanc\u00e9e le 16 novembre 2020.<\/p>\n\n\n\n<p>Aper\u00e7u des r\u00e9sultats en quelques chiffres :<\/p>\n\n\n\n<ul class=\"wp-block-list\"><li><strong>-60% de fr\u00e9quentation en 2020 dans les sites de visite<br><\/strong>-40% au ch\u00e2teau de Vincennes, -64% au MAC\/VAL, -75% au Royal Kids de Bonneuil<br><em>(source : Enqu\u00eate men\u00e9e aupr\u00e8s des sites par Val-de-Marne Tourisme &amp; Loisirs)<\/em><\/li><li><strong>50% des sites de visite proposent des activit\u00e9s en distanciel<\/strong> (visites ou conf\u00e9rences virtuelles, etc.)<br><em>(source : Enqu\u00eate men\u00e9e aupr\u00e8s des sites par Val-de-Marne Tourisme &amp; Loisirs)<\/em><\/li><\/ul>\n\n\n\n<h2 class=\"wp-block-heading\">Enqu\u00eate aupr\u00e8s des \u00e9v\u00e9nements<\/h2>\n\n\n\n<p>L\u2019\u00e9v\u00e9nementiel est durement touch\u00e9 par la crise sanitaire en cours et de nombreux \u00e9v\u00e9nements culturels, sportifs ou de loisirs ont \u00e9t\u00e9 report\u00e9s ou annul\u00e9s cette ann\u00e9e. Les organisateurs des principaux \u00e9v\u00e9nements r\u00e9currents ont \u00e9t\u00e9 sollicit\u00e9s \u00e0 partir du 16 novembre afin d\u2019\u00e9tablir un premier bilan.<\/p>\n\n\n\n<p>Chiffres cl\u00e9s :<\/p>\n\n\n\n<ul class=\"wp-block-list\"><li><strong>60% des \u00e9v\u00e9nements val-de-marnais annul\u00e9s<\/strong><\/li><li><strong>-40% de fr\u00e9quentation pour les \u00e9v\u00e9nements maintenus<\/strong><\/li><\/ul>\n\n\n\n<p><em>(source : Enqu\u00eate men\u00e9e aupr\u00e8s des \u00e9v\u00e9nements par Val-de-Marne Tourisme &amp; Loisirs)<\/em><\/p>\n\n\n\n<h2 class=\"wp-block-heading\">Enqu\u00eate aupr\u00e8s des lieux accueillant les \u00e9v\u00e9nements professionnels<\/h2>\n\n\n\n<p>Principale client\u00e8le de nombreux h\u00f4tels et fonds de commerce des lieux de s\u00e9minaire et espaces professionnels, la client\u00e8le d\u2019affaires a quasiment disparu depuis le d\u00e9but de la crise sanitaire. Cette enqu\u00eate a permis de mesurer les cons\u00e9quences de la crise et de r\u00e9fl\u00e9chir aux perspectives du secteur.<\/p>\n\n\n\n<p>Aper\u00e7u des r\u00e9sultats en quelques chiffres :<\/p>\n\n\n\n<ul class=\"wp-block-list\"><li><strong>7,4 millions de visiteurs perdus \u00e0 Paris et en Ile de France<br><\/strong>Suite \u00e0 l\u2019annulation de 317 salons et 432 congr\u00e8s en 2020<br><em>(source : Estimation de l\u2019impact de la crise sanitaire r\u00e9alis\u00e9e fin novembre 2020 par la CCI Paris Ile-de-France)<\/em><\/li><li><strong>77% des \u00e9v\u00e9nements professionnels programm\u00e9s en Val-de-Marne ont \u00e9t\u00e9 annul\u00e9s ou report\u00e9s<br><\/strong><em>(source : Enqu\u00eate aupr\u00e8s des sites accueillant des \u00e9v\u00e9nements professionnels par Val-de-Marne Tourisme &amp; Loisirs)<\/em><\/li><li><strong>Plus de 75% de perte de chiffres d\u2019affaires<\/strong> (pour 60% des sites interrog\u00e9s)<br><em>(source : Enqu\u00eate aupr\u00e8s des sites accueillant des \u00e9v\u00e9nements professionnels par Val-de-Marne Tourisme &amp; Loisirs)<\/em><\/li><\/ul>\n","protected":false},"excerpt":{"rendered":"<p>Les secteurs du tourisme, des loisirs et de la culture font partie des plus touch\u00e9s par la crise sanitaire que nous vivons depuis le mois de mars 2020. Alors que nous vivions un deuxi\u00e8me confinement et que les lieux d\u2019accueil du public ont \u00e0 nouveau ferm\u00e9 leurs portes, Val-de-Marne Tourisme &amp; Loisirs a lanc\u00e9 une [&hellip;]<\/p>\n","protected":false},"author":8,"featured_media":2852,"parent":136,"menu_order":0,"comment_status":"closed","ping_status":"closed","template":"","meta":{"_relevanssi_hide_post":"","_relevanssi_hide_content":"","_relevanssi_pin_for_all":"","_relevanssi_pin_keywords":"","_relevanssi_unpin_keywords":"","_relevanssi_related_keywords":"","_relevanssi_related_include_ids":"","_relevanssi_related_exclude_ids":"","_relevanssi_related_no_append":"","_relevanssi_related_not_related":"","_relevanssi_related_posts":"2749,8104,2741,442,444,2751","_relevanssi_noindex_reason":"","footnotes":""},"vdmTagMarketing":[],"class_list":["post-8032","page","type-page","status-publish","has-post-thumbnail","hentry"],"acf":[],"yoast_head":"<!-- This site is optimized with the Yoast SEO plugin v23.9 - https:\/\/yoast.com\/wordpress\/plugins\/seo\/ -->\n<title>Enqu\u00eate-bilan : quel impact a la crise sanitaire sur le tourisme val-de-marnais ? - Espace Pro<\/title>\n<meta name=\"description\" content=\"Val-de-Marne Tourisme &amp; Loisirs lance une grande vague d\u2019enqu\u00eates pour \u00e9valuer l\u2019impact de la crise du Covid-19 sur l\u2019activit\u00e9 en Val-de-Marne (94).\" \/>\n<meta name=\"robots\" content=\"index, follow, max-snippet:-1, max-image-preview:large, max-video-preview:-1\" \/>\n<link rel=\"canonical\" href=\"https:\/\/www.tourisme-valdemarne.com\/espace-pro\/observatoire-du-tourisme\/etudes-et-enquetes\/enquete-bilan-quel-impact-a-la-crise-sanitaire-sur-le-tourisme-val-de-marnais\/\" \/>\n<meta property=\"og:locale\" content=\"fr_FR\" \/>\n<meta property=\"og:type\" content=\"article\" \/>\n<meta property=\"og:title\" content=\"Enqu\u00eate-bilan : quel impact a la crise sanitaire sur le tourisme val-de-marnais ? - Espace Pro\" \/>\n<meta property=\"og:description\" content=\"Val-de-Marne Tourisme &amp; Loisirs lance une grande vague d\u2019enqu\u00eates pour \u00e9valuer l\u2019impact de la crise du Covid-19 sur l\u2019activit\u00e9 en Val-de-Marne (94).\" \/>\n<meta property=\"og:url\" content=\"https:\/\/www.tourisme-valdemarne.com\/espace-pro\/observatoire-du-tourisme\/etudes-et-enquetes\/enquete-bilan-quel-impact-a-la-crise-sanitaire-sur-le-tourisme-val-de-marnais\/\" \/>\n<meta property=\"og:site_name\" content=\"Espace Pro\" \/>\n<meta property=\"article:modified_time\" content=\"2024-02-13T09:33:22+00:00\" \/>\n<meta property=\"og:image\" content=\"https:\/\/www.tourisme-valdemarne.com\/espace-pro\/wp-content\/uploads\/sites\/3\/2019\/05\/facade-chateau-grosbois-boissy-saint-leger-cp-cdt94-d-thierry.jpg\" \/>\n\t<meta property=\"og:image:width\" content=\"1600\" \/>\n\t<meta property=\"og:image:height\" content=\"1072\" \/>\n\t<meta property=\"og:image:type\" content=\"image\/jpeg\" \/>\n<meta name=\"twitter:card\" content=\"summary_large_image\" \/>\n<meta name=\"twitter:label1\" content=\"Dur\u00e9e de lecture estim\u00e9e\" \/>\n\t<meta name=\"twitter:data1\" content=\"5 minutes\" \/>\n<script type=\"application\/ld+json\" class=\"yoast-schema-graph\">{\"@context\":\"https:\/\/schema.org\",\"@graph\":[{\"@type\":\"WebPage\",\"@id\":\"https:\/\/www.tourisme-valdemarne.com\/espace-pro\/observatoire-du-tourisme\/etudes-et-enquetes\/enquete-bilan-quel-impact-a-la-crise-sanitaire-sur-le-tourisme-val-de-marnais\/\",\"url\":\"https:\/\/www.tourisme-valdemarne.com\/espace-pro\/observatoire-du-tourisme\/etudes-et-enquetes\/enquete-bilan-quel-impact-a-la-crise-sanitaire-sur-le-tourisme-val-de-marnais\/\",\"name\":\"Enqu\u00eate-bilan : quel impact a la crise sanitaire sur le tourisme val-de-marnais ? - Espace Pro\",\"isPartOf\":{\"@id\":\"https:\/\/www.tourisme-valdemarne.com\/espace-pro\/#website\"},\"primaryImageOfPage\":{\"@id\":\"https:\/\/www.tourisme-valdemarne.com\/espace-pro\/observatoire-du-tourisme\/etudes-et-enquetes\/enquete-bilan-quel-impact-a-la-crise-sanitaire-sur-le-tourisme-val-de-marnais\/#primaryimage\"},\"image\":{\"@id\":\"https:\/\/www.tourisme-valdemarne.com\/espace-pro\/observatoire-du-tourisme\/etudes-et-enquetes\/enquete-bilan-quel-impact-a-la-crise-sanitaire-sur-le-tourisme-val-de-marnais\/#primaryimage\"},\"thumbnailUrl\":\"https:\/\/www.tourisme-valdemarne.com\/espace-pro\/wp-content\/uploads\/sites\/3\/2019\/05\/facade-chateau-grosbois-boissy-saint-leger-cp-cdt94-d-thierry.jpg\",\"datePublished\":\"2020-12-08T09:27:20+00:00\",\"dateModified\":\"2024-02-13T09:33:22+00:00\",\"description\":\"Val-de-Marne Tourisme & Loisirs lance une grande vague d\u2019enqu\u00eates pour \u00e9valuer l\u2019impact de la crise du Covid-19 sur l\u2019activit\u00e9 en Val-de-Marne (94).\",\"breadcrumb\":{\"@id\":\"https:\/\/www.tourisme-valdemarne.com\/espace-pro\/observatoire-du-tourisme\/etudes-et-enquetes\/enquete-bilan-quel-impact-a-la-crise-sanitaire-sur-le-tourisme-val-de-marnais\/#breadcrumb\"},\"inLanguage\":\"fr-FR\",\"potentialAction\":[{\"@type\":\"ReadAction\",\"target\":[\"https:\/\/www.tourisme-valdemarne.com\/espace-pro\/observatoire-du-tourisme\/etudes-et-enquetes\/enquete-bilan-quel-impact-a-la-crise-sanitaire-sur-le-tourisme-val-de-marnais\/\"]}]},{\"@type\":\"ImageObject\",\"inLanguage\":\"fr-FR\",\"@id\":\"https:\/\/www.tourisme-valdemarne.com\/espace-pro\/observatoire-du-tourisme\/etudes-et-enquetes\/enquete-bilan-quel-impact-a-la-crise-sanitaire-sur-le-tourisme-val-de-marnais\/#primaryimage\",\"url\":\"https:\/\/www.tourisme-valdemarne.com\/espace-pro\/wp-content\/uploads\/sites\/3\/2019\/05\/facade-chateau-grosbois-boissy-saint-leger-cp-cdt94-d-thierry.jpg\",\"contentUrl\":\"https:\/\/www.tourisme-valdemarne.com\/espace-pro\/wp-content\/uploads\/sites\/3\/2019\/05\/facade-chateau-grosbois-boissy-saint-leger-cp-cdt94-d-thierry.jpg\",\"width\":1600,\"height\":1072,\"caption\":\"Chateau de Grosbois \u00a9 CDT94\/D.Thierry\"},{\"@type\":\"BreadcrumbList\",\"@id\":\"https:\/\/www.tourisme-valdemarne.com\/espace-pro\/observatoire-du-tourisme\/etudes-et-enquetes\/enquete-bilan-quel-impact-a-la-crise-sanitaire-sur-le-tourisme-val-de-marnais\/#breadcrumb\",\"itemListElement\":[{\"@type\":\"ListItem\",\"position\":1,\"name\":\"Accueil\",\"item\":\"https:\/\/www.tourisme-valdemarne.com\/espace-pro\/\"},{\"@type\":\"ListItem\",\"position\":2,\"name\":\"Observatoire du tourisme\",\"item\":\"https:\/\/www.tourisme-valdemarne.com\/espace-pro\/observatoire-du-tourisme\/\"},{\"@type\":\"ListItem\",\"position\":3,\"name\":\"Etudes et enqu\u00eates\",\"item\":\"https:\/\/www.tourisme-valdemarne.com\/espace-pro\/observatoire-du-tourisme\/etudes-et-enquetes\/\"},{\"@type\":\"ListItem\",\"position\":4,\"name\":\"Enqu\u00eate-bilan : quel impact a la crise sanitaire sur le tourisme val-de-marnais ?\"}]},{\"@type\":\"WebSite\",\"@id\":\"https:\/\/www.tourisme-valdemarne.com\/espace-pro\/#website\",\"url\":\"https:\/\/www.tourisme-valdemarne.com\/espace-pro\/\",\"name\":\"Espace Pro\",\"description\":\"Informations et outils pour les professionnels et la Presse\",\"potentialAction\":[{\"@type\":\"SearchAction\",\"target\":{\"@type\":\"EntryPoint\",\"urlTemplate\":\"https:\/\/www.tourisme-valdemarne.com\/espace-pro\/?s={search_term_string}\"},\"query-input\":{\"@type\":\"PropertyValueSpecification\",\"valueRequired\":true,\"valueName\":\"search_term_string\"}}],\"inLanguage\":\"fr-FR\"}]}<\/script>\n<!-- \/ Yoast SEO plugin. -->","yoast_head_json":{"title":"Enqu\u00eate-bilan : quel impact a la crise sanitaire sur le tourisme val-de-marnais ? - Espace Pro","description":"Val-de-Marne Tourisme & Loisirs lance une grande vague d\u2019enqu\u00eates pour \u00e9valuer l\u2019impact de la crise du Covid-19 sur l\u2019activit\u00e9 en Val-de-Marne (94).","robots":{"index":"index","follow":"follow","max-snippet":"max-snippet:-1","max-image-preview":"max-image-preview:large","max-video-preview":"max-video-preview:-1"},"canonical":"https:\/\/www.tourisme-valdemarne.com\/espace-pro\/observatoire-du-tourisme\/etudes-et-enquetes\/enquete-bilan-quel-impact-a-la-crise-sanitaire-sur-le-tourisme-val-de-marnais\/","og_locale":"fr_FR","og_type":"article","og_title":"Enqu\u00eate-bilan : quel impact a la crise sanitaire sur le tourisme val-de-marnais ? - Espace Pro","og_description":"Val-de-Marne Tourisme & Loisirs lance une grande vague d\u2019enqu\u00eates pour \u00e9valuer l\u2019impact de la crise du Covid-19 sur l\u2019activit\u00e9 en Val-de-Marne (94).","og_url":"https:\/\/www.tourisme-valdemarne.com\/espace-pro\/observatoire-du-tourisme\/etudes-et-enquetes\/enquete-bilan-quel-impact-a-la-crise-sanitaire-sur-le-tourisme-val-de-marnais\/","og_site_name":"Espace Pro","article_modified_time":"2024-02-13T09:33:22+00:00","og_image":[{"width":1600,"height":1072,"url":"https:\/\/www.tourisme-valdemarne.com\/espace-pro\/wp-content\/uploads\/sites\/3\/2019\/05\/facade-chateau-grosbois-boissy-saint-leger-cp-cdt94-d-thierry.jpg","type":"image\/jpeg"}],"twitter_card":"summary_large_image","twitter_misc":{"Dur\u00e9e de lecture estim\u00e9e":"5 minutes"},"schema":{"@context":"https:\/\/schema.org","@graph":[{"@type":"WebPage","@id":"https:\/\/www.tourisme-valdemarne.com\/espace-pro\/observatoire-du-tourisme\/etudes-et-enquetes\/enquete-bilan-quel-impact-a-la-crise-sanitaire-sur-le-tourisme-val-de-marnais\/","url":"https:\/\/www.tourisme-valdemarne.com\/espace-pro\/observatoire-du-tourisme\/etudes-et-enquetes\/enquete-bilan-quel-impact-a-la-crise-sanitaire-sur-le-tourisme-val-de-marnais\/","name":"Enqu\u00eate-bilan : quel impact a la crise sanitaire sur le tourisme val-de-marnais ? - Espace Pro","isPartOf":{"@id":"https:\/\/www.tourisme-valdemarne.com\/espace-pro\/#website"},"primaryImageOfPage":{"@id":"https:\/\/www.tourisme-valdemarne.com\/espace-pro\/observatoire-du-tourisme\/etudes-et-enquetes\/enquete-bilan-quel-impact-a-la-crise-sanitaire-sur-le-tourisme-val-de-marnais\/#primaryimage"},"image":{"@id":"https:\/\/www.tourisme-valdemarne.com\/espace-pro\/observatoire-du-tourisme\/etudes-et-enquetes\/enquete-bilan-quel-impact-a-la-crise-sanitaire-sur-le-tourisme-val-de-marnais\/#primaryimage"},"thumbnailUrl":"https:\/\/www.tourisme-valdemarne.com\/espace-pro\/wp-content\/uploads\/sites\/3\/2019\/05\/facade-chateau-grosbois-boissy-saint-leger-cp-cdt94-d-thierry.jpg","datePublished":"2020-12-08T09:27:20+00:00","dateModified":"2024-02-13T09:33:22+00:00","description":"Val-de-Marne Tourisme & Loisirs lance une grande vague d\u2019enqu\u00eates pour \u00e9valuer l\u2019impact de la crise du Covid-19 sur l\u2019activit\u00e9 en Val-de-Marne (94).","breadcrumb":{"@id":"https:\/\/www.tourisme-valdemarne.com\/espace-pro\/observatoire-du-tourisme\/etudes-et-enquetes\/enquete-bilan-quel-impact-a-la-crise-sanitaire-sur-le-tourisme-val-de-marnais\/#breadcrumb"},"inLanguage":"fr-FR","potentialAction":[{"@type":"ReadAction","target":["https:\/\/www.tourisme-valdemarne.com\/espace-pro\/observatoire-du-tourisme\/etudes-et-enquetes\/enquete-bilan-quel-impact-a-la-crise-sanitaire-sur-le-tourisme-val-de-marnais\/"]}]},{"@type":"ImageObject","inLanguage":"fr-FR","@id":"https:\/\/www.tourisme-valdemarne.com\/espace-pro\/observatoire-du-tourisme\/etudes-et-enquetes\/enquete-bilan-quel-impact-a-la-crise-sanitaire-sur-le-tourisme-val-de-marnais\/#primaryimage","url":"https:\/\/www.tourisme-valdemarne.com\/espace-pro\/wp-content\/uploads\/sites\/3\/2019\/05\/facade-chateau-grosbois-boissy-saint-leger-cp-cdt94-d-thierry.jpg","contentUrl":"https:\/\/www.tourisme-valdemarne.com\/espace-pro\/wp-content\/uploads\/sites\/3\/2019\/05\/facade-chateau-grosbois-boissy-saint-leger-cp-cdt94-d-thierry.jpg","width":1600,"height":1072,"caption":"Chateau de Grosbois \u00a9 CDT94\/D.Thierry"},{"@type":"BreadcrumbList","@id":"https:\/\/www.tourisme-valdemarne.com\/espace-pro\/observatoire-du-tourisme\/etudes-et-enquetes\/enquete-bilan-quel-impact-a-la-crise-sanitaire-sur-le-tourisme-val-de-marnais\/#breadcrumb","itemListElement":[{"@type":"ListItem","position":1,"name":"Accueil","item":"https:\/\/www.tourisme-valdemarne.com\/espace-pro\/"},{"@type":"ListItem","position":2,"name":"Observatoire du tourisme","item":"https:\/\/www.tourisme-valdemarne.com\/espace-pro\/observatoire-du-tourisme\/"},{"@type":"ListItem","position":3,"name":"Etudes et enqu\u00eates","item":"https:\/\/www.tourisme-valdemarne.com\/espace-pro\/observatoire-du-tourisme\/etudes-et-enquetes\/"},{"@type":"ListItem","position":4,"name":"Enqu\u00eate-bilan : quel impact a la crise sanitaire sur le tourisme val-de-marnais ?"}]},{"@type":"WebSite","@id":"https:\/\/www.tourisme-valdemarne.com\/espace-pro\/#website","url":"https:\/\/www.tourisme-valdemarne.com\/espace-pro\/","name":"Espace Pro","description":"Informations et outils pour les professionnels et la Presse","potentialAction":[{"@type":"SearchAction","target":{"@type":"EntryPoint","urlTemplate":"https:\/\/www.tourisme-valdemarne.com\/espace-pro\/?s={search_term_string}"},"query-input":{"@type":"PropertyValueSpecification","valueRequired":true,"valueName":"search_term_string"}}],"inLanguage":"fr-FR"}]}},"_links":{"self":[{"href":"https:\/\/www.tourisme-valdemarne.com\/espace-pro\/wp-json\/wp\/v2\/pages\/8032","targetHints":{"allow":["GET"]}}],"collection":[{"href":"https:\/\/www.tourisme-valdemarne.com\/espace-pro\/wp-json\/wp\/v2\/pages"}],"about":[{"href":"https:\/\/www.tourisme-valdemarne.com\/espace-pro\/wp-json\/wp\/v2\/types\/page"}],"author":[{"embeddable":true,"href":"https:\/\/www.tourisme-valdemarne.com\/espace-pro\/wp-json\/wp\/v2\/users\/8"}],"replies":[{"embeddable":true,"href":"https:\/\/www.tourisme-valdemarne.com\/espace-pro\/wp-json\/wp\/v2\/comments?post=8032"}],"version-history":[{"count":10,"href":"https:\/\/www.tourisme-valdemarne.com\/espace-pro\/wp-json\/wp\/v2\/pages\/8032\/revisions"}],"predecessor-version":[{"id":26329,"href":"https:\/\/www.tourisme-valdemarne.com\/espace-pro\/wp-json\/wp\/v2\/pages\/8032\/revisions\/26329"}],"up":[{"embeddable":true,"href":"https:\/\/www.tourisme-valdemarne.com\/espace-pro\/wp-json\/wp\/v2\/pages\/136"}],"wp:featuredmedia":[{"embeddable":true,"href":"https:\/\/www.tourisme-valdemarne.com\/espace-pro\/wp-json\/wp\/v2\/media\/2852"}],"wp:attachment":[{"href":"https:\/\/www.tourisme-valdemarne.com\/espace-pro\/wp-json\/wp\/v2\/media?parent=8032"}],"wp:term":[{"taxonomy":"vdmTagMarketing","embeddable":true,"href":"https:\/\/www.tourisme-valdemarne.com\/espace-pro\/wp-json\/wp\/v2\/vdmTagMarketing?post=8032"}],"curies":[{"name":"wp","href":"https:\/\/api.w.org\/{rel}","templated":true}]}}